{"id":4455,"date":"2023-06-23T06:59:49","date_gmt":"2023-06-23T03:59:49","guid":{"rendered":"https:\/\/esemineu.ro\/product\/teracota-norbo-cremrustic-usa-fonta-in-cadru-din-otel-negru-picioare-din-fonta-8kw\/"},"modified":"2024-12-19T09:51:18","modified_gmt":"2024-12-19T07:51:18","slug":"rusztikus-krem-norbo-fozo-cserepkalyha-ontottvas-ajtoval-fekete-acel-keretbe-epitve-10kw","status":"publish","type":"product","link":"https:\/\/esemineu.ro\/hu\/termek\/rusztikus-krem-norbo-fozo-cserepkalyha-ontottvas-ajtoval-fekete-acel-keretbe-epitve-10kw\/","title":{"rendered":"Rusztikus Kr\u00e9m Norbo f\u0151z\u0151 cser\u00e9pk\u00e1lyha, \u00d6nt\u00f6ttvas ajt\u00f3val Fekete ac\u00e9l keretbe \u00e9p\u00edtve 10kW"},"content":{"rendered":"<p>Rusztikus Kr\u00e9m Norbo f\u0151z\u0151 cser\u00e9pk\u00e1lyha<\/p>\n<p>Norbo f\u0151z\u0151 cser\u00e9pk\u00e1lyha egy k\u00e9zm\u0171ves Erd\u00e9lyi cser\u00e9pk\u00e1lyha, amely hagyom\u00e1nyos elj\u00e1r\u00e1ssal kov\u00e1csoltvas keretre \u00e9p\u00edtett \u00fcvegezett ajt\u00f3val k\u00e9sz\u00fcl.<\/p>\n<p>A <strong>Rusztikus Kr\u00e9m Norbo f\u0151z\u0151 cser\u00e9pk\u00e1lyha<\/strong> nem csup\u00e1n egy egyszer\u0171 melegforr\u00e1s otthon\u00e1ba, hanem egy st\u00edlusos \u00e9s hat\u00e9kony berendez\u00e9s, amely hozz\u00e1ad az otthon meleg\u00e9hez \u00e9s var\u00e1zs\u00e1hoz. Az 10kW-os teljes\u00edtm\u00e9ny garant\u00e1lja, hogy m\u00e9g a legnagyobb terekben is kellemes h\u0151\u00e9rzetet biztos\u00edtson.<\/p>\n<p>Az \u00f6nt\u00f6ttvas ajt\u00f3 nem csup\u00e1n eszt\u00e9tikailag vonz\u00f3, hanem funkcionalit\u00e1s\u00e1t tekintve is kiv\u00e1l\u00f3. Az anyaga rendk\u00edv\u00fcli h\u0151tart\u00f3 k\u00e9pess\u00e9ggel rendelkezik, ami hozz\u00e1j\u00e1rul a k\u00e1lyha hat\u00e9konys\u00e1g\u00e1hoz. A <strong>fekete ac\u00e9l keret<\/strong> pedig nem csak a design-t emeli ki, hanem a k\u00e1lyha tart\u00f3ss\u00e1g\u00e1t is n\u00f6veli.<\/p>\n<p>A <strong>kr\u00e9msz\u00edn\u0171 kivitel<\/strong> lehet\u0151v\u00e9 teszi, hogy az eszk\u00f6z minden bels\u0151 t\u00e9rbe t\u00f6k\u00e9letesen illeszkedjen, legyen az modern, minimalista, vagy ak\u00e1r rusztikus st\u00edlus\u00fa otthon. A samottal belelt kialak\u00edt\u00e1s pedig garant\u00e1lja, hogy a k\u00e1lyha sok\u00e1ig meg\u0151rizze a meleg\u00e9t, \u00edgy \u00d6n kevesebbet k\u00f6lt f\u0171t\u00e9sre \u00e9s t\u00f6bb id\u0151t t\u00f6lthet el a meleg k\u00e1lyha el\u0151tt egy kellemes k\u00f6nyv vagy egy finom forr\u00f3 csoki t\u00e1rsas\u00e1g\u00e1ban.<\/p>\n<p>Az <strong>esemineu.ro<\/strong> \u00e1ltal k\u00edn\u00e1lt <strong>premium min\u0151s\u00e9g<\/strong> nem csup\u00e1n egy marketing fog\u00e1s. A v\u00e1llalat elk\u00f6telezett amellett, hogy v\u00e1s\u00e1rl\u00f3inak csak a legjobb min\u0151s\u00e9g\u0171 term\u00e9keket k\u00edn\u00e1lja. A v\u00e1laszt\u00e9k is leny\u0171g\u00f6z\u0151: t\u00f6bbf\u00e9le modell k\u00f6z\u00fcl v\u00e1laszthat, \u00edgy biztosan megtal\u00e1lja azt, ami az \u00d6n ig\u00e9nyeihez \u00e9s otthon\u00e1hoz a legmegfelel\u0151bb.<\/p>\n<p>A <strong>hordozhat\u00f3 kialak\u00edt\u00e1s<\/strong> pedig lehet\u0151v\u00e9 teszi, hogy a k\u00e1lyh\u00e1t k\u00f6nnyed\u00e9n elhelyezze b\u00e1rhol a h\u00e1z\u00e1ban vagy ak\u00e1r a teraszon is. Gondoljon csak bele: egy hideg t\u00e9li est\u00e9n a teraszon \u00fccs\u00f6r\u00f6gve, egy takar\u00f3 alatt, a hordozhat\u00f3 kr\u00e9m cser\u00e9pk\u00e1lyha meleg\u00e9ben &#8211; nincs is enn\u00e9l jobb.<\/p>\n<p>V\u00e9gezet\u00fcl, de nem utols\u00f3sorban, az \u00f6ntv\u00e9ny vasalat m\u00e9g strapab\u00edr\u00f3bb\u00e1 \u00e9s tart\u00f3sabb\u00e1 teszi a k\u00e1lyh\u00e1t. Ne v\u00e1rjon tov\u00e1bb, tegye otthon\u00e1t m\u00e9g melegebb\u00e9 \u00e9s st\u00edlusosabb\u00e1 a Rusztikus Kr\u00e9m Norbo f\u0151z\u0151 cser\u00e9pk\u00e1lyh\u00e1val!<\/p>\n<h4><strong>Vigy\u00e1zat! Ne \u00e9gessen!<\/strong><\/h4>\n<p><strong>H\u00e1ztart\u00e1si hullad\u00e9kot<\/strong>, ragasztott vagy <strong>festett faanyagot<\/strong>, faforg\u00e1cs vagy forg\u00e1cslap vagy m\u00e1s mesters\u00e9ges <strong>vegyi kever\u00e9ket<\/strong> tartalmaz\u00f3 hullad\u00e9kot. <strong>A t\u0171zhely kiz\u00e1r\u00f3lag f\u0171t\u00e9sre \u00e9s f\u0151z\u00e9sre haszn\u00e1lhat\u00f3, hullad\u00e9k \u00e9get\u00e9s\u00e9re nem alkalmas. Hullad\u00e9k \u00e9get\u00e9sekor a cser\u00e9pk\u00e1lyha f\u00fcstkivezet\u0151 ny\u00edl\u00e1sa elt\u00f6m\u0151dhet.\u00a0<\/strong><\/p>\n<p>Aj\u00e1nlott fokozatosan felf\u0171teni a cser\u00e9pk\u00e1lyh\u00e1t, c\u00e9lszer\u0171 az els\u0151 t\u0171zrak\u00e1sokn\u00e1l nem er\u0151s t\u00fczet gy\u00fajtani mivel nincs telyesen ki sz\u00e1radva. A <strong>f\u00fcstkivezet\u0151 k\u00e9m\u00e9ny<\/strong> (cs\u0151) <strong>hossz\u00e1nak legal\u00e1bb 5 m\u00e9ternek kell lennie \u00e9s min 130 cm vastagnak<\/strong>. L\u00e1sd a f\u00fcstkivezet\u0151 szerel\u00e9si \u00fatmutat\u00f3j\u00e1t a garancialev\u00e9l h\u00e1toldal\u00e1n.<\/p>\n<h3>Rusztikus Kr\u00e9m Norbo f\u0151z\u0151 cser\u00e9pk\u00e1lyha- Sz\u00e1ll\u00edt\u00e1s \u00e9s Garancia:<\/h3>\n<p>Az \u00d6n Rusztikus kr\u00e9m f\u0151z\u0151 cser\u00e9pk\u00e1lyh\u00e1j\u00e1t biztons\u00e1gosan \u00e9s hat\u00e9konyan sz\u00e1ll\u00edtjuk. A cser\u00e9pk\u00e1lyha raklapra van r\u00f6gz\u00edtve 16mm-es m\u0171anyag szalagokkal, hogy megakad\u00e1lyozzuk az esetleges lees\u00e9st a sz\u00e1ll\u00edt\u00e1s sor\u00e1n. A raklapon h\u00e1rom soros f\u00f3li\u00e1ba csomagoljuk, hogy v\u00e9delmet ny\u00fajtsunk a s\u00e9r\u00fcl\u00e9sek ellen. A cser\u00e9pk\u00e1lyha tov\u00e1bbi v\u00e9delme \u00e9rdek\u00e9ben l\u00e9gbubor\u00e9kos- \u00e9s sztreccsf\u00f3li\u00e1ba csomagoljuk.<\/p>\n<p><strong>Mell\u00e9kelt dokumentumok<\/strong>: Haszn\u00e1lati \u00fatmutat\u00f3, Megfelel\u0151s\u00e9gi Nyilatkozat \u00e9s Garancialevelet biztos\u00edtunk a cser\u00e9pk\u00e1lyh\u00e1hoz.<\/p>\n<h4>Sz\u00e1ll\u00edt\u00e1si hat\u00e1rid\u0151:<\/h4>\n<ul>\n<li>Rom\u00e1ni\u00e1ba 2-3 munkanap alatt sz\u00e1ll\u00edtjuk<\/li>\n<li>Magyarorsz\u00e1gra az \u00e1tutal\u00e1s ut\u00e1n 5 munkanapon bel\u00fcl \u00e9rkezik meg a cser\u00e9pk\u00e1lyha<\/li>\n<\/ul>\n<p>B\u00edzunk benne, hogy el\u00e9gedett lesz a f\u0151z\u0151 \u00e9s meleg\u00edt\u0151 cser\u00e9pk\u00e1lyh\u00e1val. Ha b\u00e1rmilyen k\u00e9rd\u00e9se van, k\u00e9rj\u00fck, l\u00e9pjen kapcsolatba vel\u00fcnk.<\/p>\n<p>M\u00e9g t\u00f6bb cser\u00e9pk\u00e1lyh\u00e1\u00e9rt kattintson a hordozhat\u00f3-csempek\u00e1lyh\u00e1k <a href=\"https:\/\/esemineu.ro\/hu\/termek-kategoria\/hordozhato-cserepkalyhak\/\">kategori\u00e1ra<\/a><\/p>\n<p>Tov\u00e1bbi inform\u00e1ci\u00f3\u00e9rt l\u00e1togasson el <a href=\"https:\/\/www.youtube.com\/@esemineuromania\">YouTube<\/a>-csatorn\u00e1nkra, valamint <a href=\"https:\/\/www.facebook.com\/eSemineu\">Facebook<\/a> \u00e9s <a href=\"https:\/\/www.instagram.com\/esemineu\/\">Instagram<\/a> oldalainkra.<\/p>\n<p><strong>A f\u0151z\u0151 cser\u00e9pk\u00e1lyh\u00e1t mat fekete vasalattal Magyarorsz\u00e1g \u00e9s az eg\u00e9sz Eur\u00f3pai Uni\u00f3 ter\u00fclet\u00e9n<\/strong> <strong>is sz\u00e1ll\u00edtjuk<\/strong>.<\/p>\n<p><a href=\"https:\/\/esemineu.ro\/\">eSemineu.ro<\/a>\u00a0 \u00a0Te adod a t\u0171zet mi adjuk a meleget!<\/p>\n","protected":false},"excerpt":{"rendered":"<p>Rusztikus Kr\u00e9m Norbo f\u0151z\u0151 cser\u00e9pk\u00e1lyha Norbo f\u0151z\u0151 cser\u00e9pk\u00e1lyha egy k\u00e9zm\u0171ves Erd\u00e9lyi cser\u00e9pk\u00e1lyha, amely hagyom\u00e1nyos elj\u00e1r\u00e1ssal kov\u00e1csoltvas keretre \u00e9p\u00edtett \u00fcvegezett ajt\u00f3val k\u00e9sz\u00fcl. A Rusztikus Kr\u00e9m Norbo f\u0151z\u0151 cser\u00e9pk\u00e1lyha nem csup\u00e1n egy egyszer\u0171 melegforr\u00e1s otthon\u00e1ba, hanem egy st\u00edlusos \u00e9s hat\u00e9kony berendez\u00e9s, amely hozz\u00e1ad az otthon meleg\u00e9hez \u00e9s var\u00e1zs\u00e1hoz. Az 10kW-os teljes\u00edtm\u00e9ny garant\u00e1lja, hogy m\u00e9g a legnagyobb terekben is kellemes h\u0151\u00e9rzetet biztos\u00edtson. Az \u00f6nt\u00f6ttvas ajt\u00f3 nem csup\u00e1n eszt\u00e9tikailag vonz\u00f3, hanem funkcionalit\u00e1s\u00e1t tekintve is kiv\u00e1l\u00f3. Az anyaga rendk\u00edv\u00fcli h\u0151tart\u00f3 k\u00e9pess\u00e9ggel rendelkezik, ami hozz\u00e1j\u00e1rul a k\u00e1lyha hat\u00e9konys\u00e1g\u00e1hoz. A fekete ac\u00e9l keret pedig nem csak a design-t emeli ki, hanem a k\u00e1lyha tart\u00f3ss\u00e1g\u00e1t is n\u00f6veli. A kr\u00e9msz\u00edn\u0171 kivitel lehet\u0151v\u00e9 teszi, hogy az eszk\u00f6z minden bels\u0151 t\u00e9rbe t\u00f6k\u00e9letesen illeszkedjen, legyen az modern, minimalista, vagy ak\u00e1r rusztikus st\u00edlus\u00fa otthon. A samottal belelt kialak\u00edt\u00e1s pedig garant\u00e1lja, hogy a k\u00e1lyha sok\u00e1ig meg\u0151rizze a meleg\u00e9t, \u00edgy \u00d6n kevesebbet k\u00f6lt f\u0171t\u00e9sre \u00e9s t\u00f6bb id\u0151t t\u00f6lthet el a meleg k\u00e1lyha el\u0151tt egy kellemes &hellip; <a href=\"https:\/\/esemineu.ro\/hu\/termek\/rusztikus-krem-norbo-fozo-cserepkalyha-ontottvas-ajtoval-fekete-acel-keretbe-epitve-10kw\/\">Folytatva<\/a><\/p>\n","protected":false},"featured_media":16885,"comment_status":"open","ping_status":"closed","template":"","meta":[],"product_brand":[],"product_cat":[1682,729],"product_tag":[],"class_list":{"0":"post-4455","1":"product","2":"type-product","3":"status-publish","4":"has-post-thumbnail","6":"product_cat-fozo","7":"product_cat-hordozhato-cserepkalyhak","8":"product_shipping_class-csempekalyhak","9":"pa_combustibil-brikett","10":"pa_combustibil-tuzifa","11":"pa_culoare-krem-bezs","12":"pa_diametru-racordului-la-cos-120-mm-hu","13":"pa_evacuare-fum-bal","14":"pa_evacuare-fum-jobb","15":"pa_material-kalyhacsempe","16":"pa_material-ontveny-fozolap","17":"pa_material-ontveny-labak-hu","18":"pa_model-asztal-tipusu-hu","19":"pa_putere-10-kw-hu","20":"pa_randament-94-hu","21":"pa_suprafata-incalzita-mp-55-60-hu","22":"producer-norbo","24":"first","25":"instock","26":"shipping-taxable","27":"purchasable","28":"product-type-variable"},"acf":[],"yoast_head":"<!-- This site is optimized with the Yoast SEO Premium plugin v21.0 (Yoast SEO v27.3) - https:\/\/yoast.com\/product\/yoast-seo-premium-wordpress\/ -->\n<title>Rusztikus Kr\u00e9m Norbo f\u0151z\u0151 cser\u00e9pk\u00e1lyha | Kr\u00e9m cser\u00e9pk\u00e1lyha<\/title>\n<meta name=\"description\" content=\"Rusztikus Kr\u00e9m Norbo f\u0151z\u0151 cser\u00e9pk\u00e1lyha - kr\u00e9msz\u00edn\u0171, \u00f6nt\u00f6ttvas ajt\u00f3val, premium cser\u00e9p k\u00e1lyha a t\u00f6k\u00e9letes melegs\u00e9g\u00e9rt. V\u00e1laszd az esemineu.ro min\u0151s\u00e9get!\" \/>\n<meta name=\"robots\" content=\"index, follow, max-snippet:-1, max-image-preview:large, max-video-preview:-1\" \/>\n<link rel=\"canonical\" href=\"https:\/\/esemineu.ro\/hu\/termek\/rusztikus-krem-norbo-fozo-cserepkalyha-ontottvas-ajtoval-fekete-acel-keretbe-epitve-10kw\/\" \/>\n<meta property=\"og:locale\" content=\"hu_HU\" \/>\n<meta property=\"og:type\" content=\"article\" \/>\n<meta property=\"og:title\" content=\"Rusztikus Kr\u00e9m Norbo f\u0151z\u0151 cser\u00e9pk\u00e1lyha | Kr\u00e9m cser\u00e9pk\u00e1lyha\" \/>\n<meta property=\"og:description\" content=\"Rusztikus Kr\u00e9m Norbo f\u0151z\u0151 cser\u00e9pk\u00e1lyha - kr\u00e9msz\u00edn\u0171, \u00f6nt\u00f6ttvas ajt\u00f3val, premium cser\u00e9p k\u00e1lyha a t\u00f6k\u00e9letes melegs\u00e9g\u00e9rt. V\u00e1laszd az esemineu.ro min\u0151s\u00e9get!\" \/>\n<meta property=\"og:url\" content=\"https:\/\/esemineu.ro\/hu\/termek\/rusztikus-krem-norbo-fozo-cserepkalyha-ontottvas-ajtoval-fekete-acel-keretbe-epitve-10kw\/\" \/>\n<meta property=\"og:site_name\" content=\"eSemineu\" \/>\n<meta property=\"article:publisher\" content=\"https:\/\/web.facebook.com\/eSemineu\" \/>\n<meta property=\"article:modified_time\" content=\"2024-12-19T07:51:18+00:00\" \/>\n<meta property=\"og:image\" content=\"https:\/\/esemineu.ro\/wp-content\/uploads\/2023\/06\/NORBO-FRONT.jpg\" \/>\n\t<meta property=\"og:image:width\" content=\"1000\" \/>\n\t<meta property=\"og:image:height\" content=\"1000\" \/>\n\t<meta property=\"og:image:type\" content=\"image\/jpeg\" \/>\n<meta name=\"twitter:card\" content=\"summary_large_image\" \/>\n<meta name=\"twitter:label1\" content=\"Becs\u00fclt olvas\u00e1si id\u0151\" \/>\n\t<meta name=\"twitter:data1\" content=\"4 perc\" \/>\n<script type=\"application\/ld+json\" class=\"yoast-schema-graph\">{\"@context\":\"https:\\\/\\\/schema.org\",\"@graph\":[{\"@type\":\"WebPage\",\"@id\":\"https:\\\/\\\/esemineu.ro\\\/hu\\\/termek\\\/rusztikus-krem-norbo-fozo-cserepkalyha-ontottvas-ajtoval-fekete-acel-keretbe-epitve-10kw\\\/\",\"url\":\"https:\\\/\\\/esemineu.ro\\\/hu\\\/termek\\\/rusztikus-krem-norbo-fozo-cserepkalyha-ontottvas-ajtoval-fekete-acel-keretbe-epitve-10kw\\\/\",\"name\":\"Rusztikus Kr\u00e9m Norbo f\u0151z\u0151 cser\u00e9pk\u00e1lyha | Kr\u00e9m cser\u00e9pk\u00e1lyha\",\"isPartOf\":{\"@id\":\"https:\\\/\\\/esemineu.ro\\\/hu\\\/#website\"},\"primaryImageOfPage\":{\"@id\":\"https:\\\/\\\/esemineu.ro\\\/hu\\\/termek\\\/rusztikus-krem-norbo-fozo-cserepkalyha-ontottvas-ajtoval-fekete-acel-keretbe-epitve-10kw\\\/#primaryimage\"},\"image\":{\"@id\":\"https:\\\/\\\/esemineu.ro\\\/hu\\\/termek\\\/rusztikus-krem-norbo-fozo-cserepkalyha-ontottvas-ajtoval-fekete-acel-keretbe-epitve-10kw\\\/#primaryimage\"},\"thumbnailUrl\":\"https:\\\/\\\/esemineu.ro\\\/wp-content\\\/uploads\\\/2023\\\/06\\\/NORBO-FRONT.jpg\",\"datePublished\":\"2023-06-23T03:59:49+00:00\",\"dateModified\":\"2024-12-19T07:51:18+00:00\",\"description\":\"Rusztikus Kr\u00e9m Norbo f\u0151z\u0151 cser\u00e9pk\u00e1lyha - kr\u00e9msz\u00edn\u0171, \u00f6nt\u00f6ttvas ajt\u00f3val, premium cser\u00e9p k\u00e1lyha a t\u00f6k\u00e9letes melegs\u00e9g\u00e9rt. V\u00e1laszd az esemineu.ro min\u0151s\u00e9get!\",\"breadcrumb\":{\"@id\":\"https:\\\/\\\/esemineu.ro\\\/hu\\\/termek\\\/rusztikus-krem-norbo-fozo-cserepkalyha-ontottvas-ajtoval-fekete-acel-keretbe-epitve-10kw\\\/#breadcrumb\"},\"inLanguage\":\"hu\",\"potentialAction\":[{\"@type\":\"ReadAction\",\"target\":[\"https:\\\/\\\/esemineu.ro\\\/hu\\\/termek\\\/rusztikus-krem-norbo-fozo-cserepkalyha-ontottvas-ajtoval-fekete-acel-keretbe-epitve-10kw\\\/\"]}]},{\"@type\":\"ImageObject\",\"inLanguage\":\"hu\",\"@id\":\"https:\\\/\\\/esemineu.ro\\\/hu\\\/termek\\\/rusztikus-krem-norbo-fozo-cserepkalyha-ontottvas-ajtoval-fekete-acel-keretbe-epitve-10kw\\\/#primaryimage\",\"url\":\"https:\\\/\\\/esemineu.ro\\\/wp-content\\\/uploads\\\/2023\\\/06\\\/NORBO-FRONT.jpg\",\"contentUrl\":\"https:\\\/\\\/esemineu.ro\\\/wp-content\\\/uploads\\\/2023\\\/06\\\/NORBO-FRONT.jpg\",\"width\":1000,\"height\":1000,\"caption\":\"Rusztikus Kr\u00e9m Norbo f\u0151z\u0151 cser\u00e9pk\u00e1lyha\"},{\"@type\":\"BreadcrumbList\",\"@id\":\"https:\\\/\\\/esemineu.ro\\\/hu\\\/termek\\\/rusztikus-krem-norbo-fozo-cserepkalyha-ontottvas-ajtoval-fekete-acel-keretbe-epitve-10kw\\\/#breadcrumb\",\"itemListElement\":[{\"@type\":\"ListItem\",\"position\":1,\"name\":\"Kezd\u0151lap\",\"item\":\"https:\\\/\\\/esemineu.ro\\\/hu\\\/\"},{\"@type\":\"ListItem\",\"position\":2,\"name\":\"\u00c1ruh\u00e1z\",\"item\":\"https:\\\/\\\/esemineu.ro\\\/hu\\\/aruhaz\\\/\"},{\"@type\":\"ListItem\",\"position\":3,\"name\":\"Rusztikus Kr\u00e9m Norbo f\u0151z\u0151 cser\u00e9pk\u00e1lyha, \u00d6nt\u00f6ttvas ajt\u00f3val Fekete ac\u00e9l keretbe \u00e9p\u00edtve 10kW\"}]},{\"@type\":\"WebSite\",\"@id\":\"https:\\\/\\\/esemineu.ro\\\/hu\\\/#website\",\"url\":\"https:\\\/\\\/esemineu.ro\\\/hu\\\/\",\"name\":\"eSemineu\",\"description\":\"\u0218eminee de cea mai \u00eenalt\u0103 calitate\",\"potentialAction\":[{\"@type\":\"SearchAction\",\"target\":{\"@type\":\"EntryPoint\",\"urlTemplate\":\"https:\\\/\\\/esemineu.ro\\\/hu\\\/?s={search_term_string}\"},\"query-input\":{\"@type\":\"PropertyValueSpecification\",\"valueRequired\":true,\"valueName\":\"search_term_string\"}}],\"inLanguage\":\"hu\"}]}<\/script>\n<!-- \/ Yoast SEO Premium plugin. -->","yoast_head_json":{"title":"Rusztikus Kr\u00e9m Norbo f\u0151z\u0151 cser\u00e9pk\u00e1lyha | Kr\u00e9m cser\u00e9pk\u00e1lyha","description":"Rusztikus Kr\u00e9m Norbo f\u0151z\u0151 cser\u00e9pk\u00e1lyha - kr\u00e9msz\u00edn\u0171, \u00f6nt\u00f6ttvas ajt\u00f3val, premium cser\u00e9p k\u00e1lyha a t\u00f6k\u00e9letes melegs\u00e9g\u00e9rt. V\u00e1laszd az esemineu.ro min\u0151s\u00e9get!","robots":{"index":"index","follow":"follow","max-snippet":"max-snippet:-1","max-image-preview":"max-image-preview:large","max-video-preview":"max-video-preview:-1"},"canonical":"https:\/\/esemineu.ro\/hu\/termek\/rusztikus-krem-norbo-fozo-cserepkalyha-ontottvas-ajtoval-fekete-acel-keretbe-epitve-10kw\/","og_locale":"hu_HU","og_type":"article","og_title":"Rusztikus Kr\u00e9m Norbo f\u0151z\u0151 cser\u00e9pk\u00e1lyha | Kr\u00e9m cser\u00e9pk\u00e1lyha","og_description":"Rusztikus Kr\u00e9m Norbo f\u0151z\u0151 cser\u00e9pk\u00e1lyha - kr\u00e9msz\u00edn\u0171, \u00f6nt\u00f6ttvas ajt\u00f3val, premium cser\u00e9p k\u00e1lyha a t\u00f6k\u00e9letes melegs\u00e9g\u00e9rt. V\u00e1laszd az esemineu.ro min\u0151s\u00e9get!","og_url":"https:\/\/esemineu.ro\/hu\/termek\/rusztikus-krem-norbo-fozo-cserepkalyha-ontottvas-ajtoval-fekete-acel-keretbe-epitve-10kw\/","og_site_name":"eSemineu","article_publisher":"https:\/\/web.facebook.com\/eSemineu","article_modified_time":"2024-12-19T07:51:18+00:00","og_image":[{"width":1000,"height":1000,"url":"https:\/\/esemineu.ro\/wp-content\/uploads\/2023\/06\/NORBO-FRONT.jpg","type":"image\/jpeg"}],"twitter_card":"summary_large_image","twitter_misc":{"Becs\u00fclt olvas\u00e1si id\u0151":"4 perc"},"schema":{"@context":"https:\/\/schema.org","@graph":[{"@type":"WebPage","@id":"https:\/\/esemineu.ro\/hu\/termek\/rusztikus-krem-norbo-fozo-cserepkalyha-ontottvas-ajtoval-fekete-acel-keretbe-epitve-10kw\/","url":"https:\/\/esemineu.ro\/hu\/termek\/rusztikus-krem-norbo-fozo-cserepkalyha-ontottvas-ajtoval-fekete-acel-keretbe-epitve-10kw\/","name":"Rusztikus Kr\u00e9m Norbo f\u0151z\u0151 cser\u00e9pk\u00e1lyha | Kr\u00e9m cser\u00e9pk\u00e1lyha","isPartOf":{"@id":"https:\/\/esemineu.ro\/hu\/#website"},"primaryImageOfPage":{"@id":"https:\/\/esemineu.ro\/hu\/termek\/rusztikus-krem-norbo-fozo-cserepkalyha-ontottvas-ajtoval-fekete-acel-keretbe-epitve-10kw\/#primaryimage"},"image":{"@id":"https:\/\/esemineu.ro\/hu\/termek\/rusztikus-krem-norbo-fozo-cserepkalyha-ontottvas-ajtoval-fekete-acel-keretbe-epitve-10kw\/#primaryimage"},"thumbnailUrl":"https:\/\/esemineu.ro\/wp-content\/uploads\/2023\/06\/NORBO-FRONT.jpg","datePublished":"2023-06-23T03:59:49+00:00","dateModified":"2024-12-19T07:51:18+00:00","description":"Rusztikus Kr\u00e9m Norbo f\u0151z\u0151 cser\u00e9pk\u00e1lyha - kr\u00e9msz\u00edn\u0171, \u00f6nt\u00f6ttvas ajt\u00f3val, premium cser\u00e9p k\u00e1lyha a t\u00f6k\u00e9letes melegs\u00e9g\u00e9rt. V\u00e1laszd az esemineu.ro min\u0151s\u00e9get!","breadcrumb":{"@id":"https:\/\/esemineu.ro\/hu\/termek\/rusztikus-krem-norbo-fozo-cserepkalyha-ontottvas-ajtoval-fekete-acel-keretbe-epitve-10kw\/#breadcrumb"},"inLanguage":"hu","potentialAction":[{"@type":"ReadAction","target":["https:\/\/esemineu.ro\/hu\/termek\/rusztikus-krem-norbo-fozo-cserepkalyha-ontottvas-ajtoval-fekete-acel-keretbe-epitve-10kw\/"]}]},{"@type":"ImageObject","inLanguage":"hu","@id":"https:\/\/esemineu.ro\/hu\/termek\/rusztikus-krem-norbo-fozo-cserepkalyha-ontottvas-ajtoval-fekete-acel-keretbe-epitve-10kw\/#primaryimage","url":"https:\/\/esemineu.ro\/wp-content\/uploads\/2023\/06\/NORBO-FRONT.jpg","contentUrl":"https:\/\/esemineu.ro\/wp-content\/uploads\/2023\/06\/NORBO-FRONT.jpg","width":1000,"height":1000,"caption":"Rusztikus Kr\u00e9m Norbo f\u0151z\u0151 cser\u00e9pk\u00e1lyha"},{"@type":"BreadcrumbList","@id":"https:\/\/esemineu.ro\/hu\/termek\/rusztikus-krem-norbo-fozo-cserepkalyha-ontottvas-ajtoval-fekete-acel-keretbe-epitve-10kw\/#breadcrumb","itemListElement":[{"@type":"ListItem","position":1,"name":"Kezd\u0151lap","item":"https:\/\/esemineu.ro\/hu\/"},{"@type":"ListItem","position":2,"name":"\u00c1ruh\u00e1z","item":"https:\/\/esemineu.ro\/hu\/aruhaz\/"},{"@type":"ListItem","position":3,"name":"Rusztikus Kr\u00e9m Norbo f\u0151z\u0151 cser\u00e9pk\u00e1lyha, \u00d6nt\u00f6ttvas ajt\u00f3val Fekete ac\u00e9l keretbe \u00e9p\u00edtve 10kW"}]},{"@type":"WebSite","@id":"https:\/\/esemineu.ro\/hu\/#website","url":"https:\/\/esemineu.ro\/hu\/","name":"eSemineu","description":"\u0218eminee de cea mai \u00eenalt\u0103 calitate","potentialAction":[{"@type":"SearchAction","target":{"@type":"EntryPoint","urlTemplate":"https:\/\/esemineu.ro\/hu\/?s={search_term_string}"},"query-input":{"@type":"PropertyValueSpecification","valueRequired":true,"valueName":"search_term_string"}}],"inLanguage":"hu"}]}},"_links":{"self":[{"href":"https:\/\/esemineu.ro\/hu\/wp-json\/wp\/v2\/product\/4455","targetHints":{"allow":["GET"]}}],"collection":[{"href":"https:\/\/esemineu.ro\/hu\/wp-json\/wp\/v2\/product"}],"about":[{"href":"https:\/\/esemineu.ro\/hu\/wp-json\/wp\/v2\/types\/product"}],"replies":[{"embeddable":true,"href":"https:\/\/esemineu.ro\/hu\/wp-json\/wp\/v2\/comments?post=4455"}],"wp:featuredmedia":[{"embeddable":true,"href":"https:\/\/esemineu.ro\/hu\/wp-json\/wp\/v2\/media\/16885"}],"wp:attachment":[{"href":"https:\/\/esemineu.ro\/hu\/wp-json\/wp\/v2\/media?parent=4455"}],"wp:term":[{"taxonomy":"product_brand","embeddable":true,"href":"https:\/\/esemineu.ro\/hu\/wp-json\/wp\/v2\/product_brand?post=4455"},{"taxonomy":"product_cat","embeddable":true,"href":"https:\/\/esemineu.ro\/hu\/wp-json\/wp\/v2\/product_cat?post=4455"},{"taxonomy":"product_tag","embeddable":true,"href":"https:\/\/esemineu.ro\/hu\/wp-json\/wp\/v2\/product_tag?post=4455"}],"curies":[{"name":"wp","href":"https:\/\/api.w.org\/{rel}","templated":true}]}}