{"id":4447,"date":"2023-08-11T07:51:02","date_gmt":"2023-08-11T04:51:02","guid":{"rendered":"https:\/\/esemineu.ro\/product\/soba-teracota-gri-bizantin-6r-soba-de-teracota-pe-lemne-6-randuri-10kw\/"},"modified":"2023-10-17T23:44:06","modified_gmt":"2023-10-17T20:44:06","slug":"bizanci-szurke-cserepkalyha-6-soros-10kw","status":"publish","type":"product","link":"https:\/\/esemineu.ro\/hu\/termek\/bizanci-szurke-cserepkalyha-6-soros-10kw\/","title":{"rendered":"Biz\u00e1nci sz\u00fcrke Cser\u00e9pk\u00e1lyha 6 soros, 10kW"},"content":{"rendered":"<p>Biz\u00e1nci sz\u00fcrke Cser\u00e9pk\u00e1lyha 6 soros<\/p>\n<p>A <strong>Biz\u00e1nci sz\u00fcrke Cser\u00e9pk\u00e1lyha<\/strong>, amelyet az <strong>esemineu.ro<\/strong> k\u00edn\u00e1l, nem csak a melegs\u00e9g \u00e9s a komfort forr\u00e1sa otthon\u00e1ban, hanem egy val\u00f3di d\u00edsz\u00edt\u0151 elem, amely eszt\u00e9tikai \u00e9rt\u00e9kkel b\u0151v\u00edti az otthona bels\u0151 ter\u00e9t.<\/p>\n<p>A <strong>sz\u00fcrke cserepk\u00e1lyha<\/strong> hat sorban rendezett teracott\u00e1val rendelkezik, ami nem csak a k\u00e1lyha hat\u00e9konys\u00e1g\u00e1t n\u00f6veli, hanem kifinomult megjelen\u00e9st is k\u00f6lcs\u00f6n\u00f6z neki. Az eleg\u00e1ns <strong>6 soros fa t\u00fczel\u00e9s\u0171 kialak\u00edt\u00e1s<\/strong> lehet\u0151v\u00e9 teszi a tart\u00f3s, megb\u00edzhat\u00f3 \u00e9s egyenletes h\u0151lead\u00e1st a helyis\u00e9g minden pontj\u00e1ra. Ezen t\u00falmen\u0151en az \u00e1tgondolt tervez\u00e9s garant\u00e1lja, hogy a k\u00e1lyha h\u0151kibocs\u00e1t\u00e1sa optim\u00e1lis legyen, \u00edgy nem csak kellemes melegs\u00e9get teremt, hanem energiatakar\u00e9kos is.<\/p>\n<p>A <strong>hordozhat\u00f3 cserepk\u00e1lyha<\/strong> rugalmass\u00e1ga k\u00fcl\u00f6n\u00f6sen el\u0151ny\u00f6s, lehet\u0151v\u00e9 t\u00e9ve a lak\u00e1s b\u00e1rmely pontj\u00e1ra t\u00f6rt\u00e9n\u0151 k\u00f6nny\u0171 mozgat\u00e1st. \u00cdgy b\u00e1rmikor megv\u00e1ltoztathatja a k\u00e1lyha poz\u00edci\u00f3j\u00e1t a szob\u00e1ban az \u00d6n sz\u00e1m\u00e1ra legmegfelel\u0151bb helyre. Az eleg\u00e1ns <strong>ho\u00e1ll\u00f3 \u00fcveg ajt\u00f3<\/strong> biztons\u00e1gos megfigyel\u00e9st tesz lehet\u0151v\u00e9 a lobban\u00f3 l\u00e1ngokr\u00f3l, melyek hangulatos atmoszf\u00e9r\u00e1t teremtenek.<\/p>\n<p>A k\u00e1lyha tetej\u00e9n tal\u00e1lhat\u00f3 <strong>m\u00e1rv\u00e1nylap<\/strong> kett\u0151s funkci\u00f3t t\u00f6lt be. Eszt\u00e9tikailag tov\u00e1bb emeli a k\u00e1lyha kifinomult megjelen\u00e9s\u00e9t, mik\u00f6zben praktikus fel\u00fcletk\u00e9nt is szolg\u00e1l p\u00e9ld\u00e1ul k\u00e1v\u00e9scs\u00e9sz\u00e9k vagy meleg italok elhelyez\u00e9s\u00e9re. A k\u00e1lyha <strong>120 mm-es f\u00fcstelvezet\u00e9se<\/strong> hat\u00e9konyan vezeti el a f\u00fcst\u00f6t, biztos\u00edtva a helyis\u00e9g friss \u00e9s tiszta leveg\u0151j\u00e9t.<\/p>\n<p>Az <strong>esemineu.ro<\/strong> \u00e1ltal k\u00edn\u00e1lt <strong>Biz\u00e1nci sz\u00fcrke Cser\u00e9pk\u00e1lyha<\/strong> kiv\u00e1l\u00f3 min\u0151s\u00e9g\u0171 anyagokb\u00f3l k\u00e9sz\u00fcl, \u00edgy garant\u00e1lt a hossz\u00fa \u00e9lettartam \u00e9s a tart\u00f3ss\u00e1g. A k\u00e1lyha szil\u00e1rds\u00e1g\u00e1t az er\u0151s <strong>ac\u00e9l keret<\/strong> \u00e9s a massz\u00edv <strong>ontottvas l\u00e1bak<\/strong> biztos\u00edtj\u00e1k. A be\u00e9p\u00edtett <strong>fa t\u00e1rol\u00f3<\/strong> praktikus helyet k\u00edn\u00e1l a t\u0171zif\u00e1nak, m\u00edg a <strong>szilika bevonat<\/strong> a h\u0151tart\u00e1s \u00e9s az energiahat\u00e9konys\u00e1g \u00e9rdek\u00e9ben n\u00f6veli a k\u00e1lyha hat\u00e9konys\u00e1g\u00e1t.<\/p>\n<p>V\u00e1lassza ezt a min\u0151s\u00e9gi, <strong>esemineu.ro<\/strong> \u00e1ltal k\u00edn\u00e1lt <strong>Biz\u00e1nci sz\u00fcrke Cser\u00e9pk\u00e1lyh\u00e1t<\/strong>, \u00e9s tapasztalja meg a t\u00f6k\u00e9letes h\u0151\u00e9rzet \u00e9s az eszt\u00e9tikai kifinomults\u00e1g kombin\u00e1ci\u00f3j\u00e1t!<\/p>\n<p><strong>Figyelem, ne \u00e9gessen h\u00e1ztart\u00e1si hullad\u00e9kot a cser\u00e9pk\u00e1lyh\u00e1ban! A cser\u00e9pk\u00e1lyha egy f\u0151z\u00e9sre \u00e9s f\u0171t\u00e9sre alkalmas term\u00e9k. Hullad\u00e9k \u00e9get\u00e9s\u00e9re nem alkalmas, elt\u00f6m\u0151dhet a f\u00fcstj\u00e1rat.<\/strong><\/p>\n<h4>Biz\u00e1nci sz\u00fcrke Cser\u00e9pk\u00e1lyha 6 soros sz\u00e1l\u00edtt\u00e1sa:<\/h4>\n<ul>\n<li><strong>Magyarorsz\u00e1g \u00e9s az eg\u00e9sz Eur\u00f3pai Uni\u00f3 ter\u00fclet\u00e9n<\/strong>\u00a0is sz\u00e1ll\u00edtjuk.<\/li>\n<li>Rom\u00e1ni\u00e1ba 2-3 munkanap alatt sz\u00e1ll\u00edtjuk<\/li>\n<li>Magyarorsz\u00e1gra \u00e9s az EU ter\u00fclet\u00e9re az \u00e1tutal\u00e1s ut\u00e1n 5 munkanapon bel\u00fcl \u00e9rkezik meg a term\u00e9k.<\/li>\n<\/ul>\n<p>Ha b\u00e1rmilyen k\u00e9rd\u00e9se van, k\u00e9rj\u00fck, l\u00e9pjen kapcsolatba vel\u00fcnk.<\/p>\n<p>Tov\u00e1bbi aj\u00e1nlatok\u00e9rt kattintson\u00a0<a href=\"https:\/\/esemineu.ro\/hu\/termek-kategoria\/hordozhato-cserepkalyhak\/\">ide<\/a><\/p>\n<p>T\u0151bb inform\u00e1ci\u00f3\u00e9rt l\u00e1togasson el\u00a0<a href=\"https:\/\/www.youtube.com\/@esemineuromania\">YouTube<\/a>-csatorn\u00e1nkra, valamint\u00a0<a href=\"https:\/\/www.facebook.com\/eSemineu\">Facebook<\/a>\u00a0\u00e9s\u00a0<a href=\"https:\/\/www.instagram.com\/esemineu\/\">Instagram<\/a>\u00a0oldalainkra.<\/p>\n<p><a href=\"https:\/\/esemineu.ro\/\">eSemineu.ro<\/a>\u00a0 \u00a0Te rakod a t\u0171zet mi adjuk a meleget!<\/p>\n","protected":false},"excerpt":{"rendered":"<p>Biz\u00e1nci sz\u00fcrke Cser\u00e9pk\u00e1lyha 6 soros A Biz\u00e1nci sz\u00fcrke Cser\u00e9pk\u00e1lyha, amelyet az esemineu.ro k\u00edn\u00e1l, nem csak a melegs\u00e9g \u00e9s a komfort forr\u00e1sa otthon\u00e1ban, hanem egy val\u00f3di d\u00edsz\u00edt\u0151 elem, amely eszt\u00e9tikai \u00e9rt\u00e9kkel b\u0151v\u00edti az otthona bels\u0151 ter\u00e9t. A sz\u00fcrke cserepk\u00e1lyha hat sorban rendezett teracott\u00e1val rendelkezik, ami nem csak a k\u00e1lyha hat\u00e9konys\u00e1g\u00e1t n\u00f6veli, hanem kifinomult megjelen\u00e9st is k\u00f6lcs\u00f6n\u00f6z neki. Az eleg\u00e1ns 6 soros fa t\u00fczel\u00e9s\u0171 kialak\u00edt\u00e1s lehet\u0151v\u00e9 teszi a tart\u00f3s, megb\u00edzhat\u00f3 \u00e9s egyenletes h\u0151lead\u00e1st a helyis\u00e9g minden pontj\u00e1ra. Ezen t\u00falmen\u0151en az \u00e1tgondolt tervez\u00e9s garant\u00e1lja, hogy a k\u00e1lyha h\u0151kibocs\u00e1t\u00e1sa optim\u00e1lis legyen, \u00edgy nem csak kellemes melegs\u00e9get teremt, hanem energiatakar\u00e9kos is. A hordozhat\u00f3 cserepk\u00e1lyha rugalmass\u00e1ga k\u00fcl\u00f6n\u00f6sen el\u0151ny\u00f6s, lehet\u0151v\u00e9 t\u00e9ve a lak\u00e1s b\u00e1rmely pontj\u00e1ra t\u00f6rt\u00e9n\u0151 k\u00f6nny\u0171 mozgat\u00e1st. \u00cdgy b\u00e1rmikor megv\u00e1ltoztathatja a k\u00e1lyha poz\u00edci\u00f3j\u00e1t a szob\u00e1ban az \u00d6n sz\u00e1m\u00e1ra legmegfelel\u0151bb helyre. Az eleg\u00e1ns ho\u00e1ll\u00f3 \u00fcveg ajt\u00f3 biztons\u00e1gos megfigyel\u00e9st tesz lehet\u0151v\u00e9 a lobban\u00f3 l\u00e1ngokr\u00f3l, melyek hangulatos atmoszf\u00e9r\u00e1t teremtenek. A k\u00e1lyha tetej\u00e9n tal\u00e1lhat\u00f3 m\u00e1rv\u00e1nylap kett\u0151s funkci\u00f3t t\u00f6lt be. Eszt\u00e9tikailag &hellip; <a href=\"https:\/\/esemineu.ro\/hu\/termek\/bizanci-szurke-cserepkalyha-6-soros-10kw\/\">Folytatva<\/a><\/p>\n","protected":false},"featured_media":17504,"comment_status":"open","ping_status":"closed","template":"","meta":[],"product_brand":[695],"product_cat":[729,1680],"product_tag":[],"class_list":{"0":"post-4447","1":"product","2":"type-product","3":"status-publish","4":"has-post-thumbnail","6":"product_brand-esemineu","7":"product_cat-hordozhato-cserepkalyhak","8":"product_cat-melegito","9":"product_shipping_class-csempekalyhak","10":"pa_combustibil-utilizat-brikett","11":"pa_combustibil-utilizat-fa","12":"pa_culoare-gri-hu","13":"pa_diametru-racordului-la-cos-120-mm-hu","14":"pa_material-teracota-hu","15":"pa_material-ontotvas-ajto-hoallo-uveggel","16":"pa_material-ontveny-labak","17":"pa_model-6-soros-melegito-hu","18":"pa_putere-10-kw-hu","19":"pa_randament-80-hu","20":"producer-soberom","22":"first","23":"outofstock","24":"shipping-taxable","25":"purchasable","26":"product-type-simple"},"acf":[],"yoast_head":"<!-- This site is optimized with the Yoast SEO Premium plugin v21.0 (Yoast SEO v27.3) - https:\/\/yoast.com\/product\/yoast-seo-premium-wordpress\/ -->\n<title>Biz\u00e1nci sz\u00fcrke Cser\u00e9pk\u00e1lyha 6 soros | Hordozhat\u00f3 cser\u00e9p k\u00e1lyha<\/title>\n<meta name=\"description\" content=\"Biz\u00e1nci sz\u00fcrke Cser\u00e9pk\u00e1lyha 6 soros - Fat\u00fczel\u00e9s\u0171 cser\u00e9p k\u00e1lyha. Kiv\u00e1l\u00f3 h\u0151lead\u00e1s \u00e9s st\u00edlus egyben. Marv\u00e1nnyal \u00e9s h\u0151\u00e1ll\u00f3 \u00fcveg ajt\u00f3val, az esemineu.ro-n!\" \/>\n<meta name=\"robots\" content=\"index, follow, max-snippet:-1, max-image-preview:large, max-video-preview:-1\" \/>\n<link rel=\"canonical\" href=\"https:\/\/esemineu.ro\/hu\/termek\/bizanci-szurke-cserepkalyha-6-soros-10kw\/\" \/>\n<meta property=\"og:locale\" content=\"hu_HU\" \/>\n<meta property=\"og:type\" content=\"article\" \/>\n<meta property=\"og:title\" content=\"Biz\u00e1nci sz\u00fcrke Cser\u00e9pk\u00e1lyha 6 soros | Hordozhat\u00f3 cser\u00e9p k\u00e1lyha\" \/>\n<meta property=\"og:description\" content=\"Biz\u00e1nci sz\u00fcrke Cser\u00e9pk\u00e1lyha 6 soros - Fat\u00fczel\u00e9s\u0171 cser\u00e9p k\u00e1lyha. Kiv\u00e1l\u00f3 h\u0151lead\u00e1s \u00e9s st\u00edlus egyben. Marv\u00e1nnyal \u00e9s h\u0151\u00e1ll\u00f3 \u00fcveg ajt\u00f3val, az esemineu.ro-n!\" \/>\n<meta property=\"og:url\" content=\"https:\/\/esemineu.ro\/hu\/termek\/bizanci-szurke-cserepkalyha-6-soros-10kw\/\" \/>\n<meta property=\"og:site_name\" content=\"eSemineu\" \/>\n<meta property=\"article:publisher\" content=\"https:\/\/web.facebook.com\/eSemineu\" \/>\n<meta property=\"article:modified_time\" content=\"2023-10-17T20:44:06+00:00\" \/>\n<meta property=\"og:image\" content=\"https:\/\/esemineu.ro\/wp-content\/uploads\/2023\/08\/6R-GRI-BIZANTIN-FRONT-FR.jpg\" \/>\n\t<meta property=\"og:image:width\" content=\"1000\" \/>\n\t<meta property=\"og:image:height\" content=\"1000\" \/>\n\t<meta property=\"og:image:type\" content=\"image\/jpeg\" \/>\n<meta name=\"twitter:card\" content=\"summary_large_image\" \/>\n<meta name=\"twitter:label1\" content=\"Becs\u00fclt olvas\u00e1si id\u0151\" \/>\n\t<meta name=\"twitter:data1\" content=\"3 perc\" \/>\n<script type=\"application\/ld+json\" class=\"yoast-schema-graph\">{\"@context\":\"https:\\\/\\\/schema.org\",\"@graph\":[{\"@type\":\"WebPage\",\"@id\":\"https:\\\/\\\/esemineu.ro\\\/hu\\\/termek\\\/bizanci-szurke-cserepkalyha-6-soros-10kw\\\/\",\"url\":\"https:\\\/\\\/esemineu.ro\\\/hu\\\/termek\\\/bizanci-szurke-cserepkalyha-6-soros-10kw\\\/\",\"name\":\"Biz\u00e1nci sz\u00fcrke Cser\u00e9pk\u00e1lyha 6 soros | Hordozhat\u00f3 cser\u00e9p k\u00e1lyha\",\"isPartOf\":{\"@id\":\"https:\\\/\\\/esemineu.ro\\\/hu\\\/#website\"},\"primaryImageOfPage\":{\"@id\":\"https:\\\/\\\/esemineu.ro\\\/hu\\\/termek\\\/bizanci-szurke-cserepkalyha-6-soros-10kw\\\/#primaryimage\"},\"image\":{\"@id\":\"https:\\\/\\\/esemineu.ro\\\/hu\\\/termek\\\/bizanci-szurke-cserepkalyha-6-soros-10kw\\\/#primaryimage\"},\"thumbnailUrl\":\"https:\\\/\\\/esemineu.ro\\\/wp-content\\\/uploads\\\/2023\\\/08\\\/6R-GRI-BIZANTIN-FRONT-FR.jpg\",\"datePublished\":\"2023-08-11T04:51:02+00:00\",\"dateModified\":\"2023-10-17T20:44:06+00:00\",\"description\":\"Biz\u00e1nci sz\u00fcrke Cser\u00e9pk\u00e1lyha 6 soros - Fat\u00fczel\u00e9s\u0171 cser\u00e9p k\u00e1lyha. Kiv\u00e1l\u00f3 h\u0151lead\u00e1s \u00e9s st\u00edlus egyben. Marv\u00e1nnyal \u00e9s h\u0151\u00e1ll\u00f3 \u00fcveg ajt\u00f3val, az esemineu.ro-n!\",\"breadcrumb\":{\"@id\":\"https:\\\/\\\/esemineu.ro\\\/hu\\\/termek\\\/bizanci-szurke-cserepkalyha-6-soros-10kw\\\/#breadcrumb\"},\"inLanguage\":\"hu\",\"potentialAction\":[{\"@type\":\"ReadAction\",\"target\":[\"https:\\\/\\\/esemineu.ro\\\/hu\\\/termek\\\/bizanci-szurke-cserepkalyha-6-soros-10kw\\\/\"]}]},{\"@type\":\"ImageObject\",\"inLanguage\":\"hu\",\"@id\":\"https:\\\/\\\/esemineu.ro\\\/hu\\\/termek\\\/bizanci-szurke-cserepkalyha-6-soros-10kw\\\/#primaryimage\",\"url\":\"https:\\\/\\\/esemineu.ro\\\/wp-content\\\/uploads\\\/2023\\\/08\\\/6R-GRI-BIZANTIN-FRONT-FR.jpg\",\"contentUrl\":\"https:\\\/\\\/esemineu.ro\\\/wp-content\\\/uploads\\\/2023\\\/08\\\/6R-GRI-BIZANTIN-FRONT-FR.jpg\",\"width\":1000,\"height\":1000,\"caption\":\"Biz\u00e1nci sz\u00fcrke Cser\u00e9pk\u00e1lyha 6 soros\"},{\"@type\":\"BreadcrumbList\",\"@id\":\"https:\\\/\\\/esemineu.ro\\\/hu\\\/termek\\\/bizanci-szurke-cserepkalyha-6-soros-10kw\\\/#breadcrumb\",\"itemListElement\":[{\"@type\":\"ListItem\",\"position\":1,\"name\":\"Kezd\u0151lap\",\"item\":\"https:\\\/\\\/esemineu.ro\\\/hu\\\/\"},{\"@type\":\"ListItem\",\"position\":2,\"name\":\"\u00c1ruh\u00e1z\",\"item\":\"https:\\\/\\\/esemineu.ro\\\/hu\\\/aruhaz\\\/\"},{\"@type\":\"ListItem\",\"position\":3,\"name\":\"Biz\u00e1nci sz\u00fcrke Cser\u00e9pk\u00e1lyha 6 soros, 10kW\"}]},{\"@type\":\"WebSite\",\"@id\":\"https:\\\/\\\/esemineu.ro\\\/hu\\\/#website\",\"url\":\"https:\\\/\\\/esemineu.ro\\\/hu\\\/\",\"name\":\"eSemineu\",\"description\":\"\u0218eminee de cea mai \u00eenalt\u0103 calitate\",\"potentialAction\":[{\"@type\":\"SearchAction\",\"target\":{\"@type\":\"EntryPoint\",\"urlTemplate\":\"https:\\\/\\\/esemineu.ro\\\/hu\\\/?s={search_term_string}\"},\"query-input\":{\"@type\":\"PropertyValueSpecification\",\"valueRequired\":true,\"valueName\":\"search_term_string\"}}],\"inLanguage\":\"hu\"}]}<\/script>\n<!-- \/ Yoast SEO Premium plugin. -->","yoast_head_json":{"title":"Biz\u00e1nci sz\u00fcrke Cser\u00e9pk\u00e1lyha 6 soros | Hordozhat\u00f3 cser\u00e9p k\u00e1lyha","description":"Biz\u00e1nci sz\u00fcrke Cser\u00e9pk\u00e1lyha 6 soros - Fat\u00fczel\u00e9s\u0171 cser\u00e9p k\u00e1lyha. Kiv\u00e1l\u00f3 h\u0151lead\u00e1s \u00e9s st\u00edlus egyben. Marv\u00e1nnyal \u00e9s h\u0151\u00e1ll\u00f3 \u00fcveg ajt\u00f3val, az esemineu.ro-n!","robots":{"index":"index","follow":"follow","max-snippet":"max-snippet:-1","max-image-preview":"max-image-preview:large","max-video-preview":"max-video-preview:-1"},"canonical":"https:\/\/esemineu.ro\/hu\/termek\/bizanci-szurke-cserepkalyha-6-soros-10kw\/","og_locale":"hu_HU","og_type":"article","og_title":"Biz\u00e1nci sz\u00fcrke Cser\u00e9pk\u00e1lyha 6 soros | Hordozhat\u00f3 cser\u00e9p k\u00e1lyha","og_description":"Biz\u00e1nci sz\u00fcrke Cser\u00e9pk\u00e1lyha 6 soros - Fat\u00fczel\u00e9s\u0171 cser\u00e9p k\u00e1lyha. Kiv\u00e1l\u00f3 h\u0151lead\u00e1s \u00e9s st\u00edlus egyben. Marv\u00e1nnyal \u00e9s h\u0151\u00e1ll\u00f3 \u00fcveg ajt\u00f3val, az esemineu.ro-n!","og_url":"https:\/\/esemineu.ro\/hu\/termek\/bizanci-szurke-cserepkalyha-6-soros-10kw\/","og_site_name":"eSemineu","article_publisher":"https:\/\/web.facebook.com\/eSemineu","article_modified_time":"2023-10-17T20:44:06+00:00","og_image":[{"width":1000,"height":1000,"url":"https:\/\/esemineu.ro\/wp-content\/uploads\/2023\/08\/6R-GRI-BIZANTIN-FRONT-FR.jpg","type":"image\/jpeg"}],"twitter_card":"summary_large_image","twitter_misc":{"Becs\u00fclt olvas\u00e1si id\u0151":"3 perc"},"schema":{"@context":"https:\/\/schema.org","@graph":[{"@type":"WebPage","@id":"https:\/\/esemineu.ro\/hu\/termek\/bizanci-szurke-cserepkalyha-6-soros-10kw\/","url":"https:\/\/esemineu.ro\/hu\/termek\/bizanci-szurke-cserepkalyha-6-soros-10kw\/","name":"Biz\u00e1nci sz\u00fcrke Cser\u00e9pk\u00e1lyha 6 soros | Hordozhat\u00f3 cser\u00e9p k\u00e1lyha","isPartOf":{"@id":"https:\/\/esemineu.ro\/hu\/#website"},"primaryImageOfPage":{"@id":"https:\/\/esemineu.ro\/hu\/termek\/bizanci-szurke-cserepkalyha-6-soros-10kw\/#primaryimage"},"image":{"@id":"https:\/\/esemineu.ro\/hu\/termek\/bizanci-szurke-cserepkalyha-6-soros-10kw\/#primaryimage"},"thumbnailUrl":"https:\/\/esemineu.ro\/wp-content\/uploads\/2023\/08\/6R-GRI-BIZANTIN-FRONT-FR.jpg","datePublished":"2023-08-11T04:51:02+00:00","dateModified":"2023-10-17T20:44:06+00:00","description":"Biz\u00e1nci sz\u00fcrke Cser\u00e9pk\u00e1lyha 6 soros - Fat\u00fczel\u00e9s\u0171 cser\u00e9p k\u00e1lyha. Kiv\u00e1l\u00f3 h\u0151lead\u00e1s \u00e9s st\u00edlus egyben. Marv\u00e1nnyal \u00e9s h\u0151\u00e1ll\u00f3 \u00fcveg ajt\u00f3val, az esemineu.ro-n!","breadcrumb":{"@id":"https:\/\/esemineu.ro\/hu\/termek\/bizanci-szurke-cserepkalyha-6-soros-10kw\/#breadcrumb"},"inLanguage":"hu","potentialAction":[{"@type":"ReadAction","target":["https:\/\/esemineu.ro\/hu\/termek\/bizanci-szurke-cserepkalyha-6-soros-10kw\/"]}]},{"@type":"ImageObject","inLanguage":"hu","@id":"https:\/\/esemineu.ro\/hu\/termek\/bizanci-szurke-cserepkalyha-6-soros-10kw\/#primaryimage","url":"https:\/\/esemineu.ro\/wp-content\/uploads\/2023\/08\/6R-GRI-BIZANTIN-FRONT-FR.jpg","contentUrl":"https:\/\/esemineu.ro\/wp-content\/uploads\/2023\/08\/6R-GRI-BIZANTIN-FRONT-FR.jpg","width":1000,"height":1000,"caption":"Biz\u00e1nci sz\u00fcrke Cser\u00e9pk\u00e1lyha 6 soros"},{"@type":"BreadcrumbList","@id":"https:\/\/esemineu.ro\/hu\/termek\/bizanci-szurke-cserepkalyha-6-soros-10kw\/#breadcrumb","itemListElement":[{"@type":"ListItem","position":1,"name":"Kezd\u0151lap","item":"https:\/\/esemineu.ro\/hu\/"},{"@type":"ListItem","position":2,"name":"\u00c1ruh\u00e1z","item":"https:\/\/esemineu.ro\/hu\/aruhaz\/"},{"@type":"ListItem","position":3,"name":"Biz\u00e1nci sz\u00fcrke Cser\u00e9pk\u00e1lyha 6 soros, 10kW"}]},{"@type":"WebSite","@id":"https:\/\/esemineu.ro\/hu\/#website","url":"https:\/\/esemineu.ro\/hu\/","name":"eSemineu","description":"\u0218eminee de cea mai \u00eenalt\u0103 calitate","potentialAction":[{"@type":"SearchAction","target":{"@type":"EntryPoint","urlTemplate":"https:\/\/esemineu.ro\/hu\/?s={search_term_string}"},"query-input":{"@type":"PropertyValueSpecification","valueRequired":true,"valueName":"search_term_string"}}],"inLanguage":"hu"}]}},"_links":{"self":[{"href":"https:\/\/esemineu.ro\/hu\/wp-json\/wp\/v2\/product\/4447","targetHints":{"allow":["GET"]}}],"collection":[{"href":"https:\/\/esemineu.ro\/hu\/wp-json\/wp\/v2\/product"}],"about":[{"href":"https:\/\/esemineu.ro\/hu\/wp-json\/wp\/v2\/types\/product"}],"replies":[{"embeddable":true,"href":"https:\/\/esemineu.ro\/hu\/wp-json\/wp\/v2\/comments?post=4447"}],"wp:featuredmedia":[{"embeddable":true,"href":"https:\/\/esemineu.ro\/hu\/wp-json\/wp\/v2\/media\/17504"}],"wp:attachment":[{"href":"https:\/\/esemineu.ro\/hu\/wp-json\/wp\/v2\/media?parent=4447"}],"wp:term":[{"taxonomy":"product_brand","embeddable":true,"href":"https:\/\/esemineu.ro\/hu\/wp-json\/wp\/v2\/product_brand?post=4447"},{"taxonomy":"product_cat","embeddable":true,"href":"https:\/\/esemineu.ro\/hu\/wp-json\/wp\/v2\/product_cat?post=4447"},{"taxonomy":"product_tag","embeddable":true,"href":"https:\/\/esemineu.ro\/hu\/wp-json\/wp\/v2\/product_tag?post=4447"}],"curies":[{"name":"wp","href":"https:\/\/api.w.org\/{rel}","templated":true}]}}