{"id":4443,"date":"2023-08-22T08:27:20","date_gmt":"2023-08-22T05:27:20","guid":{"rendered":"https:\/\/esemineu.ro\/product\/soba-teracota-vulcano-crem-rustic-5r-in-cadru-cu-usa-sticla-si-plita-din-fonta-10-kw\/"},"modified":"2026-02-09T08:43:45","modified_gmt":"2026-02-09T06:43:45","slug":"rusztikus-krem-vulkano-cserepkalyha-5s-keret-ben-hoallo-uveg-az-ajtoval-10kw","status":"publish","type":"product","link":"https:\/\/esemineu.ro\/hu\/termek\/rusztikus-krem-vulkano-cserepkalyha-5s-keret-ben-hoallo-uveg-az-ajtoval-10kw\/","title":{"rendered":"Rusztikus kr\u00e9m Vulkano Cser\u00e9pk\u00e1lyha 5S, Keret ben h\u0151\u00e1ll\u00f3 \u00fcveg az ajt\u00f3val 10kW"},"content":{"rendered":"<div class=\"flex-1 overflow-hidden\">\n<div class=\"react-scroll-to-bottom--css-vyuru-79elbk h-full dark:bg-gray-800\">\n<div class=\"react-scroll-to-bottom--css-vyuru-1n7m0yu\">\n<div class=\"group w-full text-token-text-primary border-b border-black\/10 dark:border-gray-900\/50 bg-gray-50 dark:bg-[#444654]\" data-testid=\"conversation-turn-83\">\n<div class=\"p-4 justify-center text-base md:gap-6 md:py-6 m-auto\">\n<div class=\"flex flex-1 gap-4 text-base mx-auto md:gap-6 md:max-w-2xl lg:max-w-[38rem] xl:max-w-3xl }\">\n<div class=\"relative flex w-[calc(100%-50px)] flex-col gap-1 md:gap-3 lg:w-[calc(100%-115px)]\">\n<div class=\"flex flex-grow flex-col gap-3 max-w-full\">\n<div class=\"min-h-[20px] flex flex-col items-start gap-3 overflow-x-auto whitespace-pre-wrap break-words\">\n<div class=\"markdown prose w-full break-words dark:prose-invert light\">\n<div class=\"flex-1 overflow-hidden\">\n<div class=\"react-scroll-to-bottom--css-vyuru-79elbk h-full dark:bg-gray-800\">\n<div class=\"react-scroll-to-bottom--css-vyuru-1n7m0yu\">\n<div class=\"flex flex-col text-sm dark:bg-gray-800\">\n<div class=\"group w-full text-token-text-primary border-b border-black\/10 dark:border-gray-900\/50 bg-gray-50 dark:bg-[#444654]\" data-testid=\"conversation-turn-83\">\n<div class=\"p-4 justify-center text-base md:gap-6 md:py-6 m-auto\">\n<div class=\"flex flex-1 gap-4 text-base mx-auto md:gap-6 md:max-w-2xl lg:max-w-[38rem] xl:max-w-3xl }\">\n<div class=\"relative flex w-[calc(100%-50px)] flex-col gap-1 md:gap-3 lg:w-[calc(100%-115px)]\">\n<div class=\"flex flex-grow flex-col gap-3 max-w-full\">\n<div class=\"min-h-[20px] flex flex-col items-start gap-3 overflow-x-auto whitespace-pre-wrap break-words\">\n<div class=\"markdown prose w-full break-words dark:prose-invert light\">\n<p>Rusztikus kr\u00e9m Vulkano Cser\u00e9pk\u00e1lyha 5S<\/p>\n<p><strong>Rusztikus kr\u00e9m Cser\u00e9pk\u00e1lyha Vulkano 5 soros<\/strong> &#8211; az igazi meleg otthon\u00e9rt! Bemutatjuk az esemineu.ro exkluz\u00edv k\u00edn\u00e1lat\u00e1ban a rusztikus kivitel\u0171, kr\u00e9msz\u00edn\u0171 Vulkano cser\u00e9pk\u00e1lyh\u00e1t, mely nem csak funkci\u00f3j\u00e1ban, de megjelen\u00e9s\u00e9ben is kimagasl\u00f3.<\/p>\n<p>Ez a <strong>kr\u00e9m cserepk\u00e1lyha<\/strong> modern k\u00f6rnyezetbe is t\u00f6k\u00e9letesen illeszkedik, k\u00f6sz\u00f6nhet\u0151en az <strong>ac\u00e9l keretben<\/strong> val\u00f3 \u00e9p\u00edt\u00e9snek. T\u00f6k\u00e9letes v\u00e1laszt\u00e1s azoknak, akik a hagyom\u00e1nyos megjelen\u00e9st korszer\u0171 technol\u00f3gi\u00e1val k\u00edv\u00e1nj\u00e1k \u00f6tv\u00f6zni.<\/p>\n<p>Minden egyes Vulkano 5 soros k\u00e1lyha a hagyom\u00e1nyok tisztelet\u00e9vel \u00e9s a legmodernebb technol\u00f3gi\u00e1val k\u00e9sz\u00fclt. A <strong>premium kr\u00e9m sz\u00edn\u0171 cserepk\u00e1lyha<\/strong> nem csak egyfajta meleget biztos\u00edt a t\u00e9li hidegben, de a f\u0151z\u0151lapj\u00e1val a konyha asszony\u00e1nak is seg\u00edts\u00e9g\u00e9re lehet, mik\u00f6zben az eg\u00e9sz csal\u00e1d a ropog\u00f3 t\u0171z mellett gy\u0171lik \u00f6ssze.<\/p>\n<p>A k\u00e1lyha designja a <strong>rusztikus kr\u00e9m<\/strong> sz\u00edn\u00e9nek k\u00f6sz\u00f6nhet\u0151en egy igaz\u00e1n k\u00fcl\u00f6nleges atmoszf\u00e9r\u00e1t teremt az otthon\u00e1ban. Az <strong>120 mm f\u00fcst elvezet\u00e9ssel<\/strong>, <strong>samottal belelt<\/strong> t\u0171zt\u00e9r pedig a hat\u00e9konys\u00e1got \u00e9s a biztons\u00e1got garant\u00e1lja. M\u00edg a <strong>h\u0151\u00e1ll\u00f3 \u00fcveg<\/strong> az ajt\u00f3n nemcsak eszt\u00e9tikai pluszt ad, de lehet\u0151v\u00e9 teszi, hogy \u00e9lvezhess\u00fck a l\u00e1tv\u00e1nyt, amint a t\u0171z meleg\u00edti otthonunkat.<\/p>\n<p>B\u00edzza mag\u00e1t az esemineu.ro min\u0151s\u00e9g\u00e9re, \u00e9s v\u00e1lassza a <strong>rusztikus kr\u00e9m Cser\u00e9pk\u00e1lyha Vulkano 5 soros<\/strong> modellt, hogy otthona minden pillanatban meleg \u00e9s otthonos legyen!<\/p>\n<p>Rusztikus kr\u00e9m Vulkano Cser\u00e9pk\u00e1lyha 5S a\u00a0 nemcsak kiv\u00e1l\u00f3 f\u0171t\u00e9si teljes\u00edtm\u00e9nyt ny\u00fajt, hanem eszt\u00e9tikus megjelen\u00e9st is biztos\u00edt otthon\u00e1nak. A letisztult design \u00e9s a term\u00e9szetes sz\u00ednek kombin\u00e1ci\u00f3ja eleg\u00e1ns \u00e9s modern megjelen\u00e9st k\u00f6lcs\u00f6n\u00f6z a k\u00f6rnyezet\u00e9nek.<\/p>\n<p>Ha szeretn\u00e9 \u00e9lvezni a k\u00e9nyelmes \u00e9s meleg l\u00e9gk\u00f6rt otthon\u00e1ban, v\u00e1lassza a Kr\u00e9m Vulcano Cser\u00e9pk\u00e1lyha\u00a0 5 soros-t! Rendelje meg most \u00e9s \u00e9lvezze a kiv\u00e1l\u00f3 min\u0151s\u00e9g\u0171 f\u0171t\u00e9st \u00e9s a kellemes hangulatot, amelyet ez a pr\u00e9mium k\u00e1lyha biztos\u00edt.<\/p>\n<p>Fontos megjegyezni, hogy a t\u0171zhely hullad\u00e9k \u00e9get\u00e9s\u00e9re nem alkalmas, kiz\u00e1r\u00f3lag f\u0171t\u00e9sre \u00e9s f\u0151z\u00e9sre haszn\u00e1lhat\u00f3. Az ilyen hullad\u00e9k \u00e9get\u00e9sekor a cser\u00e9pk\u00e1lyha f\u00fcstkivezet\u0151 ny\u00edl\u00e1sa k\u00f6nnyen elt\u00f6m\u0151dhet, ez\u00e9rt aj\u00e1nlott kiz\u00e1r\u00f3lag F\u00e1t vagy brikettet \u00e9getni benne.<\/p>\n<\/div>\n<\/div>\n<\/div>\n<\/div>\n<\/div>\n<\/div>\n<\/div>\n<\/div>\n<\/div>\n<\/div>\n<\/div>\n<\/div>\n<\/div>\n<\/div>\n<\/div>\n<\/div>\n<\/div>\n<\/div>\n<\/div>\n<\/div>\n<\/div>\n<h6>Sz\u00e1ll\u00edt\u00e1si hat\u00e1rid\u0151:<\/h6>\n<ul>\n<li><strong>Magyarorsz\u00e1g \u00e9s az eg\u00e9sz Eur\u00f3pai Uni\u00f3 ter\u00fclet\u00e9n<\/strong>\u00a0is sz\u00e1ll\u00edtjuk.<\/li>\n<li>Rom\u00e1ni\u00e1ba 2-3 munkanap alatt sz\u00e1ll\u00edtjuk<\/li>\n<li>Magyarorsz\u00e1gra \u00e9s az EU ter\u00fclet\u00e9re az \u00e1tutal\u00e1s ut\u00e1n 5 munkanapon bel\u00fcl \u00e9rkezik meg a term\u00e9k.<\/li>\n<\/ul>\n<p>Ha b\u00e1rmilyen k\u00e9rd\u00e9se van, k\u00e9rj\u00fck, l\u00e9pjen kapcsolatba vel\u00fcnk.<\/p>\n<p>Tov\u00e1bbi aj\u00e1nlatok\u00e9rt kattintson\u00a0<a href=\"https:\/\/esemineu.ro\/hu\/termek-kategoria\/hordozhato-cserepkalyhak\/\">ide<\/a><\/p>\n<p>T\u0151bb inform\u00e1ci\u00f3\u00e9rt l\u00e1togasson el\u00a0<a href=\"https:\/\/www.youtube.com\/@esemineuromania\">YouTube<\/a>-csatorn\u00e1nkra, valamint\u00a0<a href=\"https:\/\/www.facebook.com\/eSemineu\">Facebook<\/a>\u00a0\u00e9s\u00a0<a href=\"https:\/\/www.instagram.com\/esemineu\/\">Instagram<\/a>\u00a0oldalainkra.<\/p>\n<p><a href=\"https:\/\/esemineu.ro\/\">eSemineu.ro<\/a>\u00a0 \u00a0Te rakod a t\u0171zet mi adjuk a meleget!<\/p>\n","protected":false},"excerpt":{"rendered":"<p>Rusztikus kr\u00e9m Vulkano Cser\u00e9pk\u00e1lyha 5S Rusztikus kr\u00e9m Cser\u00e9pk\u00e1lyha Vulkano 5 soros &#8211; az igazi meleg otthon\u00e9rt! Bemutatjuk az esemineu.ro exkluz\u00edv k\u00edn\u00e1lat\u00e1ban a rusztikus kivitel\u0171, kr\u00e9msz\u00edn\u0171 Vulkano cser\u00e9pk\u00e1lyh\u00e1t, mely nem csak funkci\u00f3j\u00e1ban, de megjelen\u00e9s\u00e9ben is kimagasl\u00f3. Ez a kr\u00e9m cserepk\u00e1lyha modern k\u00f6rnyezetbe is t\u00f6k\u00e9letesen illeszkedik, k\u00f6sz\u00f6nhet\u0151en az ac\u00e9l keretben val\u00f3 \u00e9p\u00edt\u00e9snek. T\u00f6k\u00e9letes v\u00e1laszt\u00e1s azoknak, akik a hagyom\u00e1nyos megjelen\u00e9st korszer\u0171 technol\u00f3gi\u00e1val k\u00edv\u00e1nj\u00e1k \u00f6tv\u00f6zni. Minden egyes Vulkano 5 soros k\u00e1lyha a hagyom\u00e1nyok tisztelet\u00e9vel \u00e9s a legmodernebb technol\u00f3gi\u00e1val k\u00e9sz\u00fclt. A premium kr\u00e9m sz\u00edn\u0171 cserepk\u00e1lyha nem csak egyfajta meleget biztos\u00edt a t\u00e9li hidegben, de a f\u0151z\u0151lapj\u00e1val a konyha asszony\u00e1nak is seg\u00edts\u00e9g\u00e9re lehet, mik\u00f6zben az eg\u00e9sz csal\u00e1d a ropog\u00f3 t\u0171z mellett gy\u0171lik \u00f6ssze. A k\u00e1lyha designja a rusztikus kr\u00e9m sz\u00edn\u00e9nek k\u00f6sz\u00f6nhet\u0151en egy igaz\u00e1n k\u00fcl\u00f6nleges atmoszf\u00e9r\u00e1t teremt az otthon\u00e1ban. Az 120 mm f\u00fcst elvezet\u00e9ssel, samottal belelt t\u0171zt\u00e9r pedig a hat\u00e9konys\u00e1got \u00e9s a biztons\u00e1got garant\u00e1lja. M\u00edg a h\u0151\u00e1ll\u00f3 \u00fcveg az ajt\u00f3n nemcsak eszt\u00e9tikai pluszt ad, de lehet\u0151v\u00e9 teszi, &hellip; <a href=\"https:\/\/esemineu.ro\/hu\/termek\/rusztikus-krem-vulkano-cserepkalyha-5s-keret-ben-hoallo-uveg-az-ajtoval-10kw\/\">Folytatva<\/a><\/p>\n","protected":false},"featured_media":16813,"comment_status":"open","ping_status":"closed","template":"","meta":[],"product_brand":[],"product_cat":[729,1680],"product_tag":[],"class_list":{"0":"post-4443","1":"product","2":"type-product","3":"status-publish","4":"has-post-thumbnail","6":"product_cat-hordozhato-cserepkalyhak","7":"product_cat-melegito","8":"product_shipping_class-csempekalyhak","9":"pa_combustibil-utilizat-brikett","10":"pa_combustibil-utilizat-fa","11":"pa_culoare-krem-bezs","12":"pa_diametru-racordului-la-cos-120-mm-hu","13":"pa_material-teracota-hu","14":"pa_material-ontotvas-ajto-hoallo-uveggel","15":"pa_material-ontveny-labak","16":"pa_model-5-soros-melegito-acel-keretben-hu","17":"pa_putere-10-kw-hu","18":"pa_randament-94-hu","19":"pa_suprafata-incalzita-mp-55-59-hu","20":"producer-norbo","22":"first","23":"instock","24":"shipping-taxable","25":"purchasable","26":"product-type-simple"},"acf":[],"yoast_head":"<!-- This site is optimized with the Yoast SEO Premium plugin v21.0 (Yoast SEO v27.3) - https:\/\/yoast.com\/product\/yoast-seo-premium-wordpress\/ -->\n<title>Rusztikus kr\u00e9m Vulkano Cser\u00e9pk\u00e1lyha 5S, cu plit\u0103 10 kW<\/title>\n<meta name=\"description\" content=\"Rusztikus kr\u00e9m Vulkano Cser\u00e9pk\u00e1lyha 5S - \u00c9lvezze az igazi meleget \u00e9s az exkluz\u00edv, rusztikus diz\u00e1jnt otthon\u00e1ban. A t\u00f6k\u00e9letes v\u00e1laszt\u00e1s minden otthon sz\u00e1m\u00e1ra\" \/>\n<meta name=\"robots\" content=\"index, follow, max-snippet:-1, max-image-preview:large, max-video-preview:-1\" \/>\n<link rel=\"canonical\" href=\"https:\/\/esemineu.ro\/hu\/termek\/rusztikus-krem-vulkano-cserepkalyha-5s-keret-ben-hoallo-uveg-az-ajtoval-10kw\/\" \/>\n<meta property=\"og:locale\" content=\"hu_HU\" \/>\n<meta property=\"og:type\" content=\"article\" \/>\n<meta property=\"og:title\" content=\"Rusztikus kr\u00e9m Vulkano Cser\u00e9pk\u00e1lyha 5S, cu plit\u0103 10 kW\" \/>\n<meta property=\"og:description\" content=\"Rusztikus kr\u00e9m Vulkano Cser\u00e9pk\u00e1lyha 5S - \u00c9lvezze az igazi meleget \u00e9s az exkluz\u00edv, rusztikus diz\u00e1jnt otthon\u00e1ban. A t\u00f6k\u00e9letes v\u00e1laszt\u00e1s minden otthon sz\u00e1m\u00e1ra\" \/>\n<meta property=\"og:url\" content=\"https:\/\/esemineu.ro\/hu\/termek\/rusztikus-krem-vulkano-cserepkalyha-5s-keret-ben-hoallo-uveg-az-ajtoval-10kw\/\" \/>\n<meta property=\"og:site_name\" content=\"eSemineu\" \/>\n<meta property=\"article:publisher\" content=\"https:\/\/web.facebook.com\/eSemineu\" \/>\n<meta property=\"article:modified_time\" content=\"2026-02-09T06:43:45+00:00\" \/>\n<meta property=\"og:image\" content=\"https:\/\/esemineu.ro\/wp-content\/uploads\/2023\/08\/VULCANO.jpg\" \/>\n\t<meta property=\"og:image:width\" content=\"1000\" \/>\n\t<meta property=\"og:image:height\" content=\"1000\" \/>\n\t<meta property=\"og:image:type\" content=\"image\/jpeg\" \/>\n<meta name=\"twitter:card\" content=\"summary_large_image\" \/>\n<meta name=\"twitter:label1\" content=\"Becs\u00fclt olvas\u00e1si id\u0151\" \/>\n\t<meta name=\"twitter:data1\" content=\"3 perc\" \/>\n<script type=\"application\/ld+json\" class=\"yoast-schema-graph\">{\"@context\":\"https:\\\/\\\/schema.org\",\"@graph\":[{\"@type\":\"WebPage\",\"@id\":\"https:\\\/\\\/esemineu.ro\\\/hu\\\/termek\\\/rusztikus-krem-vulkano-cserepkalyha-5s-keret-ben-hoallo-uveg-az-ajtoval-10kw\\\/\",\"url\":\"https:\\\/\\\/esemineu.ro\\\/hu\\\/termek\\\/rusztikus-krem-vulkano-cserepkalyha-5s-keret-ben-hoallo-uveg-az-ajtoval-10kw\\\/\",\"name\":\"Rusztikus kr\u00e9m Vulkano Cser\u00e9pk\u00e1lyha 5S, cu plit\u0103 10 kW\",\"isPartOf\":{\"@id\":\"https:\\\/\\\/esemineu.ro\\\/hu\\\/#website\"},\"primaryImageOfPage\":{\"@id\":\"https:\\\/\\\/esemineu.ro\\\/hu\\\/termek\\\/rusztikus-krem-vulkano-cserepkalyha-5s-keret-ben-hoallo-uveg-az-ajtoval-10kw\\\/#primaryimage\"},\"image\":{\"@id\":\"https:\\\/\\\/esemineu.ro\\\/hu\\\/termek\\\/rusztikus-krem-vulkano-cserepkalyha-5s-keret-ben-hoallo-uveg-az-ajtoval-10kw\\\/#primaryimage\"},\"thumbnailUrl\":\"https:\\\/\\\/esemineu.ro\\\/wp-content\\\/uploads\\\/2023\\\/08\\\/VULCANO.jpg\",\"datePublished\":\"2023-08-22T05:27:20+00:00\",\"dateModified\":\"2026-02-09T06:43:45+00:00\",\"description\":\"Rusztikus kr\u00e9m Vulkano Cser\u00e9pk\u00e1lyha 5S - \u00c9lvezze az igazi meleget \u00e9s az exkluz\u00edv, rusztikus diz\u00e1jnt otthon\u00e1ban. A t\u00f6k\u00e9letes v\u00e1laszt\u00e1s minden otthon sz\u00e1m\u00e1ra\",\"breadcrumb\":{\"@id\":\"https:\\\/\\\/esemineu.ro\\\/hu\\\/termek\\\/rusztikus-krem-vulkano-cserepkalyha-5s-keret-ben-hoallo-uveg-az-ajtoval-10kw\\\/#breadcrumb\"},\"inLanguage\":\"hu\",\"potentialAction\":[{\"@type\":\"ReadAction\",\"target\":[\"https:\\\/\\\/esemineu.ro\\\/hu\\\/termek\\\/rusztikus-krem-vulkano-cserepkalyha-5s-keret-ben-hoallo-uveg-az-ajtoval-10kw\\\/\"]}]},{\"@type\":\"ImageObject\",\"inLanguage\":\"hu\",\"@id\":\"https:\\\/\\\/esemineu.ro\\\/hu\\\/termek\\\/rusztikus-krem-vulkano-cserepkalyha-5s-keret-ben-hoallo-uveg-az-ajtoval-10kw\\\/#primaryimage\",\"url\":\"https:\\\/\\\/esemineu.ro\\\/wp-content\\\/uploads\\\/2023\\\/08\\\/VULCANO.jpg\",\"contentUrl\":\"https:\\\/\\\/esemineu.ro\\\/wp-content\\\/uploads\\\/2023\\\/08\\\/VULCANO.jpg\",\"width\":1000,\"height\":1000},{\"@type\":\"BreadcrumbList\",\"@id\":\"https:\\\/\\\/esemineu.ro\\\/hu\\\/termek\\\/rusztikus-krem-vulkano-cserepkalyha-5s-keret-ben-hoallo-uveg-az-ajtoval-10kw\\\/#breadcrumb\",\"itemListElement\":[{\"@type\":\"ListItem\",\"position\":1,\"name\":\"Kezd\u0151lap\",\"item\":\"https:\\\/\\\/esemineu.ro\\\/hu\\\/\"},{\"@type\":\"ListItem\",\"position\":2,\"name\":\"\u00c1ruh\u00e1z\",\"item\":\"https:\\\/\\\/esemineu.ro\\\/hu\\\/aruhaz\\\/\"},{\"@type\":\"ListItem\",\"position\":3,\"name\":\"Rusztikus kr\u00e9m Vulkano Cser\u00e9pk\u00e1lyha 5S, Keret ben h\u0151\u00e1ll\u00f3 \u00fcveg az ajt\u00f3val 10kW\"}]},{\"@type\":\"WebSite\",\"@id\":\"https:\\\/\\\/esemineu.ro\\\/hu\\\/#website\",\"url\":\"https:\\\/\\\/esemineu.ro\\\/hu\\\/\",\"name\":\"eSemineu\",\"description\":\"\u0218eminee de cea mai \u00eenalt\u0103 calitate\",\"potentialAction\":[{\"@type\":\"SearchAction\",\"target\":{\"@type\":\"EntryPoint\",\"urlTemplate\":\"https:\\\/\\\/esemineu.ro\\\/hu\\\/?s={search_term_string}\"},\"query-input\":{\"@type\":\"PropertyValueSpecification\",\"valueRequired\":true,\"valueName\":\"search_term_string\"}}],\"inLanguage\":\"hu\"}]}<\/script>\n<!-- \/ Yoast SEO Premium plugin. -->","yoast_head_json":{"title":"Rusztikus kr\u00e9m Vulkano Cser\u00e9pk\u00e1lyha 5S, cu plit\u0103 10 kW","description":"Rusztikus kr\u00e9m Vulkano Cser\u00e9pk\u00e1lyha 5S - \u00c9lvezze az igazi meleget \u00e9s az exkluz\u00edv, rusztikus diz\u00e1jnt otthon\u00e1ban. A t\u00f6k\u00e9letes v\u00e1laszt\u00e1s minden otthon sz\u00e1m\u00e1ra","robots":{"index":"index","follow":"follow","max-snippet":"max-snippet:-1","max-image-preview":"max-image-preview:large","max-video-preview":"max-video-preview:-1"},"canonical":"https:\/\/esemineu.ro\/hu\/termek\/rusztikus-krem-vulkano-cserepkalyha-5s-keret-ben-hoallo-uveg-az-ajtoval-10kw\/","og_locale":"hu_HU","og_type":"article","og_title":"Rusztikus kr\u00e9m Vulkano Cser\u00e9pk\u00e1lyha 5S, cu plit\u0103 10 kW","og_description":"Rusztikus kr\u00e9m Vulkano Cser\u00e9pk\u00e1lyha 5S - \u00c9lvezze az igazi meleget \u00e9s az exkluz\u00edv, rusztikus diz\u00e1jnt otthon\u00e1ban. A t\u00f6k\u00e9letes v\u00e1laszt\u00e1s minden otthon sz\u00e1m\u00e1ra","og_url":"https:\/\/esemineu.ro\/hu\/termek\/rusztikus-krem-vulkano-cserepkalyha-5s-keret-ben-hoallo-uveg-az-ajtoval-10kw\/","og_site_name":"eSemineu","article_publisher":"https:\/\/web.facebook.com\/eSemineu","article_modified_time":"2026-02-09T06:43:45+00:00","og_image":[{"width":1000,"height":1000,"url":"https:\/\/esemineu.ro\/wp-content\/uploads\/2023\/08\/VULCANO.jpg","type":"image\/jpeg"}],"twitter_card":"summary_large_image","twitter_misc":{"Becs\u00fclt olvas\u00e1si id\u0151":"3 perc"},"schema":{"@context":"https:\/\/schema.org","@graph":[{"@type":"WebPage","@id":"https:\/\/esemineu.ro\/hu\/termek\/rusztikus-krem-vulkano-cserepkalyha-5s-keret-ben-hoallo-uveg-az-ajtoval-10kw\/","url":"https:\/\/esemineu.ro\/hu\/termek\/rusztikus-krem-vulkano-cserepkalyha-5s-keret-ben-hoallo-uveg-az-ajtoval-10kw\/","name":"Rusztikus kr\u00e9m Vulkano Cser\u00e9pk\u00e1lyha 5S, cu plit\u0103 10 kW","isPartOf":{"@id":"https:\/\/esemineu.ro\/hu\/#website"},"primaryImageOfPage":{"@id":"https:\/\/esemineu.ro\/hu\/termek\/rusztikus-krem-vulkano-cserepkalyha-5s-keret-ben-hoallo-uveg-az-ajtoval-10kw\/#primaryimage"},"image":{"@id":"https:\/\/esemineu.ro\/hu\/termek\/rusztikus-krem-vulkano-cserepkalyha-5s-keret-ben-hoallo-uveg-az-ajtoval-10kw\/#primaryimage"},"thumbnailUrl":"https:\/\/esemineu.ro\/wp-content\/uploads\/2023\/08\/VULCANO.jpg","datePublished":"2023-08-22T05:27:20+00:00","dateModified":"2026-02-09T06:43:45+00:00","description":"Rusztikus kr\u00e9m Vulkano Cser\u00e9pk\u00e1lyha 5S - \u00c9lvezze az igazi meleget \u00e9s az exkluz\u00edv, rusztikus diz\u00e1jnt otthon\u00e1ban. A t\u00f6k\u00e9letes v\u00e1laszt\u00e1s minden otthon sz\u00e1m\u00e1ra","breadcrumb":{"@id":"https:\/\/esemineu.ro\/hu\/termek\/rusztikus-krem-vulkano-cserepkalyha-5s-keret-ben-hoallo-uveg-az-ajtoval-10kw\/#breadcrumb"},"inLanguage":"hu","potentialAction":[{"@type":"ReadAction","target":["https:\/\/esemineu.ro\/hu\/termek\/rusztikus-krem-vulkano-cserepkalyha-5s-keret-ben-hoallo-uveg-az-ajtoval-10kw\/"]}]},{"@type":"ImageObject","inLanguage":"hu","@id":"https:\/\/esemineu.ro\/hu\/termek\/rusztikus-krem-vulkano-cserepkalyha-5s-keret-ben-hoallo-uveg-az-ajtoval-10kw\/#primaryimage","url":"https:\/\/esemineu.ro\/wp-content\/uploads\/2023\/08\/VULCANO.jpg","contentUrl":"https:\/\/esemineu.ro\/wp-content\/uploads\/2023\/08\/VULCANO.jpg","width":1000,"height":1000},{"@type":"BreadcrumbList","@id":"https:\/\/esemineu.ro\/hu\/termek\/rusztikus-krem-vulkano-cserepkalyha-5s-keret-ben-hoallo-uveg-az-ajtoval-10kw\/#breadcrumb","itemListElement":[{"@type":"ListItem","position":1,"name":"Kezd\u0151lap","item":"https:\/\/esemineu.ro\/hu\/"},{"@type":"ListItem","position":2,"name":"\u00c1ruh\u00e1z","item":"https:\/\/esemineu.ro\/hu\/aruhaz\/"},{"@type":"ListItem","position":3,"name":"Rusztikus kr\u00e9m Vulkano Cser\u00e9pk\u00e1lyha 5S, Keret ben h\u0151\u00e1ll\u00f3 \u00fcveg az ajt\u00f3val 10kW"}]},{"@type":"WebSite","@id":"https:\/\/esemineu.ro\/hu\/#website","url":"https:\/\/esemineu.ro\/hu\/","name":"eSemineu","description":"\u0218eminee de cea mai \u00eenalt\u0103 calitate","potentialAction":[{"@type":"SearchAction","target":{"@type":"EntryPoint","urlTemplate":"https:\/\/esemineu.ro\/hu\/?s={search_term_string}"},"query-input":{"@type":"PropertyValueSpecification","valueRequired":true,"valueName":"search_term_string"}}],"inLanguage":"hu"}]}},"_links":{"self":[{"href":"https:\/\/esemineu.ro\/hu\/wp-json\/wp\/v2\/product\/4443","targetHints":{"allow":["GET"]}}],"collection":[{"href":"https:\/\/esemineu.ro\/hu\/wp-json\/wp\/v2\/product"}],"about":[{"href":"https:\/\/esemineu.ro\/hu\/wp-json\/wp\/v2\/types\/product"}],"replies":[{"embeddable":true,"href":"https:\/\/esemineu.ro\/hu\/wp-json\/wp\/v2\/comments?post=4443"}],"wp:featuredmedia":[{"embeddable":true,"href":"https:\/\/esemineu.ro\/hu\/wp-json\/wp\/v2\/media\/16813"}],"wp:attachment":[{"href":"https:\/\/esemineu.ro\/hu\/wp-json\/wp\/v2\/media?parent=4443"}],"wp:term":[{"taxonomy":"product_brand","embeddable":true,"href":"https:\/\/esemineu.ro\/hu\/wp-json\/wp\/v2\/product_brand?post=4443"},{"taxonomy":"product_cat","embeddable":true,"href":"https:\/\/esemineu.ro\/hu\/wp-json\/wp\/v2\/product_cat?post=4443"},{"taxonomy":"product_tag","embeddable":true,"href":"https:\/\/esemineu.ro\/hu\/wp-json\/wp\/v2\/product_tag?post=4443"}],"curies":[{"name":"wp","href":"https:\/\/api.w.org\/{rel}","templated":true}]}}