{"id":34144,"date":"2026-04-14T11:45:39","date_gmt":"2026-04-14T08:45:39","guid":{"rendered":"https:\/\/esemineu.ro\/?post_type=product&#038;p=34144"},"modified":"2026-04-14T11:48:55","modified_gmt":"2026-04-14T08:48:55","slug":"fm-aqua-plus-20kw-vizteres-kandallo-csatlakozo-elemek","status":"publish","type":"product","link":"https:\/\/esemineu.ro\/hu\/termek\/fm-aqua-plus-20kw-vizteres-kandallo-csatlakozo-elemek\/","title":{"rendered":"FM Aqua Plus 20kW, v\u00edzteres kandall\u00f3, + Csatlakoz\u00f3 elemek"},"content":{"rendered":"<p>Az FM Aqua Plus 20kW v\u00edzteres kandall\u00f3 olyan pr\u00e9mium min\u0151s\u00e9g\u0171 term\u00e9k, amely a t\u00f6k\u00e9letes h\u0151teljes\u00edtm\u00e9ny \u00e9s a meleg, otthonos k\u00f6rnyezet \u00e9lm\u00e9ny\u00e9t egyes\u00edti. Ez a fekete, matt sz\u00edn\u0171 kandall\u00f3 20 kW teljes\u00edtm\u00e9nyt biztos\u00edt, melyb\u0151l 14 kW a hidraulikus rendszerben hasznosul, m\u00edg a fennmarad\u00f3 6 kW k\u00f6zvetlen\u00fcl a szoba f\u0171t\u00e9s\u00e9re szolg\u00e1l. A leggyakoribb alkalmaz\u00e1suk a lak\u00f3terek k\u00f6zponti f\u0171t\u00e9s\u00e9nek biztos\u00edt\u00e1sa. Itt a kandall\u00f3ban keletkez\u0151 h\u0151t v\u00edz hordozza el, amelyet azt\u00e1n a radi\u00e1torok vagy padl\u00f3f\u0171t\u00e9s seg\u00edts\u00e9g\u00e9vel juttatnak el az egyes helyis\u00e9gekbe.<\/p>\n<p>A csomag tartalmaz egy 1 m\u00e9teres 150 \u00e1tm\u00e9r\u0151j\u0171 1,5mm vastag f\u00fcstcs\u00f6vet. 1 darab 50 cm 150 \u00e1tm\u00e9r\u0151j\u0171 1,5mm vastag f\u00fcstcs\u00f6vet, 1 darab 90 fokos 1,5mm vastag 150 \u00e1tm\u00e9r\u0151j\u0171 k\u00f6ny\u00f6ket, \u00e9s egy 150mm \u00e1tm\u00e9r\u0151j\u0171 rozett\u00e1t is.<\/p>\n<p>Ez a modell 79%-os hat\u00e1sfokkal rendelkezik, ami kiemelked\u0151 energiahat\u00e9konys\u00e1got biztos\u00edt, cs\u00f6kkentve a f\u0171t\u00e9si k\u00f6lts\u00e9geket, mik\u00f6zben meg\u0151rzi a hagyom\u00e1nyos t\u0171z l\u00e1tv\u00e1ny\u00e1t.<\/p>\n<p>Az FM Aqua Plus 20kW 2 mm vastag ac\u00e9llemezb\u0151l k\u00e9sz\u00fclt, m\u00edg a v\u00edztart\u00e1ly 4 mm vastag, ami garant\u00e1lja a hossz\u00fa \u00e9lettartamot \u00e9s a magas h\u0151\u00e1ll\u00f3s\u00e1got. A t\u0171zel\u0151anyagk\u00e9nt haszn\u00e1lhat\u00f3 brikett \u00e9s fa adja a term\u00e9knek a hagyom\u00e1nyos t\u0171z l\u00e1tv\u00e1ny\u00e1t.<\/p>\n<p>A 150 mm-es f\u00fcstcs\u0151 m\u00e9ret\u0171 kandall\u00f3 110 kg s\u00faly\u00fa, ami stabil \u00e9s megb\u00edzhat\u00f3 konstrukci\u00f3t biztos\u00edt. M\u00e9retei, 125 cm magass\u00e1g, 54 cm sz\u00e9less\u00e9g \u00e9s 53 cm m\u00e9lys\u00e9g, t\u00f6k\u00e9letesen illeszkednek b\u00e1rmely helyis\u00e9gbe, nem foglalva el t\u00fal sok helyet.<\/p>\n<p>Az FM Aqua Plus 20 kW v\u00edzteres kandall\u00f3 a kiv\u00e1l\u00f3 min\u0151s\u00e9g\u0171 term\u00e9kek k\u00f6z\u00e9 tartozik, amelyek hossz\u00fa \u00e9lettartamot \u00e9s rendk\u00edv\u00fcl hat\u00e9kony f\u0171t\u00e9st biztos\u00edtanak. A sz\u00e9ps\u00e9g, a funkcionalit\u00e1s \u00e9s a hat\u00e9konys\u00e1g kombin\u00e1ci\u00f3j\u00e1val ez a kandall\u00f3 a lehet\u0151 legjobb v\u00e1laszt\u00e1s otthona sz\u00e1m\u00e1ra.<\/p>\n<p>Ezek a kandall\u00f3k tov\u00e1bb\u00e1 kit\u0171n\u0151en alkalmasak nagyobb t\u00e9r, p\u00e9ld\u00e1ul \u00fcvegh\u00e1zak, m\u0171helyek vagy ak\u00e1r nagyobb nyaral\u00f3k f\u0171t\u00e9s\u00e9re is. Az FM Aqua Plus 20 kW v\u00edzteres kandall\u00f3 a kiv\u00e1l\u00f3 v\u00e1laszt\u00e1s lehet azoknak, akik hat\u00e9kony, megb\u00edzhat\u00f3 \u00e9s st\u00edlusos megold\u00e1st keresnek otthonuk f\u0171t\u00e9s\u00e9re.<\/p>\n<h6>Sz\u00e1ll\u00edt\u00e1si hat\u00e1rid\u0151:<\/h6>\n<ul>\n<li><strong>Magyarorsz\u00e1g \u00e9s az eg\u00e9sz Eur\u00f3pai Uni\u00f3 ter\u00fclet\u00e9n<\/strong>\u00a0is sz\u00e1ll\u00edtjuk.<\/li>\n<li>Rom\u00e1ni\u00e1ba 2-3 munkanap alatt sz\u00e1ll\u00edtjuk<\/li>\n<li>Magyarorsz\u00e1gra \u00e9s az EU ter\u00fclet\u00e9re az \u00e1tutal\u00e1s ut\u00e1n 5 munkanapon bel\u00fcl \u00e9rkezik meg a term\u00e9k.<\/li>\n<\/ul>\n<p>Ha b\u00e1rmilyen k\u00e9rd\u00e9se van, k\u00e9rj\u00fck, l\u00e9pjen kapcsolatba vel\u00fcnk.<\/p>\n<p>Tov\u00e1bbi aj\u00e1nlatok\u00e9rt kattintson\u00a0<a href=\"https:\/\/esemineu.ro\/hu\/termek-kategoria\/vizteres-kandallok\/\">ide<\/a><\/p>\n<p>T\u0151bb inform\u00e1ci\u00f3\u00e9rt l\u00e1togasson el\u00a0<a href=\"https:\/\/www.youtube.com\/@esemineuromania\">YouTube<\/a>-csatorn\u00e1nkra, valamint\u00a0<a href=\"https:\/\/www.facebook.com\/eSemineu\">Facebook<\/a>\u00a0\u00e9s\u00a0<a href=\"https:\/\/www.instagram.com\/esemineu\/\">Instagram<\/a>\u00a0oldalainkra.<\/p>\n<p><a href=\"https:\/\/esemineu.ro\/hu\/\">eSemineu.ro<\/a>\u00a0 \u00a0Te rakod a t\u0171zet, mi adjuk a meleget!<\/p>\n","protected":false},"excerpt":{"rendered":"<p>Az FM Aqua Plus 20kW v\u00edzteres kandall\u00f3 olyan pr\u00e9mium min\u0151s\u00e9g\u0171 term\u00e9k, amely a t\u00f6k\u00e9letes h\u0151teljes\u00edtm\u00e9ny \u00e9s a meleg, otthonos k\u00f6rnyezet \u00e9lm\u00e9ny\u00e9t egyes\u00edti. Ez a fekete, matt sz\u00edn\u0171 kandall\u00f3 20 kW teljes\u00edtm\u00e9nyt biztos\u00edt, melyb\u0151l 14 kW a hidraulikus rendszerben hasznosul, m\u00edg a fennmarad\u00f3 6 kW k\u00f6zvetlen\u00fcl a szoba f\u0171t\u00e9s\u00e9re szolg\u00e1l. A leggyakoribb alkalmaz\u00e1suk a lak\u00f3terek k\u00f6zponti f\u0171t\u00e9s\u00e9nek biztos\u00edt\u00e1sa. Itt a kandall\u00f3ban keletkez\u0151 h\u0151t v\u00edz hordozza el, amelyet azt\u00e1n a radi\u00e1torok vagy padl\u00f3f\u0171t\u00e9s seg\u00edts\u00e9g\u00e9vel juttatnak el az egyes helyis\u00e9gekbe. A csomag tartalmaz egy 1 m\u00e9teres 150 \u00e1tm\u00e9r\u0151j\u0171 1,5mm vastag f\u00fcstcs\u00f6vet. 1 darab 50 cm 150 \u00e1tm\u00e9r\u0151j\u0171 1,5mm vastag f\u00fcstcs\u00f6vet, 1 darab 90 fokos 1,5mm vastag 150 \u00e1tm\u00e9r\u0151j\u0171 k\u00f6ny\u00f6ket, \u00e9s egy 150mm \u00e1tm\u00e9r\u0151j\u0171 rozett\u00e1t is. Ez a modell 79%-os hat\u00e1sfokkal rendelkezik, ami kiemelked\u0151 energiahat\u00e9konys\u00e1got biztos\u00edt, cs\u00f6kkentve a f\u0171t\u00e9si k\u00f6lts\u00e9geket, mik\u00f6zben meg\u0151rzi a hagyom\u00e1nyos t\u0171z l\u00e1tv\u00e1ny\u00e1t. Az FM Aqua Plus 20kW 2 mm vastag ac\u00e9llemezb\u0151l k\u00e9sz\u00fclt, m\u00edg a v\u00edztart\u00e1ly 4 mm vastag, ami garant\u00e1lja &hellip; <a href=\"https:\/\/esemineu.ro\/hu\/termek\/fm-aqua-plus-20kw-vizteres-kandallo-csatlakozo-elemek\/\">Folytatva<\/a><\/p>\n","protected":false},"featured_media":34142,"comment_status":"open","ping_status":"closed","template":"","meta":[],"product_brand":[],"product_cat":[825],"product_tag":[],"class_list":{"0":"post-34144","1":"product","2":"type-product","3":"status-publish","4":"has-post-thumbnail","6":"product_cat-vizteres-kandallok","7":"product_shipping_class-vizteres-kandallok","8":"pa_combustibil-utilizat-brikett","9":"pa_combustibil-utilizat-fa","10":"pa_culoare-matt-fekete","11":"pa_diametru-racordului-la-cos-150-mm-hu","12":"pa_grosime-material-2-mm-hu","13":"pa_putere-20-kw-hu","14":"pa_randament-79-hu","15":"pa_utere-termica-in-circuit-hi-14kw-hu","17":"first","18":"instock","19":"shipping-taxable","20":"purchasable","21":"product-type-simple"},"acf":[],"yoast_head":"<!-- This site is optimized with the Yoast SEO Premium plugin v21.0 (Yoast SEO v27.3) - https:\/\/yoast.com\/product\/yoast-seo-premium-wordpress\/ -->\n<title>FM Aqua Plus 20kW, v\u00edzteres kandall\u00f3, + Csatlakoz\u00f3 elemek - eSemineu<\/title>\n<meta name=\"description\" content=\"FM Aqua Plus 20 kW v\u00edzteres kandall\u00f3, a kitermelt h\u0151 hat\u00e9kony kihaszn\u00e1l\u00e1s\u00e1ra. Otthona f\u0171t\u00e9s\u00e9nek \u00e9s meleg v\u00edz ell\u00e1t\u00e1s\u00e1nak forr\u00e1sa.\" \/>\n<meta name=\"robots\" content=\"index, follow, max-snippet:-1, max-image-preview:large, max-video-preview:-1\" \/>\n<link rel=\"canonical\" href=\"https:\/\/esemineu.ro\/hu\/termek\/fm-aqua-plus-20kw-vizteres-kandallo-csatlakozo-elemek\/\" \/>\n<meta property=\"og:locale\" content=\"hu_HU\" \/>\n<meta property=\"og:type\" content=\"article\" \/>\n<meta property=\"og:title\" content=\"FM Aqua Plus 20kW, v\u00edzteres kandall\u00f3, + Csatlakoz\u00f3 elemek - eSemineu\" \/>\n<meta property=\"og:description\" content=\"FM Aqua Plus 20 kW v\u00edzteres kandall\u00f3, a kitermelt h\u0151 hat\u00e9kony kihaszn\u00e1l\u00e1s\u00e1ra. Otthona f\u0171t\u00e9s\u00e9nek \u00e9s meleg v\u00edz ell\u00e1t\u00e1s\u00e1nak forr\u00e1sa.\" \/>\n<meta property=\"og:url\" content=\"https:\/\/esemineu.ro\/hu\/termek\/fm-aqua-plus-20kw-vizteres-kandallo-csatlakozo-elemek\/\" \/>\n<meta property=\"og:site_name\" content=\"eSemineu\" \/>\n<meta property=\"article:publisher\" content=\"https:\/\/web.facebook.com\/eSemineu\" \/>\n<meta property=\"article:modified_time\" content=\"2026-04-14T08:48:55+00:00\" \/>\n<meta property=\"og:image\" content=\"https:\/\/esemineu.ro\/wp-content\/uploads\/2026\/04\/AQUA-20kw-piese.jpg\" \/>\n\t<meta property=\"og:image:width\" content=\"1000\" \/>\n\t<meta property=\"og:image:height\" content=\"1000\" \/>\n\t<meta property=\"og:image:type\" content=\"image\/jpeg\" \/>\n<meta name=\"twitter:card\" content=\"summary_large_image\" \/>\n<meta name=\"twitter:label1\" content=\"Becs\u00fclt olvas\u00e1si id\u0151\" \/>\n\t<meta name=\"twitter:data1\" content=\"3 perc\" \/>\n<script type=\"application\/ld+json\" class=\"yoast-schema-graph\">{\"@context\":\"https:\\\/\\\/schema.org\",\"@graph\":[{\"@type\":\"WebPage\",\"@id\":\"https:\\\/\\\/esemineu.ro\\\/hu\\\/termek\\\/fm-aqua-plus-20kw-vizteres-kandallo-csatlakozo-elemek\\\/\",\"url\":\"https:\\\/\\\/esemineu.ro\\\/hu\\\/termek\\\/fm-aqua-plus-20kw-vizteres-kandallo-csatlakozo-elemek\\\/\",\"name\":\"FM Aqua Plus 20kW, v\u00edzteres kandall\u00f3, + Csatlakoz\u00f3 elemek - eSemineu\",\"isPartOf\":{\"@id\":\"https:\\\/\\\/esemineu.ro\\\/hu\\\/#website\"},\"primaryImageOfPage\":{\"@id\":\"https:\\\/\\\/esemineu.ro\\\/hu\\\/termek\\\/fm-aqua-plus-20kw-vizteres-kandallo-csatlakozo-elemek\\\/#primaryimage\"},\"image\":{\"@id\":\"https:\\\/\\\/esemineu.ro\\\/hu\\\/termek\\\/fm-aqua-plus-20kw-vizteres-kandallo-csatlakozo-elemek\\\/#primaryimage\"},\"thumbnailUrl\":\"https:\\\/\\\/esemineu.ro\\\/wp-content\\\/uploads\\\/2026\\\/04\\\/AQUA-20kw-piese.jpg\",\"datePublished\":\"2026-04-14T08:45:39+00:00\",\"dateModified\":\"2026-04-14T08:48:55+00:00\",\"description\":\"FM Aqua Plus 20 kW v\u00edzteres kandall\u00f3, a kitermelt h\u0151 hat\u00e9kony kihaszn\u00e1l\u00e1s\u00e1ra. Otthona f\u0171t\u00e9s\u00e9nek \u00e9s meleg v\u00edz ell\u00e1t\u00e1s\u00e1nak forr\u00e1sa.\",\"breadcrumb\":{\"@id\":\"https:\\\/\\\/esemineu.ro\\\/hu\\\/termek\\\/fm-aqua-plus-20kw-vizteres-kandallo-csatlakozo-elemek\\\/#breadcrumb\"},\"inLanguage\":\"hu\",\"potentialAction\":[{\"@type\":\"ReadAction\",\"target\":[\"https:\\\/\\\/esemineu.ro\\\/hu\\\/termek\\\/fm-aqua-plus-20kw-vizteres-kandallo-csatlakozo-elemek\\\/\"]}]},{\"@type\":\"ImageObject\",\"inLanguage\":\"hu\",\"@id\":\"https:\\\/\\\/esemineu.ro\\\/hu\\\/termek\\\/fm-aqua-plus-20kw-vizteres-kandallo-csatlakozo-elemek\\\/#primaryimage\",\"url\":\"https:\\\/\\\/esemineu.ro\\\/wp-content\\\/uploads\\\/2026\\\/04\\\/AQUA-20kw-piese.jpg\",\"contentUrl\":\"https:\\\/\\\/esemineu.ro\\\/wp-content\\\/uploads\\\/2026\\\/04\\\/AQUA-20kw-piese.jpg\",\"width\":1000,\"height\":1000},{\"@type\":\"BreadcrumbList\",\"@id\":\"https:\\\/\\\/esemineu.ro\\\/hu\\\/termek\\\/fm-aqua-plus-20kw-vizteres-kandallo-csatlakozo-elemek\\\/#breadcrumb\",\"itemListElement\":[{\"@type\":\"ListItem\",\"position\":1,\"name\":\"Kezd\u0151lap\",\"item\":\"https:\\\/\\\/esemineu.ro\\\/hu\\\/\"},{\"@type\":\"ListItem\",\"position\":2,\"name\":\"\u00c1ruh\u00e1z\",\"item\":\"https:\\\/\\\/esemineu.ro\\\/hu\\\/aruhaz\\\/\"},{\"@type\":\"ListItem\",\"position\":3,\"name\":\"FM Aqua Plus 20kW, v\u00edzteres kandall\u00f3, + Csatlakoz\u00f3 elemek\"}]},{\"@type\":\"WebSite\",\"@id\":\"https:\\\/\\\/esemineu.ro\\\/hu\\\/#website\",\"url\":\"https:\\\/\\\/esemineu.ro\\\/hu\\\/\",\"name\":\"eSemineu\",\"description\":\"\u0218eminee de cea mai \u00eenalt\u0103 calitate\",\"potentialAction\":[{\"@type\":\"SearchAction\",\"target\":{\"@type\":\"EntryPoint\",\"urlTemplate\":\"https:\\\/\\\/esemineu.ro\\\/hu\\\/?s={search_term_string}\"},\"query-input\":{\"@type\":\"PropertyValueSpecification\",\"valueRequired\":true,\"valueName\":\"search_term_string\"}}],\"inLanguage\":\"hu\"}]}<\/script>\n<!-- \/ Yoast SEO Premium plugin. -->","yoast_head_json":{"title":"FM Aqua Plus 20kW, v\u00edzteres kandall\u00f3, + Csatlakoz\u00f3 elemek - eSemineu","description":"FM Aqua Plus 20 kW v\u00edzteres kandall\u00f3, a kitermelt h\u0151 hat\u00e9kony kihaszn\u00e1l\u00e1s\u00e1ra. Otthona f\u0171t\u00e9s\u00e9nek \u00e9s meleg v\u00edz ell\u00e1t\u00e1s\u00e1nak forr\u00e1sa.","robots":{"index":"index","follow":"follow","max-snippet":"max-snippet:-1","max-image-preview":"max-image-preview:large","max-video-preview":"max-video-preview:-1"},"canonical":"https:\/\/esemineu.ro\/hu\/termek\/fm-aqua-plus-20kw-vizteres-kandallo-csatlakozo-elemek\/","og_locale":"hu_HU","og_type":"article","og_title":"FM Aqua Plus 20kW, v\u00edzteres kandall\u00f3, + Csatlakoz\u00f3 elemek - eSemineu","og_description":"FM Aqua Plus 20 kW v\u00edzteres kandall\u00f3, a kitermelt h\u0151 hat\u00e9kony kihaszn\u00e1l\u00e1s\u00e1ra. Otthona f\u0171t\u00e9s\u00e9nek \u00e9s meleg v\u00edz ell\u00e1t\u00e1s\u00e1nak forr\u00e1sa.","og_url":"https:\/\/esemineu.ro\/hu\/termek\/fm-aqua-plus-20kw-vizteres-kandallo-csatlakozo-elemek\/","og_site_name":"eSemineu","article_publisher":"https:\/\/web.facebook.com\/eSemineu","article_modified_time":"2026-04-14T08:48:55+00:00","og_image":[{"width":1000,"height":1000,"url":"https:\/\/esemineu.ro\/wp-content\/uploads\/2026\/04\/AQUA-20kw-piese.jpg","type":"image\/jpeg"}],"twitter_card":"summary_large_image","twitter_misc":{"Becs\u00fclt olvas\u00e1si id\u0151":"3 perc"},"schema":{"@context":"https:\/\/schema.org","@graph":[{"@type":"WebPage","@id":"https:\/\/esemineu.ro\/hu\/termek\/fm-aqua-plus-20kw-vizteres-kandallo-csatlakozo-elemek\/","url":"https:\/\/esemineu.ro\/hu\/termek\/fm-aqua-plus-20kw-vizteres-kandallo-csatlakozo-elemek\/","name":"FM Aqua Plus 20kW, v\u00edzteres kandall\u00f3, + Csatlakoz\u00f3 elemek - eSemineu","isPartOf":{"@id":"https:\/\/esemineu.ro\/hu\/#website"},"primaryImageOfPage":{"@id":"https:\/\/esemineu.ro\/hu\/termek\/fm-aqua-plus-20kw-vizteres-kandallo-csatlakozo-elemek\/#primaryimage"},"image":{"@id":"https:\/\/esemineu.ro\/hu\/termek\/fm-aqua-plus-20kw-vizteres-kandallo-csatlakozo-elemek\/#primaryimage"},"thumbnailUrl":"https:\/\/esemineu.ro\/wp-content\/uploads\/2026\/04\/AQUA-20kw-piese.jpg","datePublished":"2026-04-14T08:45:39+00:00","dateModified":"2026-04-14T08:48:55+00:00","description":"FM Aqua Plus 20 kW v\u00edzteres kandall\u00f3, a kitermelt h\u0151 hat\u00e9kony kihaszn\u00e1l\u00e1s\u00e1ra. Otthona f\u0171t\u00e9s\u00e9nek \u00e9s meleg v\u00edz ell\u00e1t\u00e1s\u00e1nak forr\u00e1sa.","breadcrumb":{"@id":"https:\/\/esemineu.ro\/hu\/termek\/fm-aqua-plus-20kw-vizteres-kandallo-csatlakozo-elemek\/#breadcrumb"},"inLanguage":"hu","potentialAction":[{"@type":"ReadAction","target":["https:\/\/esemineu.ro\/hu\/termek\/fm-aqua-plus-20kw-vizteres-kandallo-csatlakozo-elemek\/"]}]},{"@type":"ImageObject","inLanguage":"hu","@id":"https:\/\/esemineu.ro\/hu\/termek\/fm-aqua-plus-20kw-vizteres-kandallo-csatlakozo-elemek\/#primaryimage","url":"https:\/\/esemineu.ro\/wp-content\/uploads\/2026\/04\/AQUA-20kw-piese.jpg","contentUrl":"https:\/\/esemineu.ro\/wp-content\/uploads\/2026\/04\/AQUA-20kw-piese.jpg","width":1000,"height":1000},{"@type":"BreadcrumbList","@id":"https:\/\/esemineu.ro\/hu\/termek\/fm-aqua-plus-20kw-vizteres-kandallo-csatlakozo-elemek\/#breadcrumb","itemListElement":[{"@type":"ListItem","position":1,"name":"Kezd\u0151lap","item":"https:\/\/esemineu.ro\/hu\/"},{"@type":"ListItem","position":2,"name":"\u00c1ruh\u00e1z","item":"https:\/\/esemineu.ro\/hu\/aruhaz\/"},{"@type":"ListItem","position":3,"name":"FM Aqua Plus 20kW, v\u00edzteres kandall\u00f3, + Csatlakoz\u00f3 elemek"}]},{"@type":"WebSite","@id":"https:\/\/esemineu.ro\/hu\/#website","url":"https:\/\/esemineu.ro\/hu\/","name":"eSemineu","description":"\u0218eminee de cea mai \u00eenalt\u0103 calitate","potentialAction":[{"@type":"SearchAction","target":{"@type":"EntryPoint","urlTemplate":"https:\/\/esemineu.ro\/hu\/?s={search_term_string}"},"query-input":{"@type":"PropertyValueSpecification","valueRequired":true,"valueName":"search_term_string"}}],"inLanguage":"hu"}]}},"_links":{"self":[{"href":"https:\/\/esemineu.ro\/hu\/wp-json\/wp\/v2\/product\/34144","targetHints":{"allow":["GET"]}}],"collection":[{"href":"https:\/\/esemineu.ro\/hu\/wp-json\/wp\/v2\/product"}],"about":[{"href":"https:\/\/esemineu.ro\/hu\/wp-json\/wp\/v2\/types\/product"}],"replies":[{"embeddable":true,"href":"https:\/\/esemineu.ro\/hu\/wp-json\/wp\/v2\/comments?post=34144"}],"wp:featuredmedia":[{"embeddable":true,"href":"https:\/\/esemineu.ro\/hu\/wp-json\/wp\/v2\/media\/34142"}],"wp:attachment":[{"href":"https:\/\/esemineu.ro\/hu\/wp-json\/wp\/v2\/media?parent=34144"}],"wp:term":[{"taxonomy":"product_brand","embeddable":true,"href":"https:\/\/esemineu.ro\/hu\/wp-json\/wp\/v2\/product_brand?post=34144"},{"taxonomy":"product_cat","embeddable":true,"href":"https:\/\/esemineu.ro\/hu\/wp-json\/wp\/v2\/product_cat?post=34144"},{"taxonomy":"product_tag","embeddable":true,"href":"https:\/\/esemineu.ro\/hu\/wp-json\/wp\/v2\/product_tag?post=34144"}],"curies":[{"name":"wp","href":"https:\/\/api.w.org\/{rel}","templated":true}]}}