{"id":34139,"date":"2026-04-14T10:50:55","date_gmt":"2026-04-14T07:50:55","guid":{"rendered":"https:\/\/esemineu.ro\/?post_type=product&#038;p=34139"},"modified":"2026-04-14T10:54:25","modified_gmt":"2026-04-14T07:54:25","slug":"fm-aqua-plus-25kw-vizteres-kandallo-csatlakozo-elemek","status":"publish","type":"product","link":"https:\/\/esemineu.ro\/hu\/termek\/fm-aqua-plus-25kw-vizteres-kandallo-csatlakozo-elemek\/","title":{"rendered":"FM Aqua Plus 25kW, v\u00edzteres kandall\u00f3, + Csatlakoz\u00f3 elemek"},"content":{"rendered":"<p>Az FM Aqua Plus 25kW v\u00edzteres kandall\u00f3 a t\u00f6k\u00e9letes v\u00e1laszt\u00e1s az otthoni f\u0171t\u00e9shez. Ez a modern, matt fekete kandall\u00f3 kiv\u00e1l\u00f3 min\u0151s\u00e9g\u0171 ac\u00e9lb\u00f3l k\u00e9sz\u00fclt, amelynek vastags\u00e1ga 2mm, \u00e9s a v\u00edztart\u00e1ly fal vastags\u00e1ga 4mm, garant\u00e1lva a tart\u00f3ss\u00e1got \u00e9s a hossz\u00fa \u00e9lettartamot. Egy 150 mm-es f\u00fcstcs\u0151vel rendelkezik, amely egyszer\u0171en csatlakoztathat\u00f3 a megl\u00e9v\u0151 k\u00e9m\u00e9nyhez.<\/p>\n<p>A csomag tartalmaz egy 1 m\u00e9teres 150 \u00e1tm\u00e9r\u0151j\u0171 1,5mm vastag f\u00fcstcs\u00f6vet. 1 darab 50 cm 150 \u00e1tm\u00e9r\u0151j\u0171 1,5mm vastag f\u00fcstcs\u00f6vet, 1 darab 90 fokos 1,5mm vastag 150 \u00e1tm\u00e9r\u0151j\u0171 k\u00f6ny\u00f6ket, \u00e9s egy 150mm \u00e1tm\u00e9r\u0151j\u0171 rozett\u00e1t is.<\/p>\n<p>A FM Aqua Plus 25kW teljes\u00edtm\u00e9nye lehet\u0151v\u00e9 teszi, hogy otthona minden r\u00e9sz\u00e9t k\u00e9nyelmesen meleg\u00edtsen, a f\u0151 helyis\u00e9gekt\u0151l az apr\u00f3bb helyis\u00e9gekig. A brikett vagy fa haszn\u00e1lat\u00e1val a kandall\u00f3 nem csak meleget szolg\u00e1ltat, de otthonos hangulatot is teremt.<\/p>\n<p>Ez a kandall\u00f3 125 cm magas, 54 cm sz\u00e9les \u00e9s 53 cm m\u00e9ly, \u00edgy k\u00f6nnyen integr\u00e1lhat\u00f3 a legt\u00f6bb helyis\u00e9gbe. A 110 kg-os s\u00falya ellen\u00e9re k\u00f6nnyen mozgathat\u00f3 \u00e9s telep\u00edthet\u0151, ami megk\u00f6nny\u00edti a be\u00fczemel\u00e9st \u00e9s a karbantart\u00e1st.<\/p>\n<p>Az FM Aqua Plus 25kW v\u00edzteres kandall\u00f3 ide\u00e1lis v\u00e1laszt\u00e1s otthonokba, nyaral\u00f3kba, vagy olyan helyekre, ahol sz\u00fcks\u00e9g van hat\u00e9kony, de ugyanakkor eszt\u00e9tikus f\u0171t\u00e9sre. A v\u00edzteres kandall\u00f3k k\u00fcl\u00f6n\u00f6sen hasznosak nagyobb terek, mint p\u00e9ld\u00e1ul nappalik, nyitott terek vagy ak\u00e1r t\u00f6bb szoba egyidej\u0171 f\u0171t\u00e9s\u00e9re, mivel a v\u00edzteres rendszer lehet\u0151v\u00e9 teszi a meleg v\u00edz radi\u00e1torokba vagy padl\u00f3f\u0171t\u00e9sbe val\u00f3 sz\u00e1ll\u00edt\u00e1s\u00e1t.<\/p>\n<p>Az Aqua Plus 25kW jellemz\u0151i, mint a magas teljes\u00edtm\u00e9ny, a sokoldal\u00fa t\u00fczel\u0151anyag haszn\u00e1lata \u00e9s az eleg\u00e1ns megjelen\u00e9s, teszik ezt a kandall\u00f3t az otthoni f\u0171t\u00e9si megold\u00e1sok k\u00f6zt kiemelked\u0151v\u00e9. V\u00e1lassza a megb\u00edzhat\u00f3s\u00e1got \u00e9s a st\u00edlust az FM Aqua Plus 25 kW v\u00edzteres kandall\u00f3val!<\/p>\n<p>Az FM Aqua Plus 25kW v\u00edzteres kandall\u00f3 a kiv\u00e1l\u00f3 min\u0151s\u00e9g\u0171 term\u00e9kek k\u00f6z\u00e9 tartozik, amelyek hossz\u00fa \u00e9lettartamot \u00e9s rendk\u00edv\u00fcl hat\u00e9kony f\u0171t\u00e9st biztos\u00edtanak. A sz\u00e9ps\u00e9g, a funkcionalit\u00e1s \u00e9s a hat\u00e9konys\u00e1g kombin\u00e1ci\u00f3j\u00e1val ez a kandall\u00f3 a lehet\u0151 legjobb v\u00e1laszt\u00e1s otthona sz\u00e1m\u00e1ra.<\/p>\n<h6>Sz\u00e1ll\u00edt\u00e1si hat\u00e1rid\u0151:<\/h6>\n<ul>\n<li><strong>Magyarorsz\u00e1g \u00e9s az eg\u00e9sz Eur\u00f3pai Uni\u00f3 ter\u00fclet\u00e9n<\/strong>\u00a0is sz\u00e1ll\u00edtjuk.<\/li>\n<li>Rom\u00e1ni\u00e1ba 2-3 munkanap alatt sz\u00e1ll\u00edtjuk<\/li>\n<li>Magyarorsz\u00e1gra \u00e9s az EU ter\u00fclet\u00e9re az \u00e1tutal\u00e1s ut\u00e1n 5 munkanapon bel\u00fcl \u00e9rkezik meg a term\u00e9k.<\/li>\n<\/ul>\n<p>Ha b\u00e1rmilyen k\u00e9rd\u00e9se van, k\u00e9rj\u00fck, l\u00e9pjen kapcsolatba vel\u00fcnk.<\/p>\n<p>Tov\u00e1bbi aj\u00e1nlatok\u00e9rt kattintson\u00a0<a href=\"https:\/\/esemineu.ro\/hu\/termek-kategoria\/vizteres-kandallok\/\">ide<\/a><\/p>\n<p>T\u0151bb inform\u00e1ci\u00f3\u00e9rt l\u00e1togasson el\u00a0<a href=\"https:\/\/www.youtube.com\/@esemineuromania\">YouTube<\/a>-csatorn\u00e1nkra, valamint\u00a0<a href=\"https:\/\/www.facebook.com\/eSemineu\">Facebook<\/a>\u00a0\u00e9s\u00a0<a href=\"https:\/\/www.instagram.com\/esemineu\/\">Instagram<\/a>\u00a0oldalainkra.<\/p>\n<p><a href=\"https:\/\/esemineu.ro\/hu\/\">eSemineu.ro<\/a>\u00a0 \u00a0Te rakod a t\u0171zet, mi adjuk a meleget!<\/p>\n","protected":false},"excerpt":{"rendered":"<p>Az FM Aqua Plus 25kW v\u00edzteres kandall\u00f3 a t\u00f6k\u00e9letes v\u00e1laszt\u00e1s az otthoni f\u0171t\u00e9shez. Ez a modern, matt fekete kandall\u00f3 kiv\u00e1l\u00f3 min\u0151s\u00e9g\u0171 ac\u00e9lb\u00f3l k\u00e9sz\u00fclt, amelynek vastags\u00e1ga 2mm, \u00e9s a v\u00edztart\u00e1ly fal vastags\u00e1ga 4mm, garant\u00e1lva a tart\u00f3ss\u00e1got \u00e9s a hossz\u00fa \u00e9lettartamot. Egy 150 mm-es f\u00fcstcs\u0151vel rendelkezik, amely egyszer\u0171en csatlakoztathat\u00f3 a megl\u00e9v\u0151 k\u00e9m\u00e9nyhez. A csomag tartalmaz egy 1 m\u00e9teres 150 \u00e1tm\u00e9r\u0151j\u0171 1,5mm vastag f\u00fcstcs\u00f6vet. 1 darab 50 cm 150 \u00e1tm\u00e9r\u0151j\u0171 1,5mm vastag f\u00fcstcs\u00f6vet, 1 darab 90 fokos 1,5mm vastag 150 \u00e1tm\u00e9r\u0151j\u0171 k\u00f6ny\u00f6ket, \u00e9s egy 150mm \u00e1tm\u00e9r\u0151j\u0171 rozett\u00e1t is. A FM Aqua Plus 25kW teljes\u00edtm\u00e9nye lehet\u0151v\u00e9 teszi, hogy otthona minden r\u00e9sz\u00e9t k\u00e9nyelmesen meleg\u00edtsen, a f\u0151 helyis\u00e9gekt\u0151l az apr\u00f3bb helyis\u00e9gekig. A brikett vagy fa haszn\u00e1lat\u00e1val a kandall\u00f3 nem csak meleget szolg\u00e1ltat, de otthonos hangulatot is teremt. Ez a kandall\u00f3 125 cm magas, 54 cm sz\u00e9les \u00e9s 53 cm m\u00e9ly, \u00edgy k\u00f6nnyen integr\u00e1lhat\u00f3 a legt\u00f6bb helyis\u00e9gbe. A 110 kg-os s\u00falya ellen\u00e9re k\u00f6nnyen mozgathat\u00f3 \u00e9s telep\u00edthet\u0151, ami &hellip; <a href=\"https:\/\/esemineu.ro\/hu\/termek\/fm-aqua-plus-25kw-vizteres-kandallo-csatlakozo-elemek\/\">Folytatva<\/a><\/p>\n","protected":false},"featured_media":34138,"comment_status":"open","ping_status":"closed","template":"","meta":[],"product_brand":[],"product_cat":[825],"product_tag":[],"class_list":{"0":"post-34139","1":"product","2":"type-product","3":"status-publish","4":"has-post-thumbnail","6":"product_cat-vizteres-kandallok","7":"product_shipping_class-vizteres-kandallok","8":"pa_combustibil-utilizat-brikett","9":"pa_combustibil-utilizat-fa","10":"pa_culoare-matt-fekete","11":"pa_diametru-racordului-la-cos-150-mm-hu","12":"pa_grosime-material-2-mm-hu","13":"pa_putere-25kw-hu","14":"pa_randament-79-hu","15":"pa_utere-termica-in-circuit-hi-17kw-hu","17":"first","18":"instock","19":"shipping-taxable","20":"purchasable","21":"product-type-simple"},"acf":[],"yoast_head":"<!-- This site is optimized with the Yoast SEO Premium plugin v21.0 (Yoast SEO v27.3) - https:\/\/yoast.com\/product\/yoast-seo-premium-wordpress\/ -->\n<title>FM Aqua Plus 25kW, v\u00edzteres kandall\u00f3, + Csatlakoz\u00f3 elemek - eSemineu<\/title>\n<meta name=\"description\" content=\"Ismerje meg az FM Aqua Plus 25kW v\u00edzteres kandall\u00f3t, amely modern diz\u00e1jnnal \u00e9s magas f\u0171t\u0151teljes\u00edtm\u00e9nnyel garant\u00e1lja otthona k\u00e9nyelmes meleg\u00e9t.\" \/>\n<meta name=\"robots\" content=\"index, follow, max-snippet:-1, max-image-preview:large, max-video-preview:-1\" \/>\n<link rel=\"canonical\" href=\"https:\/\/esemineu.ro\/hu\/termek\/fm-aqua-plus-25kw-vizteres-kandallo-csatlakozo-elemek\/\" \/>\n<meta property=\"og:locale\" content=\"hu_HU\" \/>\n<meta property=\"og:type\" content=\"article\" \/>\n<meta property=\"og:title\" content=\"FM Aqua Plus 25kW, v\u00edzteres kandall\u00f3, + Csatlakoz\u00f3 elemek - eSemineu\" \/>\n<meta property=\"og:description\" content=\"Ismerje meg az FM Aqua Plus 25kW v\u00edzteres kandall\u00f3t, amely modern diz\u00e1jnnal \u00e9s magas f\u0171t\u0151teljes\u00edtm\u00e9nnyel garant\u00e1lja otthona k\u00e9nyelmes meleg\u00e9t.\" \/>\n<meta property=\"og:url\" content=\"https:\/\/esemineu.ro\/hu\/termek\/fm-aqua-plus-25kw-vizteres-kandallo-csatlakozo-elemek\/\" \/>\n<meta property=\"og:site_name\" content=\"eSemineu\" \/>\n<meta property=\"article:publisher\" content=\"https:\/\/web.facebook.com\/eSemineu\" \/>\n<meta property=\"article:modified_time\" content=\"2026-04-14T07:54:25+00:00\" \/>\n<meta property=\"og:image\" content=\"https:\/\/esemineu.ro\/wp-content\/uploads\/2026\/04\/AQUA-25kw-piese.jpg\" \/>\n\t<meta property=\"og:image:width\" content=\"1000\" \/>\n\t<meta property=\"og:image:height\" content=\"1000\" \/>\n\t<meta property=\"og:image:type\" content=\"image\/jpeg\" \/>\n<meta name=\"twitter:card\" content=\"summary_large_image\" \/>\n<meta name=\"twitter:label1\" content=\"Becs\u00fclt olvas\u00e1si id\u0151\" \/>\n\t<meta name=\"twitter:data1\" content=\"3 perc\" \/>\n<script type=\"application\/ld+json\" class=\"yoast-schema-graph\">{\"@context\":\"https:\\\/\\\/schema.org\",\"@graph\":[{\"@type\":\"WebPage\",\"@id\":\"https:\\\/\\\/esemineu.ro\\\/hu\\\/termek\\\/fm-aqua-plus-25kw-vizteres-kandallo-csatlakozo-elemek\\\/\",\"url\":\"https:\\\/\\\/esemineu.ro\\\/hu\\\/termek\\\/fm-aqua-plus-25kw-vizteres-kandallo-csatlakozo-elemek\\\/\",\"name\":\"FM Aqua Plus 25kW, v\u00edzteres kandall\u00f3, + Csatlakoz\u00f3 elemek - eSemineu\",\"isPartOf\":{\"@id\":\"https:\\\/\\\/esemineu.ro\\\/hu\\\/#website\"},\"primaryImageOfPage\":{\"@id\":\"https:\\\/\\\/esemineu.ro\\\/hu\\\/termek\\\/fm-aqua-plus-25kw-vizteres-kandallo-csatlakozo-elemek\\\/#primaryimage\"},\"image\":{\"@id\":\"https:\\\/\\\/esemineu.ro\\\/hu\\\/termek\\\/fm-aqua-plus-25kw-vizteres-kandallo-csatlakozo-elemek\\\/#primaryimage\"},\"thumbnailUrl\":\"https:\\\/\\\/esemineu.ro\\\/wp-content\\\/uploads\\\/2026\\\/04\\\/AQUA-25kw-piese.jpg\",\"datePublished\":\"2026-04-14T07:50:55+00:00\",\"dateModified\":\"2026-04-14T07:54:25+00:00\",\"description\":\"Ismerje meg az FM Aqua Plus 25kW v\u00edzteres kandall\u00f3t, amely modern diz\u00e1jnnal \u00e9s magas f\u0171t\u0151teljes\u00edtm\u00e9nnyel garant\u00e1lja otthona k\u00e9nyelmes meleg\u00e9t.\",\"breadcrumb\":{\"@id\":\"https:\\\/\\\/esemineu.ro\\\/hu\\\/termek\\\/fm-aqua-plus-25kw-vizteres-kandallo-csatlakozo-elemek\\\/#breadcrumb\"},\"inLanguage\":\"hu\",\"potentialAction\":[{\"@type\":\"ReadAction\",\"target\":[\"https:\\\/\\\/esemineu.ro\\\/hu\\\/termek\\\/fm-aqua-plus-25kw-vizteres-kandallo-csatlakozo-elemek\\\/\"]}]},{\"@type\":\"ImageObject\",\"inLanguage\":\"hu\",\"@id\":\"https:\\\/\\\/esemineu.ro\\\/hu\\\/termek\\\/fm-aqua-plus-25kw-vizteres-kandallo-csatlakozo-elemek\\\/#primaryimage\",\"url\":\"https:\\\/\\\/esemineu.ro\\\/wp-content\\\/uploads\\\/2026\\\/04\\\/AQUA-25kw-piese.jpg\",\"contentUrl\":\"https:\\\/\\\/esemineu.ro\\\/wp-content\\\/uploads\\\/2026\\\/04\\\/AQUA-25kw-piese.jpg\",\"width\":1000,\"height\":1000},{\"@type\":\"BreadcrumbList\",\"@id\":\"https:\\\/\\\/esemineu.ro\\\/hu\\\/termek\\\/fm-aqua-plus-25kw-vizteres-kandallo-csatlakozo-elemek\\\/#breadcrumb\",\"itemListElement\":[{\"@type\":\"ListItem\",\"position\":1,\"name\":\"Kezd\u0151lap\",\"item\":\"https:\\\/\\\/esemineu.ro\\\/hu\\\/\"},{\"@type\":\"ListItem\",\"position\":2,\"name\":\"\u00c1ruh\u00e1z\",\"item\":\"https:\\\/\\\/esemineu.ro\\\/hu\\\/aruhaz\\\/\"},{\"@type\":\"ListItem\",\"position\":3,\"name\":\"FM Aqua Plus 25kW, v\u00edzteres kandall\u00f3, + Csatlakoz\u00f3 elemek\"}]},{\"@type\":\"WebSite\",\"@id\":\"https:\\\/\\\/esemineu.ro\\\/hu\\\/#website\",\"url\":\"https:\\\/\\\/esemineu.ro\\\/hu\\\/\",\"name\":\"eSemineu\",\"description\":\"\u0218eminee de cea mai \u00eenalt\u0103 calitate\",\"potentialAction\":[{\"@type\":\"SearchAction\",\"target\":{\"@type\":\"EntryPoint\",\"urlTemplate\":\"https:\\\/\\\/esemineu.ro\\\/hu\\\/?s={search_term_string}\"},\"query-input\":{\"@type\":\"PropertyValueSpecification\",\"valueRequired\":true,\"valueName\":\"search_term_string\"}}],\"inLanguage\":\"hu\"}]}<\/script>\n<!-- \/ Yoast SEO Premium plugin. -->","yoast_head_json":{"title":"FM Aqua Plus 25kW, v\u00edzteres kandall\u00f3, + Csatlakoz\u00f3 elemek - eSemineu","description":"Ismerje meg az FM Aqua Plus 25kW v\u00edzteres kandall\u00f3t, amely modern diz\u00e1jnnal \u00e9s magas f\u0171t\u0151teljes\u00edtm\u00e9nnyel garant\u00e1lja otthona k\u00e9nyelmes meleg\u00e9t.","robots":{"index":"index","follow":"follow","max-snippet":"max-snippet:-1","max-image-preview":"max-image-preview:large","max-video-preview":"max-video-preview:-1"},"canonical":"https:\/\/esemineu.ro\/hu\/termek\/fm-aqua-plus-25kw-vizteres-kandallo-csatlakozo-elemek\/","og_locale":"hu_HU","og_type":"article","og_title":"FM Aqua Plus 25kW, v\u00edzteres kandall\u00f3, + Csatlakoz\u00f3 elemek - eSemineu","og_description":"Ismerje meg az FM Aqua Plus 25kW v\u00edzteres kandall\u00f3t, amely modern diz\u00e1jnnal \u00e9s magas f\u0171t\u0151teljes\u00edtm\u00e9nnyel garant\u00e1lja otthona k\u00e9nyelmes meleg\u00e9t.","og_url":"https:\/\/esemineu.ro\/hu\/termek\/fm-aqua-plus-25kw-vizteres-kandallo-csatlakozo-elemek\/","og_site_name":"eSemineu","article_publisher":"https:\/\/web.facebook.com\/eSemineu","article_modified_time":"2026-04-14T07:54:25+00:00","og_image":[{"width":1000,"height":1000,"url":"https:\/\/esemineu.ro\/wp-content\/uploads\/2026\/04\/AQUA-25kw-piese.jpg","type":"image\/jpeg"}],"twitter_card":"summary_large_image","twitter_misc":{"Becs\u00fclt olvas\u00e1si id\u0151":"3 perc"},"schema":{"@context":"https:\/\/schema.org","@graph":[{"@type":"WebPage","@id":"https:\/\/esemineu.ro\/hu\/termek\/fm-aqua-plus-25kw-vizteres-kandallo-csatlakozo-elemek\/","url":"https:\/\/esemineu.ro\/hu\/termek\/fm-aqua-plus-25kw-vizteres-kandallo-csatlakozo-elemek\/","name":"FM Aqua Plus 25kW, v\u00edzteres kandall\u00f3, + Csatlakoz\u00f3 elemek - eSemineu","isPartOf":{"@id":"https:\/\/esemineu.ro\/hu\/#website"},"primaryImageOfPage":{"@id":"https:\/\/esemineu.ro\/hu\/termek\/fm-aqua-plus-25kw-vizteres-kandallo-csatlakozo-elemek\/#primaryimage"},"image":{"@id":"https:\/\/esemineu.ro\/hu\/termek\/fm-aqua-plus-25kw-vizteres-kandallo-csatlakozo-elemek\/#primaryimage"},"thumbnailUrl":"https:\/\/esemineu.ro\/wp-content\/uploads\/2026\/04\/AQUA-25kw-piese.jpg","datePublished":"2026-04-14T07:50:55+00:00","dateModified":"2026-04-14T07:54:25+00:00","description":"Ismerje meg az FM Aqua Plus 25kW v\u00edzteres kandall\u00f3t, amely modern diz\u00e1jnnal \u00e9s magas f\u0171t\u0151teljes\u00edtm\u00e9nnyel garant\u00e1lja otthona k\u00e9nyelmes meleg\u00e9t.","breadcrumb":{"@id":"https:\/\/esemineu.ro\/hu\/termek\/fm-aqua-plus-25kw-vizteres-kandallo-csatlakozo-elemek\/#breadcrumb"},"inLanguage":"hu","potentialAction":[{"@type":"ReadAction","target":["https:\/\/esemineu.ro\/hu\/termek\/fm-aqua-plus-25kw-vizteres-kandallo-csatlakozo-elemek\/"]}]},{"@type":"ImageObject","inLanguage":"hu","@id":"https:\/\/esemineu.ro\/hu\/termek\/fm-aqua-plus-25kw-vizteres-kandallo-csatlakozo-elemek\/#primaryimage","url":"https:\/\/esemineu.ro\/wp-content\/uploads\/2026\/04\/AQUA-25kw-piese.jpg","contentUrl":"https:\/\/esemineu.ro\/wp-content\/uploads\/2026\/04\/AQUA-25kw-piese.jpg","width":1000,"height":1000},{"@type":"BreadcrumbList","@id":"https:\/\/esemineu.ro\/hu\/termek\/fm-aqua-plus-25kw-vizteres-kandallo-csatlakozo-elemek\/#breadcrumb","itemListElement":[{"@type":"ListItem","position":1,"name":"Kezd\u0151lap","item":"https:\/\/esemineu.ro\/hu\/"},{"@type":"ListItem","position":2,"name":"\u00c1ruh\u00e1z","item":"https:\/\/esemineu.ro\/hu\/aruhaz\/"},{"@type":"ListItem","position":3,"name":"FM Aqua Plus 25kW, v\u00edzteres kandall\u00f3, + Csatlakoz\u00f3 elemek"}]},{"@type":"WebSite","@id":"https:\/\/esemineu.ro\/hu\/#website","url":"https:\/\/esemineu.ro\/hu\/","name":"eSemineu","description":"\u0218eminee de cea mai \u00eenalt\u0103 calitate","potentialAction":[{"@type":"SearchAction","target":{"@type":"EntryPoint","urlTemplate":"https:\/\/esemineu.ro\/hu\/?s={search_term_string}"},"query-input":{"@type":"PropertyValueSpecification","valueRequired":true,"valueName":"search_term_string"}}],"inLanguage":"hu"}]}},"_links":{"self":[{"href":"https:\/\/esemineu.ro\/hu\/wp-json\/wp\/v2\/product\/34139","targetHints":{"allow":["GET"]}}],"collection":[{"href":"https:\/\/esemineu.ro\/hu\/wp-json\/wp\/v2\/product"}],"about":[{"href":"https:\/\/esemineu.ro\/hu\/wp-json\/wp\/v2\/types\/product"}],"replies":[{"embeddable":true,"href":"https:\/\/esemineu.ro\/hu\/wp-json\/wp\/v2\/comments?post=34139"}],"wp:featuredmedia":[{"embeddable":true,"href":"https:\/\/esemineu.ro\/hu\/wp-json\/wp\/v2\/media\/34138"}],"wp:attachment":[{"href":"https:\/\/esemineu.ro\/hu\/wp-json\/wp\/v2\/media?parent=34139"}],"wp:term":[{"taxonomy":"product_brand","embeddable":true,"href":"https:\/\/esemineu.ro\/hu\/wp-json\/wp\/v2\/product_brand?post=34139"},{"taxonomy":"product_cat","embeddable":true,"href":"https:\/\/esemineu.ro\/hu\/wp-json\/wp\/v2\/product_cat?post=34139"},{"taxonomy":"product_tag","embeddable":true,"href":"https:\/\/esemineu.ro\/hu\/wp-json\/wp\/v2\/product_tag?post=34139"}],"curies":[{"name":"wp","href":"https:\/\/api.w.org\/{rel}","templated":true}]}}