{"id":34127,"date":"2026-04-14T09:11:36","date_gmt":"2026-04-14T06:11:36","guid":{"rendered":"https:\/\/esemineu.ro\/?post_type=product&#038;p=34127"},"modified":"2026-04-14T09:19:07","modified_gmt":"2026-04-14T06:19:07","slug":"120-mm-es-kemenykefe","status":"publish","type":"product","link":"https:\/\/esemineu.ro\/hu\/termek\/120-mm-es-kemenykefe\/","title":{"rendered":"120 mm-es k\u00e9m\u00e9nykefe"},"content":{"rendered":"<p data-start=\"1259\" data-end=\"1503\">A <strong data-start=\"1261\" data-end=\"1285\">120 mm-es k\u00e9m\u00e9nykefe<\/strong> t\u00f6k\u00e9letes eszk\u00f6z a k\u00e9m\u00e9nyek \u00e9s f\u00fcstcs\u00f6vek hat\u00e9kony tiszt\u00edt\u00e1s\u00e1hoz. Gyorsan elt\u00e1vol\u00edtja a hamut, kormot \u00e9s az \u00e9g\u00e9s sor\u00e1n keletkez\u0151 lerak\u00f3d\u00e1sokat. A rendszeres tiszt\u00edt\u00e1s jav\u00edtja a huzatot \u00e9s n\u00f6veli a f\u0171t\u00e9s biztons\u00e1g\u00e1t.<\/p>\n<p data-start=\"1505\" data-end=\"1686\">A kefe <strong data-start=\"1512\" data-end=\"1541\">er\u0151s ac\u00e9lhuzalb\u00f3l k\u00e9sz\u00fclt<\/strong>, \u00edgy rendk\u00edv\u00fcl tart\u00f3s \u00e9s hossz\u00fa \u00e9lettartam\u00fa. Magas rugalmass\u00e1g\u00e1nak k\u00f6sz\u00f6nhet\u0151en nem deform\u00e1l\u00f3dik, ez\u00e9rt sok haszn\u00e1lat ut\u00e1n is meg\u0151rzi alakj\u00e1t.<\/p>\n<p data-start=\"1688\" data-end=\"1924\">K\u00fcls\u0151 menetes csatlakoz\u00f3val rendelkezik, \u00edgy egyszer\u0171en r\u00f6gz\u00edthet\u0151 tiszt\u00edt\u00f3 k\u00e1belhez vagy r\u00fadhoz. K\u00e1bellel haszn\u00e1lva k\u00f6nnyed\u00e9n kitiszt\u00edthat\u00f3 a k\u00e9m\u00e9ny nagyobb magass\u00e1gokban is. N\u00e9h\u00e1ny egyszer\u0171 mozdulattal hat\u00e9kony eredm\u00e9nyt \u00e9rhetsz el.<\/p>\n<p data-start=\"1926\" data-end=\"2103\">A <strong data-start=\"1928\" data-end=\"1948\">120 mm-es \u00e1tm\u00e9r\u0151<\/strong> ide\u00e1liss\u00e1 teszi 120 mm-es f\u00fcstcs\u00f6vek \u00e9s k\u00e9m\u00e9nyj\u00e1ratok tiszt\u00edt\u00e1s\u00e1ra. Kiv\u00e1l\u00f3 v\u00e1laszt\u00e1s kandall\u00f3khoz, fat\u00fczel\u00e9s\u0171 k\u00e1lyh\u00e1khoz \u00e9s szil\u00e1rd t\u00fczel\u00e9s\u0171 kaz\u00e1nokhoz.<\/p>\n<p data-start=\"2105\" data-end=\"2210\">A <strong data-start=\"2107\" data-end=\"2131\">120 mm-es k\u00e9m\u00e9nykefe<\/strong> praktikus, megb\u00edzhat\u00f3 \u00e9s n\u00e9lk\u00fcl\u00f6zhetetlen kieg\u00e9sz\u00edt\u0151 a biztons\u00e1gos f\u0171t\u00e9shez.<\/p>\n","protected":false},"excerpt":{"rendered":"<p>A 120 mm-es k\u00e9m\u00e9nykefe t\u00f6k\u00e9letes eszk\u00f6z a k\u00e9m\u00e9nyek \u00e9s f\u00fcstcs\u00f6vek hat\u00e9kony tiszt\u00edt\u00e1s\u00e1hoz. Gyorsan elt\u00e1vol\u00edtja a hamut, kormot \u00e9s az \u00e9g\u00e9s sor\u00e1n keletkez\u0151 lerak\u00f3d\u00e1sokat. A rendszeres tiszt\u00edt\u00e1s jav\u00edtja a huzatot \u00e9s n\u00f6veli a f\u0171t\u00e9s biztons\u00e1g\u00e1t. A kefe er\u0151s ac\u00e9lhuzalb\u00f3l k\u00e9sz\u00fclt, \u00edgy rendk\u00edv\u00fcl tart\u00f3s \u00e9s hossz\u00fa \u00e9lettartam\u00fa. Magas rugalmass\u00e1g\u00e1nak k\u00f6sz\u00f6nhet\u0151en nem deform\u00e1l\u00f3dik, ez\u00e9rt sok haszn\u00e1lat ut\u00e1n is meg\u0151rzi alakj\u00e1t. K\u00fcls\u0151 menetes csatlakoz\u00f3val rendelkezik, \u00edgy egyszer\u0171en r\u00f6gz\u00edthet\u0151 tiszt\u00edt\u00f3 k\u00e1belhez vagy r\u00fadhoz. K\u00e1bellel haszn\u00e1lva k\u00f6nnyed\u00e9n kitiszt\u00edthat\u00f3 a k\u00e9m\u00e9ny nagyobb magass\u00e1gokban is. N\u00e9h\u00e1ny egyszer\u0171 mozdulattal hat\u00e9kony eredm\u00e9nyt \u00e9rhetsz el. A 120 mm-es \u00e1tm\u00e9r\u0151 ide\u00e1liss\u00e1 teszi 120 mm-es f\u00fcstcs\u00f6vek \u00e9s k\u00e9m\u00e9nyj\u00e1ratok tiszt\u00edt\u00e1s\u00e1ra. Kiv\u00e1l\u00f3 v\u00e1laszt\u00e1s kandall\u00f3khoz, fat\u00fczel\u00e9s\u0171 k\u00e1lyh\u00e1khoz \u00e9s szil\u00e1rd t\u00fczel\u00e9s\u0171 kaz\u00e1nokhoz. A 120 mm-es k\u00e9m\u00e9nykefe praktikus, megb\u00edzhat\u00f3 \u00e9s n\u00e9lk\u00fcl\u00f6zhetetlen kieg\u00e9sz\u00edt\u0151 a biztons\u00e1gos f\u0171t\u00e9shez.<\/p>\n","protected":false},"featured_media":34126,"comment_status":"open","ping_status":"closed","template":"","meta":[],"product_brand":[],"product_cat":[2381],"product_tag":[],"class_list":{"0":"post-34127","1":"product","2":"type-product","3":"status-publish","4":"has-post-thumbnail","6":"product_cat-kiegeszitok","8":"first","9":"instock","10":"shipping-taxable","11":"purchasable","12":"product-type-simple"},"acf":[],"yoast_head":"<!-- This site is optimized with the Yoast SEO Premium plugin v21.0 (Yoast SEO v27.3) - https:\/\/yoast.com\/product\/yoast-seo-premium-wordpress\/ -->\n<title>120 mm-es k\u00e9m\u00e9nykefe - eSemineu<\/title>\n<meta name=\"description\" content=\"120 mm-es ac\u00e9lhuzalos k\u00e9m\u00e9nykefe k\u00e1belhez csatlakoztathat\u00f3 kivitelben. Ide\u00e1lis k\u00e9m\u00e9nyek \u00e9s f\u00fcstcs\u00f6vek tiszt\u00edt\u00e1s\u00e1hoz. eSemineu\" \/>\n<meta name=\"robots\" content=\"index, follow, max-snippet:-1, max-image-preview:large, max-video-preview:-1\" \/>\n<link rel=\"canonical\" href=\"https:\/\/esemineu.ro\/hu\/termek\/120-mm-es-kemenykefe\/\" \/>\n<meta property=\"og:locale\" content=\"hu_HU\" \/>\n<meta property=\"og:type\" content=\"article\" \/>\n<meta property=\"og:title\" content=\"120 mm-es k\u00e9m\u00e9nykefe - eSemineu\" \/>\n<meta property=\"og:description\" content=\"120 mm-es ac\u00e9lhuzalos k\u00e9m\u00e9nykefe k\u00e1belhez csatlakoztathat\u00f3 kivitelben. Ide\u00e1lis k\u00e9m\u00e9nyek \u00e9s f\u00fcstcs\u00f6vek tiszt\u00edt\u00e1s\u00e1hoz. eSemineu\" \/>\n<meta property=\"og:url\" content=\"https:\/\/esemineu.ro\/hu\/termek\/120-mm-es-kemenykefe\/\" \/>\n<meta property=\"og:site_name\" content=\"eSemineu\" \/>\n<meta property=\"article:publisher\" content=\"https:\/\/web.facebook.com\/eSemineu\" \/>\n<meta property=\"article:modified_time\" content=\"2026-04-14T06:19:07+00:00\" \/>\n<meta property=\"og:image\" content=\"https:\/\/esemineu.ro\/wp-content\/uploads\/2026\/04\/Perie-horn-120mm.jpg\" \/>\n\t<meta property=\"og:image:width\" content=\"1000\" \/>\n\t<meta property=\"og:image:height\" content=\"1000\" \/>\n\t<meta property=\"og:image:type\" content=\"image\/jpeg\" \/>\n<meta name=\"twitter:card\" content=\"summary_large_image\" \/>\n<meta name=\"twitter:label1\" content=\"Becs\u00fclt olvas\u00e1si id\u0151\" \/>\n\t<meta name=\"twitter:data1\" content=\"1 perc\" \/>\n<script type=\"application\/ld+json\" class=\"yoast-schema-graph\">{\"@context\":\"https:\\\/\\\/schema.org\",\"@graph\":[{\"@type\":\"WebPage\",\"@id\":\"https:\\\/\\\/esemineu.ro\\\/hu\\\/termek\\\/120-mm-es-kemenykefe\\\/\",\"url\":\"https:\\\/\\\/esemineu.ro\\\/hu\\\/termek\\\/120-mm-es-kemenykefe\\\/\",\"name\":\"120 mm-es k\u00e9m\u00e9nykefe - eSemineu\",\"isPartOf\":{\"@id\":\"https:\\\/\\\/esemineu.ro\\\/hu\\\/#website\"},\"primaryImageOfPage\":{\"@id\":\"https:\\\/\\\/esemineu.ro\\\/hu\\\/termek\\\/120-mm-es-kemenykefe\\\/#primaryimage\"},\"image\":{\"@id\":\"https:\\\/\\\/esemineu.ro\\\/hu\\\/termek\\\/120-mm-es-kemenykefe\\\/#primaryimage\"},\"thumbnailUrl\":\"https:\\\/\\\/esemineu.ro\\\/wp-content\\\/uploads\\\/2026\\\/04\\\/Perie-horn-120mm.jpg\",\"datePublished\":\"2026-04-14T06:11:36+00:00\",\"dateModified\":\"2026-04-14T06:19:07+00:00\",\"description\":\"120 mm-es ac\u00e9lhuzalos k\u00e9m\u00e9nykefe k\u00e1belhez csatlakoztathat\u00f3 kivitelben. Ide\u00e1lis k\u00e9m\u00e9nyek \u00e9s f\u00fcstcs\u00f6vek tiszt\u00edt\u00e1s\u00e1hoz. eSemineu\",\"breadcrumb\":{\"@id\":\"https:\\\/\\\/esemineu.ro\\\/hu\\\/termek\\\/120-mm-es-kemenykefe\\\/#breadcrumb\"},\"inLanguage\":\"hu\",\"potentialAction\":[{\"@type\":\"ReadAction\",\"target\":[\"https:\\\/\\\/esemineu.ro\\\/hu\\\/termek\\\/120-mm-es-kemenykefe\\\/\"]}]},{\"@type\":\"ImageObject\",\"inLanguage\":\"hu\",\"@id\":\"https:\\\/\\\/esemineu.ro\\\/hu\\\/termek\\\/120-mm-es-kemenykefe\\\/#primaryimage\",\"url\":\"https:\\\/\\\/esemineu.ro\\\/wp-content\\\/uploads\\\/2026\\\/04\\\/Perie-horn-120mm.jpg\",\"contentUrl\":\"https:\\\/\\\/esemineu.ro\\\/wp-content\\\/uploads\\\/2026\\\/04\\\/Perie-horn-120mm.jpg\",\"width\":1000,\"height\":1000},{\"@type\":\"BreadcrumbList\",\"@id\":\"https:\\\/\\\/esemineu.ro\\\/hu\\\/termek\\\/120-mm-es-kemenykefe\\\/#breadcrumb\",\"itemListElement\":[{\"@type\":\"ListItem\",\"position\":1,\"name\":\"Kezd\u0151lap\",\"item\":\"https:\\\/\\\/esemineu.ro\\\/hu\\\/\"},{\"@type\":\"ListItem\",\"position\":2,\"name\":\"\u00c1ruh\u00e1z\",\"item\":\"https:\\\/\\\/esemineu.ro\\\/hu\\\/aruhaz\\\/\"},{\"@type\":\"ListItem\",\"position\":3,\"name\":\"120 mm-es k\u00e9m\u00e9nykefe\"}]},{\"@type\":\"WebSite\",\"@id\":\"https:\\\/\\\/esemineu.ro\\\/hu\\\/#website\",\"url\":\"https:\\\/\\\/esemineu.ro\\\/hu\\\/\",\"name\":\"eSemineu\",\"description\":\"\u0218eminee de cea mai \u00eenalt\u0103 calitate\",\"potentialAction\":[{\"@type\":\"SearchAction\",\"target\":{\"@type\":\"EntryPoint\",\"urlTemplate\":\"https:\\\/\\\/esemineu.ro\\\/hu\\\/?s={search_term_string}\"},\"query-input\":{\"@type\":\"PropertyValueSpecification\",\"valueRequired\":true,\"valueName\":\"search_term_string\"}}],\"inLanguage\":\"hu\"}]}<\/script>\n<!-- \/ Yoast SEO Premium plugin. -->","yoast_head_json":{"title":"120 mm-es k\u00e9m\u00e9nykefe - eSemineu","description":"120 mm-es ac\u00e9lhuzalos k\u00e9m\u00e9nykefe k\u00e1belhez csatlakoztathat\u00f3 kivitelben. Ide\u00e1lis k\u00e9m\u00e9nyek \u00e9s f\u00fcstcs\u00f6vek tiszt\u00edt\u00e1s\u00e1hoz. eSemineu","robots":{"index":"index","follow":"follow","max-snippet":"max-snippet:-1","max-image-preview":"max-image-preview:large","max-video-preview":"max-video-preview:-1"},"canonical":"https:\/\/esemineu.ro\/hu\/termek\/120-mm-es-kemenykefe\/","og_locale":"hu_HU","og_type":"article","og_title":"120 mm-es k\u00e9m\u00e9nykefe - eSemineu","og_description":"120 mm-es ac\u00e9lhuzalos k\u00e9m\u00e9nykefe k\u00e1belhez csatlakoztathat\u00f3 kivitelben. Ide\u00e1lis k\u00e9m\u00e9nyek \u00e9s f\u00fcstcs\u00f6vek tiszt\u00edt\u00e1s\u00e1hoz. eSemineu","og_url":"https:\/\/esemineu.ro\/hu\/termek\/120-mm-es-kemenykefe\/","og_site_name":"eSemineu","article_publisher":"https:\/\/web.facebook.com\/eSemineu","article_modified_time":"2026-04-14T06:19:07+00:00","og_image":[{"width":1000,"height":1000,"url":"https:\/\/esemineu.ro\/wp-content\/uploads\/2026\/04\/Perie-horn-120mm.jpg","type":"image\/jpeg"}],"twitter_card":"summary_large_image","twitter_misc":{"Becs\u00fclt olvas\u00e1si id\u0151":"1 perc"},"schema":{"@context":"https:\/\/schema.org","@graph":[{"@type":"WebPage","@id":"https:\/\/esemineu.ro\/hu\/termek\/120-mm-es-kemenykefe\/","url":"https:\/\/esemineu.ro\/hu\/termek\/120-mm-es-kemenykefe\/","name":"120 mm-es k\u00e9m\u00e9nykefe - eSemineu","isPartOf":{"@id":"https:\/\/esemineu.ro\/hu\/#website"},"primaryImageOfPage":{"@id":"https:\/\/esemineu.ro\/hu\/termek\/120-mm-es-kemenykefe\/#primaryimage"},"image":{"@id":"https:\/\/esemineu.ro\/hu\/termek\/120-mm-es-kemenykefe\/#primaryimage"},"thumbnailUrl":"https:\/\/esemineu.ro\/wp-content\/uploads\/2026\/04\/Perie-horn-120mm.jpg","datePublished":"2026-04-14T06:11:36+00:00","dateModified":"2026-04-14T06:19:07+00:00","description":"120 mm-es ac\u00e9lhuzalos k\u00e9m\u00e9nykefe k\u00e1belhez csatlakoztathat\u00f3 kivitelben. Ide\u00e1lis k\u00e9m\u00e9nyek \u00e9s f\u00fcstcs\u00f6vek tiszt\u00edt\u00e1s\u00e1hoz. eSemineu","breadcrumb":{"@id":"https:\/\/esemineu.ro\/hu\/termek\/120-mm-es-kemenykefe\/#breadcrumb"},"inLanguage":"hu","potentialAction":[{"@type":"ReadAction","target":["https:\/\/esemineu.ro\/hu\/termek\/120-mm-es-kemenykefe\/"]}]},{"@type":"ImageObject","inLanguage":"hu","@id":"https:\/\/esemineu.ro\/hu\/termek\/120-mm-es-kemenykefe\/#primaryimage","url":"https:\/\/esemineu.ro\/wp-content\/uploads\/2026\/04\/Perie-horn-120mm.jpg","contentUrl":"https:\/\/esemineu.ro\/wp-content\/uploads\/2026\/04\/Perie-horn-120mm.jpg","width":1000,"height":1000},{"@type":"BreadcrumbList","@id":"https:\/\/esemineu.ro\/hu\/termek\/120-mm-es-kemenykefe\/#breadcrumb","itemListElement":[{"@type":"ListItem","position":1,"name":"Kezd\u0151lap","item":"https:\/\/esemineu.ro\/hu\/"},{"@type":"ListItem","position":2,"name":"\u00c1ruh\u00e1z","item":"https:\/\/esemineu.ro\/hu\/aruhaz\/"},{"@type":"ListItem","position":3,"name":"120 mm-es k\u00e9m\u00e9nykefe"}]},{"@type":"WebSite","@id":"https:\/\/esemineu.ro\/hu\/#website","url":"https:\/\/esemineu.ro\/hu\/","name":"eSemineu","description":"\u0218eminee de cea mai \u00eenalt\u0103 calitate","potentialAction":[{"@type":"SearchAction","target":{"@type":"EntryPoint","urlTemplate":"https:\/\/esemineu.ro\/hu\/?s={search_term_string}"},"query-input":{"@type":"PropertyValueSpecification","valueRequired":true,"valueName":"search_term_string"}}],"inLanguage":"hu"}]}},"_links":{"self":[{"href":"https:\/\/esemineu.ro\/hu\/wp-json\/wp\/v2\/product\/34127","targetHints":{"allow":["GET"]}}],"collection":[{"href":"https:\/\/esemineu.ro\/hu\/wp-json\/wp\/v2\/product"}],"about":[{"href":"https:\/\/esemineu.ro\/hu\/wp-json\/wp\/v2\/types\/product"}],"replies":[{"embeddable":true,"href":"https:\/\/esemineu.ro\/hu\/wp-json\/wp\/v2\/comments?post=34127"}],"wp:featuredmedia":[{"embeddable":true,"href":"https:\/\/esemineu.ro\/hu\/wp-json\/wp\/v2\/media\/34126"}],"wp:attachment":[{"href":"https:\/\/esemineu.ro\/hu\/wp-json\/wp\/v2\/media?parent=34127"}],"wp:term":[{"taxonomy":"product_brand","embeddable":true,"href":"https:\/\/esemineu.ro\/hu\/wp-json\/wp\/v2\/product_brand?post=34127"},{"taxonomy":"product_cat","embeddable":true,"href":"https:\/\/esemineu.ro\/hu\/wp-json\/wp\/v2\/product_cat?post=34127"},{"taxonomy":"product_tag","embeddable":true,"href":"https:\/\/esemineu.ro\/hu\/wp-json\/wp\/v2\/product_tag?post=34127"}],"curies":[{"name":"wp","href":"https:\/\/api.w.org\/{rel}","templated":true}]}}