{"id":33048,"date":"2025-12-11T11:36:30","date_gmt":"2025-12-11T09:36:30","guid":{"rendered":"https:\/\/esemineu.ro\/?post_type=product&#038;p=33048"},"modified":"2025-12-11T11:38:20","modified_gmt":"2025-12-11T09:38:20","slug":"16x20-cm-ontottvas-rostely-7-mm-vastagsag","status":"publish","type":"product","link":"https:\/\/esemineu.ro\/hu\/termek\/16x20-cm-ontottvas-rostely-7-mm-vastagsag\/","title":{"rendered":"16&#215;20 cm \u00f6nt\u00f6ttvas rost\u00e9ly, 7 mm vastags\u00e1g"},"content":{"rendered":"<p data-start=\"1167\" data-end=\"1413\">A 16&#215;20 cm \u00f6nt\u00f6ttvas rost\u00e9ly\u00a0rendk\u00edv\u00fcl tart\u00f3s \u00e9s megb\u00edzhat\u00f3 alkatr\u00e9sz minden fat\u00fczel\u00e9s\u0171 k\u00e1lyh\u00e1hoz. Az \u00f6nt\u00f6ttvas kiv\u00e1l\u00f3 h\u0151\u00e1ll\u00f3s\u00e1got biztos\u00edt, \u00edgy a rost\u00e9ly k\u00f6nnyed\u00e9n elviseli a magas h\u0151m\u00e9rs\u00e9kletet \u00e9s a folyamatos haszn\u00e1latot.<\/p>\n<p data-start=\"1415\" data-end=\"1606\">A 7 mm-es vastags\u00e1g nagy szil\u00e1rds\u00e1got ad, ez\u00e9rt hossz\u00fa \u00e9lettartamra sz\u00e1m\u00edthatsz. A kompakt <strong data-start=\"1506\" data-end=\"1518\">16&#215;20 cm<\/strong> m\u00e9ret sokf\u00e9le k\u00e1lyh\u00e1hoz illeszkedik, \u00edgy kiv\u00e1l\u00f3 v\u00e1laszt\u00e1s cser\u00e9hez vagy fel\u00faj\u00edt\u00e1shoz.<\/p>\n<p data-start=\"1608\" data-end=\"1819\">Az \u00f6nt\u00f6ttvas rost\u00e9ly el\u0151seg\u00edti a megfelel\u0151 l\u00e9g\u00e1raml\u00e1st, ami hat\u00e9konyabb \u00e9g\u00e9st \u00e9s alacsonyabb t\u00fczel\u0151anyag-fogyaszt\u00e1st eredm\u00e9nyez. Massz\u00edv kialak\u00edt\u00e1sa stabil alapot ad a t\u0171znek, \u00e9s biztons\u00e1gos m\u0171k\u00f6d\u00e9st garant\u00e1l.<\/p>\n<p data-start=\"1821\" data-end=\"1954\">Ha tart\u00f3s, er\u0151s \u00e9s hat\u00e9kony rost\u00e9lyt keresel, a <strong data-start=\"1869\" data-end=\"1902\">16&#215;20 cm-es \u00f6nt\u00f6ttvas rost\u00e9ly<\/strong> t\u00f6k\u00e9letes v\u00e1laszt\u00e1s b\u00e1rmely fat\u00fczel\u00e9s\u0171 k\u00e1lyh\u00e1hoz.<\/p>\n","protected":false},"excerpt":{"rendered":"<p>A 16&#215;20 cm \u00f6nt\u00f6ttvas rost\u00e9ly\u00a0rendk\u00edv\u00fcl tart\u00f3s \u00e9s megb\u00edzhat\u00f3 alkatr\u00e9sz minden fat\u00fczel\u00e9s\u0171 k\u00e1lyh\u00e1hoz. Az \u00f6nt\u00f6ttvas kiv\u00e1l\u00f3 h\u0151\u00e1ll\u00f3s\u00e1got biztos\u00edt, \u00edgy a rost\u00e9ly k\u00f6nnyed\u00e9n elviseli a magas h\u0151m\u00e9rs\u00e9kletet \u00e9s a folyamatos haszn\u00e1latot. A 7 mm-es vastags\u00e1g nagy szil\u00e1rds\u00e1got ad, ez\u00e9rt hossz\u00fa \u00e9lettartamra sz\u00e1m\u00edthatsz. A kompakt 16&#215;20 cm m\u00e9ret sokf\u00e9le k\u00e1lyh\u00e1hoz illeszkedik, \u00edgy kiv\u00e1l\u00f3 v\u00e1laszt\u00e1s cser\u00e9hez vagy fel\u00faj\u00edt\u00e1shoz. Az \u00f6nt\u00f6ttvas rost\u00e9ly el\u0151seg\u00edti a megfelel\u0151 l\u00e9g\u00e1raml\u00e1st, ami hat\u00e9konyabb \u00e9g\u00e9st \u00e9s alacsonyabb t\u00fczel\u0151anyag-fogyaszt\u00e1st eredm\u00e9nyez. Massz\u00edv kialak\u00edt\u00e1sa stabil alapot ad a t\u0171znek, \u00e9s biztons\u00e1gos m\u0171k\u00f6d\u00e9st garant\u00e1l. Ha tart\u00f3s, er\u0151s \u00e9s hat\u00e9kony rost\u00e9lyt keresel, a 16&#215;20 cm-es \u00f6nt\u00f6ttvas rost\u00e9ly t\u00f6k\u00e9letes v\u00e1laszt\u00e1s b\u00e1rmely fat\u00fczel\u00e9s\u0171 k\u00e1lyh\u00e1hoz.<\/p>\n","protected":false},"featured_media":33047,"comment_status":"open","ping_status":"closed","template":"","meta":[],"product_brand":[695],"product_cat":[2381],"product_tag":[],"class_list":{"0":"post-33048","1":"product","2":"type-product","3":"status-publish","4":"has-post-thumbnail","6":"product_brand-esemineu","7":"product_cat-kiegeszitok","8":"product_shipping_class-hoallo-szigetelesek","9":"pa_material-ontottvas-hu","11":"first","12":"instock","13":"shipping-taxable","14":"purchasable","15":"product-type-simple"},"acf":[],"yoast_head":"<!-- This site is optimized with the Yoast SEO Premium plugin v21.0 (Yoast SEO v27.3) - https:\/\/yoast.com\/product\/yoast-seo-premium-wordpress\/ -->\n<title>16x20 cm \u00f6nt\u00f6ttvas rost\u00e9ly, 7 mm vastags\u00e1g - eSemineu<\/title>\n<meta name=\"description\" content=\"16x20 cm \u00f6nt\u00f6ttvas rost\u00e9ly, 7 mm vastags\u00e1g. Tart\u00f3s, er\u0151s \u00e9s hat\u00e9kony megold\u00e1s fat\u00fczel\u00e9s\u0171 k\u00e1lyh\u00e1khoz, kandall\u00f3khoz. eSemineu\" \/>\n<meta name=\"robots\" content=\"index, follow, max-snippet:-1, max-image-preview:large, max-video-preview:-1\" \/>\n<link rel=\"canonical\" href=\"https:\/\/esemineu.ro\/hu\/termek\/16x20-cm-ontottvas-rostely-7-mm-vastagsag\/\" \/>\n<meta property=\"og:locale\" content=\"hu_HU\" \/>\n<meta property=\"og:type\" content=\"article\" \/>\n<meta property=\"og:title\" content=\"16x20 cm \u00f6nt\u00f6ttvas rost\u00e9ly, 7 mm vastags\u00e1g - eSemineu\" \/>\n<meta property=\"og:description\" content=\"16x20 cm \u00f6nt\u00f6ttvas rost\u00e9ly, 7 mm vastags\u00e1g. Tart\u00f3s, er\u0151s \u00e9s hat\u00e9kony megold\u00e1s fat\u00fczel\u00e9s\u0171 k\u00e1lyh\u00e1khoz, kandall\u00f3khoz. eSemineu\" \/>\n<meta property=\"og:url\" content=\"https:\/\/esemineu.ro\/hu\/termek\/16x20-cm-ontottvas-rostely-7-mm-vastagsag\/\" \/>\n<meta property=\"og:site_name\" content=\"eSemineu\" \/>\n<meta property=\"article:publisher\" content=\"https:\/\/web.facebook.com\/eSemineu\" \/>\n<meta property=\"article:modified_time\" content=\"2025-12-11T09:38:20+00:00\" \/>\n<meta property=\"og:image\" content=\"https:\/\/esemineu.ro\/wp-content\/uploads\/2025\/12\/gratar-16x20-1.jpg\" \/>\n\t<meta property=\"og:image:width\" content=\"1000\" \/>\n\t<meta property=\"og:image:height\" content=\"1000\" \/>\n\t<meta property=\"og:image:type\" content=\"image\/jpeg\" \/>\n<meta name=\"twitter:card\" content=\"summary_large_image\" \/>\n<meta name=\"twitter:label1\" content=\"Becs\u00fclt olvas\u00e1si id\u0151\" \/>\n\t<meta name=\"twitter:data1\" content=\"1 perc\" \/>\n<script type=\"application\/ld+json\" class=\"yoast-schema-graph\">{\"@context\":\"https:\\\/\\\/schema.org\",\"@graph\":[{\"@type\":\"WebPage\",\"@id\":\"https:\\\/\\\/esemineu.ro\\\/hu\\\/termek\\\/16x20-cm-ontottvas-rostely-7-mm-vastagsag\\\/\",\"url\":\"https:\\\/\\\/esemineu.ro\\\/hu\\\/termek\\\/16x20-cm-ontottvas-rostely-7-mm-vastagsag\\\/\",\"name\":\"16x20 cm \u00f6nt\u00f6ttvas rost\u00e9ly, 7 mm vastags\u00e1g - eSemineu\",\"isPartOf\":{\"@id\":\"https:\\\/\\\/esemineu.ro\\\/hu\\\/#website\"},\"primaryImageOfPage\":{\"@id\":\"https:\\\/\\\/esemineu.ro\\\/hu\\\/termek\\\/16x20-cm-ontottvas-rostely-7-mm-vastagsag\\\/#primaryimage\"},\"image\":{\"@id\":\"https:\\\/\\\/esemineu.ro\\\/hu\\\/termek\\\/16x20-cm-ontottvas-rostely-7-mm-vastagsag\\\/#primaryimage\"},\"thumbnailUrl\":\"https:\\\/\\\/esemineu.ro\\\/wp-content\\\/uploads\\\/2025\\\/12\\\/gratar-16x20-1.jpg\",\"datePublished\":\"2025-12-11T09:36:30+00:00\",\"dateModified\":\"2025-12-11T09:38:20+00:00\",\"description\":\"16x20 cm \u00f6nt\u00f6ttvas rost\u00e9ly, 7 mm vastags\u00e1g. Tart\u00f3s, er\u0151s \u00e9s hat\u00e9kony megold\u00e1s fat\u00fczel\u00e9s\u0171 k\u00e1lyh\u00e1khoz, kandall\u00f3khoz. eSemineu\",\"breadcrumb\":{\"@id\":\"https:\\\/\\\/esemineu.ro\\\/hu\\\/termek\\\/16x20-cm-ontottvas-rostely-7-mm-vastagsag\\\/#breadcrumb\"},\"inLanguage\":\"hu\",\"potentialAction\":[{\"@type\":\"ReadAction\",\"target\":[\"https:\\\/\\\/esemineu.ro\\\/hu\\\/termek\\\/16x20-cm-ontottvas-rostely-7-mm-vastagsag\\\/\"]}]},{\"@type\":\"ImageObject\",\"inLanguage\":\"hu\",\"@id\":\"https:\\\/\\\/esemineu.ro\\\/hu\\\/termek\\\/16x20-cm-ontottvas-rostely-7-mm-vastagsag\\\/#primaryimage\",\"url\":\"https:\\\/\\\/esemineu.ro\\\/wp-content\\\/uploads\\\/2025\\\/12\\\/gratar-16x20-1.jpg\",\"contentUrl\":\"https:\\\/\\\/esemineu.ro\\\/wp-content\\\/uploads\\\/2025\\\/12\\\/gratar-16x20-1.jpg\",\"width\":1000,\"height\":1000},{\"@type\":\"BreadcrumbList\",\"@id\":\"https:\\\/\\\/esemineu.ro\\\/hu\\\/termek\\\/16x20-cm-ontottvas-rostely-7-mm-vastagsag\\\/#breadcrumb\",\"itemListElement\":[{\"@type\":\"ListItem\",\"position\":1,\"name\":\"Kezd\u0151lap\",\"item\":\"https:\\\/\\\/esemineu.ro\\\/hu\\\/\"},{\"@type\":\"ListItem\",\"position\":2,\"name\":\"\u00c1ruh\u00e1z\",\"item\":\"https:\\\/\\\/esemineu.ro\\\/hu\\\/aruhaz\\\/\"},{\"@type\":\"ListItem\",\"position\":3,\"name\":\"16&#215;20 cm \u00f6nt\u00f6ttvas rost\u00e9ly, 7 mm vastags\u00e1g\"}]},{\"@type\":\"WebSite\",\"@id\":\"https:\\\/\\\/esemineu.ro\\\/hu\\\/#website\",\"url\":\"https:\\\/\\\/esemineu.ro\\\/hu\\\/\",\"name\":\"eSemineu\",\"description\":\"\u0218eminee de cea mai \u00eenalt\u0103 calitate\",\"potentialAction\":[{\"@type\":\"SearchAction\",\"target\":{\"@type\":\"EntryPoint\",\"urlTemplate\":\"https:\\\/\\\/esemineu.ro\\\/hu\\\/?s={search_term_string}\"},\"query-input\":{\"@type\":\"PropertyValueSpecification\",\"valueRequired\":true,\"valueName\":\"search_term_string\"}}],\"inLanguage\":\"hu\"}]}<\/script>\n<!-- \/ Yoast SEO Premium plugin. -->","yoast_head_json":{"title":"16x20 cm \u00f6nt\u00f6ttvas rost\u00e9ly, 7 mm vastags\u00e1g - eSemineu","description":"16x20 cm \u00f6nt\u00f6ttvas rost\u00e9ly, 7 mm vastags\u00e1g. Tart\u00f3s, er\u0151s \u00e9s hat\u00e9kony megold\u00e1s fat\u00fczel\u00e9s\u0171 k\u00e1lyh\u00e1khoz, kandall\u00f3khoz. eSemineu","robots":{"index":"index","follow":"follow","max-snippet":"max-snippet:-1","max-image-preview":"max-image-preview:large","max-video-preview":"max-video-preview:-1"},"canonical":"https:\/\/esemineu.ro\/hu\/termek\/16x20-cm-ontottvas-rostely-7-mm-vastagsag\/","og_locale":"hu_HU","og_type":"article","og_title":"16x20 cm \u00f6nt\u00f6ttvas rost\u00e9ly, 7 mm vastags\u00e1g - eSemineu","og_description":"16x20 cm \u00f6nt\u00f6ttvas rost\u00e9ly, 7 mm vastags\u00e1g. Tart\u00f3s, er\u0151s \u00e9s hat\u00e9kony megold\u00e1s fat\u00fczel\u00e9s\u0171 k\u00e1lyh\u00e1khoz, kandall\u00f3khoz. eSemineu","og_url":"https:\/\/esemineu.ro\/hu\/termek\/16x20-cm-ontottvas-rostely-7-mm-vastagsag\/","og_site_name":"eSemineu","article_publisher":"https:\/\/web.facebook.com\/eSemineu","article_modified_time":"2025-12-11T09:38:20+00:00","og_image":[{"width":1000,"height":1000,"url":"https:\/\/esemineu.ro\/wp-content\/uploads\/2025\/12\/gratar-16x20-1.jpg","type":"image\/jpeg"}],"twitter_card":"summary_large_image","twitter_misc":{"Becs\u00fclt olvas\u00e1si id\u0151":"1 perc"},"schema":{"@context":"https:\/\/schema.org","@graph":[{"@type":"WebPage","@id":"https:\/\/esemineu.ro\/hu\/termek\/16x20-cm-ontottvas-rostely-7-mm-vastagsag\/","url":"https:\/\/esemineu.ro\/hu\/termek\/16x20-cm-ontottvas-rostely-7-mm-vastagsag\/","name":"16x20 cm \u00f6nt\u00f6ttvas rost\u00e9ly, 7 mm vastags\u00e1g - eSemineu","isPartOf":{"@id":"https:\/\/esemineu.ro\/hu\/#website"},"primaryImageOfPage":{"@id":"https:\/\/esemineu.ro\/hu\/termek\/16x20-cm-ontottvas-rostely-7-mm-vastagsag\/#primaryimage"},"image":{"@id":"https:\/\/esemineu.ro\/hu\/termek\/16x20-cm-ontottvas-rostely-7-mm-vastagsag\/#primaryimage"},"thumbnailUrl":"https:\/\/esemineu.ro\/wp-content\/uploads\/2025\/12\/gratar-16x20-1.jpg","datePublished":"2025-12-11T09:36:30+00:00","dateModified":"2025-12-11T09:38:20+00:00","description":"16x20 cm \u00f6nt\u00f6ttvas rost\u00e9ly, 7 mm vastags\u00e1g. Tart\u00f3s, er\u0151s \u00e9s hat\u00e9kony megold\u00e1s fat\u00fczel\u00e9s\u0171 k\u00e1lyh\u00e1khoz, kandall\u00f3khoz. eSemineu","breadcrumb":{"@id":"https:\/\/esemineu.ro\/hu\/termek\/16x20-cm-ontottvas-rostely-7-mm-vastagsag\/#breadcrumb"},"inLanguage":"hu","potentialAction":[{"@type":"ReadAction","target":["https:\/\/esemineu.ro\/hu\/termek\/16x20-cm-ontottvas-rostely-7-mm-vastagsag\/"]}]},{"@type":"ImageObject","inLanguage":"hu","@id":"https:\/\/esemineu.ro\/hu\/termek\/16x20-cm-ontottvas-rostely-7-mm-vastagsag\/#primaryimage","url":"https:\/\/esemineu.ro\/wp-content\/uploads\/2025\/12\/gratar-16x20-1.jpg","contentUrl":"https:\/\/esemineu.ro\/wp-content\/uploads\/2025\/12\/gratar-16x20-1.jpg","width":1000,"height":1000},{"@type":"BreadcrumbList","@id":"https:\/\/esemineu.ro\/hu\/termek\/16x20-cm-ontottvas-rostely-7-mm-vastagsag\/#breadcrumb","itemListElement":[{"@type":"ListItem","position":1,"name":"Kezd\u0151lap","item":"https:\/\/esemineu.ro\/hu\/"},{"@type":"ListItem","position":2,"name":"\u00c1ruh\u00e1z","item":"https:\/\/esemineu.ro\/hu\/aruhaz\/"},{"@type":"ListItem","position":3,"name":"16&#215;20 cm \u00f6nt\u00f6ttvas rost\u00e9ly, 7 mm vastags\u00e1g"}]},{"@type":"WebSite","@id":"https:\/\/esemineu.ro\/hu\/#website","url":"https:\/\/esemineu.ro\/hu\/","name":"eSemineu","description":"\u0218eminee de cea mai \u00eenalt\u0103 calitate","potentialAction":[{"@type":"SearchAction","target":{"@type":"EntryPoint","urlTemplate":"https:\/\/esemineu.ro\/hu\/?s={search_term_string}"},"query-input":{"@type":"PropertyValueSpecification","valueRequired":true,"valueName":"search_term_string"}}],"inLanguage":"hu"}]}},"_links":{"self":[{"href":"https:\/\/esemineu.ro\/hu\/wp-json\/wp\/v2\/product\/33048","targetHints":{"allow":["GET"]}}],"collection":[{"href":"https:\/\/esemineu.ro\/hu\/wp-json\/wp\/v2\/product"}],"about":[{"href":"https:\/\/esemineu.ro\/hu\/wp-json\/wp\/v2\/types\/product"}],"replies":[{"embeddable":true,"href":"https:\/\/esemineu.ro\/hu\/wp-json\/wp\/v2\/comments?post=33048"}],"wp:featuredmedia":[{"embeddable":true,"href":"https:\/\/esemineu.ro\/hu\/wp-json\/wp\/v2\/media\/33047"}],"wp:attachment":[{"href":"https:\/\/esemineu.ro\/hu\/wp-json\/wp\/v2\/media?parent=33048"}],"wp:term":[{"taxonomy":"product_brand","embeddable":true,"href":"https:\/\/esemineu.ro\/hu\/wp-json\/wp\/v2\/product_brand?post=33048"},{"taxonomy":"product_cat","embeddable":true,"href":"https:\/\/esemineu.ro\/hu\/wp-json\/wp\/v2\/product_cat?post=33048"},{"taxonomy":"product_tag","embeddable":true,"href":"https:\/\/esemineu.ro\/hu\/wp-json\/wp\/v2\/product_tag?post=33048"}],"curies":[{"name":"wp","href":"https:\/\/api.w.org\/{rel}","templated":true}]}}