{"id":32928,"date":"2025-12-04T09:25:38","date_gmt":"2025-12-04T07:25:38","guid":{"rendered":"https:\/\/esemineu.ro\/?post_type=product&#038;p=32928"},"modified":"2025-12-04T09:28:54","modified_gmt":"2025-12-04T07:28:54","slug":"25x25-cm-es-fekete-kemenysapka","status":"publish","type":"product","link":"https:\/\/esemineu.ro\/hu\/termek\/25x25-cm-es-fekete-kemenysapka\/","title":{"rendered":"25&#215;25 cm-es fekete k\u00e9m\u00e9nysapka"},"content":{"rendered":"<p data-start=\"1363\" data-end=\"1574\">A <strong data-start=\"1365\" data-end=\"1405\">25&#215;25 cm-es fekete k\u00e9m\u00e9nysapka (SSF)<\/strong> alapvet\u0151 tartoz\u00e9k minden k\u00e9m\u00e9ny v\u00e9delm\u00e9hez. Tart\u00f3s anyagb\u00f3l k\u00e9sz\u00fclt, \u00edgy hossz\u00fa ideig ellen\u00e1ll az id\u0151j\u00e1r\u00e1snak. Modern, fekete sz\u00edne j\u00f3l illeszkedik b\u00e1rmilyen tet\u0151h\u00f6z.<\/p>\n<p data-start=\"1576\" data-end=\"1834\">Kompakt m\u00e9ret\u00e9nek k\u00f6sz\u00f6nhet\u0151en sokf\u00e9le k\u00e9m\u00e9nyhez haszn\u00e1lhat\u00f3. Megakad\u00e1lyozza, hogy es\u0151, h\u00f3 vagy er\u0151s sz\u00e9l bejusson a k\u00e9m\u00e9nybe, \u00e9s v\u00e9di a huzatot. Emellett megg\u00e1tolja a madarak \u00e9s egy\u00e9b szennyez\u0151d\u00e9sek bejut\u00e1s\u00e1t, \u00edgy biztons\u00e1gosabb\u00e1 teszi a f\u0171t\u00e9si rendszert.<\/p>\n<p data-start=\"1836\" data-end=\"1972\">Kiv\u00e1l\u00f3 v\u00e1laszt\u00e1s csal\u00e1di h\u00e1zakhoz, nyaral\u00f3khoz vagy kereskedelmi \u00e9p\u00fcletekhez. K\u00f6nnyen felszerelhet\u0151, \u00e9s hossz\u00fa t\u00e1v\u00fa v\u00e9delmet biztos\u00edt.<\/p>\n","protected":false},"excerpt":{"rendered":"<p>A 25&#215;25 cm-es fekete k\u00e9m\u00e9nysapka (SSF) alapvet\u0151 tartoz\u00e9k minden k\u00e9m\u00e9ny v\u00e9delm\u00e9hez. Tart\u00f3s anyagb\u00f3l k\u00e9sz\u00fclt, \u00edgy hossz\u00fa ideig ellen\u00e1ll az id\u0151j\u00e1r\u00e1snak. Modern, fekete sz\u00edne j\u00f3l illeszkedik b\u00e1rmilyen tet\u0151h\u00f6z. Kompakt m\u00e9ret\u00e9nek k\u00f6sz\u00f6nhet\u0151en sokf\u00e9le k\u00e9m\u00e9nyhez haszn\u00e1lhat\u00f3. Megakad\u00e1lyozza, hogy es\u0151, h\u00f3 vagy er\u0151s sz\u00e9l bejusson a k\u00e9m\u00e9nybe, \u00e9s v\u00e9di a huzatot. Emellett megg\u00e1tolja a madarak \u00e9s egy\u00e9b szennyez\u0151d\u00e9sek bejut\u00e1s\u00e1t, \u00edgy biztons\u00e1gosabb\u00e1 teszi a f\u0171t\u00e9si rendszert. Kiv\u00e1l\u00f3 v\u00e1laszt\u00e1s csal\u00e1di h\u00e1zakhoz, nyaral\u00f3khoz vagy kereskedelmi \u00e9p\u00fcletekhez. K\u00f6nnyen felszerelhet\u0151, \u00e9s hossz\u00fa t\u00e1v\u00fa v\u00e9delmet biztos\u00edt.<\/p>\n","protected":false},"featured_media":32924,"comment_status":"open","ping_status":"closed","template":"","meta":[],"product_brand":[695],"product_cat":[2381],"product_tag":[],"class_list":{"0":"post-32928","1":"product","2":"type-product","3":"status-publish","4":"has-post-thumbnail","6":"product_brand-esemineu","7":"product_cat-kiegeszitok","8":"product_shipping_class-fustcsovek","9":"pa_culoare-fekete","10":"pa_culoare-matt","11":"pa_material-acel","13":"first","14":"instock","15":"shipping-taxable","16":"purchasable","17":"product-type-simple"},"acf":[],"yoast_head":"<!-- This site is optimized with the Yoast SEO Premium plugin v21.0 (Yoast SEO v27.3) - https:\/\/yoast.com\/product\/yoast-seo-premium-wordpress\/ -->\n<title>25x25 cm-es fekete k\u00e9m\u00e9nysapka - eSemineu<\/title>\n<meta name=\"description\" content=\"25x25 cm-es fekete k\u00e9m\u00e9nysapka SSF. Id\u0151j\u00e1r\u00e1s\u00e1ll\u00f3, tart\u00f3s v\u00e9delem madarak \u00e9s csapad\u00e9k ellen, egyszer\u0171 felszerel\u00e9ssel. eSemineu.ro\" \/>\n<meta name=\"robots\" content=\"index, follow, max-snippet:-1, max-image-preview:large, max-video-preview:-1\" \/>\n<link rel=\"canonical\" href=\"https:\/\/esemineu.ro\/hu\/termek\/25x25-cm-es-fekete-kemenysapka\/\" \/>\n<meta property=\"og:locale\" content=\"hu_HU\" \/>\n<meta property=\"og:type\" content=\"article\" \/>\n<meta property=\"og:title\" content=\"25x25 cm-es fekete k\u00e9m\u00e9nysapka - eSemineu\" \/>\n<meta property=\"og:description\" content=\"25x25 cm-es fekete k\u00e9m\u00e9nysapka SSF. Id\u0151j\u00e1r\u00e1s\u00e1ll\u00f3, tart\u00f3s v\u00e9delem madarak \u00e9s csapad\u00e9k ellen, egyszer\u0171 felszerel\u00e9ssel. eSemineu.ro\" \/>\n<meta property=\"og:url\" content=\"https:\/\/esemineu.ro\/hu\/termek\/25x25-cm-es-fekete-kemenysapka\/\" \/>\n<meta property=\"og:site_name\" content=\"eSemineu\" \/>\n<meta property=\"article:publisher\" content=\"https:\/\/web.facebook.com\/eSemineu\" \/>\n<meta property=\"article:modified_time\" content=\"2025-12-04T07:28:54+00:00\" \/>\n<meta property=\"og:image\" content=\"https:\/\/esemineu.ro\/wp-content\/uploads\/2025\/12\/PALARIE-COS-FRONT-.jpg\" \/>\n\t<meta property=\"og:image:width\" content=\"1000\" \/>\n\t<meta property=\"og:image:height\" content=\"1000\" \/>\n\t<meta property=\"og:image:type\" content=\"image\/jpeg\" \/>\n<meta name=\"twitter:card\" content=\"summary_large_image\" \/>\n<meta name=\"twitter:label1\" content=\"Becs\u00fclt olvas\u00e1si id\u0151\" \/>\n\t<meta name=\"twitter:data1\" content=\"1 perc\" \/>\n<script type=\"application\/ld+json\" class=\"yoast-schema-graph\">{\"@context\":\"https:\\\/\\\/schema.org\",\"@graph\":[{\"@type\":\"WebPage\",\"@id\":\"https:\\\/\\\/esemineu.ro\\\/hu\\\/termek\\\/25x25-cm-es-fekete-kemenysapka\\\/\",\"url\":\"https:\\\/\\\/esemineu.ro\\\/hu\\\/termek\\\/25x25-cm-es-fekete-kemenysapka\\\/\",\"name\":\"25x25 cm-es fekete k\u00e9m\u00e9nysapka - eSemineu\",\"isPartOf\":{\"@id\":\"https:\\\/\\\/esemineu.ro\\\/hu\\\/#website\"},\"primaryImageOfPage\":{\"@id\":\"https:\\\/\\\/esemineu.ro\\\/hu\\\/termek\\\/25x25-cm-es-fekete-kemenysapka\\\/#primaryimage\"},\"image\":{\"@id\":\"https:\\\/\\\/esemineu.ro\\\/hu\\\/termek\\\/25x25-cm-es-fekete-kemenysapka\\\/#primaryimage\"},\"thumbnailUrl\":\"https:\\\/\\\/esemineu.ro\\\/wp-content\\\/uploads\\\/2025\\\/12\\\/PALARIE-COS-FRONT-.jpg\",\"datePublished\":\"2025-12-04T07:25:38+00:00\",\"dateModified\":\"2025-12-04T07:28:54+00:00\",\"description\":\"25x25 cm-es fekete k\u00e9m\u00e9nysapka SSF. Id\u0151j\u00e1r\u00e1s\u00e1ll\u00f3, tart\u00f3s v\u00e9delem madarak \u00e9s csapad\u00e9k ellen, egyszer\u0171 felszerel\u00e9ssel. eSemineu.ro\",\"breadcrumb\":{\"@id\":\"https:\\\/\\\/esemineu.ro\\\/hu\\\/termek\\\/25x25-cm-es-fekete-kemenysapka\\\/#breadcrumb\"},\"inLanguage\":\"hu\",\"potentialAction\":[{\"@type\":\"ReadAction\",\"target\":[\"https:\\\/\\\/esemineu.ro\\\/hu\\\/termek\\\/25x25-cm-es-fekete-kemenysapka\\\/\"]}]},{\"@type\":\"ImageObject\",\"inLanguage\":\"hu\",\"@id\":\"https:\\\/\\\/esemineu.ro\\\/hu\\\/termek\\\/25x25-cm-es-fekete-kemenysapka\\\/#primaryimage\",\"url\":\"https:\\\/\\\/esemineu.ro\\\/wp-content\\\/uploads\\\/2025\\\/12\\\/PALARIE-COS-FRONT-.jpg\",\"contentUrl\":\"https:\\\/\\\/esemineu.ro\\\/wp-content\\\/uploads\\\/2025\\\/12\\\/PALARIE-COS-FRONT-.jpg\",\"width\":1000,\"height\":1000},{\"@type\":\"BreadcrumbList\",\"@id\":\"https:\\\/\\\/esemineu.ro\\\/hu\\\/termek\\\/25x25-cm-es-fekete-kemenysapka\\\/#breadcrumb\",\"itemListElement\":[{\"@type\":\"ListItem\",\"position\":1,\"name\":\"Kezd\u0151lap\",\"item\":\"https:\\\/\\\/esemineu.ro\\\/hu\\\/\"},{\"@type\":\"ListItem\",\"position\":2,\"name\":\"\u00c1ruh\u00e1z\",\"item\":\"https:\\\/\\\/esemineu.ro\\\/hu\\\/aruhaz\\\/\"},{\"@type\":\"ListItem\",\"position\":3,\"name\":\"25&#215;25 cm-es fekete k\u00e9m\u00e9nysapka\"}]},{\"@type\":\"WebSite\",\"@id\":\"https:\\\/\\\/esemineu.ro\\\/hu\\\/#website\",\"url\":\"https:\\\/\\\/esemineu.ro\\\/hu\\\/\",\"name\":\"eSemineu\",\"description\":\"\u0218eminee de cea mai \u00eenalt\u0103 calitate\",\"potentialAction\":[{\"@type\":\"SearchAction\",\"target\":{\"@type\":\"EntryPoint\",\"urlTemplate\":\"https:\\\/\\\/esemineu.ro\\\/hu\\\/?s={search_term_string}\"},\"query-input\":{\"@type\":\"PropertyValueSpecification\",\"valueRequired\":true,\"valueName\":\"search_term_string\"}}],\"inLanguage\":\"hu\"}]}<\/script>\n<!-- \/ Yoast SEO Premium plugin. -->","yoast_head_json":{"title":"25x25 cm-es fekete k\u00e9m\u00e9nysapka - eSemineu","description":"25x25 cm-es fekete k\u00e9m\u00e9nysapka SSF. Id\u0151j\u00e1r\u00e1s\u00e1ll\u00f3, tart\u00f3s v\u00e9delem madarak \u00e9s csapad\u00e9k ellen, egyszer\u0171 felszerel\u00e9ssel. eSemineu.ro","robots":{"index":"index","follow":"follow","max-snippet":"max-snippet:-1","max-image-preview":"max-image-preview:large","max-video-preview":"max-video-preview:-1"},"canonical":"https:\/\/esemineu.ro\/hu\/termek\/25x25-cm-es-fekete-kemenysapka\/","og_locale":"hu_HU","og_type":"article","og_title":"25x25 cm-es fekete k\u00e9m\u00e9nysapka - eSemineu","og_description":"25x25 cm-es fekete k\u00e9m\u00e9nysapka SSF. Id\u0151j\u00e1r\u00e1s\u00e1ll\u00f3, tart\u00f3s v\u00e9delem madarak \u00e9s csapad\u00e9k ellen, egyszer\u0171 felszerel\u00e9ssel. eSemineu.ro","og_url":"https:\/\/esemineu.ro\/hu\/termek\/25x25-cm-es-fekete-kemenysapka\/","og_site_name":"eSemineu","article_publisher":"https:\/\/web.facebook.com\/eSemineu","article_modified_time":"2025-12-04T07:28:54+00:00","og_image":[{"width":1000,"height":1000,"url":"https:\/\/esemineu.ro\/wp-content\/uploads\/2025\/12\/PALARIE-COS-FRONT-.jpg","type":"image\/jpeg"}],"twitter_card":"summary_large_image","twitter_misc":{"Becs\u00fclt olvas\u00e1si id\u0151":"1 perc"},"schema":{"@context":"https:\/\/schema.org","@graph":[{"@type":"WebPage","@id":"https:\/\/esemineu.ro\/hu\/termek\/25x25-cm-es-fekete-kemenysapka\/","url":"https:\/\/esemineu.ro\/hu\/termek\/25x25-cm-es-fekete-kemenysapka\/","name":"25x25 cm-es fekete k\u00e9m\u00e9nysapka - eSemineu","isPartOf":{"@id":"https:\/\/esemineu.ro\/hu\/#website"},"primaryImageOfPage":{"@id":"https:\/\/esemineu.ro\/hu\/termek\/25x25-cm-es-fekete-kemenysapka\/#primaryimage"},"image":{"@id":"https:\/\/esemineu.ro\/hu\/termek\/25x25-cm-es-fekete-kemenysapka\/#primaryimage"},"thumbnailUrl":"https:\/\/esemineu.ro\/wp-content\/uploads\/2025\/12\/PALARIE-COS-FRONT-.jpg","datePublished":"2025-12-04T07:25:38+00:00","dateModified":"2025-12-04T07:28:54+00:00","description":"25x25 cm-es fekete k\u00e9m\u00e9nysapka SSF. Id\u0151j\u00e1r\u00e1s\u00e1ll\u00f3, tart\u00f3s v\u00e9delem madarak \u00e9s csapad\u00e9k ellen, egyszer\u0171 felszerel\u00e9ssel. eSemineu.ro","breadcrumb":{"@id":"https:\/\/esemineu.ro\/hu\/termek\/25x25-cm-es-fekete-kemenysapka\/#breadcrumb"},"inLanguage":"hu","potentialAction":[{"@type":"ReadAction","target":["https:\/\/esemineu.ro\/hu\/termek\/25x25-cm-es-fekete-kemenysapka\/"]}]},{"@type":"ImageObject","inLanguage":"hu","@id":"https:\/\/esemineu.ro\/hu\/termek\/25x25-cm-es-fekete-kemenysapka\/#primaryimage","url":"https:\/\/esemineu.ro\/wp-content\/uploads\/2025\/12\/PALARIE-COS-FRONT-.jpg","contentUrl":"https:\/\/esemineu.ro\/wp-content\/uploads\/2025\/12\/PALARIE-COS-FRONT-.jpg","width":1000,"height":1000},{"@type":"BreadcrumbList","@id":"https:\/\/esemineu.ro\/hu\/termek\/25x25-cm-es-fekete-kemenysapka\/#breadcrumb","itemListElement":[{"@type":"ListItem","position":1,"name":"Kezd\u0151lap","item":"https:\/\/esemineu.ro\/hu\/"},{"@type":"ListItem","position":2,"name":"\u00c1ruh\u00e1z","item":"https:\/\/esemineu.ro\/hu\/aruhaz\/"},{"@type":"ListItem","position":3,"name":"25&#215;25 cm-es fekete k\u00e9m\u00e9nysapka"}]},{"@type":"WebSite","@id":"https:\/\/esemineu.ro\/hu\/#website","url":"https:\/\/esemineu.ro\/hu\/","name":"eSemineu","description":"\u0218eminee de cea mai \u00eenalt\u0103 calitate","potentialAction":[{"@type":"SearchAction","target":{"@type":"EntryPoint","urlTemplate":"https:\/\/esemineu.ro\/hu\/?s={search_term_string}"},"query-input":{"@type":"PropertyValueSpecification","valueRequired":true,"valueName":"search_term_string"}}],"inLanguage":"hu"}]}},"_links":{"self":[{"href":"https:\/\/esemineu.ro\/hu\/wp-json\/wp\/v2\/product\/32928","targetHints":{"allow":["GET"]}}],"collection":[{"href":"https:\/\/esemineu.ro\/hu\/wp-json\/wp\/v2\/product"}],"about":[{"href":"https:\/\/esemineu.ro\/hu\/wp-json\/wp\/v2\/types\/product"}],"replies":[{"embeddable":true,"href":"https:\/\/esemineu.ro\/hu\/wp-json\/wp\/v2\/comments?post=32928"}],"wp:featuredmedia":[{"embeddable":true,"href":"https:\/\/esemineu.ro\/hu\/wp-json\/wp\/v2\/media\/32924"}],"wp:attachment":[{"href":"https:\/\/esemineu.ro\/hu\/wp-json\/wp\/v2\/media?parent=32928"}],"wp:term":[{"taxonomy":"product_brand","embeddable":true,"href":"https:\/\/esemineu.ro\/hu\/wp-json\/wp\/v2\/product_brand?post=32928"},{"taxonomy":"product_cat","embeddable":true,"href":"https:\/\/esemineu.ro\/hu\/wp-json\/wp\/v2\/product_cat?post=32928"},{"taxonomy":"product_tag","embeddable":true,"href":"https:\/\/esemineu.ro\/hu\/wp-json\/wp\/v2\/product_tag?post=32928"}],"curies":[{"name":"wp","href":"https:\/\/api.w.org\/{rel}","templated":true}]}}