{"id":32920,"date":"2025-12-04T09:11:18","date_gmt":"2025-12-04T07:11:18","guid":{"rendered":"https:\/\/esemineu.ro\/?post_type=product&#038;p=32920"},"modified":"2025-12-04T09:14:16","modified_gmt":"2025-12-04T07:14:16","slug":"klasszikus-acellemez-suto-1950-x-26-x-37-cm-es","status":"publish","type":"product","link":"https:\/\/esemineu.ro\/hu\/termek\/klasszikus-acellemez-suto-1950-x-26-x-37-cm-es\/","title":{"rendered":"Klasszikus ac\u00e9llemez s\u00fct\u0151, 19,50 x 26 x 37 cm-es"},"content":{"rendered":"<p data-start=\"174\" data-end=\"568\">A <strong data-start=\"176\" data-end=\"227\">19,50 x 26 x 37 cm-es ac\u00e9llemezb\u0151l k\u00e9sz\u00fclt s\u00fct\u0151<\/strong> egy praktikus \u00e9s megb\u00edzhat\u00f3 kieg\u00e9sz\u00edt\u0151 minden hagyom\u00e1nyos fat\u00fczel\u00e9s\u0171 k\u00e1lyh\u00e1hoz. Massz\u00edv ac\u00e9l szerkezete j\u00f3l b\u00edrja a magas h\u0151m\u00e9rs\u00e9kletet, \u00edgy biztos\u00edtja az egyenletes s\u00fct\u00e9st \u00e9s a stabil m\u0171k\u00f6d\u00e9st. Kompakt m\u00e9rete miatt kis terekben is k\u00f6nnyen elhelyezhet\u0151, ez\u00e9rt ide\u00e1lis v\u00e1laszt\u00e1s h\u00e9tv\u00e9gi h\u00e1zakba, vid\u00e9ki otthonokba vagy kism\u00e9ret\u0171 konyh\u00e1kba.<\/p>\n<p data-start=\"570\" data-end=\"914\">A s\u00fct\u0151 egyszer\u0171 kialak\u00edt\u00e1sa lehet\u0151v\u00e9 teszi a term\u00e9szetes h\u0151hasznos\u00edt\u00e1st, \u00edgy kenyerek, s\u00fctem\u00e9nyek vagy m\u00e1s h\u00e1zias \u00e9telek is k\u00f6nnyen elk\u00e9sz\u00edthet\u0151k benne. Az ac\u00e9l j\u00f3l tartja a h\u0151t, ez\u00e9rt a s\u00fct\u00e9si folyamat gazdas\u00e1gos \u00e9s hat\u00e9kony marad. A szerkezet k\u00f6nnyen kezelhet\u0151, tiszt\u00edthat\u00f3 \u00e9s hossz\u00fa \u00e9lettartamot biztos\u00edt m\u00e9g intenz\u00edv haszn\u00e1lat mellett is.<\/p>\n<p data-start=\"916\" data-end=\"1111\">Ez a <strong data-start=\"921\" data-end=\"950\">klasszikus ac\u00e9llemez s\u00fct\u0151<\/strong> t\u00f6k\u00e9letes v\u00e1laszt\u00e1s mindazoknak, akik szeretn\u00e9k kihaszn\u00e1lni k\u00e1lyh\u00e1juk teljes funkcionalit\u00e1s\u00e1t, \u00e9s \u00e9lvezni a hagyom\u00e1nyos, fat\u00fczel\u00e9s\u0171 s\u00fct\u00e9s autentikus \u00e9lm\u00e9ny\u00e9t.<\/p>\n","protected":false},"excerpt":{"rendered":"<p>A 19,50 x 26 x 37 cm-es ac\u00e9llemezb\u0151l k\u00e9sz\u00fclt s\u00fct\u0151 egy praktikus \u00e9s megb\u00edzhat\u00f3 kieg\u00e9sz\u00edt\u0151 minden hagyom\u00e1nyos fat\u00fczel\u00e9s\u0171 k\u00e1lyh\u00e1hoz. Massz\u00edv ac\u00e9l szerkezete j\u00f3l b\u00edrja a magas h\u0151m\u00e9rs\u00e9kletet, \u00edgy biztos\u00edtja az egyenletes s\u00fct\u00e9st \u00e9s a stabil m\u0171k\u00f6d\u00e9st. Kompakt m\u00e9rete miatt kis terekben is k\u00f6nnyen elhelyezhet\u0151, ez\u00e9rt ide\u00e1lis v\u00e1laszt\u00e1s h\u00e9tv\u00e9gi h\u00e1zakba, vid\u00e9ki otthonokba vagy kism\u00e9ret\u0171 konyh\u00e1kba. A s\u00fct\u0151 egyszer\u0171 kialak\u00edt\u00e1sa lehet\u0151v\u00e9 teszi a term\u00e9szetes h\u0151hasznos\u00edt\u00e1st, \u00edgy kenyerek, s\u00fctem\u00e9nyek vagy m\u00e1s h\u00e1zias \u00e9telek is k\u00f6nnyen elk\u00e9sz\u00edthet\u0151k benne. Az ac\u00e9l j\u00f3l tartja a h\u0151t, ez\u00e9rt a s\u00fct\u00e9si folyamat gazdas\u00e1gos \u00e9s hat\u00e9kony marad. A szerkezet k\u00f6nnyen kezelhet\u0151, tiszt\u00edthat\u00f3 \u00e9s hossz\u00fa \u00e9lettartamot biztos\u00edt m\u00e9g intenz\u00edv haszn\u00e1lat mellett is. Ez a klasszikus ac\u00e9llemez s\u00fct\u0151 t\u00f6k\u00e9letes v\u00e1laszt\u00e1s mindazoknak, akik szeretn\u00e9k kihaszn\u00e1lni k\u00e1lyh\u00e1juk teljes funkcionalit\u00e1s\u00e1t, \u00e9s \u00e9lvezni a hagyom\u00e1nyos, fat\u00fczel\u00e9s\u0171 s\u00fct\u00e9s autentikus \u00e9lm\u00e9ny\u00e9t.<\/p>\n","protected":false},"featured_media":32913,"comment_status":"open","ping_status":"closed","template":"","meta":[],"product_brand":[695],"product_cat":[2381],"product_tag":[],"class_list":{"0":"post-32920","1":"product","2":"type-product","3":"status-publish","4":"has-post-thumbnail","6":"product_brand-esemineu","7":"product_cat-kiegeszitok","8":"product_shipping_class-fustcsovek","9":"pa_material-acel","11":"first","12":"onbackorder","13":"shipping-taxable","14":"purchasable","15":"product-type-simple"},"acf":[],"yoast_head":"<!-- This site is optimized with the Yoast SEO Premium plugin v21.0 (Yoast SEO v27.3) - https:\/\/yoast.com\/product\/yoast-seo-premium-wordpress\/ -->\n<title>Klasszikus ac\u00e9llemez s\u00fct\u0151, 19,50 x 26 x 37 cm-es - eSemineu<\/title>\n<meta name=\"description\" content=\"Klasszikus ac\u00e9llemez s\u00fct\u0151, 19,50 x 26 x 37 cm . Kompakt, tart\u00f3s \u00e9s kiv\u00e1l\u00f3 hagyom\u00e1nyos k\u00e1lyh\u00e1khoz, sparheltekhez. eSemineu.ro\" \/>\n<meta name=\"robots\" content=\"index, follow, max-snippet:-1, max-image-preview:large, max-video-preview:-1\" \/>\n<link rel=\"canonical\" href=\"https:\/\/esemineu.ro\/hu\/termek\/klasszikus-acellemez-suto-1950-x-26-x-37-cm-es\/\" \/>\n<meta property=\"og:locale\" content=\"hu_HU\" \/>\n<meta property=\"og:type\" content=\"article\" \/>\n<meta property=\"og:title\" content=\"Klasszikus ac\u00e9llemez s\u00fct\u0151, 19,50 x 26 x 37 cm-es - eSemineu\" \/>\n<meta property=\"og:description\" content=\"Klasszikus ac\u00e9llemez s\u00fct\u0151, 19,50 x 26 x 37 cm . Kompakt, tart\u00f3s \u00e9s kiv\u00e1l\u00f3 hagyom\u00e1nyos k\u00e1lyh\u00e1khoz, sparheltekhez. eSemineu.ro\" \/>\n<meta property=\"og:url\" content=\"https:\/\/esemineu.ro\/hu\/termek\/klasszikus-acellemez-suto-1950-x-26-x-37-cm-es\/\" \/>\n<meta property=\"og:site_name\" content=\"eSemineu\" \/>\n<meta property=\"article:publisher\" content=\"https:\/\/web.facebook.com\/eSemineu\" \/>\n<meta property=\"article:modified_time\" content=\"2025-12-04T07:14:16+00:00\" \/>\n<meta property=\"og:image\" content=\"https:\/\/esemineu.ro\/wp-content\/uploads\/2025\/12\/Cuptor-taraneasca-1.jpg\" \/>\n\t<meta property=\"og:image:width\" content=\"1000\" \/>\n\t<meta property=\"og:image:height\" content=\"1000\" \/>\n\t<meta property=\"og:image:type\" content=\"image\/jpeg\" \/>\n<meta name=\"twitter:card\" content=\"summary_large_image\" \/>\n<meta name=\"twitter:label1\" content=\"Becs\u00fclt olvas\u00e1si id\u0151\" \/>\n\t<meta name=\"twitter:data1\" content=\"1 perc\" \/>\n<script type=\"application\/ld+json\" class=\"yoast-schema-graph\">{\"@context\":\"https:\\\/\\\/schema.org\",\"@graph\":[{\"@type\":\"WebPage\",\"@id\":\"https:\\\/\\\/esemineu.ro\\\/hu\\\/termek\\\/klasszikus-acellemez-suto-1950-x-26-x-37-cm-es\\\/\",\"url\":\"https:\\\/\\\/esemineu.ro\\\/hu\\\/termek\\\/klasszikus-acellemez-suto-1950-x-26-x-37-cm-es\\\/\",\"name\":\"Klasszikus ac\u00e9llemez s\u00fct\u0151, 19,50 x 26 x 37 cm-es - eSemineu\",\"isPartOf\":{\"@id\":\"https:\\\/\\\/esemineu.ro\\\/hu\\\/#website\"},\"primaryImageOfPage\":{\"@id\":\"https:\\\/\\\/esemineu.ro\\\/hu\\\/termek\\\/klasszikus-acellemez-suto-1950-x-26-x-37-cm-es\\\/#primaryimage\"},\"image\":{\"@id\":\"https:\\\/\\\/esemineu.ro\\\/hu\\\/termek\\\/klasszikus-acellemez-suto-1950-x-26-x-37-cm-es\\\/#primaryimage\"},\"thumbnailUrl\":\"https:\\\/\\\/esemineu.ro\\\/wp-content\\\/uploads\\\/2025\\\/12\\\/Cuptor-taraneasca-1.jpg\",\"datePublished\":\"2025-12-04T07:11:18+00:00\",\"dateModified\":\"2025-12-04T07:14:16+00:00\",\"description\":\"Klasszikus ac\u00e9llemez s\u00fct\u0151, 19,50 x 26 x 37 cm . Kompakt, tart\u00f3s \u00e9s kiv\u00e1l\u00f3 hagyom\u00e1nyos k\u00e1lyh\u00e1khoz, sparheltekhez. eSemineu.ro\",\"breadcrumb\":{\"@id\":\"https:\\\/\\\/esemineu.ro\\\/hu\\\/termek\\\/klasszikus-acellemez-suto-1950-x-26-x-37-cm-es\\\/#breadcrumb\"},\"inLanguage\":\"hu\",\"potentialAction\":[{\"@type\":\"ReadAction\",\"target\":[\"https:\\\/\\\/esemineu.ro\\\/hu\\\/termek\\\/klasszikus-acellemez-suto-1950-x-26-x-37-cm-es\\\/\"]}]},{\"@type\":\"ImageObject\",\"inLanguage\":\"hu\",\"@id\":\"https:\\\/\\\/esemineu.ro\\\/hu\\\/termek\\\/klasszikus-acellemez-suto-1950-x-26-x-37-cm-es\\\/#primaryimage\",\"url\":\"https:\\\/\\\/esemineu.ro\\\/wp-content\\\/uploads\\\/2025\\\/12\\\/Cuptor-taraneasca-1.jpg\",\"contentUrl\":\"https:\\\/\\\/esemineu.ro\\\/wp-content\\\/uploads\\\/2025\\\/12\\\/Cuptor-taraneasca-1.jpg\",\"width\":1000,\"height\":1000},{\"@type\":\"BreadcrumbList\",\"@id\":\"https:\\\/\\\/esemineu.ro\\\/hu\\\/termek\\\/klasszikus-acellemez-suto-1950-x-26-x-37-cm-es\\\/#breadcrumb\",\"itemListElement\":[{\"@type\":\"ListItem\",\"position\":1,\"name\":\"Kezd\u0151lap\",\"item\":\"https:\\\/\\\/esemineu.ro\\\/hu\\\/\"},{\"@type\":\"ListItem\",\"position\":2,\"name\":\"\u00c1ruh\u00e1z\",\"item\":\"https:\\\/\\\/esemineu.ro\\\/hu\\\/aruhaz\\\/\"},{\"@type\":\"ListItem\",\"position\":3,\"name\":\"Klasszikus ac\u00e9llemez s\u00fct\u0151, 19,50 x 26 x 37 cm-es\"}]},{\"@type\":\"WebSite\",\"@id\":\"https:\\\/\\\/esemineu.ro\\\/hu\\\/#website\",\"url\":\"https:\\\/\\\/esemineu.ro\\\/hu\\\/\",\"name\":\"eSemineu\",\"description\":\"\u0218eminee de cea mai \u00eenalt\u0103 calitate\",\"potentialAction\":[{\"@type\":\"SearchAction\",\"target\":{\"@type\":\"EntryPoint\",\"urlTemplate\":\"https:\\\/\\\/esemineu.ro\\\/hu\\\/?s={search_term_string}\"},\"query-input\":{\"@type\":\"PropertyValueSpecification\",\"valueRequired\":true,\"valueName\":\"search_term_string\"}}],\"inLanguage\":\"hu\"}]}<\/script>\n<!-- \/ Yoast SEO Premium plugin. -->","yoast_head_json":{"title":"Klasszikus ac\u00e9llemez s\u00fct\u0151, 19,50 x 26 x 37 cm-es - eSemineu","description":"Klasszikus ac\u00e9llemez s\u00fct\u0151, 19,50 x 26 x 37 cm . Kompakt, tart\u00f3s \u00e9s kiv\u00e1l\u00f3 hagyom\u00e1nyos k\u00e1lyh\u00e1khoz, sparheltekhez. eSemineu.ro","robots":{"index":"index","follow":"follow","max-snippet":"max-snippet:-1","max-image-preview":"max-image-preview:large","max-video-preview":"max-video-preview:-1"},"canonical":"https:\/\/esemineu.ro\/hu\/termek\/klasszikus-acellemez-suto-1950-x-26-x-37-cm-es\/","og_locale":"hu_HU","og_type":"article","og_title":"Klasszikus ac\u00e9llemez s\u00fct\u0151, 19,50 x 26 x 37 cm-es - eSemineu","og_description":"Klasszikus ac\u00e9llemez s\u00fct\u0151, 19,50 x 26 x 37 cm . Kompakt, tart\u00f3s \u00e9s kiv\u00e1l\u00f3 hagyom\u00e1nyos k\u00e1lyh\u00e1khoz, sparheltekhez. eSemineu.ro","og_url":"https:\/\/esemineu.ro\/hu\/termek\/klasszikus-acellemez-suto-1950-x-26-x-37-cm-es\/","og_site_name":"eSemineu","article_publisher":"https:\/\/web.facebook.com\/eSemineu","article_modified_time":"2025-12-04T07:14:16+00:00","og_image":[{"width":1000,"height":1000,"url":"https:\/\/esemineu.ro\/wp-content\/uploads\/2025\/12\/Cuptor-taraneasca-1.jpg","type":"image\/jpeg"}],"twitter_card":"summary_large_image","twitter_misc":{"Becs\u00fclt olvas\u00e1si id\u0151":"1 perc"},"schema":{"@context":"https:\/\/schema.org","@graph":[{"@type":"WebPage","@id":"https:\/\/esemineu.ro\/hu\/termek\/klasszikus-acellemez-suto-1950-x-26-x-37-cm-es\/","url":"https:\/\/esemineu.ro\/hu\/termek\/klasszikus-acellemez-suto-1950-x-26-x-37-cm-es\/","name":"Klasszikus ac\u00e9llemez s\u00fct\u0151, 19,50 x 26 x 37 cm-es - eSemineu","isPartOf":{"@id":"https:\/\/esemineu.ro\/hu\/#website"},"primaryImageOfPage":{"@id":"https:\/\/esemineu.ro\/hu\/termek\/klasszikus-acellemez-suto-1950-x-26-x-37-cm-es\/#primaryimage"},"image":{"@id":"https:\/\/esemineu.ro\/hu\/termek\/klasszikus-acellemez-suto-1950-x-26-x-37-cm-es\/#primaryimage"},"thumbnailUrl":"https:\/\/esemineu.ro\/wp-content\/uploads\/2025\/12\/Cuptor-taraneasca-1.jpg","datePublished":"2025-12-04T07:11:18+00:00","dateModified":"2025-12-04T07:14:16+00:00","description":"Klasszikus ac\u00e9llemez s\u00fct\u0151, 19,50 x 26 x 37 cm . Kompakt, tart\u00f3s \u00e9s kiv\u00e1l\u00f3 hagyom\u00e1nyos k\u00e1lyh\u00e1khoz, sparheltekhez. eSemineu.ro","breadcrumb":{"@id":"https:\/\/esemineu.ro\/hu\/termek\/klasszikus-acellemez-suto-1950-x-26-x-37-cm-es\/#breadcrumb"},"inLanguage":"hu","potentialAction":[{"@type":"ReadAction","target":["https:\/\/esemineu.ro\/hu\/termek\/klasszikus-acellemez-suto-1950-x-26-x-37-cm-es\/"]}]},{"@type":"ImageObject","inLanguage":"hu","@id":"https:\/\/esemineu.ro\/hu\/termek\/klasszikus-acellemez-suto-1950-x-26-x-37-cm-es\/#primaryimage","url":"https:\/\/esemineu.ro\/wp-content\/uploads\/2025\/12\/Cuptor-taraneasca-1.jpg","contentUrl":"https:\/\/esemineu.ro\/wp-content\/uploads\/2025\/12\/Cuptor-taraneasca-1.jpg","width":1000,"height":1000},{"@type":"BreadcrumbList","@id":"https:\/\/esemineu.ro\/hu\/termek\/klasszikus-acellemez-suto-1950-x-26-x-37-cm-es\/#breadcrumb","itemListElement":[{"@type":"ListItem","position":1,"name":"Kezd\u0151lap","item":"https:\/\/esemineu.ro\/hu\/"},{"@type":"ListItem","position":2,"name":"\u00c1ruh\u00e1z","item":"https:\/\/esemineu.ro\/hu\/aruhaz\/"},{"@type":"ListItem","position":3,"name":"Klasszikus ac\u00e9llemez s\u00fct\u0151, 19,50 x 26 x 37 cm-es"}]},{"@type":"WebSite","@id":"https:\/\/esemineu.ro\/hu\/#website","url":"https:\/\/esemineu.ro\/hu\/","name":"eSemineu","description":"\u0218eminee de cea mai \u00eenalt\u0103 calitate","potentialAction":[{"@type":"SearchAction","target":{"@type":"EntryPoint","urlTemplate":"https:\/\/esemineu.ro\/hu\/?s={search_term_string}"},"query-input":{"@type":"PropertyValueSpecification","valueRequired":true,"valueName":"search_term_string"}}],"inLanguage":"hu"}]}},"_links":{"self":[{"href":"https:\/\/esemineu.ro\/hu\/wp-json\/wp\/v2\/product\/32920","targetHints":{"allow":["GET"]}}],"collection":[{"href":"https:\/\/esemineu.ro\/hu\/wp-json\/wp\/v2\/product"}],"about":[{"href":"https:\/\/esemineu.ro\/hu\/wp-json\/wp\/v2\/types\/product"}],"replies":[{"embeddable":true,"href":"https:\/\/esemineu.ro\/hu\/wp-json\/wp\/v2\/comments?post=32920"}],"wp:featuredmedia":[{"embeddable":true,"href":"https:\/\/esemineu.ro\/hu\/wp-json\/wp\/v2\/media\/32913"}],"wp:attachment":[{"href":"https:\/\/esemineu.ro\/hu\/wp-json\/wp\/v2\/media?parent=32920"}],"wp:term":[{"taxonomy":"product_brand","embeddable":true,"href":"https:\/\/esemineu.ro\/hu\/wp-json\/wp\/v2\/product_brand?post=32920"},{"taxonomy":"product_cat","embeddable":true,"href":"https:\/\/esemineu.ro\/hu\/wp-json\/wp\/v2\/product_cat?post=32920"},{"taxonomy":"product_tag","embeddable":true,"href":"https:\/\/esemineu.ro\/hu\/wp-json\/wp\/v2\/product_tag?post=32920"}],"curies":[{"name":"wp","href":"https:\/\/api.w.org\/{rel}","templated":true}]}}