{"id":32910,"date":"2025-11-21T15:24:27","date_gmt":"2025-11-21T13:24:27","guid":{"rendered":"https:\/\/esemineu.ro\/?post_type=product&#038;p=32910"},"modified":"2025-12-04T08:59:55","modified_gmt":"2025-12-04T06:59:55","slug":"vesta-395x270-mm-es-ontottvas-fozolap","status":"publish","type":"product","link":"https:\/\/esemineu.ro\/hu\/termek\/vesta-395x270-mm-es-ontottvas-fozolap\/","title":{"rendered":"Vesta 395&#215;270 mm-es \u00f6nt\u00f6ttvas f\u0151z\u0151lap"},"content":{"rendered":"<p data-start=\"1060\" data-end=\"1281\">A <strong data-start=\"1062\" data-end=\"1103\">Vesta 395&#215;270 mm-es \u00f6nt\u00f6ttvas f\u0151z\u0151lap<\/strong> massz\u00edv, tart\u00f3s \u00e9s praktikus kieg\u00e9sz\u00edt\u0151 b\u00e1rmilyen fat\u00fczel\u00e9s\u0171 k\u00e1lyh\u00e1hoz. <strong data-start=\"1176\" data-end=\"1208\">Kiv\u00e1l\u00f3 min\u0151s\u00e9g\u0171 \u00f6nt\u00f6ttvasb\u00f3l<\/strong> k\u00e9sz\u00fclt, amely hossz\u00fa \u00e9lettartamot \u00e9s egyenletes h\u0151eloszl\u00e1st biztos\u00edt.<\/p>\n<p data-start=\"1283\" data-end=\"1490\">Kompakt m\u00e9ret\u00e9nek (<strong data-start=\"1302\" data-end=\"1316\">395&#215;270 mm<\/strong>) k\u00f6sz\u00f6nhet\u0151en k\u00f6nnyen illeszthet\u0151 a legt\u00f6bb hagyom\u00e1nyos t\u0171zhelyre. Az \u00f6nt\u00f6ttvas j\u00f3l tartja a h\u0151t, \u00edgy f\u0151z\u00e9sre vagy melegen tart\u00e1sra is ide\u00e1lis, m\u00e9g a t\u0171z kialv\u00e1sa ut\u00e1n is.<\/p>\n<p data-start=\"1492\" data-end=\"1628\">Egyszer\u0171en haszn\u00e1lhat\u00f3, biztons\u00e1gos \u00e9s eleg\u00e1ns \u2013 a <strong data-start=\"1543\" data-end=\"1570\">Vesta \u00f6nt\u00f6ttvas f\u0151z\u0151lap<\/strong> a hagyom\u00e1nyos f\u0171t\u00e9s \u00e9s f\u0151z\u00e9s elengedhetetlen tartoz\u00e9ka.<\/p>\n","protected":false},"excerpt":{"rendered":"<p>A Vesta 395&#215;270 mm-es \u00f6nt\u00f6ttvas f\u0151z\u0151lap massz\u00edv, tart\u00f3s \u00e9s praktikus kieg\u00e9sz\u00edt\u0151 b\u00e1rmilyen fat\u00fczel\u00e9s\u0171 k\u00e1lyh\u00e1hoz. Kiv\u00e1l\u00f3 min\u0151s\u00e9g\u0171 \u00f6nt\u00f6ttvasb\u00f3l k\u00e9sz\u00fclt, amely hossz\u00fa \u00e9lettartamot \u00e9s egyenletes h\u0151eloszl\u00e1st biztos\u00edt. Kompakt m\u00e9ret\u00e9nek (395&#215;270 mm) k\u00f6sz\u00f6nhet\u0151en k\u00f6nnyen illeszthet\u0151 a legt\u00f6bb hagyom\u00e1nyos t\u0171zhelyre. Az \u00f6nt\u00f6ttvas j\u00f3l tartja a h\u0151t, \u00edgy f\u0151z\u00e9sre vagy melegen tart\u00e1sra is ide\u00e1lis, m\u00e9g a t\u0171z kialv\u00e1sa ut\u00e1n is. Egyszer\u0171en haszn\u00e1lhat\u00f3, biztons\u00e1gos \u00e9s eleg\u00e1ns \u2013 a Vesta \u00f6nt\u00f6ttvas f\u0151z\u0151lap a hagyom\u00e1nyos f\u0171t\u00e9s \u00e9s f\u0151z\u00e9s elengedhetetlen tartoz\u00e9ka.<\/p>\n","protected":false},"featured_media":32643,"comment_status":"open","ping_status":"closed","template":"","meta":[],"product_brand":[695],"product_cat":[813,2381],"product_tag":[],"class_list":{"0":"post-32910","1":"product","2":"type-product","3":"status-publish","4":"has-post-thumbnail","6":"product_brand-esemineu","7":"product_cat-hoallo-szigetelesek","8":"product_cat-kiegeszitok","9":"product_shipping_class-begyujto-szerek","10":"pa_material-ontottvas-hu","12":"first","13":"onbackorder","14":"shipping-taxable","15":"purchasable","16":"product-type-simple"},"acf":[],"yoast_head":"<!-- This site is optimized with the Yoast SEO Premium plugin v21.0 (Yoast SEO v27.3) - https:\/\/yoast.com\/product\/yoast-seo-premium-wordpress\/ -->\n<title>Vesta 395x270 mm-es \u00f6nt\u00f6ttvas f\u0151z\u0151lap - eSemineu<\/title>\n<meta name=\"description\" content=\"Vesta 395x270 mm \u00f6nt\u00f6ttvas f\u0151z\u0151lap. Tart\u00f3s, h\u0151\u00e1ll\u00f3, kiv\u00e1l\u00f3 min\u0151s\u00e9g\u0171 \u00f6ntv\u00e9ny k\u00e1lyh\u00e1khoz \u00e9s hagyom\u00e1nyos f\u0151z\u00e9shez. eSemineu.ro\" \/>\n<meta name=\"robots\" content=\"index, follow, max-snippet:-1, max-image-preview:large, max-video-preview:-1\" \/>\n<link rel=\"canonical\" href=\"https:\/\/esemineu.ro\/hu\/termek\/vesta-395x270-mm-es-ontottvas-fozolap\/\" \/>\n<meta property=\"og:locale\" content=\"hu_HU\" \/>\n<meta property=\"og:type\" content=\"article\" \/>\n<meta property=\"og:title\" content=\"Vesta 395x270 mm-es \u00f6nt\u00f6ttvas f\u0151z\u0151lap - eSemineu\" \/>\n<meta property=\"og:description\" content=\"Vesta 395x270 mm \u00f6nt\u00f6ttvas f\u0151z\u0151lap. Tart\u00f3s, h\u0151\u00e1ll\u00f3, kiv\u00e1l\u00f3 min\u0151s\u00e9g\u0171 \u00f6ntv\u00e9ny k\u00e1lyh\u00e1khoz \u00e9s hagyom\u00e1nyos f\u0151z\u00e9shez. eSemineu.ro\" \/>\n<meta property=\"og:url\" content=\"https:\/\/esemineu.ro\/hu\/termek\/vesta-395x270-mm-es-ontottvas-fozolap\/\" \/>\n<meta property=\"og:site_name\" content=\"eSemineu\" \/>\n<meta property=\"article:publisher\" content=\"https:\/\/web.facebook.com\/eSemineu\" \/>\n<meta property=\"article:modified_time\" content=\"2025-12-04T06:59:55+00:00\" \/>\n<meta property=\"og:image\" content=\"https:\/\/esemineu.ro\/wp-content\/uploads\/2025\/11\/plita-vesta.jpg\" \/>\n\t<meta property=\"og:image:width\" content=\"1000\" \/>\n\t<meta property=\"og:image:height\" content=\"1000\" \/>\n\t<meta property=\"og:image:type\" content=\"image\/jpeg\" \/>\n<meta name=\"twitter:card\" content=\"summary_large_image\" \/>\n<meta name=\"twitter:label1\" content=\"Becs\u00fclt olvas\u00e1si id\u0151\" \/>\n\t<meta name=\"twitter:data1\" content=\"1 perc\" \/>\n<script type=\"application\/ld+json\" class=\"yoast-schema-graph\">{\"@context\":\"https:\\\/\\\/schema.org\",\"@graph\":[{\"@type\":\"WebPage\",\"@id\":\"https:\\\/\\\/esemineu.ro\\\/hu\\\/termek\\\/vesta-395x270-mm-es-ontottvas-fozolap\\\/\",\"url\":\"https:\\\/\\\/esemineu.ro\\\/hu\\\/termek\\\/vesta-395x270-mm-es-ontottvas-fozolap\\\/\",\"name\":\"Vesta 395x270 mm-es \u00f6nt\u00f6ttvas f\u0151z\u0151lap - eSemineu\",\"isPartOf\":{\"@id\":\"https:\\\/\\\/esemineu.ro\\\/hu\\\/#website\"},\"primaryImageOfPage\":{\"@id\":\"https:\\\/\\\/esemineu.ro\\\/hu\\\/termek\\\/vesta-395x270-mm-es-ontottvas-fozolap\\\/#primaryimage\"},\"image\":{\"@id\":\"https:\\\/\\\/esemineu.ro\\\/hu\\\/termek\\\/vesta-395x270-mm-es-ontottvas-fozolap\\\/#primaryimage\"},\"thumbnailUrl\":\"https:\\\/\\\/esemineu.ro\\\/wp-content\\\/uploads\\\/2025\\\/11\\\/plita-vesta.jpg\",\"datePublished\":\"2025-11-21T13:24:27+00:00\",\"dateModified\":\"2025-12-04T06:59:55+00:00\",\"description\":\"Vesta 395x270 mm \u00f6nt\u00f6ttvas f\u0151z\u0151lap. Tart\u00f3s, h\u0151\u00e1ll\u00f3, kiv\u00e1l\u00f3 min\u0151s\u00e9g\u0171 \u00f6ntv\u00e9ny k\u00e1lyh\u00e1khoz \u00e9s hagyom\u00e1nyos f\u0151z\u00e9shez. eSemineu.ro\",\"breadcrumb\":{\"@id\":\"https:\\\/\\\/esemineu.ro\\\/hu\\\/termek\\\/vesta-395x270-mm-es-ontottvas-fozolap\\\/#breadcrumb\"},\"inLanguage\":\"hu\",\"potentialAction\":[{\"@type\":\"ReadAction\",\"target\":[\"https:\\\/\\\/esemineu.ro\\\/hu\\\/termek\\\/vesta-395x270-mm-es-ontottvas-fozolap\\\/\"]}]},{\"@type\":\"ImageObject\",\"inLanguage\":\"hu\",\"@id\":\"https:\\\/\\\/esemineu.ro\\\/hu\\\/termek\\\/vesta-395x270-mm-es-ontottvas-fozolap\\\/#primaryimage\",\"url\":\"https:\\\/\\\/esemineu.ro\\\/wp-content\\\/uploads\\\/2025\\\/11\\\/plita-vesta.jpg\",\"contentUrl\":\"https:\\\/\\\/esemineu.ro\\\/wp-content\\\/uploads\\\/2025\\\/11\\\/plita-vesta.jpg\",\"width\":1000,\"height\":1000},{\"@type\":\"BreadcrumbList\",\"@id\":\"https:\\\/\\\/esemineu.ro\\\/hu\\\/termek\\\/vesta-395x270-mm-es-ontottvas-fozolap\\\/#breadcrumb\",\"itemListElement\":[{\"@type\":\"ListItem\",\"position\":1,\"name\":\"Kezd\u0151lap\",\"item\":\"https:\\\/\\\/esemineu.ro\\\/hu\\\/\"},{\"@type\":\"ListItem\",\"position\":2,\"name\":\"\u00c1ruh\u00e1z\",\"item\":\"https:\\\/\\\/esemineu.ro\\\/hu\\\/aruhaz\\\/\"},{\"@type\":\"ListItem\",\"position\":3,\"name\":\"Vesta 395&#215;270 mm-es \u00f6nt\u00f6ttvas f\u0151z\u0151lap\"}]},{\"@type\":\"WebSite\",\"@id\":\"https:\\\/\\\/esemineu.ro\\\/hu\\\/#website\",\"url\":\"https:\\\/\\\/esemineu.ro\\\/hu\\\/\",\"name\":\"eSemineu\",\"description\":\"\u0218eminee de cea mai \u00eenalt\u0103 calitate\",\"potentialAction\":[{\"@type\":\"SearchAction\",\"target\":{\"@type\":\"EntryPoint\",\"urlTemplate\":\"https:\\\/\\\/esemineu.ro\\\/hu\\\/?s={search_term_string}\"},\"query-input\":{\"@type\":\"PropertyValueSpecification\",\"valueRequired\":true,\"valueName\":\"search_term_string\"}}],\"inLanguage\":\"hu\"}]}<\/script>\n<!-- \/ Yoast SEO Premium plugin. -->","yoast_head_json":{"title":"Vesta 395x270 mm-es \u00f6nt\u00f6ttvas f\u0151z\u0151lap - eSemineu","description":"Vesta 395x270 mm \u00f6nt\u00f6ttvas f\u0151z\u0151lap. Tart\u00f3s, h\u0151\u00e1ll\u00f3, kiv\u00e1l\u00f3 min\u0151s\u00e9g\u0171 \u00f6ntv\u00e9ny k\u00e1lyh\u00e1khoz \u00e9s hagyom\u00e1nyos f\u0151z\u00e9shez. eSemineu.ro","robots":{"index":"index","follow":"follow","max-snippet":"max-snippet:-1","max-image-preview":"max-image-preview:large","max-video-preview":"max-video-preview:-1"},"canonical":"https:\/\/esemineu.ro\/hu\/termek\/vesta-395x270-mm-es-ontottvas-fozolap\/","og_locale":"hu_HU","og_type":"article","og_title":"Vesta 395x270 mm-es \u00f6nt\u00f6ttvas f\u0151z\u0151lap - eSemineu","og_description":"Vesta 395x270 mm \u00f6nt\u00f6ttvas f\u0151z\u0151lap. Tart\u00f3s, h\u0151\u00e1ll\u00f3, kiv\u00e1l\u00f3 min\u0151s\u00e9g\u0171 \u00f6ntv\u00e9ny k\u00e1lyh\u00e1khoz \u00e9s hagyom\u00e1nyos f\u0151z\u00e9shez. eSemineu.ro","og_url":"https:\/\/esemineu.ro\/hu\/termek\/vesta-395x270-mm-es-ontottvas-fozolap\/","og_site_name":"eSemineu","article_publisher":"https:\/\/web.facebook.com\/eSemineu","article_modified_time":"2025-12-04T06:59:55+00:00","og_image":[{"width":1000,"height":1000,"url":"https:\/\/esemineu.ro\/wp-content\/uploads\/2025\/11\/plita-vesta.jpg","type":"image\/jpeg"}],"twitter_card":"summary_large_image","twitter_misc":{"Becs\u00fclt olvas\u00e1si id\u0151":"1 perc"},"schema":{"@context":"https:\/\/schema.org","@graph":[{"@type":"WebPage","@id":"https:\/\/esemineu.ro\/hu\/termek\/vesta-395x270-mm-es-ontottvas-fozolap\/","url":"https:\/\/esemineu.ro\/hu\/termek\/vesta-395x270-mm-es-ontottvas-fozolap\/","name":"Vesta 395x270 mm-es \u00f6nt\u00f6ttvas f\u0151z\u0151lap - eSemineu","isPartOf":{"@id":"https:\/\/esemineu.ro\/hu\/#website"},"primaryImageOfPage":{"@id":"https:\/\/esemineu.ro\/hu\/termek\/vesta-395x270-mm-es-ontottvas-fozolap\/#primaryimage"},"image":{"@id":"https:\/\/esemineu.ro\/hu\/termek\/vesta-395x270-mm-es-ontottvas-fozolap\/#primaryimage"},"thumbnailUrl":"https:\/\/esemineu.ro\/wp-content\/uploads\/2025\/11\/plita-vesta.jpg","datePublished":"2025-11-21T13:24:27+00:00","dateModified":"2025-12-04T06:59:55+00:00","description":"Vesta 395x270 mm \u00f6nt\u00f6ttvas f\u0151z\u0151lap. Tart\u00f3s, h\u0151\u00e1ll\u00f3, kiv\u00e1l\u00f3 min\u0151s\u00e9g\u0171 \u00f6ntv\u00e9ny k\u00e1lyh\u00e1khoz \u00e9s hagyom\u00e1nyos f\u0151z\u00e9shez. eSemineu.ro","breadcrumb":{"@id":"https:\/\/esemineu.ro\/hu\/termek\/vesta-395x270-mm-es-ontottvas-fozolap\/#breadcrumb"},"inLanguage":"hu","potentialAction":[{"@type":"ReadAction","target":["https:\/\/esemineu.ro\/hu\/termek\/vesta-395x270-mm-es-ontottvas-fozolap\/"]}]},{"@type":"ImageObject","inLanguage":"hu","@id":"https:\/\/esemineu.ro\/hu\/termek\/vesta-395x270-mm-es-ontottvas-fozolap\/#primaryimage","url":"https:\/\/esemineu.ro\/wp-content\/uploads\/2025\/11\/plita-vesta.jpg","contentUrl":"https:\/\/esemineu.ro\/wp-content\/uploads\/2025\/11\/plita-vesta.jpg","width":1000,"height":1000},{"@type":"BreadcrumbList","@id":"https:\/\/esemineu.ro\/hu\/termek\/vesta-395x270-mm-es-ontottvas-fozolap\/#breadcrumb","itemListElement":[{"@type":"ListItem","position":1,"name":"Kezd\u0151lap","item":"https:\/\/esemineu.ro\/hu\/"},{"@type":"ListItem","position":2,"name":"\u00c1ruh\u00e1z","item":"https:\/\/esemineu.ro\/hu\/aruhaz\/"},{"@type":"ListItem","position":3,"name":"Vesta 395&#215;270 mm-es \u00f6nt\u00f6ttvas f\u0151z\u0151lap"}]},{"@type":"WebSite","@id":"https:\/\/esemineu.ro\/hu\/#website","url":"https:\/\/esemineu.ro\/hu\/","name":"eSemineu","description":"\u0218eminee de cea mai \u00eenalt\u0103 calitate","potentialAction":[{"@type":"SearchAction","target":{"@type":"EntryPoint","urlTemplate":"https:\/\/esemineu.ro\/hu\/?s={search_term_string}"},"query-input":{"@type":"PropertyValueSpecification","valueRequired":true,"valueName":"search_term_string"}}],"inLanguage":"hu"}]}},"_links":{"self":[{"href":"https:\/\/esemineu.ro\/hu\/wp-json\/wp\/v2\/product\/32910","targetHints":{"allow":["GET"]}}],"collection":[{"href":"https:\/\/esemineu.ro\/hu\/wp-json\/wp\/v2\/product"}],"about":[{"href":"https:\/\/esemineu.ro\/hu\/wp-json\/wp\/v2\/types\/product"}],"replies":[{"embeddable":true,"href":"https:\/\/esemineu.ro\/hu\/wp-json\/wp\/v2\/comments?post=32910"}],"wp:featuredmedia":[{"embeddable":true,"href":"https:\/\/esemineu.ro\/hu\/wp-json\/wp\/v2\/media\/32643"}],"wp:attachment":[{"href":"https:\/\/esemineu.ro\/hu\/wp-json\/wp\/v2\/media?parent=32910"}],"wp:term":[{"taxonomy":"product_brand","embeddable":true,"href":"https:\/\/esemineu.ro\/hu\/wp-json\/wp\/v2\/product_brand?post=32910"},{"taxonomy":"product_cat","embeddable":true,"href":"https:\/\/esemineu.ro\/hu\/wp-json\/wp\/v2\/product_cat?post=32910"},{"taxonomy":"product_tag","embeddable":true,"href":"https:\/\/esemineu.ro\/hu\/wp-json\/wp\/v2\/product_tag?post=32910"}],"curies":[{"name":"wp","href":"https:\/\/api.w.org\/{rel}","templated":true}]}}