{"id":32893,"date":"2025-12-03T18:29:10","date_gmt":"2025-12-03T16:29:10","guid":{"rendered":"https:\/\/esemineu.ro\/?post_type=product&#038;p=32893"},"modified":"2025-12-03T18:32:08","modified_gmt":"2025-12-03T16:32:08","slug":"ontottvas-szekely-motivumos-suto-330x260mm","status":"publish","type":"product","link":"https:\/\/esemineu.ro\/hu\/termek\/ontottvas-szekely-motivumos-suto-330x260mm\/","title":{"rendered":"\u00d6nt\u00f6ttvas sz\u00e9kely mot\u00edvumos s\u00fct\u0151, 330x260mm"},"content":{"rendered":"<p data-start=\"1341\" data-end=\"1573\">\u00d6nt\u00f6ttvas sz\u00e9kely mot\u00edvumos s\u00fct\u0151<\/p>\n<p>A <strong data-start=\"1343\" data-end=\"1404\">330&#215;260 mm-es sz\u00e9kely mot\u00edvummal d\u00edsz\u00edtett \u00f6nt\u00f6ttvas s\u00fct\u0151<\/strong> t\u00f6k\u00e9letes v\u00e1laszt\u00e1s hagyom\u00e1nyos k\u00e1lyh\u00e1khoz \u00e9s rusztikus otthonokba. <strong data-start=\"1473\" data-end=\"1505\">Kiv\u00e1l\u00f3 min\u0151s\u00e9g\u0171 \u00f6nt\u00f6ttvasb\u00f3l<\/strong> k\u00e9sz\u00fclt, amely hossz\u00fa \u00e9lettartamot \u00e9s magas h\u0151\u00e1ll\u00f3s\u00e1got biztos\u00edt.<\/p>\n<p data-start=\"1575\" data-end=\"1793\">A sz\u00e9kely mot\u00edvum egyedi, hagyom\u00e1ny\u0151rz\u0151 megjelen\u00e9st ad a s\u00fct\u0151nek, amely j\u00f3l illik b\u00e1rmilyen klasszikus k\u00e1lyh\u00e1hoz. <strong data-start=\"1689\" data-end=\"1707\">350x210x280 mm<\/strong> m\u00e9ret\u00e9vel egyenletes h\u0151eloszt\u00e1st biztos\u00edt, \u00edgy ide\u00e1lis lass\u00fa, term\u00e9szetes s\u00fct\u00e9shez.<\/p>\n<p data-start=\"1795\" data-end=\"2023\">A massz\u00edv <strong data-start=\"1805\" data-end=\"1836\">\u00f6nt\u00f6ttvas ajt\u00f3 (360&#215;260 mm)<\/strong> stabil \u00e9s h\u0151z\u00e1r\u00f3, n\u00f6velve a biztons\u00e1got \u00e9s a hat\u00e9konys\u00e1got. Az \u00f6nt\u00f6ttvas kiv\u00e1l\u00f3 h\u0151tart\u00f3 tulajdons\u00e1g\u00e1nak k\u00f6sz\u00f6nhet\u0151en a s\u00fct\u0151 hosszabb ideig melegen marad, energiatakar\u00e9kos \u00e9s praktikus.<\/p>\n<p data-start=\"2025\" data-end=\"2176\">Az <strong data-start=\"2028\" data-end=\"2064\">\u00f6nt\u00f6ttvas sz\u00e9kely mot\u00edvumos s\u00fct\u0151<\/strong> egyszerre testes\u00edti meg a hagyom\u00e1nyt, a min\u0151s\u00e9get \u00e9s az id\u0151t\u00e1ll\u00f3 sz\u00e9ps\u00e9get \u2013 igazi \u00e9kess\u00e9ge minden k\u00e1lyh\u00e1nak.<\/p>\n","protected":false},"excerpt":{"rendered":"<p>\u00d6nt\u00f6ttvas sz\u00e9kely mot\u00edvumos s\u00fct\u0151 A 330&#215;260 mm-es sz\u00e9kely mot\u00edvummal d\u00edsz\u00edtett \u00f6nt\u00f6ttvas s\u00fct\u0151 t\u00f6k\u00e9letes v\u00e1laszt\u00e1s hagyom\u00e1nyos k\u00e1lyh\u00e1khoz \u00e9s rusztikus otthonokba. Kiv\u00e1l\u00f3 min\u0151s\u00e9g\u0171 \u00f6nt\u00f6ttvasb\u00f3l k\u00e9sz\u00fclt, amely hossz\u00fa \u00e9lettartamot \u00e9s magas h\u0151\u00e1ll\u00f3s\u00e1got biztos\u00edt. A sz\u00e9kely mot\u00edvum egyedi, hagyom\u00e1ny\u0151rz\u0151 megjelen\u00e9st ad a s\u00fct\u0151nek, amely j\u00f3l illik b\u00e1rmilyen klasszikus k\u00e1lyh\u00e1hoz. 350x210x280 mm m\u00e9ret\u00e9vel egyenletes h\u0151eloszt\u00e1st biztos\u00edt, \u00edgy ide\u00e1lis lass\u00fa, term\u00e9szetes s\u00fct\u00e9shez. A massz\u00edv \u00f6nt\u00f6ttvas ajt\u00f3 (360&#215;260 mm) stabil \u00e9s h\u0151z\u00e1r\u00f3, n\u00f6velve a biztons\u00e1got \u00e9s a hat\u00e9konys\u00e1got. Az \u00f6nt\u00f6ttvas kiv\u00e1l\u00f3 h\u0151tart\u00f3 tulajdons\u00e1g\u00e1nak k\u00f6sz\u00f6nhet\u0151en a s\u00fct\u0151 hosszabb ideig melegen marad, energiatakar\u00e9kos \u00e9s praktikus. Az \u00f6nt\u00f6ttvas sz\u00e9kely mot\u00edvumos s\u00fct\u0151 egyszerre testes\u00edti meg a hagyom\u00e1nyt, a min\u0151s\u00e9get \u00e9s az id\u0151t\u00e1ll\u00f3 sz\u00e9ps\u00e9get \u2013 igazi \u00e9kess\u00e9ge minden k\u00e1lyh\u00e1nak.<\/p>\n","protected":false},"featured_media":32888,"comment_status":"open","ping_status":"closed","template":"","meta":[],"product_brand":[695],"product_cat":[2381],"product_tag":[],"class_list":{"0":"post-32893","1":"product","2":"type-product","3":"status-publish","4":"has-post-thumbnail","6":"product_brand-esemineu","7":"product_cat-kiegeszitok","8":"product_shipping_class-fustcsovek","9":"pa_material-acel","10":"pa_material-ontottvas-hu","12":"first","13":"instock","14":"shipping-taxable","15":"purchasable","16":"product-type-simple"},"acf":[],"yoast_head":"<!-- This site is optimized with the Yoast SEO Premium plugin v21.0 (Yoast SEO v27.3) - https:\/\/yoast.com\/product\/yoast-seo-premium-wordpress\/ -->\n<title>\u00d6nt\u00f6ttvas sz\u00e9kely mot\u00edvumos s\u00fct\u0151, 330x260mm - eSemineu<\/title>\n<meta name=\"description\" content=\"330x260 mm-es sz\u00e9kely mot\u00edvumos \u00f6nt\u00f6ttvas s\u00fct\u0151. Tart\u00f3s, h\u0151\u00e1ll\u00f3, hagyom\u00e1nyos k\u00e1lyh\u00e1khoz \u00e9s rusztikus otthonokhoz ide\u00e1lis v\u00e1laszt\u00e1s.\" \/>\n<meta name=\"robots\" content=\"index, follow, max-snippet:-1, max-image-preview:large, max-video-preview:-1\" \/>\n<link rel=\"canonical\" href=\"https:\/\/esemineu.ro\/hu\/termek\/ontottvas-szekely-motivumos-suto-330x260mm\/\" \/>\n<meta property=\"og:locale\" content=\"hu_HU\" \/>\n<meta property=\"og:type\" content=\"article\" \/>\n<meta property=\"og:title\" content=\"\u00d6nt\u00f6ttvas sz\u00e9kely mot\u00edvumos s\u00fct\u0151, 330x260mm - eSemineu\" \/>\n<meta property=\"og:description\" content=\"330x260 mm-es sz\u00e9kely mot\u00edvumos \u00f6nt\u00f6ttvas s\u00fct\u0151. Tart\u00f3s, h\u0151\u00e1ll\u00f3, hagyom\u00e1nyos k\u00e1lyh\u00e1khoz \u00e9s rusztikus otthonokhoz ide\u00e1lis v\u00e1laszt\u00e1s.\" \/>\n<meta property=\"og:url\" content=\"https:\/\/esemineu.ro\/hu\/termek\/ontottvas-szekely-motivumos-suto-330x260mm\/\" \/>\n<meta property=\"og:site_name\" content=\"eSemineu\" \/>\n<meta property=\"article:publisher\" content=\"https:\/\/web.facebook.com\/eSemineu\" \/>\n<meta property=\"article:modified_time\" content=\"2025-12-03T16:32:08+00:00\" \/>\n<meta property=\"og:image\" content=\"https:\/\/esemineu.ro\/wp-content\/uploads\/2025\/12\/CUPTOR-LR2.jpg\" \/>\n\t<meta property=\"og:image:width\" content=\"1000\" \/>\n\t<meta property=\"og:image:height\" content=\"1000\" \/>\n\t<meta property=\"og:image:type\" content=\"image\/jpeg\" \/>\n<meta name=\"twitter:card\" content=\"summary_large_image\" \/>\n<meta name=\"twitter:label1\" content=\"Becs\u00fclt olvas\u00e1si id\u0151\" \/>\n\t<meta name=\"twitter:data1\" content=\"1 perc\" \/>\n<script type=\"application\/ld+json\" class=\"yoast-schema-graph\">{\"@context\":\"https:\\\/\\\/schema.org\",\"@graph\":[{\"@type\":\"WebPage\",\"@id\":\"https:\\\/\\\/esemineu.ro\\\/hu\\\/termek\\\/ontottvas-szekely-motivumos-suto-330x260mm\\\/\",\"url\":\"https:\\\/\\\/esemineu.ro\\\/hu\\\/termek\\\/ontottvas-szekely-motivumos-suto-330x260mm\\\/\",\"name\":\"\u00d6nt\u00f6ttvas sz\u00e9kely mot\u00edvumos s\u00fct\u0151, 330x260mm - eSemineu\",\"isPartOf\":{\"@id\":\"https:\\\/\\\/esemineu.ro\\\/hu\\\/#website\"},\"primaryImageOfPage\":{\"@id\":\"https:\\\/\\\/esemineu.ro\\\/hu\\\/termek\\\/ontottvas-szekely-motivumos-suto-330x260mm\\\/#primaryimage\"},\"image\":{\"@id\":\"https:\\\/\\\/esemineu.ro\\\/hu\\\/termek\\\/ontottvas-szekely-motivumos-suto-330x260mm\\\/#primaryimage\"},\"thumbnailUrl\":\"https:\\\/\\\/esemineu.ro\\\/wp-content\\\/uploads\\\/2025\\\/12\\\/CUPTOR-LR2.jpg\",\"datePublished\":\"2025-12-03T16:29:10+00:00\",\"dateModified\":\"2025-12-03T16:32:08+00:00\",\"description\":\"330x260 mm-es sz\u00e9kely mot\u00edvumos \u00f6nt\u00f6ttvas s\u00fct\u0151. Tart\u00f3s, h\u0151\u00e1ll\u00f3, hagyom\u00e1nyos k\u00e1lyh\u00e1khoz \u00e9s rusztikus otthonokhoz ide\u00e1lis v\u00e1laszt\u00e1s.\",\"breadcrumb\":{\"@id\":\"https:\\\/\\\/esemineu.ro\\\/hu\\\/termek\\\/ontottvas-szekely-motivumos-suto-330x260mm\\\/#breadcrumb\"},\"inLanguage\":\"hu\",\"potentialAction\":[{\"@type\":\"ReadAction\",\"target\":[\"https:\\\/\\\/esemineu.ro\\\/hu\\\/termek\\\/ontottvas-szekely-motivumos-suto-330x260mm\\\/\"]}]},{\"@type\":\"ImageObject\",\"inLanguage\":\"hu\",\"@id\":\"https:\\\/\\\/esemineu.ro\\\/hu\\\/termek\\\/ontottvas-szekely-motivumos-suto-330x260mm\\\/#primaryimage\",\"url\":\"https:\\\/\\\/esemineu.ro\\\/wp-content\\\/uploads\\\/2025\\\/12\\\/CUPTOR-LR2.jpg\",\"contentUrl\":\"https:\\\/\\\/esemineu.ro\\\/wp-content\\\/uploads\\\/2025\\\/12\\\/CUPTOR-LR2.jpg\",\"width\":1000,\"height\":1000},{\"@type\":\"BreadcrumbList\",\"@id\":\"https:\\\/\\\/esemineu.ro\\\/hu\\\/termek\\\/ontottvas-szekely-motivumos-suto-330x260mm\\\/#breadcrumb\",\"itemListElement\":[{\"@type\":\"ListItem\",\"position\":1,\"name\":\"Kezd\u0151lap\",\"item\":\"https:\\\/\\\/esemineu.ro\\\/hu\\\/\"},{\"@type\":\"ListItem\",\"position\":2,\"name\":\"\u00c1ruh\u00e1z\",\"item\":\"https:\\\/\\\/esemineu.ro\\\/hu\\\/aruhaz\\\/\"},{\"@type\":\"ListItem\",\"position\":3,\"name\":\"\u00d6nt\u00f6ttvas sz\u00e9kely mot\u00edvumos s\u00fct\u0151, 330x260mm\"}]},{\"@type\":\"WebSite\",\"@id\":\"https:\\\/\\\/esemineu.ro\\\/hu\\\/#website\",\"url\":\"https:\\\/\\\/esemineu.ro\\\/hu\\\/\",\"name\":\"eSemineu\",\"description\":\"\u0218eminee de cea mai \u00eenalt\u0103 calitate\",\"potentialAction\":[{\"@type\":\"SearchAction\",\"target\":{\"@type\":\"EntryPoint\",\"urlTemplate\":\"https:\\\/\\\/esemineu.ro\\\/hu\\\/?s={search_term_string}\"},\"query-input\":{\"@type\":\"PropertyValueSpecification\",\"valueRequired\":true,\"valueName\":\"search_term_string\"}}],\"inLanguage\":\"hu\"}]}<\/script>\n<!-- \/ Yoast SEO Premium plugin. -->","yoast_head_json":{"title":"\u00d6nt\u00f6ttvas sz\u00e9kely mot\u00edvumos s\u00fct\u0151, 330x260mm - eSemineu","description":"330x260 mm-es sz\u00e9kely mot\u00edvumos \u00f6nt\u00f6ttvas s\u00fct\u0151. Tart\u00f3s, h\u0151\u00e1ll\u00f3, hagyom\u00e1nyos k\u00e1lyh\u00e1khoz \u00e9s rusztikus otthonokhoz ide\u00e1lis v\u00e1laszt\u00e1s.","robots":{"index":"index","follow":"follow","max-snippet":"max-snippet:-1","max-image-preview":"max-image-preview:large","max-video-preview":"max-video-preview:-1"},"canonical":"https:\/\/esemineu.ro\/hu\/termek\/ontottvas-szekely-motivumos-suto-330x260mm\/","og_locale":"hu_HU","og_type":"article","og_title":"\u00d6nt\u00f6ttvas sz\u00e9kely mot\u00edvumos s\u00fct\u0151, 330x260mm - eSemineu","og_description":"330x260 mm-es sz\u00e9kely mot\u00edvumos \u00f6nt\u00f6ttvas s\u00fct\u0151. Tart\u00f3s, h\u0151\u00e1ll\u00f3, hagyom\u00e1nyos k\u00e1lyh\u00e1khoz \u00e9s rusztikus otthonokhoz ide\u00e1lis v\u00e1laszt\u00e1s.","og_url":"https:\/\/esemineu.ro\/hu\/termek\/ontottvas-szekely-motivumos-suto-330x260mm\/","og_site_name":"eSemineu","article_publisher":"https:\/\/web.facebook.com\/eSemineu","article_modified_time":"2025-12-03T16:32:08+00:00","og_image":[{"width":1000,"height":1000,"url":"https:\/\/esemineu.ro\/wp-content\/uploads\/2025\/12\/CUPTOR-LR2.jpg","type":"image\/jpeg"}],"twitter_card":"summary_large_image","twitter_misc":{"Becs\u00fclt olvas\u00e1si id\u0151":"1 perc"},"schema":{"@context":"https:\/\/schema.org","@graph":[{"@type":"WebPage","@id":"https:\/\/esemineu.ro\/hu\/termek\/ontottvas-szekely-motivumos-suto-330x260mm\/","url":"https:\/\/esemineu.ro\/hu\/termek\/ontottvas-szekely-motivumos-suto-330x260mm\/","name":"\u00d6nt\u00f6ttvas sz\u00e9kely mot\u00edvumos s\u00fct\u0151, 330x260mm - eSemineu","isPartOf":{"@id":"https:\/\/esemineu.ro\/hu\/#website"},"primaryImageOfPage":{"@id":"https:\/\/esemineu.ro\/hu\/termek\/ontottvas-szekely-motivumos-suto-330x260mm\/#primaryimage"},"image":{"@id":"https:\/\/esemineu.ro\/hu\/termek\/ontottvas-szekely-motivumos-suto-330x260mm\/#primaryimage"},"thumbnailUrl":"https:\/\/esemineu.ro\/wp-content\/uploads\/2025\/12\/CUPTOR-LR2.jpg","datePublished":"2025-12-03T16:29:10+00:00","dateModified":"2025-12-03T16:32:08+00:00","description":"330x260 mm-es sz\u00e9kely mot\u00edvumos \u00f6nt\u00f6ttvas s\u00fct\u0151. Tart\u00f3s, h\u0151\u00e1ll\u00f3, hagyom\u00e1nyos k\u00e1lyh\u00e1khoz \u00e9s rusztikus otthonokhoz ide\u00e1lis v\u00e1laszt\u00e1s.","breadcrumb":{"@id":"https:\/\/esemineu.ro\/hu\/termek\/ontottvas-szekely-motivumos-suto-330x260mm\/#breadcrumb"},"inLanguage":"hu","potentialAction":[{"@type":"ReadAction","target":["https:\/\/esemineu.ro\/hu\/termek\/ontottvas-szekely-motivumos-suto-330x260mm\/"]}]},{"@type":"ImageObject","inLanguage":"hu","@id":"https:\/\/esemineu.ro\/hu\/termek\/ontottvas-szekely-motivumos-suto-330x260mm\/#primaryimage","url":"https:\/\/esemineu.ro\/wp-content\/uploads\/2025\/12\/CUPTOR-LR2.jpg","contentUrl":"https:\/\/esemineu.ro\/wp-content\/uploads\/2025\/12\/CUPTOR-LR2.jpg","width":1000,"height":1000},{"@type":"BreadcrumbList","@id":"https:\/\/esemineu.ro\/hu\/termek\/ontottvas-szekely-motivumos-suto-330x260mm\/#breadcrumb","itemListElement":[{"@type":"ListItem","position":1,"name":"Kezd\u0151lap","item":"https:\/\/esemineu.ro\/hu\/"},{"@type":"ListItem","position":2,"name":"\u00c1ruh\u00e1z","item":"https:\/\/esemineu.ro\/hu\/aruhaz\/"},{"@type":"ListItem","position":3,"name":"\u00d6nt\u00f6ttvas sz\u00e9kely mot\u00edvumos s\u00fct\u0151, 330x260mm"}]},{"@type":"WebSite","@id":"https:\/\/esemineu.ro\/hu\/#website","url":"https:\/\/esemineu.ro\/hu\/","name":"eSemineu","description":"\u0218eminee de cea mai \u00eenalt\u0103 calitate","potentialAction":[{"@type":"SearchAction","target":{"@type":"EntryPoint","urlTemplate":"https:\/\/esemineu.ro\/hu\/?s={search_term_string}"},"query-input":{"@type":"PropertyValueSpecification","valueRequired":true,"valueName":"search_term_string"}}],"inLanguage":"hu"}]}},"_links":{"self":[{"href":"https:\/\/esemineu.ro\/hu\/wp-json\/wp\/v2\/product\/32893","targetHints":{"allow":["GET"]}}],"collection":[{"href":"https:\/\/esemineu.ro\/hu\/wp-json\/wp\/v2\/product"}],"about":[{"href":"https:\/\/esemineu.ro\/hu\/wp-json\/wp\/v2\/types\/product"}],"replies":[{"embeddable":true,"href":"https:\/\/esemineu.ro\/hu\/wp-json\/wp\/v2\/comments?post=32893"}],"wp:featuredmedia":[{"embeddable":true,"href":"https:\/\/esemineu.ro\/hu\/wp-json\/wp\/v2\/media\/32888"}],"wp:attachment":[{"href":"https:\/\/esemineu.ro\/hu\/wp-json\/wp\/v2\/media?parent=32893"}],"wp:term":[{"taxonomy":"product_brand","embeddable":true,"href":"https:\/\/esemineu.ro\/hu\/wp-json\/wp\/v2\/product_brand?post=32893"},{"taxonomy":"product_cat","embeddable":true,"href":"https:\/\/esemineu.ro\/hu\/wp-json\/wp\/v2\/product_cat?post=32893"},{"taxonomy":"product_tag","embeddable":true,"href":"https:\/\/esemineu.ro\/hu\/wp-json\/wp\/v2\/product_tag?post=32893"}],"curies":[{"name":"wp","href":"https:\/\/api.w.org\/{rel}","templated":true}]}}