{"id":31196,"date":"2025-09-18T11:05:39","date_gmt":"2025-09-18T09:05:39","guid":{"rendered":"https:\/\/esemineu.ro\/?post_type=product&#038;p=31196"},"modified":"2026-01-16T11:25:09","modified_gmt":"2026-01-16T09:25:09","slug":"mini-vezuvio-fatuzelesu-kandallo-9-5-kw-ontottvas-fozolappal-es-ajtoval","status":"publish","type":"product","link":"https:\/\/esemineu.ro\/hu\/termek\/mini-vezuvio-fatuzelesu-kandallo-9-5-kw-ontottvas-fozolappal-es-ajtoval\/","title":{"rendered":"Mini Vezuvio fat\u00fczel\u00e9s\u0171 kandall\u00f3, 9.5 kW, \u00f6nt\u00f6ttvas f\u0151z\u0151lappal \u00e9s ajt\u00f3val"},"content":{"rendered":"<h3 data-start=\"1294\" data-end=\"1370\">Mini Vezuvio fat\u00fczel\u00e9s\u0171 kandall\u00f3 \u2013 9.5 kW, \u00f6nt\u00f6ttvas f\u0151z\u0151lappal \u00e9s ajt\u00f3val<\/h3>\n<p data-start=\"1372\" data-end=\"1484\">A <strong data-start=\"1374\" data-end=\"1390\">Mini Vezuvio<\/strong> egy kompakt, m\u00e9gis er\u0151teljes kandall\u00f3, amely kisebb \u00e9s k\u00f6zepes helyis\u00e9gek f\u0171t\u00e9s\u00e9re ide\u00e1lis.<\/p>\n<p data-start=\"1486\" data-end=\"1582\">9.5 kW teljes\u00edtm\u00e9ny\u00e9vel nagyon hamar \u00e1tadja a h\u0151t, \u00edgy szinte azonnal kellemes meleget biztos\u00edt.<\/p>\n<p data-start=\"1584\" data-end=\"1698\">Kiv\u00e1l\u00f3 min\u0151s\u00e9g\u0171 anyagokb\u00f3l k\u00e9sz\u00fclt, massz\u00edv \u00f6nt\u00f6ttvas ajt\u00f3val \u00e9s tart\u00f3s t\u0171zt\u00e9rrel a hossz\u00fa \u00e9lettartam \u00e9rdek\u00e9ben.<\/p>\n<p data-start=\"1700\" data-end=\"1786\">Az \u00f6nt\u00f6ttvas f\u0151z\u0151lap egyszer\u0171 \u00e9telek elk\u00e9sz\u00edt\u00e9s\u00e9re \u00e9s melegen tart\u00e1sra is t\u00f6k\u00e9letes.<\/p>\n<p data-start=\"1788\" data-end=\"1896\">Kompakt kialak\u00edt\u00e1sa kev\u00e9s helyet ig\u00e9nyel, ez\u00e9rt konyh\u00e1kba, nyaral\u00f3kba vagy kisebb nappalikba is t\u00f6k\u00e9letes.<\/p>\n<p data-start=\"1898\" data-end=\"2006\">Egyszer\u0171en telep\u00edthet\u0151 \u00e9s rendk\u00edv\u00fcl kedvez\u0151 \u00e1ron el\u00e9rhet\u0151, \u00edgy az egyik legjobb \u00e1r-\u00e9rt\u00e9k ar\u00e1nyt k\u00e9pviseli.<\/p>\n<p data-start=\"2008\" data-end=\"2104\">T\u00f6k\u00e9letes v\u00e1laszt\u00e1s, ha gyors meleget, term\u00e9szetes h\u0151\u00e9rzetet \u00e9s bar\u00e1ts\u00e1gos hangulatot keresel.<\/p>\n<h3 data-start=\"2106\" data-end=\"2122\">F\u0151 el\u0151ny\u00f6k<\/h3>\n<ul data-start=\"2123\" data-end=\"2255\">\n<li data-start=\"2123\" data-end=\"2145\">\n<p data-start=\"2125\" data-end=\"2145\">Teljes\u00edtm\u00e9ny: 9.5 kW<\/p>\n<\/li>\n<li data-start=\"2146\" data-end=\"2171\">\n<p data-start=\"2148\" data-end=\"2171\">Nagyon gyors h\u0151lead\u00e1s<\/p>\n<\/li>\n<li data-start=\"2172\" data-end=\"2202\">\n<p data-start=\"2174\" data-end=\"2202\">\u00d6nt\u00f6ttvas f\u0151z\u0151lap f\u0151z\u00e9shez<\/p>\n<\/li>\n<li data-start=\"2203\" data-end=\"2229\">\n<p data-start=\"2205\" data-end=\"2229\">Massz\u00edv \u00f6nt\u00f6ttvas ajt\u00f3<\/p>\n<\/li>\n<li data-start=\"2230\" data-end=\"2255\">\n<p data-start=\"2232\" data-end=\"2255\">Kiv\u00e1l\u00f3 \u00e1r-\u00e9rt\u00e9k ar\u00e1ny<\/p>\n<\/li>\n<\/ul>\n<p data-start=\"2257\" data-end=\"2361\">V\u00e1laszd a Mini Vezuvio fat\u00fczel\u00e9s\u0171 kandall\u00f3 k\u00e9sz\u00fcl\u00e9k\u00e9t, ha kicsi, gyors, j\u00f3 min\u0151s\u00e9g\u0171 \u00e9s olcs\u00f3 f\u0171t\u0151berendez\u00e9st szeretn\u00e9l!<\/p>\n<h4>Sz\u00e1ll\u00edt\u00e1si hat\u00e1rid\u0151:<\/h4>\n<ul>\n<li><strong>Magyarorsz\u00e1g \u00e9s az eg\u00e9sz Eur\u00f3pai Uni\u00f3 ter\u00fclet\u00e9n<\/strong>\u00a0is sz\u00e1ll\u00edtjuk.<\/li>\n<li>Rom\u00e1ni\u00e1ba 2-3 munkanap alatt sz\u00e1ll\u00edtjuk<\/li>\n<li>Magyarorsz\u00e1gra \u00e9s az EU ter\u00fclet\u00e9re az \u00e1tutal\u00e1s ut\u00e1n 5 munkanapon bel\u00fcl \u00e9rkezik meg a term\u00e9k.<\/li>\n<\/ul>\n<p>Ha b\u00e1rmilyen k\u00e9rd\u00e9se van, k\u00e9rj\u00fck, l\u00e9pjen kapcsolatba vel\u00fcnk.<\/p>\n<p>Tov\u00e1bbi aj\u00e1nlatok\u00e9rt kattintson\u00a0<a href=\"https:\/\/esemineu.ro\/hu\/termek-kategoria\/mobil-hordozhato-szabadon-allo-kandallok\/\">ide<\/a><\/p>\n<p>T\u0151bb inform\u00e1ci\u00f3\u00e9rt l\u00e1togasson el\u00a0<a href=\"https:\/\/www.youtube.com\/@esemineuromania\">YouTube<\/a>-csatorn\u00e1nkra, valamint\u00a0<a href=\"https:\/\/www.facebook.com\/eSemineu\">Facebook<\/a>\u00a0\u00e9s\u00a0<a href=\"https:\/\/www.instagram.com\/esemineu\/\">Instagram<\/a>\u00a0oldalainkra.<\/p>\n<p><a href=\"https:\/\/esemineu.ro\/\">eSemineu.ro<\/a>\u00a0 \u00a0Te rakod a t\u0171zet, mi adjuk a meleget!<\/p>\n<p>&nbsp;<\/p>\n","protected":false},"excerpt":{"rendered":"<p>Mini Vezuvio fat\u00fczel\u00e9s\u0171 kandall\u00f3 \u2013 9.5 kW, \u00f6nt\u00f6ttvas f\u0151z\u0151lappal \u00e9s ajt\u00f3val A Mini Vezuvio egy kompakt, m\u00e9gis er\u0151teljes kandall\u00f3, amely kisebb \u00e9s k\u00f6zepes helyis\u00e9gek f\u0171t\u00e9s\u00e9re ide\u00e1lis. 9.5 kW teljes\u00edtm\u00e9ny\u00e9vel nagyon hamar \u00e1tadja a h\u0151t, \u00edgy szinte azonnal kellemes meleget biztos\u00edt. Kiv\u00e1l\u00f3 min\u0151s\u00e9g\u0171 anyagokb\u00f3l k\u00e9sz\u00fclt, massz\u00edv \u00f6nt\u00f6ttvas ajt\u00f3val \u00e9s tart\u00f3s t\u0171zt\u00e9rrel a hossz\u00fa \u00e9lettartam \u00e9rdek\u00e9ben. Az \u00f6nt\u00f6ttvas f\u0151z\u0151lap egyszer\u0171 \u00e9telek elk\u00e9sz\u00edt\u00e9s\u00e9re \u00e9s melegen tart\u00e1sra is t\u00f6k\u00e9letes. Kompakt kialak\u00edt\u00e1sa kev\u00e9s helyet ig\u00e9nyel, ez\u00e9rt konyh\u00e1kba, nyaral\u00f3kba vagy kisebb nappalikba is t\u00f6k\u00e9letes. Egyszer\u0171en telep\u00edthet\u0151 \u00e9s rendk\u00edv\u00fcl kedvez\u0151 \u00e1ron el\u00e9rhet\u0151, \u00edgy az egyik legjobb \u00e1r-\u00e9rt\u00e9k ar\u00e1nyt k\u00e9pviseli. T\u00f6k\u00e9letes v\u00e1laszt\u00e1s, ha gyors meleget, term\u00e9szetes h\u0151\u00e9rzetet \u00e9s bar\u00e1ts\u00e1gos hangulatot keresel. F\u0151 el\u0151ny\u00f6k Teljes\u00edtm\u00e9ny: 9.5 kW Nagyon gyors h\u0151lead\u00e1s \u00d6nt\u00f6ttvas f\u0151z\u0151lap f\u0151z\u00e9shez Massz\u00edv \u00f6nt\u00f6ttvas ajt\u00f3 Kiv\u00e1l\u00f3 \u00e1r-\u00e9rt\u00e9k ar\u00e1ny V\u00e1laszd a Mini Vezuvio fat\u00fczel\u00e9s\u0171 kandall\u00f3 k\u00e9sz\u00fcl\u00e9k\u00e9t, ha kicsi, gyors, j\u00f3 min\u0151s\u00e9g\u0171 \u00e9s olcs\u00f3 f\u0171t\u0151berendez\u00e9st szeretn\u00e9l! Sz\u00e1ll\u00edt\u00e1si hat\u00e1rid\u0151: Magyarorsz\u00e1g \u00e9s az eg\u00e9sz Eur\u00f3pai Uni\u00f3 ter\u00fclet\u00e9n\u00a0is sz\u00e1ll\u00edtjuk. Rom\u00e1ni\u00e1ba 2-3 munkanap alatt &hellip; <a href=\"https:\/\/esemineu.ro\/hu\/termek\/mini-vezuvio-fatuzelesu-kandallo-9-5-kw-ontottvas-fozolappal-es-ajtoval\/\">Folytatva<\/a><\/p>\n","protected":false},"featured_media":31178,"comment_status":"open","ping_status":"closed","template":"","meta":[],"product_brand":[],"product_cat":[2346,836],"product_tag":[],"class_list":{"0":"post-31196","1":"product","2":"type-product","3":"status-publish","4":"has-post-thumbnail","6":"product_cat-fatuzelesu-kandallok-2","7":"product_cat-mobil-hordozhato-szabadon-allo-kandallok","8":"product_shipping_class-grillsutok-kerti-sutok","9":"pa_combustibil-utilizat-brikett","10":"pa_combustibil-utilizat-fa","11":"pa_culoare-fekete","12":"pa_diametru-racordului-la-cos-130-mm-hu","13":"pa_material-ontottvas-hu","14":"pa_material-tabla-de-otel-hu","15":"pa_model-hordozhato-hu","16":"pa_putere-95-kw-hu-2","17":"pa_randament-77-hu","18":"pa_spatiu-de-aer-incalzit-140-180-m3-hu","20":"first","21":"outofstock","22":"shipping-taxable","23":"purchasable","24":"product-type-simple"},"acf":[],"yoast_head":"<!-- This site is optimized with the Yoast SEO Premium plugin v21.0 (Yoast SEO v27.3) - https:\/\/yoast.com\/product\/yoast-seo-premium-wordpress\/ -->\n<title>Mini Vezuvio fat\u00fczel\u00e9s\u0171 kandall\u00f3, 9kW, \u00f6nt\u00f6ttvas f\u0151z\u0151lappal, ajt\u00f3val<\/title>\n<meta name=\"description\" content=\"Mini Vezuvio fat\u00fczel\u00e9s\u0171 kandall\u00f3 9.5 kW, gyors h\u0151lead\u00e1ssal. \u00d6nt\u00f6ttvas f\u0151z\u0151lappal \u00e9s ajt\u00f3val, kiv\u00e1l\u00f3 min\u0151s\u00e9g kedvez\u0151 \u00e1ron. eSemineu.ro\" \/>\n<meta name=\"robots\" content=\"index, follow, max-snippet:-1, max-image-preview:large, max-video-preview:-1\" \/>\n<link rel=\"canonical\" href=\"https:\/\/esemineu.ro\/hu\/termek\/mini-vezuvio-fatuzelesu-kandallo-9-5-kw-ontottvas-fozolappal-es-ajtoval\/\" \/>\n<meta property=\"og:locale\" content=\"hu_HU\" \/>\n<meta property=\"og:type\" content=\"article\" \/>\n<meta property=\"og:title\" content=\"Mini Vezuvio fat\u00fczel\u00e9s\u0171 kandall\u00f3, 9kW, \u00f6nt\u00f6ttvas f\u0151z\u0151lappal, ajt\u00f3val\" \/>\n<meta property=\"og:description\" content=\"Mini Vezuvio fat\u00fczel\u00e9s\u0171 kandall\u00f3 9.5 kW, gyors h\u0151lead\u00e1ssal. \u00d6nt\u00f6ttvas f\u0151z\u0151lappal \u00e9s ajt\u00f3val, kiv\u00e1l\u00f3 min\u0151s\u00e9g kedvez\u0151 \u00e1ron. eSemineu.ro\" \/>\n<meta property=\"og:url\" content=\"https:\/\/esemineu.ro\/hu\/termek\/mini-vezuvio-fatuzelesu-kandallo-9-5-kw-ontottvas-fozolappal-es-ajtoval\/\" \/>\n<meta property=\"og:site_name\" content=\"eSemineu\" \/>\n<meta property=\"article:publisher\" content=\"https:\/\/web.facebook.com\/eSemineu\" \/>\n<meta property=\"article:modified_time\" content=\"2026-01-16T09:25:09+00:00\" \/>\n<meta property=\"og:image\" content=\"https:\/\/esemineu.ro\/wp-content\/uploads\/2025\/09\/MINI-FR.jpg\" \/>\n\t<meta property=\"og:image:width\" content=\"1000\" \/>\n\t<meta property=\"og:image:height\" content=\"1000\" \/>\n\t<meta property=\"og:image:type\" content=\"image\/jpeg\" \/>\n<meta name=\"twitter:card\" content=\"summary_large_image\" \/>\n<meta name=\"twitter:label1\" content=\"Becs\u00fclt olvas\u00e1si id\u0151\" \/>\n\t<meta name=\"twitter:data1\" content=\"2 perc\" \/>\n<script type=\"application\/ld+json\" class=\"yoast-schema-graph\">{\"@context\":\"https:\\\/\\\/schema.org\",\"@graph\":[{\"@type\":\"WebPage\",\"@id\":\"https:\\\/\\\/esemineu.ro\\\/hu\\\/termek\\\/mini-vezuvio-fatuzelesu-kandallo-9-5-kw-ontottvas-fozolappal-es-ajtoval\\\/\",\"url\":\"https:\\\/\\\/esemineu.ro\\\/hu\\\/termek\\\/mini-vezuvio-fatuzelesu-kandallo-9-5-kw-ontottvas-fozolappal-es-ajtoval\\\/\",\"name\":\"Mini Vezuvio fat\u00fczel\u00e9s\u0171 kandall\u00f3, 9kW, \u00f6nt\u00f6ttvas f\u0151z\u0151lappal, ajt\u00f3val\",\"isPartOf\":{\"@id\":\"https:\\\/\\\/esemineu.ro\\\/hu\\\/#website\"},\"primaryImageOfPage\":{\"@id\":\"https:\\\/\\\/esemineu.ro\\\/hu\\\/termek\\\/mini-vezuvio-fatuzelesu-kandallo-9-5-kw-ontottvas-fozolappal-es-ajtoval\\\/#primaryimage\"},\"image\":{\"@id\":\"https:\\\/\\\/esemineu.ro\\\/hu\\\/termek\\\/mini-vezuvio-fatuzelesu-kandallo-9-5-kw-ontottvas-fozolappal-es-ajtoval\\\/#primaryimage\"},\"thumbnailUrl\":\"https:\\\/\\\/esemineu.ro\\\/wp-content\\\/uploads\\\/2025\\\/09\\\/MINI-FR.jpg\",\"datePublished\":\"2025-09-18T09:05:39+00:00\",\"dateModified\":\"2026-01-16T09:25:09+00:00\",\"description\":\"Mini Vezuvio fat\u00fczel\u00e9s\u0171 kandall\u00f3 9.5 kW, gyors h\u0151lead\u00e1ssal. \u00d6nt\u00f6ttvas f\u0151z\u0151lappal \u00e9s ajt\u00f3val, kiv\u00e1l\u00f3 min\u0151s\u00e9g kedvez\u0151 \u00e1ron. eSemineu.ro\",\"breadcrumb\":{\"@id\":\"https:\\\/\\\/esemineu.ro\\\/hu\\\/termek\\\/mini-vezuvio-fatuzelesu-kandallo-9-5-kw-ontottvas-fozolappal-es-ajtoval\\\/#breadcrumb\"},\"inLanguage\":\"hu\",\"potentialAction\":[{\"@type\":\"ReadAction\",\"target\":[\"https:\\\/\\\/esemineu.ro\\\/hu\\\/termek\\\/mini-vezuvio-fatuzelesu-kandallo-9-5-kw-ontottvas-fozolappal-es-ajtoval\\\/\"]}]},{\"@type\":\"ImageObject\",\"inLanguage\":\"hu\",\"@id\":\"https:\\\/\\\/esemineu.ro\\\/hu\\\/termek\\\/mini-vezuvio-fatuzelesu-kandallo-9-5-kw-ontottvas-fozolappal-es-ajtoval\\\/#primaryimage\",\"url\":\"https:\\\/\\\/esemineu.ro\\\/wp-content\\\/uploads\\\/2025\\\/09\\\/MINI-FR.jpg\",\"contentUrl\":\"https:\\\/\\\/esemineu.ro\\\/wp-content\\\/uploads\\\/2025\\\/09\\\/MINI-FR.jpg\",\"width\":1000,\"height\":1000},{\"@type\":\"BreadcrumbList\",\"@id\":\"https:\\\/\\\/esemineu.ro\\\/hu\\\/termek\\\/mini-vezuvio-fatuzelesu-kandallo-9-5-kw-ontottvas-fozolappal-es-ajtoval\\\/#breadcrumb\",\"itemListElement\":[{\"@type\":\"ListItem\",\"position\":1,\"name\":\"Kezd\u0151lap\",\"item\":\"https:\\\/\\\/esemineu.ro\\\/hu\\\/\"},{\"@type\":\"ListItem\",\"position\":2,\"name\":\"\u00c1ruh\u00e1z\",\"item\":\"https:\\\/\\\/esemineu.ro\\\/hu\\\/aruhaz\\\/\"},{\"@type\":\"ListItem\",\"position\":3,\"name\":\"Mini Vezuvio fat\u00fczel\u00e9s\u0171 kandall\u00f3, 9.5 kW, \u00f6nt\u00f6ttvas f\u0151z\u0151lappal \u00e9s ajt\u00f3val\"}]},{\"@type\":\"WebSite\",\"@id\":\"https:\\\/\\\/esemineu.ro\\\/hu\\\/#website\",\"url\":\"https:\\\/\\\/esemineu.ro\\\/hu\\\/\",\"name\":\"eSemineu\",\"description\":\"\u0218eminee de cea mai \u00eenalt\u0103 calitate\",\"potentialAction\":[{\"@type\":\"SearchAction\",\"target\":{\"@type\":\"EntryPoint\",\"urlTemplate\":\"https:\\\/\\\/esemineu.ro\\\/hu\\\/?s={search_term_string}\"},\"query-input\":{\"@type\":\"PropertyValueSpecification\",\"valueRequired\":true,\"valueName\":\"search_term_string\"}}],\"inLanguage\":\"hu\"}]}<\/script>\n<!-- \/ Yoast SEO Premium plugin. -->","yoast_head_json":{"title":"Mini Vezuvio fat\u00fczel\u00e9s\u0171 kandall\u00f3, 9kW, \u00f6nt\u00f6ttvas f\u0151z\u0151lappal, ajt\u00f3val","description":"Mini Vezuvio fat\u00fczel\u00e9s\u0171 kandall\u00f3 9.5 kW, gyors h\u0151lead\u00e1ssal. \u00d6nt\u00f6ttvas f\u0151z\u0151lappal \u00e9s ajt\u00f3val, kiv\u00e1l\u00f3 min\u0151s\u00e9g kedvez\u0151 \u00e1ron. eSemineu.ro","robots":{"index":"index","follow":"follow","max-snippet":"max-snippet:-1","max-image-preview":"max-image-preview:large","max-video-preview":"max-video-preview:-1"},"canonical":"https:\/\/esemineu.ro\/hu\/termek\/mini-vezuvio-fatuzelesu-kandallo-9-5-kw-ontottvas-fozolappal-es-ajtoval\/","og_locale":"hu_HU","og_type":"article","og_title":"Mini Vezuvio fat\u00fczel\u00e9s\u0171 kandall\u00f3, 9kW, \u00f6nt\u00f6ttvas f\u0151z\u0151lappal, ajt\u00f3val","og_description":"Mini Vezuvio fat\u00fczel\u00e9s\u0171 kandall\u00f3 9.5 kW, gyors h\u0151lead\u00e1ssal. \u00d6nt\u00f6ttvas f\u0151z\u0151lappal \u00e9s ajt\u00f3val, kiv\u00e1l\u00f3 min\u0151s\u00e9g kedvez\u0151 \u00e1ron. eSemineu.ro","og_url":"https:\/\/esemineu.ro\/hu\/termek\/mini-vezuvio-fatuzelesu-kandallo-9-5-kw-ontottvas-fozolappal-es-ajtoval\/","og_site_name":"eSemineu","article_publisher":"https:\/\/web.facebook.com\/eSemineu","article_modified_time":"2026-01-16T09:25:09+00:00","og_image":[{"width":1000,"height":1000,"url":"https:\/\/esemineu.ro\/wp-content\/uploads\/2025\/09\/MINI-FR.jpg","type":"image\/jpeg"}],"twitter_card":"summary_large_image","twitter_misc":{"Becs\u00fclt olvas\u00e1si id\u0151":"2 perc"},"schema":{"@context":"https:\/\/schema.org","@graph":[{"@type":"WebPage","@id":"https:\/\/esemineu.ro\/hu\/termek\/mini-vezuvio-fatuzelesu-kandallo-9-5-kw-ontottvas-fozolappal-es-ajtoval\/","url":"https:\/\/esemineu.ro\/hu\/termek\/mini-vezuvio-fatuzelesu-kandallo-9-5-kw-ontottvas-fozolappal-es-ajtoval\/","name":"Mini Vezuvio fat\u00fczel\u00e9s\u0171 kandall\u00f3, 9kW, \u00f6nt\u00f6ttvas f\u0151z\u0151lappal, ajt\u00f3val","isPartOf":{"@id":"https:\/\/esemineu.ro\/hu\/#website"},"primaryImageOfPage":{"@id":"https:\/\/esemineu.ro\/hu\/termek\/mini-vezuvio-fatuzelesu-kandallo-9-5-kw-ontottvas-fozolappal-es-ajtoval\/#primaryimage"},"image":{"@id":"https:\/\/esemineu.ro\/hu\/termek\/mini-vezuvio-fatuzelesu-kandallo-9-5-kw-ontottvas-fozolappal-es-ajtoval\/#primaryimage"},"thumbnailUrl":"https:\/\/esemineu.ro\/wp-content\/uploads\/2025\/09\/MINI-FR.jpg","datePublished":"2025-09-18T09:05:39+00:00","dateModified":"2026-01-16T09:25:09+00:00","description":"Mini Vezuvio fat\u00fczel\u00e9s\u0171 kandall\u00f3 9.5 kW, gyors h\u0151lead\u00e1ssal. \u00d6nt\u00f6ttvas f\u0151z\u0151lappal \u00e9s ajt\u00f3val, kiv\u00e1l\u00f3 min\u0151s\u00e9g kedvez\u0151 \u00e1ron. eSemineu.ro","breadcrumb":{"@id":"https:\/\/esemineu.ro\/hu\/termek\/mini-vezuvio-fatuzelesu-kandallo-9-5-kw-ontottvas-fozolappal-es-ajtoval\/#breadcrumb"},"inLanguage":"hu","potentialAction":[{"@type":"ReadAction","target":["https:\/\/esemineu.ro\/hu\/termek\/mini-vezuvio-fatuzelesu-kandallo-9-5-kw-ontottvas-fozolappal-es-ajtoval\/"]}]},{"@type":"ImageObject","inLanguage":"hu","@id":"https:\/\/esemineu.ro\/hu\/termek\/mini-vezuvio-fatuzelesu-kandallo-9-5-kw-ontottvas-fozolappal-es-ajtoval\/#primaryimage","url":"https:\/\/esemineu.ro\/wp-content\/uploads\/2025\/09\/MINI-FR.jpg","contentUrl":"https:\/\/esemineu.ro\/wp-content\/uploads\/2025\/09\/MINI-FR.jpg","width":1000,"height":1000},{"@type":"BreadcrumbList","@id":"https:\/\/esemineu.ro\/hu\/termek\/mini-vezuvio-fatuzelesu-kandallo-9-5-kw-ontottvas-fozolappal-es-ajtoval\/#breadcrumb","itemListElement":[{"@type":"ListItem","position":1,"name":"Kezd\u0151lap","item":"https:\/\/esemineu.ro\/hu\/"},{"@type":"ListItem","position":2,"name":"\u00c1ruh\u00e1z","item":"https:\/\/esemineu.ro\/hu\/aruhaz\/"},{"@type":"ListItem","position":3,"name":"Mini Vezuvio fat\u00fczel\u00e9s\u0171 kandall\u00f3, 9.5 kW, \u00f6nt\u00f6ttvas f\u0151z\u0151lappal \u00e9s ajt\u00f3val"}]},{"@type":"WebSite","@id":"https:\/\/esemineu.ro\/hu\/#website","url":"https:\/\/esemineu.ro\/hu\/","name":"eSemineu","description":"\u0218eminee de cea mai \u00eenalt\u0103 calitate","potentialAction":[{"@type":"SearchAction","target":{"@type":"EntryPoint","urlTemplate":"https:\/\/esemineu.ro\/hu\/?s={search_term_string}"},"query-input":{"@type":"PropertyValueSpecification","valueRequired":true,"valueName":"search_term_string"}}],"inLanguage":"hu"}]}},"_links":{"self":[{"href":"https:\/\/esemineu.ro\/hu\/wp-json\/wp\/v2\/product\/31196","targetHints":{"allow":["GET"]}}],"collection":[{"href":"https:\/\/esemineu.ro\/hu\/wp-json\/wp\/v2\/product"}],"about":[{"href":"https:\/\/esemineu.ro\/hu\/wp-json\/wp\/v2\/types\/product"}],"replies":[{"embeddable":true,"href":"https:\/\/esemineu.ro\/hu\/wp-json\/wp\/v2\/comments?post=31196"}],"wp:featuredmedia":[{"embeddable":true,"href":"https:\/\/esemineu.ro\/hu\/wp-json\/wp\/v2\/media\/31178"}],"wp:attachment":[{"href":"https:\/\/esemineu.ro\/hu\/wp-json\/wp\/v2\/media?parent=31196"}],"wp:term":[{"taxonomy":"product_brand","embeddable":true,"href":"https:\/\/esemineu.ro\/hu\/wp-json\/wp\/v2\/product_brand?post=31196"},{"taxonomy":"product_cat","embeddable":true,"href":"https:\/\/esemineu.ro\/hu\/wp-json\/wp\/v2\/product_cat?post=31196"},{"taxonomy":"product_tag","embeddable":true,"href":"https:\/\/esemineu.ro\/hu\/wp-json\/wp\/v2\/product_tag?post=31196"}],"curies":[{"name":"wp","href":"https:\/\/api.w.org\/{rel}","templated":true}]}}