{"id":30081,"date":"2025-07-25T08:01:17","date_gmt":"2025-07-25T06:01:17","guid":{"rendered":"https:\/\/esemineu.ro\/?post_type=product&#038;p=30081"},"modified":"2025-07-25T08:02:51","modified_gmt":"2025-07-25T06:02:51","slug":"esovedo-sapka-rozsdamentes-acelbol-dupla-falu-d130-200-vulcano-05-mm-falvastagsaggal","status":"publish","type":"product","link":"https:\/\/esemineu.ro\/hu\/termek\/esovedo-sapka-rozsdamentes-acelbol-dupla-falu-d130-200-vulcano-05-mm-falvastagsaggal\/","title":{"rendered":"Es\u0151v\u00e9d\u0151 sapka rozsdamentes ac\u00e9lb\u00f3l, dupla fal\u00fa, D130\/200 VULCANO, 0,5 mm falvastags\u00e1ggal."},"content":{"rendered":"<p class=\"\" data-start=\"212\" data-end=\"311\"><strong data-start=\"212\" data-end=\"311\">Es\u0151v\u00e9d\u0151 sapka rozsdamentes ac\u00e9lb\u00f3l \u2013 megb\u00edzhat\u00f3 v\u00e9delem a k\u00e9m\u00e9nyrendszer tetej\u00e9n minden id\u0151j\u00e1r\u00e1sban<\/strong><\/p>\n<p class=\"\" data-start=\"313\" data-end=\"517\">Ez a rozsdamentes ac\u00e9lb\u00f3l k\u00e9sz\u00fclt es\u0151v\u00e9d\u0151 sapka a VULCANO dupla fal\u00fa f\u00fcstcs\u0151rendszerek t\u00f6k\u00e9letes lez\u00e1r\u00f3 eleme.<br data-start=\"423\" data-end=\"426\" \/>Bels\u0151 \u00e1tm\u00e9r\u0151je 130 mm, k\u00fcls\u0151 200 mm, falvastags\u00e1ga 0,5 mm \u2013 tart\u00f3s, id\u0151j\u00e1r\u00e1s\u00e1ll\u00f3 kivitel.<\/p>\n<p class=\"\" data-start=\"519\" data-end=\"714\">Hat\u00e9konyan megakad\u00e1lyozza az es\u0151, h\u00f3, levelek \u00e9s egy\u00e9b szennyez\u0151d\u00e9sek bejut\u00e1s\u00e1t a k\u00e9m\u00e9nybe.<br data-start=\"610\" data-end=\"613\" \/>AISI 304 rozsdamentes ac\u00e9lb\u00f3l k\u00e9sz\u00fclt, \u00edgy ellen\u00e1ll a korr\u00f3zi\u00f3nak \u00e9s a h\u0151m\u00e9rs\u00e9kleti ingadoz\u00e1soknak.<\/p>\n<p class=\"\" data-start=\"716\" data-end=\"881\">N\u00f6veli a rendszer \u00e9lettartam\u00e1t, jav\u00edtja a huzathat\u00e1st \u00e9s cs\u00f6kkenti a karbantart\u00e1si ig\u00e9nyt.<br data-start=\"806\" data-end=\"809\" \/>K\u00f6nnyen r\u00f6gz\u00edthet\u0151, stabilan illeszkedik a VULCANO rendszer elemeihez.<\/p>\n<p class=\"\" data-start=\"883\" data-end=\"1060\">Aj\u00e1nlott minden VULCANO t\u00edpus\u00fa dupla fal\u00fa k\u00e9m\u00e9nyrendszer v\u00e9gz\u00e1r\u00e1s\u00e1hoz.<br data-start=\"953\" data-end=\"956\" \/><strong data-start=\"956\" data-end=\"1001\">V\u00e1laszd a D130\/200 VULCANO es\u0151v\u00e9d\u0151 sapk\u00e1t<\/strong>, ha megb\u00edzhat\u00f3 \u00e9s tart\u00f3s tet\u0151elemet keresel a k\u00e9m\u00e9nyedhez.<\/p>\n<h4>Sz\u00e1ll\u00edt\u00e1si hat\u00e1rid\u0151:<\/h4>\n<ul>\n<li><strong>Magyarorsz\u00e1g \u00e9s az eg\u00e9sz Eur\u00f3pai Uni\u00f3 ter\u00fclet\u00e9n<\/strong>\u00a0is sz\u00e1ll\u00edtjuk.<\/li>\n<li>Rom\u00e1ni\u00e1ba 2-3 munkanap alatt sz\u00e1ll\u00edtjuk<\/li>\n<li>Magyarorsz\u00e1gra es az EU ter\u00fclet\u00e9re az \u00e1tutal\u00e1s ut\u00e1n 5 munkanapon bel\u00fcl \u00e9rkezik meg a term\u00e9k.<\/li>\n<\/ul>\n<p>B\u00edzunk benne, hogy el\u00e9gedett lesz a\u00a0term\u00e9kkel. Ha b\u00e1rmilyen k\u00e9rd\u00e9se van, k\u00e9rj\u00fck, l\u00e9pjen kapcsolatba vel\u00fcnk.<\/p>\n<p>Tov\u00e1bbi aj\u00e1nlatok\u00e9rt kattintson\u00a0<a href=\"https:\/\/esemineu.ro\/hu\/termek-kategoria\/fustcsovek\/\">ide<\/a><\/p>\n<p>T\u0151bb inform\u00e1ci\u00f3\u00e9rt l\u00e1togasson el\u00a0<a href=\"https:\/\/www.youtube.com\/@esemineuromania\">YouTube<\/a>-csatorn\u00e1nkra, valamint\u00a0<a href=\"https:\/\/www.facebook.com\/eSemineu\">Facebook<\/a>\u00a0\u00e9s\u00a0<a href=\"https:\/\/www.instagram.com\/esemineu\/\">Instagram<\/a>\u00a0oldalainkra.<\/p>\n<p><a href=\"https:\/\/esemineu.ro\/\">eSemineu.ro<\/a>\u00a0 \u00a0Te adod a t\u0171zet mi adjuk a meleget!<\/p>\n","protected":false},"excerpt":{"rendered":"<p>Es\u0151v\u00e9d\u0151 sapka rozsdamentes ac\u00e9lb\u00f3l \u2013 megb\u00edzhat\u00f3 v\u00e9delem a k\u00e9m\u00e9nyrendszer tetej\u00e9n minden id\u0151j\u00e1r\u00e1sban Ez a rozsdamentes ac\u00e9lb\u00f3l k\u00e9sz\u00fclt es\u0151v\u00e9d\u0151 sapka a VULCANO dupla fal\u00fa f\u00fcstcs\u0151rendszerek t\u00f6k\u00e9letes lez\u00e1r\u00f3 eleme.Bels\u0151 \u00e1tm\u00e9r\u0151je 130 mm, k\u00fcls\u0151 200 mm, falvastags\u00e1ga 0,5 mm \u2013 tart\u00f3s, id\u0151j\u00e1r\u00e1s\u00e1ll\u00f3 kivitel. Hat\u00e9konyan megakad\u00e1lyozza az es\u0151, h\u00f3, levelek \u00e9s egy\u00e9b szennyez\u0151d\u00e9sek bejut\u00e1s\u00e1t a k\u00e9m\u00e9nybe.AISI 304 rozsdamentes ac\u00e9lb\u00f3l k\u00e9sz\u00fclt, \u00edgy ellen\u00e1ll a korr\u00f3zi\u00f3nak \u00e9s a h\u0151m\u00e9rs\u00e9kleti ingadoz\u00e1soknak. N\u00f6veli a rendszer \u00e9lettartam\u00e1t, jav\u00edtja a huzathat\u00e1st \u00e9s cs\u00f6kkenti a karbantart\u00e1si ig\u00e9nyt.K\u00f6nnyen r\u00f6gz\u00edthet\u0151, stabilan illeszkedik a VULCANO rendszer elemeihez. Aj\u00e1nlott minden VULCANO t\u00edpus\u00fa dupla fal\u00fa k\u00e9m\u00e9nyrendszer v\u00e9gz\u00e1r\u00e1s\u00e1hoz.V\u00e1laszd a D130\/200 VULCANO es\u0151v\u00e9d\u0151 sapk\u00e1t, ha megb\u00edzhat\u00f3 \u00e9s tart\u00f3s tet\u0151elemet keresel a k\u00e9m\u00e9nyedhez. Sz\u00e1ll\u00edt\u00e1si hat\u00e1rid\u0151: Magyarorsz\u00e1g \u00e9s az eg\u00e9sz Eur\u00f3pai Uni\u00f3 ter\u00fclet\u00e9n\u00a0is sz\u00e1ll\u00edtjuk. Rom\u00e1ni\u00e1ba 2-3 munkanap alatt sz\u00e1ll\u00edtjuk Magyarorsz\u00e1gra es az EU ter\u00fclet\u00e9re az \u00e1tutal\u00e1s ut\u00e1n 5 munkanapon bel\u00fcl \u00e9rkezik meg a term\u00e9k. B\u00edzunk benne, hogy el\u00e9gedett lesz a\u00a0term\u00e9kkel. Ha b\u00e1rmilyen k\u00e9rd\u00e9se van, k\u00e9rj\u00fck, l\u00e9pjen kapcsolatba vel\u00fcnk. Tov\u00e1bbi aj\u00e1nlatok\u00e9rt &hellip; <a href=\"https:\/\/esemineu.ro\/hu\/termek\/esovedo-sapka-rozsdamentes-acelbol-dupla-falu-d130-200-vulcano-05-mm-falvastagsaggal\/\">Folytatva<\/a><\/p>\n","protected":false},"featured_media":29144,"comment_status":"open","ping_status":"closed","template":"","meta":[],"product_brand":[1572],"product_cat":[1474,779,1472],"product_tag":[],"class_list":{"0":"post-30081","1":"product","2":"type-product","3":"status-publish","4":"has-post-thumbnail","6":"product_brand-pro-invest","7":"product_cat-130-szigetelt","8":"product_cat-fustcsovek","9":"product_cat-rozsdamentes-szigetelt-kemeny","10":"product_shipping_class-fustcsovek","11":"pa_culoare-fenyes-rozsdamentes-acel-hu","12":"pa_material-rozsdamentes-acel-hu","14":"first","15":"onbackorder","16":"shipping-taxable","17":"purchasable","18":"product-type-simple"},"acf":[],"yoast_head":"<!-- This site is optimized with the Yoast SEO Premium plugin v21.0 (Yoast SEO v27.3) - https:\/\/yoast.com\/product\/yoast-seo-premium-wordpress\/ -->\n<title>Es\u0151v\u00e9d\u0151 sapka rozsdamentes ac\u00e9lb\u00f3l, dupla fal\u00fa, D130\/200, 0,5<\/title>\n<meta name=\"description\" content=\"Es\u0151v\u00e9d\u0151 sapka rozsdamentes ac\u00e9lb\u00f3l, 0,5 mm. Rozsdamentes ac\u00e9l tet\u0151elem, amely meg\u00f3vja k\u00e9m\u00e9nyrendszer\u00e9t az es\u0151t\u0151l \u00e9s szennyez\u0151d\u00e9sekt\u0151l.\" \/>\n<meta name=\"robots\" content=\"index, follow, max-snippet:-1, max-image-preview:large, max-video-preview:-1\" \/>\n<link rel=\"canonical\" href=\"https:\/\/esemineu.ro\/hu\/termek\/esovedo-sapka-rozsdamentes-acelbol-dupla-falu-d130-200-vulcano-05-mm-falvastagsaggal\/\" \/>\n<meta property=\"og:locale\" content=\"hu_HU\" \/>\n<meta property=\"og:type\" content=\"article\" \/>\n<meta property=\"og:title\" content=\"Es\u0151v\u00e9d\u0151 sapka rozsdamentes ac\u00e9lb\u00f3l, dupla fal\u00fa, D130\/200, 0,5\" \/>\n<meta property=\"og:description\" content=\"Es\u0151v\u00e9d\u0151 sapka rozsdamentes ac\u00e9lb\u00f3l, 0,5 mm. Rozsdamentes ac\u00e9l tet\u0151elem, amely meg\u00f3vja k\u00e9m\u00e9nyrendszer\u00e9t az es\u0151t\u0151l \u00e9s szennyez\u0151d\u00e9sekt\u0151l.\" \/>\n<meta property=\"og:url\" content=\"https:\/\/esemineu.ro\/hu\/termek\/esovedo-sapka-rozsdamentes-acelbol-dupla-falu-d130-200-vulcano-05-mm-falvastagsaggal\/\" \/>\n<meta property=\"og:site_name\" content=\"eSemineu\" \/>\n<meta property=\"article:publisher\" content=\"https:\/\/web.facebook.com\/eSemineu\" \/>\n<meta property=\"article:modified_time\" content=\"2025-07-25T06:02:51+00:00\" \/>\n<meta property=\"og:image\" content=\"https:\/\/esemineu.ro\/wp-content\/uploads\/2025\/05\/mare_1_FAA23471-1.jpg\" \/>\n\t<meta property=\"og:image:width\" content=\"800\" \/>\n\t<meta property=\"og:image:height\" content=\"800\" \/>\n\t<meta property=\"og:image:type\" content=\"image\/jpeg\" \/>\n<meta name=\"twitter:card\" content=\"summary_large_image\" \/>\n<meta name=\"twitter:label1\" content=\"Becs\u00fclt olvas\u00e1si id\u0151\" \/>\n\t<meta name=\"twitter:data1\" content=\"1 perc\" \/>\n<script type=\"application\/ld+json\" class=\"yoast-schema-graph\">{\"@context\":\"https:\\\/\\\/schema.org\",\"@graph\":[{\"@type\":\"WebPage\",\"@id\":\"https:\\\/\\\/esemineu.ro\\\/hu\\\/termek\\\/esovedo-sapka-rozsdamentes-acelbol-dupla-falu-d130-200-vulcano-05-mm-falvastagsaggal\\\/\",\"url\":\"https:\\\/\\\/esemineu.ro\\\/hu\\\/termek\\\/esovedo-sapka-rozsdamentes-acelbol-dupla-falu-d130-200-vulcano-05-mm-falvastagsaggal\\\/\",\"name\":\"Es\u0151v\u00e9d\u0151 sapka rozsdamentes ac\u00e9lb\u00f3l, dupla fal\u00fa, D130\\\/200, 0,5\",\"isPartOf\":{\"@id\":\"https:\\\/\\\/esemineu.ro\\\/hu\\\/#website\"},\"primaryImageOfPage\":{\"@id\":\"https:\\\/\\\/esemineu.ro\\\/hu\\\/termek\\\/esovedo-sapka-rozsdamentes-acelbol-dupla-falu-d130-200-vulcano-05-mm-falvastagsaggal\\\/#primaryimage\"},\"image\":{\"@id\":\"https:\\\/\\\/esemineu.ro\\\/hu\\\/termek\\\/esovedo-sapka-rozsdamentes-acelbol-dupla-falu-d130-200-vulcano-05-mm-falvastagsaggal\\\/#primaryimage\"},\"thumbnailUrl\":\"https:\\\/\\\/esemineu.ro\\\/wp-content\\\/uploads\\\/2025\\\/05\\\/mare_1_FAA23471-1.jpg\",\"datePublished\":\"2025-07-25T06:01:17+00:00\",\"dateModified\":\"2025-07-25T06:02:51+00:00\",\"description\":\"Es\u0151v\u00e9d\u0151 sapka rozsdamentes ac\u00e9lb\u00f3l, 0,5 mm. Rozsdamentes ac\u00e9l tet\u0151elem, amely meg\u00f3vja k\u00e9m\u00e9nyrendszer\u00e9t az es\u0151t\u0151l \u00e9s szennyez\u0151d\u00e9sekt\u0151l.\",\"breadcrumb\":{\"@id\":\"https:\\\/\\\/esemineu.ro\\\/hu\\\/termek\\\/esovedo-sapka-rozsdamentes-acelbol-dupla-falu-d130-200-vulcano-05-mm-falvastagsaggal\\\/#breadcrumb\"},\"inLanguage\":\"hu\",\"potentialAction\":[{\"@type\":\"ReadAction\",\"target\":[\"https:\\\/\\\/esemineu.ro\\\/hu\\\/termek\\\/esovedo-sapka-rozsdamentes-acelbol-dupla-falu-d130-200-vulcano-05-mm-falvastagsaggal\\\/\"]}]},{\"@type\":\"ImageObject\",\"inLanguage\":\"hu\",\"@id\":\"https:\\\/\\\/esemineu.ro\\\/hu\\\/termek\\\/esovedo-sapka-rozsdamentes-acelbol-dupla-falu-d130-200-vulcano-05-mm-falvastagsaggal\\\/#primaryimage\",\"url\":\"https:\\\/\\\/esemineu.ro\\\/wp-content\\\/uploads\\\/2025\\\/05\\\/mare_1_FAA23471-1.jpg\",\"contentUrl\":\"https:\\\/\\\/esemineu.ro\\\/wp-content\\\/uploads\\\/2025\\\/05\\\/mare_1_FAA23471-1.jpg\",\"width\":800,\"height\":800},{\"@type\":\"BreadcrumbList\",\"@id\":\"https:\\\/\\\/esemineu.ro\\\/hu\\\/termek\\\/esovedo-sapka-rozsdamentes-acelbol-dupla-falu-d130-200-vulcano-05-mm-falvastagsaggal\\\/#breadcrumb\",\"itemListElement\":[{\"@type\":\"ListItem\",\"position\":1,\"name\":\"Kezd\u0151lap\",\"item\":\"https:\\\/\\\/esemineu.ro\\\/hu\\\/\"},{\"@type\":\"ListItem\",\"position\":2,\"name\":\"\u00c1ruh\u00e1z\",\"item\":\"https:\\\/\\\/esemineu.ro\\\/hu\\\/aruhaz\\\/\"},{\"@type\":\"ListItem\",\"position\":3,\"name\":\"Es\u0151v\u00e9d\u0151 sapka rozsdamentes ac\u00e9lb\u00f3l, dupla fal\u00fa, D130\\\/200 VULCANO, 0,5 mm falvastags\u00e1ggal.\"}]},{\"@type\":\"WebSite\",\"@id\":\"https:\\\/\\\/esemineu.ro\\\/hu\\\/#website\",\"url\":\"https:\\\/\\\/esemineu.ro\\\/hu\\\/\",\"name\":\"eSemineu\",\"description\":\"\u0218eminee de cea mai \u00eenalt\u0103 calitate\",\"potentialAction\":[{\"@type\":\"SearchAction\",\"target\":{\"@type\":\"EntryPoint\",\"urlTemplate\":\"https:\\\/\\\/esemineu.ro\\\/hu\\\/?s={search_term_string}\"},\"query-input\":{\"@type\":\"PropertyValueSpecification\",\"valueRequired\":true,\"valueName\":\"search_term_string\"}}],\"inLanguage\":\"hu\"}]}<\/script>\n<!-- \/ Yoast SEO Premium plugin. -->","yoast_head_json":{"title":"Es\u0151v\u00e9d\u0151 sapka rozsdamentes ac\u00e9lb\u00f3l, dupla fal\u00fa, D130\/200, 0,5","description":"Es\u0151v\u00e9d\u0151 sapka rozsdamentes ac\u00e9lb\u00f3l, 0,5 mm. Rozsdamentes ac\u00e9l tet\u0151elem, amely meg\u00f3vja k\u00e9m\u00e9nyrendszer\u00e9t az es\u0151t\u0151l \u00e9s szennyez\u0151d\u00e9sekt\u0151l.","robots":{"index":"index","follow":"follow","max-snippet":"max-snippet:-1","max-image-preview":"max-image-preview:large","max-video-preview":"max-video-preview:-1"},"canonical":"https:\/\/esemineu.ro\/hu\/termek\/esovedo-sapka-rozsdamentes-acelbol-dupla-falu-d130-200-vulcano-05-mm-falvastagsaggal\/","og_locale":"hu_HU","og_type":"article","og_title":"Es\u0151v\u00e9d\u0151 sapka rozsdamentes ac\u00e9lb\u00f3l, dupla fal\u00fa, D130\/200, 0,5","og_description":"Es\u0151v\u00e9d\u0151 sapka rozsdamentes ac\u00e9lb\u00f3l, 0,5 mm. Rozsdamentes ac\u00e9l tet\u0151elem, amely meg\u00f3vja k\u00e9m\u00e9nyrendszer\u00e9t az es\u0151t\u0151l \u00e9s szennyez\u0151d\u00e9sekt\u0151l.","og_url":"https:\/\/esemineu.ro\/hu\/termek\/esovedo-sapka-rozsdamentes-acelbol-dupla-falu-d130-200-vulcano-05-mm-falvastagsaggal\/","og_site_name":"eSemineu","article_publisher":"https:\/\/web.facebook.com\/eSemineu","article_modified_time":"2025-07-25T06:02:51+00:00","og_image":[{"width":800,"height":800,"url":"https:\/\/esemineu.ro\/wp-content\/uploads\/2025\/05\/mare_1_FAA23471-1.jpg","type":"image\/jpeg"}],"twitter_card":"summary_large_image","twitter_misc":{"Becs\u00fclt olvas\u00e1si id\u0151":"1 perc"},"schema":{"@context":"https:\/\/schema.org","@graph":[{"@type":"WebPage","@id":"https:\/\/esemineu.ro\/hu\/termek\/esovedo-sapka-rozsdamentes-acelbol-dupla-falu-d130-200-vulcano-05-mm-falvastagsaggal\/","url":"https:\/\/esemineu.ro\/hu\/termek\/esovedo-sapka-rozsdamentes-acelbol-dupla-falu-d130-200-vulcano-05-mm-falvastagsaggal\/","name":"Es\u0151v\u00e9d\u0151 sapka rozsdamentes ac\u00e9lb\u00f3l, dupla fal\u00fa, D130\/200, 0,5","isPartOf":{"@id":"https:\/\/esemineu.ro\/hu\/#website"},"primaryImageOfPage":{"@id":"https:\/\/esemineu.ro\/hu\/termek\/esovedo-sapka-rozsdamentes-acelbol-dupla-falu-d130-200-vulcano-05-mm-falvastagsaggal\/#primaryimage"},"image":{"@id":"https:\/\/esemineu.ro\/hu\/termek\/esovedo-sapka-rozsdamentes-acelbol-dupla-falu-d130-200-vulcano-05-mm-falvastagsaggal\/#primaryimage"},"thumbnailUrl":"https:\/\/esemineu.ro\/wp-content\/uploads\/2025\/05\/mare_1_FAA23471-1.jpg","datePublished":"2025-07-25T06:01:17+00:00","dateModified":"2025-07-25T06:02:51+00:00","description":"Es\u0151v\u00e9d\u0151 sapka rozsdamentes ac\u00e9lb\u00f3l, 0,5 mm. Rozsdamentes ac\u00e9l tet\u0151elem, amely meg\u00f3vja k\u00e9m\u00e9nyrendszer\u00e9t az es\u0151t\u0151l \u00e9s szennyez\u0151d\u00e9sekt\u0151l.","breadcrumb":{"@id":"https:\/\/esemineu.ro\/hu\/termek\/esovedo-sapka-rozsdamentes-acelbol-dupla-falu-d130-200-vulcano-05-mm-falvastagsaggal\/#breadcrumb"},"inLanguage":"hu","potentialAction":[{"@type":"ReadAction","target":["https:\/\/esemineu.ro\/hu\/termek\/esovedo-sapka-rozsdamentes-acelbol-dupla-falu-d130-200-vulcano-05-mm-falvastagsaggal\/"]}]},{"@type":"ImageObject","inLanguage":"hu","@id":"https:\/\/esemineu.ro\/hu\/termek\/esovedo-sapka-rozsdamentes-acelbol-dupla-falu-d130-200-vulcano-05-mm-falvastagsaggal\/#primaryimage","url":"https:\/\/esemineu.ro\/wp-content\/uploads\/2025\/05\/mare_1_FAA23471-1.jpg","contentUrl":"https:\/\/esemineu.ro\/wp-content\/uploads\/2025\/05\/mare_1_FAA23471-1.jpg","width":800,"height":800},{"@type":"BreadcrumbList","@id":"https:\/\/esemineu.ro\/hu\/termek\/esovedo-sapka-rozsdamentes-acelbol-dupla-falu-d130-200-vulcano-05-mm-falvastagsaggal\/#breadcrumb","itemListElement":[{"@type":"ListItem","position":1,"name":"Kezd\u0151lap","item":"https:\/\/esemineu.ro\/hu\/"},{"@type":"ListItem","position":2,"name":"\u00c1ruh\u00e1z","item":"https:\/\/esemineu.ro\/hu\/aruhaz\/"},{"@type":"ListItem","position":3,"name":"Es\u0151v\u00e9d\u0151 sapka rozsdamentes ac\u00e9lb\u00f3l, dupla fal\u00fa, D130\/200 VULCANO, 0,5 mm falvastags\u00e1ggal."}]},{"@type":"WebSite","@id":"https:\/\/esemineu.ro\/hu\/#website","url":"https:\/\/esemineu.ro\/hu\/","name":"eSemineu","description":"\u0218eminee de cea mai \u00eenalt\u0103 calitate","potentialAction":[{"@type":"SearchAction","target":{"@type":"EntryPoint","urlTemplate":"https:\/\/esemineu.ro\/hu\/?s={search_term_string}"},"query-input":{"@type":"PropertyValueSpecification","valueRequired":true,"valueName":"search_term_string"}}],"inLanguage":"hu"}]}},"_links":{"self":[{"href":"https:\/\/esemineu.ro\/hu\/wp-json\/wp\/v2\/product\/30081","targetHints":{"allow":["GET"]}}],"collection":[{"href":"https:\/\/esemineu.ro\/hu\/wp-json\/wp\/v2\/product"}],"about":[{"href":"https:\/\/esemineu.ro\/hu\/wp-json\/wp\/v2\/types\/product"}],"replies":[{"embeddable":true,"href":"https:\/\/esemineu.ro\/hu\/wp-json\/wp\/v2\/comments?post=30081"}],"wp:featuredmedia":[{"embeddable":true,"href":"https:\/\/esemineu.ro\/hu\/wp-json\/wp\/v2\/media\/29144"}],"wp:attachment":[{"href":"https:\/\/esemineu.ro\/hu\/wp-json\/wp\/v2\/media?parent=30081"}],"wp:term":[{"taxonomy":"product_brand","embeddable":true,"href":"https:\/\/esemineu.ro\/hu\/wp-json\/wp\/v2\/product_brand?post=30081"},{"taxonomy":"product_cat","embeddable":true,"href":"https:\/\/esemineu.ro\/hu\/wp-json\/wp\/v2\/product_cat?post=30081"},{"taxonomy":"product_tag","embeddable":true,"href":"https:\/\/esemineu.ro\/hu\/wp-json\/wp\/v2\/product_tag?post=30081"}],"curies":[{"name":"wp","href":"https:\/\/api.w.org\/{rel}","templated":true}]}}