{"id":29909,"date":"2025-07-14T12:27:56","date_gmt":"2025-07-14T10:27:56","guid":{"rendered":"https:\/\/esemineu.ro\/?post_type=product&#038;p=29909"},"modified":"2025-07-14T12:53:27","modified_gmt":"2025-07-14T10:53:27","slug":"grand-b-fatuzelesu-kozponti-sparhelt-12-05-kw-ecodesign","status":"publish","type":"product","link":"https:\/\/esemineu.ro\/hu\/termek\/grand-b-fatuzelesu-kozponti-sparhelt-12-05-kw-ecodesign\/","title":{"rendered":"Grand B fat\u00fczel\u00e9s\u0171 k\u00f6zponti sparhelt, 12.05 kW, Ecodesign"},"content":{"rendered":"<p data-start=\"0\" data-end=\"108\"><strong data-start=\"0\" data-end=\"108\">Grand B fat\u00fczel\u00e9s\u0171 k\u00f6zponti sparhelt \u2013 12.05 kW, Ecodesign min\u0151s\u00edt\u00e9s\u0171 hat\u00e9konys\u00e1g \u00e9s sokoldal\u00fas\u00e1g<\/strong><\/p>\n<p data-start=\"110\" data-end=\"465\">A <strong data-start=\"112\" data-end=\"166\">Grand B t\u00edpus\u00fa fat\u00fczel\u00e9s\u0171 k\u00f6zponti f\u0171t\u00e9ses t\u0171zhely<\/strong> kiv\u00e1l\u00f3 v\u00e1laszt\u00e1s azok sz\u00e1m\u00e1ra, akik egyes\u00edteni szeretn\u00e9k az otthoni f\u0171t\u00e9st a f\u0151z\u00e9s lehet\u0151s\u00e9g\u00e9vel. Ez a k\u00e9sz\u00fcl\u00e9k nem csup\u00e1n egy hagyom\u00e1nyos k\u00e1lyha \u2013 hanem egy <strong data-start=\"325\" data-end=\"376\">sokoldal\u00fa, k\u00f6zponti f\u0171t\u00e9sre is alkalmas t\u0171zhely<\/strong>, amely megb\u00edzhat\u00f3 meleget \u00e9s k\u00e9nyelmes f\u0151z\u00e9si lehet\u0151s\u00e9get biztos\u00edt egyetlen megold\u00e1sban.<\/p>\n<p data-start=\"467\" data-end=\"815\">A t\u0171zhely <strong data-start=\"477\" data-end=\"512\">n\u00e9vleges teljes\u00edtm\u00e9nye 12.05 kW<\/strong>, amellyel ak\u00e1r <strong data-start=\"528\" data-end=\"537\">85 m\u00b2<\/strong> alapter\u00fclet\u0171 otthon f\u0171t\u00e9se is hat\u00e9konyan megoldhat\u00f3. A <strong data-start=\"593\" data-end=\"622\">be\u00e9p\u00edtett f\u0151z\u0151lap \u00e9s s\u00fct\u0151<\/strong> r\u00e9v\u00e9n mindennapi f\u0151z\u00e9si feladatokra is kiv\u00e1l\u00f3. A s\u00fct\u0151 \u00e9s a f\u00fcstkivezet\u00e9s v\u00e1laszthat\u00f3an a bal vagy jobb oldalra is elhelyezhet\u0151, \u00edgy rugalmasan illeszthet\u0151 a konyha vagy nappali elrendez\u00e9s\u00e9hez.<\/p>\n<p data-start=\"817\" data-end=\"1080\">A <strong data-start=\"819\" data-end=\"847\">6 mm vastag ac\u00e9l f\u0151z\u0151lap<\/strong> hossz\u00fa \u00e9lettartamot \u00e9s kiv\u00e1l\u00f3 h\u0151tart\u00e1st biztos\u00edt. A t\u0171zhely <strong data-start=\"908\" data-end=\"945\">hidraulikus teljes\u00edtm\u00e9nye 7.13 kW<\/strong>, m\u00edg a k\u00f6rnyezetbe sug\u00e1rzott h\u0151 4.92 kW, \u00edgy nemcsak radi\u00e1toros rendszert t\u00e1pl\u00e1lhat, hanem a helyis\u00e9get is k\u00f6zvetlen\u00fcl melegen tartja.<\/p>\n<p data-start=\"1082\" data-end=\"1314\">Az <strong data-start=\"1085\" data-end=\"1112\">\u00e1tlagos hat\u00e1sfok 85.29%<\/strong>, ami rendk\u00edv\u00fcl gazdas\u00e1gos m\u0171k\u00f6d\u00e9st tesz lehet\u0151v\u00e9. A <strong data-start=\"1165\" data-end=\"1201\">be\u00e9p\u00edtett 6.2 literes v\u00edztart\u00e1ly<\/strong> \u00e9s a <strong data-start=\"1207\" data-end=\"1231\">2.5 bar \u00fczemi nyom\u00e1s<\/strong> tov\u00e1bbi el\u0151ny\u00f6ket k\u00edn\u00e1lnak a k\u00f6zponti f\u0171t\u00e9si rendszerekhez val\u00f3 csatlakoztat\u00e1sn\u00e1l.<\/p>\n<p data-start=\"1316\" data-end=\"1431\">A k\u00e9sz\u00fcl\u00e9k <strong data-start=\"1327\" data-end=\"1345\">k\u00f6rnyezetbar\u00e1t<\/strong>, megfelel az <strong data-start=\"1359\" data-end=\"1372\">Ecodesign<\/strong> el\u0151\u00edr\u00e1sainak, alacsony k\u00e1rosanyag-kibocs\u00e1t\u00e1ssal m\u0171k\u00f6dik:<\/p>\n<ul data-start=\"1432\" data-end=\"1519\">\n<li data-start=\"1432\" data-end=\"1454\">\n<p data-start=\"1434\" data-end=\"1454\">CO: 1026.12 mg\/Nm\u00b3<\/p>\n<\/li>\n<li data-start=\"1455\" data-end=\"1474\">\n<p data-start=\"1457\" data-end=\"1474\">PM: 27.7 mg\/Nm\u00b3<\/p>\n<\/li>\n<li data-start=\"1475\" data-end=\"1496\">\n<p data-start=\"1477\" data-end=\"1496\">OGC: 46.11 mg\/Nm\u00b3<\/p>\n<\/li>\n<li data-start=\"1497\" data-end=\"1519\">\n<p data-start=\"1499\" data-end=\"1519\">NOx: 141.14 mg\/Nm\u00b3<\/p>\n<\/li>\n<\/ul>\n<p data-start=\"1521\" data-end=\"1682\">A f\u00fcstcs\u0151 csatlakoz\u00e1s <strong data-start=\"1543\" data-end=\"1562\">120 mm \u00e1tm\u00e9r\u0151j\u0171<\/strong>, balra vagy jobbra szerelhet\u0151. A kompakt m\u00e9retek (865x810x595 mm) lehet\u0151v\u00e9 teszik a k\u00f6nny\u0171 be\u00e9p\u00edt\u00e9st kisebb terekbe is.<\/p>\n<p data-start=\"1684\" data-end=\"1838\" data-is-last-node=\"\" data-is-only-node=\"\">A <strong data-start=\"0\" data-end=\"108\">Grand B fat\u00fczel\u00e9s\u0171 k\u00f6zponti sparhelt<\/strong>\u00a0ide\u00e1lis v\u00e1laszt\u00e1s vid\u00e9ki otthonokba, nyaral\u00f3kba vagy b\u00e1rhov\u00e1, ahol fontos az \u00f6n\u00e1ll\u00f3, gazdas\u00e1gos \u00e9s k\u00f6rnyezetk\u00edm\u00e9l\u0151 f\u0171t\u00e9s.<\/p>\n<h6>Sz\u00e1ll\u00edt\u00e1si hat\u00e1rid\u0151:<\/h6>\n<ul>\n<li><strong>Magyarorsz\u00e1g \u00e9s az eg\u00e9sz Eur\u00f3pai Uni\u00f3 ter\u00fclet\u00e9n<\/strong>\u00a0is sz\u00e1ll\u00edtjuk.<\/li>\n<li>Rom\u00e1ni\u00e1ba 2-3 munkanap alatt sz\u00e1ll\u00edtjuk<\/li>\n<li>Magyarorsz\u00e1gra \u00e9s az EU ter\u00fclet\u00e9re az \u00e1tutal\u00e1s ut\u00e1n 5 munkanapon bel\u00fcl \u00e9rkezik meg a term\u00e9k.<\/li>\n<\/ul>\n<p>Ha b\u00e1rmilyen k\u00e9rd\u00e9se van, k\u00e9rj\u00fck, l\u00e9pjen kapcsolatba vel\u00fcnk.<\/p>\n<p>Tov\u00e1bbi aj\u00e1nlatok\u00e9rt kattintson\u00a0<a href=\"https:\/\/esemineu.ro\/hu\/termek-kategoria\/fozokalyha-sparhelt-vagy-takarektuzhely\/\">ide<\/a><\/p>\n<p>T\u00f6bb inform\u00e1ci\u00f3\u00e9rt l\u00e1togasson el <a href=\"https:\/\/www.youtube.com\/@esemineuromania\">YouTube<\/a>-csatorn\u00e1nkra, valamint\u00a0<a href=\"https:\/\/www.facebook.com\/eSemineu\">Facebook<\/a>\u00a0\u00e9s\u00a0<a href=\"https:\/\/www.instagram.com\/esemineu\/\">Instagram<\/a>\u00a0oldalainkra.<\/p>\n<p><a href=\"https:\/\/esemineu.ro\/\">eSemineu.ro<\/a>\u00a0 \u00a0Te rakod a t\u00fczet mi adjuk a meleget!<\/p>\n","protected":false},"excerpt":{"rendered":"<p>Grand B fat\u00fczel\u00e9s\u0171 k\u00f6zponti sparhelt \u2013 12.05 kW, Ecodesign min\u0151s\u00edt\u00e9s\u0171 hat\u00e9konys\u00e1g \u00e9s sokoldal\u00fas\u00e1g A Grand B t\u00edpus\u00fa fat\u00fczel\u00e9s\u0171 k\u00f6zponti f\u0171t\u00e9ses t\u0171zhely kiv\u00e1l\u00f3 v\u00e1laszt\u00e1s azok sz\u00e1m\u00e1ra, akik egyes\u00edteni szeretn\u00e9k az otthoni f\u0171t\u00e9st a f\u0151z\u00e9s lehet\u0151s\u00e9g\u00e9vel. Ez a k\u00e9sz\u00fcl\u00e9k nem csup\u00e1n egy hagyom\u00e1nyos k\u00e1lyha \u2013 hanem egy sokoldal\u00fa, k\u00f6zponti f\u0171t\u00e9sre is alkalmas t\u0171zhely, amely megb\u00edzhat\u00f3 meleget \u00e9s k\u00e9nyelmes f\u0151z\u00e9si lehet\u0151s\u00e9get biztos\u00edt egyetlen megold\u00e1sban. A t\u0171zhely n\u00e9vleges teljes\u00edtm\u00e9nye 12.05 kW, amellyel ak\u00e1r 85 m\u00b2 alapter\u00fclet\u0171 otthon f\u0171t\u00e9se is hat\u00e9konyan megoldhat\u00f3. A be\u00e9p\u00edtett f\u0151z\u0151lap \u00e9s s\u00fct\u0151 r\u00e9v\u00e9n mindennapi f\u0151z\u00e9si feladatokra is kiv\u00e1l\u00f3. A s\u00fct\u0151 \u00e9s a f\u00fcstkivezet\u00e9s v\u00e1laszthat\u00f3an a bal vagy jobb oldalra is elhelyezhet\u0151, \u00edgy rugalmasan illeszthet\u0151 a konyha vagy nappali elrendez\u00e9s\u00e9hez. A 6 mm vastag ac\u00e9l f\u0151z\u0151lap hossz\u00fa \u00e9lettartamot \u00e9s kiv\u00e1l\u00f3 h\u0151tart\u00e1st biztos\u00edt. A t\u0171zhely hidraulikus teljes\u00edtm\u00e9nye 7.13 kW, m\u00edg a k\u00f6rnyezetbe sug\u00e1rzott h\u0151 4.92 kW, \u00edgy nemcsak radi\u00e1toros rendszert t\u00e1pl\u00e1lhat, hanem a helyis\u00e9get is k\u00f6zvetlen\u00fcl melegen tartja. Az \u00e1tlagos hat\u00e1sfok 85.29%, &hellip; <a href=\"https:\/\/esemineu.ro\/hu\/termek\/grand-b-fatuzelesu-kozponti-sparhelt-12-05-kw-ecodesign\/\">Folytatva<\/a><\/p>\n","protected":false},"featured_media":29886,"comment_status":"open","ping_status":"closed","template":"","meta":[],"product_brand":[2058],"product_cat":[747],"product_tag":[],"class_list":{"0":"post-29909","1":"product","2":"type-product","3":"status-publish","4":"has-post-thumbnail","6":"product_brand-evotools","7":"product_cat-fozokalyha-sparhelt-vagy-takarektuzhely","8":"product_shipping_class-fozokalyha-sparhelt","9":"pa_combustibil-utilizat-brikett","10":"pa_combustibil-utilizat-fa","11":"pa_diametru-racordului-la-cos-120-mm-hu","12":"pa_evacuare-fum-bal","13":"pa_evacuare-fum-jobb","14":"pa_model-sparhelt","15":"pa_randament-851-hu","16":"pa_suprafata-incalzita-mp-80-85-hu","17":"pa_utere-termica-in-circuit-hi-713kw-hu","19":"first","20":"onbackorder","21":"shipping-taxable","22":"purchasable","23":"product-type-variable"},"acf":[],"yoast_head":"<!-- This site is optimized with the Yoast SEO Premium plugin v21.0 (Yoast SEO v27.3) - https:\/\/yoast.com\/product\/yoast-seo-premium-wordpress\/ -->\n<title>Grand B fat\u00fczel\u00e9s\u0171 k\u00f6zponti sparhelt, 12.05 kW, Ecodesign - eSemineu<\/title>\n<meta name=\"description\" content=\"Grand B fat\u00fczel\u00e9s\u0171 k\u00f6zponti sparhelt 12.05 kW teljes\u00edtm\u00e9nnyel, f\u0151z\u0151lappal \u00e9s s\u00fct\u0151vel. Hat\u00e9kony f\u0171t\u00e9s, Ecodesign min\u0151s\u00edt\u00e9s, alacsony k\u00e1rosanyag-kibocs\u00e1t\u00e1s.\" \/>\n<meta name=\"robots\" content=\"index, follow, max-snippet:-1, max-image-preview:large, max-video-preview:-1\" \/>\n<link rel=\"canonical\" href=\"https:\/\/esemineu.ro\/hu\/termek\/grand-b-fatuzelesu-kozponti-sparhelt-12-05-kw-ecodesign\/\" \/>\n<meta property=\"og:locale\" content=\"hu_HU\" \/>\n<meta property=\"og:type\" content=\"article\" \/>\n<meta property=\"og:title\" content=\"Grand B fat\u00fczel\u00e9s\u0171 k\u00f6zponti sparhelt, 12.05 kW, Ecodesign - eSemineu\" \/>\n<meta property=\"og:description\" content=\"Grand B fat\u00fczel\u00e9s\u0171 k\u00f6zponti sparhelt 12.05 kW teljes\u00edtm\u00e9nnyel, f\u0151z\u0151lappal \u00e9s s\u00fct\u0151vel. Hat\u00e9kony f\u0171t\u00e9s, Ecodesign min\u0151s\u00edt\u00e9s, alacsony k\u00e1rosanyag-kibocs\u00e1t\u00e1s.\" \/>\n<meta property=\"og:url\" content=\"https:\/\/esemineu.ro\/hu\/termek\/grand-b-fatuzelesu-kozponti-sparhelt-12-05-kw-ecodesign\/\" \/>\n<meta property=\"og:site_name\" content=\"eSemineu\" \/>\n<meta property=\"article:publisher\" content=\"https:\/\/web.facebook.com\/eSemineu\" \/>\n<meta property=\"article:modified_time\" content=\"2025-07-14T10:53:27+00:00\" \/>\n<meta property=\"og:image\" content=\"https:\/\/esemineu.ro\/wp-content\/uploads\/2025\/07\/TIP-MINI-TIP-CENTRALA-LANDING-FR.jpg\" \/>\n\t<meta property=\"og:image:width\" content=\"1000\" \/>\n\t<meta property=\"og:image:height\" content=\"1000\" \/>\n\t<meta property=\"og:image:type\" content=\"image\/jpeg\" \/>\n<meta name=\"twitter:card\" content=\"summary_large_image\" \/>\n<meta name=\"twitter:label1\" content=\"Becs\u00fclt olvas\u00e1si id\u0151\" \/>\n\t<meta name=\"twitter:data1\" content=\"2 perc\" \/>\n<script type=\"application\/ld+json\" class=\"yoast-schema-graph\">{\"@context\":\"https:\\\/\\\/schema.org\",\"@graph\":[{\"@type\":\"WebPage\",\"@id\":\"https:\\\/\\\/esemineu.ro\\\/hu\\\/termek\\\/grand-b-fatuzelesu-kozponti-sparhelt-12-05-kw-ecodesign\\\/\",\"url\":\"https:\\\/\\\/esemineu.ro\\\/hu\\\/termek\\\/grand-b-fatuzelesu-kozponti-sparhelt-12-05-kw-ecodesign\\\/\",\"name\":\"Grand B fat\u00fczel\u00e9s\u0171 k\u00f6zponti sparhelt, 12.05 kW, Ecodesign - eSemineu\",\"isPartOf\":{\"@id\":\"https:\\\/\\\/esemineu.ro\\\/hu\\\/#website\"},\"primaryImageOfPage\":{\"@id\":\"https:\\\/\\\/esemineu.ro\\\/hu\\\/termek\\\/grand-b-fatuzelesu-kozponti-sparhelt-12-05-kw-ecodesign\\\/#primaryimage\"},\"image\":{\"@id\":\"https:\\\/\\\/esemineu.ro\\\/hu\\\/termek\\\/grand-b-fatuzelesu-kozponti-sparhelt-12-05-kw-ecodesign\\\/#primaryimage\"},\"thumbnailUrl\":\"https:\\\/\\\/esemineu.ro\\\/wp-content\\\/uploads\\\/2025\\\/07\\\/TIP-MINI-TIP-CENTRALA-LANDING-FR.jpg\",\"datePublished\":\"2025-07-14T10:27:56+00:00\",\"dateModified\":\"2025-07-14T10:53:27+00:00\",\"description\":\"Grand B fat\u00fczel\u00e9s\u0171 k\u00f6zponti sparhelt 12.05 kW teljes\u00edtm\u00e9nnyel, f\u0151z\u0151lappal \u00e9s s\u00fct\u0151vel. Hat\u00e9kony f\u0171t\u00e9s, Ecodesign min\u0151s\u00edt\u00e9s, alacsony k\u00e1rosanyag-kibocs\u00e1t\u00e1s.\",\"breadcrumb\":{\"@id\":\"https:\\\/\\\/esemineu.ro\\\/hu\\\/termek\\\/grand-b-fatuzelesu-kozponti-sparhelt-12-05-kw-ecodesign\\\/#breadcrumb\"},\"inLanguage\":\"hu\",\"potentialAction\":[{\"@type\":\"ReadAction\",\"target\":[\"https:\\\/\\\/esemineu.ro\\\/hu\\\/termek\\\/grand-b-fatuzelesu-kozponti-sparhelt-12-05-kw-ecodesign\\\/\"]}]},{\"@type\":\"ImageObject\",\"inLanguage\":\"hu\",\"@id\":\"https:\\\/\\\/esemineu.ro\\\/hu\\\/termek\\\/grand-b-fatuzelesu-kozponti-sparhelt-12-05-kw-ecodesign\\\/#primaryimage\",\"url\":\"https:\\\/\\\/esemineu.ro\\\/wp-content\\\/uploads\\\/2025\\\/07\\\/TIP-MINI-TIP-CENTRALA-LANDING-FR.jpg\",\"contentUrl\":\"https:\\\/\\\/esemineu.ro\\\/wp-content\\\/uploads\\\/2025\\\/07\\\/TIP-MINI-TIP-CENTRALA-LANDING-FR.jpg\",\"width\":1000,\"height\":1000,\"caption\":\"Sob\u0103 de G\u0103tit Tip Central\u0103\"},{\"@type\":\"BreadcrumbList\",\"@id\":\"https:\\\/\\\/esemineu.ro\\\/hu\\\/termek\\\/grand-b-fatuzelesu-kozponti-sparhelt-12-05-kw-ecodesign\\\/#breadcrumb\",\"itemListElement\":[{\"@type\":\"ListItem\",\"position\":1,\"name\":\"Kezd\u0151lap\",\"item\":\"https:\\\/\\\/esemineu.ro\\\/hu\\\/\"},{\"@type\":\"ListItem\",\"position\":2,\"name\":\"\u00c1ruh\u00e1z\",\"item\":\"https:\\\/\\\/esemineu.ro\\\/hu\\\/aruhaz\\\/\"},{\"@type\":\"ListItem\",\"position\":3,\"name\":\"Grand B fat\u00fczel\u00e9s\u0171 k\u00f6zponti sparhelt, 12.05 kW, Ecodesign\"}]},{\"@type\":\"WebSite\",\"@id\":\"https:\\\/\\\/esemineu.ro\\\/hu\\\/#website\",\"url\":\"https:\\\/\\\/esemineu.ro\\\/hu\\\/\",\"name\":\"eSemineu\",\"description\":\"\u0218eminee de cea mai \u00eenalt\u0103 calitate\",\"potentialAction\":[{\"@type\":\"SearchAction\",\"target\":{\"@type\":\"EntryPoint\",\"urlTemplate\":\"https:\\\/\\\/esemineu.ro\\\/hu\\\/?s={search_term_string}\"},\"query-input\":{\"@type\":\"PropertyValueSpecification\",\"valueRequired\":true,\"valueName\":\"search_term_string\"}}],\"inLanguage\":\"hu\"}]}<\/script>\n<!-- \/ Yoast SEO Premium plugin. -->","yoast_head_json":{"title":"Grand B fat\u00fczel\u00e9s\u0171 k\u00f6zponti sparhelt, 12.05 kW, Ecodesign - eSemineu","description":"Grand B fat\u00fczel\u00e9s\u0171 k\u00f6zponti sparhelt 12.05 kW teljes\u00edtm\u00e9nnyel, f\u0151z\u0151lappal \u00e9s s\u00fct\u0151vel. Hat\u00e9kony f\u0171t\u00e9s, Ecodesign min\u0151s\u00edt\u00e9s, alacsony k\u00e1rosanyag-kibocs\u00e1t\u00e1s.","robots":{"index":"index","follow":"follow","max-snippet":"max-snippet:-1","max-image-preview":"max-image-preview:large","max-video-preview":"max-video-preview:-1"},"canonical":"https:\/\/esemineu.ro\/hu\/termek\/grand-b-fatuzelesu-kozponti-sparhelt-12-05-kw-ecodesign\/","og_locale":"hu_HU","og_type":"article","og_title":"Grand B fat\u00fczel\u00e9s\u0171 k\u00f6zponti sparhelt, 12.05 kW, Ecodesign - eSemineu","og_description":"Grand B fat\u00fczel\u00e9s\u0171 k\u00f6zponti sparhelt 12.05 kW teljes\u00edtm\u00e9nnyel, f\u0151z\u0151lappal \u00e9s s\u00fct\u0151vel. Hat\u00e9kony f\u0171t\u00e9s, Ecodesign min\u0151s\u00edt\u00e9s, alacsony k\u00e1rosanyag-kibocs\u00e1t\u00e1s.","og_url":"https:\/\/esemineu.ro\/hu\/termek\/grand-b-fatuzelesu-kozponti-sparhelt-12-05-kw-ecodesign\/","og_site_name":"eSemineu","article_publisher":"https:\/\/web.facebook.com\/eSemineu","article_modified_time":"2025-07-14T10:53:27+00:00","og_image":[{"width":1000,"height":1000,"url":"https:\/\/esemineu.ro\/wp-content\/uploads\/2025\/07\/TIP-MINI-TIP-CENTRALA-LANDING-FR.jpg","type":"image\/jpeg"}],"twitter_card":"summary_large_image","twitter_misc":{"Becs\u00fclt olvas\u00e1si id\u0151":"2 perc"},"schema":{"@context":"https:\/\/schema.org","@graph":[{"@type":"WebPage","@id":"https:\/\/esemineu.ro\/hu\/termek\/grand-b-fatuzelesu-kozponti-sparhelt-12-05-kw-ecodesign\/","url":"https:\/\/esemineu.ro\/hu\/termek\/grand-b-fatuzelesu-kozponti-sparhelt-12-05-kw-ecodesign\/","name":"Grand B fat\u00fczel\u00e9s\u0171 k\u00f6zponti sparhelt, 12.05 kW, Ecodesign - eSemineu","isPartOf":{"@id":"https:\/\/esemineu.ro\/hu\/#website"},"primaryImageOfPage":{"@id":"https:\/\/esemineu.ro\/hu\/termek\/grand-b-fatuzelesu-kozponti-sparhelt-12-05-kw-ecodesign\/#primaryimage"},"image":{"@id":"https:\/\/esemineu.ro\/hu\/termek\/grand-b-fatuzelesu-kozponti-sparhelt-12-05-kw-ecodesign\/#primaryimage"},"thumbnailUrl":"https:\/\/esemineu.ro\/wp-content\/uploads\/2025\/07\/TIP-MINI-TIP-CENTRALA-LANDING-FR.jpg","datePublished":"2025-07-14T10:27:56+00:00","dateModified":"2025-07-14T10:53:27+00:00","description":"Grand B fat\u00fczel\u00e9s\u0171 k\u00f6zponti sparhelt 12.05 kW teljes\u00edtm\u00e9nnyel, f\u0151z\u0151lappal \u00e9s s\u00fct\u0151vel. Hat\u00e9kony f\u0171t\u00e9s, Ecodesign min\u0151s\u00edt\u00e9s, alacsony k\u00e1rosanyag-kibocs\u00e1t\u00e1s.","breadcrumb":{"@id":"https:\/\/esemineu.ro\/hu\/termek\/grand-b-fatuzelesu-kozponti-sparhelt-12-05-kw-ecodesign\/#breadcrumb"},"inLanguage":"hu","potentialAction":[{"@type":"ReadAction","target":["https:\/\/esemineu.ro\/hu\/termek\/grand-b-fatuzelesu-kozponti-sparhelt-12-05-kw-ecodesign\/"]}]},{"@type":"ImageObject","inLanguage":"hu","@id":"https:\/\/esemineu.ro\/hu\/termek\/grand-b-fatuzelesu-kozponti-sparhelt-12-05-kw-ecodesign\/#primaryimage","url":"https:\/\/esemineu.ro\/wp-content\/uploads\/2025\/07\/TIP-MINI-TIP-CENTRALA-LANDING-FR.jpg","contentUrl":"https:\/\/esemineu.ro\/wp-content\/uploads\/2025\/07\/TIP-MINI-TIP-CENTRALA-LANDING-FR.jpg","width":1000,"height":1000,"caption":"Sob\u0103 de G\u0103tit Tip Central\u0103"},{"@type":"BreadcrumbList","@id":"https:\/\/esemineu.ro\/hu\/termek\/grand-b-fatuzelesu-kozponti-sparhelt-12-05-kw-ecodesign\/#breadcrumb","itemListElement":[{"@type":"ListItem","position":1,"name":"Kezd\u0151lap","item":"https:\/\/esemineu.ro\/hu\/"},{"@type":"ListItem","position":2,"name":"\u00c1ruh\u00e1z","item":"https:\/\/esemineu.ro\/hu\/aruhaz\/"},{"@type":"ListItem","position":3,"name":"Grand B fat\u00fczel\u00e9s\u0171 k\u00f6zponti sparhelt, 12.05 kW, Ecodesign"}]},{"@type":"WebSite","@id":"https:\/\/esemineu.ro\/hu\/#website","url":"https:\/\/esemineu.ro\/hu\/","name":"eSemineu","description":"\u0218eminee de cea mai \u00eenalt\u0103 calitate","potentialAction":[{"@type":"SearchAction","target":{"@type":"EntryPoint","urlTemplate":"https:\/\/esemineu.ro\/hu\/?s={search_term_string}"},"query-input":{"@type":"PropertyValueSpecification","valueRequired":true,"valueName":"search_term_string"}}],"inLanguage":"hu"}]}},"_links":{"self":[{"href":"https:\/\/esemineu.ro\/hu\/wp-json\/wp\/v2\/product\/29909","targetHints":{"allow":["GET"]}}],"collection":[{"href":"https:\/\/esemineu.ro\/hu\/wp-json\/wp\/v2\/product"}],"about":[{"href":"https:\/\/esemineu.ro\/hu\/wp-json\/wp\/v2\/types\/product"}],"replies":[{"embeddable":true,"href":"https:\/\/esemineu.ro\/hu\/wp-json\/wp\/v2\/comments?post=29909"}],"wp:featuredmedia":[{"embeddable":true,"href":"https:\/\/esemineu.ro\/hu\/wp-json\/wp\/v2\/media\/29886"}],"wp:attachment":[{"href":"https:\/\/esemineu.ro\/hu\/wp-json\/wp\/v2\/media?parent=29909"}],"wp:term":[{"taxonomy":"product_brand","embeddable":true,"href":"https:\/\/esemineu.ro\/hu\/wp-json\/wp\/v2\/product_brand?post=29909"},{"taxonomy":"product_cat","embeddable":true,"href":"https:\/\/esemineu.ro\/hu\/wp-json\/wp\/v2\/product_cat?post=29909"},{"taxonomy":"product_tag","embeddable":true,"href":"https:\/\/esemineu.ro\/hu\/wp-json\/wp\/v2\/product_tag?post=29909"}],"curies":[{"name":"wp","href":"https:\/\/api.w.org\/{rel}","templated":true}]}}