{"id":29849,"date":"2025-07-09T12:02:12","date_gmt":"2025-07-09T10:02:12","guid":{"rendered":"https:\/\/esemineu.ro\/?post_type=product&#038;p=29849"},"modified":"2025-07-09T12:03:40","modified_gmt":"2025-07-09T10:03:40","slug":"egyretegu-rozsdamentes-acel-kondenzvizgyujto-fedel-d180-vulcano-05-mm-falvastagsaggal","status":"publish","type":"product","link":"https:\/\/esemineu.ro\/hu\/termek\/egyretegu-rozsdamentes-acel-kondenzvizgyujto-fedel-d180-vulcano-05-mm-falvastagsaggal\/","title":{"rendered":"Egyr\u00e9teg\u0171 rozsdamentes ac\u00e9l kondenzv\u00edzgy\u0171jt\u0151 fed\u00e9l, D180 VULCANO, 0,5 mm falvastags\u00e1ggal."},"content":{"rendered":"<h4>Egyr\u00e9teg\u0171 rozsdamentes ac\u00e9l kondenzv\u00edzgy\u0171jt\u0151 fed\u00e9l<\/h4>\n<p class=\"\" data-start=\"196\" data-end=\"291\"><strong data-start=\"196\" data-end=\"291\">Kondenzv\u00edzgy\u0171jt\u0151 fed\u00e9l D180 VULCANO \u2013 v\u00e9delem \u00e9s tisztas\u00e1g a f\u00fcstg\u00e1zelvezet\u0151 rendszer alj\u00e1n<\/strong><\/p>\n<p class=\"\" data-start=\"293\" data-end=\"468\">Ez az egyr\u00e9teg\u0171 rozsdamentes ac\u00e9l kondenzfed\u00e9l ide\u00e1lis v\u00e1laszt\u00e1s k\u00e9m\u00e9nyrendszerek als\u00f3 z\u00e1r\u00e1s\u00e1hoz.<br data-start=\"390\" data-end=\"393\" \/>A D180 mm \u00e1tm\u00e9r\u0151 t\u00f6k\u00e9letesen illeszkedik VULCANO rendszer\u0171 f\u00fcstcs\u00f6vekhez.<\/p>\n<p class=\"\" data-start=\"470\" data-end=\"631\">Kiv\u00e1l\u00f3 min\u0151s\u00e9g\u0171 AISI 304 rozsdamentes ac\u00e9lb\u00f3l k\u00e9sz\u00fcl, 0,5 mm falvastags\u00e1ggal.<br data-start=\"547\" data-end=\"550\" \/>Hat\u00e9konyan gy\u0171jti \u00f6ssze a kondenzvizet, amely a f\u00fcstg\u00e1z leh\u0171l\u00e9sekor keletkezik.<\/p>\n<p class=\"\" data-start=\"633\" data-end=\"790\">Megakad\u00e1lyozza a nedvess\u00e9g visszajut\u00e1s\u00e1t a f\u00fcstcs\u0151be \u00e9s a f\u0171t\u0151berendez\u00e9sbe.<br data-start=\"708\" data-end=\"711\" \/>Hossz\u00fa t\u00e1von v\u00e9di a rendszer t\u00f6bbi r\u00e9sz\u00e9t a korr\u00f3zi\u00f3t\u00f3l \u00e9s szennyez\u0151d\u00e9sekt\u0151l.<\/p>\n<p class=\"\" data-start=\"792\" data-end=\"933\">K\u00f6nnyen telep\u00edthet\u0151, megb\u00edzhat\u00f3 z\u00e1r\u00e1st biztos\u00edt, karbantart\u00e1sa egyszer\u0171.<br data-start=\"864\" data-end=\"867\" \/>Haszn\u00e1lhat\u00f3 kaz\u00e1nokhoz, kandall\u00f3khoz, cser\u00e9pk\u00e1lyh\u00e1khoz egyar\u00e1nt.<\/p>\n<p class=\"\" data-start=\"935\" data-end=\"1050\"><strong data-start=\"935\" data-end=\"986\">V\u00e1laszd a D180 VULCANO kondenzv\u00edzgy\u0171jt\u0151 fedelet<\/strong>, ha biztos v\u00e9delemre \u00e9s sz\u00e1raz, tiszta m\u0171k\u00f6d\u00e9sre van sz\u00fcks\u00e9ged.<\/p>\n<p>Sz\u00e1ll\u00edt\u00e1si hat\u00e1rid\u0151:<\/p>\n<ul>\n<li><strong>Magyarorsz\u00e1g \u00e9s az eg\u00e9sz Eur\u00f3pai Uni\u00f3 ter\u00fclet\u00e9n<\/strong>\u00a0is sz\u00e1ll\u00edtjuk.<\/li>\n<li>Rom\u00e1ni\u00e1ba 2-3 munkanap alatt sz\u00e1ll\u00edtjuk<\/li>\n<li>Magyarorsz\u00e1gra es az EU ter\u00fclet\u00e9re az \u00e1tutal\u00e1s ut\u00e1n 5 munkanapon bel\u00fcl \u00e9rkezik meg a term\u00e9k.<\/li>\n<\/ul>\n<p>B\u00edzunk benne, hogy el\u00e9gedett lesz az Egyr\u00e9teg\u0171 rozsdamentes ac\u00e9l kondenzv\u00edzgy\u0171jt\u0151 fed\u00e9l term\u00e9kkel. Ha b\u00e1rmilyen k\u00e9rd\u00e9se van, k\u00e9rj\u00fck, l\u00e9pjen kapcsolatba vel\u00fcnk.<\/p>\n<p>Tov\u00e1bbi aj\u00e1nlatok\u00e9rt kattintson\u00a0<a href=\"https:\/\/esemineu.ro\/hu\/termek-kategoria\/fustcsovek\/\">ide<\/a><\/p>\n<p>T\u0151bb inform\u00e1ci\u00f3\u00e9rt l\u00e1togasson el\u00a0<a href=\"https:\/\/www.youtube.com\/@esemineuromania\">YouTube<\/a>-csatorn\u00e1nkra, valamint\u00a0<a href=\"https:\/\/www.facebook.com\/eSemineu\">Facebook<\/a>\u00a0\u00e9s\u00a0<a href=\"https:\/\/www.instagram.com\/esemineu\/\">Instagram<\/a>\u00a0oldalainkra.<\/p>\n<p><a href=\"https:\/\/esemineu.ro\/\">eSemineu.ro<\/a>\u00a0 \u00a0Te adod a t\u0171zet mi adjuk a meleget!<\/p>\n","protected":false},"excerpt":{"rendered":"<p>Egyr\u00e9teg\u0171 rozsdamentes ac\u00e9l kondenzv\u00edzgy\u0171jt\u0151 fed\u00e9l Kondenzv\u00edzgy\u0171jt\u0151 fed\u00e9l D180 VULCANO \u2013 v\u00e9delem \u00e9s tisztas\u00e1g a f\u00fcstg\u00e1zelvezet\u0151 rendszer alj\u00e1n Ez az egyr\u00e9teg\u0171 rozsdamentes ac\u00e9l kondenzfed\u00e9l ide\u00e1lis v\u00e1laszt\u00e1s k\u00e9m\u00e9nyrendszerek als\u00f3 z\u00e1r\u00e1s\u00e1hoz.A D180 mm \u00e1tm\u00e9r\u0151 t\u00f6k\u00e9letesen illeszkedik VULCANO rendszer\u0171 f\u00fcstcs\u00f6vekhez. Kiv\u00e1l\u00f3 min\u0151s\u00e9g\u0171 AISI 304 rozsdamentes ac\u00e9lb\u00f3l k\u00e9sz\u00fcl, 0,5 mm falvastags\u00e1ggal.Hat\u00e9konyan gy\u0171jti \u00f6ssze a kondenzvizet, amely a f\u00fcstg\u00e1z leh\u0171l\u00e9sekor keletkezik. Megakad\u00e1lyozza a nedvess\u00e9g visszajut\u00e1s\u00e1t a f\u00fcstcs\u0151be \u00e9s a f\u0171t\u0151berendez\u00e9sbe.Hossz\u00fa t\u00e1von v\u00e9di a rendszer t\u00f6bbi r\u00e9sz\u00e9t a korr\u00f3zi\u00f3t\u00f3l \u00e9s szennyez\u0151d\u00e9sekt\u0151l. K\u00f6nnyen telep\u00edthet\u0151, megb\u00edzhat\u00f3 z\u00e1r\u00e1st biztos\u00edt, karbantart\u00e1sa egyszer\u0171.Haszn\u00e1lhat\u00f3 kaz\u00e1nokhoz, kandall\u00f3khoz, cser\u00e9pk\u00e1lyh\u00e1khoz egyar\u00e1nt. V\u00e1laszd a D180 VULCANO kondenzv\u00edzgy\u0171jt\u0151 fedelet, ha biztos v\u00e9delemre \u00e9s sz\u00e1raz, tiszta m\u0171k\u00f6d\u00e9sre van sz\u00fcks\u00e9ged. Sz\u00e1ll\u00edt\u00e1si hat\u00e1rid\u0151: Magyarorsz\u00e1g \u00e9s az eg\u00e9sz Eur\u00f3pai Uni\u00f3 ter\u00fclet\u00e9n\u00a0is sz\u00e1ll\u00edtjuk. Rom\u00e1ni\u00e1ba 2-3 munkanap alatt sz\u00e1ll\u00edtjuk Magyarorsz\u00e1gra es az EU ter\u00fclet\u00e9re az \u00e1tutal\u00e1s ut\u00e1n 5 munkanapon bel\u00fcl \u00e9rkezik meg a term\u00e9k. B\u00edzunk benne, hogy el\u00e9gedett lesz az Egyr\u00e9teg\u0171 rozsdamentes ac\u00e9l kondenzv\u00edzgy\u0171jt\u0151 fed\u00e9l term\u00e9kkel. Ha b\u00e1rmilyen k\u00e9rd\u00e9se van, k\u00e9rj\u00fck, l\u00e9pjen kapcsolatba vel\u00fcnk. &hellip; <a href=\"https:\/\/esemineu.ro\/hu\/termek\/egyretegu-rozsdamentes-acel-kondenzvizgyujto-fedel-d180-vulcano-05-mm-falvastagsaggal\/\">Folytatva<\/a><\/p>\n","protected":false},"featured_media":29182,"comment_status":"open","ping_status":"closed","template":"","meta":[],"product_brand":[1572],"product_cat":[1473,779,1472],"product_tag":[],"class_list":{"0":"post-29849","1":"product","2":"type-product","3":"status-publish","4":"has-post-thumbnail","6":"product_brand-pro-invest","7":"product_cat-120-szigetelt","8":"product_cat-fustcsovek","9":"product_cat-rozsdamentes-szigetelt-kemeny","10":"product_shipping_class-fustcsovek","11":"pa_culoare-fenyes-rozsdamentes-acel-hu","12":"pa_material-rozsdamentes-acel-hu","14":"first","15":"instock","16":"shipping-taxable","17":"purchasable","18":"product-type-simple"},"acf":[],"yoast_head":"<!-- This site is optimized with the Yoast SEO Premium plugin v21.0 (Yoast SEO v27.3) - https:\/\/yoast.com\/product\/yoast-seo-premium-wordpress\/ -->\n<title>Egyr\u00e9teg\u0171 rozsdamentes ac\u00e9l kondenzv\u00edzgy\u0171jt\u0151 fed\u00e9l, D180<\/title>\n<meta name=\"description\" content=\"Egyr\u00e9teg\u0171 rozsdamentes ac\u00e9l kondenzv\u00edzgy\u0171jt\u0151 fed\u00e9l D180 VULCANO, 0,5 mm. Megb\u00edzhat\u00f3 v\u00e9delem f\u00fcstcs\u00f6vek als\u00f3 lez\u00e1r\u00e1s\u00e1hoz \u00e9s kondenzv\u00edz elvezet\u00e9s\u00e9hez.\" \/>\n<meta name=\"robots\" content=\"index, follow, max-snippet:-1, max-image-preview:large, max-video-preview:-1\" \/>\n<link rel=\"canonical\" href=\"https:\/\/esemineu.ro\/hu\/termek\/egyretegu-rozsdamentes-acel-kondenzvizgyujto-fedel-d180-vulcano-05-mm-falvastagsaggal\/\" \/>\n<meta property=\"og:locale\" content=\"hu_HU\" \/>\n<meta property=\"og:type\" content=\"article\" \/>\n<meta property=\"og:title\" content=\"Egyr\u00e9teg\u0171 rozsdamentes ac\u00e9l kondenzv\u00edzgy\u0171jt\u0151 fed\u00e9l, D180\" \/>\n<meta property=\"og:description\" content=\"Egyr\u00e9teg\u0171 rozsdamentes ac\u00e9l kondenzv\u00edzgy\u0171jt\u0151 fed\u00e9l D180 VULCANO, 0,5 mm. Megb\u00edzhat\u00f3 v\u00e9delem f\u00fcstcs\u00f6vek als\u00f3 lez\u00e1r\u00e1s\u00e1hoz \u00e9s kondenzv\u00edz elvezet\u00e9s\u00e9hez.\" \/>\n<meta property=\"og:url\" content=\"https:\/\/esemineu.ro\/hu\/termek\/egyretegu-rozsdamentes-acel-kondenzvizgyujto-fedel-d180-vulcano-05-mm-falvastagsaggal\/\" \/>\n<meta property=\"og:site_name\" content=\"eSemineu\" \/>\n<meta property=\"article:publisher\" content=\"https:\/\/web.facebook.com\/eSemineu\" \/>\n<meta property=\"article:modified_time\" content=\"2025-07-09T10:03:40+00:00\" \/>\n<meta property=\"og:image\" content=\"https:\/\/esemineu.ro\/wp-content\/uploads\/2025\/05\/mare_1_FAA25271.jpg\" \/>\n\t<meta property=\"og:image:width\" content=\"800\" \/>\n\t<meta property=\"og:image:height\" content=\"800\" \/>\n\t<meta property=\"og:image:type\" content=\"image\/jpeg\" \/>\n<meta name=\"twitter:card\" content=\"summary_large_image\" \/>\n<meta name=\"twitter:label1\" content=\"Becs\u00fclt olvas\u00e1si id\u0151\" \/>\n\t<meta name=\"twitter:data1\" content=\"2 perc\" \/>\n<script type=\"application\/ld+json\" class=\"yoast-schema-graph\">{\"@context\":\"https:\\\/\\\/schema.org\",\"@graph\":[{\"@type\":\"WebPage\",\"@id\":\"https:\\\/\\\/esemineu.ro\\\/hu\\\/termek\\\/egyretegu-rozsdamentes-acel-kondenzvizgyujto-fedel-d180-vulcano-05-mm-falvastagsaggal\\\/\",\"url\":\"https:\\\/\\\/esemineu.ro\\\/hu\\\/termek\\\/egyretegu-rozsdamentes-acel-kondenzvizgyujto-fedel-d180-vulcano-05-mm-falvastagsaggal\\\/\",\"name\":\"Egyr\u00e9teg\u0171 rozsdamentes ac\u00e9l kondenzv\u00edzgy\u0171jt\u0151 fed\u00e9l, D180\",\"isPartOf\":{\"@id\":\"https:\\\/\\\/esemineu.ro\\\/hu\\\/#website\"},\"primaryImageOfPage\":{\"@id\":\"https:\\\/\\\/esemineu.ro\\\/hu\\\/termek\\\/egyretegu-rozsdamentes-acel-kondenzvizgyujto-fedel-d180-vulcano-05-mm-falvastagsaggal\\\/#primaryimage\"},\"image\":{\"@id\":\"https:\\\/\\\/esemineu.ro\\\/hu\\\/termek\\\/egyretegu-rozsdamentes-acel-kondenzvizgyujto-fedel-d180-vulcano-05-mm-falvastagsaggal\\\/#primaryimage\"},\"thumbnailUrl\":\"https:\\\/\\\/esemineu.ro\\\/wp-content\\\/uploads\\\/2025\\\/05\\\/mare_1_FAA25271.jpg\",\"datePublished\":\"2025-07-09T10:02:12+00:00\",\"dateModified\":\"2025-07-09T10:03:40+00:00\",\"description\":\"Egyr\u00e9teg\u0171 rozsdamentes ac\u00e9l kondenzv\u00edzgy\u0171jt\u0151 fed\u00e9l D180 VULCANO, 0,5 mm. Megb\u00edzhat\u00f3 v\u00e9delem f\u00fcstcs\u00f6vek als\u00f3 lez\u00e1r\u00e1s\u00e1hoz \u00e9s kondenzv\u00edz elvezet\u00e9s\u00e9hez.\",\"breadcrumb\":{\"@id\":\"https:\\\/\\\/esemineu.ro\\\/hu\\\/termek\\\/egyretegu-rozsdamentes-acel-kondenzvizgyujto-fedel-d180-vulcano-05-mm-falvastagsaggal\\\/#breadcrumb\"},\"inLanguage\":\"hu\",\"potentialAction\":[{\"@type\":\"ReadAction\",\"target\":[\"https:\\\/\\\/esemineu.ro\\\/hu\\\/termek\\\/egyretegu-rozsdamentes-acel-kondenzvizgyujto-fedel-d180-vulcano-05-mm-falvastagsaggal\\\/\"]}]},{\"@type\":\"ImageObject\",\"inLanguage\":\"hu\",\"@id\":\"https:\\\/\\\/esemineu.ro\\\/hu\\\/termek\\\/egyretegu-rozsdamentes-acel-kondenzvizgyujto-fedel-d180-vulcano-05-mm-falvastagsaggal\\\/#primaryimage\",\"url\":\"https:\\\/\\\/esemineu.ro\\\/wp-content\\\/uploads\\\/2025\\\/05\\\/mare_1_FAA25271.jpg\",\"contentUrl\":\"https:\\\/\\\/esemineu.ro\\\/wp-content\\\/uploads\\\/2025\\\/05\\\/mare_1_FAA25271.jpg\",\"width\":800,\"height\":800},{\"@type\":\"BreadcrumbList\",\"@id\":\"https:\\\/\\\/esemineu.ro\\\/hu\\\/termek\\\/egyretegu-rozsdamentes-acel-kondenzvizgyujto-fedel-d180-vulcano-05-mm-falvastagsaggal\\\/#breadcrumb\",\"itemListElement\":[{\"@type\":\"ListItem\",\"position\":1,\"name\":\"Kezd\u0151lap\",\"item\":\"https:\\\/\\\/esemineu.ro\\\/hu\\\/\"},{\"@type\":\"ListItem\",\"position\":2,\"name\":\"\u00c1ruh\u00e1z\",\"item\":\"https:\\\/\\\/esemineu.ro\\\/hu\\\/aruhaz\\\/\"},{\"@type\":\"ListItem\",\"position\":3,\"name\":\"Egyr\u00e9teg\u0171 rozsdamentes ac\u00e9l kondenzv\u00edzgy\u0171jt\u0151 fed\u00e9l, D180 VULCANO, 0,5 mm falvastags\u00e1ggal.\"}]},{\"@type\":\"WebSite\",\"@id\":\"https:\\\/\\\/esemineu.ro\\\/hu\\\/#website\",\"url\":\"https:\\\/\\\/esemineu.ro\\\/hu\\\/\",\"name\":\"eSemineu\",\"description\":\"\u0218eminee de cea mai \u00eenalt\u0103 calitate\",\"potentialAction\":[{\"@type\":\"SearchAction\",\"target\":{\"@type\":\"EntryPoint\",\"urlTemplate\":\"https:\\\/\\\/esemineu.ro\\\/hu\\\/?s={search_term_string}\"},\"query-input\":{\"@type\":\"PropertyValueSpecification\",\"valueRequired\":true,\"valueName\":\"search_term_string\"}}],\"inLanguage\":\"hu\"}]}<\/script>\n<!-- \/ Yoast SEO Premium plugin. -->","yoast_head_json":{"title":"Egyr\u00e9teg\u0171 rozsdamentes ac\u00e9l kondenzv\u00edzgy\u0171jt\u0151 fed\u00e9l, D180","description":"Egyr\u00e9teg\u0171 rozsdamentes ac\u00e9l kondenzv\u00edzgy\u0171jt\u0151 fed\u00e9l D180 VULCANO, 0,5 mm. Megb\u00edzhat\u00f3 v\u00e9delem f\u00fcstcs\u00f6vek als\u00f3 lez\u00e1r\u00e1s\u00e1hoz \u00e9s kondenzv\u00edz elvezet\u00e9s\u00e9hez.","robots":{"index":"index","follow":"follow","max-snippet":"max-snippet:-1","max-image-preview":"max-image-preview:large","max-video-preview":"max-video-preview:-1"},"canonical":"https:\/\/esemineu.ro\/hu\/termek\/egyretegu-rozsdamentes-acel-kondenzvizgyujto-fedel-d180-vulcano-05-mm-falvastagsaggal\/","og_locale":"hu_HU","og_type":"article","og_title":"Egyr\u00e9teg\u0171 rozsdamentes ac\u00e9l kondenzv\u00edzgy\u0171jt\u0151 fed\u00e9l, D180","og_description":"Egyr\u00e9teg\u0171 rozsdamentes ac\u00e9l kondenzv\u00edzgy\u0171jt\u0151 fed\u00e9l D180 VULCANO, 0,5 mm. Megb\u00edzhat\u00f3 v\u00e9delem f\u00fcstcs\u00f6vek als\u00f3 lez\u00e1r\u00e1s\u00e1hoz \u00e9s kondenzv\u00edz elvezet\u00e9s\u00e9hez.","og_url":"https:\/\/esemineu.ro\/hu\/termek\/egyretegu-rozsdamentes-acel-kondenzvizgyujto-fedel-d180-vulcano-05-mm-falvastagsaggal\/","og_site_name":"eSemineu","article_publisher":"https:\/\/web.facebook.com\/eSemineu","article_modified_time":"2025-07-09T10:03:40+00:00","og_image":[{"width":800,"height":800,"url":"https:\/\/esemineu.ro\/wp-content\/uploads\/2025\/05\/mare_1_FAA25271.jpg","type":"image\/jpeg"}],"twitter_card":"summary_large_image","twitter_misc":{"Becs\u00fclt olvas\u00e1si id\u0151":"2 perc"},"schema":{"@context":"https:\/\/schema.org","@graph":[{"@type":"WebPage","@id":"https:\/\/esemineu.ro\/hu\/termek\/egyretegu-rozsdamentes-acel-kondenzvizgyujto-fedel-d180-vulcano-05-mm-falvastagsaggal\/","url":"https:\/\/esemineu.ro\/hu\/termek\/egyretegu-rozsdamentes-acel-kondenzvizgyujto-fedel-d180-vulcano-05-mm-falvastagsaggal\/","name":"Egyr\u00e9teg\u0171 rozsdamentes ac\u00e9l kondenzv\u00edzgy\u0171jt\u0151 fed\u00e9l, D180","isPartOf":{"@id":"https:\/\/esemineu.ro\/hu\/#website"},"primaryImageOfPage":{"@id":"https:\/\/esemineu.ro\/hu\/termek\/egyretegu-rozsdamentes-acel-kondenzvizgyujto-fedel-d180-vulcano-05-mm-falvastagsaggal\/#primaryimage"},"image":{"@id":"https:\/\/esemineu.ro\/hu\/termek\/egyretegu-rozsdamentes-acel-kondenzvizgyujto-fedel-d180-vulcano-05-mm-falvastagsaggal\/#primaryimage"},"thumbnailUrl":"https:\/\/esemineu.ro\/wp-content\/uploads\/2025\/05\/mare_1_FAA25271.jpg","datePublished":"2025-07-09T10:02:12+00:00","dateModified":"2025-07-09T10:03:40+00:00","description":"Egyr\u00e9teg\u0171 rozsdamentes ac\u00e9l kondenzv\u00edzgy\u0171jt\u0151 fed\u00e9l D180 VULCANO, 0,5 mm. Megb\u00edzhat\u00f3 v\u00e9delem f\u00fcstcs\u00f6vek als\u00f3 lez\u00e1r\u00e1s\u00e1hoz \u00e9s kondenzv\u00edz elvezet\u00e9s\u00e9hez.","breadcrumb":{"@id":"https:\/\/esemineu.ro\/hu\/termek\/egyretegu-rozsdamentes-acel-kondenzvizgyujto-fedel-d180-vulcano-05-mm-falvastagsaggal\/#breadcrumb"},"inLanguage":"hu","potentialAction":[{"@type":"ReadAction","target":["https:\/\/esemineu.ro\/hu\/termek\/egyretegu-rozsdamentes-acel-kondenzvizgyujto-fedel-d180-vulcano-05-mm-falvastagsaggal\/"]}]},{"@type":"ImageObject","inLanguage":"hu","@id":"https:\/\/esemineu.ro\/hu\/termek\/egyretegu-rozsdamentes-acel-kondenzvizgyujto-fedel-d180-vulcano-05-mm-falvastagsaggal\/#primaryimage","url":"https:\/\/esemineu.ro\/wp-content\/uploads\/2025\/05\/mare_1_FAA25271.jpg","contentUrl":"https:\/\/esemineu.ro\/wp-content\/uploads\/2025\/05\/mare_1_FAA25271.jpg","width":800,"height":800},{"@type":"BreadcrumbList","@id":"https:\/\/esemineu.ro\/hu\/termek\/egyretegu-rozsdamentes-acel-kondenzvizgyujto-fedel-d180-vulcano-05-mm-falvastagsaggal\/#breadcrumb","itemListElement":[{"@type":"ListItem","position":1,"name":"Kezd\u0151lap","item":"https:\/\/esemineu.ro\/hu\/"},{"@type":"ListItem","position":2,"name":"\u00c1ruh\u00e1z","item":"https:\/\/esemineu.ro\/hu\/aruhaz\/"},{"@type":"ListItem","position":3,"name":"Egyr\u00e9teg\u0171 rozsdamentes ac\u00e9l kondenzv\u00edzgy\u0171jt\u0151 fed\u00e9l, D180 VULCANO, 0,5 mm falvastags\u00e1ggal."}]},{"@type":"WebSite","@id":"https:\/\/esemineu.ro\/hu\/#website","url":"https:\/\/esemineu.ro\/hu\/","name":"eSemineu","description":"\u0218eminee de cea mai \u00eenalt\u0103 calitate","potentialAction":[{"@type":"SearchAction","target":{"@type":"EntryPoint","urlTemplate":"https:\/\/esemineu.ro\/hu\/?s={search_term_string}"},"query-input":{"@type":"PropertyValueSpecification","valueRequired":true,"valueName":"search_term_string"}}],"inLanguage":"hu"}]}},"_links":{"self":[{"href":"https:\/\/esemineu.ro\/hu\/wp-json\/wp\/v2\/product\/29849","targetHints":{"allow":["GET"]}}],"collection":[{"href":"https:\/\/esemineu.ro\/hu\/wp-json\/wp\/v2\/product"}],"about":[{"href":"https:\/\/esemineu.ro\/hu\/wp-json\/wp\/v2\/types\/product"}],"replies":[{"embeddable":true,"href":"https:\/\/esemineu.ro\/hu\/wp-json\/wp\/v2\/comments?post=29849"}],"wp:featuredmedia":[{"embeddable":true,"href":"https:\/\/esemineu.ro\/hu\/wp-json\/wp\/v2\/media\/29182"}],"wp:attachment":[{"href":"https:\/\/esemineu.ro\/hu\/wp-json\/wp\/v2\/media?parent=29849"}],"wp:term":[{"taxonomy":"product_brand","embeddable":true,"href":"https:\/\/esemineu.ro\/hu\/wp-json\/wp\/v2\/product_brand?post=29849"},{"taxonomy":"product_cat","embeddable":true,"href":"https:\/\/esemineu.ro\/hu\/wp-json\/wp\/v2\/product_cat?post=29849"},{"taxonomy":"product_tag","embeddable":true,"href":"https:\/\/esemineu.ro\/hu\/wp-json\/wp\/v2\/product_tag?post=29849"}],"curies":[{"name":"wp","href":"https:\/\/api.w.org\/{rel}","templated":true}]}}