{"id":29846,"date":"2025-07-09T11:51:11","date_gmt":"2025-07-09T09:51:11","guid":{"rendered":"https:\/\/esemineu.ro\/?post_type=product&#038;p=29846"},"modified":"2025-07-09T11:53:43","modified_gmt":"2025-07-09T09:53:43","slug":"rozsdamentes-szigetelt-t-alaku-fustcso-dp-90-d120-180-eco-0-5mm","status":"publish","type":"product","link":"https:\/\/esemineu.ro\/hu\/termek\/rozsdamentes-szigetelt-t-alaku-fustcso-dp-90-d120-180-eco-0-5mm\/","title":{"rendered":"Rozsdamentes szigetelt T alak\u00fa f\u00fcstcs\u0151, DP 90 D120\/180, ECO 0.5MM"},"content":{"rendered":"<p>Rozsdamentes szigetelt T alak\u00fa f\u00fcstcs\u0151<\/p>\n<p>Ez egy m\u00e9retdimenzi\u00f3s elem, amely hozz\u00e1j\u00e1rul a sz\u00fcks\u00e9ges k\u00e9m\u00e9nymagass\u00e1g el\u00e9r\u00e9s\u00e9hez a huzat megval\u00f3s\u00edt\u00e1sa \u00e9rdek\u00e9ben.<\/p>\n<p>A kapcsolat m\u00e1s elemekkel biztons\u00e1gos illeszt\u00e9si rendszeren kereszt\u00fcl val\u00f3sul meg a csatlakoz\u00f3 bilincs seg\u00edts\u00e9g\u00e9vel.<\/p>\n<p>A PRO INVEST a min\u0151s\u00e9get v\u00e1lasztotta az \u00d6n sz\u00e1m\u00e1ra. Elhat\u00e1rozt\u00e1k, hogy a legmagasabb min\u0151s\u00e9gi szint\u0171 term\u00e9keket hozz\u00e1k el \u00d6nnek, hogy biztons\u00e1gban \u00e9rezhesse mag\u00e1t a PRO INVEST mellett. A gy\u00e1rtott term\u00e9kek az \u00e9rv\u00e9nyben l\u00e9v\u0151 eur\u00f3pai \u00e9s nemzetk\u00f6zi szabv\u00e1nyoknak megfelel\u0151en vannak tan\u00fas\u00edtva. Az inoxb\u00f3l k\u00e9sz\u00fclt szigetelt k\u00e9m\u00e9nyek, a csatlakoz\u00f3 elemek \u00e9s a k\u00edn\u00e1latukban l\u00e9v\u0151 kieg\u00e9sz\u00edt\u0151k \u00fagy vannak kialak\u00edtva, hogy biztons\u00e1got \u00e9s k\u00e9nyelmet hozzanak az \u00d6n otthon\u00e1ba. A k\u00e9m\u00e9nytervez\u00e9sben \u00d6n mellett \u00e1ll\u00f3 szak\u00e9rt\u0151i csapatokkal egy\u00fctt a PRO INVEST az \u00d6n \u00e9s csal\u00e1dja nyugalm\u00e1t szolg\u00e1lja.<\/p>\n<p>Az ECO sorozat\u00fa k\u00e9m\u00e9nyrendszerek az SR EN 1856-1 T450-N1-W-Vm-L20-050-G-30 szerint tan\u00fas\u00edtott term\u00e9kek. Szil\u00e1rd, foly\u00e9kony vagy g\u00e1z halmaz\u00e1llapot\u00fa t\u00fczel\u0151anyagokkal m\u0171k\u00f6d\u0151 t\u00fczel\u0151berendez\u00e9sekb\u0151l sz\u00e1rmaz\u00f3 \u00e9g\u00e9sterm\u00e9kek elvezet\u00e9s\u00e9re szolg\u00e1lnak. Az elemek \u00f6sszekapcsol\u00e1sa az \u201eanya-apa\u201d t\u00edpus\u00fa cs\u0151illeszt\u00e9ssel t\u00f6rt\u00e9nik.<\/p>\n<h4>Term\u00e9kle\u00edr\u00e1s:<\/h4>\n<p><strong>Esemineu.ro<\/strong> k\u00edn\u00e1lata most b\u0151v\u00fclt egy \u00fajabb kiv\u00e1l\u00f3 term\u00e9kkel, a <strong>Rozsdamentes szigetelt T alak\u00fa f\u00fcstcs\u0151vel, DP 90 D120\/180, ECO 0.5MM<\/strong>-mel. Ez a speci\u00e1lis f\u00fcstcs\u0151 kifejezetten azok sz\u00e1m\u00e1ra k\u00e9sz\u00fclt, akik a hat\u00e9konys\u00e1got \u00e9s a min\u0151s\u00e9get keresik k\u00e9m\u00e9nyrendszer\u00fck r\u00e9szek\u00e9nt. A <strong>bels\u0151 \u00e1tm\u00e9r\u0151 120 mm<\/strong> \u00e9s a <strong>k\u00fcls\u0151 \u00e1tm\u00e9r\u0151 180 mm<\/strong> t\u00f6k\u00e9letes m\u00e9retet biztos\u00edt a legt\u00f6bb standard k\u00e9m\u00e9nycsatlakoz\u00e1shoz.<\/p>\n<p>Az <strong>inox (rozsdamentes ac\u00e9l) anyag<\/strong> \u00e9s a <strong>0,5mm anyagvastags\u00e1g<\/strong> egy\u00fcttesen garant\u00e1lj\u00e1k a term\u00e9k tart\u00f3ss\u00e1g\u00e1t \u00e9s ellen\u00e1ll\u00f3 k\u00e9pess\u00e9g\u00e9t a korr\u00f3zi\u00f3val szemben. A <strong>35 mm szigetel\u00e9s vastags\u00e1g<\/strong> nem csak az energiavesztes\u00e9get minimaliz\u00e1lja, de hozz\u00e1j\u00e1rul a f\u00fcstg\u00e1zok optim\u00e1lis h\u0151m\u00e9rs\u00e9klet\u00e9nek fenntart\u00e1s\u00e1hoz is, jav\u00edtva ezzel a k\u00e9m\u00e9ny huzat\u00e1t.<\/p>\n<p>A <strong>f\u00e9nyes inox<\/strong> sz\u00edn nem csak eszt\u00e9tikailag vonz\u00f3, hanem k\u00f6nnyen tiszt\u00edthat\u00f3 \u00e9s karbantarthat\u00f3 fel\u00fcletet is biztos\u00edt, amely \u00e9veken \u00e1t meg\u0151rzi f\u00e9ny\u00e9t \u00e9s min\u0151s\u00e9g\u00e9t. <strong>Esemineu.ro<\/strong> <strong>2 \u00e9v garanci\u00e1t<\/strong> k\u00edn\u00e1l erre a term\u00e9kre, ami bizony\u00edtja az elk\u00f6telezetts\u00e9g\u00fcket a magas min\u0151s\u00e9g \u00e9s a v\u00e1s\u00e1rl\u00f3i el\u00e9gedetts\u00e9g mellett.<\/p>\n<p>Ez a <strong>Rozsdamentes szigetelt T alak\u00fa f\u00fcstcs\u0151<\/strong> ide\u00e1lis v\u00e1laszt\u00e1s azok sz\u00e1m\u00e1ra, akik egy megb\u00edzhat\u00f3, energiatakar\u00e9kos \u00e9s hossz\u00fa t\u00e1v\u00fa megold\u00e1st keresnek k\u00e9m\u00e9nyrendszer\u00fck sz\u00e1m\u00e1ra. A term\u00e9k design-ja \u00e9s funkcionalit\u00e1sa egyar\u00e1nt hozz\u00e1j\u00e1rul ahhoz, hogy a f\u0171t\u00e9si rendszer hat\u00e9konyabban m\u0171k\u00f6dj\u00f6n, cs\u00f6kkentve a f\u0171t\u00e9si k\u00f6lts\u00e9geket \u00e9s n\u00f6velve az otthoni k\u00e9nyelmet.<\/p>\n<p>\u00d6sszefoglalva, v\u00e1lasztva a <strong>Rozsdamentes szigetelt T alak\u00fa f\u00fcstcs\u00f6vet<\/strong> az <strong>esemineu.ro<\/strong>-t\u00f3l, nem csak egy kiv\u00e1l\u00f3 min\u0151s\u00e9g\u0171 term\u00e9ket kap, de egy hossz\u00fa t\u00e1v\u00fa befektet\u00e9st is tesz otthona komfortj\u00e1ba \u00e9s biztons\u00e1g\u00e1ba.<\/p>\n<h4>Sz\u00e1ll\u00edt\u00e1si hat\u00e1rid\u0151:<\/h4>\n<ul>\n<li><strong>Magyarorsz\u00e1g \u00e9s az eg\u00e9sz Eur\u00f3pai Uni\u00f3 ter\u00fclet\u00e9n<\/strong>\u00a0is sz\u00e1ll\u00edtjuk.<\/li>\n<li>Rom\u00e1ni\u00e1ba 2-3 munkanap alatt sz\u00e1ll\u00edtjuk<\/li>\n<li>Magyarorsz\u00e1gra es az EU ter\u00fclet\u00e9re az \u00e1tutal\u00e1s ut\u00e1n 5 munkanapon bel\u00fcl \u00e9rkezik meg a term\u00e9k.<\/li>\n<\/ul>\n<p>B\u00edzunk benne, hogy el\u00e9gedett lesz a Rozsdamentes szigetelt f\u00fcstcs\u0151 FI150\u00d8 vel. Ha b\u00e1rmilyen k\u00e9rd\u00e9se van, k\u00e9rj\u00fck, l\u00e9pjen kapcsolatba vel\u00fcnk.<\/p>\n<p>Tov\u00e1bbi aj\u00e1nlatok\u00e9rt kattintson\u00a0<a href=\"https:\/\/esemineu.ro\/hu\/termek-kategoria\/fustcsovek\/\">ide<\/a><\/p>\n<p>T\u0151bb inform\u00e1ci\u00f3\u00e9rt l\u00e1togasson el\u00a0<a href=\"https:\/\/www.youtube.com\/@esemineuromania\">YouTube<\/a>-csatorn\u00e1nkra, valamint\u00a0<a href=\"https:\/\/www.facebook.com\/eSemineu\">Facebook<\/a>\u00a0\u00e9s\u00a0<a href=\"https:\/\/www.instagram.com\/esemineu\/\">Instagram<\/a>\u00a0oldalainkra.<\/p>\n<p><a href=\"https:\/\/esemineu.ro\/\">eSemineu.ro<\/a>\u00a0 \u00a0Te adod a t\u0171zet mi adjuk a meleget!<\/p>\n","protected":false},"excerpt":{"rendered":"<p>Rozsdamentes szigetelt T alak\u00fa f\u00fcstcs\u0151 Ez egy m\u00e9retdimenzi\u00f3s elem, amely hozz\u00e1j\u00e1rul a sz\u00fcks\u00e9ges k\u00e9m\u00e9nymagass\u00e1g el\u00e9r\u00e9s\u00e9hez a huzat megval\u00f3s\u00edt\u00e1sa \u00e9rdek\u00e9ben. A kapcsolat m\u00e1s elemekkel biztons\u00e1gos illeszt\u00e9si rendszeren kereszt\u00fcl val\u00f3sul meg a csatlakoz\u00f3 bilincs seg\u00edts\u00e9g\u00e9vel. A PRO INVEST a min\u0151s\u00e9get v\u00e1lasztotta az \u00d6n sz\u00e1m\u00e1ra. Elhat\u00e1rozt\u00e1k, hogy a legmagasabb min\u0151s\u00e9gi szint\u0171 term\u00e9keket hozz\u00e1k el \u00d6nnek, hogy biztons\u00e1gban \u00e9rezhesse mag\u00e1t a PRO INVEST mellett. A gy\u00e1rtott term\u00e9kek az \u00e9rv\u00e9nyben l\u00e9v\u0151 eur\u00f3pai \u00e9s nemzetk\u00f6zi szabv\u00e1nyoknak megfelel\u0151en vannak tan\u00fas\u00edtva. Az inoxb\u00f3l k\u00e9sz\u00fclt szigetelt k\u00e9m\u00e9nyek, a csatlakoz\u00f3 elemek \u00e9s a k\u00edn\u00e1latukban l\u00e9v\u0151 kieg\u00e9sz\u00edt\u0151k \u00fagy vannak kialak\u00edtva, hogy biztons\u00e1got \u00e9s k\u00e9nyelmet hozzanak az \u00d6n otthon\u00e1ba. A k\u00e9m\u00e9nytervez\u00e9sben \u00d6n mellett \u00e1ll\u00f3 szak\u00e9rt\u0151i csapatokkal egy\u00fctt a PRO INVEST az \u00d6n \u00e9s csal\u00e1dja nyugalm\u00e1t szolg\u00e1lja. Az ECO sorozat\u00fa k\u00e9m\u00e9nyrendszerek az SR EN 1856-1 T450-N1-W-Vm-L20-050-G-30 szerint tan\u00fas\u00edtott term\u00e9kek. Szil\u00e1rd, foly\u00e9kony vagy g\u00e1z halmaz\u00e1llapot\u00fa t\u00fczel\u0151anyagokkal m\u0171k\u00f6d\u0151 t\u00fczel\u0151berendez\u00e9sekb\u0151l sz\u00e1rmaz\u00f3 \u00e9g\u00e9sterm\u00e9kek elvezet\u00e9s\u00e9re szolg\u00e1lnak. Az elemek \u00f6sszekapcsol\u00e1sa az \u201eanya-apa\u201d t\u00edpus\u00fa cs\u0151illeszt\u00e9ssel t\u00f6rt\u00e9nik. Term\u00e9kle\u00edr\u00e1s: Esemineu.ro k\u00edn\u00e1lata most &hellip; <a href=\"https:\/\/esemineu.ro\/hu\/termek\/rozsdamentes-szigetelt-t-alaku-fustcso-dp-90-d120-180-eco-0-5mm\/\">Folytatva<\/a><\/p>\n","protected":false},"featured_media":21977,"comment_status":"open","ping_status":"closed","template":"","meta":[],"product_brand":[1572],"product_cat":[1473,779,1472],"product_tag":[],"class_list":{"0":"post-29846","1":"product","2":"type-product","3":"status-publish","4":"has-post-thumbnail","6":"product_brand-pro-invest","7":"product_cat-120-szigetelt","8":"product_cat-fustcsovek","9":"product_cat-rozsdamentes-szigetelt-kemeny","10":"product_shipping_class-fustcsovek","11":"pa_culoare-fenyes-rozsdamentes-acel-hu","12":"pa_material-rozsdamentes-acel-hu","14":"first","15":"instock","16":"shipping-taxable","17":"purchasable","18":"product-type-simple"},"acf":[],"yoast_head":"<!-- This site is optimized with the Yoast SEO Premium plugin v21.0 (Yoast SEO v27.3) - https:\/\/yoast.com\/product\/yoast-seo-premium-wordpress\/ -->\n<title>Rozsdamentes szigetelt T alak\u00fa f\u00fcstcs\u0151, DP 90 D120\/180<\/title>\n<meta name=\"description\" content=\"Ismerd meg az esemineu.ro Rozsdamentes szigetelt T alak\u00fa f\u00fcstcs\u0151, DP 90 D120\/180, ECO 0.5MM - T\u00f6k\u00e9letes v\u00e1laszt\u00e1s a k\u00e9m\u00e9nyrendszerhez.\" \/>\n<meta name=\"robots\" content=\"index, follow, max-snippet:-1, max-image-preview:large, max-video-preview:-1\" \/>\n<link rel=\"canonical\" href=\"https:\/\/esemineu.ro\/hu\/termek\/rozsdamentes-szigetelt-t-alaku-fustcso-dp-90-d120-180-eco-0-5mm\/\" \/>\n<meta property=\"og:locale\" content=\"hu_HU\" \/>\n<meta property=\"og:type\" content=\"article\" \/>\n<meta property=\"og:title\" content=\"Rozsdamentes szigetelt T alak\u00fa f\u00fcstcs\u0151, DP 90 D120\/180\" \/>\n<meta property=\"og:description\" content=\"Ismerd meg az esemineu.ro Rozsdamentes szigetelt T alak\u00fa f\u00fcstcs\u0151, DP 90 D120\/180, ECO 0.5MM - T\u00f6k\u00e9letes v\u00e1laszt\u00e1s a k\u00e9m\u00e9nyrendszerhez.\" \/>\n<meta property=\"og:url\" content=\"https:\/\/esemineu.ro\/hu\/termek\/rozsdamentes-szigetelt-t-alaku-fustcso-dp-90-d120-180-eco-0-5mm\/\" \/>\n<meta property=\"og:site_name\" content=\"eSemineu\" \/>\n<meta property=\"article:publisher\" content=\"https:\/\/web.facebook.com\/eSemineu\" \/>\n<meta property=\"article:modified_time\" content=\"2025-07-09T09:53:43+00:00\" \/>\n<meta property=\"og:image\" content=\"https:\/\/esemineu.ro\/wp-content\/uploads\/2024\/02\/TEU-Inox-DP-90.jpg\" \/>\n\t<meta property=\"og:image:width\" content=\"1000\" \/>\n\t<meta property=\"og:image:height\" content=\"1000\" \/>\n\t<meta property=\"og:image:type\" content=\"image\/jpeg\" \/>\n<meta name=\"twitter:card\" content=\"summary_large_image\" \/>\n<meta name=\"twitter:label1\" content=\"Becs\u00fclt olvas\u00e1si id\u0151\" \/>\n\t<meta name=\"twitter:data1\" content=\"4 perc\" \/>\n<script type=\"application\/ld+json\" class=\"yoast-schema-graph\">{\"@context\":\"https:\\\/\\\/schema.org\",\"@graph\":[{\"@type\":\"WebPage\",\"@id\":\"https:\\\/\\\/esemineu.ro\\\/hu\\\/termek\\\/rozsdamentes-szigetelt-t-alaku-fustcso-dp-90-d120-180-eco-0-5mm\\\/\",\"url\":\"https:\\\/\\\/esemineu.ro\\\/hu\\\/termek\\\/rozsdamentes-szigetelt-t-alaku-fustcso-dp-90-d120-180-eco-0-5mm\\\/\",\"name\":\"Rozsdamentes szigetelt T alak\u00fa f\u00fcstcs\u0151, DP 90 D120\\\/180\",\"isPartOf\":{\"@id\":\"https:\\\/\\\/esemineu.ro\\\/hu\\\/#website\"},\"primaryImageOfPage\":{\"@id\":\"https:\\\/\\\/esemineu.ro\\\/hu\\\/termek\\\/rozsdamentes-szigetelt-t-alaku-fustcso-dp-90-d120-180-eco-0-5mm\\\/#primaryimage\"},\"image\":{\"@id\":\"https:\\\/\\\/esemineu.ro\\\/hu\\\/termek\\\/rozsdamentes-szigetelt-t-alaku-fustcso-dp-90-d120-180-eco-0-5mm\\\/#primaryimage\"},\"thumbnailUrl\":\"https:\\\/\\\/esemineu.ro\\\/wp-content\\\/uploads\\\/2024\\\/02\\\/TEU-Inox-DP-90.jpg\",\"datePublished\":\"2025-07-09T09:51:11+00:00\",\"dateModified\":\"2025-07-09T09:53:43+00:00\",\"description\":\"Ismerd meg az esemineu.ro Rozsdamentes szigetelt T alak\u00fa f\u00fcstcs\u0151, DP 90 D120\\\/180, ECO 0.5MM - T\u00f6k\u00e9letes v\u00e1laszt\u00e1s a k\u00e9m\u00e9nyrendszerhez.\",\"breadcrumb\":{\"@id\":\"https:\\\/\\\/esemineu.ro\\\/hu\\\/termek\\\/rozsdamentes-szigetelt-t-alaku-fustcso-dp-90-d120-180-eco-0-5mm\\\/#breadcrumb\"},\"inLanguage\":\"hu\",\"potentialAction\":[{\"@type\":\"ReadAction\",\"target\":[\"https:\\\/\\\/esemineu.ro\\\/hu\\\/termek\\\/rozsdamentes-szigetelt-t-alaku-fustcso-dp-90-d120-180-eco-0-5mm\\\/\"]}]},{\"@type\":\"ImageObject\",\"inLanguage\":\"hu\",\"@id\":\"https:\\\/\\\/esemineu.ro\\\/hu\\\/termek\\\/rozsdamentes-szigetelt-t-alaku-fustcso-dp-90-d120-180-eco-0-5mm\\\/#primaryimage\",\"url\":\"https:\\\/\\\/esemineu.ro\\\/wp-content\\\/uploads\\\/2024\\\/02\\\/TEU-Inox-DP-90.jpg\",\"contentUrl\":\"https:\\\/\\\/esemineu.ro\\\/wp-content\\\/uploads\\\/2024\\\/02\\\/TEU-Inox-DP-90.jpg\",\"width\":1000,\"height\":1000,\"caption\":\"Rozsdamentes szigetelt T alak\u00fa f\u00fcstcs\u0151\"},{\"@type\":\"BreadcrumbList\",\"@id\":\"https:\\\/\\\/esemineu.ro\\\/hu\\\/termek\\\/rozsdamentes-szigetelt-t-alaku-fustcso-dp-90-d120-180-eco-0-5mm\\\/#breadcrumb\",\"itemListElement\":[{\"@type\":\"ListItem\",\"position\":1,\"name\":\"Kezd\u0151lap\",\"item\":\"https:\\\/\\\/esemineu.ro\\\/hu\\\/\"},{\"@type\":\"ListItem\",\"position\":2,\"name\":\"\u00c1ruh\u00e1z\",\"item\":\"https:\\\/\\\/esemineu.ro\\\/hu\\\/aruhaz\\\/\"},{\"@type\":\"ListItem\",\"position\":3,\"name\":\"Rozsdamentes szigetelt T alak\u00fa f\u00fcstcs\u0151, DP 90 D120\\\/180, ECO 0.5MM\"}]},{\"@type\":\"WebSite\",\"@id\":\"https:\\\/\\\/esemineu.ro\\\/hu\\\/#website\",\"url\":\"https:\\\/\\\/esemineu.ro\\\/hu\\\/\",\"name\":\"eSemineu\",\"description\":\"\u0218eminee de cea mai \u00eenalt\u0103 calitate\",\"potentialAction\":[{\"@type\":\"SearchAction\",\"target\":{\"@type\":\"EntryPoint\",\"urlTemplate\":\"https:\\\/\\\/esemineu.ro\\\/hu\\\/?s={search_term_string}\"},\"query-input\":{\"@type\":\"PropertyValueSpecification\",\"valueRequired\":true,\"valueName\":\"search_term_string\"}}],\"inLanguage\":\"hu\"}]}<\/script>\n<!-- \/ Yoast SEO Premium plugin. -->","yoast_head_json":{"title":"Rozsdamentes szigetelt T alak\u00fa f\u00fcstcs\u0151, DP 90 D120\/180","description":"Ismerd meg az esemineu.ro Rozsdamentes szigetelt T alak\u00fa f\u00fcstcs\u0151, DP 90 D120\/180, ECO 0.5MM - T\u00f6k\u00e9letes v\u00e1laszt\u00e1s a k\u00e9m\u00e9nyrendszerhez.","robots":{"index":"index","follow":"follow","max-snippet":"max-snippet:-1","max-image-preview":"max-image-preview:large","max-video-preview":"max-video-preview:-1"},"canonical":"https:\/\/esemineu.ro\/hu\/termek\/rozsdamentes-szigetelt-t-alaku-fustcso-dp-90-d120-180-eco-0-5mm\/","og_locale":"hu_HU","og_type":"article","og_title":"Rozsdamentes szigetelt T alak\u00fa f\u00fcstcs\u0151, DP 90 D120\/180","og_description":"Ismerd meg az esemineu.ro Rozsdamentes szigetelt T alak\u00fa f\u00fcstcs\u0151, DP 90 D120\/180, ECO 0.5MM - T\u00f6k\u00e9letes v\u00e1laszt\u00e1s a k\u00e9m\u00e9nyrendszerhez.","og_url":"https:\/\/esemineu.ro\/hu\/termek\/rozsdamentes-szigetelt-t-alaku-fustcso-dp-90-d120-180-eco-0-5mm\/","og_site_name":"eSemineu","article_publisher":"https:\/\/web.facebook.com\/eSemineu","article_modified_time":"2025-07-09T09:53:43+00:00","og_image":[{"width":1000,"height":1000,"url":"https:\/\/esemineu.ro\/wp-content\/uploads\/2024\/02\/TEU-Inox-DP-90.jpg","type":"image\/jpeg"}],"twitter_card":"summary_large_image","twitter_misc":{"Becs\u00fclt olvas\u00e1si id\u0151":"4 perc"},"schema":{"@context":"https:\/\/schema.org","@graph":[{"@type":"WebPage","@id":"https:\/\/esemineu.ro\/hu\/termek\/rozsdamentes-szigetelt-t-alaku-fustcso-dp-90-d120-180-eco-0-5mm\/","url":"https:\/\/esemineu.ro\/hu\/termek\/rozsdamentes-szigetelt-t-alaku-fustcso-dp-90-d120-180-eco-0-5mm\/","name":"Rozsdamentes szigetelt T alak\u00fa f\u00fcstcs\u0151, DP 90 D120\/180","isPartOf":{"@id":"https:\/\/esemineu.ro\/hu\/#website"},"primaryImageOfPage":{"@id":"https:\/\/esemineu.ro\/hu\/termek\/rozsdamentes-szigetelt-t-alaku-fustcso-dp-90-d120-180-eco-0-5mm\/#primaryimage"},"image":{"@id":"https:\/\/esemineu.ro\/hu\/termek\/rozsdamentes-szigetelt-t-alaku-fustcso-dp-90-d120-180-eco-0-5mm\/#primaryimage"},"thumbnailUrl":"https:\/\/esemineu.ro\/wp-content\/uploads\/2024\/02\/TEU-Inox-DP-90.jpg","datePublished":"2025-07-09T09:51:11+00:00","dateModified":"2025-07-09T09:53:43+00:00","description":"Ismerd meg az esemineu.ro Rozsdamentes szigetelt T alak\u00fa f\u00fcstcs\u0151, DP 90 D120\/180, ECO 0.5MM - T\u00f6k\u00e9letes v\u00e1laszt\u00e1s a k\u00e9m\u00e9nyrendszerhez.","breadcrumb":{"@id":"https:\/\/esemineu.ro\/hu\/termek\/rozsdamentes-szigetelt-t-alaku-fustcso-dp-90-d120-180-eco-0-5mm\/#breadcrumb"},"inLanguage":"hu","potentialAction":[{"@type":"ReadAction","target":["https:\/\/esemineu.ro\/hu\/termek\/rozsdamentes-szigetelt-t-alaku-fustcso-dp-90-d120-180-eco-0-5mm\/"]}]},{"@type":"ImageObject","inLanguage":"hu","@id":"https:\/\/esemineu.ro\/hu\/termek\/rozsdamentes-szigetelt-t-alaku-fustcso-dp-90-d120-180-eco-0-5mm\/#primaryimage","url":"https:\/\/esemineu.ro\/wp-content\/uploads\/2024\/02\/TEU-Inox-DP-90.jpg","contentUrl":"https:\/\/esemineu.ro\/wp-content\/uploads\/2024\/02\/TEU-Inox-DP-90.jpg","width":1000,"height":1000,"caption":"Rozsdamentes szigetelt T alak\u00fa f\u00fcstcs\u0151"},{"@type":"BreadcrumbList","@id":"https:\/\/esemineu.ro\/hu\/termek\/rozsdamentes-szigetelt-t-alaku-fustcso-dp-90-d120-180-eco-0-5mm\/#breadcrumb","itemListElement":[{"@type":"ListItem","position":1,"name":"Kezd\u0151lap","item":"https:\/\/esemineu.ro\/hu\/"},{"@type":"ListItem","position":2,"name":"\u00c1ruh\u00e1z","item":"https:\/\/esemineu.ro\/hu\/aruhaz\/"},{"@type":"ListItem","position":3,"name":"Rozsdamentes szigetelt T alak\u00fa f\u00fcstcs\u0151, DP 90 D120\/180, ECO 0.5MM"}]},{"@type":"WebSite","@id":"https:\/\/esemineu.ro\/hu\/#website","url":"https:\/\/esemineu.ro\/hu\/","name":"eSemineu","description":"\u0218eminee de cea mai \u00eenalt\u0103 calitate","potentialAction":[{"@type":"SearchAction","target":{"@type":"EntryPoint","urlTemplate":"https:\/\/esemineu.ro\/hu\/?s={search_term_string}"},"query-input":{"@type":"PropertyValueSpecification","valueRequired":true,"valueName":"search_term_string"}}],"inLanguage":"hu"}]}},"_links":{"self":[{"href":"https:\/\/esemineu.ro\/hu\/wp-json\/wp\/v2\/product\/29846","targetHints":{"allow":["GET"]}}],"collection":[{"href":"https:\/\/esemineu.ro\/hu\/wp-json\/wp\/v2\/product"}],"about":[{"href":"https:\/\/esemineu.ro\/hu\/wp-json\/wp\/v2\/types\/product"}],"replies":[{"embeddable":true,"href":"https:\/\/esemineu.ro\/hu\/wp-json\/wp\/v2\/comments?post=29846"}],"wp:featuredmedia":[{"embeddable":true,"href":"https:\/\/esemineu.ro\/hu\/wp-json\/wp\/v2\/media\/21977"}],"wp:attachment":[{"href":"https:\/\/esemineu.ro\/hu\/wp-json\/wp\/v2\/media?parent=29846"}],"wp:term":[{"taxonomy":"product_brand","embeddable":true,"href":"https:\/\/esemineu.ro\/hu\/wp-json\/wp\/v2\/product_brand?post=29846"},{"taxonomy":"product_cat","embeddable":true,"href":"https:\/\/esemineu.ro\/hu\/wp-json\/wp\/v2\/product_cat?post=29846"},{"taxonomy":"product_tag","embeddable":true,"href":"https:\/\/esemineu.ro\/hu\/wp-json\/wp\/v2\/product_tag?post=29846"}],"curies":[{"name":"wp","href":"https:\/\/api.w.org\/{rel}","templated":true}]}}