{"id":29378,"date":"2025-05-21T11:12:27","date_gmt":"2025-05-21T09:12:27","guid":{"rendered":"https:\/\/esemineu.ro\/?post_type=product&#038;p=29378"},"modified":"2025-05-21T11:22:25","modified_gmt":"2025-05-21T09:22:25","slug":"d80-rozsdamentes-rogzitobilincs","status":"publish","type":"product","link":"https:\/\/esemineu.ro\/hu\/termek\/d80-rozsdamentes-rogzitobilincs\/","title":{"rendered":"D80 rozsdamentes r\u00f6gz\u00edt\u0151bilincs"},"content":{"rendered":"<p class=\"\" data-start=\"857\" data-end=\"1287\">D80-as rozsdamentes ac\u00e9l r\u00f6gz\u00edt\u0151bilincs k\u00e9m\u00e9nycs\u00f6vek biztons\u00e1gos r\u00f6gz\u00edt\u00e9s\u00e9hez.<br data-start=\"935\" data-end=\"938\" \/>AISI 304 rozsdamentes ac\u00e9lb\u00f3l k\u00e9sz\u00fclt, kiv\u00e1l\u00f3 h\u0151- \u00e9s korr\u00f3zi\u00f3\u00e1ll\u00f3s\u00e1ggal.<br data-start=\"1010\" data-end=\"1013\" \/>Falra vagy merev tart\u00f3szerkezetre szerelhet\u0151, er\u0151s tart\u00e1st biztos\u00edt.<br data-start=\"1081\" data-end=\"1084\" \/>Stabiliz\u00e1lja a f\u00fcstcs\u00f6vet, megel\u0151zve az elmozdul\u00e1st vagy rezg\u00e9st.<br data-start=\"1149\" data-end=\"1152\" \/>Kompatibilis minden 80 mm \u00e1tm\u00e9r\u0151j\u0171 f\u00fcstcs\u0151elemmel.<br data-start=\"1202\" data-end=\"1205\" \/><strong data-start=\"1205\" data-end=\"1242\">V\u00e1laszd a D80-as r\u00f6gz\u00edt\u0151bilincset<\/strong>, ha megb\u00edzhat\u00f3, hossz\u00fa t\u00e1v\u00fa tart\u00e1st keresel.<\/p>\n<h4>Sz\u00e1ll\u00edt\u00e1si hat\u00e1rid\u0151:<\/h4>\n<ul>\n<li><strong>Magyarorsz\u00e1g \u00e9s az eg\u00e9sz Eur\u00f3pai Uni\u00f3 ter\u00fclet\u00e9n<\/strong>\u00a0is sz\u00e1ll\u00edtjuk.<\/li>\n<li>Rom\u00e1ni\u00e1ba 2-3 munkanap alatt sz\u00e1ll\u00edtjuk<\/li>\n<li>Magyarorsz\u00e1gra es az EU ter\u00fclet\u00e9re az \u00e1tutal\u00e1s ut\u00e1n 5 munkanapon bel\u00fcl \u00e9rkezik meg a term\u00e9k.<\/li>\n<\/ul>\n<p>B\u00edzunk benne, hogy el\u00e9gedett lesz a D80 rozsdamentes r\u00f6gz\u00edt\u0151bilincs term\u00e9kkel. Ha b\u00e1rmilyen k\u00e9rd\u00e9se van, k\u00e9rj\u00fck, l\u00e9pjen kapcsolatba vel\u00fcnk.<\/p>\n<p>Tov\u00e1bbi aj\u00e1nlatok\u00e9rt kattintson\u00a0<a href=\"https:\/\/esemineu.ro\/hu\/termek-kategoria\/fustcsovek\/\">ide<\/a><\/p>\n<p>T\u0151bb inform\u00e1ci\u00f3\u00e9rt l\u00e1togasson el\u00a0<a href=\"https:\/\/www.youtube.com\/@esemineuromania\">YouTube<\/a>-csatorn\u00e1nkra, valamint\u00a0<a href=\"https:\/\/www.facebook.com\/eSemineu\">Facebook<\/a>\u00a0\u00e9s\u00a0<a href=\"https:\/\/www.instagram.com\/esemineu\/\">Instagram<\/a>\u00a0oldalainkra.<\/p>\n<p><a href=\"https:\/\/esemineu.ro\/\">eSemineu.ro<\/a>\u00a0 \u00a0Te adod a t\u0171zet mi adjuk a meleget!<\/p>\n","protected":false},"excerpt":{"rendered":"<p>D80-as rozsdamentes ac\u00e9l r\u00f6gz\u00edt\u0151bilincs k\u00e9m\u00e9nycs\u00f6vek biztons\u00e1gos r\u00f6gz\u00edt\u00e9s\u00e9hez.AISI 304 rozsdamentes ac\u00e9lb\u00f3l k\u00e9sz\u00fclt, kiv\u00e1l\u00f3 h\u0151- \u00e9s korr\u00f3zi\u00f3\u00e1ll\u00f3s\u00e1ggal.Falra vagy merev tart\u00f3szerkezetre szerelhet\u0151, er\u0151s tart\u00e1st biztos\u00edt.Stabiliz\u00e1lja a f\u00fcstcs\u00f6vet, megel\u0151zve az elmozdul\u00e1st vagy rezg\u00e9st.Kompatibilis minden 80 mm \u00e1tm\u00e9r\u0151j\u0171 f\u00fcstcs\u0151elemmel.V\u00e1laszd a D80-as r\u00f6gz\u00edt\u0151bilincset, ha megb\u00edzhat\u00f3, hossz\u00fa t\u00e1v\u00fa tart\u00e1st keresel. Sz\u00e1ll\u00edt\u00e1si hat\u00e1rid\u0151: Magyarorsz\u00e1g \u00e9s az eg\u00e9sz Eur\u00f3pai Uni\u00f3 ter\u00fclet\u00e9n\u00a0is sz\u00e1ll\u00edtjuk. Rom\u00e1ni\u00e1ba 2-3 munkanap alatt sz\u00e1ll\u00edtjuk Magyarorsz\u00e1gra es az EU ter\u00fclet\u00e9re az \u00e1tutal\u00e1s ut\u00e1n 5 munkanapon bel\u00fcl \u00e9rkezik meg a term\u00e9k. B\u00edzunk benne, hogy el\u00e9gedett lesz a D80 rozsdamentes r\u00f6gz\u00edt\u0151bilincs term\u00e9kkel. Ha b\u00e1rmilyen k\u00e9rd\u00e9se van, k\u00e9rj\u00fck, l\u00e9pjen kapcsolatba vel\u00fcnk. Tov\u00e1bbi aj\u00e1nlatok\u00e9rt kattintson\u00a0ide T\u0151bb inform\u00e1ci\u00f3\u00e9rt l\u00e1togasson el\u00a0YouTube-csatorn\u00e1nkra, valamint\u00a0Facebook\u00a0\u00e9s\u00a0Instagram\u00a0oldalainkra. eSemineu.ro\u00a0 \u00a0Te adod a t\u0171zet mi adjuk a meleget!<\/p>\n","protected":false},"featured_media":29375,"comment_status":"open","ping_status":"closed","template":"","meta":[],"product_brand":[1572],"product_cat":[2258,779,1472],"product_tag":[],"class_list":{"0":"post-29378","1":"product","2":"type-product","3":"status-publish","4":"has-post-thumbnail","6":"product_brand-pro-invest","7":"product_cat-80-inox","8":"product_cat-fustcsovek","9":"product_cat-rozsdamentes-szigetelt-kemeny","10":"product_shipping_class-fustcsovek","11":"pa_culoare-fenyes-rozsdamentes-acel-hu","12":"pa_material-rozsdamentes-acel-hu","14":"first","15":"instock","16":"shipping-taxable","17":"purchasable","18":"product-type-simple"},"acf":[],"yoast_head":"<!-- This site is optimized with the Yoast SEO Premium plugin v21.0 (Yoast SEO v27.3) - https:\/\/yoast.com\/product\/yoast-seo-premium-wordpress\/ -->\n<title>D80 rozsdamentes r\u00f6gz\u00edt\u0151bilincs - eSemineu<\/title>\n<meta name=\"description\" content=\"D80 rozsdamentes r\u00f6gz\u00edt\u0151bilincs \u2013 biztons\u00e1gos f\u00fcstcs\u0151r\u00f6gz\u00edt\u00e9s AISI 304 ac\u00e9lb\u00f3l, ellen\u00e1ll\u00f3 kivitel, gyors felszerel\u00e9shez. PRO\" \/>\n<meta name=\"robots\" content=\"index, follow, max-snippet:-1, max-image-preview:large, max-video-preview:-1\" \/>\n<link rel=\"canonical\" href=\"https:\/\/esemineu.ro\/hu\/termek\/d80-rozsdamentes-rogzitobilincs\/\" \/>\n<meta property=\"og:locale\" content=\"hu_HU\" \/>\n<meta property=\"og:type\" content=\"article\" \/>\n<meta property=\"og:title\" content=\"D80 rozsdamentes r\u00f6gz\u00edt\u0151bilincs - eSemineu\" \/>\n<meta property=\"og:description\" content=\"D80 rozsdamentes r\u00f6gz\u00edt\u0151bilincs \u2013 biztons\u00e1gos f\u00fcstcs\u0151r\u00f6gz\u00edt\u00e9s AISI 304 ac\u00e9lb\u00f3l, ellen\u00e1ll\u00f3 kivitel, gyors felszerel\u00e9shez. PRO\" \/>\n<meta property=\"og:url\" content=\"https:\/\/esemineu.ro\/hu\/termek\/d80-rozsdamentes-rogzitobilincs\/\" \/>\n<meta property=\"og:site_name\" content=\"eSemineu\" \/>\n<meta property=\"article:publisher\" content=\"https:\/\/web.facebook.com\/eSemineu\" \/>\n<meta property=\"article:modified_time\" content=\"2025-05-21T09:22:25+00:00\" \/>\n<meta property=\"og:image\" content=\"https:\/\/esemineu.ro\/wp-content\/uploads\/2025\/05\/mare_1_FAA27411.png\" \/>\n\t<meta property=\"og:image:width\" content=\"1212\" \/>\n\t<meta property=\"og:image:height\" content=\"800\" \/>\n\t<meta property=\"og:image:type\" content=\"image\/png\" \/>\n<meta name=\"twitter:card\" content=\"summary_large_image\" \/>\n<meta name=\"twitter:label1\" content=\"Becs\u00fclt olvas\u00e1si id\u0151\" \/>\n\t<meta name=\"twitter:data1\" content=\"1 perc\" \/>\n<script type=\"application\/ld+json\" class=\"yoast-schema-graph\">{\"@context\":\"https:\\\/\\\/schema.org\",\"@graph\":[{\"@type\":\"WebPage\",\"@id\":\"https:\\\/\\\/esemineu.ro\\\/hu\\\/termek\\\/d80-rozsdamentes-rogzitobilincs\\\/\",\"url\":\"https:\\\/\\\/esemineu.ro\\\/hu\\\/termek\\\/d80-rozsdamentes-rogzitobilincs\\\/\",\"name\":\"D80 rozsdamentes r\u00f6gz\u00edt\u0151bilincs - eSemineu\",\"isPartOf\":{\"@id\":\"https:\\\/\\\/esemineu.ro\\\/hu\\\/#website\"},\"primaryImageOfPage\":{\"@id\":\"https:\\\/\\\/esemineu.ro\\\/hu\\\/termek\\\/d80-rozsdamentes-rogzitobilincs\\\/#primaryimage\"},\"image\":{\"@id\":\"https:\\\/\\\/esemineu.ro\\\/hu\\\/termek\\\/d80-rozsdamentes-rogzitobilincs\\\/#primaryimage\"},\"thumbnailUrl\":\"https:\\\/\\\/esemineu.ro\\\/wp-content\\\/uploads\\\/2025\\\/05\\\/mare_1_FAA27411.png\",\"datePublished\":\"2025-05-21T09:12:27+00:00\",\"dateModified\":\"2025-05-21T09:22:25+00:00\",\"description\":\"D80 rozsdamentes r\u00f6gz\u00edt\u0151bilincs \u2013 biztons\u00e1gos f\u00fcstcs\u0151r\u00f6gz\u00edt\u00e9s AISI 304 ac\u00e9lb\u00f3l, ellen\u00e1ll\u00f3 kivitel, gyors felszerel\u00e9shez. PRO\",\"breadcrumb\":{\"@id\":\"https:\\\/\\\/esemineu.ro\\\/hu\\\/termek\\\/d80-rozsdamentes-rogzitobilincs\\\/#breadcrumb\"},\"inLanguage\":\"hu\",\"potentialAction\":[{\"@type\":\"ReadAction\",\"target\":[\"https:\\\/\\\/esemineu.ro\\\/hu\\\/termek\\\/d80-rozsdamentes-rogzitobilincs\\\/\"]}]},{\"@type\":\"ImageObject\",\"inLanguage\":\"hu\",\"@id\":\"https:\\\/\\\/esemineu.ro\\\/hu\\\/termek\\\/d80-rozsdamentes-rogzitobilincs\\\/#primaryimage\",\"url\":\"https:\\\/\\\/esemineu.ro\\\/wp-content\\\/uploads\\\/2025\\\/05\\\/mare_1_FAA27411.png\",\"contentUrl\":\"https:\\\/\\\/esemineu.ro\\\/wp-content\\\/uploads\\\/2025\\\/05\\\/mare_1_FAA27411.png\",\"width\":1212,\"height\":800},{\"@type\":\"BreadcrumbList\",\"@id\":\"https:\\\/\\\/esemineu.ro\\\/hu\\\/termek\\\/d80-rozsdamentes-rogzitobilincs\\\/#breadcrumb\",\"itemListElement\":[{\"@type\":\"ListItem\",\"position\":1,\"name\":\"Kezd\u0151lap\",\"item\":\"https:\\\/\\\/esemineu.ro\\\/hu\\\/\"},{\"@type\":\"ListItem\",\"position\":2,\"name\":\"\u00c1ruh\u00e1z\",\"item\":\"https:\\\/\\\/esemineu.ro\\\/hu\\\/aruhaz\\\/\"},{\"@type\":\"ListItem\",\"position\":3,\"name\":\"D80 rozsdamentes r\u00f6gz\u00edt\u0151bilincs\"}]},{\"@type\":\"WebSite\",\"@id\":\"https:\\\/\\\/esemineu.ro\\\/hu\\\/#website\",\"url\":\"https:\\\/\\\/esemineu.ro\\\/hu\\\/\",\"name\":\"eSemineu\",\"description\":\"\u0218eminee de cea mai \u00eenalt\u0103 calitate\",\"potentialAction\":[{\"@type\":\"SearchAction\",\"target\":{\"@type\":\"EntryPoint\",\"urlTemplate\":\"https:\\\/\\\/esemineu.ro\\\/hu\\\/?s={search_term_string}\"},\"query-input\":{\"@type\":\"PropertyValueSpecification\",\"valueRequired\":true,\"valueName\":\"search_term_string\"}}],\"inLanguage\":\"hu\"}]}<\/script>\n<!-- \/ Yoast SEO Premium plugin. -->","yoast_head_json":{"title":"D80 rozsdamentes r\u00f6gz\u00edt\u0151bilincs - eSemineu","description":"D80 rozsdamentes r\u00f6gz\u00edt\u0151bilincs \u2013 biztons\u00e1gos f\u00fcstcs\u0151r\u00f6gz\u00edt\u00e9s AISI 304 ac\u00e9lb\u00f3l, ellen\u00e1ll\u00f3 kivitel, gyors felszerel\u00e9shez. PRO","robots":{"index":"index","follow":"follow","max-snippet":"max-snippet:-1","max-image-preview":"max-image-preview:large","max-video-preview":"max-video-preview:-1"},"canonical":"https:\/\/esemineu.ro\/hu\/termek\/d80-rozsdamentes-rogzitobilincs\/","og_locale":"hu_HU","og_type":"article","og_title":"D80 rozsdamentes r\u00f6gz\u00edt\u0151bilincs - eSemineu","og_description":"D80 rozsdamentes r\u00f6gz\u00edt\u0151bilincs \u2013 biztons\u00e1gos f\u00fcstcs\u0151r\u00f6gz\u00edt\u00e9s AISI 304 ac\u00e9lb\u00f3l, ellen\u00e1ll\u00f3 kivitel, gyors felszerel\u00e9shez. PRO","og_url":"https:\/\/esemineu.ro\/hu\/termek\/d80-rozsdamentes-rogzitobilincs\/","og_site_name":"eSemineu","article_publisher":"https:\/\/web.facebook.com\/eSemineu","article_modified_time":"2025-05-21T09:22:25+00:00","og_image":[{"width":1212,"height":800,"url":"https:\/\/esemineu.ro\/wp-content\/uploads\/2025\/05\/mare_1_FAA27411.png","type":"image\/png"}],"twitter_card":"summary_large_image","twitter_misc":{"Becs\u00fclt olvas\u00e1si id\u0151":"1 perc"},"schema":{"@context":"https:\/\/schema.org","@graph":[{"@type":"WebPage","@id":"https:\/\/esemineu.ro\/hu\/termek\/d80-rozsdamentes-rogzitobilincs\/","url":"https:\/\/esemineu.ro\/hu\/termek\/d80-rozsdamentes-rogzitobilincs\/","name":"D80 rozsdamentes r\u00f6gz\u00edt\u0151bilincs - eSemineu","isPartOf":{"@id":"https:\/\/esemineu.ro\/hu\/#website"},"primaryImageOfPage":{"@id":"https:\/\/esemineu.ro\/hu\/termek\/d80-rozsdamentes-rogzitobilincs\/#primaryimage"},"image":{"@id":"https:\/\/esemineu.ro\/hu\/termek\/d80-rozsdamentes-rogzitobilincs\/#primaryimage"},"thumbnailUrl":"https:\/\/esemineu.ro\/wp-content\/uploads\/2025\/05\/mare_1_FAA27411.png","datePublished":"2025-05-21T09:12:27+00:00","dateModified":"2025-05-21T09:22:25+00:00","description":"D80 rozsdamentes r\u00f6gz\u00edt\u0151bilincs \u2013 biztons\u00e1gos f\u00fcstcs\u0151r\u00f6gz\u00edt\u00e9s AISI 304 ac\u00e9lb\u00f3l, ellen\u00e1ll\u00f3 kivitel, gyors felszerel\u00e9shez. PRO","breadcrumb":{"@id":"https:\/\/esemineu.ro\/hu\/termek\/d80-rozsdamentes-rogzitobilincs\/#breadcrumb"},"inLanguage":"hu","potentialAction":[{"@type":"ReadAction","target":["https:\/\/esemineu.ro\/hu\/termek\/d80-rozsdamentes-rogzitobilincs\/"]}]},{"@type":"ImageObject","inLanguage":"hu","@id":"https:\/\/esemineu.ro\/hu\/termek\/d80-rozsdamentes-rogzitobilincs\/#primaryimage","url":"https:\/\/esemineu.ro\/wp-content\/uploads\/2025\/05\/mare_1_FAA27411.png","contentUrl":"https:\/\/esemineu.ro\/wp-content\/uploads\/2025\/05\/mare_1_FAA27411.png","width":1212,"height":800},{"@type":"BreadcrumbList","@id":"https:\/\/esemineu.ro\/hu\/termek\/d80-rozsdamentes-rogzitobilincs\/#breadcrumb","itemListElement":[{"@type":"ListItem","position":1,"name":"Kezd\u0151lap","item":"https:\/\/esemineu.ro\/hu\/"},{"@type":"ListItem","position":2,"name":"\u00c1ruh\u00e1z","item":"https:\/\/esemineu.ro\/hu\/aruhaz\/"},{"@type":"ListItem","position":3,"name":"D80 rozsdamentes r\u00f6gz\u00edt\u0151bilincs"}]},{"@type":"WebSite","@id":"https:\/\/esemineu.ro\/hu\/#website","url":"https:\/\/esemineu.ro\/hu\/","name":"eSemineu","description":"\u0218eminee de cea mai \u00eenalt\u0103 calitate","potentialAction":[{"@type":"SearchAction","target":{"@type":"EntryPoint","urlTemplate":"https:\/\/esemineu.ro\/hu\/?s={search_term_string}"},"query-input":{"@type":"PropertyValueSpecification","valueRequired":true,"valueName":"search_term_string"}}],"inLanguage":"hu"}]}},"_links":{"self":[{"href":"https:\/\/esemineu.ro\/hu\/wp-json\/wp\/v2\/product\/29378","targetHints":{"allow":["GET"]}}],"collection":[{"href":"https:\/\/esemineu.ro\/hu\/wp-json\/wp\/v2\/product"}],"about":[{"href":"https:\/\/esemineu.ro\/hu\/wp-json\/wp\/v2\/types\/product"}],"replies":[{"embeddable":true,"href":"https:\/\/esemineu.ro\/hu\/wp-json\/wp\/v2\/comments?post=29378"}],"wp:featuredmedia":[{"embeddable":true,"href":"https:\/\/esemineu.ro\/hu\/wp-json\/wp\/v2\/media\/29375"}],"wp:attachment":[{"href":"https:\/\/esemineu.ro\/hu\/wp-json\/wp\/v2\/media?parent=29378"}],"wp:term":[{"taxonomy":"product_brand","embeddable":true,"href":"https:\/\/esemineu.ro\/hu\/wp-json\/wp\/v2\/product_brand?post=29378"},{"taxonomy":"product_cat","embeddable":true,"href":"https:\/\/esemineu.ro\/hu\/wp-json\/wp\/v2\/product_cat?post=29378"},{"taxonomy":"product_tag","embeddable":true,"href":"https:\/\/esemineu.ro\/hu\/wp-json\/wp\/v2\/product_tag?post=29378"}],"curies":[{"name":"wp","href":"https:\/\/api.w.org\/{rel}","templated":true}]}}