{"id":29356,"date":"2025-05-21T08:48:40","date_gmt":"2025-05-21T06:48:40","guid":{"rendered":"https:\/\/esemineu.ro\/?post_type=product&#038;p=29356"},"modified":"2026-02-09T16:22:51","modified_gmt":"2026-02-09T14:22:51","slug":"rozsdamentes-csatlakozomuff-d80-pelletkazanhoz-05-mm-vastagsag","status":"publish","type":"product","link":"https:\/\/esemineu.ro\/hu\/termek\/rozsdamentes-csatlakozomuff-d80-pelletkazanhoz-05-mm-vastagsag\/","title":{"rendered":"Rozsdamentes csatlakoz\u00f3muff D80 pelletkaz\u00e1nhoz, 0,5 mm vastags\u00e1g"},"content":{"rendered":"<p>Rozsdamentes csatlakoz\u00f3muff D80 pelletkaz\u00e1nhoz<\/p>\n<p>Rozsdamentes ac\u00e9l csatlakoz\u00f3muff pelletkaz\u00e1nhoz, 80 mm \u00e1tm\u00e9r\u0151vel, 0,5 mm vastags\u00e1ggal, szilikon t\u00f6m\u00edt\u0151gy\u0171r\u0171kkel egy\u00fctt.<br data-start=\"1130\" data-end=\"1133\" \/>AISI 304 ac\u00e9lb\u00f3l k\u00e9sz\u00fclt, ellen\u00e1ll a korr\u00f3zi\u00f3nak \u00e9s magas h\u0151m\u00e9rs\u00e9kletnek.<br data-start=\"1206\" data-end=\"1209\" \/>K\u00e9t f\u00fcstcs\u0151 vagy idom k\u00f6z\u00f6tti csatlakoztat\u00e1sra szolg\u00e1l.<br data-start=\"1264\" data-end=\"1267\" \/>A mell\u00e9kelt t\u00f6m\u00edt\u00e9sek biztos\u00edtj\u00e1k a l\u00e9gmentes illeszt\u00e9st.<br data-start=\"1324\" data-end=\"1327\" \/>Kompatibilis D80 SP rendszer\u0171 cs\u00f6vekkel \u00e9s k\u00f6ny\u00f6k\u00f6kkel.<br data-start=\"1382\" data-end=\"1385\" \/>\u201eAnya\u2013apa\u201d rendszer\u0171 illeszt\u00e9s, gyors \u00e9s stabil telep\u00edt\u00e9ssel.<br data-start=\"1446\" data-end=\"1449\" \/>Aj\u00e1nlott minden pellet- vagy fat\u00fczel\u00e9s\u0171 kaz\u00e1n f\u00fcstg\u00e1zrendszer\u00e9hez.<br data-start=\"1515\" data-end=\"1518\" \/><strong data-start=\"1518\" data-end=\"1560\">V\u00e1laszd a D80-as inox csatlakoz\u00f3muffot<\/strong>, ha tart\u00f3s \u00e9s t\u00f6m\u00edtett csatlakoz\u00e1sra van sz\u00fcks\u00e9ged.<\/p>\n<h4>Sz\u00e1ll\u00edt\u00e1si hat\u00e1rid\u0151:<\/h4>\n<ul>\n<li><strong>Magyarorsz\u00e1g \u00e9s az eg\u00e9sz Eur\u00f3pai Uni\u00f3 ter\u00fclet\u00e9n<\/strong>\u00a0is sz\u00e1ll\u00edtjuk.<\/li>\n<li>Rom\u00e1ni\u00e1ba 2-3 munkanap alatt sz\u00e1ll\u00edtjuk<\/li>\n<li>Magyarorsz\u00e1gra es az EU ter\u00fclet\u00e9re az \u00e1tutal\u00e1s ut\u00e1n 5 munkanapon bel\u00fcl \u00e9rkezik meg a term\u00e9k.<\/li>\n<\/ul>\n<p>B\u00edzunk benne, hogy el\u00e9gedett lesz a Rozsdamentes csatlakoz\u00f3muff D80 pelletkaz\u00e1nhoz term\u00e9kkel. Ha b\u00e1rmilyen k\u00e9rd\u00e9se van, k\u00e9rj\u00fck, l\u00e9pjen kapcsolatba vel\u00fcnk.<\/p>\n<p>Tov\u00e1bbi aj\u00e1nlatok\u00e9rt kattintson\u00a0<a href=\"https:\/\/esemineu.ro\/hu\/termek-kategoria\/fustcsovek\/\">ide<\/a><\/p>\n<p>T\u0151bb inform\u00e1ci\u00f3\u00e9rt l\u00e1togasson el\u00a0<a href=\"https:\/\/www.youtube.com\/@esemineuromania\">YouTube<\/a>-csatorn\u00e1nkra, valamint\u00a0<a href=\"https:\/\/www.facebook.com\/eSemineu\">Facebook<\/a>\u00a0\u00e9s\u00a0<a href=\"https:\/\/www.instagram.com\/esemineu\/\">Instagram<\/a>\u00a0oldalainkra.<\/p>\n<p><a href=\"https:\/\/esemineu.ro\/\">eSemineu.ro<\/a>\u00a0 \u00a0Te adod a t\u0171zet mi adjuk a meleget!<\/p>\n","protected":false},"excerpt":{"rendered":"<p>Rozsdamentes csatlakoz\u00f3muff D80 pelletkaz\u00e1nhoz Rozsdamentes ac\u00e9l csatlakoz\u00f3muff pelletkaz\u00e1nhoz, 80 mm \u00e1tm\u00e9r\u0151vel, 0,5 mm vastags\u00e1ggal, szilikon t\u00f6m\u00edt\u0151gy\u0171r\u0171kkel egy\u00fctt.AISI 304 ac\u00e9lb\u00f3l k\u00e9sz\u00fclt, ellen\u00e1ll a korr\u00f3zi\u00f3nak \u00e9s magas h\u0151m\u00e9rs\u00e9kletnek.K\u00e9t f\u00fcstcs\u0151 vagy idom k\u00f6z\u00f6tti csatlakoztat\u00e1sra szolg\u00e1l.A mell\u00e9kelt t\u00f6m\u00edt\u00e9sek biztos\u00edtj\u00e1k a l\u00e9gmentes illeszt\u00e9st.Kompatibilis D80 SP rendszer\u0171 cs\u00f6vekkel \u00e9s k\u00f6ny\u00f6k\u00f6kkel.\u201eAnya\u2013apa\u201d rendszer\u0171 illeszt\u00e9s, gyors \u00e9s stabil telep\u00edt\u00e9ssel.Aj\u00e1nlott minden pellet- vagy fat\u00fczel\u00e9s\u0171 kaz\u00e1n f\u00fcstg\u00e1zrendszer\u00e9hez.V\u00e1laszd a D80-as inox csatlakoz\u00f3muffot, ha tart\u00f3s \u00e9s t\u00f6m\u00edtett csatlakoz\u00e1sra van sz\u00fcks\u00e9ged. Sz\u00e1ll\u00edt\u00e1si hat\u00e1rid\u0151: Magyarorsz\u00e1g \u00e9s az eg\u00e9sz Eur\u00f3pai Uni\u00f3 ter\u00fclet\u00e9n\u00a0is sz\u00e1ll\u00edtjuk. Rom\u00e1ni\u00e1ba 2-3 munkanap alatt sz\u00e1ll\u00edtjuk Magyarorsz\u00e1gra es az EU ter\u00fclet\u00e9re az \u00e1tutal\u00e1s ut\u00e1n 5 munkanapon bel\u00fcl \u00e9rkezik meg a term\u00e9k. B\u00edzunk benne, hogy el\u00e9gedett lesz a Rozsdamentes csatlakoz\u00f3muff D80 pelletkaz\u00e1nhoz term\u00e9kkel. Ha b\u00e1rmilyen k\u00e9rd\u00e9se van, k\u00e9rj\u00fck, l\u00e9pjen kapcsolatba vel\u00fcnk. Tov\u00e1bbi aj\u00e1nlatok\u00e9rt kattintson\u00a0ide T\u0151bb inform\u00e1ci\u00f3\u00e9rt l\u00e1togasson el\u00a0YouTube-csatorn\u00e1nkra, valamint\u00a0Facebook\u00a0\u00e9s\u00a0Instagram\u00a0oldalainkra. eSemineu.ro\u00a0 \u00a0Te adod a t\u0171zet mi adjuk a meleget!<\/p>\n","protected":false},"featured_media":29349,"comment_status":"open","ping_status":"closed","template":"","meta":[],"product_brand":[1572],"product_cat":[2258,779,1472],"product_tag":[],"class_list":{"0":"post-29356","1":"product","2":"type-product","3":"status-publish","4":"has-post-thumbnail","6":"product_brand-pro-invest","7":"product_cat-80-inox","8":"product_cat-fustcsovek","9":"product_cat-rozsdamentes-szigetelt-kemeny","10":"product_shipping_class-fustcsovek","11":"pa_culoare-fenyes-rozsdamentes-acel-hu","12":"pa_material-rozsdamentes-acel-hu","14":"first","15":"onbackorder","16":"shipping-taxable","17":"purchasable","18":"product-type-simple"},"acf":[],"yoast_head":"<!-- This site is optimized with the Yoast SEO Premium plugin v21.0 (Yoast SEO v27.3) - https:\/\/yoast.com\/product\/yoast-seo-premium-wordpress\/ -->\n<title>Rozsdamentes csatlakoz\u00f3muff D80 pelletkaz\u00e1nhoz, 0,5 mm<\/title>\n<meta name=\"description\" content=\"Rozsdamentes csatlakoz\u00f3muff D80 pelletkaz\u00e1nhoz, 0,5 mm vastags\u00e1g, szilikon t\u00f6m\u00edt\u00e9ssel \u2013 biztons\u00e1gos \u00e9s t\u00f6m\u00edtett f\u00fcstcs\u0151kapcsolat.\" \/>\n<meta name=\"robots\" content=\"index, follow, max-snippet:-1, max-image-preview:large, max-video-preview:-1\" \/>\n<link rel=\"canonical\" href=\"https:\/\/esemineu.ro\/hu\/termek\/rozsdamentes-csatlakozomuff-d80-pelletkazanhoz-05-mm-vastagsag\/\" \/>\n<meta property=\"og:locale\" content=\"hu_HU\" \/>\n<meta property=\"og:type\" content=\"article\" \/>\n<meta property=\"og:title\" content=\"Rozsdamentes csatlakoz\u00f3muff D80 pelletkaz\u00e1nhoz, 0,5 mm\" \/>\n<meta property=\"og:description\" content=\"Rozsdamentes csatlakoz\u00f3muff D80 pelletkaz\u00e1nhoz, 0,5 mm vastags\u00e1g, szilikon t\u00f6m\u00edt\u00e9ssel \u2013 biztons\u00e1gos \u00e9s t\u00f6m\u00edtett f\u00fcstcs\u0151kapcsolat.\" \/>\n<meta property=\"og:url\" content=\"https:\/\/esemineu.ro\/hu\/termek\/rozsdamentes-csatlakozomuff-d80-pelletkazanhoz-05-mm-vastagsag\/\" \/>\n<meta property=\"og:site_name\" content=\"eSemineu\" \/>\n<meta property=\"article:publisher\" content=\"https:\/\/web.facebook.com\/eSemineu\" \/>\n<meta property=\"article:modified_time\" content=\"2026-02-09T14:22:51+00:00\" \/>\n<meta property=\"og:image\" content=\"https:\/\/esemineu.ro\/wp-content\/uploads\/2025\/05\/mare_1_FAA22961.jpg\" \/>\n\t<meta property=\"og:image:width\" content=\"800\" \/>\n\t<meta property=\"og:image:height\" content=\"800\" \/>\n\t<meta property=\"og:image:type\" content=\"image\/jpeg\" \/>\n<meta name=\"twitter:card\" content=\"summary_large_image\" \/>\n<meta name=\"twitter:label1\" content=\"Becs\u00fclt olvas\u00e1si id\u0151\" \/>\n\t<meta name=\"twitter:data1\" content=\"1 perc\" \/>\n<script type=\"application\/ld+json\" class=\"yoast-schema-graph\">{\"@context\":\"https:\\\/\\\/schema.org\",\"@graph\":[{\"@type\":\"WebPage\",\"@id\":\"https:\\\/\\\/esemineu.ro\\\/hu\\\/termek\\\/rozsdamentes-csatlakozomuff-d80-pelletkazanhoz-05-mm-vastagsag\\\/\",\"url\":\"https:\\\/\\\/esemineu.ro\\\/hu\\\/termek\\\/rozsdamentes-csatlakozomuff-d80-pelletkazanhoz-05-mm-vastagsag\\\/\",\"name\":\"Rozsdamentes csatlakoz\u00f3muff D80 pelletkaz\u00e1nhoz, 0,5 mm\",\"isPartOf\":{\"@id\":\"https:\\\/\\\/esemineu.ro\\\/hu\\\/#website\"},\"primaryImageOfPage\":{\"@id\":\"https:\\\/\\\/esemineu.ro\\\/hu\\\/termek\\\/rozsdamentes-csatlakozomuff-d80-pelletkazanhoz-05-mm-vastagsag\\\/#primaryimage\"},\"image\":{\"@id\":\"https:\\\/\\\/esemineu.ro\\\/hu\\\/termek\\\/rozsdamentes-csatlakozomuff-d80-pelletkazanhoz-05-mm-vastagsag\\\/#primaryimage\"},\"thumbnailUrl\":\"https:\\\/\\\/esemineu.ro\\\/wp-content\\\/uploads\\\/2025\\\/05\\\/mare_1_FAA22961.jpg\",\"datePublished\":\"2025-05-21T06:48:40+00:00\",\"dateModified\":\"2026-02-09T14:22:51+00:00\",\"description\":\"Rozsdamentes csatlakoz\u00f3muff D80 pelletkaz\u00e1nhoz, 0,5 mm vastags\u00e1g, szilikon t\u00f6m\u00edt\u00e9ssel \u2013 biztons\u00e1gos \u00e9s t\u00f6m\u00edtett f\u00fcstcs\u0151kapcsolat.\",\"breadcrumb\":{\"@id\":\"https:\\\/\\\/esemineu.ro\\\/hu\\\/termek\\\/rozsdamentes-csatlakozomuff-d80-pelletkazanhoz-05-mm-vastagsag\\\/#breadcrumb\"},\"inLanguage\":\"hu\",\"potentialAction\":[{\"@type\":\"ReadAction\",\"target\":[\"https:\\\/\\\/esemineu.ro\\\/hu\\\/termek\\\/rozsdamentes-csatlakozomuff-d80-pelletkazanhoz-05-mm-vastagsag\\\/\"]}]},{\"@type\":\"ImageObject\",\"inLanguage\":\"hu\",\"@id\":\"https:\\\/\\\/esemineu.ro\\\/hu\\\/termek\\\/rozsdamentes-csatlakozomuff-d80-pelletkazanhoz-05-mm-vastagsag\\\/#primaryimage\",\"url\":\"https:\\\/\\\/esemineu.ro\\\/wp-content\\\/uploads\\\/2025\\\/05\\\/mare_1_FAA22961.jpg\",\"contentUrl\":\"https:\\\/\\\/esemineu.ro\\\/wp-content\\\/uploads\\\/2025\\\/05\\\/mare_1_FAA22961.jpg\",\"width\":800,\"height\":800},{\"@type\":\"BreadcrumbList\",\"@id\":\"https:\\\/\\\/esemineu.ro\\\/hu\\\/termek\\\/rozsdamentes-csatlakozomuff-d80-pelletkazanhoz-05-mm-vastagsag\\\/#breadcrumb\",\"itemListElement\":[{\"@type\":\"ListItem\",\"position\":1,\"name\":\"Kezd\u0151lap\",\"item\":\"https:\\\/\\\/esemineu.ro\\\/hu\\\/\"},{\"@type\":\"ListItem\",\"position\":2,\"name\":\"\u00c1ruh\u00e1z\",\"item\":\"https:\\\/\\\/esemineu.ro\\\/hu\\\/aruhaz\\\/\"},{\"@type\":\"ListItem\",\"position\":3,\"name\":\"Rozsdamentes csatlakoz\u00f3muff D80 pelletkaz\u00e1nhoz, 0,5 mm vastags\u00e1g\"}]},{\"@type\":\"WebSite\",\"@id\":\"https:\\\/\\\/esemineu.ro\\\/hu\\\/#website\",\"url\":\"https:\\\/\\\/esemineu.ro\\\/hu\\\/\",\"name\":\"eSemineu\",\"description\":\"\u0218eminee de cea mai \u00eenalt\u0103 calitate\",\"potentialAction\":[{\"@type\":\"SearchAction\",\"target\":{\"@type\":\"EntryPoint\",\"urlTemplate\":\"https:\\\/\\\/esemineu.ro\\\/hu\\\/?s={search_term_string}\"},\"query-input\":{\"@type\":\"PropertyValueSpecification\",\"valueRequired\":true,\"valueName\":\"search_term_string\"}}],\"inLanguage\":\"hu\"}]}<\/script>\n<!-- \/ Yoast SEO Premium plugin. -->","yoast_head_json":{"title":"Rozsdamentes csatlakoz\u00f3muff D80 pelletkaz\u00e1nhoz, 0,5 mm","description":"Rozsdamentes csatlakoz\u00f3muff D80 pelletkaz\u00e1nhoz, 0,5 mm vastags\u00e1g, szilikon t\u00f6m\u00edt\u00e9ssel \u2013 biztons\u00e1gos \u00e9s t\u00f6m\u00edtett f\u00fcstcs\u0151kapcsolat.","robots":{"index":"index","follow":"follow","max-snippet":"max-snippet:-1","max-image-preview":"max-image-preview:large","max-video-preview":"max-video-preview:-1"},"canonical":"https:\/\/esemineu.ro\/hu\/termek\/rozsdamentes-csatlakozomuff-d80-pelletkazanhoz-05-mm-vastagsag\/","og_locale":"hu_HU","og_type":"article","og_title":"Rozsdamentes csatlakoz\u00f3muff D80 pelletkaz\u00e1nhoz, 0,5 mm","og_description":"Rozsdamentes csatlakoz\u00f3muff D80 pelletkaz\u00e1nhoz, 0,5 mm vastags\u00e1g, szilikon t\u00f6m\u00edt\u00e9ssel \u2013 biztons\u00e1gos \u00e9s t\u00f6m\u00edtett f\u00fcstcs\u0151kapcsolat.","og_url":"https:\/\/esemineu.ro\/hu\/termek\/rozsdamentes-csatlakozomuff-d80-pelletkazanhoz-05-mm-vastagsag\/","og_site_name":"eSemineu","article_publisher":"https:\/\/web.facebook.com\/eSemineu","article_modified_time":"2026-02-09T14:22:51+00:00","og_image":[{"width":800,"height":800,"url":"https:\/\/esemineu.ro\/wp-content\/uploads\/2025\/05\/mare_1_FAA22961.jpg","type":"image\/jpeg"}],"twitter_card":"summary_large_image","twitter_misc":{"Becs\u00fclt olvas\u00e1si id\u0151":"1 perc"},"schema":{"@context":"https:\/\/schema.org","@graph":[{"@type":"WebPage","@id":"https:\/\/esemineu.ro\/hu\/termek\/rozsdamentes-csatlakozomuff-d80-pelletkazanhoz-05-mm-vastagsag\/","url":"https:\/\/esemineu.ro\/hu\/termek\/rozsdamentes-csatlakozomuff-d80-pelletkazanhoz-05-mm-vastagsag\/","name":"Rozsdamentes csatlakoz\u00f3muff D80 pelletkaz\u00e1nhoz, 0,5 mm","isPartOf":{"@id":"https:\/\/esemineu.ro\/hu\/#website"},"primaryImageOfPage":{"@id":"https:\/\/esemineu.ro\/hu\/termek\/rozsdamentes-csatlakozomuff-d80-pelletkazanhoz-05-mm-vastagsag\/#primaryimage"},"image":{"@id":"https:\/\/esemineu.ro\/hu\/termek\/rozsdamentes-csatlakozomuff-d80-pelletkazanhoz-05-mm-vastagsag\/#primaryimage"},"thumbnailUrl":"https:\/\/esemineu.ro\/wp-content\/uploads\/2025\/05\/mare_1_FAA22961.jpg","datePublished":"2025-05-21T06:48:40+00:00","dateModified":"2026-02-09T14:22:51+00:00","description":"Rozsdamentes csatlakoz\u00f3muff D80 pelletkaz\u00e1nhoz, 0,5 mm vastags\u00e1g, szilikon t\u00f6m\u00edt\u00e9ssel \u2013 biztons\u00e1gos \u00e9s t\u00f6m\u00edtett f\u00fcstcs\u0151kapcsolat.","breadcrumb":{"@id":"https:\/\/esemineu.ro\/hu\/termek\/rozsdamentes-csatlakozomuff-d80-pelletkazanhoz-05-mm-vastagsag\/#breadcrumb"},"inLanguage":"hu","potentialAction":[{"@type":"ReadAction","target":["https:\/\/esemineu.ro\/hu\/termek\/rozsdamentes-csatlakozomuff-d80-pelletkazanhoz-05-mm-vastagsag\/"]}]},{"@type":"ImageObject","inLanguage":"hu","@id":"https:\/\/esemineu.ro\/hu\/termek\/rozsdamentes-csatlakozomuff-d80-pelletkazanhoz-05-mm-vastagsag\/#primaryimage","url":"https:\/\/esemineu.ro\/wp-content\/uploads\/2025\/05\/mare_1_FAA22961.jpg","contentUrl":"https:\/\/esemineu.ro\/wp-content\/uploads\/2025\/05\/mare_1_FAA22961.jpg","width":800,"height":800},{"@type":"BreadcrumbList","@id":"https:\/\/esemineu.ro\/hu\/termek\/rozsdamentes-csatlakozomuff-d80-pelletkazanhoz-05-mm-vastagsag\/#breadcrumb","itemListElement":[{"@type":"ListItem","position":1,"name":"Kezd\u0151lap","item":"https:\/\/esemineu.ro\/hu\/"},{"@type":"ListItem","position":2,"name":"\u00c1ruh\u00e1z","item":"https:\/\/esemineu.ro\/hu\/aruhaz\/"},{"@type":"ListItem","position":3,"name":"Rozsdamentes csatlakoz\u00f3muff D80 pelletkaz\u00e1nhoz, 0,5 mm vastags\u00e1g"}]},{"@type":"WebSite","@id":"https:\/\/esemineu.ro\/hu\/#website","url":"https:\/\/esemineu.ro\/hu\/","name":"eSemineu","description":"\u0218eminee de cea mai \u00eenalt\u0103 calitate","potentialAction":[{"@type":"SearchAction","target":{"@type":"EntryPoint","urlTemplate":"https:\/\/esemineu.ro\/hu\/?s={search_term_string}"},"query-input":{"@type":"PropertyValueSpecification","valueRequired":true,"valueName":"search_term_string"}}],"inLanguage":"hu"}]}},"_links":{"self":[{"href":"https:\/\/esemineu.ro\/hu\/wp-json\/wp\/v2\/product\/29356","targetHints":{"allow":["GET"]}}],"collection":[{"href":"https:\/\/esemineu.ro\/hu\/wp-json\/wp\/v2\/product"}],"about":[{"href":"https:\/\/esemineu.ro\/hu\/wp-json\/wp\/v2\/types\/product"}],"replies":[{"embeddable":true,"href":"https:\/\/esemineu.ro\/hu\/wp-json\/wp\/v2\/comments?post=29356"}],"wp:featuredmedia":[{"embeddable":true,"href":"https:\/\/esemineu.ro\/hu\/wp-json\/wp\/v2\/media\/29349"}],"wp:attachment":[{"href":"https:\/\/esemineu.ro\/hu\/wp-json\/wp\/v2\/media?parent=29356"}],"wp:term":[{"taxonomy":"product_brand","embeddable":true,"href":"https:\/\/esemineu.ro\/hu\/wp-json\/wp\/v2\/product_brand?post=29356"},{"taxonomy":"product_cat","embeddable":true,"href":"https:\/\/esemineu.ro\/hu\/wp-json\/wp\/v2\/product_cat?post=29356"},{"taxonomy":"product_tag","embeddable":true,"href":"https:\/\/esemineu.ro\/hu\/wp-json\/wp\/v2\/product_tag?post=29356"}],"curies":[{"name":"wp","href":"https:\/\/api.w.org\/{rel}","templated":true}]}}