{"id":29342,"date":"2025-05-21T08:18:12","date_gmt":"2025-05-21T06:18:12","guid":{"rendered":"https:\/\/esemineu.ro\/?post_type=product&#038;p=29342"},"modified":"2025-05-21T08:26:22","modified_gmt":"2025-05-21T06:26:22","slug":"pelletkazanhoz-valo-rozsdamentes-fustcso-1m-d80-mm-05-mm-szilikon-tomitessel","status":"publish","type":"product","link":"https:\/\/esemineu.ro\/hu\/termek\/pelletkazanhoz-valo-rozsdamentes-fustcso-1m-d80-mm-05-mm-szilikon-tomitessel\/","title":{"rendered":"Pelletkaz\u00e1nhoz val\u00f3 rozsdamentes f\u00fcstcs\u0151 1m, D80 mm, 0,5 mm, szilikon t\u00f6m\u00edt\u00e9ssel"},"content":{"rendered":"<p class=\"\" data-start=\"1040\" data-end=\"1631\">Pelletkaz\u00e1nhoz val\u00f3 rozsdamentes f\u00fcstcs\u0151 1m<\/p>\n<p>Rozsdamentes ac\u00e9l f\u00fcstcs\u0151 pelletkaz\u00e1nhoz, 1 m\u00e9teres hossz\u00fas\u00e1gban, 80 mm \u00e1tm\u00e9r\u0151vel.<br data-start=\"1122\" data-end=\"1125\" \/>AISI 304 rozsdamentes ac\u00e9lb\u00f3l k\u00e9sz\u00fcl, 0,5 mm falvastags\u00e1ggal.<br data-start=\"1186\" data-end=\"1189\" \/>Tartoz\u00e9k szilikon t\u00f6m\u00edt\u0151gy\u0171r\u0171 a biztons\u00e1gos csatlakoztat\u00e1shoz.<br data-start=\"1251\" data-end=\"1254\" \/>Kiv\u00e1l\u00f3 v\u00e1laszt\u00e1s pellet- vagy fat\u00fczel\u00e9s\u0171 kaz\u00e1nokhoz.<br data-start=\"1306\" data-end=\"1309\" \/>\u201eAnya\u2013apa\u201d csatlakoz\u00e1ssal gyorsan \u00e9s pontosan illeszthet\u0151.<br data-start=\"1367\" data-end=\"1370\" \/>Ellen\u00e1ll a magas h\u0151m\u00e9rs\u00e9kletnek \u00e9s nedvess\u00e9gnek.<br data-start=\"1418\" data-end=\"1421\" \/>Megb\u00edzhat\u00f3 f\u00fcstg\u00e1z-elvezet\u00e9st biztos\u00edt, sziv\u00e1rg\u00e1s n\u00e9lk\u00fcl.<br data-start=\"1478\" data-end=\"1481\" \/>Egyszer\u0171 szerel\u00e9s, kompatibilis minden D80-as rendszerrel.<br data-start=\"1539\" data-end=\"1542\" \/><strong data-start=\"1542\" data-end=\"1586\" data-is-only-node=\"\">V\u00e1laszd a D80-as rozsdamentes f\u00fcstcs\u00f6vet<\/strong>, ha tart\u00f3s \u00e9s biztons\u00e1gos megold\u00e1st keresel.<\/p>\n<h4>Sz\u00e1ll\u00edt\u00e1si hat\u00e1rid\u0151:<\/h4>\n<ul>\n<li><strong>Magyarorsz\u00e1g \u00e9s az eg\u00e9sz Eur\u00f3pai Uni\u00f3 ter\u00fclet\u00e9n<\/strong>\u00a0is sz\u00e1ll\u00edtjuk.<\/li>\n<li>Rom\u00e1ni\u00e1ba 2-3 munkanap alatt sz\u00e1ll\u00edtjuk<\/li>\n<li>Magyarorsz\u00e1gra es az EU ter\u00fclet\u00e9re az \u00e1tutal\u00e1s ut\u00e1n 5 munkanapon bel\u00fcl \u00e9rkezik meg a term\u00e9k.<\/li>\n<\/ul>\n<p>B\u00edzunk benne, hogy el\u00e9gedett lesz a Pelletkaz\u00e1nhoz val\u00f3 rozsdamentes f\u00fcstcs\u0151 1m term\u00e9kkel. Ha b\u00e1rmilyen k\u00e9rd\u00e9se van, k\u00e9rj\u00fck, l\u00e9pjen kapcsolatba vel\u00fcnk.<\/p>\n<p>Tov\u00e1bbi aj\u00e1nlatok\u00e9rt kattintson\u00a0<a href=\"https:\/\/esemineu.ro\/hu\/termek-kategoria\/fustcsovek\/\">ide<\/a><\/p>\n<p>T\u0151bb inform\u00e1ci\u00f3\u00e9rt l\u00e1togasson el\u00a0<a href=\"https:\/\/www.youtube.com\/@esemineuromania\">YouTube<\/a>-csatorn\u00e1nkra, valamint\u00a0<a href=\"https:\/\/www.facebook.com\/eSemineu\">Facebook<\/a>\u00a0\u00e9s\u00a0<a href=\"https:\/\/www.instagram.com\/esemineu\/\">Instagram<\/a>\u00a0oldalainkra.<\/p>\n<p><a href=\"https:\/\/esemineu.ro\/\">eSemineu.ro<\/a>\u00a0 \u00a0Te adod a t\u0171zet mi adjuk a meleget!<\/p>\n","protected":false},"excerpt":{"rendered":"<p>Pelletkaz\u00e1nhoz val\u00f3 rozsdamentes f\u00fcstcs\u0151 1m Rozsdamentes ac\u00e9l f\u00fcstcs\u0151 pelletkaz\u00e1nhoz, 1 m\u00e9teres hossz\u00fas\u00e1gban, 80 mm \u00e1tm\u00e9r\u0151vel.AISI 304 rozsdamentes ac\u00e9lb\u00f3l k\u00e9sz\u00fcl, 0,5 mm falvastags\u00e1ggal.Tartoz\u00e9k szilikon t\u00f6m\u00edt\u0151gy\u0171r\u0171 a biztons\u00e1gos csatlakoztat\u00e1shoz.Kiv\u00e1l\u00f3 v\u00e1laszt\u00e1s pellet- vagy fat\u00fczel\u00e9s\u0171 kaz\u00e1nokhoz.\u201eAnya\u2013apa\u201d csatlakoz\u00e1ssal gyorsan \u00e9s pontosan illeszthet\u0151.Ellen\u00e1ll a magas h\u0151m\u00e9rs\u00e9kletnek \u00e9s nedvess\u00e9gnek.Megb\u00edzhat\u00f3 f\u00fcstg\u00e1z-elvezet\u00e9st biztos\u00edt, sziv\u00e1rg\u00e1s n\u00e9lk\u00fcl.Egyszer\u0171 szerel\u00e9s, kompatibilis minden D80-as rendszerrel.V\u00e1laszd a D80-as rozsdamentes f\u00fcstcs\u00f6vet, ha tart\u00f3s \u00e9s biztons\u00e1gos megold\u00e1st keresel. Sz\u00e1ll\u00edt\u00e1si hat\u00e1rid\u0151: Magyarorsz\u00e1g \u00e9s az eg\u00e9sz Eur\u00f3pai Uni\u00f3 ter\u00fclet\u00e9n\u00a0is sz\u00e1ll\u00edtjuk. Rom\u00e1ni\u00e1ba 2-3 munkanap alatt sz\u00e1ll\u00edtjuk Magyarorsz\u00e1gra es az EU ter\u00fclet\u00e9re az \u00e1tutal\u00e1s ut\u00e1n 5 munkanapon bel\u00fcl \u00e9rkezik meg a term\u00e9k. B\u00edzunk benne, hogy el\u00e9gedett lesz a Pelletkaz\u00e1nhoz val\u00f3 rozsdamentes f\u00fcstcs\u0151 1m term\u00e9kkel. Ha b\u00e1rmilyen k\u00e9rd\u00e9se van, k\u00e9rj\u00fck, l\u00e9pjen kapcsolatba vel\u00fcnk. Tov\u00e1bbi aj\u00e1nlatok\u00e9rt kattintson\u00a0ide T\u0151bb inform\u00e1ci\u00f3\u00e9rt l\u00e1togasson el\u00a0YouTube-csatorn\u00e1nkra, valamint\u00a0Facebook\u00a0\u00e9s\u00a0Instagram\u00a0oldalainkra. eSemineu.ro\u00a0 \u00a0Te adod a t\u0171zet mi adjuk a meleget!<\/p>\n","protected":false},"featured_media":29341,"comment_status":"open","ping_status":"closed","template":"","meta":[],"product_brand":[1572],"product_cat":[2258,779,1472],"product_tag":[],"class_list":{"0":"post-29342","1":"product","2":"type-product","3":"status-publish","4":"has-post-thumbnail","6":"product_brand-pro-invest","7":"product_cat-80-inox","8":"product_cat-fustcsovek","9":"product_cat-rozsdamentes-szigetelt-kemeny","10":"product_shipping_class-fustcsovek","11":"pa_culoare-fenyes-rozsdamentes-acel-hu","12":"pa_material-rozsdamentes-acel-hu","14":"first","15":"onbackorder","16":"shipping-taxable","17":"purchasable","18":"product-type-simple"},"acf":[],"yoast_head":"<!-- This site is optimized with the Yoast SEO Premium plugin v21.0 (Yoast SEO v27.3) - https:\/\/yoast.com\/product\/yoast-seo-premium-wordpress\/ -->\n<title>Pelletkaz\u00e1nhoz val\u00f3 rozsdamentes f\u00fcstcs\u0151 1m, D80 mm, 0,5 mm<\/title>\n<meta name=\"description\" content=\"Pelletkaz\u00e1nhoz val\u00f3 rozsdamentes f\u00fcstcs\u0151 1m, D80 mm, 0,5 mm, szilikon t\u00f6m\u00edt\u00e9ssel \u2013 biztos \u00e9s hat\u00e9kony f\u00fcstg\u00e1z-elvezet\u00e9s. PRO\" \/>\n<meta name=\"robots\" content=\"index, follow, max-snippet:-1, max-image-preview:large, max-video-preview:-1\" \/>\n<link rel=\"canonical\" href=\"https:\/\/esemineu.ro\/hu\/termek\/pelletkazanhoz-valo-rozsdamentes-fustcso-1m-d80-mm-05-mm-szilikon-tomitessel\/\" \/>\n<meta property=\"og:locale\" content=\"hu_HU\" \/>\n<meta property=\"og:type\" content=\"article\" \/>\n<meta property=\"og:title\" content=\"Pelletkaz\u00e1nhoz val\u00f3 rozsdamentes f\u00fcstcs\u0151 1m, D80 mm, 0,5 mm\" \/>\n<meta property=\"og:description\" content=\"Pelletkaz\u00e1nhoz val\u00f3 rozsdamentes f\u00fcstcs\u0151 1m, D80 mm, 0,5 mm, szilikon t\u00f6m\u00edt\u00e9ssel \u2013 biztos \u00e9s hat\u00e9kony f\u00fcstg\u00e1z-elvezet\u00e9s. PRO\" \/>\n<meta property=\"og:url\" content=\"https:\/\/esemineu.ro\/hu\/termek\/pelletkazanhoz-valo-rozsdamentes-fustcso-1m-d80-mm-05-mm-szilikon-tomitessel\/\" \/>\n<meta property=\"og:site_name\" content=\"eSemineu\" \/>\n<meta property=\"article:publisher\" content=\"https:\/\/web.facebook.com\/eSemineu\" \/>\n<meta property=\"article:modified_time\" content=\"2025-05-21T06:26:22+00:00\" \/>\n<meta property=\"og:image\" content=\"https:\/\/esemineu.ro\/wp-content\/uploads\/2025\/05\/mare_1_FAA25701.jpg\" \/>\n\t<meta property=\"og:image:width\" content=\"800\" \/>\n\t<meta property=\"og:image:height\" content=\"800\" \/>\n\t<meta property=\"og:image:type\" content=\"image\/jpeg\" \/>\n<meta name=\"twitter:card\" content=\"summary_large_image\" \/>\n<meta name=\"twitter:label1\" content=\"Becs\u00fclt olvas\u00e1si id\u0151\" \/>\n\t<meta name=\"twitter:data1\" content=\"1 perc\" \/>\n<script type=\"application\/ld+json\" class=\"yoast-schema-graph\">{\"@context\":\"https:\\\/\\\/schema.org\",\"@graph\":[{\"@type\":\"WebPage\",\"@id\":\"https:\\\/\\\/esemineu.ro\\\/hu\\\/termek\\\/pelletkazanhoz-valo-rozsdamentes-fustcso-1m-d80-mm-05-mm-szilikon-tomitessel\\\/\",\"url\":\"https:\\\/\\\/esemineu.ro\\\/hu\\\/termek\\\/pelletkazanhoz-valo-rozsdamentes-fustcso-1m-d80-mm-05-mm-szilikon-tomitessel\\\/\",\"name\":\"Pelletkaz\u00e1nhoz val\u00f3 rozsdamentes f\u00fcstcs\u0151 1m, D80 mm, 0,5 mm\",\"isPartOf\":{\"@id\":\"https:\\\/\\\/esemineu.ro\\\/hu\\\/#website\"},\"primaryImageOfPage\":{\"@id\":\"https:\\\/\\\/esemineu.ro\\\/hu\\\/termek\\\/pelletkazanhoz-valo-rozsdamentes-fustcso-1m-d80-mm-05-mm-szilikon-tomitessel\\\/#primaryimage\"},\"image\":{\"@id\":\"https:\\\/\\\/esemineu.ro\\\/hu\\\/termek\\\/pelletkazanhoz-valo-rozsdamentes-fustcso-1m-d80-mm-05-mm-szilikon-tomitessel\\\/#primaryimage\"},\"thumbnailUrl\":\"https:\\\/\\\/esemineu.ro\\\/wp-content\\\/uploads\\\/2025\\\/05\\\/mare_1_FAA25701.jpg\",\"datePublished\":\"2025-05-21T06:18:12+00:00\",\"dateModified\":\"2025-05-21T06:26:22+00:00\",\"description\":\"Pelletkaz\u00e1nhoz val\u00f3 rozsdamentes f\u00fcstcs\u0151 1m, D80 mm, 0,5 mm, szilikon t\u00f6m\u00edt\u00e9ssel \u2013 biztos \u00e9s hat\u00e9kony f\u00fcstg\u00e1z-elvezet\u00e9s. PRO\",\"breadcrumb\":{\"@id\":\"https:\\\/\\\/esemineu.ro\\\/hu\\\/termek\\\/pelletkazanhoz-valo-rozsdamentes-fustcso-1m-d80-mm-05-mm-szilikon-tomitessel\\\/#breadcrumb\"},\"inLanguage\":\"hu\",\"potentialAction\":[{\"@type\":\"ReadAction\",\"target\":[\"https:\\\/\\\/esemineu.ro\\\/hu\\\/termek\\\/pelletkazanhoz-valo-rozsdamentes-fustcso-1m-d80-mm-05-mm-szilikon-tomitessel\\\/\"]}]},{\"@type\":\"ImageObject\",\"inLanguage\":\"hu\",\"@id\":\"https:\\\/\\\/esemineu.ro\\\/hu\\\/termek\\\/pelletkazanhoz-valo-rozsdamentes-fustcso-1m-d80-mm-05-mm-szilikon-tomitessel\\\/#primaryimage\",\"url\":\"https:\\\/\\\/esemineu.ro\\\/wp-content\\\/uploads\\\/2025\\\/05\\\/mare_1_FAA25701.jpg\",\"contentUrl\":\"https:\\\/\\\/esemineu.ro\\\/wp-content\\\/uploads\\\/2025\\\/05\\\/mare_1_FAA25701.jpg\",\"width\":800,\"height\":800},{\"@type\":\"BreadcrumbList\",\"@id\":\"https:\\\/\\\/esemineu.ro\\\/hu\\\/termek\\\/pelletkazanhoz-valo-rozsdamentes-fustcso-1m-d80-mm-05-mm-szilikon-tomitessel\\\/#breadcrumb\",\"itemListElement\":[{\"@type\":\"ListItem\",\"position\":1,\"name\":\"Kezd\u0151lap\",\"item\":\"https:\\\/\\\/esemineu.ro\\\/hu\\\/\"},{\"@type\":\"ListItem\",\"position\":2,\"name\":\"\u00c1ruh\u00e1z\",\"item\":\"https:\\\/\\\/esemineu.ro\\\/hu\\\/aruhaz\\\/\"},{\"@type\":\"ListItem\",\"position\":3,\"name\":\"Pelletkaz\u00e1nhoz val\u00f3 rozsdamentes f\u00fcstcs\u0151 1m, D80 mm, 0,5 mm, szilikon t\u00f6m\u00edt\u00e9ssel\"}]},{\"@type\":\"WebSite\",\"@id\":\"https:\\\/\\\/esemineu.ro\\\/hu\\\/#website\",\"url\":\"https:\\\/\\\/esemineu.ro\\\/hu\\\/\",\"name\":\"eSemineu\",\"description\":\"\u0218eminee de cea mai \u00eenalt\u0103 calitate\",\"potentialAction\":[{\"@type\":\"SearchAction\",\"target\":{\"@type\":\"EntryPoint\",\"urlTemplate\":\"https:\\\/\\\/esemineu.ro\\\/hu\\\/?s={search_term_string}\"},\"query-input\":{\"@type\":\"PropertyValueSpecification\",\"valueRequired\":true,\"valueName\":\"search_term_string\"}}],\"inLanguage\":\"hu\"}]}<\/script>\n<!-- \/ Yoast SEO Premium plugin. -->","yoast_head_json":{"title":"Pelletkaz\u00e1nhoz val\u00f3 rozsdamentes f\u00fcstcs\u0151 1m, D80 mm, 0,5 mm","description":"Pelletkaz\u00e1nhoz val\u00f3 rozsdamentes f\u00fcstcs\u0151 1m, D80 mm, 0,5 mm, szilikon t\u00f6m\u00edt\u00e9ssel \u2013 biztos \u00e9s hat\u00e9kony f\u00fcstg\u00e1z-elvezet\u00e9s. PRO","robots":{"index":"index","follow":"follow","max-snippet":"max-snippet:-1","max-image-preview":"max-image-preview:large","max-video-preview":"max-video-preview:-1"},"canonical":"https:\/\/esemineu.ro\/hu\/termek\/pelletkazanhoz-valo-rozsdamentes-fustcso-1m-d80-mm-05-mm-szilikon-tomitessel\/","og_locale":"hu_HU","og_type":"article","og_title":"Pelletkaz\u00e1nhoz val\u00f3 rozsdamentes f\u00fcstcs\u0151 1m, D80 mm, 0,5 mm","og_description":"Pelletkaz\u00e1nhoz val\u00f3 rozsdamentes f\u00fcstcs\u0151 1m, D80 mm, 0,5 mm, szilikon t\u00f6m\u00edt\u00e9ssel \u2013 biztos \u00e9s hat\u00e9kony f\u00fcstg\u00e1z-elvezet\u00e9s. PRO","og_url":"https:\/\/esemineu.ro\/hu\/termek\/pelletkazanhoz-valo-rozsdamentes-fustcso-1m-d80-mm-05-mm-szilikon-tomitessel\/","og_site_name":"eSemineu","article_publisher":"https:\/\/web.facebook.com\/eSemineu","article_modified_time":"2025-05-21T06:26:22+00:00","og_image":[{"width":800,"height":800,"url":"https:\/\/esemineu.ro\/wp-content\/uploads\/2025\/05\/mare_1_FAA25701.jpg","type":"image\/jpeg"}],"twitter_card":"summary_large_image","twitter_misc":{"Becs\u00fclt olvas\u00e1si id\u0151":"1 perc"},"schema":{"@context":"https:\/\/schema.org","@graph":[{"@type":"WebPage","@id":"https:\/\/esemineu.ro\/hu\/termek\/pelletkazanhoz-valo-rozsdamentes-fustcso-1m-d80-mm-05-mm-szilikon-tomitessel\/","url":"https:\/\/esemineu.ro\/hu\/termek\/pelletkazanhoz-valo-rozsdamentes-fustcso-1m-d80-mm-05-mm-szilikon-tomitessel\/","name":"Pelletkaz\u00e1nhoz val\u00f3 rozsdamentes f\u00fcstcs\u0151 1m, D80 mm, 0,5 mm","isPartOf":{"@id":"https:\/\/esemineu.ro\/hu\/#website"},"primaryImageOfPage":{"@id":"https:\/\/esemineu.ro\/hu\/termek\/pelletkazanhoz-valo-rozsdamentes-fustcso-1m-d80-mm-05-mm-szilikon-tomitessel\/#primaryimage"},"image":{"@id":"https:\/\/esemineu.ro\/hu\/termek\/pelletkazanhoz-valo-rozsdamentes-fustcso-1m-d80-mm-05-mm-szilikon-tomitessel\/#primaryimage"},"thumbnailUrl":"https:\/\/esemineu.ro\/wp-content\/uploads\/2025\/05\/mare_1_FAA25701.jpg","datePublished":"2025-05-21T06:18:12+00:00","dateModified":"2025-05-21T06:26:22+00:00","description":"Pelletkaz\u00e1nhoz val\u00f3 rozsdamentes f\u00fcstcs\u0151 1m, D80 mm, 0,5 mm, szilikon t\u00f6m\u00edt\u00e9ssel \u2013 biztos \u00e9s hat\u00e9kony f\u00fcstg\u00e1z-elvezet\u00e9s. PRO","breadcrumb":{"@id":"https:\/\/esemineu.ro\/hu\/termek\/pelletkazanhoz-valo-rozsdamentes-fustcso-1m-d80-mm-05-mm-szilikon-tomitessel\/#breadcrumb"},"inLanguage":"hu","potentialAction":[{"@type":"ReadAction","target":["https:\/\/esemineu.ro\/hu\/termek\/pelletkazanhoz-valo-rozsdamentes-fustcso-1m-d80-mm-05-mm-szilikon-tomitessel\/"]}]},{"@type":"ImageObject","inLanguage":"hu","@id":"https:\/\/esemineu.ro\/hu\/termek\/pelletkazanhoz-valo-rozsdamentes-fustcso-1m-d80-mm-05-mm-szilikon-tomitessel\/#primaryimage","url":"https:\/\/esemineu.ro\/wp-content\/uploads\/2025\/05\/mare_1_FAA25701.jpg","contentUrl":"https:\/\/esemineu.ro\/wp-content\/uploads\/2025\/05\/mare_1_FAA25701.jpg","width":800,"height":800},{"@type":"BreadcrumbList","@id":"https:\/\/esemineu.ro\/hu\/termek\/pelletkazanhoz-valo-rozsdamentes-fustcso-1m-d80-mm-05-mm-szilikon-tomitessel\/#breadcrumb","itemListElement":[{"@type":"ListItem","position":1,"name":"Kezd\u0151lap","item":"https:\/\/esemineu.ro\/hu\/"},{"@type":"ListItem","position":2,"name":"\u00c1ruh\u00e1z","item":"https:\/\/esemineu.ro\/hu\/aruhaz\/"},{"@type":"ListItem","position":3,"name":"Pelletkaz\u00e1nhoz val\u00f3 rozsdamentes f\u00fcstcs\u0151 1m, D80 mm, 0,5 mm, szilikon t\u00f6m\u00edt\u00e9ssel"}]},{"@type":"WebSite","@id":"https:\/\/esemineu.ro\/hu\/#website","url":"https:\/\/esemineu.ro\/hu\/","name":"eSemineu","description":"\u0218eminee de cea mai \u00eenalt\u0103 calitate","potentialAction":[{"@type":"SearchAction","target":{"@type":"EntryPoint","urlTemplate":"https:\/\/esemineu.ro\/hu\/?s={search_term_string}"},"query-input":{"@type":"PropertyValueSpecification","valueRequired":true,"valueName":"search_term_string"}}],"inLanguage":"hu"}]}},"_links":{"self":[{"href":"https:\/\/esemineu.ro\/hu\/wp-json\/wp\/v2\/product\/29342","targetHints":{"allow":["GET"]}}],"collection":[{"href":"https:\/\/esemineu.ro\/hu\/wp-json\/wp\/v2\/product"}],"about":[{"href":"https:\/\/esemineu.ro\/hu\/wp-json\/wp\/v2\/types\/product"}],"replies":[{"embeddable":true,"href":"https:\/\/esemineu.ro\/hu\/wp-json\/wp\/v2\/comments?post=29342"}],"wp:featuredmedia":[{"embeddable":true,"href":"https:\/\/esemineu.ro\/hu\/wp-json\/wp\/v2\/media\/29341"}],"wp:attachment":[{"href":"https:\/\/esemineu.ro\/hu\/wp-json\/wp\/v2\/media?parent=29342"}],"wp:term":[{"taxonomy":"product_brand","embeddable":true,"href":"https:\/\/esemineu.ro\/hu\/wp-json\/wp\/v2\/product_brand?post=29342"},{"taxonomy":"product_cat","embeddable":true,"href":"https:\/\/esemineu.ro\/hu\/wp-json\/wp\/v2\/product_cat?post=29342"},{"taxonomy":"product_tag","embeddable":true,"href":"https:\/\/esemineu.ro\/hu\/wp-json\/wp\/v2\/product_tag?post=29342"}],"curies":[{"name":"wp","href":"https:\/\/api.w.org\/{rel}","templated":true}]}}