{"id":29316,"date":"2025-05-19T09:57:26","date_gmt":"2025-05-19T07:57:26","guid":{"rendered":"https:\/\/esemineu.ro\/?post_type=product&#038;p=29316"},"modified":"2025-05-19T09:59:34","modified_gmt":"2025-05-19T07:59:34","slug":"kupos-rozsdamentes-acel-kemenyveg-dupla-falu-d180-250-05-mm","status":"publish","type":"product","link":"https:\/\/esemineu.ro\/hu\/termek\/kupos-rozsdamentes-acel-kemenyveg-dupla-falu-d180-250-05-mm\/","title":{"rendered":"K\u00fapos rozsdamentes ac\u00e9l k\u00e9m\u00e9nyv\u00e9g, dupla fal\u00fa, D180\/250, 0,5 mm"},"content":{"rendered":"<p>K\u00fapos rozsdamentes ac\u00e9l k\u00e9m\u00e9nyv\u00e9g<\/p>\n<p>K\u00fapos k\u00e9m\u00e9nyv\u00e9g elem dupla fal\u00fa f\u00fcstcs\u0151rendszerhez, 180\/250 mm \u00e1tm\u00e9r\u0151vel.<br data-start=\"356\" data-end=\"359\" \/>AISI 304 rozsdamentes ac\u00e9lb\u00f3l k\u00e9sz\u00fclt, 0,5 mm vastags\u00e1g\u00fa kivitel.<br data-start=\"424\" data-end=\"427\" \/>Megb\u00edzhat\u00f3 befejez\u0151 elem a k\u00e9m\u00e9nyrendszer fels\u0151 lez\u00e1r\u00e1s\u00e1hoz.<br data-start=\"487\" data-end=\"490\" \/>V\u00e9di a k\u00e9m\u00e9nyt a k\u00fcls\u0151 hat\u00e1sokkal \u00e9s csapad\u00e9kkal szemben.<br data-start=\"547\" data-end=\"550\" \/>Seg\u00edti a huzat kialakul\u00e1s\u00e1t \u00e9s jav\u00edtja a f\u00fcstg\u00e1z\u00e1raml\u00e1st.<br data-start=\"607\" data-end=\"610\" \/>Eszt\u00e9tikus, k\u00fapos form\u00e1ja j\u00f3l illik a tet\u0151 architekt\u00far\u00e1j\u00e1hoz.<br data-start=\"671\" data-end=\"674\" \/>Egyszer\u0171en szerelhet\u0151 m\u00e1s VULCANO rendszer\u0171 elemekhez.<br data-start=\"728\" data-end=\"731\" \/>Stabil \u00e9s sz\u00e9l\u00e1ll\u00f3 kialak\u00edt\u00e1s hossz\u00fa t\u00e1v\u00fa k\u00fclt\u00e9ri haszn\u00e1latra.<br data-start=\"793\" data-end=\"796\" \/><strong data-start=\"796\" data-end=\"844\">V\u00e1laszd a D180\/250 VULCANO k\u00fapos k\u00e9m\u00e9nyv\u00e9get<\/strong>, ha profi lez\u00e1r\u00e1sra van sz\u00fcks\u00e9ged.<\/p>\n<h4>Sz\u00e1ll\u00edt\u00e1si hat\u00e1rid\u0151:<\/h4>\n<ul>\n<li><strong>Magyarorsz\u00e1g \u00e9s az eg\u00e9sz Eur\u00f3pai Uni\u00f3 ter\u00fclet\u00e9n<\/strong>\u00a0is sz\u00e1ll\u00edtjuk.<\/li>\n<li>Rom\u00e1ni\u00e1ba 2-3 munkanap alatt sz\u00e1ll\u00edtjuk<\/li>\n<li>Magyarorsz\u00e1gra es az EU ter\u00fclet\u00e9re az \u00e1tutal\u00e1s ut\u00e1n 5 munkanapon bel\u00fcl \u00e9rkezik meg a term\u00e9k.<\/li>\n<\/ul>\n<p>B\u00edzunk benne, hogy el\u00e9gedett lesz a K\u00fapos rozsdamentes ac\u00e9l k\u00e9m\u00e9nyv\u00e9g term\u00e9kkel. Ha b\u00e1rmilyen k\u00e9rd\u00e9se van, k\u00e9rj\u00fck, l\u00e9pjen kapcsolatba vel\u00fcnk.<\/p>\n<p>Tov\u00e1bbi aj\u00e1nlatok\u00e9rt kattintson\u00a0<a href=\"https:\/\/esemineu.ro\/hu\/termek-kategoria\/fustcsovek\/\">ide<\/a><\/p>\n<p>T\u0151bb inform\u00e1ci\u00f3\u00e9rt l\u00e1togasson el\u00a0<a href=\"https:\/\/www.youtube.com\/@esemineuromania\">YouTube<\/a>-csatorn\u00e1nkra, valamint\u00a0<a href=\"https:\/\/www.facebook.com\/eSemineu\">Facebook<\/a>\u00a0\u00e9s\u00a0<a href=\"https:\/\/www.instagram.com\/esemineu\/\">Instagram<\/a>\u00a0oldalainkra.<\/p>\n<p><a href=\"https:\/\/esemineu.ro\/\">eSemineu.ro<\/a>\u00a0 \u00a0Te adod a t\u0171zet mi adjuk a meleget!<\/p>\n","protected":false},"excerpt":{"rendered":"<p>K\u00fapos rozsdamentes ac\u00e9l k\u00e9m\u00e9nyv\u00e9g K\u00fapos k\u00e9m\u00e9nyv\u00e9g elem dupla fal\u00fa f\u00fcstcs\u0151rendszerhez, 180\/250 mm \u00e1tm\u00e9r\u0151vel.AISI 304 rozsdamentes ac\u00e9lb\u00f3l k\u00e9sz\u00fclt, 0,5 mm vastags\u00e1g\u00fa kivitel.Megb\u00edzhat\u00f3 befejez\u0151 elem a k\u00e9m\u00e9nyrendszer fels\u0151 lez\u00e1r\u00e1s\u00e1hoz.V\u00e9di a k\u00e9m\u00e9nyt a k\u00fcls\u0151 hat\u00e1sokkal \u00e9s csapad\u00e9kkal szemben.Seg\u00edti a huzat kialakul\u00e1s\u00e1t \u00e9s jav\u00edtja a f\u00fcstg\u00e1z\u00e1raml\u00e1st.Eszt\u00e9tikus, k\u00fapos form\u00e1ja j\u00f3l illik a tet\u0151 architekt\u00far\u00e1j\u00e1hoz.Egyszer\u0171en szerelhet\u0151 m\u00e1s VULCANO rendszer\u0171 elemekhez.Stabil \u00e9s sz\u00e9l\u00e1ll\u00f3 kialak\u00edt\u00e1s hossz\u00fa t\u00e1v\u00fa k\u00fclt\u00e9ri haszn\u00e1latra.V\u00e1laszd a D180\/250 VULCANO k\u00fapos k\u00e9m\u00e9nyv\u00e9get, ha profi lez\u00e1r\u00e1sra van sz\u00fcks\u00e9ged. Sz\u00e1ll\u00edt\u00e1si hat\u00e1rid\u0151: Magyarorsz\u00e1g \u00e9s az eg\u00e9sz Eur\u00f3pai Uni\u00f3 ter\u00fclet\u00e9n\u00a0is sz\u00e1ll\u00edtjuk. Rom\u00e1ni\u00e1ba 2-3 munkanap alatt sz\u00e1ll\u00edtjuk Magyarorsz\u00e1gra es az EU ter\u00fclet\u00e9re az \u00e1tutal\u00e1s ut\u00e1n 5 munkanapon bel\u00fcl \u00e9rkezik meg a term\u00e9k. B\u00edzunk benne, hogy el\u00e9gedett lesz a K\u00fapos rozsdamentes ac\u00e9l k\u00e9m\u00e9nyv\u00e9g term\u00e9kkel. Ha b\u00e1rmilyen k\u00e9rd\u00e9se van, k\u00e9rj\u00fck, l\u00e9pjen kapcsolatba vel\u00fcnk. Tov\u00e1bbi aj\u00e1nlatok\u00e9rt kattintson\u00a0ide T\u0151bb inform\u00e1ci\u00f3\u00e9rt l\u00e1togasson el\u00a0YouTube-csatorn\u00e1nkra, valamint\u00a0Facebook\u00a0\u00e9s\u00a0Instagram\u00a0oldalainkra. eSemineu.ro\u00a0 \u00a0Te adod a t\u0171zet mi adjuk a meleget!<\/p>\n","protected":false},"featured_media":29158,"comment_status":"open","ping_status":"closed","template":"","meta":[],"product_brand":[1572],"product_cat":[1476,779,1472],"product_tag":[],"class_list":{"0":"post-29316","1":"product","2":"type-product","3":"status-publish","4":"has-post-thumbnail","6":"product_brand-pro-invest","7":"product_cat-180-szigetelt","8":"product_cat-fustcsovek","9":"product_cat-rozsdamentes-szigetelt-kemeny","10":"product_shipping_class-fustcsovek","11":"pa_culoare-fenyes-rozsdamentes-acel-hu","12":"pa_material-rozsdamentes-acel-hu","14":"first","15":"onbackorder","16":"shipping-taxable","17":"purchasable","18":"product-type-simple"},"acf":[],"yoast_head":"<!-- This site is optimized with the Yoast SEO Premium plugin v21.0 (Yoast SEO v27.3) - https:\/\/yoast.com\/product\/yoast-seo-premium-wordpress\/ -->\n<title>K\u00fapos rozsdamentes ac\u00e9l k\u00e9m\u00e9nyv\u00e9g, dupla fal\u00fa, D180\/250<\/title>\n<meta name=\"description\" content=\"K\u00fapos rozsdamentes ac\u00e9l k\u00e9m\u00e9nyv\u00e9g D180\/250 VULCANO \u2013 tart\u00f3s, id\u0151j\u00e1r\u00e1s\u00e1ll\u00f3 lez\u00e1r\u00f3elem 0,5 mm vastags\u00e1gban, dupla fal\u00fa rendszerekhez.\" \/>\n<meta name=\"robots\" content=\"index, follow, max-snippet:-1, max-image-preview:large, max-video-preview:-1\" \/>\n<link rel=\"canonical\" href=\"https:\/\/esemineu.ro\/hu\/termek\/kupos-rozsdamentes-acel-kemenyveg-dupla-falu-d180-250-05-mm\/\" \/>\n<meta property=\"og:locale\" content=\"hu_HU\" \/>\n<meta property=\"og:type\" content=\"article\" \/>\n<meta property=\"og:title\" content=\"K\u00fapos rozsdamentes ac\u00e9l k\u00e9m\u00e9nyv\u00e9g, dupla fal\u00fa, D180\/250\" \/>\n<meta property=\"og:description\" content=\"K\u00fapos rozsdamentes ac\u00e9l k\u00e9m\u00e9nyv\u00e9g D180\/250 VULCANO \u2013 tart\u00f3s, id\u0151j\u00e1r\u00e1s\u00e1ll\u00f3 lez\u00e1r\u00f3elem 0,5 mm vastags\u00e1gban, dupla fal\u00fa rendszerekhez.\" \/>\n<meta property=\"og:url\" content=\"https:\/\/esemineu.ro\/hu\/termek\/kupos-rozsdamentes-acel-kemenyveg-dupla-falu-d180-250-05-mm\/\" \/>\n<meta property=\"og:site_name\" content=\"eSemineu\" \/>\n<meta property=\"article:publisher\" content=\"https:\/\/web.facebook.com\/eSemineu\" \/>\n<meta property=\"article:modified_time\" content=\"2025-05-19T07:59:34+00:00\" \/>\n<meta property=\"og:image\" content=\"https:\/\/esemineu.ro\/wp-content\/uploads\/2025\/05\/mare_1_FAA23331.jpg\" \/>\n\t<meta property=\"og:image:width\" content=\"800\" \/>\n\t<meta property=\"og:image:height\" content=\"800\" \/>\n\t<meta property=\"og:image:type\" content=\"image\/jpeg\" \/>\n<meta name=\"twitter:card\" content=\"summary_large_image\" \/>\n<meta name=\"twitter:label1\" content=\"Becs\u00fclt olvas\u00e1si id\u0151\" \/>\n\t<meta name=\"twitter:data1\" content=\"1 perc\" \/>\n<script type=\"application\/ld+json\" class=\"yoast-schema-graph\">{\"@context\":\"https:\\\/\\\/schema.org\",\"@graph\":[{\"@type\":\"WebPage\",\"@id\":\"https:\\\/\\\/esemineu.ro\\\/hu\\\/termek\\\/kupos-rozsdamentes-acel-kemenyveg-dupla-falu-d180-250-05-mm\\\/\",\"url\":\"https:\\\/\\\/esemineu.ro\\\/hu\\\/termek\\\/kupos-rozsdamentes-acel-kemenyveg-dupla-falu-d180-250-05-mm\\\/\",\"name\":\"K\u00fapos rozsdamentes ac\u00e9l k\u00e9m\u00e9nyv\u00e9g, dupla fal\u00fa, D180\\\/250\",\"isPartOf\":{\"@id\":\"https:\\\/\\\/esemineu.ro\\\/hu\\\/#website\"},\"primaryImageOfPage\":{\"@id\":\"https:\\\/\\\/esemineu.ro\\\/hu\\\/termek\\\/kupos-rozsdamentes-acel-kemenyveg-dupla-falu-d180-250-05-mm\\\/#primaryimage\"},\"image\":{\"@id\":\"https:\\\/\\\/esemineu.ro\\\/hu\\\/termek\\\/kupos-rozsdamentes-acel-kemenyveg-dupla-falu-d180-250-05-mm\\\/#primaryimage\"},\"thumbnailUrl\":\"https:\\\/\\\/esemineu.ro\\\/wp-content\\\/uploads\\\/2025\\\/05\\\/mare_1_FAA23331.jpg\",\"datePublished\":\"2025-05-19T07:57:26+00:00\",\"dateModified\":\"2025-05-19T07:59:34+00:00\",\"description\":\"K\u00fapos rozsdamentes ac\u00e9l k\u00e9m\u00e9nyv\u00e9g D180\\\/250 VULCANO \u2013 tart\u00f3s, id\u0151j\u00e1r\u00e1s\u00e1ll\u00f3 lez\u00e1r\u00f3elem 0,5 mm vastags\u00e1gban, dupla fal\u00fa rendszerekhez.\",\"breadcrumb\":{\"@id\":\"https:\\\/\\\/esemineu.ro\\\/hu\\\/termek\\\/kupos-rozsdamentes-acel-kemenyveg-dupla-falu-d180-250-05-mm\\\/#breadcrumb\"},\"inLanguage\":\"hu\",\"potentialAction\":[{\"@type\":\"ReadAction\",\"target\":[\"https:\\\/\\\/esemineu.ro\\\/hu\\\/termek\\\/kupos-rozsdamentes-acel-kemenyveg-dupla-falu-d180-250-05-mm\\\/\"]}]},{\"@type\":\"ImageObject\",\"inLanguage\":\"hu\",\"@id\":\"https:\\\/\\\/esemineu.ro\\\/hu\\\/termek\\\/kupos-rozsdamentes-acel-kemenyveg-dupla-falu-d180-250-05-mm\\\/#primaryimage\",\"url\":\"https:\\\/\\\/esemineu.ro\\\/wp-content\\\/uploads\\\/2025\\\/05\\\/mare_1_FAA23331.jpg\",\"contentUrl\":\"https:\\\/\\\/esemineu.ro\\\/wp-content\\\/uploads\\\/2025\\\/05\\\/mare_1_FAA23331.jpg\",\"width\":800,\"height\":800},{\"@type\":\"BreadcrumbList\",\"@id\":\"https:\\\/\\\/esemineu.ro\\\/hu\\\/termek\\\/kupos-rozsdamentes-acel-kemenyveg-dupla-falu-d180-250-05-mm\\\/#breadcrumb\",\"itemListElement\":[{\"@type\":\"ListItem\",\"position\":1,\"name\":\"Kezd\u0151lap\",\"item\":\"https:\\\/\\\/esemineu.ro\\\/hu\\\/\"},{\"@type\":\"ListItem\",\"position\":2,\"name\":\"\u00c1ruh\u00e1z\",\"item\":\"https:\\\/\\\/esemineu.ro\\\/hu\\\/aruhaz\\\/\"},{\"@type\":\"ListItem\",\"position\":3,\"name\":\"K\u00fapos rozsdamentes ac\u00e9l k\u00e9m\u00e9nyv\u00e9g, dupla fal\u00fa, D180\\\/250, 0,5 mm\"}]},{\"@type\":\"WebSite\",\"@id\":\"https:\\\/\\\/esemineu.ro\\\/hu\\\/#website\",\"url\":\"https:\\\/\\\/esemineu.ro\\\/hu\\\/\",\"name\":\"eSemineu\",\"description\":\"\u0218eminee de cea mai \u00eenalt\u0103 calitate\",\"potentialAction\":[{\"@type\":\"SearchAction\",\"target\":{\"@type\":\"EntryPoint\",\"urlTemplate\":\"https:\\\/\\\/esemineu.ro\\\/hu\\\/?s={search_term_string}\"},\"query-input\":{\"@type\":\"PropertyValueSpecification\",\"valueRequired\":true,\"valueName\":\"search_term_string\"}}],\"inLanguage\":\"hu\"}]}<\/script>\n<!-- \/ Yoast SEO Premium plugin. -->","yoast_head_json":{"title":"K\u00fapos rozsdamentes ac\u00e9l k\u00e9m\u00e9nyv\u00e9g, dupla fal\u00fa, D180\/250","description":"K\u00fapos rozsdamentes ac\u00e9l k\u00e9m\u00e9nyv\u00e9g D180\/250 VULCANO \u2013 tart\u00f3s, id\u0151j\u00e1r\u00e1s\u00e1ll\u00f3 lez\u00e1r\u00f3elem 0,5 mm vastags\u00e1gban, dupla fal\u00fa rendszerekhez.","robots":{"index":"index","follow":"follow","max-snippet":"max-snippet:-1","max-image-preview":"max-image-preview:large","max-video-preview":"max-video-preview:-1"},"canonical":"https:\/\/esemineu.ro\/hu\/termek\/kupos-rozsdamentes-acel-kemenyveg-dupla-falu-d180-250-05-mm\/","og_locale":"hu_HU","og_type":"article","og_title":"K\u00fapos rozsdamentes ac\u00e9l k\u00e9m\u00e9nyv\u00e9g, dupla fal\u00fa, D180\/250","og_description":"K\u00fapos rozsdamentes ac\u00e9l k\u00e9m\u00e9nyv\u00e9g D180\/250 VULCANO \u2013 tart\u00f3s, id\u0151j\u00e1r\u00e1s\u00e1ll\u00f3 lez\u00e1r\u00f3elem 0,5 mm vastags\u00e1gban, dupla fal\u00fa rendszerekhez.","og_url":"https:\/\/esemineu.ro\/hu\/termek\/kupos-rozsdamentes-acel-kemenyveg-dupla-falu-d180-250-05-mm\/","og_site_name":"eSemineu","article_publisher":"https:\/\/web.facebook.com\/eSemineu","article_modified_time":"2025-05-19T07:59:34+00:00","og_image":[{"width":800,"height":800,"url":"https:\/\/esemineu.ro\/wp-content\/uploads\/2025\/05\/mare_1_FAA23331.jpg","type":"image\/jpeg"}],"twitter_card":"summary_large_image","twitter_misc":{"Becs\u00fclt olvas\u00e1si id\u0151":"1 perc"},"schema":{"@context":"https:\/\/schema.org","@graph":[{"@type":"WebPage","@id":"https:\/\/esemineu.ro\/hu\/termek\/kupos-rozsdamentes-acel-kemenyveg-dupla-falu-d180-250-05-mm\/","url":"https:\/\/esemineu.ro\/hu\/termek\/kupos-rozsdamentes-acel-kemenyveg-dupla-falu-d180-250-05-mm\/","name":"K\u00fapos rozsdamentes ac\u00e9l k\u00e9m\u00e9nyv\u00e9g, dupla fal\u00fa, D180\/250","isPartOf":{"@id":"https:\/\/esemineu.ro\/hu\/#website"},"primaryImageOfPage":{"@id":"https:\/\/esemineu.ro\/hu\/termek\/kupos-rozsdamentes-acel-kemenyveg-dupla-falu-d180-250-05-mm\/#primaryimage"},"image":{"@id":"https:\/\/esemineu.ro\/hu\/termek\/kupos-rozsdamentes-acel-kemenyveg-dupla-falu-d180-250-05-mm\/#primaryimage"},"thumbnailUrl":"https:\/\/esemineu.ro\/wp-content\/uploads\/2025\/05\/mare_1_FAA23331.jpg","datePublished":"2025-05-19T07:57:26+00:00","dateModified":"2025-05-19T07:59:34+00:00","description":"K\u00fapos rozsdamentes ac\u00e9l k\u00e9m\u00e9nyv\u00e9g D180\/250 VULCANO \u2013 tart\u00f3s, id\u0151j\u00e1r\u00e1s\u00e1ll\u00f3 lez\u00e1r\u00f3elem 0,5 mm vastags\u00e1gban, dupla fal\u00fa rendszerekhez.","breadcrumb":{"@id":"https:\/\/esemineu.ro\/hu\/termek\/kupos-rozsdamentes-acel-kemenyveg-dupla-falu-d180-250-05-mm\/#breadcrumb"},"inLanguage":"hu","potentialAction":[{"@type":"ReadAction","target":["https:\/\/esemineu.ro\/hu\/termek\/kupos-rozsdamentes-acel-kemenyveg-dupla-falu-d180-250-05-mm\/"]}]},{"@type":"ImageObject","inLanguage":"hu","@id":"https:\/\/esemineu.ro\/hu\/termek\/kupos-rozsdamentes-acel-kemenyveg-dupla-falu-d180-250-05-mm\/#primaryimage","url":"https:\/\/esemineu.ro\/wp-content\/uploads\/2025\/05\/mare_1_FAA23331.jpg","contentUrl":"https:\/\/esemineu.ro\/wp-content\/uploads\/2025\/05\/mare_1_FAA23331.jpg","width":800,"height":800},{"@type":"BreadcrumbList","@id":"https:\/\/esemineu.ro\/hu\/termek\/kupos-rozsdamentes-acel-kemenyveg-dupla-falu-d180-250-05-mm\/#breadcrumb","itemListElement":[{"@type":"ListItem","position":1,"name":"Kezd\u0151lap","item":"https:\/\/esemineu.ro\/hu\/"},{"@type":"ListItem","position":2,"name":"\u00c1ruh\u00e1z","item":"https:\/\/esemineu.ro\/hu\/aruhaz\/"},{"@type":"ListItem","position":3,"name":"K\u00fapos rozsdamentes ac\u00e9l k\u00e9m\u00e9nyv\u00e9g, dupla fal\u00fa, D180\/250, 0,5 mm"}]},{"@type":"WebSite","@id":"https:\/\/esemineu.ro\/hu\/#website","url":"https:\/\/esemineu.ro\/hu\/","name":"eSemineu","description":"\u0218eminee de cea mai \u00eenalt\u0103 calitate","potentialAction":[{"@type":"SearchAction","target":{"@type":"EntryPoint","urlTemplate":"https:\/\/esemineu.ro\/hu\/?s={search_term_string}"},"query-input":{"@type":"PropertyValueSpecification","valueRequired":true,"valueName":"search_term_string"}}],"inLanguage":"hu"}]}},"_links":{"self":[{"href":"https:\/\/esemineu.ro\/hu\/wp-json\/wp\/v2\/product\/29316","targetHints":{"allow":["GET"]}}],"collection":[{"href":"https:\/\/esemineu.ro\/hu\/wp-json\/wp\/v2\/product"}],"about":[{"href":"https:\/\/esemineu.ro\/hu\/wp-json\/wp\/v2\/types\/product"}],"replies":[{"embeddable":true,"href":"https:\/\/esemineu.ro\/hu\/wp-json\/wp\/v2\/comments?post=29316"}],"wp:featuredmedia":[{"embeddable":true,"href":"https:\/\/esemineu.ro\/hu\/wp-json\/wp\/v2\/media\/29158"}],"wp:attachment":[{"href":"https:\/\/esemineu.ro\/hu\/wp-json\/wp\/v2\/media?parent=29316"}],"wp:term":[{"taxonomy":"product_brand","embeddable":true,"href":"https:\/\/esemineu.ro\/hu\/wp-json\/wp\/v2\/product_brand?post=29316"},{"taxonomy":"product_cat","embeddable":true,"href":"https:\/\/esemineu.ro\/hu\/wp-json\/wp\/v2\/product_cat?post=29316"},{"taxonomy":"product_tag","embeddable":true,"href":"https:\/\/esemineu.ro\/hu\/wp-json\/wp\/v2\/product_tag?post=29316"}],"curies":[{"name":"wp","href":"https:\/\/api.w.org\/{rel}","templated":true}]}}