{"id":29305,"date":"2025-05-19T09:24:33","date_gmt":"2025-05-19T07:24:33","guid":{"rendered":"https:\/\/esemineu.ro\/?post_type=product&#038;p=29305"},"modified":"2025-05-19T09:28:19","modified_gmt":"2025-05-19T07:28:19","slug":"rozsdamentes-acel-tomitofedel-d250-vulcano-05-mm-falvastagsaggal","status":"publish","type":"product","link":"https:\/\/esemineu.ro\/hu\/termek\/rozsdamentes-acel-tomitofedel-d250-vulcano-05-mm-falvastagsaggal\/","title":{"rendered":"Rozsdamentes ac\u00e9l t\u00f6m\u00edt\u0151fed\u00e9l D250 VULCANO, 0,5 mm falvastags\u00e1ggal"},"content":{"rendered":"<p class=\"\" data-start=\"190\" data-end=\"282\"><strong data-start=\"190\" data-end=\"282\">Rozsdamentes ac\u00e9l t\u00f6m\u00edt\u0151fed\u00e9l D250 VULCANO \u2013 eszt\u00e9tikus megold\u00e1s a k\u00e9m\u00e9ny illeszt\u00e9si pontjainak lefed\u00e9s\u00e9re<\/strong><\/p>\n<p class=\"\" data-start=\"284\" data-end=\"870\">A t\u00f6m\u00edt\u0151fed\u00e9l AISI 304 rozsdamentes ac\u00e9lb\u00f3l k\u00e9sz\u00fcl, 0,5 mm-es falvastags\u00e1ggal.<br data-start=\"362\" data-end=\"365\" \/>F\u0151 c\u00e9lja az illeszt\u00e9si pontok szigetel\u0151anyag\u00e1nak (bazaltsz\u00e1las gyapot) eltakar\u00e1sa.<br data-start=\"447\" data-end=\"450\" \/>K\u00fcl\u00f6n\u00f6sen hasznos a \u201eanya\u201d t\u00edpus\u00fa csatlakoz\u00e1sokn\u00e1l, ahol kaz\u00e1n csatlakozik a k\u00e9m\u00e9nyhez.<br data-start=\"537\" data-end=\"540\" \/>Meg\u00f3vja a szigetel\u00e9st a nedvess\u00e9gt\u0151l, koszt\u00f3l \u00e9s egy\u00e9b k\u00fcls\u0151 hat\u00e1sokt\u00f3l.<br data-start=\"612\" data-end=\"615\" \/>Eszt\u00e9tikus megjelen\u00e9st biztos\u00edt a k\u00e9m\u00e9nyrendszer l\u00e1that\u00f3 r\u00e9szein.<br data-start=\"680\" data-end=\"683\" \/>Egyszer\u0171en felszerelhet\u0151, j\u00f3l illeszkedik a VULCANO rendszer elemeihez.<br data-start=\"754\" data-end=\"757\" \/><strong data-start=\"757\" data-end=\"797\">V\u00e1laszd a D250 VULCANO t\u00f6m\u00edt\u0151fedelet<\/strong>, ha tart\u00f3s, rendezett \u00e9s biztons\u00e1gos illeszt\u00e9st szeretn\u00e9l a k\u00e9m\u00e9nyedhez.<\/p>\n<h4>Sz\u00e1ll\u00edt\u00e1si hat\u00e1rid\u0151:<\/h4>\n<ul>\n<li><strong>Magyarorsz\u00e1g \u00e9s az eg\u00e9sz Eur\u00f3pai Uni\u00f3 ter\u00fclet\u00e9n<\/strong>\u00a0is sz\u00e1ll\u00edtjuk.<\/li>\n<li>Rom\u00e1ni\u00e1ba 2-3 munkanap alatt sz\u00e1ll\u00edtjuk<\/li>\n<li>Magyarorsz\u00e1gra es az EU ter\u00fclet\u00e9re az \u00e1tutal\u00e1s ut\u00e1n 5 munkanapon bel\u00fcl \u00e9rkezik meg a term\u00e9k.<\/li>\n<\/ul>\n<p>B\u00edzunk benne, hogy el\u00e9gedett lesz a Rozsdamentes ac\u00e9l t\u00f6m\u00edt\u0151fed\u00e9l D250 VULCANO term\u00e9kkel. Ha b\u00e1rmilyen k\u00e9rd\u00e9se van, k\u00e9rj\u00fck, l\u00e9pjen kapcsolatba vel\u00fcnk.<\/p>\n<p>Tov\u00e1bbi aj\u00e1nlatok\u00e9rt kattintson\u00a0<a href=\"https:\/\/esemineu.ro\/hu\/termek-kategoria\/fustcsovek\/\">ide<\/a><\/p>\n<p>T\u0151bb inform\u00e1ci\u00f3\u00e9rt l\u00e1togasson el\u00a0<a href=\"https:\/\/www.youtube.com\/@esemineuromania\">YouTube<\/a>-csatorn\u00e1nkra, valamint\u00a0<a href=\"https:\/\/www.facebook.com\/eSemineu\">Facebook<\/a>\u00a0\u00e9s\u00a0<a href=\"https:\/\/www.instagram.com\/esemineu\/\">Instagram<\/a>\u00a0oldalainkra.<\/p>\n<p><a href=\"https:\/\/esemineu.ro\/\">eSemineu.ro<\/a>\u00a0 \u00a0Te adod a t\u0171zet mi adjuk a meleget!<\/p>\n","protected":false},"excerpt":{"rendered":"<p>Rozsdamentes ac\u00e9l t\u00f6m\u00edt\u0151fed\u00e9l D250 VULCANO \u2013 eszt\u00e9tikus megold\u00e1s a k\u00e9m\u00e9ny illeszt\u00e9si pontjainak lefed\u00e9s\u00e9re A t\u00f6m\u00edt\u0151fed\u00e9l AISI 304 rozsdamentes ac\u00e9lb\u00f3l k\u00e9sz\u00fcl, 0,5 mm-es falvastags\u00e1ggal.F\u0151 c\u00e9lja az illeszt\u00e9si pontok szigetel\u0151anyag\u00e1nak (bazaltsz\u00e1las gyapot) eltakar\u00e1sa.K\u00fcl\u00f6n\u00f6sen hasznos a \u201eanya\u201d t\u00edpus\u00fa csatlakoz\u00e1sokn\u00e1l, ahol kaz\u00e1n csatlakozik a k\u00e9m\u00e9nyhez.Meg\u00f3vja a szigetel\u00e9st a nedvess\u00e9gt\u0151l, koszt\u00f3l \u00e9s egy\u00e9b k\u00fcls\u0151 hat\u00e1sokt\u00f3l.Eszt\u00e9tikus megjelen\u00e9st biztos\u00edt a k\u00e9m\u00e9nyrendszer l\u00e1that\u00f3 r\u00e9szein.Egyszer\u0171en felszerelhet\u0151, j\u00f3l illeszkedik a VULCANO rendszer elemeihez.V\u00e1laszd a D250 VULCANO t\u00f6m\u00edt\u0151fedelet, ha tart\u00f3s, rendezett \u00e9s biztons\u00e1gos illeszt\u00e9st szeretn\u00e9l a k\u00e9m\u00e9nyedhez. Sz\u00e1ll\u00edt\u00e1si hat\u00e1rid\u0151: Magyarorsz\u00e1g \u00e9s az eg\u00e9sz Eur\u00f3pai Uni\u00f3 ter\u00fclet\u00e9n\u00a0is sz\u00e1ll\u00edtjuk. Rom\u00e1ni\u00e1ba 2-3 munkanap alatt sz\u00e1ll\u00edtjuk Magyarorsz\u00e1gra es az EU ter\u00fclet\u00e9re az \u00e1tutal\u00e1s ut\u00e1n 5 munkanapon bel\u00fcl \u00e9rkezik meg a term\u00e9k. B\u00edzunk benne, hogy el\u00e9gedett lesz a Rozsdamentes ac\u00e9l t\u00f6m\u00edt\u0151fed\u00e9l D250 VULCANO term\u00e9kkel. Ha b\u00e1rmilyen k\u00e9rd\u00e9se van, k\u00e9rj\u00fck, l\u00e9pjen kapcsolatba vel\u00fcnk. Tov\u00e1bbi aj\u00e1nlatok\u00e9rt kattintson\u00a0ide T\u0151bb inform\u00e1ci\u00f3\u00e9rt l\u00e1togasson el\u00a0YouTube-csatorn\u00e1nkra, valamint\u00a0Facebook\u00a0\u00e9s\u00a0Instagram\u00a0oldalainkra. eSemineu.ro\u00a0 \u00a0Te adod a t\u0171zet mi adjuk a meleget!<\/p>\n","protected":false},"featured_media":29179,"comment_status":"open","ping_status":"closed","template":"","meta":[],"product_brand":[1572],"product_cat":[1476,779,1472],"product_tag":[],"class_list":{"0":"post-29305","1":"product","2":"type-product","3":"status-publish","4":"has-post-thumbnail","6":"product_brand-pro-invest","7":"product_cat-180-szigetelt","8":"product_cat-fustcsovek","9":"product_cat-rozsdamentes-szigetelt-kemeny","10":"product_shipping_class-fustcsovek","11":"pa_culoare-fenyes-rozsdamentes-acel-hu","12":"pa_material-rozsdamentes-acel-hu","14":"first","15":"instock","16":"shipping-taxable","17":"purchasable","18":"product-type-simple"},"acf":[],"yoast_head":"<!-- This site is optimized with the Yoast SEO Premium plugin v21.0 (Yoast SEO v27.3) - https:\/\/yoast.com\/product\/yoast-seo-premium-wordpress\/ -->\n<title>Rozsdamentes ac\u00e9l t\u00f6m\u00edt\u0151fed\u00e9l D250 VULCANO, 0,5 mm<\/title>\n<meta name=\"description\" content=\"Rozsdamentes ac\u00e9l t\u00f6m\u00edt\u0151fed\u00e9l D250 VULCANO, 0,5 mm \u2013 eszt\u00e9tikus \u00e9s tart\u00f3s megold\u00e1s a k\u00e9m\u00e9ny szigetel\u00e9s\u00e9nek lefed\u00e9s\u00e9re \u00e9s v\u00e9delm\u00e9re. PRO\" \/>\n<meta name=\"robots\" content=\"index, follow, max-snippet:-1, max-image-preview:large, max-video-preview:-1\" \/>\n<link rel=\"canonical\" href=\"https:\/\/esemineu.ro\/hu\/termek\/rozsdamentes-acel-tomitofedel-d250-vulcano-05-mm-falvastagsaggal\/\" \/>\n<meta property=\"og:locale\" content=\"hu_HU\" \/>\n<meta property=\"og:type\" content=\"article\" \/>\n<meta property=\"og:title\" content=\"Rozsdamentes ac\u00e9l t\u00f6m\u00edt\u0151fed\u00e9l D250 VULCANO, 0,5 mm\" \/>\n<meta property=\"og:description\" content=\"Rozsdamentes ac\u00e9l t\u00f6m\u00edt\u0151fed\u00e9l D250 VULCANO, 0,5 mm \u2013 eszt\u00e9tikus \u00e9s tart\u00f3s megold\u00e1s a k\u00e9m\u00e9ny szigetel\u00e9s\u00e9nek lefed\u00e9s\u00e9re \u00e9s v\u00e9delm\u00e9re. PRO\" \/>\n<meta property=\"og:url\" content=\"https:\/\/esemineu.ro\/hu\/termek\/rozsdamentes-acel-tomitofedel-d250-vulcano-05-mm-falvastagsaggal\/\" \/>\n<meta property=\"og:site_name\" content=\"eSemineu\" \/>\n<meta property=\"article:publisher\" content=\"https:\/\/web.facebook.com\/eSemineu\" \/>\n<meta property=\"article:modified_time\" content=\"2025-05-19T07:28:19+00:00\" \/>\n<meta property=\"og:image\" content=\"https:\/\/esemineu.ro\/wp-content\/uploads\/2025\/05\/mare_1_FAA25541.png\" \/>\n\t<meta property=\"og:image:width\" content=\"800\" \/>\n\t<meta property=\"og:image:height\" content=\"800\" \/>\n\t<meta property=\"og:image:type\" content=\"image\/png\" \/>\n<meta name=\"twitter:card\" content=\"summary_large_image\" \/>\n<meta name=\"twitter:label1\" content=\"Becs\u00fclt olvas\u00e1si id\u0151\" \/>\n\t<meta name=\"twitter:data1\" content=\"1 perc\" \/>\n<script type=\"application\/ld+json\" class=\"yoast-schema-graph\">{\"@context\":\"https:\\\/\\\/schema.org\",\"@graph\":[{\"@type\":\"WebPage\",\"@id\":\"https:\\\/\\\/esemineu.ro\\\/hu\\\/termek\\\/rozsdamentes-acel-tomitofedel-d250-vulcano-05-mm-falvastagsaggal\\\/\",\"url\":\"https:\\\/\\\/esemineu.ro\\\/hu\\\/termek\\\/rozsdamentes-acel-tomitofedel-d250-vulcano-05-mm-falvastagsaggal\\\/\",\"name\":\"Rozsdamentes ac\u00e9l t\u00f6m\u00edt\u0151fed\u00e9l D250 VULCANO, 0,5 mm\",\"isPartOf\":{\"@id\":\"https:\\\/\\\/esemineu.ro\\\/hu\\\/#website\"},\"primaryImageOfPage\":{\"@id\":\"https:\\\/\\\/esemineu.ro\\\/hu\\\/termek\\\/rozsdamentes-acel-tomitofedel-d250-vulcano-05-mm-falvastagsaggal\\\/#primaryimage\"},\"image\":{\"@id\":\"https:\\\/\\\/esemineu.ro\\\/hu\\\/termek\\\/rozsdamentes-acel-tomitofedel-d250-vulcano-05-mm-falvastagsaggal\\\/#primaryimage\"},\"thumbnailUrl\":\"https:\\\/\\\/esemineu.ro\\\/wp-content\\\/uploads\\\/2025\\\/05\\\/mare_1_FAA25541.png\",\"datePublished\":\"2025-05-19T07:24:33+00:00\",\"dateModified\":\"2025-05-19T07:28:19+00:00\",\"description\":\"Rozsdamentes ac\u00e9l t\u00f6m\u00edt\u0151fed\u00e9l D250 VULCANO, 0,5 mm \u2013 eszt\u00e9tikus \u00e9s tart\u00f3s megold\u00e1s a k\u00e9m\u00e9ny szigetel\u00e9s\u00e9nek lefed\u00e9s\u00e9re \u00e9s v\u00e9delm\u00e9re. PRO\",\"breadcrumb\":{\"@id\":\"https:\\\/\\\/esemineu.ro\\\/hu\\\/termek\\\/rozsdamentes-acel-tomitofedel-d250-vulcano-05-mm-falvastagsaggal\\\/#breadcrumb\"},\"inLanguage\":\"hu\",\"potentialAction\":[{\"@type\":\"ReadAction\",\"target\":[\"https:\\\/\\\/esemineu.ro\\\/hu\\\/termek\\\/rozsdamentes-acel-tomitofedel-d250-vulcano-05-mm-falvastagsaggal\\\/\"]}]},{\"@type\":\"ImageObject\",\"inLanguage\":\"hu\",\"@id\":\"https:\\\/\\\/esemineu.ro\\\/hu\\\/termek\\\/rozsdamentes-acel-tomitofedel-d250-vulcano-05-mm-falvastagsaggal\\\/#primaryimage\",\"url\":\"https:\\\/\\\/esemineu.ro\\\/wp-content\\\/uploads\\\/2025\\\/05\\\/mare_1_FAA25541.png\",\"contentUrl\":\"https:\\\/\\\/esemineu.ro\\\/wp-content\\\/uploads\\\/2025\\\/05\\\/mare_1_FAA25541.png\",\"width\":800,\"height\":800},{\"@type\":\"BreadcrumbList\",\"@id\":\"https:\\\/\\\/esemineu.ro\\\/hu\\\/termek\\\/rozsdamentes-acel-tomitofedel-d250-vulcano-05-mm-falvastagsaggal\\\/#breadcrumb\",\"itemListElement\":[{\"@type\":\"ListItem\",\"position\":1,\"name\":\"Kezd\u0151lap\",\"item\":\"https:\\\/\\\/esemineu.ro\\\/hu\\\/\"},{\"@type\":\"ListItem\",\"position\":2,\"name\":\"\u00c1ruh\u00e1z\",\"item\":\"https:\\\/\\\/esemineu.ro\\\/hu\\\/aruhaz\\\/\"},{\"@type\":\"ListItem\",\"position\":3,\"name\":\"Rozsdamentes ac\u00e9l t\u00f6m\u00edt\u0151fed\u00e9l D250 VULCANO, 0,5 mm falvastags\u00e1ggal\"}]},{\"@type\":\"WebSite\",\"@id\":\"https:\\\/\\\/esemineu.ro\\\/hu\\\/#website\",\"url\":\"https:\\\/\\\/esemineu.ro\\\/hu\\\/\",\"name\":\"eSemineu\",\"description\":\"\u0218eminee de cea mai \u00eenalt\u0103 calitate\",\"potentialAction\":[{\"@type\":\"SearchAction\",\"target\":{\"@type\":\"EntryPoint\",\"urlTemplate\":\"https:\\\/\\\/esemineu.ro\\\/hu\\\/?s={search_term_string}\"},\"query-input\":{\"@type\":\"PropertyValueSpecification\",\"valueRequired\":true,\"valueName\":\"search_term_string\"}}],\"inLanguage\":\"hu\"}]}<\/script>\n<!-- \/ Yoast SEO Premium plugin. -->","yoast_head_json":{"title":"Rozsdamentes ac\u00e9l t\u00f6m\u00edt\u0151fed\u00e9l D250 VULCANO, 0,5 mm","description":"Rozsdamentes ac\u00e9l t\u00f6m\u00edt\u0151fed\u00e9l D250 VULCANO, 0,5 mm \u2013 eszt\u00e9tikus \u00e9s tart\u00f3s megold\u00e1s a k\u00e9m\u00e9ny szigetel\u00e9s\u00e9nek lefed\u00e9s\u00e9re \u00e9s v\u00e9delm\u00e9re. PRO","robots":{"index":"index","follow":"follow","max-snippet":"max-snippet:-1","max-image-preview":"max-image-preview:large","max-video-preview":"max-video-preview:-1"},"canonical":"https:\/\/esemineu.ro\/hu\/termek\/rozsdamentes-acel-tomitofedel-d250-vulcano-05-mm-falvastagsaggal\/","og_locale":"hu_HU","og_type":"article","og_title":"Rozsdamentes ac\u00e9l t\u00f6m\u00edt\u0151fed\u00e9l D250 VULCANO, 0,5 mm","og_description":"Rozsdamentes ac\u00e9l t\u00f6m\u00edt\u0151fed\u00e9l D250 VULCANO, 0,5 mm \u2013 eszt\u00e9tikus \u00e9s tart\u00f3s megold\u00e1s a k\u00e9m\u00e9ny szigetel\u00e9s\u00e9nek lefed\u00e9s\u00e9re \u00e9s v\u00e9delm\u00e9re. PRO","og_url":"https:\/\/esemineu.ro\/hu\/termek\/rozsdamentes-acel-tomitofedel-d250-vulcano-05-mm-falvastagsaggal\/","og_site_name":"eSemineu","article_publisher":"https:\/\/web.facebook.com\/eSemineu","article_modified_time":"2025-05-19T07:28:19+00:00","og_image":[{"width":800,"height":800,"url":"https:\/\/esemineu.ro\/wp-content\/uploads\/2025\/05\/mare_1_FAA25541.png","type":"image\/png"}],"twitter_card":"summary_large_image","twitter_misc":{"Becs\u00fclt olvas\u00e1si id\u0151":"1 perc"},"schema":{"@context":"https:\/\/schema.org","@graph":[{"@type":"WebPage","@id":"https:\/\/esemineu.ro\/hu\/termek\/rozsdamentes-acel-tomitofedel-d250-vulcano-05-mm-falvastagsaggal\/","url":"https:\/\/esemineu.ro\/hu\/termek\/rozsdamentes-acel-tomitofedel-d250-vulcano-05-mm-falvastagsaggal\/","name":"Rozsdamentes ac\u00e9l t\u00f6m\u00edt\u0151fed\u00e9l D250 VULCANO, 0,5 mm","isPartOf":{"@id":"https:\/\/esemineu.ro\/hu\/#website"},"primaryImageOfPage":{"@id":"https:\/\/esemineu.ro\/hu\/termek\/rozsdamentes-acel-tomitofedel-d250-vulcano-05-mm-falvastagsaggal\/#primaryimage"},"image":{"@id":"https:\/\/esemineu.ro\/hu\/termek\/rozsdamentes-acel-tomitofedel-d250-vulcano-05-mm-falvastagsaggal\/#primaryimage"},"thumbnailUrl":"https:\/\/esemineu.ro\/wp-content\/uploads\/2025\/05\/mare_1_FAA25541.png","datePublished":"2025-05-19T07:24:33+00:00","dateModified":"2025-05-19T07:28:19+00:00","description":"Rozsdamentes ac\u00e9l t\u00f6m\u00edt\u0151fed\u00e9l D250 VULCANO, 0,5 mm \u2013 eszt\u00e9tikus \u00e9s tart\u00f3s megold\u00e1s a k\u00e9m\u00e9ny szigetel\u00e9s\u00e9nek lefed\u00e9s\u00e9re \u00e9s v\u00e9delm\u00e9re. PRO","breadcrumb":{"@id":"https:\/\/esemineu.ro\/hu\/termek\/rozsdamentes-acel-tomitofedel-d250-vulcano-05-mm-falvastagsaggal\/#breadcrumb"},"inLanguage":"hu","potentialAction":[{"@type":"ReadAction","target":["https:\/\/esemineu.ro\/hu\/termek\/rozsdamentes-acel-tomitofedel-d250-vulcano-05-mm-falvastagsaggal\/"]}]},{"@type":"ImageObject","inLanguage":"hu","@id":"https:\/\/esemineu.ro\/hu\/termek\/rozsdamentes-acel-tomitofedel-d250-vulcano-05-mm-falvastagsaggal\/#primaryimage","url":"https:\/\/esemineu.ro\/wp-content\/uploads\/2025\/05\/mare_1_FAA25541.png","contentUrl":"https:\/\/esemineu.ro\/wp-content\/uploads\/2025\/05\/mare_1_FAA25541.png","width":800,"height":800},{"@type":"BreadcrumbList","@id":"https:\/\/esemineu.ro\/hu\/termek\/rozsdamentes-acel-tomitofedel-d250-vulcano-05-mm-falvastagsaggal\/#breadcrumb","itemListElement":[{"@type":"ListItem","position":1,"name":"Kezd\u0151lap","item":"https:\/\/esemineu.ro\/hu\/"},{"@type":"ListItem","position":2,"name":"\u00c1ruh\u00e1z","item":"https:\/\/esemineu.ro\/hu\/aruhaz\/"},{"@type":"ListItem","position":3,"name":"Rozsdamentes ac\u00e9l t\u00f6m\u00edt\u0151fed\u00e9l D250 VULCANO, 0,5 mm falvastags\u00e1ggal"}]},{"@type":"WebSite","@id":"https:\/\/esemineu.ro\/hu\/#website","url":"https:\/\/esemineu.ro\/hu\/","name":"eSemineu","description":"\u0218eminee de cea mai \u00eenalt\u0103 calitate","potentialAction":[{"@type":"SearchAction","target":{"@type":"EntryPoint","urlTemplate":"https:\/\/esemineu.ro\/hu\/?s={search_term_string}"},"query-input":{"@type":"PropertyValueSpecification","valueRequired":true,"valueName":"search_term_string"}}],"inLanguage":"hu"}]}},"_links":{"self":[{"href":"https:\/\/esemineu.ro\/hu\/wp-json\/wp\/v2\/product\/29305","targetHints":{"allow":["GET"]}}],"collection":[{"href":"https:\/\/esemineu.ro\/hu\/wp-json\/wp\/v2\/product"}],"about":[{"href":"https:\/\/esemineu.ro\/hu\/wp-json\/wp\/v2\/types\/product"}],"replies":[{"embeddable":true,"href":"https:\/\/esemineu.ro\/hu\/wp-json\/wp\/v2\/comments?post=29305"}],"wp:featuredmedia":[{"embeddable":true,"href":"https:\/\/esemineu.ro\/hu\/wp-json\/wp\/v2\/media\/29179"}],"wp:attachment":[{"href":"https:\/\/esemineu.ro\/hu\/wp-json\/wp\/v2\/media?parent=29305"}],"wp:term":[{"taxonomy":"product_brand","embeddable":true,"href":"https:\/\/esemineu.ro\/hu\/wp-json\/wp\/v2\/product_brand?post=29305"},{"taxonomy":"product_cat","embeddable":true,"href":"https:\/\/esemineu.ro\/hu\/wp-json\/wp\/v2\/product_cat?post=29305"},{"taxonomy":"product_tag","embeddable":true,"href":"https:\/\/esemineu.ro\/hu\/wp-json\/wp\/v2\/product_tag?post=29305"}],"curies":[{"name":"wp","href":"https:\/\/api.w.org\/{rel}","templated":true}]}}