{"id":29286,"date":"2025-05-16T13:57:53","date_gmt":"2025-05-16T11:57:53","guid":{"rendered":"https:\/\/esemineu.ro\/?post_type=product&#038;p=29286"},"modified":"2025-05-16T14:02:08","modified_gmt":"2025-05-16T12:02:08","slug":"erositett-rozsdamentes-acel-rogzitobilincs-d250-vulcano-05-mm-falvastagsaggal","status":"publish","type":"product","link":"https:\/\/esemineu.ro\/hu\/termek\/erositett-rozsdamentes-acel-rogzitobilincs-d250-vulcano-05-mm-falvastagsaggal\/","title":{"rendered":"Er\u0151s\u00edtett rozsdamentes ac\u00e9l r\u00f6gz\u00edt\u0151bilincs D250, VULCANO, 0,5 mm falvastags\u00e1ggal"},"content":{"rendered":"<p class=\"\" data-start=\"203\" data-end=\"317\"><strong data-start=\"203\" data-end=\"317\">Er\u0151s\u00edtett rozsdamentes ac\u00e9l r\u00f6gz\u00edt\u0151bilincs D250 \u2013 biztons\u00e1gos \u00e9s stabil r\u00f6gz\u00edt\u00e9s k\u00e9m\u00e9nyrendszerekhez k\u00fclt\u00e9ren \u00e9s belt\u00e9ren egyar\u00e1nt<\/strong><\/p>\n<p class=\"\" data-start=\"319\" data-end=\"542\">Ez a rozsdamentes ac\u00e9l r\u00f6gz\u00edt\u0151bilincs 0,5 mm vastag AISI 304 anyagb\u00f3l k\u00e9sz\u00fclt, h\u0151- \u00e9s korr\u00f3zi\u00f3\u00e1ll\u00f3 kivitelben.<br data-start=\"429\" data-end=\"432\" \/>Feladata a k\u00e9m\u00e9ny f\u00fcgg\u0151leges helyzet\u00e9nek stabiliz\u00e1l\u00e1sa merev fel\u00fclethez (fal, oszlop stb.) val\u00f3 r\u00f6gz\u00edt\u00e9ssel.<\/p>\n<p class=\"\" data-start=\"544\" data-end=\"722\">Aj\u00e1nlott minden 2,5 m\u00e9terenk\u00e9nt t\u00f6rt\u00e9n\u0151 alkalmaz\u00e1sra a k\u00e9m\u00e9ny teljes hossz\u00e1n.<br data-start=\"621\" data-end=\"624\" \/>Seg\u00edt megel\u0151zni a szerkezet elmozdul\u00e1s\u00e1t, rezg\u00e9s\u00e9t \u00e9s a t\u00falzott terhel\u00e9sb\u0151l ered\u0151 k\u00e1rosod\u00e1sokat.<\/p>\n<p class=\"\" data-start=\"724\" data-end=\"910\">Haszn\u00e1lhat\u00f3 hosszabb\u00edt\u00f3val egy\u00fctt is, ha a k\u00e9m\u00e9ny elt\u00e9r a f\u00fcgg\u0151legest\u0151l p\u00e9ld\u00e1ul eresz alatt.<br data-start=\"816\" data-end=\"819\" \/>Kompatibilis minden D250 VULCANO rendszer\u0171 k\u00e9m\u00e9nyelemmel, r\u00f6gz\u00edt\u00e9se gyors \u00e9s biztons\u00e1gos.<\/p>\n<p class=\"\" data-start=\"912\" data-end=\"1024\"><strong data-start=\"912\" data-end=\"958\">V\u00e1laszd a D250 VULCANO er\u0151s\u00edtett bilincset<\/strong>, ha tart\u00f3s \u00e9s megb\u00edzhat\u00f3 r\u00f6gz\u00edt\u00e9si megold\u00e1st keresel k\u00e9m\u00e9nyedhez.<\/p>\n<h4>Sz\u00e1ll\u00edt\u00e1si hat\u00e1rid\u0151:<\/h4>\n<ul>\n<li><strong>Magyarorsz\u00e1g \u00e9s az eg\u00e9sz Eur\u00f3pai Uni\u00f3 ter\u00fclet\u00e9n<\/strong>\u00a0is sz\u00e1ll\u00edtjuk.<\/li>\n<li>Rom\u00e1ni\u00e1ba 2-3 munkanap alatt sz\u00e1ll\u00edtjuk<\/li>\n<li>Magyarorsz\u00e1gra es az EU ter\u00fclet\u00e9re az \u00e1tutal\u00e1s ut\u00e1n 5 munkanapon bel\u00fcl \u00e9rkezik meg a term\u00e9k.<\/li>\n<\/ul>\n<p>B\u00edzunk benne, hogy el\u00e9gedett lesz a Er\u0151s\u00edtett rozsdamentes ac\u00e9l r\u00f6gz\u00edt\u0151bilincs D250 term\u00e9kkel. Ha b\u00e1rmilyen k\u00e9rd\u00e9se van, k\u00e9rj\u00fck, l\u00e9pjen kapcsolatba vel\u00fcnk.<\/p>\n<p>Tov\u00e1bbi aj\u00e1nlatok\u00e9rt kattintson\u00a0<a href=\"https:\/\/esemineu.ro\/hu\/termek-kategoria\/fustcsovek\/\">ide<\/a><\/p>\n<p>T\u0151bb inform\u00e1ci\u00f3\u00e9rt l\u00e1togasson el\u00a0<a href=\"https:\/\/www.youtube.com\/@esemineuromania\">YouTube<\/a>-csatorn\u00e1nkra, valamint\u00a0<a href=\"https:\/\/www.facebook.com\/eSemineu\">Facebook<\/a>\u00a0\u00e9s\u00a0<a href=\"https:\/\/www.instagram.com\/esemineu\/\">Instagram<\/a>\u00a0oldalainkra.<\/p>\n<p><a href=\"https:\/\/esemineu.ro\/\">eSemineu.ro<\/a>\u00a0 \u00a0Te adod a t\u0171zet mi adjuk a meleget!<\/p>\n","protected":false},"excerpt":{"rendered":"<p>Er\u0151s\u00edtett rozsdamentes ac\u00e9l r\u00f6gz\u00edt\u0151bilincs D250 \u2013 biztons\u00e1gos \u00e9s stabil r\u00f6gz\u00edt\u00e9s k\u00e9m\u00e9nyrendszerekhez k\u00fclt\u00e9ren \u00e9s belt\u00e9ren egyar\u00e1nt Ez a rozsdamentes ac\u00e9l r\u00f6gz\u00edt\u0151bilincs 0,5 mm vastag AISI 304 anyagb\u00f3l k\u00e9sz\u00fclt, h\u0151- \u00e9s korr\u00f3zi\u00f3\u00e1ll\u00f3 kivitelben.Feladata a k\u00e9m\u00e9ny f\u00fcgg\u0151leges helyzet\u00e9nek stabiliz\u00e1l\u00e1sa merev fel\u00fclethez (fal, oszlop stb.) val\u00f3 r\u00f6gz\u00edt\u00e9ssel. Aj\u00e1nlott minden 2,5 m\u00e9terenk\u00e9nt t\u00f6rt\u00e9n\u0151 alkalmaz\u00e1sra a k\u00e9m\u00e9ny teljes hossz\u00e1n.Seg\u00edt megel\u0151zni a szerkezet elmozdul\u00e1s\u00e1t, rezg\u00e9s\u00e9t \u00e9s a t\u00falzott terhel\u00e9sb\u0151l ered\u0151 k\u00e1rosod\u00e1sokat. Haszn\u00e1lhat\u00f3 hosszabb\u00edt\u00f3val egy\u00fctt is, ha a k\u00e9m\u00e9ny elt\u00e9r a f\u00fcgg\u0151legest\u0151l p\u00e9ld\u00e1ul eresz alatt.Kompatibilis minden D250 VULCANO rendszer\u0171 k\u00e9m\u00e9nyelemmel, r\u00f6gz\u00edt\u00e9se gyors \u00e9s biztons\u00e1gos. V\u00e1laszd a D250 VULCANO er\u0151s\u00edtett bilincset, ha tart\u00f3s \u00e9s megb\u00edzhat\u00f3 r\u00f6gz\u00edt\u00e9si megold\u00e1st keresel k\u00e9m\u00e9nyedhez. Sz\u00e1ll\u00edt\u00e1si hat\u00e1rid\u0151: Magyarorsz\u00e1g \u00e9s az eg\u00e9sz Eur\u00f3pai Uni\u00f3 ter\u00fclet\u00e9n\u00a0is sz\u00e1ll\u00edtjuk. Rom\u00e1ni\u00e1ba 2-3 munkanap alatt sz\u00e1ll\u00edtjuk Magyarorsz\u00e1gra es az EU ter\u00fclet\u00e9re az \u00e1tutal\u00e1s ut\u00e1n 5 munkanapon bel\u00fcl \u00e9rkezik meg a term\u00e9k. B\u00edzunk benne, hogy el\u00e9gedett lesz a Er\u0151s\u00edtett rozsdamentes ac\u00e9l r\u00f6gz\u00edt\u0151bilincs D250 term\u00e9kkel. Ha b\u00e1rmilyen k\u00e9rd\u00e9se van, k\u00e9rj\u00fck, l\u00e9pjen kapcsolatba vel\u00fcnk. &hellip; <a href=\"https:\/\/esemineu.ro\/hu\/termek\/erositett-rozsdamentes-acel-rogzitobilincs-d250-vulcano-05-mm-falvastagsaggal\/\">Folytatva<\/a><\/p>\n","protected":false},"featured_media":29170,"comment_status":"open","ping_status":"closed","template":"","meta":[],"product_brand":[1572],"product_cat":[1476,779,1472],"product_tag":[],"class_list":{"0":"post-29286","1":"product","2":"type-product","3":"status-publish","4":"has-post-thumbnail","6":"product_brand-pro-invest","7":"product_cat-180-szigetelt","8":"product_cat-fustcsovek","9":"product_cat-rozsdamentes-szigetelt-kemeny","10":"product_shipping_class-fustcsovek","11":"pa_culoare-fenyes-rozsdamentes-acel-hu","12":"pa_material-rozsdamentes-acel-hu","14":"first","15":"onbackorder","16":"shipping-taxable","17":"purchasable","18":"product-type-simple"},"acf":[],"yoast_head":"<!-- This site is optimized with the Yoast SEO Premium plugin v21.0 (Yoast SEO v27.3) - https:\/\/yoast.com\/product\/yoast-seo-premium-wordpress\/ -->\n<title>Er\u0151s\u00edtett rozsdamentes ac\u00e9l r\u00f6gz\u00edt\u0151bilincs D250, VULCANO<\/title>\n<meta name=\"description\" content=\"Er\u0151s\u00edtett rozsdamentes ac\u00e9l r\u00f6gz\u00edt\u0151bilincs D250 VULCANO \u2013 stabil r\u00f6gz\u00edt\u00e9s k\u00e9m\u00e9nyekhez, 0,5 mm vastags\u00e1g, megb\u00edzhat\u00f3 k\u00fclt\u00e9ri haszn\u00e1latra.\" \/>\n<meta name=\"robots\" content=\"index, follow, max-snippet:-1, max-image-preview:large, max-video-preview:-1\" \/>\n<link rel=\"canonical\" href=\"https:\/\/esemineu.ro\/hu\/termek\/erositett-rozsdamentes-acel-rogzitobilincs-d250-vulcano-05-mm-falvastagsaggal\/\" \/>\n<meta property=\"og:locale\" content=\"hu_HU\" \/>\n<meta property=\"og:type\" content=\"article\" \/>\n<meta property=\"og:title\" content=\"Er\u0151s\u00edtett rozsdamentes ac\u00e9l r\u00f6gz\u00edt\u0151bilincs D250, VULCANO\" \/>\n<meta property=\"og:description\" content=\"Er\u0151s\u00edtett rozsdamentes ac\u00e9l r\u00f6gz\u00edt\u0151bilincs D250 VULCANO \u2013 stabil r\u00f6gz\u00edt\u00e9s k\u00e9m\u00e9nyekhez, 0,5 mm vastags\u00e1g, megb\u00edzhat\u00f3 k\u00fclt\u00e9ri haszn\u00e1latra.\" \/>\n<meta property=\"og:url\" content=\"https:\/\/esemineu.ro\/hu\/termek\/erositett-rozsdamentes-acel-rogzitobilincs-d250-vulcano-05-mm-falvastagsaggal\/\" \/>\n<meta property=\"og:site_name\" content=\"eSemineu\" \/>\n<meta property=\"article:publisher\" content=\"https:\/\/web.facebook.com\/eSemineu\" \/>\n<meta property=\"article:modified_time\" content=\"2025-05-16T12:02:08+00:00\" \/>\n<meta property=\"og:image\" content=\"https:\/\/esemineu.ro\/wp-content\/uploads\/2025\/05\/mare_1_FAA23841.jpg\" \/>\n\t<meta property=\"og:image:width\" content=\"800\" \/>\n\t<meta property=\"og:image:height\" content=\"800\" \/>\n\t<meta property=\"og:image:type\" content=\"image\/jpeg\" \/>\n<meta name=\"twitter:card\" content=\"summary_large_image\" \/>\n<meta name=\"twitter:label1\" content=\"Becs\u00fclt olvas\u00e1si id\u0151\" \/>\n\t<meta name=\"twitter:data1\" content=\"2 perc\" \/>\n<script type=\"application\/ld+json\" class=\"yoast-schema-graph\">{\"@context\":\"https:\\\/\\\/schema.org\",\"@graph\":[{\"@type\":\"WebPage\",\"@id\":\"https:\\\/\\\/esemineu.ro\\\/hu\\\/termek\\\/erositett-rozsdamentes-acel-rogzitobilincs-d250-vulcano-05-mm-falvastagsaggal\\\/\",\"url\":\"https:\\\/\\\/esemineu.ro\\\/hu\\\/termek\\\/erositett-rozsdamentes-acel-rogzitobilincs-d250-vulcano-05-mm-falvastagsaggal\\\/\",\"name\":\"Er\u0151s\u00edtett rozsdamentes ac\u00e9l r\u00f6gz\u00edt\u0151bilincs D250, VULCANO\",\"isPartOf\":{\"@id\":\"https:\\\/\\\/esemineu.ro\\\/hu\\\/#website\"},\"primaryImageOfPage\":{\"@id\":\"https:\\\/\\\/esemineu.ro\\\/hu\\\/termek\\\/erositett-rozsdamentes-acel-rogzitobilincs-d250-vulcano-05-mm-falvastagsaggal\\\/#primaryimage\"},\"image\":{\"@id\":\"https:\\\/\\\/esemineu.ro\\\/hu\\\/termek\\\/erositett-rozsdamentes-acel-rogzitobilincs-d250-vulcano-05-mm-falvastagsaggal\\\/#primaryimage\"},\"thumbnailUrl\":\"https:\\\/\\\/esemineu.ro\\\/wp-content\\\/uploads\\\/2025\\\/05\\\/mare_1_FAA23841.jpg\",\"datePublished\":\"2025-05-16T11:57:53+00:00\",\"dateModified\":\"2025-05-16T12:02:08+00:00\",\"description\":\"Er\u0151s\u00edtett rozsdamentes ac\u00e9l r\u00f6gz\u00edt\u0151bilincs D250 VULCANO \u2013 stabil r\u00f6gz\u00edt\u00e9s k\u00e9m\u00e9nyekhez, 0,5 mm vastags\u00e1g, megb\u00edzhat\u00f3 k\u00fclt\u00e9ri haszn\u00e1latra.\",\"breadcrumb\":{\"@id\":\"https:\\\/\\\/esemineu.ro\\\/hu\\\/termek\\\/erositett-rozsdamentes-acel-rogzitobilincs-d250-vulcano-05-mm-falvastagsaggal\\\/#breadcrumb\"},\"inLanguage\":\"hu\",\"potentialAction\":[{\"@type\":\"ReadAction\",\"target\":[\"https:\\\/\\\/esemineu.ro\\\/hu\\\/termek\\\/erositett-rozsdamentes-acel-rogzitobilincs-d250-vulcano-05-mm-falvastagsaggal\\\/\"]}]},{\"@type\":\"ImageObject\",\"inLanguage\":\"hu\",\"@id\":\"https:\\\/\\\/esemineu.ro\\\/hu\\\/termek\\\/erositett-rozsdamentes-acel-rogzitobilincs-d250-vulcano-05-mm-falvastagsaggal\\\/#primaryimage\",\"url\":\"https:\\\/\\\/esemineu.ro\\\/wp-content\\\/uploads\\\/2025\\\/05\\\/mare_1_FAA23841.jpg\",\"contentUrl\":\"https:\\\/\\\/esemineu.ro\\\/wp-content\\\/uploads\\\/2025\\\/05\\\/mare_1_FAA23841.jpg\",\"width\":800,\"height\":800},{\"@type\":\"BreadcrumbList\",\"@id\":\"https:\\\/\\\/esemineu.ro\\\/hu\\\/termek\\\/erositett-rozsdamentes-acel-rogzitobilincs-d250-vulcano-05-mm-falvastagsaggal\\\/#breadcrumb\",\"itemListElement\":[{\"@type\":\"ListItem\",\"position\":1,\"name\":\"Kezd\u0151lap\",\"item\":\"https:\\\/\\\/esemineu.ro\\\/hu\\\/\"},{\"@type\":\"ListItem\",\"position\":2,\"name\":\"\u00c1ruh\u00e1z\",\"item\":\"https:\\\/\\\/esemineu.ro\\\/hu\\\/aruhaz\\\/\"},{\"@type\":\"ListItem\",\"position\":3,\"name\":\"Er\u0151s\u00edtett rozsdamentes ac\u00e9l r\u00f6gz\u00edt\u0151bilincs D250, VULCANO, 0,5 mm falvastags\u00e1ggal\"}]},{\"@type\":\"WebSite\",\"@id\":\"https:\\\/\\\/esemineu.ro\\\/hu\\\/#website\",\"url\":\"https:\\\/\\\/esemineu.ro\\\/hu\\\/\",\"name\":\"eSemineu\",\"description\":\"\u0218eminee de cea mai \u00eenalt\u0103 calitate\",\"potentialAction\":[{\"@type\":\"SearchAction\",\"target\":{\"@type\":\"EntryPoint\",\"urlTemplate\":\"https:\\\/\\\/esemineu.ro\\\/hu\\\/?s={search_term_string}\"},\"query-input\":{\"@type\":\"PropertyValueSpecification\",\"valueRequired\":true,\"valueName\":\"search_term_string\"}}],\"inLanguage\":\"hu\"}]}<\/script>\n<!-- \/ Yoast SEO Premium plugin. -->","yoast_head_json":{"title":"Er\u0151s\u00edtett rozsdamentes ac\u00e9l r\u00f6gz\u00edt\u0151bilincs D250, VULCANO","description":"Er\u0151s\u00edtett rozsdamentes ac\u00e9l r\u00f6gz\u00edt\u0151bilincs D250 VULCANO \u2013 stabil r\u00f6gz\u00edt\u00e9s k\u00e9m\u00e9nyekhez, 0,5 mm vastags\u00e1g, megb\u00edzhat\u00f3 k\u00fclt\u00e9ri haszn\u00e1latra.","robots":{"index":"index","follow":"follow","max-snippet":"max-snippet:-1","max-image-preview":"max-image-preview:large","max-video-preview":"max-video-preview:-1"},"canonical":"https:\/\/esemineu.ro\/hu\/termek\/erositett-rozsdamentes-acel-rogzitobilincs-d250-vulcano-05-mm-falvastagsaggal\/","og_locale":"hu_HU","og_type":"article","og_title":"Er\u0151s\u00edtett rozsdamentes ac\u00e9l r\u00f6gz\u00edt\u0151bilincs D250, VULCANO","og_description":"Er\u0151s\u00edtett rozsdamentes ac\u00e9l r\u00f6gz\u00edt\u0151bilincs D250 VULCANO \u2013 stabil r\u00f6gz\u00edt\u00e9s k\u00e9m\u00e9nyekhez, 0,5 mm vastags\u00e1g, megb\u00edzhat\u00f3 k\u00fclt\u00e9ri haszn\u00e1latra.","og_url":"https:\/\/esemineu.ro\/hu\/termek\/erositett-rozsdamentes-acel-rogzitobilincs-d250-vulcano-05-mm-falvastagsaggal\/","og_site_name":"eSemineu","article_publisher":"https:\/\/web.facebook.com\/eSemineu","article_modified_time":"2025-05-16T12:02:08+00:00","og_image":[{"width":800,"height":800,"url":"https:\/\/esemineu.ro\/wp-content\/uploads\/2025\/05\/mare_1_FAA23841.jpg","type":"image\/jpeg"}],"twitter_card":"summary_large_image","twitter_misc":{"Becs\u00fclt olvas\u00e1si id\u0151":"2 perc"},"schema":{"@context":"https:\/\/schema.org","@graph":[{"@type":"WebPage","@id":"https:\/\/esemineu.ro\/hu\/termek\/erositett-rozsdamentes-acel-rogzitobilincs-d250-vulcano-05-mm-falvastagsaggal\/","url":"https:\/\/esemineu.ro\/hu\/termek\/erositett-rozsdamentes-acel-rogzitobilincs-d250-vulcano-05-mm-falvastagsaggal\/","name":"Er\u0151s\u00edtett rozsdamentes ac\u00e9l r\u00f6gz\u00edt\u0151bilincs D250, VULCANO","isPartOf":{"@id":"https:\/\/esemineu.ro\/hu\/#website"},"primaryImageOfPage":{"@id":"https:\/\/esemineu.ro\/hu\/termek\/erositett-rozsdamentes-acel-rogzitobilincs-d250-vulcano-05-mm-falvastagsaggal\/#primaryimage"},"image":{"@id":"https:\/\/esemineu.ro\/hu\/termek\/erositett-rozsdamentes-acel-rogzitobilincs-d250-vulcano-05-mm-falvastagsaggal\/#primaryimage"},"thumbnailUrl":"https:\/\/esemineu.ro\/wp-content\/uploads\/2025\/05\/mare_1_FAA23841.jpg","datePublished":"2025-05-16T11:57:53+00:00","dateModified":"2025-05-16T12:02:08+00:00","description":"Er\u0151s\u00edtett rozsdamentes ac\u00e9l r\u00f6gz\u00edt\u0151bilincs D250 VULCANO \u2013 stabil r\u00f6gz\u00edt\u00e9s k\u00e9m\u00e9nyekhez, 0,5 mm vastags\u00e1g, megb\u00edzhat\u00f3 k\u00fclt\u00e9ri haszn\u00e1latra.","breadcrumb":{"@id":"https:\/\/esemineu.ro\/hu\/termek\/erositett-rozsdamentes-acel-rogzitobilincs-d250-vulcano-05-mm-falvastagsaggal\/#breadcrumb"},"inLanguage":"hu","potentialAction":[{"@type":"ReadAction","target":["https:\/\/esemineu.ro\/hu\/termek\/erositett-rozsdamentes-acel-rogzitobilincs-d250-vulcano-05-mm-falvastagsaggal\/"]}]},{"@type":"ImageObject","inLanguage":"hu","@id":"https:\/\/esemineu.ro\/hu\/termek\/erositett-rozsdamentes-acel-rogzitobilincs-d250-vulcano-05-mm-falvastagsaggal\/#primaryimage","url":"https:\/\/esemineu.ro\/wp-content\/uploads\/2025\/05\/mare_1_FAA23841.jpg","contentUrl":"https:\/\/esemineu.ro\/wp-content\/uploads\/2025\/05\/mare_1_FAA23841.jpg","width":800,"height":800},{"@type":"BreadcrumbList","@id":"https:\/\/esemineu.ro\/hu\/termek\/erositett-rozsdamentes-acel-rogzitobilincs-d250-vulcano-05-mm-falvastagsaggal\/#breadcrumb","itemListElement":[{"@type":"ListItem","position":1,"name":"Kezd\u0151lap","item":"https:\/\/esemineu.ro\/hu\/"},{"@type":"ListItem","position":2,"name":"\u00c1ruh\u00e1z","item":"https:\/\/esemineu.ro\/hu\/aruhaz\/"},{"@type":"ListItem","position":3,"name":"Er\u0151s\u00edtett rozsdamentes ac\u00e9l r\u00f6gz\u00edt\u0151bilincs D250, VULCANO, 0,5 mm falvastags\u00e1ggal"}]},{"@type":"WebSite","@id":"https:\/\/esemineu.ro\/hu\/#website","url":"https:\/\/esemineu.ro\/hu\/","name":"eSemineu","description":"\u0218eminee de cea mai \u00eenalt\u0103 calitate","potentialAction":[{"@type":"SearchAction","target":{"@type":"EntryPoint","urlTemplate":"https:\/\/esemineu.ro\/hu\/?s={search_term_string}"},"query-input":{"@type":"PropertyValueSpecification","valueRequired":true,"valueName":"search_term_string"}}],"inLanguage":"hu"}]}},"_links":{"self":[{"href":"https:\/\/esemineu.ro\/hu\/wp-json\/wp\/v2\/product\/29286","targetHints":{"allow":["GET"]}}],"collection":[{"href":"https:\/\/esemineu.ro\/hu\/wp-json\/wp\/v2\/product"}],"about":[{"href":"https:\/\/esemineu.ro\/hu\/wp-json\/wp\/v2\/types\/product"}],"replies":[{"embeddable":true,"href":"https:\/\/esemineu.ro\/hu\/wp-json\/wp\/v2\/comments?post=29286"}],"wp:featuredmedia":[{"embeddable":true,"href":"https:\/\/esemineu.ro\/hu\/wp-json\/wp\/v2\/media\/29170"}],"wp:attachment":[{"href":"https:\/\/esemineu.ro\/hu\/wp-json\/wp\/v2\/media?parent=29286"}],"wp:term":[{"taxonomy":"product_brand","embeddable":true,"href":"https:\/\/esemineu.ro\/hu\/wp-json\/wp\/v2\/product_brand?post=29286"},{"taxonomy":"product_cat","embeddable":true,"href":"https:\/\/esemineu.ro\/hu\/wp-json\/wp\/v2\/product_cat?post=29286"},{"taxonomy":"product_tag","embeddable":true,"href":"https:\/\/esemineu.ro\/hu\/wp-json\/wp\/v2\/product_tag?post=29286"}],"curies":[{"name":"wp","href":"https:\/\/api.w.org\/{rel}","templated":true}]}}