{"id":29273,"date":"2025-05-16T12:12:08","date_gmt":"2025-05-16T10:12:08","guid":{"rendered":"https:\/\/esemineu.ro\/?post_type=product&#038;p=29273"},"modified":"2025-05-16T12:15:42","modified_gmt":"2025-05-16T10:15:42","slug":"egyszeru-rozsdamentes-acel-kondenzvizgyujto-fedel-d250-vulcano-05-mm-falvastagsaggal","status":"publish","type":"product","link":"https:\/\/esemineu.ro\/hu\/termek\/egyszeru-rozsdamentes-acel-kondenzvizgyujto-fedel-d250-vulcano-05-mm-falvastagsaggal\/","title":{"rendered":"Egyszer\u0171 rozsdamentes ac\u00e9l kondenzv\u00edzgy\u0171jt\u0151 fed\u00e9l, D250 VULCANO, 0,5 mm falvastags\u00e1ggal."},"content":{"rendered":"<p class=\"\" data-start=\"211\" data-end=\"310\"><strong data-start=\"211\" data-end=\"310\">Egyszer\u0171 rozsdamentes ac\u00e9l kondenzv\u00edzgy\u0171jt\u0151 fed\u00e9l \u2013 hat\u00e9kony megold\u00e1s a f\u00fcstg\u00e1zelvezet\u0151 rendszer als\u00f3 lez\u00e1r\u00e1s\u00e1ra<\/strong><\/p>\n<p class=\"\" data-start=\"312\" data-end=\"518\">A D250 VULCANO kondenzfed\u00e9l rozsdamentes ac\u00e9lb\u00f3l k\u00e9sz\u00fclt, 0,5 mm falvastags\u00e1ggal, hossz\u00fa t\u00e1v\u00fa haszn\u00e1latra.<br data-start=\"418\" data-end=\"421\" \/>F\u0151 c\u00e9lja a kondenzv\u00edz \u00f6sszegy\u0171jt\u00e9se \u00e9s biztons\u00e1gos elvezet\u00e9se a k\u00e9m\u00e9nyrendszer alj\u00e1n kereszt\u00fcl.<\/p>\n<p class=\"\" data-start=\"520\" data-end=\"720\">Kiv\u00e1l\u00f3an alkalmas szil\u00e1rd, foly\u00e9kony vagy g\u00e1znem\u0171 t\u00fczel\u0151anyaggal m\u0171k\u00f6d\u0151 berendez\u00e9sek f\u00fcstcs\u00f6veihez.<br data-start=\"619\" data-end=\"622\" \/>AISI 304 rozsdamentes ac\u00e9lb\u00f3l gy\u00e1rtva ellen\u00e1ll a korr\u00f3zi\u00f3nak \u00e9s a savas kondenz\u00e1ci\u00f3s anyagoknak.<\/p>\n<p class=\"\" data-start=\"722\" data-end=\"892\">Megb\u00edzhat\u00f3 t\u00f6m\u00edt\u00e9st biztos\u00edt, v\u00e9d a sziv\u00e1rg\u00e1s, kifoly\u00e1s \u00e9s rendszerk\u00e1rosod\u00e1s ellen.<br data-start=\"805\" data-end=\"808\" \/>Egyszer\u0171en telep\u00edthet\u0151 \u00e9s m\u00e1s VULCANO rendszer\u0171 elemekhez t\u00f6k\u00e9letesen illeszkedik.<\/p>\n<p class=\"\" data-start=\"894\" data-end=\"1097\">Haszn\u00e1lata aj\u00e1nlott minden olyan rendszerben, ahol a kondenz\u00e1ci\u00f3 jelent\u0151s lehet.<br data-start=\"974\" data-end=\"977\" \/><strong data-start=\"977\" data-end=\"1016\">V\u00e1laszd a D250 VULCANO kondenzfed\u0151t<\/strong>, ha biztons\u00e1gos \u00e9s professzion\u00e1lis als\u00f3 z\u00e1r\u00f3elemet keresel f\u00fcstcs\u0151rendszeredhez.<\/p>\n<h4>\nSz\u00e1ll\u00edt\u00e1si hat\u00e1rid\u0151:<\/h4>\n<ul>\n<li><strong>Magyarorsz\u00e1g \u00e9s az eg\u00e9sz Eur\u00f3pai Uni\u00f3 ter\u00fclet\u00e9n<\/strong>\u00a0is sz\u00e1ll\u00edtjuk.<\/li>\n<li>Rom\u00e1ni\u00e1ba 2-3 munkanap alatt sz\u00e1ll\u00edtjuk<\/li>\n<li>Magyarorsz\u00e1gra es az EU ter\u00fclet\u00e9re az \u00e1tutal\u00e1s ut\u00e1n 5 munkanapon bel\u00fcl \u00e9rkezik meg a term\u00e9k.<\/li>\n<\/ul>\n<p>B\u00edzunk benne, hogy el\u00e9gedett lesz a Egyszer\u0171 rozsdamentes ac\u00e9l kondenzv\u00edzgy\u0171jt\u0151 fed\u00e9l term\u00e9kkel. Ha b\u00e1rmilyen k\u00e9rd\u00e9se van, k\u00e9rj\u00fck, l\u00e9pjen kapcsolatba vel\u00fcnk.<\/p>\n<p>Tov\u00e1bbi aj\u00e1nlatok\u00e9rt kattintson\u00a0<a href=\"https:\/\/esemineu.ro\/hu\/termek-kategoria\/fustcsovek\/\">ide<\/a><\/p>\n<p>T\u0151bb inform\u00e1ci\u00f3\u00e9rt l\u00e1togasson el\u00a0<a href=\"https:\/\/www.youtube.com\/@esemineuromania\">YouTube<\/a>-csatorn\u00e1nkra, valamint\u00a0<a href=\"https:\/\/www.facebook.com\/eSemineu\">Facebook<\/a>\u00a0\u00e9s\u00a0<a href=\"https:\/\/www.instagram.com\/esemineu\/\">Instagram<\/a>\u00a0oldalainkra.<\/p>\n<p><a href=\"https:\/\/esemineu.ro\/\">eSemineu.ro<\/a>\u00a0 \u00a0Te adod a t\u0171zet mi adjuk a meleget!<\/p>\n","protected":false},"excerpt":{"rendered":"<p>Egyszer\u0171 rozsdamentes ac\u00e9l kondenzv\u00edzgy\u0171jt\u0151 fed\u00e9l \u2013 hat\u00e9kony megold\u00e1s a f\u00fcstg\u00e1zelvezet\u0151 rendszer als\u00f3 lez\u00e1r\u00e1s\u00e1ra A D250 VULCANO kondenzfed\u00e9l rozsdamentes ac\u00e9lb\u00f3l k\u00e9sz\u00fclt, 0,5 mm falvastags\u00e1ggal, hossz\u00fa t\u00e1v\u00fa haszn\u00e1latra.F\u0151 c\u00e9lja a kondenzv\u00edz \u00f6sszegy\u0171jt\u00e9se \u00e9s biztons\u00e1gos elvezet\u00e9se a k\u00e9m\u00e9nyrendszer alj\u00e1n kereszt\u00fcl. Kiv\u00e1l\u00f3an alkalmas szil\u00e1rd, foly\u00e9kony vagy g\u00e1znem\u0171 t\u00fczel\u0151anyaggal m\u0171k\u00f6d\u0151 berendez\u00e9sek f\u00fcstcs\u00f6veihez.AISI 304 rozsdamentes ac\u00e9lb\u00f3l gy\u00e1rtva ellen\u00e1ll a korr\u00f3zi\u00f3nak \u00e9s a savas kondenz\u00e1ci\u00f3s anyagoknak. Megb\u00edzhat\u00f3 t\u00f6m\u00edt\u00e9st biztos\u00edt, v\u00e9d a sziv\u00e1rg\u00e1s, kifoly\u00e1s \u00e9s rendszerk\u00e1rosod\u00e1s ellen.Egyszer\u0171en telep\u00edthet\u0151 \u00e9s m\u00e1s VULCANO rendszer\u0171 elemekhez t\u00f6k\u00e9letesen illeszkedik. Haszn\u00e1lata aj\u00e1nlott minden olyan rendszerben, ahol a kondenz\u00e1ci\u00f3 jelent\u0151s lehet.V\u00e1laszd a D250 VULCANO kondenzfed\u0151t, ha biztons\u00e1gos \u00e9s professzion\u00e1lis als\u00f3 z\u00e1r\u00f3elemet keresel f\u00fcstcs\u0151rendszeredhez. Sz\u00e1ll\u00edt\u00e1si hat\u00e1rid\u0151: Magyarorsz\u00e1g \u00e9s az eg\u00e9sz Eur\u00f3pai Uni\u00f3 ter\u00fclet\u00e9n\u00a0is sz\u00e1ll\u00edtjuk. Rom\u00e1ni\u00e1ba 2-3 munkanap alatt sz\u00e1ll\u00edtjuk Magyarorsz\u00e1gra es az EU ter\u00fclet\u00e9re az \u00e1tutal\u00e1s ut\u00e1n 5 munkanapon bel\u00fcl \u00e9rkezik meg a term\u00e9k. B\u00edzunk benne, hogy el\u00e9gedett lesz a Egyszer\u0171 rozsdamentes ac\u00e9l kondenzv\u00edzgy\u0171jt\u0151 fed\u00e9l term\u00e9kkel. Ha b\u00e1rmilyen k\u00e9rd\u00e9se van, k\u00e9rj\u00fck, l\u00e9pjen kapcsolatba vel\u00fcnk. Tov\u00e1bbi &hellip; <a href=\"https:\/\/esemineu.ro\/hu\/termek\/egyszeru-rozsdamentes-acel-kondenzvizgyujto-fedel-d250-vulcano-05-mm-falvastagsaggal\/\">Folytatva<\/a><\/p>\n","protected":false},"featured_media":29269,"comment_status":"open","ping_status":"closed","template":"","meta":[],"product_brand":[1572],"product_cat":[1476,779,1472],"product_tag":[],"class_list":{"0":"post-29273","1":"product","2":"type-product","3":"status-publish","4":"has-post-thumbnail","6":"product_brand-pro-invest","7":"product_cat-180-szigetelt","8":"product_cat-fustcsovek","9":"product_cat-rozsdamentes-szigetelt-kemeny","10":"product_shipping_class-fustcsovek","11":"pa_culoare-fenyes-rozsdamentes-acel-hu","12":"pa_material-rozsdamentes-acel-hu","14":"first","15":"onbackorder","16":"shipping-taxable","17":"purchasable","18":"product-type-simple"},"acf":[],"yoast_head":"<!-- This site is optimized with the Yoast SEO Premium plugin v21.0 (Yoast SEO v27.3) - https:\/\/yoast.com\/product\/yoast-seo-premium-wordpress\/ -->\n<title>Egyszer\u0171 rozsdamentes ac\u00e9l kondenzv\u00edzgy\u0171jt\u0151 fed\u00e9l, D250<\/title>\n<meta name=\"description\" content=\"Egyszer\u0171 rozsdamentes ac\u00e9l kondenzv\u00edzgy\u0171jt\u0151 fed\u00e9l D250 VULCANO, 0,5 mm. Megb\u00edzhat\u00f3 als\u00f3 z\u00e1r\u00e1s kondenz\u00e1ci\u00f3s f\u00fcstcs\u0151rendszerekhez.\" \/>\n<meta name=\"robots\" content=\"index, follow, max-snippet:-1, max-image-preview:large, max-video-preview:-1\" \/>\n<link rel=\"canonical\" href=\"https:\/\/esemineu.ro\/hu\/termek\/egyszeru-rozsdamentes-acel-kondenzvizgyujto-fedel-d250-vulcano-05-mm-falvastagsaggal\/\" \/>\n<meta property=\"og:locale\" content=\"hu_HU\" \/>\n<meta property=\"og:type\" content=\"article\" \/>\n<meta property=\"og:title\" content=\"Egyszer\u0171 rozsdamentes ac\u00e9l kondenzv\u00edzgy\u0171jt\u0151 fed\u00e9l, D250\" \/>\n<meta property=\"og:description\" content=\"Egyszer\u0171 rozsdamentes ac\u00e9l kondenzv\u00edzgy\u0171jt\u0151 fed\u00e9l D250 VULCANO, 0,5 mm. Megb\u00edzhat\u00f3 als\u00f3 z\u00e1r\u00e1s kondenz\u00e1ci\u00f3s f\u00fcstcs\u0151rendszerekhez.\" \/>\n<meta property=\"og:url\" content=\"https:\/\/esemineu.ro\/hu\/termek\/egyszeru-rozsdamentes-acel-kondenzvizgyujto-fedel-d250-vulcano-05-mm-falvastagsaggal\/\" \/>\n<meta property=\"og:site_name\" content=\"eSemineu\" \/>\n<meta property=\"article:publisher\" content=\"https:\/\/web.facebook.com\/eSemineu\" \/>\n<meta property=\"article:modified_time\" content=\"2025-05-16T10:15:42+00:00\" \/>\n<meta property=\"og:image\" content=\"https:\/\/esemineu.ro\/wp-content\/uploads\/2025\/05\/mare_1_FAA25321.jpg\" \/>\n\t<meta property=\"og:image:width\" content=\"800\" \/>\n\t<meta property=\"og:image:height\" content=\"800\" \/>\n\t<meta property=\"og:image:type\" content=\"image\/jpeg\" \/>\n<meta name=\"twitter:card\" content=\"summary_large_image\" \/>\n<meta name=\"twitter:label1\" content=\"Becs\u00fclt olvas\u00e1si id\u0151\" \/>\n\t<meta name=\"twitter:data1\" content=\"1 perc\" \/>\n<script type=\"application\/ld+json\" class=\"yoast-schema-graph\">{\"@context\":\"https:\\\/\\\/schema.org\",\"@graph\":[{\"@type\":\"WebPage\",\"@id\":\"https:\\\/\\\/esemineu.ro\\\/hu\\\/termek\\\/egyszeru-rozsdamentes-acel-kondenzvizgyujto-fedel-d250-vulcano-05-mm-falvastagsaggal\\\/\",\"url\":\"https:\\\/\\\/esemineu.ro\\\/hu\\\/termek\\\/egyszeru-rozsdamentes-acel-kondenzvizgyujto-fedel-d250-vulcano-05-mm-falvastagsaggal\\\/\",\"name\":\"Egyszer\u0171 rozsdamentes ac\u00e9l kondenzv\u00edzgy\u0171jt\u0151 fed\u00e9l, D250\",\"isPartOf\":{\"@id\":\"https:\\\/\\\/esemineu.ro\\\/hu\\\/#website\"},\"primaryImageOfPage\":{\"@id\":\"https:\\\/\\\/esemineu.ro\\\/hu\\\/termek\\\/egyszeru-rozsdamentes-acel-kondenzvizgyujto-fedel-d250-vulcano-05-mm-falvastagsaggal\\\/#primaryimage\"},\"image\":{\"@id\":\"https:\\\/\\\/esemineu.ro\\\/hu\\\/termek\\\/egyszeru-rozsdamentes-acel-kondenzvizgyujto-fedel-d250-vulcano-05-mm-falvastagsaggal\\\/#primaryimage\"},\"thumbnailUrl\":\"https:\\\/\\\/esemineu.ro\\\/wp-content\\\/uploads\\\/2025\\\/05\\\/mare_1_FAA25321.jpg\",\"datePublished\":\"2025-05-16T10:12:08+00:00\",\"dateModified\":\"2025-05-16T10:15:42+00:00\",\"description\":\"Egyszer\u0171 rozsdamentes ac\u00e9l kondenzv\u00edzgy\u0171jt\u0151 fed\u00e9l D250 VULCANO, 0,5 mm. Megb\u00edzhat\u00f3 als\u00f3 z\u00e1r\u00e1s kondenz\u00e1ci\u00f3s f\u00fcstcs\u0151rendszerekhez.\",\"breadcrumb\":{\"@id\":\"https:\\\/\\\/esemineu.ro\\\/hu\\\/termek\\\/egyszeru-rozsdamentes-acel-kondenzvizgyujto-fedel-d250-vulcano-05-mm-falvastagsaggal\\\/#breadcrumb\"},\"inLanguage\":\"hu\",\"potentialAction\":[{\"@type\":\"ReadAction\",\"target\":[\"https:\\\/\\\/esemineu.ro\\\/hu\\\/termek\\\/egyszeru-rozsdamentes-acel-kondenzvizgyujto-fedel-d250-vulcano-05-mm-falvastagsaggal\\\/\"]}]},{\"@type\":\"ImageObject\",\"inLanguage\":\"hu\",\"@id\":\"https:\\\/\\\/esemineu.ro\\\/hu\\\/termek\\\/egyszeru-rozsdamentes-acel-kondenzvizgyujto-fedel-d250-vulcano-05-mm-falvastagsaggal\\\/#primaryimage\",\"url\":\"https:\\\/\\\/esemineu.ro\\\/wp-content\\\/uploads\\\/2025\\\/05\\\/mare_1_FAA25321.jpg\",\"contentUrl\":\"https:\\\/\\\/esemineu.ro\\\/wp-content\\\/uploads\\\/2025\\\/05\\\/mare_1_FAA25321.jpg\",\"width\":800,\"height\":800},{\"@type\":\"BreadcrumbList\",\"@id\":\"https:\\\/\\\/esemineu.ro\\\/hu\\\/termek\\\/egyszeru-rozsdamentes-acel-kondenzvizgyujto-fedel-d250-vulcano-05-mm-falvastagsaggal\\\/#breadcrumb\",\"itemListElement\":[{\"@type\":\"ListItem\",\"position\":1,\"name\":\"Kezd\u0151lap\",\"item\":\"https:\\\/\\\/esemineu.ro\\\/hu\\\/\"},{\"@type\":\"ListItem\",\"position\":2,\"name\":\"\u00c1ruh\u00e1z\",\"item\":\"https:\\\/\\\/esemineu.ro\\\/hu\\\/aruhaz\\\/\"},{\"@type\":\"ListItem\",\"position\":3,\"name\":\"Egyszer\u0171 rozsdamentes ac\u00e9l kondenzv\u00edzgy\u0171jt\u0151 fed\u00e9l, D250 VULCANO, 0,5 mm falvastags\u00e1ggal.\"}]},{\"@type\":\"WebSite\",\"@id\":\"https:\\\/\\\/esemineu.ro\\\/hu\\\/#website\",\"url\":\"https:\\\/\\\/esemineu.ro\\\/hu\\\/\",\"name\":\"eSemineu\",\"description\":\"\u0218eminee de cea mai \u00eenalt\u0103 calitate\",\"potentialAction\":[{\"@type\":\"SearchAction\",\"target\":{\"@type\":\"EntryPoint\",\"urlTemplate\":\"https:\\\/\\\/esemineu.ro\\\/hu\\\/?s={search_term_string}\"},\"query-input\":{\"@type\":\"PropertyValueSpecification\",\"valueRequired\":true,\"valueName\":\"search_term_string\"}}],\"inLanguage\":\"hu\"}]}<\/script>\n<!-- \/ Yoast SEO Premium plugin. -->","yoast_head_json":{"title":"Egyszer\u0171 rozsdamentes ac\u00e9l kondenzv\u00edzgy\u0171jt\u0151 fed\u00e9l, D250","description":"Egyszer\u0171 rozsdamentes ac\u00e9l kondenzv\u00edzgy\u0171jt\u0151 fed\u00e9l D250 VULCANO, 0,5 mm. Megb\u00edzhat\u00f3 als\u00f3 z\u00e1r\u00e1s kondenz\u00e1ci\u00f3s f\u00fcstcs\u0151rendszerekhez.","robots":{"index":"index","follow":"follow","max-snippet":"max-snippet:-1","max-image-preview":"max-image-preview:large","max-video-preview":"max-video-preview:-1"},"canonical":"https:\/\/esemineu.ro\/hu\/termek\/egyszeru-rozsdamentes-acel-kondenzvizgyujto-fedel-d250-vulcano-05-mm-falvastagsaggal\/","og_locale":"hu_HU","og_type":"article","og_title":"Egyszer\u0171 rozsdamentes ac\u00e9l kondenzv\u00edzgy\u0171jt\u0151 fed\u00e9l, D250","og_description":"Egyszer\u0171 rozsdamentes ac\u00e9l kondenzv\u00edzgy\u0171jt\u0151 fed\u00e9l D250 VULCANO, 0,5 mm. Megb\u00edzhat\u00f3 als\u00f3 z\u00e1r\u00e1s kondenz\u00e1ci\u00f3s f\u00fcstcs\u0151rendszerekhez.","og_url":"https:\/\/esemineu.ro\/hu\/termek\/egyszeru-rozsdamentes-acel-kondenzvizgyujto-fedel-d250-vulcano-05-mm-falvastagsaggal\/","og_site_name":"eSemineu","article_publisher":"https:\/\/web.facebook.com\/eSemineu","article_modified_time":"2025-05-16T10:15:42+00:00","og_image":[{"width":800,"height":800,"url":"https:\/\/esemineu.ro\/wp-content\/uploads\/2025\/05\/mare_1_FAA25321.jpg","type":"image\/jpeg"}],"twitter_card":"summary_large_image","twitter_misc":{"Becs\u00fclt olvas\u00e1si id\u0151":"1 perc"},"schema":{"@context":"https:\/\/schema.org","@graph":[{"@type":"WebPage","@id":"https:\/\/esemineu.ro\/hu\/termek\/egyszeru-rozsdamentes-acel-kondenzvizgyujto-fedel-d250-vulcano-05-mm-falvastagsaggal\/","url":"https:\/\/esemineu.ro\/hu\/termek\/egyszeru-rozsdamentes-acel-kondenzvizgyujto-fedel-d250-vulcano-05-mm-falvastagsaggal\/","name":"Egyszer\u0171 rozsdamentes ac\u00e9l kondenzv\u00edzgy\u0171jt\u0151 fed\u00e9l, D250","isPartOf":{"@id":"https:\/\/esemineu.ro\/hu\/#website"},"primaryImageOfPage":{"@id":"https:\/\/esemineu.ro\/hu\/termek\/egyszeru-rozsdamentes-acel-kondenzvizgyujto-fedel-d250-vulcano-05-mm-falvastagsaggal\/#primaryimage"},"image":{"@id":"https:\/\/esemineu.ro\/hu\/termek\/egyszeru-rozsdamentes-acel-kondenzvizgyujto-fedel-d250-vulcano-05-mm-falvastagsaggal\/#primaryimage"},"thumbnailUrl":"https:\/\/esemineu.ro\/wp-content\/uploads\/2025\/05\/mare_1_FAA25321.jpg","datePublished":"2025-05-16T10:12:08+00:00","dateModified":"2025-05-16T10:15:42+00:00","description":"Egyszer\u0171 rozsdamentes ac\u00e9l kondenzv\u00edzgy\u0171jt\u0151 fed\u00e9l D250 VULCANO, 0,5 mm. Megb\u00edzhat\u00f3 als\u00f3 z\u00e1r\u00e1s kondenz\u00e1ci\u00f3s f\u00fcstcs\u0151rendszerekhez.","breadcrumb":{"@id":"https:\/\/esemineu.ro\/hu\/termek\/egyszeru-rozsdamentes-acel-kondenzvizgyujto-fedel-d250-vulcano-05-mm-falvastagsaggal\/#breadcrumb"},"inLanguage":"hu","potentialAction":[{"@type":"ReadAction","target":["https:\/\/esemineu.ro\/hu\/termek\/egyszeru-rozsdamentes-acel-kondenzvizgyujto-fedel-d250-vulcano-05-mm-falvastagsaggal\/"]}]},{"@type":"ImageObject","inLanguage":"hu","@id":"https:\/\/esemineu.ro\/hu\/termek\/egyszeru-rozsdamentes-acel-kondenzvizgyujto-fedel-d250-vulcano-05-mm-falvastagsaggal\/#primaryimage","url":"https:\/\/esemineu.ro\/wp-content\/uploads\/2025\/05\/mare_1_FAA25321.jpg","contentUrl":"https:\/\/esemineu.ro\/wp-content\/uploads\/2025\/05\/mare_1_FAA25321.jpg","width":800,"height":800},{"@type":"BreadcrumbList","@id":"https:\/\/esemineu.ro\/hu\/termek\/egyszeru-rozsdamentes-acel-kondenzvizgyujto-fedel-d250-vulcano-05-mm-falvastagsaggal\/#breadcrumb","itemListElement":[{"@type":"ListItem","position":1,"name":"Kezd\u0151lap","item":"https:\/\/esemineu.ro\/hu\/"},{"@type":"ListItem","position":2,"name":"\u00c1ruh\u00e1z","item":"https:\/\/esemineu.ro\/hu\/aruhaz\/"},{"@type":"ListItem","position":3,"name":"Egyszer\u0171 rozsdamentes ac\u00e9l kondenzv\u00edzgy\u0171jt\u0151 fed\u00e9l, D250 VULCANO, 0,5 mm falvastags\u00e1ggal."}]},{"@type":"WebSite","@id":"https:\/\/esemineu.ro\/hu\/#website","url":"https:\/\/esemineu.ro\/hu\/","name":"eSemineu","description":"\u0218eminee de cea mai \u00eenalt\u0103 calitate","potentialAction":[{"@type":"SearchAction","target":{"@type":"EntryPoint","urlTemplate":"https:\/\/esemineu.ro\/hu\/?s={search_term_string}"},"query-input":{"@type":"PropertyValueSpecification","valueRequired":true,"valueName":"search_term_string"}}],"inLanguage":"hu"}]}},"_links":{"self":[{"href":"https:\/\/esemineu.ro\/hu\/wp-json\/wp\/v2\/product\/29273","targetHints":{"allow":["GET"]}}],"collection":[{"href":"https:\/\/esemineu.ro\/hu\/wp-json\/wp\/v2\/product"}],"about":[{"href":"https:\/\/esemineu.ro\/hu\/wp-json\/wp\/v2\/types\/product"}],"replies":[{"embeddable":true,"href":"https:\/\/esemineu.ro\/hu\/wp-json\/wp\/v2\/comments?post=29273"}],"wp:featuredmedia":[{"embeddable":true,"href":"https:\/\/esemineu.ro\/hu\/wp-json\/wp\/v2\/media\/29269"}],"wp:attachment":[{"href":"https:\/\/esemineu.ro\/hu\/wp-json\/wp\/v2\/media?parent=29273"}],"wp:term":[{"taxonomy":"product_brand","embeddable":true,"href":"https:\/\/esemineu.ro\/hu\/wp-json\/wp\/v2\/product_brand?post=29273"},{"taxonomy":"product_cat","embeddable":true,"href":"https:\/\/esemineu.ro\/hu\/wp-json\/wp\/v2\/product_cat?post=29273"},{"taxonomy":"product_tag","embeddable":true,"href":"https:\/\/esemineu.ro\/hu\/wp-json\/wp\/v2\/product_tag?post=29273"}],"curies":[{"name":"wp","href":"https:\/\/api.w.org\/{rel}","templated":true}]}}