{"id":29267,"date":"2025-05-16T12:03:23","date_gmt":"2025-05-16T10:03:23","guid":{"rendered":"https:\/\/esemineu.ro\/?post_type=product&#038;p=29267"},"modified":"2025-05-16T12:07:18","modified_gmt":"2025-05-16T10:07:18","slug":"dupla-falu-rozsdamentes-acel-fustcso-1-meter-d180-250-vulcano-05-mm-falvastagsaggal","status":"publish","type":"product","link":"https:\/\/esemineu.ro\/hu\/termek\/dupla-falu-rozsdamentes-acel-fustcso-1-meter-d180-250-vulcano-05-mm-falvastagsaggal\/","title":{"rendered":"Dupla fal\u00fa rozsdamentes ac\u00e9l f\u00fcstcs\u0151, 1 m\u00e9ter, D180\/250 VULCANO, 0,5 mm falvastags\u00e1ggal."},"content":{"rendered":"<p class=\"\" data-start=\"211\" data-end=\"303\"><strong data-start=\"211\" data-end=\"303\">Dupla fal\u00fa rozsdamentes ac\u00e9l f\u00fcstcs\u0151 D180\/250 VULCANO \u2013 megb\u00edzhat\u00f3 k\u00e9m\u00e9nymegold\u00e1s h\u0151\u00e1ll\u00f3 kivitelben<\/strong><\/p>\n<p class=\"\" data-start=\"305\" data-end=\"481\">Ez az 1 m\u00e9teres VULCANO f\u00fcstcs\u0151 dupla fal\u00fa kialak\u00edt\u00e1ssal k\u00e9sz\u00fclt, \u00edgy kiv\u00e1l\u00f3 h\u0151szigetel\u00e9st biztos\u00edt.<br data-start=\"405\" data-end=\"408\" \/>A bels\u0151 \u00e1tm\u00e9r\u0151je 180 mm, a k\u00fcls\u0151 \u00e1tm\u00e9r\u0151je 250 mm, falvastags\u00e1ga 0,5 mm.<\/p>\n<p class=\"\" data-start=\"483\" data-end=\"665\">AISI 304 rozsdamentes ac\u00e9lb\u00f3l k\u00e9sz\u00fclt, amely ellen\u00e1ll a korr\u00f3zi\u00f3nak \u00e9s magas h\u0151m\u00e9rs\u00e9kletnek.<br data-start=\"575\" data-end=\"578\" \/>Ide\u00e1lis v\u00e1laszt\u00e1s ipari \u00e9s h\u00e1ztart\u00e1si f\u0171t\u0151berendez\u00e9sek f\u00fcstg\u00e1zelvezet\u0151 rendszereihez.<\/p>\n<p class=\"\" data-start=\"667\" data-end=\"844\">Ez a cs\u0151elem seg\u00edt el\u00e9rni a megfelel\u0151 k\u00e9m\u00e9nymagass\u00e1got a megfelel\u0151 huzathat\u00e1s \u00e9rdek\u00e9ben.<br data-start=\"755\" data-end=\"758\" \/>A \u201eanya\u2013apa\u201d rendszer\u0171 illeszt\u00e9s gyors \u00e9s biztons\u00e1gos csatlakoztat\u00e1st tesz lehet\u0151v\u00e9.<\/p>\n<p class=\"\" data-start=\"846\" data-end=\"1040\">A csatlakoz\u00e1sokat colierrel lehet r\u00f6gz\u00edteni, \u00edgy a rendszer sziv\u00e1rg\u00e1smentes \u00e9s stabil marad.<br data-start=\"938\" data-end=\"941\" \/>Haszn\u00e1lhat\u00f3 kandall\u00f3khoz, kaz\u00e1nokhoz, cser\u00e9pk\u00e1lyh\u00e1khoz vagy m\u00e1s szil\u00e1rd t\u00fczel\u00e9s\u0171 berendez\u00e9sekhez.<\/p>\n<p class=\"\" data-start=\"1042\" data-end=\"1165\"><strong data-start=\"1042\" data-end=\"1094\">V\u00e1laszd a D180\/250 VULCANO dupla fal\u00fa f\u00fcstcs\u00f6vet<\/strong>, ha biztons\u00e1gos, tart\u00f3s \u00e9s hat\u00e9kony f\u00fcstg\u00e1z-elvezet\u00e9sre van sz\u00fcks\u00e9ged.<\/p>\n<h4>Sz\u00e1ll\u00edt\u00e1si hat\u00e1rid\u0151:<\/h4>\n<ul>\n<li><strong>Magyarorsz\u00e1g \u00e9s az eg\u00e9sz Eur\u00f3pai Uni\u00f3 ter\u00fclet\u00e9n<\/strong>\u00a0is sz\u00e1ll\u00edtjuk.<\/li>\n<li>Rom\u00e1ni\u00e1ba 2-3 munkanap alatt sz\u00e1ll\u00edtjuk<\/li>\n<li>Magyarorsz\u00e1gra es az EU ter\u00fclet\u00e9re az \u00e1tutal\u00e1s ut\u00e1n 5 munkanapon bel\u00fcl \u00e9rkezik meg a term\u00e9k.<\/li>\n<\/ul>\n<p>B\u00edzunk benne, hogy el\u00e9gedett lesz a Dupla fal\u00fa rozsdamentes ac\u00e9l f\u00fcstcs\u0151 vel. Ha b\u00e1rmilyen k\u00e9rd\u00e9se van, k\u00e9rj\u00fck, l\u00e9pjen kapcsolatba vel\u00fcnk.<\/p>\n<p>Tov\u00e1bbi aj\u00e1nlatok\u00e9rt kattintson\u00a0<a href=\"https:\/\/esemineu.ro\/hu\/termek-kategoria\/fustcsovek\/\">ide<\/a><\/p>\n<p>T\u0151bb inform\u00e1ci\u00f3\u00e9rt l\u00e1togasson el\u00a0<a href=\"https:\/\/www.youtube.com\/@esemineuromania\">YouTube<\/a>-csatorn\u00e1nkra, valamint\u00a0<a href=\"https:\/\/www.facebook.com\/eSemineu\">Facebook<\/a>\u00a0\u00e9s\u00a0<a href=\"https:\/\/www.instagram.com\/esemineu\/\">Instagram<\/a>\u00a0oldalainkra.<\/p>\n<p><a href=\"https:\/\/esemineu.ro\/\">eSemineu.ro<\/a>\u00a0 \u00a0Te adod a t\u0171zet mi adjuk a meleget!<\/p>\n","protected":false},"excerpt":{"rendered":"<p>Dupla fal\u00fa rozsdamentes ac\u00e9l f\u00fcstcs\u0151 D180\/250 VULCANO \u2013 megb\u00edzhat\u00f3 k\u00e9m\u00e9nymegold\u00e1s h\u0151\u00e1ll\u00f3 kivitelben Ez az 1 m\u00e9teres VULCANO f\u00fcstcs\u0151 dupla fal\u00fa kialak\u00edt\u00e1ssal k\u00e9sz\u00fclt, \u00edgy kiv\u00e1l\u00f3 h\u0151szigetel\u00e9st biztos\u00edt.A bels\u0151 \u00e1tm\u00e9r\u0151je 180 mm, a k\u00fcls\u0151 \u00e1tm\u00e9r\u0151je 250 mm, falvastags\u00e1ga 0,5 mm. AISI 304 rozsdamentes ac\u00e9lb\u00f3l k\u00e9sz\u00fclt, amely ellen\u00e1ll a korr\u00f3zi\u00f3nak \u00e9s magas h\u0151m\u00e9rs\u00e9kletnek.Ide\u00e1lis v\u00e1laszt\u00e1s ipari \u00e9s h\u00e1ztart\u00e1si f\u0171t\u0151berendez\u00e9sek f\u00fcstg\u00e1zelvezet\u0151 rendszereihez. Ez a cs\u0151elem seg\u00edt el\u00e9rni a megfelel\u0151 k\u00e9m\u00e9nymagass\u00e1got a megfelel\u0151 huzathat\u00e1s \u00e9rdek\u00e9ben.A \u201eanya\u2013apa\u201d rendszer\u0171 illeszt\u00e9s gyors \u00e9s biztons\u00e1gos csatlakoztat\u00e1st tesz lehet\u0151v\u00e9. A csatlakoz\u00e1sokat colierrel lehet r\u00f6gz\u00edteni, \u00edgy a rendszer sziv\u00e1rg\u00e1smentes \u00e9s stabil marad.Haszn\u00e1lhat\u00f3 kandall\u00f3khoz, kaz\u00e1nokhoz, cser\u00e9pk\u00e1lyh\u00e1khoz vagy m\u00e1s szil\u00e1rd t\u00fczel\u00e9s\u0171 berendez\u00e9sekhez. V\u00e1laszd a D180\/250 VULCANO dupla fal\u00fa f\u00fcstcs\u00f6vet, ha biztons\u00e1gos, tart\u00f3s \u00e9s hat\u00e9kony f\u00fcstg\u00e1z-elvezet\u00e9sre van sz\u00fcks\u00e9ged. Sz\u00e1ll\u00edt\u00e1si hat\u00e1rid\u0151: Magyarorsz\u00e1g \u00e9s az eg\u00e9sz Eur\u00f3pai Uni\u00f3 ter\u00fclet\u00e9n\u00a0is sz\u00e1ll\u00edtjuk. Rom\u00e1ni\u00e1ba 2-3 munkanap alatt sz\u00e1ll\u00edtjuk Magyarorsz\u00e1gra es az EU ter\u00fclet\u00e9re az \u00e1tutal\u00e1s ut\u00e1n 5 munkanapon bel\u00fcl \u00e9rkezik meg a term\u00e9k. B\u00edzunk benne, hogy el\u00e9gedett lesz a Dupla &hellip; <a href=\"https:\/\/esemineu.ro\/hu\/termek\/dupla-falu-rozsdamentes-acel-fustcso-1-meter-d180-250-vulcano-05-mm-falvastagsaggal\/\">Folytatva<\/a><\/p>\n","protected":false},"featured_media":29263,"comment_status":"open","ping_status":"closed","template":"","meta":[],"product_brand":[1572],"product_cat":[1476,779,1472],"product_tag":[],"class_list":{"0":"post-29267","1":"product","2":"type-product","3":"status-publish","4":"has-post-thumbnail","6":"product_brand-pro-invest","7":"product_cat-180-szigetelt","8":"product_cat-fustcsovek","9":"product_cat-rozsdamentes-szigetelt-kemeny","10":"product_shipping_class-fustcsovek","11":"pa_culoare-fenyes-rozsdamentes-acel-hu","12":"pa_material-rozsdamentes-acel-hu","14":"first","15":"onbackorder","16":"shipping-taxable","17":"purchasable","18":"product-type-simple"},"acf":[],"yoast_head":"<!-- This site is optimized with the Yoast SEO Premium plugin v21.0 (Yoast SEO v27.3) - https:\/\/yoast.com\/product\/yoast-seo-premium-wordpress\/ -->\n<title>Dupla fal\u00fa rozsdamentes ac\u00e9l f\u00fcstcs\u0151, 1 m\u00e9ter, D180\/250<\/title>\n<meta name=\"description\" content=\"Dupla fal\u00fa rozsdamentes ac\u00e9l f\u00fcstcs\u0151 D180\/250 VULCANO, 1 m, 0,5 mm. Dupla fal\u00fa kivitel biztons\u00e1gos \u00e9s hat\u00e9kony k\u00e9m\u00e9nyrendszerekhez. PRO\" \/>\n<meta name=\"robots\" content=\"index, follow, max-snippet:-1, max-image-preview:large, max-video-preview:-1\" \/>\n<link rel=\"canonical\" href=\"https:\/\/esemineu.ro\/hu\/termek\/dupla-falu-rozsdamentes-acel-fustcso-1-meter-d180-250-vulcano-05-mm-falvastagsaggal\/\" \/>\n<meta property=\"og:locale\" content=\"hu_HU\" \/>\n<meta property=\"og:type\" content=\"article\" \/>\n<meta property=\"og:title\" content=\"Dupla fal\u00fa rozsdamentes ac\u00e9l f\u00fcstcs\u0151, 1 m\u00e9ter, D180\/250\" \/>\n<meta property=\"og:description\" content=\"Dupla fal\u00fa rozsdamentes ac\u00e9l f\u00fcstcs\u0151 D180\/250 VULCANO, 1 m, 0,5 mm. Dupla fal\u00fa kivitel biztons\u00e1gos \u00e9s hat\u00e9kony k\u00e9m\u00e9nyrendszerekhez. PRO\" \/>\n<meta property=\"og:url\" content=\"https:\/\/esemineu.ro\/hu\/termek\/dupla-falu-rozsdamentes-acel-fustcso-1-meter-d180-250-vulcano-05-mm-falvastagsaggal\/\" \/>\n<meta property=\"og:site_name\" content=\"eSemineu\" \/>\n<meta property=\"article:publisher\" content=\"https:\/\/web.facebook.com\/eSemineu\" \/>\n<meta property=\"article:modified_time\" content=\"2025-05-16T10:07:18+00:00\" \/>\n<meta property=\"og:image\" content=\"https:\/\/esemineu.ro\/wp-content\/uploads\/2025\/05\/mare_1_FAA24201.jpg\" \/>\n\t<meta property=\"og:image:width\" content=\"800\" \/>\n\t<meta property=\"og:image:height\" content=\"800\" \/>\n\t<meta property=\"og:image:type\" content=\"image\/jpeg\" \/>\n<meta name=\"twitter:card\" content=\"summary_large_image\" \/>\n<meta name=\"twitter:label1\" content=\"Becs\u00fclt olvas\u00e1si id\u0151\" \/>\n\t<meta name=\"twitter:data1\" content=\"2 perc\" \/>\n<script type=\"application\/ld+json\" class=\"yoast-schema-graph\">{\"@context\":\"https:\\\/\\\/schema.org\",\"@graph\":[{\"@type\":\"WebPage\",\"@id\":\"https:\\\/\\\/esemineu.ro\\\/hu\\\/termek\\\/dupla-falu-rozsdamentes-acel-fustcso-1-meter-d180-250-vulcano-05-mm-falvastagsaggal\\\/\",\"url\":\"https:\\\/\\\/esemineu.ro\\\/hu\\\/termek\\\/dupla-falu-rozsdamentes-acel-fustcso-1-meter-d180-250-vulcano-05-mm-falvastagsaggal\\\/\",\"name\":\"Dupla fal\u00fa rozsdamentes ac\u00e9l f\u00fcstcs\u0151, 1 m\u00e9ter, D180\\\/250\",\"isPartOf\":{\"@id\":\"https:\\\/\\\/esemineu.ro\\\/hu\\\/#website\"},\"primaryImageOfPage\":{\"@id\":\"https:\\\/\\\/esemineu.ro\\\/hu\\\/termek\\\/dupla-falu-rozsdamentes-acel-fustcso-1-meter-d180-250-vulcano-05-mm-falvastagsaggal\\\/#primaryimage\"},\"image\":{\"@id\":\"https:\\\/\\\/esemineu.ro\\\/hu\\\/termek\\\/dupla-falu-rozsdamentes-acel-fustcso-1-meter-d180-250-vulcano-05-mm-falvastagsaggal\\\/#primaryimage\"},\"thumbnailUrl\":\"https:\\\/\\\/esemineu.ro\\\/wp-content\\\/uploads\\\/2025\\\/05\\\/mare_1_FAA24201.jpg\",\"datePublished\":\"2025-05-16T10:03:23+00:00\",\"dateModified\":\"2025-05-16T10:07:18+00:00\",\"description\":\"Dupla fal\u00fa rozsdamentes ac\u00e9l f\u00fcstcs\u0151 D180\\\/250 VULCANO, 1 m, 0,5 mm. Dupla fal\u00fa kivitel biztons\u00e1gos \u00e9s hat\u00e9kony k\u00e9m\u00e9nyrendszerekhez. PRO\",\"breadcrumb\":{\"@id\":\"https:\\\/\\\/esemineu.ro\\\/hu\\\/termek\\\/dupla-falu-rozsdamentes-acel-fustcso-1-meter-d180-250-vulcano-05-mm-falvastagsaggal\\\/#breadcrumb\"},\"inLanguage\":\"hu\",\"potentialAction\":[{\"@type\":\"ReadAction\",\"target\":[\"https:\\\/\\\/esemineu.ro\\\/hu\\\/termek\\\/dupla-falu-rozsdamentes-acel-fustcso-1-meter-d180-250-vulcano-05-mm-falvastagsaggal\\\/\"]}]},{\"@type\":\"ImageObject\",\"inLanguage\":\"hu\",\"@id\":\"https:\\\/\\\/esemineu.ro\\\/hu\\\/termek\\\/dupla-falu-rozsdamentes-acel-fustcso-1-meter-d180-250-vulcano-05-mm-falvastagsaggal\\\/#primaryimage\",\"url\":\"https:\\\/\\\/esemineu.ro\\\/wp-content\\\/uploads\\\/2025\\\/05\\\/mare_1_FAA24201.jpg\",\"contentUrl\":\"https:\\\/\\\/esemineu.ro\\\/wp-content\\\/uploads\\\/2025\\\/05\\\/mare_1_FAA24201.jpg\",\"width\":800,\"height\":800},{\"@type\":\"BreadcrumbList\",\"@id\":\"https:\\\/\\\/esemineu.ro\\\/hu\\\/termek\\\/dupla-falu-rozsdamentes-acel-fustcso-1-meter-d180-250-vulcano-05-mm-falvastagsaggal\\\/#breadcrumb\",\"itemListElement\":[{\"@type\":\"ListItem\",\"position\":1,\"name\":\"Kezd\u0151lap\",\"item\":\"https:\\\/\\\/esemineu.ro\\\/hu\\\/\"},{\"@type\":\"ListItem\",\"position\":2,\"name\":\"\u00c1ruh\u00e1z\",\"item\":\"https:\\\/\\\/esemineu.ro\\\/hu\\\/aruhaz\\\/\"},{\"@type\":\"ListItem\",\"position\":3,\"name\":\"Dupla fal\u00fa rozsdamentes ac\u00e9l f\u00fcstcs\u0151, 1 m\u00e9ter, D180\\\/250 VULCANO, 0,5 mm falvastags\u00e1ggal.\"}]},{\"@type\":\"WebSite\",\"@id\":\"https:\\\/\\\/esemineu.ro\\\/hu\\\/#website\",\"url\":\"https:\\\/\\\/esemineu.ro\\\/hu\\\/\",\"name\":\"eSemineu\",\"description\":\"\u0218eminee de cea mai \u00eenalt\u0103 calitate\",\"potentialAction\":[{\"@type\":\"SearchAction\",\"target\":{\"@type\":\"EntryPoint\",\"urlTemplate\":\"https:\\\/\\\/esemineu.ro\\\/hu\\\/?s={search_term_string}\"},\"query-input\":{\"@type\":\"PropertyValueSpecification\",\"valueRequired\":true,\"valueName\":\"search_term_string\"}}],\"inLanguage\":\"hu\"}]}<\/script>\n<!-- \/ Yoast SEO Premium plugin. -->","yoast_head_json":{"title":"Dupla fal\u00fa rozsdamentes ac\u00e9l f\u00fcstcs\u0151, 1 m\u00e9ter, D180\/250","description":"Dupla fal\u00fa rozsdamentes ac\u00e9l f\u00fcstcs\u0151 D180\/250 VULCANO, 1 m, 0,5 mm. Dupla fal\u00fa kivitel biztons\u00e1gos \u00e9s hat\u00e9kony k\u00e9m\u00e9nyrendszerekhez. PRO","robots":{"index":"index","follow":"follow","max-snippet":"max-snippet:-1","max-image-preview":"max-image-preview:large","max-video-preview":"max-video-preview:-1"},"canonical":"https:\/\/esemineu.ro\/hu\/termek\/dupla-falu-rozsdamentes-acel-fustcso-1-meter-d180-250-vulcano-05-mm-falvastagsaggal\/","og_locale":"hu_HU","og_type":"article","og_title":"Dupla fal\u00fa rozsdamentes ac\u00e9l f\u00fcstcs\u0151, 1 m\u00e9ter, D180\/250","og_description":"Dupla fal\u00fa rozsdamentes ac\u00e9l f\u00fcstcs\u0151 D180\/250 VULCANO, 1 m, 0,5 mm. Dupla fal\u00fa kivitel biztons\u00e1gos \u00e9s hat\u00e9kony k\u00e9m\u00e9nyrendszerekhez. PRO","og_url":"https:\/\/esemineu.ro\/hu\/termek\/dupla-falu-rozsdamentes-acel-fustcso-1-meter-d180-250-vulcano-05-mm-falvastagsaggal\/","og_site_name":"eSemineu","article_publisher":"https:\/\/web.facebook.com\/eSemineu","article_modified_time":"2025-05-16T10:07:18+00:00","og_image":[{"width":800,"height":800,"url":"https:\/\/esemineu.ro\/wp-content\/uploads\/2025\/05\/mare_1_FAA24201.jpg","type":"image\/jpeg"}],"twitter_card":"summary_large_image","twitter_misc":{"Becs\u00fclt olvas\u00e1si id\u0151":"2 perc"},"schema":{"@context":"https:\/\/schema.org","@graph":[{"@type":"WebPage","@id":"https:\/\/esemineu.ro\/hu\/termek\/dupla-falu-rozsdamentes-acel-fustcso-1-meter-d180-250-vulcano-05-mm-falvastagsaggal\/","url":"https:\/\/esemineu.ro\/hu\/termek\/dupla-falu-rozsdamentes-acel-fustcso-1-meter-d180-250-vulcano-05-mm-falvastagsaggal\/","name":"Dupla fal\u00fa rozsdamentes ac\u00e9l f\u00fcstcs\u0151, 1 m\u00e9ter, D180\/250","isPartOf":{"@id":"https:\/\/esemineu.ro\/hu\/#website"},"primaryImageOfPage":{"@id":"https:\/\/esemineu.ro\/hu\/termek\/dupla-falu-rozsdamentes-acel-fustcso-1-meter-d180-250-vulcano-05-mm-falvastagsaggal\/#primaryimage"},"image":{"@id":"https:\/\/esemineu.ro\/hu\/termek\/dupla-falu-rozsdamentes-acel-fustcso-1-meter-d180-250-vulcano-05-mm-falvastagsaggal\/#primaryimage"},"thumbnailUrl":"https:\/\/esemineu.ro\/wp-content\/uploads\/2025\/05\/mare_1_FAA24201.jpg","datePublished":"2025-05-16T10:03:23+00:00","dateModified":"2025-05-16T10:07:18+00:00","description":"Dupla fal\u00fa rozsdamentes ac\u00e9l f\u00fcstcs\u0151 D180\/250 VULCANO, 1 m, 0,5 mm. Dupla fal\u00fa kivitel biztons\u00e1gos \u00e9s hat\u00e9kony k\u00e9m\u00e9nyrendszerekhez. PRO","breadcrumb":{"@id":"https:\/\/esemineu.ro\/hu\/termek\/dupla-falu-rozsdamentes-acel-fustcso-1-meter-d180-250-vulcano-05-mm-falvastagsaggal\/#breadcrumb"},"inLanguage":"hu","potentialAction":[{"@type":"ReadAction","target":["https:\/\/esemineu.ro\/hu\/termek\/dupla-falu-rozsdamentes-acel-fustcso-1-meter-d180-250-vulcano-05-mm-falvastagsaggal\/"]}]},{"@type":"ImageObject","inLanguage":"hu","@id":"https:\/\/esemineu.ro\/hu\/termek\/dupla-falu-rozsdamentes-acel-fustcso-1-meter-d180-250-vulcano-05-mm-falvastagsaggal\/#primaryimage","url":"https:\/\/esemineu.ro\/wp-content\/uploads\/2025\/05\/mare_1_FAA24201.jpg","contentUrl":"https:\/\/esemineu.ro\/wp-content\/uploads\/2025\/05\/mare_1_FAA24201.jpg","width":800,"height":800},{"@type":"BreadcrumbList","@id":"https:\/\/esemineu.ro\/hu\/termek\/dupla-falu-rozsdamentes-acel-fustcso-1-meter-d180-250-vulcano-05-mm-falvastagsaggal\/#breadcrumb","itemListElement":[{"@type":"ListItem","position":1,"name":"Kezd\u0151lap","item":"https:\/\/esemineu.ro\/hu\/"},{"@type":"ListItem","position":2,"name":"\u00c1ruh\u00e1z","item":"https:\/\/esemineu.ro\/hu\/aruhaz\/"},{"@type":"ListItem","position":3,"name":"Dupla fal\u00fa rozsdamentes ac\u00e9l f\u00fcstcs\u0151, 1 m\u00e9ter, D180\/250 VULCANO, 0,5 mm falvastags\u00e1ggal."}]},{"@type":"WebSite","@id":"https:\/\/esemineu.ro\/hu\/#website","url":"https:\/\/esemineu.ro\/hu\/","name":"eSemineu","description":"\u0218eminee de cea mai \u00eenalt\u0103 calitate","potentialAction":[{"@type":"SearchAction","target":{"@type":"EntryPoint","urlTemplate":"https:\/\/esemineu.ro\/hu\/?s={search_term_string}"},"query-input":{"@type":"PropertyValueSpecification","valueRequired":true,"valueName":"search_term_string"}}],"inLanguage":"hu"}]}},"_links":{"self":[{"href":"https:\/\/esemineu.ro\/hu\/wp-json\/wp\/v2\/product\/29267","targetHints":{"allow":["GET"]}}],"collection":[{"href":"https:\/\/esemineu.ro\/hu\/wp-json\/wp\/v2\/product"}],"about":[{"href":"https:\/\/esemineu.ro\/hu\/wp-json\/wp\/v2\/types\/product"}],"replies":[{"embeddable":true,"href":"https:\/\/esemineu.ro\/hu\/wp-json\/wp\/v2\/comments?post=29267"}],"wp:featuredmedia":[{"embeddable":true,"href":"https:\/\/esemineu.ro\/hu\/wp-json\/wp\/v2\/media\/29263"}],"wp:attachment":[{"href":"https:\/\/esemineu.ro\/hu\/wp-json\/wp\/v2\/media?parent=29267"}],"wp:term":[{"taxonomy":"product_brand","embeddable":true,"href":"https:\/\/esemineu.ro\/hu\/wp-json\/wp\/v2\/product_brand?post=29267"},{"taxonomy":"product_cat","embeddable":true,"href":"https:\/\/esemineu.ro\/hu\/wp-json\/wp\/v2\/product_cat?post=29267"},{"taxonomy":"product_tag","embeddable":true,"href":"https:\/\/esemineu.ro\/hu\/wp-json\/wp\/v2\/product_tag?post=29267"}],"curies":[{"name":"wp","href":"https:\/\/api.w.org\/{rel}","templated":true}]}}