{"id":29237,"date":"2025-05-14T13:58:26","date_gmt":"2025-05-14T11:58:26","guid":{"rendered":"https:\/\/esemineu.ro\/?post_type=product&#038;p=29237"},"modified":"2025-05-14T14:00:42","modified_gmt":"2025-05-14T12:00:42","slug":"rozsdamentes-acel-talajtarto-allvany-dupla-falu-d120-180-vulcano-05-mm-falvastagsaggal","status":"publish","type":"product","link":"https:\/\/esemineu.ro\/hu\/termek\/rozsdamentes-acel-talajtarto-allvany-dupla-falu-d120-180-vulcano-05-mm-falvastagsaggal\/","title":{"rendered":"Rozsdamentes ac\u00e9l talajtart\u00f3 \u00e1llv\u00e1ny, dupla fal\u00fa, D120\/180 VULCANO, 0,5 mm falvastags\u00e1ggal."},"content":{"rendered":"<p class=\"\" data-start=\"214\" data-end=\"326\"><strong data-start=\"214\" data-end=\"326\">Rozsdamentes ac\u00e9l talajtart\u00f3 \u00e1llv\u00e1ny<\/strong><\/p>\n<p>Talajtart\u00f3 \u00e1llv\u00e1ny D120\/180 VULCANO \u2013 stabil alap a k\u00e9m\u00e9nyrendszer biztons\u00e1gos elind\u00edt\u00e1s\u00e1hoz a talajszintr\u0151l<\/p>\n<p class=\"\" data-start=\"328\" data-end=\"528\">Ez a rozsdamentes ac\u00e9lb\u00f3l k\u00e9sz\u00fclt talajtart\u00f3 kiv\u00e1l\u00f3 megold\u00e1st ny\u00fajt a dupla fal\u00fa k\u00e9m\u00e9nyrendszerek stabil elind\u00edt\u00e1s\u00e1hoz.<br data-start=\"447\" data-end=\"450\" \/>A term\u00e9k bels\u0151 \u00e1tm\u00e9r\u0151je 120 mm, k\u00fcls\u0151 \u00e1tm\u00e9r\u0151je 180 mm, falvastags\u00e1ga 0,5 mm.<\/p>\n<p class=\"\" data-start=\"530\" data-end=\"720\">Kiv\u00e1l\u00f3 min\u0151s\u00e9g\u0171 AISI 304 rozsdamentes ac\u00e9lb\u00f3l k\u00e9sz\u00fclt, ellen\u00e1ll a korr\u00f3zi\u00f3nak \u00e9s a nedvess\u00e9gnek.<br data-start=\"626\" data-end=\"629\" \/>A tart\u00f3elem szerepe, hogy a k\u00e9m\u00e9ny s\u00faly\u00e1t a talajra vagy alapra vezesse le biztons\u00e1gosan.<\/p>\n<p class=\"\" data-start=\"722\" data-end=\"915\">Haszn\u00e1lata k\u00fcl\u00f6n\u00f6sen aj\u00e1nlott, ha a k\u00e9m\u00e9nyt nem falhoz, hanem k\u00f6zvetlen\u00fcl a f\u00f6ldre kell telep\u00edteni.<br data-start=\"821\" data-end=\"824\" \/>Biztos\u00edtja a rendszer f\u00fcgg\u0151leges stabilit\u00e1s\u00e1t \u00e9s megakad\u00e1lyozza a d\u0151l\u00e9sb\u0151l ad\u00f3d\u00f3 k\u00e1rokat.<\/p>\n<p class=\"\" data-start=\"917\" data-end=\"1114\">K\u00f6nnyen telep\u00edthet\u0151, t\u00f6k\u00e9letesen illeszkedik a VULCANO rendszer elemeihez.<br data-start=\"991\" data-end=\"994\" \/><strong data-start=\"994\" data-end=\"1036\">V\u00e1laszd a D120\/180 VULCANO talajtart\u00f3t<\/strong>, ha biztons\u00e1gos \u00e9s tart\u00f3s megold\u00e1st keresel szabadon \u00e1ll\u00f3 k\u00e9m\u00e9ny ind\u00edt\u00e1s\u00e1hoz.<\/p>\n<h4>Sz\u00e1ll\u00edt\u00e1si hat\u00e1rid\u0151:<\/h4>\n<ul>\n<li><strong>Magyarorsz\u00e1g \u00e9s az eg\u00e9sz Eur\u00f3pai Uni\u00f3 ter\u00fclet\u00e9n<\/strong>\u00a0is sz\u00e1ll\u00edtjuk.<\/li>\n<li>Rom\u00e1ni\u00e1ba 2-3 munkanap alatt sz\u00e1ll\u00edtjuk<\/li>\n<li>Magyarorsz\u00e1gra es az EU ter\u00fclet\u00e9re az \u00e1tutal\u00e1s ut\u00e1n 5 munkanapon bel\u00fcl \u00e9rkezik meg a term\u00e9k.<\/li>\n<\/ul>\n<p>B\u00edzunk benne, hogy el\u00e9gedett lesz a Rozsdamentes ac\u00e9l talajtart\u00f3 \u00e1llv\u00e1ny term\u00e9kkel. Ha b\u00e1rmilyen k\u00e9rd\u00e9se van, k\u00e9rj\u00fck, l\u00e9pjen kapcsolatba vel\u00fcnk.<\/p>\n<p>Tov\u00e1bbi aj\u00e1nlatok\u00e9rt kattintson\u00a0<a href=\"https:\/\/esemineu.ro\/hu\/termek-kategoria\/fustcsovek\/\">ide<\/a><\/p>\n<p>T\u0151bb inform\u00e1ci\u00f3\u00e9rt l\u00e1togasson el\u00a0<a href=\"https:\/\/www.youtube.com\/@esemineuromania\">YouTube<\/a>-csatorn\u00e1nkra, valamint\u00a0<a href=\"https:\/\/www.facebook.com\/eSemineu\">Facebook<\/a>\u00a0\u00e9s\u00a0<a href=\"https:\/\/www.instagram.com\/esemineu\/\">Instagram<\/a>\u00a0oldalainkra.<\/p>\n<p><a href=\"https:\/\/esemineu.ro\/\">eSemineu.ro<\/a>\u00a0 \u00a0Te adod a t\u0171zet mi adjuk a meleget!<\/p>\n","protected":false},"excerpt":{"rendered":"<p>Rozsdamentes ac\u00e9l talajtart\u00f3 \u00e1llv\u00e1ny Talajtart\u00f3 \u00e1llv\u00e1ny D120\/180 VULCANO \u2013 stabil alap a k\u00e9m\u00e9nyrendszer biztons\u00e1gos elind\u00edt\u00e1s\u00e1hoz a talajszintr\u0151l Ez a rozsdamentes ac\u00e9lb\u00f3l k\u00e9sz\u00fclt talajtart\u00f3 kiv\u00e1l\u00f3 megold\u00e1st ny\u00fajt a dupla fal\u00fa k\u00e9m\u00e9nyrendszerek stabil elind\u00edt\u00e1s\u00e1hoz.A term\u00e9k bels\u0151 \u00e1tm\u00e9r\u0151je 120 mm, k\u00fcls\u0151 \u00e1tm\u00e9r\u0151je 180 mm, falvastags\u00e1ga 0,5 mm. Kiv\u00e1l\u00f3 min\u0151s\u00e9g\u0171 AISI 304 rozsdamentes ac\u00e9lb\u00f3l k\u00e9sz\u00fclt, ellen\u00e1ll a korr\u00f3zi\u00f3nak \u00e9s a nedvess\u00e9gnek.A tart\u00f3elem szerepe, hogy a k\u00e9m\u00e9ny s\u00faly\u00e1t a talajra vagy alapra vezesse le biztons\u00e1gosan. Haszn\u00e1lata k\u00fcl\u00f6n\u00f6sen aj\u00e1nlott, ha a k\u00e9m\u00e9nyt nem falhoz, hanem k\u00f6zvetlen\u00fcl a f\u00f6ldre kell telep\u00edteni.Biztos\u00edtja a rendszer f\u00fcgg\u0151leges stabilit\u00e1s\u00e1t \u00e9s megakad\u00e1lyozza a d\u0151l\u00e9sb\u0151l ad\u00f3d\u00f3 k\u00e1rokat. K\u00f6nnyen telep\u00edthet\u0151, t\u00f6k\u00e9letesen illeszkedik a VULCANO rendszer elemeihez.V\u00e1laszd a D120\/180 VULCANO talajtart\u00f3t, ha biztons\u00e1gos \u00e9s tart\u00f3s megold\u00e1st keresel szabadon \u00e1ll\u00f3 k\u00e9m\u00e9ny ind\u00edt\u00e1s\u00e1hoz. Sz\u00e1ll\u00edt\u00e1si hat\u00e1rid\u0151: Magyarorsz\u00e1g \u00e9s az eg\u00e9sz Eur\u00f3pai Uni\u00f3 ter\u00fclet\u00e9n\u00a0is sz\u00e1ll\u00edtjuk. Rom\u00e1ni\u00e1ba 2-3 munkanap alatt sz\u00e1ll\u00edtjuk Magyarorsz\u00e1gra es az EU ter\u00fclet\u00e9re az \u00e1tutal\u00e1s ut\u00e1n 5 munkanapon bel\u00fcl \u00e9rkezik meg a term\u00e9k. B\u00edzunk benne, hogy el\u00e9gedett &hellip; <a href=\"https:\/\/esemineu.ro\/hu\/termek\/rozsdamentes-acel-talajtarto-allvany-dupla-falu-d120-180-vulcano-05-mm-falvastagsaggal\/\">Folytatva<\/a><\/p>\n","protected":false},"featured_media":29149,"comment_status":"open","ping_status":"closed","template":"","meta":[],"product_brand":[1572],"product_cat":[1473,779,1472],"product_tag":[],"class_list":{"0":"post-29237","1":"product","2":"type-product","3":"status-publish","4":"has-post-thumbnail","6":"product_brand-pro-invest","7":"product_cat-120-szigetelt","8":"product_cat-fustcsovek","9":"product_cat-rozsdamentes-szigetelt-kemeny","10":"product_shipping_class-fustcsovek","11":"pa_culoare-fenyes-rozsdamentes-acel-hu","12":"pa_material-rozsdamentes-acel-hu","14":"first","15":"onbackorder","16":"shipping-taxable","17":"purchasable","18":"product-type-simple"},"acf":[],"yoast_head":"<!-- This site is optimized with the Yoast SEO Premium plugin v21.0 (Yoast SEO v27.3) - https:\/\/yoast.com\/product\/yoast-seo-premium-wordpress\/ -->\n<title>Rozsdamentes ac\u00e9l talajtart\u00f3 \u00e1llv\u00e1ny, dupla fal\u00fa, D120\/180<\/title>\n<meta name=\"description\" content=\"Rozsdamentes ac\u00e9l talajtart\u00f3 \u00e1llv\u00e1ny D120\/180 VULCANO, 0,5 mm. Stabil alap szabadon \u00e1ll\u00f3 dupla fal\u00fa k\u00e9m\u00e9nyrendszerek ind\u00edt\u00e1s\u00e1hoz.\" \/>\n<meta name=\"robots\" content=\"index, follow, max-snippet:-1, max-image-preview:large, max-video-preview:-1\" \/>\n<link rel=\"canonical\" href=\"https:\/\/esemineu.ro\/hu\/termek\/rozsdamentes-acel-talajtarto-allvany-dupla-falu-d120-180-vulcano-05-mm-falvastagsaggal\/\" \/>\n<meta property=\"og:locale\" content=\"hu_HU\" \/>\n<meta property=\"og:type\" content=\"article\" \/>\n<meta property=\"og:title\" content=\"Rozsdamentes ac\u00e9l talajtart\u00f3 \u00e1llv\u00e1ny, dupla fal\u00fa, D120\/180\" \/>\n<meta property=\"og:description\" content=\"Rozsdamentes ac\u00e9l talajtart\u00f3 \u00e1llv\u00e1ny D120\/180 VULCANO, 0,5 mm. Stabil alap szabadon \u00e1ll\u00f3 dupla fal\u00fa k\u00e9m\u00e9nyrendszerek ind\u00edt\u00e1s\u00e1hoz.\" \/>\n<meta property=\"og:url\" content=\"https:\/\/esemineu.ro\/hu\/termek\/rozsdamentes-acel-talajtarto-allvany-dupla-falu-d120-180-vulcano-05-mm-falvastagsaggal\/\" \/>\n<meta property=\"og:site_name\" content=\"eSemineu\" \/>\n<meta property=\"article:publisher\" content=\"https:\/\/web.facebook.com\/eSemineu\" \/>\n<meta property=\"article:modified_time\" content=\"2025-05-14T12:00:42+00:00\" \/>\n<meta property=\"og:image\" content=\"https:\/\/esemineu.ro\/wp-content\/uploads\/2025\/05\/mare_1_FAA23981.jpg\" \/>\n\t<meta property=\"og:image:width\" content=\"800\" \/>\n\t<meta property=\"og:image:height\" content=\"800\" \/>\n\t<meta property=\"og:image:type\" content=\"image\/jpeg\" \/>\n<meta name=\"twitter:card\" content=\"summary_large_image\" \/>\n<meta name=\"twitter:label1\" content=\"Becs\u00fclt olvas\u00e1si id\u0151\" \/>\n\t<meta name=\"twitter:data1\" content=\"2 perc\" \/>\n<script type=\"application\/ld+json\" class=\"yoast-schema-graph\">{\"@context\":\"https:\\\/\\\/schema.org\",\"@graph\":[{\"@type\":\"WebPage\",\"@id\":\"https:\\\/\\\/esemineu.ro\\\/hu\\\/termek\\\/rozsdamentes-acel-talajtarto-allvany-dupla-falu-d120-180-vulcano-05-mm-falvastagsaggal\\\/\",\"url\":\"https:\\\/\\\/esemineu.ro\\\/hu\\\/termek\\\/rozsdamentes-acel-talajtarto-allvany-dupla-falu-d120-180-vulcano-05-mm-falvastagsaggal\\\/\",\"name\":\"Rozsdamentes ac\u00e9l talajtart\u00f3 \u00e1llv\u00e1ny, dupla fal\u00fa, D120\\\/180\",\"isPartOf\":{\"@id\":\"https:\\\/\\\/esemineu.ro\\\/hu\\\/#website\"},\"primaryImageOfPage\":{\"@id\":\"https:\\\/\\\/esemineu.ro\\\/hu\\\/termek\\\/rozsdamentes-acel-talajtarto-allvany-dupla-falu-d120-180-vulcano-05-mm-falvastagsaggal\\\/#primaryimage\"},\"image\":{\"@id\":\"https:\\\/\\\/esemineu.ro\\\/hu\\\/termek\\\/rozsdamentes-acel-talajtarto-allvany-dupla-falu-d120-180-vulcano-05-mm-falvastagsaggal\\\/#primaryimage\"},\"thumbnailUrl\":\"https:\\\/\\\/esemineu.ro\\\/wp-content\\\/uploads\\\/2025\\\/05\\\/mare_1_FAA23981.jpg\",\"datePublished\":\"2025-05-14T11:58:26+00:00\",\"dateModified\":\"2025-05-14T12:00:42+00:00\",\"description\":\"Rozsdamentes ac\u00e9l talajtart\u00f3 \u00e1llv\u00e1ny D120\\\/180 VULCANO, 0,5 mm. Stabil alap szabadon \u00e1ll\u00f3 dupla fal\u00fa k\u00e9m\u00e9nyrendszerek ind\u00edt\u00e1s\u00e1hoz.\",\"breadcrumb\":{\"@id\":\"https:\\\/\\\/esemineu.ro\\\/hu\\\/termek\\\/rozsdamentes-acel-talajtarto-allvany-dupla-falu-d120-180-vulcano-05-mm-falvastagsaggal\\\/#breadcrumb\"},\"inLanguage\":\"hu\",\"potentialAction\":[{\"@type\":\"ReadAction\",\"target\":[\"https:\\\/\\\/esemineu.ro\\\/hu\\\/termek\\\/rozsdamentes-acel-talajtarto-allvany-dupla-falu-d120-180-vulcano-05-mm-falvastagsaggal\\\/\"]}]},{\"@type\":\"ImageObject\",\"inLanguage\":\"hu\",\"@id\":\"https:\\\/\\\/esemineu.ro\\\/hu\\\/termek\\\/rozsdamentes-acel-talajtarto-allvany-dupla-falu-d120-180-vulcano-05-mm-falvastagsaggal\\\/#primaryimage\",\"url\":\"https:\\\/\\\/esemineu.ro\\\/wp-content\\\/uploads\\\/2025\\\/05\\\/mare_1_FAA23981.jpg\",\"contentUrl\":\"https:\\\/\\\/esemineu.ro\\\/wp-content\\\/uploads\\\/2025\\\/05\\\/mare_1_FAA23981.jpg\",\"width\":800,\"height\":800},{\"@type\":\"BreadcrumbList\",\"@id\":\"https:\\\/\\\/esemineu.ro\\\/hu\\\/termek\\\/rozsdamentes-acel-talajtarto-allvany-dupla-falu-d120-180-vulcano-05-mm-falvastagsaggal\\\/#breadcrumb\",\"itemListElement\":[{\"@type\":\"ListItem\",\"position\":1,\"name\":\"Kezd\u0151lap\",\"item\":\"https:\\\/\\\/esemineu.ro\\\/hu\\\/\"},{\"@type\":\"ListItem\",\"position\":2,\"name\":\"\u00c1ruh\u00e1z\",\"item\":\"https:\\\/\\\/esemineu.ro\\\/hu\\\/aruhaz\\\/\"},{\"@type\":\"ListItem\",\"position\":3,\"name\":\"Rozsdamentes ac\u00e9l talajtart\u00f3 \u00e1llv\u00e1ny, dupla fal\u00fa, D120\\\/180 VULCANO, 0,5 mm falvastags\u00e1ggal.\"}]},{\"@type\":\"WebSite\",\"@id\":\"https:\\\/\\\/esemineu.ro\\\/hu\\\/#website\",\"url\":\"https:\\\/\\\/esemineu.ro\\\/hu\\\/\",\"name\":\"eSemineu\",\"description\":\"\u0218eminee de cea mai \u00eenalt\u0103 calitate\",\"potentialAction\":[{\"@type\":\"SearchAction\",\"target\":{\"@type\":\"EntryPoint\",\"urlTemplate\":\"https:\\\/\\\/esemineu.ro\\\/hu\\\/?s={search_term_string}\"},\"query-input\":{\"@type\":\"PropertyValueSpecification\",\"valueRequired\":true,\"valueName\":\"search_term_string\"}}],\"inLanguage\":\"hu\"}]}<\/script>\n<!-- \/ Yoast SEO Premium plugin. -->","yoast_head_json":{"title":"Rozsdamentes ac\u00e9l talajtart\u00f3 \u00e1llv\u00e1ny, dupla fal\u00fa, D120\/180","description":"Rozsdamentes ac\u00e9l talajtart\u00f3 \u00e1llv\u00e1ny D120\/180 VULCANO, 0,5 mm. Stabil alap szabadon \u00e1ll\u00f3 dupla fal\u00fa k\u00e9m\u00e9nyrendszerek ind\u00edt\u00e1s\u00e1hoz.","robots":{"index":"index","follow":"follow","max-snippet":"max-snippet:-1","max-image-preview":"max-image-preview:large","max-video-preview":"max-video-preview:-1"},"canonical":"https:\/\/esemineu.ro\/hu\/termek\/rozsdamentes-acel-talajtarto-allvany-dupla-falu-d120-180-vulcano-05-mm-falvastagsaggal\/","og_locale":"hu_HU","og_type":"article","og_title":"Rozsdamentes ac\u00e9l talajtart\u00f3 \u00e1llv\u00e1ny, dupla fal\u00fa, D120\/180","og_description":"Rozsdamentes ac\u00e9l talajtart\u00f3 \u00e1llv\u00e1ny D120\/180 VULCANO, 0,5 mm. Stabil alap szabadon \u00e1ll\u00f3 dupla fal\u00fa k\u00e9m\u00e9nyrendszerek ind\u00edt\u00e1s\u00e1hoz.","og_url":"https:\/\/esemineu.ro\/hu\/termek\/rozsdamentes-acel-talajtarto-allvany-dupla-falu-d120-180-vulcano-05-mm-falvastagsaggal\/","og_site_name":"eSemineu","article_publisher":"https:\/\/web.facebook.com\/eSemineu","article_modified_time":"2025-05-14T12:00:42+00:00","og_image":[{"width":800,"height":800,"url":"https:\/\/esemineu.ro\/wp-content\/uploads\/2025\/05\/mare_1_FAA23981.jpg","type":"image\/jpeg"}],"twitter_card":"summary_large_image","twitter_misc":{"Becs\u00fclt olvas\u00e1si id\u0151":"2 perc"},"schema":{"@context":"https:\/\/schema.org","@graph":[{"@type":"WebPage","@id":"https:\/\/esemineu.ro\/hu\/termek\/rozsdamentes-acel-talajtarto-allvany-dupla-falu-d120-180-vulcano-05-mm-falvastagsaggal\/","url":"https:\/\/esemineu.ro\/hu\/termek\/rozsdamentes-acel-talajtarto-allvany-dupla-falu-d120-180-vulcano-05-mm-falvastagsaggal\/","name":"Rozsdamentes ac\u00e9l talajtart\u00f3 \u00e1llv\u00e1ny, dupla fal\u00fa, D120\/180","isPartOf":{"@id":"https:\/\/esemineu.ro\/hu\/#website"},"primaryImageOfPage":{"@id":"https:\/\/esemineu.ro\/hu\/termek\/rozsdamentes-acel-talajtarto-allvany-dupla-falu-d120-180-vulcano-05-mm-falvastagsaggal\/#primaryimage"},"image":{"@id":"https:\/\/esemineu.ro\/hu\/termek\/rozsdamentes-acel-talajtarto-allvany-dupla-falu-d120-180-vulcano-05-mm-falvastagsaggal\/#primaryimage"},"thumbnailUrl":"https:\/\/esemineu.ro\/wp-content\/uploads\/2025\/05\/mare_1_FAA23981.jpg","datePublished":"2025-05-14T11:58:26+00:00","dateModified":"2025-05-14T12:00:42+00:00","description":"Rozsdamentes ac\u00e9l talajtart\u00f3 \u00e1llv\u00e1ny D120\/180 VULCANO, 0,5 mm. Stabil alap szabadon \u00e1ll\u00f3 dupla fal\u00fa k\u00e9m\u00e9nyrendszerek ind\u00edt\u00e1s\u00e1hoz.","breadcrumb":{"@id":"https:\/\/esemineu.ro\/hu\/termek\/rozsdamentes-acel-talajtarto-allvany-dupla-falu-d120-180-vulcano-05-mm-falvastagsaggal\/#breadcrumb"},"inLanguage":"hu","potentialAction":[{"@type":"ReadAction","target":["https:\/\/esemineu.ro\/hu\/termek\/rozsdamentes-acel-talajtarto-allvany-dupla-falu-d120-180-vulcano-05-mm-falvastagsaggal\/"]}]},{"@type":"ImageObject","inLanguage":"hu","@id":"https:\/\/esemineu.ro\/hu\/termek\/rozsdamentes-acel-talajtarto-allvany-dupla-falu-d120-180-vulcano-05-mm-falvastagsaggal\/#primaryimage","url":"https:\/\/esemineu.ro\/wp-content\/uploads\/2025\/05\/mare_1_FAA23981.jpg","contentUrl":"https:\/\/esemineu.ro\/wp-content\/uploads\/2025\/05\/mare_1_FAA23981.jpg","width":800,"height":800},{"@type":"BreadcrumbList","@id":"https:\/\/esemineu.ro\/hu\/termek\/rozsdamentes-acel-talajtarto-allvany-dupla-falu-d120-180-vulcano-05-mm-falvastagsaggal\/#breadcrumb","itemListElement":[{"@type":"ListItem","position":1,"name":"Kezd\u0151lap","item":"https:\/\/esemineu.ro\/hu\/"},{"@type":"ListItem","position":2,"name":"\u00c1ruh\u00e1z","item":"https:\/\/esemineu.ro\/hu\/aruhaz\/"},{"@type":"ListItem","position":3,"name":"Rozsdamentes ac\u00e9l talajtart\u00f3 \u00e1llv\u00e1ny, dupla fal\u00fa, D120\/180 VULCANO, 0,5 mm falvastags\u00e1ggal."}]},{"@type":"WebSite","@id":"https:\/\/esemineu.ro\/hu\/#website","url":"https:\/\/esemineu.ro\/hu\/","name":"eSemineu","description":"\u0218eminee de cea mai \u00eenalt\u0103 calitate","potentialAction":[{"@type":"SearchAction","target":{"@type":"EntryPoint","urlTemplate":"https:\/\/esemineu.ro\/hu\/?s={search_term_string}"},"query-input":{"@type":"PropertyValueSpecification","valueRequired":true,"valueName":"search_term_string"}}],"inLanguage":"hu"}]}},"_links":{"self":[{"href":"https:\/\/esemineu.ro\/hu\/wp-json\/wp\/v2\/product\/29237","targetHints":{"allow":["GET"]}}],"collection":[{"href":"https:\/\/esemineu.ro\/hu\/wp-json\/wp\/v2\/product"}],"about":[{"href":"https:\/\/esemineu.ro\/hu\/wp-json\/wp\/v2\/types\/product"}],"replies":[{"embeddable":true,"href":"https:\/\/esemineu.ro\/hu\/wp-json\/wp\/v2\/comments?post=29237"}],"wp:featuredmedia":[{"embeddable":true,"href":"https:\/\/esemineu.ro\/hu\/wp-json\/wp\/v2\/media\/29149"}],"wp:attachment":[{"href":"https:\/\/esemineu.ro\/hu\/wp-json\/wp\/v2\/media?parent=29237"}],"wp:term":[{"taxonomy":"product_brand","embeddable":true,"href":"https:\/\/esemineu.ro\/hu\/wp-json\/wp\/v2\/product_brand?post=29237"},{"taxonomy":"product_cat","embeddable":true,"href":"https:\/\/esemineu.ro\/hu\/wp-json\/wp\/v2\/product_cat?post=29237"},{"taxonomy":"product_tag","embeddable":true,"href":"https:\/\/esemineu.ro\/hu\/wp-json\/wp\/v2\/product_tag?post=29237"}],"curies":[{"name":"wp","href":"https:\/\/api.w.org\/{rel}","templated":true}]}}