{"id":29125,"date":"2025-05-12T13:00:14","date_gmt":"2025-05-12T11:00:14","guid":{"rendered":"https:\/\/esemineu.ro\/?post_type=product&#038;p=29125"},"modified":"2025-05-12T14:14:21","modified_gmt":"2025-05-12T12:14:21","slug":"egyretegu-rozsdamentes-acel-t-idom-90-d120-mm-05-mm-falvastagsag","status":"publish","type":"product","link":"https:\/\/esemineu.ro\/hu\/termek\/egyretegu-rozsdamentes-acel-t-idom-90-d120-mm-05-mm-falvastagsag\/","title":{"rendered":"Egyr\u00e9teg\u0171 rozsdamentes ac\u00e9l T-idom, 90\u00b0, D120 mm, 0,5 mm falvastags\u00e1g."},"content":{"rendered":"<p class=\"\" data-start=\"163\" data-end=\"263\"><strong data-start=\"163\" data-end=\"263\">Egyr\u00e9teg\u0171 rozsdamentes ac\u00e9l T-idom 90\u00b0 D120 mm \u2013 hat\u00e9kony el\u00e1gaz\u00e1s f\u00fcstg\u00e1zelvezet\u0151 rendszerekhez<\/strong><\/p>\n<p class=\"\" data-start=\"265\" data-end=\"433\">Ez a 90\u00b0-os T-idom <strong data-start=\"284\" data-end=\"305\">D120 mm \u00e1tm\u00e9r\u0151vel<\/strong> \u00e9s <strong data-start=\"309\" data-end=\"335\">0,5 mm falvastags\u00e1ggal<\/strong> rendelkezik.<br data-start=\"348\" data-end=\"351\" \/>Kiv\u00e1l\u00f3 v\u00e1laszt\u00e1s kandall\u00f3k, kaz\u00e1nok \u00e9s m\u00e1s f\u0171t\u0151berendez\u00e9sek f\u00fcstcs\u0151rendszer\u00e9hez.<\/p>\n<p class=\"\" data-start=\"435\" data-end=\"593\">Anyaga <strong data-start=\"442\" data-end=\"475\">304-es AISI rozsdamentes ac\u00e9l<\/strong>, amely ellen\u00e1ll a korr\u00f3zi\u00f3nak \u00e9s magas h\u0151m\u00e9rs\u00e9kletnek.<br data-start=\"530\" data-end=\"533\" \/>Alkalmas fa-, pellet-, sz\u00e9n- \u00e9s g\u00e1zt\u00fczel\u00e9s\u0171 rendszerekhez.<\/p>\n<p class=\"\" data-start=\"595\" data-end=\"724\">Ide\u00e1lis ellen\u0151rz\u0151 vagy tiszt\u00edt\u00f3ny\u00edl\u00e1sok kialak\u00edt\u00e1s\u00e1hoz is.<br data-start=\"653\" data-end=\"656\" \/>Pontosan illeszkedik m\u00e1s D120-as elemekhez, egyszer\u0171en szerelhet\u0151.<\/p>\n<p class=\"\" data-start=\"726\" data-end=\"848\">A sima bels\u0151 fel\u00fclet seg\u00edti a f\u00fcst akad\u00e1lytalan \u00e1raml\u00e1s\u00e1t.<br data-start=\"784\" data-end=\"787\" \/>Tart\u00f3s, stabil \u00e9s karbantart\u00e1smentes megold\u00e1s hossz\u00fa t\u00e1vra.<\/p>\n<p class=\"\" data-start=\"850\" data-end=\"983\"><strong data-start=\"850\" data-end=\"907\">V\u00e1laszd a 90\u00b0-os egyr\u00e9teg\u0171 rozsdamentes ac\u00e9l T-idomot<\/strong>, ha megb\u00edzhat\u00f3, szabv\u00e1nyos csatlakoz\u00e1sra van sz\u00fcks\u00e9ged f\u00fcstg\u00e1zelvezet\u00e9shez.<\/p>\n<h4>Sz\u00e1ll\u00edt\u00e1si hat\u00e1rid\u0151:<\/h4>\n<ul>\n<li><strong>Magyarorsz\u00e1g \u00e9s az eg\u00e9sz Eur\u00f3pai Uni\u00f3 ter\u00fclet\u00e9n<\/strong>\u00a0is sz\u00e1ll\u00edtjuk.<\/li>\n<li>Rom\u00e1ni\u00e1ba 2-3 munkanap alatt sz\u00e1ll\u00edtjuk<\/li>\n<li>Magyarorsz\u00e1gra es az EU ter\u00fclet\u00e9re az \u00e1tutal\u00e1s ut\u00e1n 5 munkanapon bel\u00fcl \u00e9rkezik meg a term\u00e9k.<\/li>\n<\/ul>\n<p>B\u00edzunk benne, hogy el\u00e9gedett lesz az Egyr\u00e9teg\u0171 rozsdamentes ac\u00e9l T-idom al. Ha b\u00e1rmilyen k\u00e9rd\u00e9se van, k\u00e9rj\u00fck, l\u00e9pjen kapcsolatba vel\u00fcnk.<\/p>\n<p>Tov\u00e1bbi aj\u00e1nlatok\u00e9rt kattintson\u00a0<a href=\"https:\/\/esemineu.ro\/hu\/termek-kategoria\/fustcsovek\/\">ide<\/a><\/p>\n<p>T\u00f6bb inform\u00e1ci\u00f3\u00e9rt l\u00e1togasson el <a href=\"https:\/\/www.youtube.com\/@esemineuromania\">YouTube<\/a>-csatorn\u00e1nkra, valamint\u00a0<a href=\"https:\/\/www.facebook.com\/eSemineu\">Facebook<\/a>\u00a0\u00e9s\u00a0<a href=\"https:\/\/www.instagram.com\/esemineu\/\">Instagram<\/a>\u00a0oldalainkra.<\/p>\n<p><a href=\"https:\/\/esemineu.ro\/\">eSemineu.ro<\/a>\u00a0 \u00a0Te adod a t\u0171zet mi adjuk a meleget!<\/p>\n","protected":false},"excerpt":{"rendered":"<p>Egyr\u00e9teg\u0171 rozsdamentes ac\u00e9l T-idom 90\u00b0 D120 mm \u2013 hat\u00e9kony el\u00e1gaz\u00e1s f\u00fcstg\u00e1zelvezet\u0151 rendszerekhez Ez a 90\u00b0-os T-idom D120 mm \u00e1tm\u00e9r\u0151vel \u00e9s 0,5 mm falvastags\u00e1ggal rendelkezik.Kiv\u00e1l\u00f3 v\u00e1laszt\u00e1s kandall\u00f3k, kaz\u00e1nok \u00e9s m\u00e1s f\u0171t\u0151berendez\u00e9sek f\u00fcstcs\u0151rendszer\u00e9hez. Anyaga 304-es AISI rozsdamentes ac\u00e9l, amely ellen\u00e1ll a korr\u00f3zi\u00f3nak \u00e9s magas h\u0151m\u00e9rs\u00e9kletnek.Alkalmas fa-, pellet-, sz\u00e9n- \u00e9s g\u00e1zt\u00fczel\u00e9s\u0171 rendszerekhez. Ide\u00e1lis ellen\u0151rz\u0151 vagy tiszt\u00edt\u00f3ny\u00edl\u00e1sok kialak\u00edt\u00e1s\u00e1hoz is.Pontosan illeszkedik m\u00e1s D120-as elemekhez, egyszer\u0171en szerelhet\u0151. A sima bels\u0151 fel\u00fclet seg\u00edti a f\u00fcst akad\u00e1lytalan \u00e1raml\u00e1s\u00e1t.Tart\u00f3s, stabil \u00e9s karbantart\u00e1smentes megold\u00e1s hossz\u00fa t\u00e1vra. V\u00e1laszd a 90\u00b0-os egyr\u00e9teg\u0171 rozsdamentes ac\u00e9l T-idomot, ha megb\u00edzhat\u00f3, szabv\u00e1nyos csatlakoz\u00e1sra van sz\u00fcks\u00e9ged f\u00fcstg\u00e1zelvezet\u00e9shez. Sz\u00e1ll\u00edt\u00e1si hat\u00e1rid\u0151: Magyarorsz\u00e1g \u00e9s az eg\u00e9sz Eur\u00f3pai Uni\u00f3 ter\u00fclet\u00e9n\u00a0is sz\u00e1ll\u00edtjuk. Rom\u00e1ni\u00e1ba 2-3 munkanap alatt sz\u00e1ll\u00edtjuk Magyarorsz\u00e1gra es az EU ter\u00fclet\u00e9re az \u00e1tutal\u00e1s ut\u00e1n 5 munkanapon bel\u00fcl \u00e9rkezik meg a term\u00e9k. B\u00edzunk benne, hogy el\u00e9gedett lesz az Egyr\u00e9teg\u0171 rozsdamentes ac\u00e9l T-idom al. Ha b\u00e1rmilyen k\u00e9rd\u00e9se van, k\u00e9rj\u00fck, l\u00e9pjen kapcsolatba vel\u00fcnk. Tov\u00e1bbi aj\u00e1nlatok\u00e9rt kattintson\u00a0ide T\u00f6bb inform\u00e1ci\u00f3\u00e9rt l\u00e1togasson el YouTube-csatorn\u00e1nkra, valamint\u00a0Facebook\u00a0\u00e9s\u00a0Instagram\u00a0oldalainkra. eSemineu.ro\u00a0 \u00a0Te &hellip; <a href=\"https:\/\/esemineu.ro\/hu\/termek\/egyretegu-rozsdamentes-acel-t-idom-90-d120-mm-05-mm-falvastagsag\/\">Folytatva<\/a><\/p>\n","protected":false},"featured_media":29109,"comment_status":"open","ping_status":"closed","template":"","meta":[],"product_brand":[1572],"product_cat":[1473,779,1472],"product_tag":[],"class_list":{"0":"post-29125","1":"product","2":"type-product","3":"status-publish","4":"has-post-thumbnail","6":"product_brand-pro-invest","7":"product_cat-120-szigetelt","8":"product_cat-fustcsovek","9":"product_cat-rozsdamentes-szigetelt-kemeny","10":"product_shipping_class-fustcsovek","11":"pa_culoare-fenyes-rozsdamentes-acel-hu","12":"pa_material-rozsdamentes-acel-hu","14":"first","15":"instock","16":"shipping-taxable","17":"purchasable","18":"product-type-simple"},"acf":[],"yoast_head":"<!-- This site is optimized with the Yoast SEO Premium plugin v21.0 (Yoast SEO v27.3) - https:\/\/yoast.com\/product\/yoast-seo-premium-wordpress\/ -->\n<title>Egyr\u00e9teg\u0171 rozsdamentes ac\u00e9l T-idom, 90\u00b0, D120 mm, 0,5 mm<\/title>\n<meta name=\"description\" content=\"Egyr\u00e9teg\u0171 rozsdamentes ac\u00e9l T-idom 90\u00b0, D120 mm, 0,5 mm vastags\u00e1g. Tart\u00f3s megold\u00e1s f\u00fcstg\u00e1zelvezet\u0151 rendszerek el\u00e1gaz\u00e1s\u00e1hoz \u00e9s tiszt\u00edt\u00e1s\u00e1hoz.\" \/>\n<meta name=\"robots\" content=\"index, follow, max-snippet:-1, max-image-preview:large, max-video-preview:-1\" \/>\n<link rel=\"canonical\" href=\"https:\/\/esemineu.ro\/hu\/termek\/egyretegu-rozsdamentes-acel-t-idom-90-d120-mm-05-mm-falvastagsag\/\" \/>\n<meta property=\"og:locale\" content=\"hu_HU\" \/>\n<meta property=\"og:type\" content=\"article\" \/>\n<meta property=\"og:title\" content=\"Egyr\u00e9teg\u0171 rozsdamentes ac\u00e9l T-idom, 90\u00b0, D120 mm, 0,5 mm\" \/>\n<meta property=\"og:description\" content=\"Egyr\u00e9teg\u0171 rozsdamentes ac\u00e9l T-idom 90\u00b0, D120 mm, 0,5 mm vastags\u00e1g. Tart\u00f3s megold\u00e1s f\u00fcstg\u00e1zelvezet\u0151 rendszerek el\u00e1gaz\u00e1s\u00e1hoz \u00e9s tiszt\u00edt\u00e1s\u00e1hoz.\" \/>\n<meta property=\"og:url\" content=\"https:\/\/esemineu.ro\/hu\/termek\/egyretegu-rozsdamentes-acel-t-idom-90-d120-mm-05-mm-falvastagsag\/\" \/>\n<meta property=\"og:site_name\" content=\"eSemineu\" \/>\n<meta property=\"article:publisher\" content=\"https:\/\/web.facebook.com\/eSemineu\" \/>\n<meta property=\"article:modified_time\" content=\"2025-05-12T12:14:21+00:00\" \/>\n<meta property=\"og:image\" content=\"https:\/\/esemineu.ro\/wp-content\/uploads\/2025\/05\/mare_1_FAA26001.png\" \/>\n\t<meta property=\"og:image:width\" content=\"800\" \/>\n\t<meta property=\"og:image:height\" content=\"800\" \/>\n\t<meta property=\"og:image:type\" content=\"image\/png\" \/>\n<meta name=\"twitter:card\" content=\"summary_large_image\" \/>\n<meta name=\"twitter:label1\" content=\"Becs\u00fclt olvas\u00e1si id\u0151\" \/>\n\t<meta name=\"twitter:data1\" content=\"1 perc\" \/>\n<script type=\"application\/ld+json\" class=\"yoast-schema-graph\">{\"@context\":\"https:\\\/\\\/schema.org\",\"@graph\":[{\"@type\":\"WebPage\",\"@id\":\"https:\\\/\\\/esemineu.ro\\\/hu\\\/termek\\\/egyretegu-rozsdamentes-acel-t-idom-90-d120-mm-05-mm-falvastagsag\\\/\",\"url\":\"https:\\\/\\\/esemineu.ro\\\/hu\\\/termek\\\/egyretegu-rozsdamentes-acel-t-idom-90-d120-mm-05-mm-falvastagsag\\\/\",\"name\":\"Egyr\u00e9teg\u0171 rozsdamentes ac\u00e9l T-idom, 90\u00b0, D120 mm, 0,5 mm\",\"isPartOf\":{\"@id\":\"https:\\\/\\\/esemineu.ro\\\/hu\\\/#website\"},\"primaryImageOfPage\":{\"@id\":\"https:\\\/\\\/esemineu.ro\\\/hu\\\/termek\\\/egyretegu-rozsdamentes-acel-t-idom-90-d120-mm-05-mm-falvastagsag\\\/#primaryimage\"},\"image\":{\"@id\":\"https:\\\/\\\/esemineu.ro\\\/hu\\\/termek\\\/egyretegu-rozsdamentes-acel-t-idom-90-d120-mm-05-mm-falvastagsag\\\/#primaryimage\"},\"thumbnailUrl\":\"https:\\\/\\\/esemineu.ro\\\/wp-content\\\/uploads\\\/2025\\\/05\\\/mare_1_FAA26001.png\",\"datePublished\":\"2025-05-12T11:00:14+00:00\",\"dateModified\":\"2025-05-12T12:14:21+00:00\",\"description\":\"Egyr\u00e9teg\u0171 rozsdamentes ac\u00e9l T-idom 90\u00b0, D120 mm, 0,5 mm vastags\u00e1g. Tart\u00f3s megold\u00e1s f\u00fcstg\u00e1zelvezet\u0151 rendszerek el\u00e1gaz\u00e1s\u00e1hoz \u00e9s tiszt\u00edt\u00e1s\u00e1hoz.\",\"breadcrumb\":{\"@id\":\"https:\\\/\\\/esemineu.ro\\\/hu\\\/termek\\\/egyretegu-rozsdamentes-acel-t-idom-90-d120-mm-05-mm-falvastagsag\\\/#breadcrumb\"},\"inLanguage\":\"hu\",\"potentialAction\":[{\"@type\":\"ReadAction\",\"target\":[\"https:\\\/\\\/esemineu.ro\\\/hu\\\/termek\\\/egyretegu-rozsdamentes-acel-t-idom-90-d120-mm-05-mm-falvastagsag\\\/\"]}]},{\"@type\":\"ImageObject\",\"inLanguage\":\"hu\",\"@id\":\"https:\\\/\\\/esemineu.ro\\\/hu\\\/termek\\\/egyretegu-rozsdamentes-acel-t-idom-90-d120-mm-05-mm-falvastagsag\\\/#primaryimage\",\"url\":\"https:\\\/\\\/esemineu.ro\\\/wp-content\\\/uploads\\\/2025\\\/05\\\/mare_1_FAA26001.png\",\"contentUrl\":\"https:\\\/\\\/esemineu.ro\\\/wp-content\\\/uploads\\\/2025\\\/05\\\/mare_1_FAA26001.png\",\"width\":800,\"height\":800},{\"@type\":\"BreadcrumbList\",\"@id\":\"https:\\\/\\\/esemineu.ro\\\/hu\\\/termek\\\/egyretegu-rozsdamentes-acel-t-idom-90-d120-mm-05-mm-falvastagsag\\\/#breadcrumb\",\"itemListElement\":[{\"@type\":\"ListItem\",\"position\":1,\"name\":\"Kezd\u0151lap\",\"item\":\"https:\\\/\\\/esemineu.ro\\\/hu\\\/\"},{\"@type\":\"ListItem\",\"position\":2,\"name\":\"\u00c1ruh\u00e1z\",\"item\":\"https:\\\/\\\/esemineu.ro\\\/hu\\\/aruhaz\\\/\"},{\"@type\":\"ListItem\",\"position\":3,\"name\":\"Egyr\u00e9teg\u0171 rozsdamentes ac\u00e9l T-idom, 90\u00b0, D120 mm, 0,5 mm falvastags\u00e1g.\"}]},{\"@type\":\"WebSite\",\"@id\":\"https:\\\/\\\/esemineu.ro\\\/hu\\\/#website\",\"url\":\"https:\\\/\\\/esemineu.ro\\\/hu\\\/\",\"name\":\"eSemineu\",\"description\":\"\u0218eminee de cea mai \u00eenalt\u0103 calitate\",\"potentialAction\":[{\"@type\":\"SearchAction\",\"target\":{\"@type\":\"EntryPoint\",\"urlTemplate\":\"https:\\\/\\\/esemineu.ro\\\/hu\\\/?s={search_term_string}\"},\"query-input\":{\"@type\":\"PropertyValueSpecification\",\"valueRequired\":true,\"valueName\":\"search_term_string\"}}],\"inLanguage\":\"hu\"}]}<\/script>\n<!-- \/ Yoast SEO Premium plugin. -->","yoast_head_json":{"title":"Egyr\u00e9teg\u0171 rozsdamentes ac\u00e9l T-idom, 90\u00b0, D120 mm, 0,5 mm","description":"Egyr\u00e9teg\u0171 rozsdamentes ac\u00e9l T-idom 90\u00b0, D120 mm, 0,5 mm vastags\u00e1g. Tart\u00f3s megold\u00e1s f\u00fcstg\u00e1zelvezet\u0151 rendszerek el\u00e1gaz\u00e1s\u00e1hoz \u00e9s tiszt\u00edt\u00e1s\u00e1hoz.","robots":{"index":"index","follow":"follow","max-snippet":"max-snippet:-1","max-image-preview":"max-image-preview:large","max-video-preview":"max-video-preview:-1"},"canonical":"https:\/\/esemineu.ro\/hu\/termek\/egyretegu-rozsdamentes-acel-t-idom-90-d120-mm-05-mm-falvastagsag\/","og_locale":"hu_HU","og_type":"article","og_title":"Egyr\u00e9teg\u0171 rozsdamentes ac\u00e9l T-idom, 90\u00b0, D120 mm, 0,5 mm","og_description":"Egyr\u00e9teg\u0171 rozsdamentes ac\u00e9l T-idom 90\u00b0, D120 mm, 0,5 mm vastags\u00e1g. Tart\u00f3s megold\u00e1s f\u00fcstg\u00e1zelvezet\u0151 rendszerek el\u00e1gaz\u00e1s\u00e1hoz \u00e9s tiszt\u00edt\u00e1s\u00e1hoz.","og_url":"https:\/\/esemineu.ro\/hu\/termek\/egyretegu-rozsdamentes-acel-t-idom-90-d120-mm-05-mm-falvastagsag\/","og_site_name":"eSemineu","article_publisher":"https:\/\/web.facebook.com\/eSemineu","article_modified_time":"2025-05-12T12:14:21+00:00","og_image":[{"width":800,"height":800,"url":"https:\/\/esemineu.ro\/wp-content\/uploads\/2025\/05\/mare_1_FAA26001.png","type":"image\/png"}],"twitter_card":"summary_large_image","twitter_misc":{"Becs\u00fclt olvas\u00e1si id\u0151":"1 perc"},"schema":{"@context":"https:\/\/schema.org","@graph":[{"@type":"WebPage","@id":"https:\/\/esemineu.ro\/hu\/termek\/egyretegu-rozsdamentes-acel-t-idom-90-d120-mm-05-mm-falvastagsag\/","url":"https:\/\/esemineu.ro\/hu\/termek\/egyretegu-rozsdamentes-acel-t-idom-90-d120-mm-05-mm-falvastagsag\/","name":"Egyr\u00e9teg\u0171 rozsdamentes ac\u00e9l T-idom, 90\u00b0, D120 mm, 0,5 mm","isPartOf":{"@id":"https:\/\/esemineu.ro\/hu\/#website"},"primaryImageOfPage":{"@id":"https:\/\/esemineu.ro\/hu\/termek\/egyretegu-rozsdamentes-acel-t-idom-90-d120-mm-05-mm-falvastagsag\/#primaryimage"},"image":{"@id":"https:\/\/esemineu.ro\/hu\/termek\/egyretegu-rozsdamentes-acel-t-idom-90-d120-mm-05-mm-falvastagsag\/#primaryimage"},"thumbnailUrl":"https:\/\/esemineu.ro\/wp-content\/uploads\/2025\/05\/mare_1_FAA26001.png","datePublished":"2025-05-12T11:00:14+00:00","dateModified":"2025-05-12T12:14:21+00:00","description":"Egyr\u00e9teg\u0171 rozsdamentes ac\u00e9l T-idom 90\u00b0, D120 mm, 0,5 mm vastags\u00e1g. Tart\u00f3s megold\u00e1s f\u00fcstg\u00e1zelvezet\u0151 rendszerek el\u00e1gaz\u00e1s\u00e1hoz \u00e9s tiszt\u00edt\u00e1s\u00e1hoz.","breadcrumb":{"@id":"https:\/\/esemineu.ro\/hu\/termek\/egyretegu-rozsdamentes-acel-t-idom-90-d120-mm-05-mm-falvastagsag\/#breadcrumb"},"inLanguage":"hu","potentialAction":[{"@type":"ReadAction","target":["https:\/\/esemineu.ro\/hu\/termek\/egyretegu-rozsdamentes-acel-t-idom-90-d120-mm-05-mm-falvastagsag\/"]}]},{"@type":"ImageObject","inLanguage":"hu","@id":"https:\/\/esemineu.ro\/hu\/termek\/egyretegu-rozsdamentes-acel-t-idom-90-d120-mm-05-mm-falvastagsag\/#primaryimage","url":"https:\/\/esemineu.ro\/wp-content\/uploads\/2025\/05\/mare_1_FAA26001.png","contentUrl":"https:\/\/esemineu.ro\/wp-content\/uploads\/2025\/05\/mare_1_FAA26001.png","width":800,"height":800},{"@type":"BreadcrumbList","@id":"https:\/\/esemineu.ro\/hu\/termek\/egyretegu-rozsdamentes-acel-t-idom-90-d120-mm-05-mm-falvastagsag\/#breadcrumb","itemListElement":[{"@type":"ListItem","position":1,"name":"Kezd\u0151lap","item":"https:\/\/esemineu.ro\/hu\/"},{"@type":"ListItem","position":2,"name":"\u00c1ruh\u00e1z","item":"https:\/\/esemineu.ro\/hu\/aruhaz\/"},{"@type":"ListItem","position":3,"name":"Egyr\u00e9teg\u0171 rozsdamentes ac\u00e9l T-idom, 90\u00b0, D120 mm, 0,5 mm falvastags\u00e1g."}]},{"@type":"WebSite","@id":"https:\/\/esemineu.ro\/hu\/#website","url":"https:\/\/esemineu.ro\/hu\/","name":"eSemineu","description":"\u0218eminee de cea mai \u00eenalt\u0103 calitate","potentialAction":[{"@type":"SearchAction","target":{"@type":"EntryPoint","urlTemplate":"https:\/\/esemineu.ro\/hu\/?s={search_term_string}"},"query-input":{"@type":"PropertyValueSpecification","valueRequired":true,"valueName":"search_term_string"}}],"inLanguage":"hu"}]}},"_links":{"self":[{"href":"https:\/\/esemineu.ro\/hu\/wp-json\/wp\/v2\/product\/29125","targetHints":{"allow":["GET"]}}],"collection":[{"href":"https:\/\/esemineu.ro\/hu\/wp-json\/wp\/v2\/product"}],"about":[{"href":"https:\/\/esemineu.ro\/hu\/wp-json\/wp\/v2\/types\/product"}],"replies":[{"embeddable":true,"href":"https:\/\/esemineu.ro\/hu\/wp-json\/wp\/v2\/comments?post=29125"}],"wp:featuredmedia":[{"embeddable":true,"href":"https:\/\/esemineu.ro\/hu\/wp-json\/wp\/v2\/media\/29109"}],"wp:attachment":[{"href":"https:\/\/esemineu.ro\/hu\/wp-json\/wp\/v2\/media?parent=29125"}],"wp:term":[{"taxonomy":"product_brand","embeddable":true,"href":"https:\/\/esemineu.ro\/hu\/wp-json\/wp\/v2\/product_brand?post=29125"},{"taxonomy":"product_cat","embeddable":true,"href":"https:\/\/esemineu.ro\/hu\/wp-json\/wp\/v2\/product_cat?post=29125"},{"taxonomy":"product_tag","embeddable":true,"href":"https:\/\/esemineu.ro\/hu\/wp-json\/wp\/v2\/product_tag?post=29125"}],"curies":[{"name":"wp","href":"https:\/\/api.w.org\/{rel}","templated":true}]}}