{"id":29122,"date":"2025-05-12T12:14:30","date_gmt":"2025-05-12T10:14:30","guid":{"rendered":"https:\/\/esemineu.ro\/?post_type=product&#038;p=29122"},"modified":"2026-02-11T10:34:53","modified_gmt":"2026-02-11T08:34:53","slug":"egyretegu-rozsdamentes-acel-fustcso-1-meter-d120-mm-05-mm-falvastagsag-304-es-aisi-rozsdamentes-acelbol","status":"publish","type":"product","link":"https:\/\/esemineu.ro\/hu\/termek\/egyretegu-rozsdamentes-acel-fustcso-1-meter-d120-mm-05-mm-falvastagsag-304-es-aisi-rozsdamentes-acelbol\/","title":{"rendered":"Egyr\u00e9teg\u0171 rozsdamentes ac\u00e9l f\u00fcstcs\u0151, 1 m\u00e9ter, D120 mm, 0,5 mm falvastags\u00e1g, 304-es AISI rozsdamentes ac\u00e9lb\u00f3l."},"content":{"rendered":"<p class=\"\" data-start=\"205\" data-end=\"314\"><strong data-start=\"205\" data-end=\"314\">Egyr\u00e9teg\u0171 rozsdamentes ac\u00e9l f\u00fcstcs\u0151 \u2013 1 m hossz\u00fa, D120 mm, 0,5 mm vastag, biztons\u00e1gos f\u00fcstg\u00e1zelvezet\u00e9shez<\/strong><\/p>\n<p class=\"\" data-start=\"316\" data-end=\"504\">Ez a f\u00fcstcs\u0151 <strong data-start=\"329\" data-end=\"351\">1 m\u00e9ter hossz\u00fas\u00e1g\u00fa<\/strong>, <strong data-start=\"353\" data-end=\"372\">120 mm \u00e1tm\u00e9r\u0151j\u0171<\/strong>, <strong data-start=\"374\" data-end=\"398\">0,5 mm falvastags\u00e1g\u00fa<\/strong>, tart\u00f3s kialak\u00edt\u00e1s\u00fa.<br data-start=\"419\" data-end=\"422\" \/>Alkalmas fat\u00fczel\u00e9s\u0171, pellet-, sz\u00e9n- vagy g\u00e1zt\u00fczel\u00e9s\u0171 kaz\u00e1nokhoz \u00e9s kandall\u00f3khoz.<\/p>\n<p class=\"\" data-start=\"506\" data-end=\"715\">A term\u00e9k <strong data-start=\"515\" data-end=\"551\">304-es AISI rozsdamentes ac\u00e9lb\u00f3l<\/strong> k\u00e9sz\u00fcl, amely ellen\u00e1ll a korr\u00f3zi\u00f3nak \u00e9s savas kondenz\u00e1tumnak.<br data-start=\"613\" data-end=\"616\" \/>Ide\u00e1lis megold\u00e1s magas hat\u00e9konys\u00e1g\u00fa f\u0171t\u0151berendez\u00e9sekhez, ahol fontos a biztons\u00e1gos f\u00fcstelvezet\u00e9s.<\/p>\n<p class=\"\" data-start=\"717\" data-end=\"873\">Egyszer\u0171en csatlakoztathat\u00f3 m\u00e1s szabv\u00e1nyos elemekhez, pontos illeszked\u00e9ssel.<br data-start=\"793\" data-end=\"796\" \/>K\u00f6nnyen szerelhet\u0151, stabil \u00e9s megb\u00edzhat\u00f3 kapcsolatot biztos\u00edt hossz\u00fa t\u00e1von.<\/p>\n<p class=\"\" data-start=\"875\" data-end=\"1017\">Belt\u00e9ri \u00e9s k\u00fclt\u00e9ri k\u00e9m\u00e9nyrendszerek r\u00e9szek\u00e9nt is alkalmazhat\u00f3.<br data-start=\"937\" data-end=\"940\" \/>Modern megjelen\u00e9s\u00e9vel eszt\u00e9tikusan illeszkedik b\u00e1rmilyen f\u0171t\u00e9si rendszerbe.<\/p>\n<p class=\"\" data-start=\"1019\" data-end=\"1146\"><strong data-start=\"1019\" data-end=\"1080\">V\u00e1laszd az 1 m\u00e9teres D120-as rozsdamentes ac\u00e9l f\u00fcstcs\u00f6vet<\/strong>, ha tart\u00f3s, biztons\u00e1gos \u00e9s k\u00f6nnyen telep\u00edthet\u0151 megold\u00e1st keresel.<\/p>\n<h4>Sz\u00e1ll\u00edt\u00e1si hat\u00e1rid\u0151:<\/h4>\n<ul>\n<li><strong>Magyarorsz\u00e1g \u00e9s az eg\u00e9sz Eur\u00f3pai Uni\u00f3 ter\u00fclet\u00e9n<\/strong>\u00a0is sz\u00e1ll\u00edtjuk.<\/li>\n<li>Rom\u00e1ni\u00e1ba 2-3 munkanap alatt sz\u00e1ll\u00edtjuk<\/li>\n<li>Magyarorsz\u00e1gra es az EU ter\u00fclet\u00e9re az \u00e1tutal\u00e1s ut\u00e1n 5 munkanapon bel\u00fcl \u00e9rkezik meg a term\u00e9k.<\/li>\n<\/ul>\n<p>B\u00edzunk benne, hogy el\u00e9gedett lesz az Egyr\u00e9teg\u0171 rozsdamentes ac\u00e9l f\u00fcstcs\u0151 vel. Ha b\u00e1rmilyen k\u00e9rd\u00e9se van, k\u00e9rj\u00fck, l\u00e9pjen kapcsolatba vel\u00fcnk.<\/p>\n<p>Tov\u00e1bbi aj\u00e1nlatok\u00e9rt kattintson\u00a0<a href=\"https:\/\/esemineu.ro\/hu\/termek-kategoria\/fustcsovek\/\">ide<\/a><\/p>\n<p>T\u0151bb inform\u00e1ci\u00f3\u00e9rt l\u00e1togasson el\u00a0<a href=\"https:\/\/www.youtube.com\/@esemineuromania\">YouTube<\/a>-csatorn\u00e1nkra, valamint\u00a0<a href=\"https:\/\/www.facebook.com\/eSemineu\">Facebook<\/a>\u00a0\u00e9s\u00a0<a href=\"https:\/\/www.instagram.com\/esemineu\/\">Instagram<\/a>\u00a0oldalainkra.<\/p>\n<p><a href=\"https:\/\/esemineu.ro\/\">eSemineu.ro<\/a>\u00a0 \u00a0Te adod a t\u0171zet mi adjuk a meleget!<\/p>\n","protected":false},"excerpt":{"rendered":"<p>Egyr\u00e9teg\u0171 rozsdamentes ac\u00e9l f\u00fcstcs\u0151 \u2013 1 m hossz\u00fa, D120 mm, 0,5 mm vastag, biztons\u00e1gos f\u00fcstg\u00e1zelvezet\u00e9shez Ez a f\u00fcstcs\u0151 1 m\u00e9ter hossz\u00fas\u00e1g\u00fa, 120 mm \u00e1tm\u00e9r\u0151j\u0171, 0,5 mm falvastags\u00e1g\u00fa, tart\u00f3s kialak\u00edt\u00e1s\u00fa.Alkalmas fat\u00fczel\u00e9s\u0171, pellet-, sz\u00e9n- vagy g\u00e1zt\u00fczel\u00e9s\u0171 kaz\u00e1nokhoz \u00e9s kandall\u00f3khoz. A term\u00e9k 304-es AISI rozsdamentes ac\u00e9lb\u00f3l k\u00e9sz\u00fcl, amely ellen\u00e1ll a korr\u00f3zi\u00f3nak \u00e9s savas kondenz\u00e1tumnak.Ide\u00e1lis megold\u00e1s magas hat\u00e9konys\u00e1g\u00fa f\u0171t\u0151berendez\u00e9sekhez, ahol fontos a biztons\u00e1gos f\u00fcstelvezet\u00e9s. Egyszer\u0171en csatlakoztathat\u00f3 m\u00e1s szabv\u00e1nyos elemekhez, pontos illeszked\u00e9ssel.K\u00f6nnyen szerelhet\u0151, stabil \u00e9s megb\u00edzhat\u00f3 kapcsolatot biztos\u00edt hossz\u00fa t\u00e1von. Belt\u00e9ri \u00e9s k\u00fclt\u00e9ri k\u00e9m\u00e9nyrendszerek r\u00e9szek\u00e9nt is alkalmazhat\u00f3.Modern megjelen\u00e9s\u00e9vel eszt\u00e9tikusan illeszkedik b\u00e1rmilyen f\u0171t\u00e9si rendszerbe. V\u00e1laszd az 1 m\u00e9teres D120-as rozsdamentes ac\u00e9l f\u00fcstcs\u00f6vet, ha tart\u00f3s, biztons\u00e1gos \u00e9s k\u00f6nnyen telep\u00edthet\u0151 megold\u00e1st keresel. Sz\u00e1ll\u00edt\u00e1si hat\u00e1rid\u0151: Magyarorsz\u00e1g \u00e9s az eg\u00e9sz Eur\u00f3pai Uni\u00f3 ter\u00fclet\u00e9n\u00a0is sz\u00e1ll\u00edtjuk. Rom\u00e1ni\u00e1ba 2-3 munkanap alatt sz\u00e1ll\u00edtjuk Magyarorsz\u00e1gra es az EU ter\u00fclet\u00e9re az \u00e1tutal\u00e1s ut\u00e1n 5 munkanapon bel\u00fcl \u00e9rkezik meg a term\u00e9k. B\u00edzunk benne, hogy el\u00e9gedett lesz az Egyr\u00e9teg\u0171 rozsdamentes ac\u00e9l f\u00fcstcs\u0151 vel. Ha b\u00e1rmilyen k\u00e9rd\u00e9se van, k\u00e9rj\u00fck, &hellip; <a href=\"https:\/\/esemineu.ro\/hu\/termek\/egyretegu-rozsdamentes-acel-fustcso-1-meter-d120-mm-05-mm-falvastagsag-304-es-aisi-rozsdamentes-acelbol\/\">Folytatva<\/a><\/p>\n","protected":false},"featured_media":29095,"comment_status":"open","ping_status":"closed","template":"","meta":[],"product_brand":[1572],"product_cat":[1473,779,1472],"product_tag":[],"class_list":{"0":"post-29122","1":"product","2":"type-product","3":"status-publish","4":"has-post-thumbnail","6":"product_brand-pro-invest","7":"product_cat-120-szigetelt","8":"product_cat-fustcsovek","9":"product_cat-rozsdamentes-szigetelt-kemeny","10":"product_shipping_class-fustcsovek","11":"pa_culoare-fenyes-rozsdamentes-acel-hu","12":"pa_material-rozsdamentes-acel-hu","14":"first","15":"instock","16":"shipping-taxable","17":"purchasable","18":"product-type-simple"},"acf":[],"yoast_head":"<!-- This site is optimized with the Yoast SEO Premium plugin v21.0 (Yoast SEO v27.3) - https:\/\/yoast.com\/product\/yoast-seo-premium-wordpress\/ -->\n<title>Egyr\u00e9teg\u0171 rozsdamentes ac\u00e9l f\u00fcstcs\u0151, 1 m\u00e9ter, D120 mm, 0,5 mm<\/title>\n<meta name=\"description\" content=\"Egyr\u00e9teg\u0171 rozsdamentes ac\u00e9l f\u00fcstcs\u0151, 1 m, D120 mm, 0,5 mm vastag, 304-es AISI ac\u00e9lb\u00f3l. Biztons\u00e1gos f\u00fcstg\u00e1zelvezet\u00e9shez kaz\u00e1nokhoz \u00e9s kandall\u00f3khoz.\" \/>\n<meta name=\"robots\" content=\"index, follow, max-snippet:-1, max-image-preview:large, max-video-preview:-1\" \/>\n<link rel=\"canonical\" href=\"https:\/\/esemineu.ro\/hu\/termek\/egyretegu-rozsdamentes-acel-fustcso-1-meter-d120-mm-05-mm-falvastagsag-304-es-aisi-rozsdamentes-acelbol\/\" \/>\n<meta property=\"og:locale\" content=\"hu_HU\" \/>\n<meta property=\"og:type\" content=\"article\" \/>\n<meta property=\"og:title\" content=\"Egyr\u00e9teg\u0171 rozsdamentes ac\u00e9l f\u00fcstcs\u0151, 1 m\u00e9ter, D120 mm, 0,5 mm\" \/>\n<meta property=\"og:description\" content=\"Egyr\u00e9teg\u0171 rozsdamentes ac\u00e9l f\u00fcstcs\u0151, 1 m, D120 mm, 0,5 mm vastag, 304-es AISI ac\u00e9lb\u00f3l. Biztons\u00e1gos f\u00fcstg\u00e1zelvezet\u00e9shez kaz\u00e1nokhoz \u00e9s kandall\u00f3khoz.\" \/>\n<meta property=\"og:url\" content=\"https:\/\/esemineu.ro\/hu\/termek\/egyretegu-rozsdamentes-acel-fustcso-1-meter-d120-mm-05-mm-falvastagsag-304-es-aisi-rozsdamentes-acelbol\/\" \/>\n<meta property=\"og:site_name\" content=\"eSemineu\" \/>\n<meta property=\"article:publisher\" content=\"https:\/\/web.facebook.com\/eSemineu\" \/>\n<meta property=\"article:modified_time\" content=\"2026-02-11T08:34:53+00:00\" \/>\n<meta property=\"og:image\" content=\"https:\/\/esemineu.ro\/wp-content\/uploads\/2025\/05\/mare_1_FAA6941.jpg\" \/>\n\t<meta property=\"og:image:width\" content=\"801\" \/>\n\t<meta property=\"og:image:height\" content=\"800\" \/>\n\t<meta property=\"og:image:type\" content=\"image\/jpeg\" \/>\n<meta name=\"twitter:card\" content=\"summary_large_image\" \/>\n<meta name=\"twitter:label1\" content=\"Becs\u00fclt olvas\u00e1si id\u0151\" \/>\n\t<meta name=\"twitter:data1\" content=\"1 perc\" \/>\n<script type=\"application\/ld+json\" class=\"yoast-schema-graph\">{\"@context\":\"https:\\\/\\\/schema.org\",\"@graph\":[{\"@type\":\"WebPage\",\"@id\":\"https:\\\/\\\/esemineu.ro\\\/hu\\\/termek\\\/egyretegu-rozsdamentes-acel-fustcso-1-meter-d120-mm-05-mm-falvastagsag-304-es-aisi-rozsdamentes-acelbol\\\/\",\"url\":\"https:\\\/\\\/esemineu.ro\\\/hu\\\/termek\\\/egyretegu-rozsdamentes-acel-fustcso-1-meter-d120-mm-05-mm-falvastagsag-304-es-aisi-rozsdamentes-acelbol\\\/\",\"name\":\"Egyr\u00e9teg\u0171 rozsdamentes ac\u00e9l f\u00fcstcs\u0151, 1 m\u00e9ter, D120 mm, 0,5 mm\",\"isPartOf\":{\"@id\":\"https:\\\/\\\/esemineu.ro\\\/hu\\\/#website\"},\"primaryImageOfPage\":{\"@id\":\"https:\\\/\\\/esemineu.ro\\\/hu\\\/termek\\\/egyretegu-rozsdamentes-acel-fustcso-1-meter-d120-mm-05-mm-falvastagsag-304-es-aisi-rozsdamentes-acelbol\\\/#primaryimage\"},\"image\":{\"@id\":\"https:\\\/\\\/esemineu.ro\\\/hu\\\/termek\\\/egyretegu-rozsdamentes-acel-fustcso-1-meter-d120-mm-05-mm-falvastagsag-304-es-aisi-rozsdamentes-acelbol\\\/#primaryimage\"},\"thumbnailUrl\":\"https:\\\/\\\/esemineu.ro\\\/wp-content\\\/uploads\\\/2025\\\/05\\\/mare_1_FAA6941.jpg\",\"datePublished\":\"2025-05-12T10:14:30+00:00\",\"dateModified\":\"2026-02-11T08:34:53+00:00\",\"description\":\"Egyr\u00e9teg\u0171 rozsdamentes ac\u00e9l f\u00fcstcs\u0151, 1 m, D120 mm, 0,5 mm vastag, 304-es AISI ac\u00e9lb\u00f3l. Biztons\u00e1gos f\u00fcstg\u00e1zelvezet\u00e9shez kaz\u00e1nokhoz \u00e9s kandall\u00f3khoz.\",\"breadcrumb\":{\"@id\":\"https:\\\/\\\/esemineu.ro\\\/hu\\\/termek\\\/egyretegu-rozsdamentes-acel-fustcso-1-meter-d120-mm-05-mm-falvastagsag-304-es-aisi-rozsdamentes-acelbol\\\/#breadcrumb\"},\"inLanguage\":\"hu\",\"potentialAction\":[{\"@type\":\"ReadAction\",\"target\":[\"https:\\\/\\\/esemineu.ro\\\/hu\\\/termek\\\/egyretegu-rozsdamentes-acel-fustcso-1-meter-d120-mm-05-mm-falvastagsag-304-es-aisi-rozsdamentes-acelbol\\\/\"]}]},{\"@type\":\"ImageObject\",\"inLanguage\":\"hu\",\"@id\":\"https:\\\/\\\/esemineu.ro\\\/hu\\\/termek\\\/egyretegu-rozsdamentes-acel-fustcso-1-meter-d120-mm-05-mm-falvastagsag-304-es-aisi-rozsdamentes-acelbol\\\/#primaryimage\",\"url\":\"https:\\\/\\\/esemineu.ro\\\/wp-content\\\/uploads\\\/2025\\\/05\\\/mare_1_FAA6941.jpg\",\"contentUrl\":\"https:\\\/\\\/esemineu.ro\\\/wp-content\\\/uploads\\\/2025\\\/05\\\/mare_1_FAA6941.jpg\",\"width\":801,\"height\":800},{\"@type\":\"BreadcrumbList\",\"@id\":\"https:\\\/\\\/esemineu.ro\\\/hu\\\/termek\\\/egyretegu-rozsdamentes-acel-fustcso-1-meter-d120-mm-05-mm-falvastagsag-304-es-aisi-rozsdamentes-acelbol\\\/#breadcrumb\",\"itemListElement\":[{\"@type\":\"ListItem\",\"position\":1,\"name\":\"Kezd\u0151lap\",\"item\":\"https:\\\/\\\/esemineu.ro\\\/hu\\\/\"},{\"@type\":\"ListItem\",\"position\":2,\"name\":\"\u00c1ruh\u00e1z\",\"item\":\"https:\\\/\\\/esemineu.ro\\\/hu\\\/aruhaz\\\/\"},{\"@type\":\"ListItem\",\"position\":3,\"name\":\"Egyr\u00e9teg\u0171 rozsdamentes ac\u00e9l f\u00fcstcs\u0151, 1 m\u00e9ter, D120 mm, 0,5 mm falvastags\u00e1g, 304-es AISI rozsdamentes ac\u00e9lb\u00f3l.\"}]},{\"@type\":\"WebSite\",\"@id\":\"https:\\\/\\\/esemineu.ro\\\/hu\\\/#website\",\"url\":\"https:\\\/\\\/esemineu.ro\\\/hu\\\/\",\"name\":\"eSemineu\",\"description\":\"\u0218eminee de cea mai \u00eenalt\u0103 calitate\",\"potentialAction\":[{\"@type\":\"SearchAction\",\"target\":{\"@type\":\"EntryPoint\",\"urlTemplate\":\"https:\\\/\\\/esemineu.ro\\\/hu\\\/?s={search_term_string}\"},\"query-input\":{\"@type\":\"PropertyValueSpecification\",\"valueRequired\":true,\"valueName\":\"search_term_string\"}}],\"inLanguage\":\"hu\"}]}<\/script>\n<!-- \/ Yoast SEO Premium plugin. -->","yoast_head_json":{"title":"Egyr\u00e9teg\u0171 rozsdamentes ac\u00e9l f\u00fcstcs\u0151, 1 m\u00e9ter, D120 mm, 0,5 mm","description":"Egyr\u00e9teg\u0171 rozsdamentes ac\u00e9l f\u00fcstcs\u0151, 1 m, D120 mm, 0,5 mm vastag, 304-es AISI ac\u00e9lb\u00f3l. Biztons\u00e1gos f\u00fcstg\u00e1zelvezet\u00e9shez kaz\u00e1nokhoz \u00e9s kandall\u00f3khoz.","robots":{"index":"index","follow":"follow","max-snippet":"max-snippet:-1","max-image-preview":"max-image-preview:large","max-video-preview":"max-video-preview:-1"},"canonical":"https:\/\/esemineu.ro\/hu\/termek\/egyretegu-rozsdamentes-acel-fustcso-1-meter-d120-mm-05-mm-falvastagsag-304-es-aisi-rozsdamentes-acelbol\/","og_locale":"hu_HU","og_type":"article","og_title":"Egyr\u00e9teg\u0171 rozsdamentes ac\u00e9l f\u00fcstcs\u0151, 1 m\u00e9ter, D120 mm, 0,5 mm","og_description":"Egyr\u00e9teg\u0171 rozsdamentes ac\u00e9l f\u00fcstcs\u0151, 1 m, D120 mm, 0,5 mm vastag, 304-es AISI ac\u00e9lb\u00f3l. Biztons\u00e1gos f\u00fcstg\u00e1zelvezet\u00e9shez kaz\u00e1nokhoz \u00e9s kandall\u00f3khoz.","og_url":"https:\/\/esemineu.ro\/hu\/termek\/egyretegu-rozsdamentes-acel-fustcso-1-meter-d120-mm-05-mm-falvastagsag-304-es-aisi-rozsdamentes-acelbol\/","og_site_name":"eSemineu","article_publisher":"https:\/\/web.facebook.com\/eSemineu","article_modified_time":"2026-02-11T08:34:53+00:00","og_image":[{"width":801,"height":800,"url":"https:\/\/esemineu.ro\/wp-content\/uploads\/2025\/05\/mare_1_FAA6941.jpg","type":"image\/jpeg"}],"twitter_card":"summary_large_image","twitter_misc":{"Becs\u00fclt olvas\u00e1si id\u0151":"1 perc"},"schema":{"@context":"https:\/\/schema.org","@graph":[{"@type":"WebPage","@id":"https:\/\/esemineu.ro\/hu\/termek\/egyretegu-rozsdamentes-acel-fustcso-1-meter-d120-mm-05-mm-falvastagsag-304-es-aisi-rozsdamentes-acelbol\/","url":"https:\/\/esemineu.ro\/hu\/termek\/egyretegu-rozsdamentes-acel-fustcso-1-meter-d120-mm-05-mm-falvastagsag-304-es-aisi-rozsdamentes-acelbol\/","name":"Egyr\u00e9teg\u0171 rozsdamentes ac\u00e9l f\u00fcstcs\u0151, 1 m\u00e9ter, D120 mm, 0,5 mm","isPartOf":{"@id":"https:\/\/esemineu.ro\/hu\/#website"},"primaryImageOfPage":{"@id":"https:\/\/esemineu.ro\/hu\/termek\/egyretegu-rozsdamentes-acel-fustcso-1-meter-d120-mm-05-mm-falvastagsag-304-es-aisi-rozsdamentes-acelbol\/#primaryimage"},"image":{"@id":"https:\/\/esemineu.ro\/hu\/termek\/egyretegu-rozsdamentes-acel-fustcso-1-meter-d120-mm-05-mm-falvastagsag-304-es-aisi-rozsdamentes-acelbol\/#primaryimage"},"thumbnailUrl":"https:\/\/esemineu.ro\/wp-content\/uploads\/2025\/05\/mare_1_FAA6941.jpg","datePublished":"2025-05-12T10:14:30+00:00","dateModified":"2026-02-11T08:34:53+00:00","description":"Egyr\u00e9teg\u0171 rozsdamentes ac\u00e9l f\u00fcstcs\u0151, 1 m, D120 mm, 0,5 mm vastag, 304-es AISI ac\u00e9lb\u00f3l. Biztons\u00e1gos f\u00fcstg\u00e1zelvezet\u00e9shez kaz\u00e1nokhoz \u00e9s kandall\u00f3khoz.","breadcrumb":{"@id":"https:\/\/esemineu.ro\/hu\/termek\/egyretegu-rozsdamentes-acel-fustcso-1-meter-d120-mm-05-mm-falvastagsag-304-es-aisi-rozsdamentes-acelbol\/#breadcrumb"},"inLanguage":"hu","potentialAction":[{"@type":"ReadAction","target":["https:\/\/esemineu.ro\/hu\/termek\/egyretegu-rozsdamentes-acel-fustcso-1-meter-d120-mm-05-mm-falvastagsag-304-es-aisi-rozsdamentes-acelbol\/"]}]},{"@type":"ImageObject","inLanguage":"hu","@id":"https:\/\/esemineu.ro\/hu\/termek\/egyretegu-rozsdamentes-acel-fustcso-1-meter-d120-mm-05-mm-falvastagsag-304-es-aisi-rozsdamentes-acelbol\/#primaryimage","url":"https:\/\/esemineu.ro\/wp-content\/uploads\/2025\/05\/mare_1_FAA6941.jpg","contentUrl":"https:\/\/esemineu.ro\/wp-content\/uploads\/2025\/05\/mare_1_FAA6941.jpg","width":801,"height":800},{"@type":"BreadcrumbList","@id":"https:\/\/esemineu.ro\/hu\/termek\/egyretegu-rozsdamentes-acel-fustcso-1-meter-d120-mm-05-mm-falvastagsag-304-es-aisi-rozsdamentes-acelbol\/#breadcrumb","itemListElement":[{"@type":"ListItem","position":1,"name":"Kezd\u0151lap","item":"https:\/\/esemineu.ro\/hu\/"},{"@type":"ListItem","position":2,"name":"\u00c1ruh\u00e1z","item":"https:\/\/esemineu.ro\/hu\/aruhaz\/"},{"@type":"ListItem","position":3,"name":"Egyr\u00e9teg\u0171 rozsdamentes ac\u00e9l f\u00fcstcs\u0151, 1 m\u00e9ter, D120 mm, 0,5 mm falvastags\u00e1g, 304-es AISI rozsdamentes ac\u00e9lb\u00f3l."}]},{"@type":"WebSite","@id":"https:\/\/esemineu.ro\/hu\/#website","url":"https:\/\/esemineu.ro\/hu\/","name":"eSemineu","description":"\u0218eminee de cea mai \u00eenalt\u0103 calitate","potentialAction":[{"@type":"SearchAction","target":{"@type":"EntryPoint","urlTemplate":"https:\/\/esemineu.ro\/hu\/?s={search_term_string}"},"query-input":{"@type":"PropertyValueSpecification","valueRequired":true,"valueName":"search_term_string"}}],"inLanguage":"hu"}]}},"_links":{"self":[{"href":"https:\/\/esemineu.ro\/hu\/wp-json\/wp\/v2\/product\/29122","targetHints":{"allow":["GET"]}}],"collection":[{"href":"https:\/\/esemineu.ro\/hu\/wp-json\/wp\/v2\/product"}],"about":[{"href":"https:\/\/esemineu.ro\/hu\/wp-json\/wp\/v2\/types\/product"}],"replies":[{"embeddable":true,"href":"https:\/\/esemineu.ro\/hu\/wp-json\/wp\/v2\/comments?post=29122"}],"wp:featuredmedia":[{"embeddable":true,"href":"https:\/\/esemineu.ro\/hu\/wp-json\/wp\/v2\/media\/29095"}],"wp:attachment":[{"href":"https:\/\/esemineu.ro\/hu\/wp-json\/wp\/v2\/media?parent=29122"}],"wp:term":[{"taxonomy":"product_brand","embeddable":true,"href":"https:\/\/esemineu.ro\/hu\/wp-json\/wp\/v2\/product_brand?post=29122"},{"taxonomy":"product_cat","embeddable":true,"href":"https:\/\/esemineu.ro\/hu\/wp-json\/wp\/v2\/product_cat?post=29122"},{"taxonomy":"product_tag","embeddable":true,"href":"https:\/\/esemineu.ro\/hu\/wp-json\/wp\/v2\/product_tag?post=29122"}],"curies":[{"name":"wp","href":"https:\/\/api.w.org\/{rel}","templated":true}]}}