{"id":29116,"date":"2025-05-12T11:58:18","date_gmt":"2025-05-12T09:58:18","guid":{"rendered":"https:\/\/esemineu.ro\/?post_type=product&#038;p=29116"},"modified":"2025-05-12T13:35:42","modified_gmt":"2025-05-12T11:35:42","slug":"rozsdamentes-acel-fustcso-pelletkazanhoz-szilikon-tomitessel-05-meter-d120-mm-05-mm-falvastagsag","status":"publish","type":"product","link":"https:\/\/esemineu.ro\/hu\/termek\/rozsdamentes-acel-fustcso-pelletkazanhoz-szilikon-tomitessel-05-meter-d120-mm-05-mm-falvastagsag\/","title":{"rendered":"Rozsdamentes ac\u00e9l f\u00fcstcs\u0151 pelletkaz\u00e1nhoz, + szilikon t\u00f6m\u00edt\u00e9ssel, 0,5 m\u00e9ter, D120 mm, 0,5 mm falvastags\u00e1g."},"content":{"rendered":"<article class=\"text-token-text-primary w-full\" dir=\"auto\" data-testid=\"conversation-turn-172\" data-scroll-anchor=\"true\">\n<div class=\"text-base my-auto mx-auto py-5 [--thread-content-margin:--spacing(4)] @[37rem]:[--thread-content-margin:--spacing(6)] @[72rem]:[--thread-content-margin:--spacing(16)] px-(--thread-content-margin)\">\n<div class=\"[--thread-content-max-width:32rem] @[34rem]:[--thread-content-max-width:40rem] @[64rem]:[--thread-content-max-width:48rem] mx-auto flex max-w-(--thread-content-max-width) flex-1 text-base gap-4 md:gap-5 lg:gap-6 group\/turn-messages focus-visible:outline-hidden\" tabindex=\"-1\">\n<div class=\"group\/conversation-turn relative flex w-full min-w-0 flex-col agent-turn\">\n<div class=\"relative flex-col gap-1 md:gap-3\">\n<div class=\"flex max-w-full flex-col grow\">\n<div class=\"min-h-8 text-message relative flex w-full flex-col items-end gap-2 text-start break-words whitespace-normal [.text-message+&amp;]:mt-5\" dir=\"auto\" data-message-author-role=\"assistant\" data-message-id=\"742b8f70-ed25-489f-a4fc-e1b31e8d7241\" data-message-model-slug=\"gpt-4o\">\n<div class=\"flex w-full flex-col gap-1 empty:hidden first:pt-[3px]\">\n<div class=\"markdown prose dark:prose-invert w-full break-words light\">\n<p class=\"\" data-start=\"218\" data-end=\"326\"><strong data-start=\"218\" data-end=\"326\">Rozsdamentes ac\u00e9l f\u00fcstcs\u0151 pelletkaz\u00e1nhoz<\/p>\n<p>Rozsdamentes ac\u00e9l f\u00fcstcs\u0151 0,5 m D120 mm, szilikon t\u00f6m\u00edt\u00e9ssel \u2013 biztons\u00e1gos \u00e9s tart\u00f3s f\u00fcstg\u00e1zelvezet\u00e9shez<\/strong><\/p>\n<p class=\"\" data-start=\"328\" data-end=\"484\">Ez a f\u00fcstcs\u0151 0,5 m\u00e9ter hossz\u00fa, \u00e1tm\u00e9r\u0151je 120 mm, falvastags\u00e1ga 0,5 mm.<br data-start=\"397\" data-end=\"400\" \/>Kiv\u00e1l\u00f3an alkalmas pellet-, fa-, sz\u00e9n- vagy g\u00e1zt\u00fczel\u00e9s\u0171 kaz\u00e1nokhoz \u00e9s kandall\u00f3khoz.<\/p>\n<p class=\"\" data-start=\"486\" data-end=\"686\">304-es AISI rozsdamentes ac\u00e9lb\u00f3l k\u00e9sz\u00fclt, amely ellen\u00e1ll a k\u00e1tr\u00e1ny \u00e9s p\u00e1ra okozta korr\u00f3zi\u00f3nak.<br data-start=\"580\" data-end=\"583\" \/>Ide\u00e1lis v\u00e1laszt\u00e1s nagy hat\u00e1sfok\u00fa f\u0171t\u0151berendez\u00e9sekhez, ahol a f\u00fcstg\u00e1z h\u0151m\u00e9rs\u00e9klete 200 \u00b0C alatt marad.<\/p>\n<p class=\"\" data-start=\"688\" data-end=\"874\">A be\u00e9p\u00edtett h\u0151\u00e1ll\u00f3 szilikon t\u00f6m\u00edt\u00e9s biztos\u00edtja a t\u00f6k\u00e9letes z\u00e1r\u00e1st \u00e9s megel\u0151zi a f\u00fcstsziv\u00e1rg\u00e1st.<br data-start=\"783\" data-end=\"786\" \/>Gyorsan, k\u00f6nnyed\u00e9n csatlakoztathat\u00f3 m\u00e1s rendszerkomponensekhez, prec\u00edz illeszked\u00e9ssel.<\/p>\n<p class=\"\" data-start=\"876\" data-end=\"1045\">Alkalmas bel- \u00e9s k\u00fclt\u00e9ri haszn\u00e1latra egyar\u00e1nt, modern f\u0171t\u00e9si rendszerekhez fejlesztve.<br data-start=\"962\" data-end=\"965\" \/>A cs\u0151 k\u00f6nny\u0171, m\u00e9gis er\u0151s, egyszer\u0171 telep\u00edt\u00e9st \u00e9s hossz\u00fa \u00e9lettartamot biztos\u00edt.<\/p>\n<p class=\"\" data-start=\"1047\" data-end=\"1159\"><strong data-start=\"1047\" data-end=\"1110\">V\u00e1laszd a rozsdamentes ac\u00e9l f\u00fcstcs\u00f6vet 0,5 m\u00e9teres hosszban<\/strong>, ha megb\u00edzhat\u00f3 \u00e9s biztons\u00e1gos megold\u00e1st keres.<\/p>\n<h4>Sz\u00e1ll\u00edt\u00e1si hat\u00e1rid\u0151:<\/h4>\n<ul>\n<li><strong>Magyarorsz\u00e1g \u00e9s az eg\u00e9sz Eur\u00f3pai Uni\u00f3 ter\u00fclet\u00e9n<\/strong>\u00a0is sz\u00e1ll\u00edtjuk.<\/li>\n<li>Rom\u00e1ni\u00e1ba 2-3 munkanap alatt sz\u00e1ll\u00edtjuk<\/li>\n<li>Magyarorsz\u00e1gra es az EU ter\u00fclet\u00e9re az \u00e1tutal\u00e1s ut\u00e1n 5 munkanapon bel\u00fcl \u00e9rkezik meg a term\u00e9k.<\/li>\n<\/ul>\n<p>B\u00edzunk benne, hogy el\u00e9gedett lesz a Rozsdamentes ac\u00e9l f\u00fcstcs\u0151 pelletkaz\u00e1nhoz term\u00e9kkel. Ha b\u00e1rmilyen k\u00e9rd\u00e9se van, k\u00e9rj\u00fck, l\u00e9pjen kapcsolatba vel\u00fcnk.<\/p>\n<p>Tov\u00e1bbi aj\u00e1nlatok\u00e9rt kattintson\u00a0<a href=\"https:\/\/esemineu.ro\/hu\/termek-kategoria\/fustcsovek\/\">ide<\/a><\/p>\n<p>T\u0151bb inform\u00e1ci\u00f3\u00e9rt l\u00e1togasson el\u00a0<a href=\"https:\/\/www.youtube.com\/@esemineuromania\">YouTube<\/a>-csatorn\u00e1nkra, valamint\u00a0<a href=\"https:\/\/www.facebook.com\/eSemineu\">Facebook<\/a>\u00a0\u00e9s\u00a0<a href=\"https:\/\/www.instagram.com\/esemineu\/\">Instagram<\/a>\u00a0oldalainkra.<\/p>\n<p><a href=\"https:\/\/esemineu.ro\/\">eSemineu.ro<\/a>\u00a0 \u00a0Te adod a t\u0171zet mi adjuk a meleget!<\/p>\n<\/div>\n<\/div>\n<\/div>\n<\/div>\n<\/div>\n<\/div>\n<\/div>\n<\/div>\n<\/article>\n","protected":false},"excerpt":{"rendered":"<p>Rozsdamentes ac\u00e9l f\u00fcstcs\u0151 pelletkaz\u00e1nhoz Rozsdamentes ac\u00e9l f\u00fcstcs\u0151 0,5 m D120 mm, szilikon t\u00f6m\u00edt\u00e9ssel \u2013 biztons\u00e1gos \u00e9s tart\u00f3s f\u00fcstg\u00e1zelvezet\u00e9shez Ez a f\u00fcstcs\u0151 0,5 m\u00e9ter hossz\u00fa, \u00e1tm\u00e9r\u0151je 120 mm, falvastags\u00e1ga 0,5 mm.Kiv\u00e1l\u00f3an alkalmas pellet-, fa-, sz\u00e9n- vagy g\u00e1zt\u00fczel\u00e9s\u0171 kaz\u00e1nokhoz \u00e9s kandall\u00f3khoz. 304-es AISI rozsdamentes ac\u00e9lb\u00f3l k\u00e9sz\u00fclt, amely ellen\u00e1ll a k\u00e1tr\u00e1ny \u00e9s p\u00e1ra okozta korr\u00f3zi\u00f3nak.Ide\u00e1lis v\u00e1laszt\u00e1s nagy hat\u00e1sfok\u00fa f\u0171t\u0151berendez\u00e9sekhez, ahol a f\u00fcstg\u00e1z h\u0151m\u00e9rs\u00e9klete 200 \u00b0C alatt marad. A be\u00e9p\u00edtett h\u0151\u00e1ll\u00f3 szilikon t\u00f6m\u00edt\u00e9s biztos\u00edtja a t\u00f6k\u00e9letes z\u00e1r\u00e1st \u00e9s megel\u0151zi a f\u00fcstsziv\u00e1rg\u00e1st.Gyorsan, k\u00f6nnyed\u00e9n csatlakoztathat\u00f3 m\u00e1s rendszerkomponensekhez, prec\u00edz illeszked\u00e9ssel. Alkalmas bel- \u00e9s k\u00fclt\u00e9ri haszn\u00e1latra egyar\u00e1nt, modern f\u0171t\u00e9si rendszerekhez fejlesztve.A cs\u0151 k\u00f6nny\u0171, m\u00e9gis er\u0151s, egyszer\u0171 telep\u00edt\u00e9st \u00e9s hossz\u00fa \u00e9lettartamot biztos\u00edt. V\u00e1laszd a rozsdamentes ac\u00e9l f\u00fcstcs\u00f6vet 0,5 m\u00e9teres hosszban, ha megb\u00edzhat\u00f3 \u00e9s biztons\u00e1gos megold\u00e1st keres. Sz\u00e1ll\u00edt\u00e1si hat\u00e1rid\u0151: Magyarorsz\u00e1g \u00e9s az eg\u00e9sz Eur\u00f3pai Uni\u00f3 ter\u00fclet\u00e9n\u00a0is sz\u00e1ll\u00edtjuk. Rom\u00e1ni\u00e1ba 2-3 munkanap alatt sz\u00e1ll\u00edtjuk Magyarorsz\u00e1gra es az EU ter\u00fclet\u00e9re az \u00e1tutal\u00e1s ut\u00e1n 5 munkanapon bel\u00fcl \u00e9rkezik meg a term\u00e9k. B\u00edzunk benne, hogy &hellip; <a href=\"https:\/\/esemineu.ro\/hu\/termek\/rozsdamentes-acel-fustcso-pelletkazanhoz-szilikon-tomitessel-05-meter-d120-mm-05-mm-falvastagsag\/\">Folytatva<\/a><\/p>\n","protected":false},"featured_media":23578,"comment_status":"open","ping_status":"closed","template":"","meta":[],"product_brand":[1572],"product_cat":[1473,779,1472],"product_tag":[],"class_list":{"0":"post-29116","1":"product","2":"type-product","3":"status-publish","4":"has-post-thumbnail","6":"product_brand-pro-invest","7":"product_cat-120-szigetelt","8":"product_cat-fustcsovek","9":"product_cat-rozsdamentes-szigetelt-kemeny","10":"product_shipping_class-fustcsovek","11":"pa_culoare-fenyes-rozsdamentes-acel-hu","12":"pa_grosime-material-05mm-hu","13":"pa_material-rozsdamentes-acel-hu","15":"first","16":"instock","17":"shipping-taxable","18":"purchasable","19":"product-type-simple"},"acf":[],"yoast_head":"<!-- This site is optimized with the Yoast SEO Premium plugin v21.0 (Yoast SEO v27.3) - https:\/\/yoast.com\/product\/yoast-seo-premium-wordpress\/ -->\n<title>Rozsdamentes ac\u00e9l f\u00fcstcs\u0151 pelletkaz\u00e1nhoz, szilikon t\u00f6m\u00edt\u00e9ssel<\/title>\n<meta name=\"description\" content=\"Rozsdamentes ac\u00e9l f\u00fcstcs\u0151 pelletkaz\u00e1nhoz, 0,5 m hossz\u00fa, D120 mm, 0,5 mm falvastags\u00e1g, szilikon t\u00f6m\u00edt\u00e9ssel, biztons\u00e1gos f\u00fcstg\u00e1zelvezet\u00e9shez.\" \/>\n<meta name=\"robots\" content=\"index, follow, max-snippet:-1, max-image-preview:large, max-video-preview:-1\" \/>\n<link rel=\"canonical\" href=\"https:\/\/esemineu.ro\/hu\/termek\/rozsdamentes-acel-fustcso-pelletkazanhoz-szilikon-tomitessel-05-meter-d120-mm-05-mm-falvastagsag\/\" \/>\n<meta property=\"og:locale\" content=\"hu_HU\" \/>\n<meta property=\"og:type\" content=\"article\" \/>\n<meta property=\"og:title\" content=\"Rozsdamentes ac\u00e9l f\u00fcstcs\u0151 pelletkaz\u00e1nhoz, szilikon t\u00f6m\u00edt\u00e9ssel\" \/>\n<meta property=\"og:description\" content=\"Rozsdamentes ac\u00e9l f\u00fcstcs\u0151 pelletkaz\u00e1nhoz, 0,5 m hossz\u00fa, D120 mm, 0,5 mm falvastags\u00e1g, szilikon t\u00f6m\u00edt\u00e9ssel, biztons\u00e1gos f\u00fcstg\u00e1zelvezet\u00e9shez.\" \/>\n<meta property=\"og:url\" content=\"https:\/\/esemineu.ro\/hu\/termek\/rozsdamentes-acel-fustcso-pelletkazanhoz-szilikon-tomitessel-05-meter-d120-mm-05-mm-falvastagsag\/\" \/>\n<meta property=\"og:site_name\" content=\"eSemineu\" \/>\n<meta property=\"article:publisher\" content=\"https:\/\/web.facebook.com\/eSemineu\" \/>\n<meta property=\"article:modified_time\" content=\"2025-05-12T11:35:42+00:00\" \/>\n<meta property=\"og:image\" content=\"https:\/\/esemineu.ro\/wp-content\/uploads\/2024\/04\/Burlan-130-300.jpg\" \/>\n\t<meta property=\"og:image:width\" content=\"1000\" \/>\n\t<meta property=\"og:image:height\" content=\"1000\" \/>\n\t<meta property=\"og:image:type\" content=\"image\/jpeg\" \/>\n<meta name=\"twitter:card\" content=\"summary_large_image\" \/>\n<meta name=\"twitter:label1\" content=\"Becs\u00fclt olvas\u00e1si id\u0151\" \/>\n\t<meta name=\"twitter:data1\" content=\"2 perc\" \/>\n<script type=\"application\/ld+json\" class=\"yoast-schema-graph\">{\"@context\":\"https:\\\/\\\/schema.org\",\"@graph\":[{\"@type\":\"WebPage\",\"@id\":\"https:\\\/\\\/esemineu.ro\\\/hu\\\/termek\\\/rozsdamentes-acel-fustcso-pelletkazanhoz-szilikon-tomitessel-05-meter-d120-mm-05-mm-falvastagsag\\\/\",\"url\":\"https:\\\/\\\/esemineu.ro\\\/hu\\\/termek\\\/rozsdamentes-acel-fustcso-pelletkazanhoz-szilikon-tomitessel-05-meter-d120-mm-05-mm-falvastagsag\\\/\",\"name\":\"Rozsdamentes ac\u00e9l f\u00fcstcs\u0151 pelletkaz\u00e1nhoz, szilikon t\u00f6m\u00edt\u00e9ssel\",\"isPartOf\":{\"@id\":\"https:\\\/\\\/esemineu.ro\\\/hu\\\/#website\"},\"primaryImageOfPage\":{\"@id\":\"https:\\\/\\\/esemineu.ro\\\/hu\\\/termek\\\/rozsdamentes-acel-fustcso-pelletkazanhoz-szilikon-tomitessel-05-meter-d120-mm-05-mm-falvastagsag\\\/#primaryimage\"},\"image\":{\"@id\":\"https:\\\/\\\/esemineu.ro\\\/hu\\\/termek\\\/rozsdamentes-acel-fustcso-pelletkazanhoz-szilikon-tomitessel-05-meter-d120-mm-05-mm-falvastagsag\\\/#primaryimage\"},\"thumbnailUrl\":\"https:\\\/\\\/esemineu.ro\\\/wp-content\\\/uploads\\\/2024\\\/04\\\/Burlan-130-300.jpg\",\"datePublished\":\"2025-05-12T09:58:18+00:00\",\"dateModified\":\"2025-05-12T11:35:42+00:00\",\"description\":\"Rozsdamentes ac\u00e9l f\u00fcstcs\u0151 pelletkaz\u00e1nhoz, 0,5 m hossz\u00fa, D120 mm, 0,5 mm falvastags\u00e1g, szilikon t\u00f6m\u00edt\u00e9ssel, biztons\u00e1gos f\u00fcstg\u00e1zelvezet\u00e9shez.\",\"breadcrumb\":{\"@id\":\"https:\\\/\\\/esemineu.ro\\\/hu\\\/termek\\\/rozsdamentes-acel-fustcso-pelletkazanhoz-szilikon-tomitessel-05-meter-d120-mm-05-mm-falvastagsag\\\/#breadcrumb\"},\"inLanguage\":\"hu\",\"potentialAction\":[{\"@type\":\"ReadAction\",\"target\":[\"https:\\\/\\\/esemineu.ro\\\/hu\\\/termek\\\/rozsdamentes-acel-fustcso-pelletkazanhoz-szilikon-tomitessel-05-meter-d120-mm-05-mm-falvastagsag\\\/\"]}]},{\"@type\":\"ImageObject\",\"inLanguage\":\"hu\",\"@id\":\"https:\\\/\\\/esemineu.ro\\\/hu\\\/termek\\\/rozsdamentes-acel-fustcso-pelletkazanhoz-szilikon-tomitessel-05-meter-d120-mm-05-mm-falvastagsag\\\/#primaryimage\",\"url\":\"https:\\\/\\\/esemineu.ro\\\/wp-content\\\/uploads\\\/2024\\\/04\\\/Burlan-130-300.jpg\",\"contentUrl\":\"https:\\\/\\\/esemineu.ro\\\/wp-content\\\/uploads\\\/2024\\\/04\\\/Burlan-130-300.jpg\",\"width\":1000,\"height\":1000,\"caption\":\"Rozsdamentes szigetelt f\u00fcstcs\u0151 130\u00d8X0.3M\"},{\"@type\":\"BreadcrumbList\",\"@id\":\"https:\\\/\\\/esemineu.ro\\\/hu\\\/termek\\\/rozsdamentes-acel-fustcso-pelletkazanhoz-szilikon-tomitessel-05-meter-d120-mm-05-mm-falvastagsag\\\/#breadcrumb\",\"itemListElement\":[{\"@type\":\"ListItem\",\"position\":1,\"name\":\"Kezd\u0151lap\",\"item\":\"https:\\\/\\\/esemineu.ro\\\/hu\\\/\"},{\"@type\":\"ListItem\",\"position\":2,\"name\":\"\u00c1ruh\u00e1z\",\"item\":\"https:\\\/\\\/esemineu.ro\\\/hu\\\/aruhaz\\\/\"},{\"@type\":\"ListItem\",\"position\":3,\"name\":\"Rozsdamentes ac\u00e9l f\u00fcstcs\u0151 pelletkaz\u00e1nhoz, + szilikon t\u00f6m\u00edt\u00e9ssel, 0,5 m\u00e9ter, D120 mm, 0,5 mm falvastags\u00e1g.\"}]},{\"@type\":\"WebSite\",\"@id\":\"https:\\\/\\\/esemineu.ro\\\/hu\\\/#website\",\"url\":\"https:\\\/\\\/esemineu.ro\\\/hu\\\/\",\"name\":\"eSemineu\",\"description\":\"\u0218eminee de cea mai \u00eenalt\u0103 calitate\",\"potentialAction\":[{\"@type\":\"SearchAction\",\"target\":{\"@type\":\"EntryPoint\",\"urlTemplate\":\"https:\\\/\\\/esemineu.ro\\\/hu\\\/?s={search_term_string}\"},\"query-input\":{\"@type\":\"PropertyValueSpecification\",\"valueRequired\":true,\"valueName\":\"search_term_string\"}}],\"inLanguage\":\"hu\"}]}<\/script>\n<!-- \/ Yoast SEO Premium plugin. -->","yoast_head_json":{"title":"Rozsdamentes ac\u00e9l f\u00fcstcs\u0151 pelletkaz\u00e1nhoz, szilikon t\u00f6m\u00edt\u00e9ssel","description":"Rozsdamentes ac\u00e9l f\u00fcstcs\u0151 pelletkaz\u00e1nhoz, 0,5 m hossz\u00fa, D120 mm, 0,5 mm falvastags\u00e1g, szilikon t\u00f6m\u00edt\u00e9ssel, biztons\u00e1gos f\u00fcstg\u00e1zelvezet\u00e9shez.","robots":{"index":"index","follow":"follow","max-snippet":"max-snippet:-1","max-image-preview":"max-image-preview:large","max-video-preview":"max-video-preview:-1"},"canonical":"https:\/\/esemineu.ro\/hu\/termek\/rozsdamentes-acel-fustcso-pelletkazanhoz-szilikon-tomitessel-05-meter-d120-mm-05-mm-falvastagsag\/","og_locale":"hu_HU","og_type":"article","og_title":"Rozsdamentes ac\u00e9l f\u00fcstcs\u0151 pelletkaz\u00e1nhoz, szilikon t\u00f6m\u00edt\u00e9ssel","og_description":"Rozsdamentes ac\u00e9l f\u00fcstcs\u0151 pelletkaz\u00e1nhoz, 0,5 m hossz\u00fa, D120 mm, 0,5 mm falvastags\u00e1g, szilikon t\u00f6m\u00edt\u00e9ssel, biztons\u00e1gos f\u00fcstg\u00e1zelvezet\u00e9shez.","og_url":"https:\/\/esemineu.ro\/hu\/termek\/rozsdamentes-acel-fustcso-pelletkazanhoz-szilikon-tomitessel-05-meter-d120-mm-05-mm-falvastagsag\/","og_site_name":"eSemineu","article_publisher":"https:\/\/web.facebook.com\/eSemineu","article_modified_time":"2025-05-12T11:35:42+00:00","og_image":[{"width":1000,"height":1000,"url":"https:\/\/esemineu.ro\/wp-content\/uploads\/2024\/04\/Burlan-130-300.jpg","type":"image\/jpeg"}],"twitter_card":"summary_large_image","twitter_misc":{"Becs\u00fclt olvas\u00e1si id\u0151":"2 perc"},"schema":{"@context":"https:\/\/schema.org","@graph":[{"@type":"WebPage","@id":"https:\/\/esemineu.ro\/hu\/termek\/rozsdamentes-acel-fustcso-pelletkazanhoz-szilikon-tomitessel-05-meter-d120-mm-05-mm-falvastagsag\/","url":"https:\/\/esemineu.ro\/hu\/termek\/rozsdamentes-acel-fustcso-pelletkazanhoz-szilikon-tomitessel-05-meter-d120-mm-05-mm-falvastagsag\/","name":"Rozsdamentes ac\u00e9l f\u00fcstcs\u0151 pelletkaz\u00e1nhoz, szilikon t\u00f6m\u00edt\u00e9ssel","isPartOf":{"@id":"https:\/\/esemineu.ro\/hu\/#website"},"primaryImageOfPage":{"@id":"https:\/\/esemineu.ro\/hu\/termek\/rozsdamentes-acel-fustcso-pelletkazanhoz-szilikon-tomitessel-05-meter-d120-mm-05-mm-falvastagsag\/#primaryimage"},"image":{"@id":"https:\/\/esemineu.ro\/hu\/termek\/rozsdamentes-acel-fustcso-pelletkazanhoz-szilikon-tomitessel-05-meter-d120-mm-05-mm-falvastagsag\/#primaryimage"},"thumbnailUrl":"https:\/\/esemineu.ro\/wp-content\/uploads\/2024\/04\/Burlan-130-300.jpg","datePublished":"2025-05-12T09:58:18+00:00","dateModified":"2025-05-12T11:35:42+00:00","description":"Rozsdamentes ac\u00e9l f\u00fcstcs\u0151 pelletkaz\u00e1nhoz, 0,5 m hossz\u00fa, D120 mm, 0,5 mm falvastags\u00e1g, szilikon t\u00f6m\u00edt\u00e9ssel, biztons\u00e1gos f\u00fcstg\u00e1zelvezet\u00e9shez.","breadcrumb":{"@id":"https:\/\/esemineu.ro\/hu\/termek\/rozsdamentes-acel-fustcso-pelletkazanhoz-szilikon-tomitessel-05-meter-d120-mm-05-mm-falvastagsag\/#breadcrumb"},"inLanguage":"hu","potentialAction":[{"@type":"ReadAction","target":["https:\/\/esemineu.ro\/hu\/termek\/rozsdamentes-acel-fustcso-pelletkazanhoz-szilikon-tomitessel-05-meter-d120-mm-05-mm-falvastagsag\/"]}]},{"@type":"ImageObject","inLanguage":"hu","@id":"https:\/\/esemineu.ro\/hu\/termek\/rozsdamentes-acel-fustcso-pelletkazanhoz-szilikon-tomitessel-05-meter-d120-mm-05-mm-falvastagsag\/#primaryimage","url":"https:\/\/esemineu.ro\/wp-content\/uploads\/2024\/04\/Burlan-130-300.jpg","contentUrl":"https:\/\/esemineu.ro\/wp-content\/uploads\/2024\/04\/Burlan-130-300.jpg","width":1000,"height":1000,"caption":"Rozsdamentes szigetelt f\u00fcstcs\u0151 130\u00d8X0.3M"},{"@type":"BreadcrumbList","@id":"https:\/\/esemineu.ro\/hu\/termek\/rozsdamentes-acel-fustcso-pelletkazanhoz-szilikon-tomitessel-05-meter-d120-mm-05-mm-falvastagsag\/#breadcrumb","itemListElement":[{"@type":"ListItem","position":1,"name":"Kezd\u0151lap","item":"https:\/\/esemineu.ro\/hu\/"},{"@type":"ListItem","position":2,"name":"\u00c1ruh\u00e1z","item":"https:\/\/esemineu.ro\/hu\/aruhaz\/"},{"@type":"ListItem","position":3,"name":"Rozsdamentes ac\u00e9l f\u00fcstcs\u0151 pelletkaz\u00e1nhoz, + szilikon t\u00f6m\u00edt\u00e9ssel, 0,5 m\u00e9ter, D120 mm, 0,5 mm falvastags\u00e1g."}]},{"@type":"WebSite","@id":"https:\/\/esemineu.ro\/hu\/#website","url":"https:\/\/esemineu.ro\/hu\/","name":"eSemineu","description":"\u0218eminee de cea mai \u00eenalt\u0103 calitate","potentialAction":[{"@type":"SearchAction","target":{"@type":"EntryPoint","urlTemplate":"https:\/\/esemineu.ro\/hu\/?s={search_term_string}"},"query-input":{"@type":"PropertyValueSpecification","valueRequired":true,"valueName":"search_term_string"}}],"inLanguage":"hu"}]}},"_links":{"self":[{"href":"https:\/\/esemineu.ro\/hu\/wp-json\/wp\/v2\/product\/29116","targetHints":{"allow":["GET"]}}],"collection":[{"href":"https:\/\/esemineu.ro\/hu\/wp-json\/wp\/v2\/product"}],"about":[{"href":"https:\/\/esemineu.ro\/hu\/wp-json\/wp\/v2\/types\/product"}],"replies":[{"embeddable":true,"href":"https:\/\/esemineu.ro\/hu\/wp-json\/wp\/v2\/comments?post=29116"}],"wp:featuredmedia":[{"embeddable":true,"href":"https:\/\/esemineu.ro\/hu\/wp-json\/wp\/v2\/media\/23578"}],"wp:attachment":[{"href":"https:\/\/esemineu.ro\/hu\/wp-json\/wp\/v2\/media?parent=29116"}],"wp:term":[{"taxonomy":"product_brand","embeddable":true,"href":"https:\/\/esemineu.ro\/hu\/wp-json\/wp\/v2\/product_brand?post=29116"},{"taxonomy":"product_cat","embeddable":true,"href":"https:\/\/esemineu.ro\/hu\/wp-json\/wp\/v2\/product_cat?post=29116"},{"taxonomy":"product_tag","embeddable":true,"href":"https:\/\/esemineu.ro\/hu\/wp-json\/wp\/v2\/product_tag?post=29116"}],"curies":[{"name":"wp","href":"https:\/\/api.w.org\/{rel}","templated":true}]}}