{"id":29115,"date":"2025-05-12T11:53:15","date_gmt":"2025-05-12T09:53:15","guid":{"rendered":"https:\/\/esemineu.ro\/?post_type=product&#038;p=29115"},"modified":"2025-05-12T13:31:43","modified_gmt":"2025-05-12T11:31:43","slug":"rozsdamentes-acel-fustcso-pelletkazanhoz-szilikon-tomitessel-1-meter-d120-mm-05-mm-falvastagsag","status":"publish","type":"product","link":"https:\/\/esemineu.ro\/hu\/termek\/rozsdamentes-acel-fustcso-pelletkazanhoz-szilikon-tomitessel-1-meter-d120-mm-05-mm-falvastagsag\/","title":{"rendered":"Rozsdamentes ac\u00e9l f\u00fcstcs\u0151 pelletkaz\u00e1nhoz, + szilikon t\u00f6m\u00edt\u00e9ssel, 1 m\u00e9ter, D120 mm, 0,5 mm falvastags\u00e1g."},"content":{"rendered":"<article class=\"text-token-text-primary w-full\" dir=\"auto\" data-testid=\"conversation-turn-166\" data-scroll-anchor=\"true\">\n<div class=\"text-base my-auto mx-auto py-5 [--thread-content-margin:--spacing(4)] @[37rem]:[--thread-content-margin:--spacing(6)] @[72rem]:[--thread-content-margin:--spacing(16)] px-(--thread-content-margin)\">\n<div class=\"[--thread-content-max-width:32rem] @[34rem]:[--thread-content-max-width:40rem] @[64rem]:[--thread-content-max-width:48rem] mx-auto flex max-w-(--thread-content-max-width) flex-1 text-base gap-4 md:gap-5 lg:gap-6 group\/turn-messages focus-visible:outline-hidden\" tabindex=\"-1\">\n<div class=\"group\/conversation-turn relative flex w-full min-w-0 flex-col agent-turn\">\n<div class=\"relative flex-col gap-1 md:gap-3\">\n<div class=\"flex max-w-full flex-col grow\">\n<div class=\"min-h-8 text-message relative flex w-full flex-col items-end gap-2 text-start break-words whitespace-normal [.text-message+&amp;]:mt-5\" dir=\"auto\" data-message-author-role=\"assistant\" data-message-id=\"dd3c0080-cf32-46cc-b3eb-c393c9d43f45\" data-message-model-slug=\"gpt-4o\">\n<div class=\"flex w-full flex-col gap-1 empty:hidden first:pt-[3px]\">\n<div class=\"markdown prose dark:prose-invert w-full break-words light\">\n<p class=\"\" data-start=\"149\" data-end=\"254\"><strong data-start=\"149\" data-end=\"254\">Rozsdamentes ac\u00e9l f\u00fcstcs\u0151 pelletkaz\u00e1nhoz, szilikon t\u00f6m\u00edt\u00e9ssel \u2013 1 m\u00e9ter, D120 mm, 0,5 mm falvastags\u00e1g<\/strong><\/p>\n<p class=\"\" data-start=\"256\" data-end=\"391\">A f\u00fcstcs\u0151 1 m\u00e9ter hossz\u00fa, \u00e1tm\u00e9r\u0151je 120 mm, falvastags\u00e1ga 0,5 mm.<br data-start=\"320\" data-end=\"323\" \/>Kifejezetten pellet-, fa- \u00e9s g\u00e1zt\u00fczel\u00e9s\u0171 kaz\u00e1nokhoz lett tervezve.<\/p>\n<p class=\"\" data-start=\"393\" data-end=\"547\">Kiv\u00e1l\u00f3 min\u0151s\u00e9g\u0171 304-es rozsdamentes ac\u00e9lb\u00f3l k\u00e9sz\u00fclt, hossz\u00fa \u00e9lettartammal.<br data-start=\"467\" data-end=\"470\" \/>Ellen\u00e1ll a korr\u00f3zi\u00f3nak, a savas kondenz\u00e1tumnak \u00e9s a k\u00e1tr\u00e1nyos lerak\u00f3d\u00e1snak.<\/p>\n<p class=\"\" data-start=\"549\" data-end=\"689\">A szilikon t\u00f6m\u00edt\u00e9s biztos\u00edtja a t\u00f6k\u00e9letes l\u00e9gz\u00e1r\u00e1st \u00e9s biztons\u00e1got.<br data-start=\"616\" data-end=\"619\" \/>Haszn\u00e1lhat\u00f3 kandall\u00f3khoz, kaz\u00e1nokhoz, kondenz\u00e1ci\u00f3s k\u00e9sz\u00fcl\u00e9kekhez is.<\/p>\n<p class=\"\" data-start=\"691\" data-end=\"837\">Ide\u00e1lis alacsony h\u0151m\u00e9rs\u00e9klet\u0171 f\u00fcstg\u00e1zok elvezet\u00e9s\u00e9hez (max. 200\u00b0C).<br data-start=\"758\" data-end=\"761\" \/>Gyors \u00e9s pontos illeszt\u00e9st tesz lehet\u0151v\u00e9 a szabv\u00e1nyos k\u00e9m\u00e9nyrendszerekhez.<\/p>\n<p class=\"\" data-start=\"839\" data-end=\"989\">Egyszer\u0171en szerelhet\u0151, hossz\u00fa t\u00e1von is stabil \u00e9s megb\u00edzhat\u00f3 kapcsolatot ny\u00fajt.<br data-start=\"917\" data-end=\"920\" \/>T\u00f6k\u00e9letes megold\u00e1s energiatakar\u00e9kos \u00e9s modern f\u0171t\u00e9si rendszerekhez.<\/p>\n<p class=\"\" data-start=\"991\" data-end=\"1101\"><strong data-start=\"991\" data-end=\"1064\">V\u00e1laszd a D120 mm-es rozsdamentes ac\u00e9l f\u00fcstcs\u00f6vet szilikon t\u00f6m\u00edt\u00e9ssel<\/strong>, ha fontos a biztons\u00e1g \u00e9s tart\u00f3ss\u00e1g.<\/p>\n<\/div>\n<\/div>\n<\/div>\n<\/div>\n<\/div>\n<\/div>\n<\/div>\n<\/div>\n<\/article>\n<div class=\"pointer-events-none h-px w-px\" aria-hidden=\"true\" data-edge=\"true\">\n<h4>Sz\u00e1ll\u00edt\u00e1si hat\u00e1rid\u0151:<\/h4>\n<ul>\n<li><strong>Magyarorsz\u00e1g \u00e9s az eg\u00e9sz Eur\u00f3pai Uni\u00f3 ter\u00fclet\u00e9n<\/strong>\u00a0is sz\u00e1ll\u00edtjuk.<\/li>\n<li>Rom\u00e1ni\u00e1ba 2-3 munkanap alatt sz\u00e1ll\u00edtjuk<\/li>\n<li>Magyarorsz\u00e1gra es az EU ter\u00fclet\u00e9re az \u00e1tutal\u00e1s ut\u00e1n 5 munkanapon bel\u00fcl \u00e9rkezik meg a term\u00e9k.<\/li>\n<\/ul>\n<p>B\u00edzunk benne, hogy el\u00e9gedett lesz a Rozsdamentes ac\u00e9l f\u00fcstcs\u0151 pelletkaz\u00e1nhoz term\u00e9kkel. Ha b\u00e1rmilyen k\u00e9rd\u00e9se van, k\u00e9rj\u00fck, l\u00e9pjen kapcsolatba vel\u00fcnk.<\/p>\n<p>Tov\u00e1bbi aj\u00e1nlatok\u00e9rt kattintson\u00a0<a href=\"https:\/\/esemineu.ro\/hu\/termek-kategoria\/fustcsovek\/\">ide<\/a><\/p>\n<p>T\u0151bb inform\u00e1ci\u00f3\u00e9rt l\u00e1togasson el\u00a0<a href=\"https:\/\/www.youtube.com\/@esemineuromania\">YouTube<\/a>-csatorn\u00e1nkra, valamint\u00a0<a href=\"https:\/\/www.facebook.com\/eSemineu\">Facebook<\/a>\u00a0\u00e9s\u00a0<a href=\"https:\/\/www.instagram.com\/esemineu\/\">Instagram<\/a>\u00a0oldalainkra.<\/p>\n<p><a href=\"https:\/\/esemineu.ro\/\">eSemineu.ro<\/a>\u00a0 \u00a0Te adod a t\u0171zet mi adjuk a meleget!<\/p>\n<\/div>\n","protected":false},"excerpt":{"rendered":"<p>Rozsdamentes ac\u00e9l f\u00fcstcs\u0151 pelletkaz\u00e1nhoz, szilikon t\u00f6m\u00edt\u00e9ssel \u2013 1 m\u00e9ter, D120 mm, 0,5 mm falvastags\u00e1g A f\u00fcstcs\u0151 1 m\u00e9ter hossz\u00fa, \u00e1tm\u00e9r\u0151je 120 mm, falvastags\u00e1ga 0,5 mm.Kifejezetten pellet-, fa- \u00e9s g\u00e1zt\u00fczel\u00e9s\u0171 kaz\u00e1nokhoz lett tervezve. Kiv\u00e1l\u00f3 min\u0151s\u00e9g\u0171 304-es rozsdamentes ac\u00e9lb\u00f3l k\u00e9sz\u00fclt, hossz\u00fa \u00e9lettartammal.Ellen\u00e1ll a korr\u00f3zi\u00f3nak, a savas kondenz\u00e1tumnak \u00e9s a k\u00e1tr\u00e1nyos lerak\u00f3d\u00e1snak. A szilikon t\u00f6m\u00edt\u00e9s biztos\u00edtja a t\u00f6k\u00e9letes l\u00e9gz\u00e1r\u00e1st \u00e9s biztons\u00e1got.Haszn\u00e1lhat\u00f3 kandall\u00f3khoz, kaz\u00e1nokhoz, kondenz\u00e1ci\u00f3s k\u00e9sz\u00fcl\u00e9kekhez is. Ide\u00e1lis alacsony h\u0151m\u00e9rs\u00e9klet\u0171 f\u00fcstg\u00e1zok elvezet\u00e9s\u00e9hez (max. 200\u00b0C).Gyors \u00e9s pontos illeszt\u00e9st tesz lehet\u0151v\u00e9 a szabv\u00e1nyos k\u00e9m\u00e9nyrendszerekhez. Egyszer\u0171en szerelhet\u0151, hossz\u00fa t\u00e1von is stabil \u00e9s megb\u00edzhat\u00f3 kapcsolatot ny\u00fajt.T\u00f6k\u00e9letes megold\u00e1s energiatakar\u00e9kos \u00e9s modern f\u0171t\u00e9si rendszerekhez. V\u00e1laszd a D120 mm-es rozsdamentes ac\u00e9l f\u00fcstcs\u00f6vet szilikon t\u00f6m\u00edt\u00e9ssel, ha fontos a biztons\u00e1g \u00e9s tart\u00f3ss\u00e1g. Sz\u00e1ll\u00edt\u00e1si hat\u00e1rid\u0151: Magyarorsz\u00e1g \u00e9s az eg\u00e9sz Eur\u00f3pai Uni\u00f3 ter\u00fclet\u00e9n\u00a0is sz\u00e1ll\u00edtjuk. Rom\u00e1ni\u00e1ba 2-3 munkanap alatt sz\u00e1ll\u00edtjuk Magyarorsz\u00e1gra es az EU ter\u00fclet\u00e9re az \u00e1tutal\u00e1s ut\u00e1n 5 munkanapon bel\u00fcl \u00e9rkezik meg a term\u00e9k. B\u00edzunk benne, hogy el\u00e9gedett lesz a Rozsdamentes ac\u00e9l f\u00fcstcs\u0151 pelletkaz\u00e1nhoz term\u00e9kkel. &hellip; <a href=\"https:\/\/esemineu.ro\/hu\/termek\/rozsdamentes-acel-fustcso-pelletkazanhoz-szilikon-tomitessel-1-meter-d120-mm-05-mm-falvastagsag\/\">Folytatva<\/a><\/p>\n","protected":false},"featured_media":16908,"comment_status":"open","ping_status":"closed","template":"","meta":[],"product_brand":[1572],"product_cat":[1473,779,1472],"product_tag":[],"class_list":{"0":"post-29115","1":"product","2":"type-product","3":"status-publish","4":"has-post-thumbnail","6":"product_brand-pro-invest","7":"product_cat-120-szigetelt","8":"product_cat-fustcsovek","9":"product_cat-rozsdamentes-szigetelt-kemeny","10":"product_shipping_class-fustcsovek","11":"pa_culoare-fenyes-rozsdamentes-acel-hu","12":"pa_grosime-material-05mm-hu","13":"pa_material-rozsdamentes-acel-hu","15":"first","16":"instock","17":"shipping-taxable","18":"purchasable","19":"product-type-simple"},"acf":[],"yoast_head":"<!-- This site is optimized with the Yoast SEO Premium plugin v21.0 (Yoast SEO v27.3) - https:\/\/yoast.com\/product\/yoast-seo-premium-wordpress\/ -->\n<title>Rozsdamentes ac\u00e9l f\u00fcstcs\u0151 pelletkaz\u00e1nhoz, szilikon t\u00f6m\u00edt\u00e9ssel<\/title>\n<meta name=\"description\" content=\"Rozsdamentes ac\u00e9l f\u00fcstcs\u0151 pelletkaz\u00e1nhoz, 1 m hossz\u00fa, D120 mm, 0,5 mm falvastags\u00e1g, szilikon t\u00f6m\u00edt\u00e9ssel, biztons\u00e1gos f\u00fcstg\u00e1zelvezet\u00e9shez.\" \/>\n<meta name=\"robots\" content=\"index, follow, max-snippet:-1, max-image-preview:large, max-video-preview:-1\" \/>\n<link rel=\"canonical\" href=\"https:\/\/esemineu.ro\/hu\/termek\/rozsdamentes-acel-fustcso-pelletkazanhoz-szilikon-tomitessel-1-meter-d120-mm-05-mm-falvastagsag\/\" \/>\n<meta property=\"og:locale\" content=\"hu_HU\" \/>\n<meta property=\"og:type\" content=\"article\" \/>\n<meta property=\"og:title\" content=\"Rozsdamentes ac\u00e9l f\u00fcstcs\u0151 pelletkaz\u00e1nhoz, szilikon t\u00f6m\u00edt\u00e9ssel\" \/>\n<meta property=\"og:description\" content=\"Rozsdamentes ac\u00e9l f\u00fcstcs\u0151 pelletkaz\u00e1nhoz, 1 m hossz\u00fa, D120 mm, 0,5 mm falvastags\u00e1g, szilikon t\u00f6m\u00edt\u00e9ssel, biztons\u00e1gos f\u00fcstg\u00e1zelvezet\u00e9shez.\" \/>\n<meta property=\"og:url\" content=\"https:\/\/esemineu.ro\/hu\/termek\/rozsdamentes-acel-fustcso-pelletkazanhoz-szilikon-tomitessel-1-meter-d120-mm-05-mm-falvastagsag\/\" \/>\n<meta property=\"og:site_name\" content=\"eSemineu\" \/>\n<meta property=\"article:publisher\" content=\"https:\/\/web.facebook.com\/eSemineu\" \/>\n<meta property=\"article:modified_time\" content=\"2025-05-12T11:31:43+00:00\" \/>\n<meta property=\"og:image\" content=\"https:\/\/esemineu.ro\/wp-content\/uploads\/2023\/09\/Burlan-de-1-m-1.jpg\" \/>\n\t<meta property=\"og:image:width\" content=\"1000\" \/>\n\t<meta property=\"og:image:height\" content=\"1000\" \/>\n\t<meta property=\"og:image:type\" content=\"image\/jpeg\" \/>\n<meta name=\"twitter:card\" content=\"summary_large_image\" \/>\n<meta name=\"twitter:label1\" content=\"Becs\u00fclt olvas\u00e1si id\u0151\" \/>\n\t<meta name=\"twitter:data1\" content=\"2 perc\" \/>\n<script type=\"application\/ld+json\" class=\"yoast-schema-graph\">{\"@context\":\"https:\\\/\\\/schema.org\",\"@graph\":[{\"@type\":\"WebPage\",\"@id\":\"https:\\\/\\\/esemineu.ro\\\/hu\\\/termek\\\/rozsdamentes-acel-fustcso-pelletkazanhoz-szilikon-tomitessel-1-meter-d120-mm-05-mm-falvastagsag\\\/\",\"url\":\"https:\\\/\\\/esemineu.ro\\\/hu\\\/termek\\\/rozsdamentes-acel-fustcso-pelletkazanhoz-szilikon-tomitessel-1-meter-d120-mm-05-mm-falvastagsag\\\/\",\"name\":\"Rozsdamentes ac\u00e9l f\u00fcstcs\u0151 pelletkaz\u00e1nhoz, szilikon t\u00f6m\u00edt\u00e9ssel\",\"isPartOf\":{\"@id\":\"https:\\\/\\\/esemineu.ro\\\/hu\\\/#website\"},\"primaryImageOfPage\":{\"@id\":\"https:\\\/\\\/esemineu.ro\\\/hu\\\/termek\\\/rozsdamentes-acel-fustcso-pelletkazanhoz-szilikon-tomitessel-1-meter-d120-mm-05-mm-falvastagsag\\\/#primaryimage\"},\"image\":{\"@id\":\"https:\\\/\\\/esemineu.ro\\\/hu\\\/termek\\\/rozsdamentes-acel-fustcso-pelletkazanhoz-szilikon-tomitessel-1-meter-d120-mm-05-mm-falvastagsag\\\/#primaryimage\"},\"thumbnailUrl\":\"https:\\\/\\\/esemineu.ro\\\/wp-content\\\/uploads\\\/2023\\\/09\\\/Burlan-de-1-m-1.jpg\",\"datePublished\":\"2025-05-12T09:53:15+00:00\",\"dateModified\":\"2025-05-12T11:31:43+00:00\",\"description\":\"Rozsdamentes ac\u00e9l f\u00fcstcs\u0151 pelletkaz\u00e1nhoz, 1 m hossz\u00fa, D120 mm, 0,5 mm falvastags\u00e1g, szilikon t\u00f6m\u00edt\u00e9ssel, biztons\u00e1gos f\u00fcstg\u00e1zelvezet\u00e9shez.\",\"breadcrumb\":{\"@id\":\"https:\\\/\\\/esemineu.ro\\\/hu\\\/termek\\\/rozsdamentes-acel-fustcso-pelletkazanhoz-szilikon-tomitessel-1-meter-d120-mm-05-mm-falvastagsag\\\/#breadcrumb\"},\"inLanguage\":\"hu\",\"potentialAction\":[{\"@type\":\"ReadAction\",\"target\":[\"https:\\\/\\\/esemineu.ro\\\/hu\\\/termek\\\/rozsdamentes-acel-fustcso-pelletkazanhoz-szilikon-tomitessel-1-meter-d120-mm-05-mm-falvastagsag\\\/\"]}]},{\"@type\":\"ImageObject\",\"inLanguage\":\"hu\",\"@id\":\"https:\\\/\\\/esemineu.ro\\\/hu\\\/termek\\\/rozsdamentes-acel-fustcso-pelletkazanhoz-szilikon-tomitessel-1-meter-d120-mm-05-mm-falvastagsag\\\/#primaryimage\",\"url\":\"https:\\\/\\\/esemineu.ro\\\/wp-content\\\/uploads\\\/2023\\\/09\\\/Burlan-de-1-m-1.jpg\",\"contentUrl\":\"https:\\\/\\\/esemineu.ro\\\/wp-content\\\/uploads\\\/2023\\\/09\\\/Burlan-de-1-m-1.jpg\",\"width\":1000,\"height\":1000,\"caption\":\"Szigetelt rozsdamentes f\u00fcstcs\u0151 DP 1M D130\\\/200\"},{\"@type\":\"BreadcrumbList\",\"@id\":\"https:\\\/\\\/esemineu.ro\\\/hu\\\/termek\\\/rozsdamentes-acel-fustcso-pelletkazanhoz-szilikon-tomitessel-1-meter-d120-mm-05-mm-falvastagsag\\\/#breadcrumb\",\"itemListElement\":[{\"@type\":\"ListItem\",\"position\":1,\"name\":\"Kezd\u0151lap\",\"item\":\"https:\\\/\\\/esemineu.ro\\\/hu\\\/\"},{\"@type\":\"ListItem\",\"position\":2,\"name\":\"\u00c1ruh\u00e1z\",\"item\":\"https:\\\/\\\/esemineu.ro\\\/hu\\\/aruhaz\\\/\"},{\"@type\":\"ListItem\",\"position\":3,\"name\":\"Rozsdamentes ac\u00e9l f\u00fcstcs\u0151 pelletkaz\u00e1nhoz, + szilikon t\u00f6m\u00edt\u00e9ssel, 1 m\u00e9ter, D120 mm, 0,5 mm falvastags\u00e1g.\"}]},{\"@type\":\"WebSite\",\"@id\":\"https:\\\/\\\/esemineu.ro\\\/hu\\\/#website\",\"url\":\"https:\\\/\\\/esemineu.ro\\\/hu\\\/\",\"name\":\"eSemineu\",\"description\":\"\u0218eminee de cea mai \u00eenalt\u0103 calitate\",\"potentialAction\":[{\"@type\":\"SearchAction\",\"target\":{\"@type\":\"EntryPoint\",\"urlTemplate\":\"https:\\\/\\\/esemineu.ro\\\/hu\\\/?s={search_term_string}\"},\"query-input\":{\"@type\":\"PropertyValueSpecification\",\"valueRequired\":true,\"valueName\":\"search_term_string\"}}],\"inLanguage\":\"hu\"}]}<\/script>\n<!-- \/ Yoast SEO Premium plugin. -->","yoast_head_json":{"title":"Rozsdamentes ac\u00e9l f\u00fcstcs\u0151 pelletkaz\u00e1nhoz, szilikon t\u00f6m\u00edt\u00e9ssel","description":"Rozsdamentes ac\u00e9l f\u00fcstcs\u0151 pelletkaz\u00e1nhoz, 1 m hossz\u00fa, D120 mm, 0,5 mm falvastags\u00e1g, szilikon t\u00f6m\u00edt\u00e9ssel, biztons\u00e1gos f\u00fcstg\u00e1zelvezet\u00e9shez.","robots":{"index":"index","follow":"follow","max-snippet":"max-snippet:-1","max-image-preview":"max-image-preview:large","max-video-preview":"max-video-preview:-1"},"canonical":"https:\/\/esemineu.ro\/hu\/termek\/rozsdamentes-acel-fustcso-pelletkazanhoz-szilikon-tomitessel-1-meter-d120-mm-05-mm-falvastagsag\/","og_locale":"hu_HU","og_type":"article","og_title":"Rozsdamentes ac\u00e9l f\u00fcstcs\u0151 pelletkaz\u00e1nhoz, szilikon t\u00f6m\u00edt\u00e9ssel","og_description":"Rozsdamentes ac\u00e9l f\u00fcstcs\u0151 pelletkaz\u00e1nhoz, 1 m hossz\u00fa, D120 mm, 0,5 mm falvastags\u00e1g, szilikon t\u00f6m\u00edt\u00e9ssel, biztons\u00e1gos f\u00fcstg\u00e1zelvezet\u00e9shez.","og_url":"https:\/\/esemineu.ro\/hu\/termek\/rozsdamentes-acel-fustcso-pelletkazanhoz-szilikon-tomitessel-1-meter-d120-mm-05-mm-falvastagsag\/","og_site_name":"eSemineu","article_publisher":"https:\/\/web.facebook.com\/eSemineu","article_modified_time":"2025-05-12T11:31:43+00:00","og_image":[{"width":1000,"height":1000,"url":"https:\/\/esemineu.ro\/wp-content\/uploads\/2023\/09\/Burlan-de-1-m-1.jpg","type":"image\/jpeg"}],"twitter_card":"summary_large_image","twitter_misc":{"Becs\u00fclt olvas\u00e1si id\u0151":"2 perc"},"schema":{"@context":"https:\/\/schema.org","@graph":[{"@type":"WebPage","@id":"https:\/\/esemineu.ro\/hu\/termek\/rozsdamentes-acel-fustcso-pelletkazanhoz-szilikon-tomitessel-1-meter-d120-mm-05-mm-falvastagsag\/","url":"https:\/\/esemineu.ro\/hu\/termek\/rozsdamentes-acel-fustcso-pelletkazanhoz-szilikon-tomitessel-1-meter-d120-mm-05-mm-falvastagsag\/","name":"Rozsdamentes ac\u00e9l f\u00fcstcs\u0151 pelletkaz\u00e1nhoz, szilikon t\u00f6m\u00edt\u00e9ssel","isPartOf":{"@id":"https:\/\/esemineu.ro\/hu\/#website"},"primaryImageOfPage":{"@id":"https:\/\/esemineu.ro\/hu\/termek\/rozsdamentes-acel-fustcso-pelletkazanhoz-szilikon-tomitessel-1-meter-d120-mm-05-mm-falvastagsag\/#primaryimage"},"image":{"@id":"https:\/\/esemineu.ro\/hu\/termek\/rozsdamentes-acel-fustcso-pelletkazanhoz-szilikon-tomitessel-1-meter-d120-mm-05-mm-falvastagsag\/#primaryimage"},"thumbnailUrl":"https:\/\/esemineu.ro\/wp-content\/uploads\/2023\/09\/Burlan-de-1-m-1.jpg","datePublished":"2025-05-12T09:53:15+00:00","dateModified":"2025-05-12T11:31:43+00:00","description":"Rozsdamentes ac\u00e9l f\u00fcstcs\u0151 pelletkaz\u00e1nhoz, 1 m hossz\u00fa, D120 mm, 0,5 mm falvastags\u00e1g, szilikon t\u00f6m\u00edt\u00e9ssel, biztons\u00e1gos f\u00fcstg\u00e1zelvezet\u00e9shez.","breadcrumb":{"@id":"https:\/\/esemineu.ro\/hu\/termek\/rozsdamentes-acel-fustcso-pelletkazanhoz-szilikon-tomitessel-1-meter-d120-mm-05-mm-falvastagsag\/#breadcrumb"},"inLanguage":"hu","potentialAction":[{"@type":"ReadAction","target":["https:\/\/esemineu.ro\/hu\/termek\/rozsdamentes-acel-fustcso-pelletkazanhoz-szilikon-tomitessel-1-meter-d120-mm-05-mm-falvastagsag\/"]}]},{"@type":"ImageObject","inLanguage":"hu","@id":"https:\/\/esemineu.ro\/hu\/termek\/rozsdamentes-acel-fustcso-pelletkazanhoz-szilikon-tomitessel-1-meter-d120-mm-05-mm-falvastagsag\/#primaryimage","url":"https:\/\/esemineu.ro\/wp-content\/uploads\/2023\/09\/Burlan-de-1-m-1.jpg","contentUrl":"https:\/\/esemineu.ro\/wp-content\/uploads\/2023\/09\/Burlan-de-1-m-1.jpg","width":1000,"height":1000,"caption":"Szigetelt rozsdamentes f\u00fcstcs\u0151 DP 1M D130\/200"},{"@type":"BreadcrumbList","@id":"https:\/\/esemineu.ro\/hu\/termek\/rozsdamentes-acel-fustcso-pelletkazanhoz-szilikon-tomitessel-1-meter-d120-mm-05-mm-falvastagsag\/#breadcrumb","itemListElement":[{"@type":"ListItem","position":1,"name":"Kezd\u0151lap","item":"https:\/\/esemineu.ro\/hu\/"},{"@type":"ListItem","position":2,"name":"\u00c1ruh\u00e1z","item":"https:\/\/esemineu.ro\/hu\/aruhaz\/"},{"@type":"ListItem","position":3,"name":"Rozsdamentes ac\u00e9l f\u00fcstcs\u0151 pelletkaz\u00e1nhoz, + szilikon t\u00f6m\u00edt\u00e9ssel, 1 m\u00e9ter, D120 mm, 0,5 mm falvastags\u00e1g."}]},{"@type":"WebSite","@id":"https:\/\/esemineu.ro\/hu\/#website","url":"https:\/\/esemineu.ro\/hu\/","name":"eSemineu","description":"\u0218eminee de cea mai \u00eenalt\u0103 calitate","potentialAction":[{"@type":"SearchAction","target":{"@type":"EntryPoint","urlTemplate":"https:\/\/esemineu.ro\/hu\/?s={search_term_string}"},"query-input":{"@type":"PropertyValueSpecification","valueRequired":true,"valueName":"search_term_string"}}],"inLanguage":"hu"}]}},"_links":{"self":[{"href":"https:\/\/esemineu.ro\/hu\/wp-json\/wp\/v2\/product\/29115","targetHints":{"allow":["GET"]}}],"collection":[{"href":"https:\/\/esemineu.ro\/hu\/wp-json\/wp\/v2\/product"}],"about":[{"href":"https:\/\/esemineu.ro\/hu\/wp-json\/wp\/v2\/types\/product"}],"replies":[{"embeddable":true,"href":"https:\/\/esemineu.ro\/hu\/wp-json\/wp\/v2\/comments?post=29115"}],"wp:featuredmedia":[{"embeddable":true,"href":"https:\/\/esemineu.ro\/hu\/wp-json\/wp\/v2\/media\/16908"}],"wp:attachment":[{"href":"https:\/\/esemineu.ro\/hu\/wp-json\/wp\/v2\/media?parent=29115"}],"wp:term":[{"taxonomy":"product_brand","embeddable":true,"href":"https:\/\/esemineu.ro\/hu\/wp-json\/wp\/v2\/product_brand?post=29115"},{"taxonomy":"product_cat","embeddable":true,"href":"https:\/\/esemineu.ro\/hu\/wp-json\/wp\/v2\/product_cat?post=29115"},{"taxonomy":"product_tag","embeddable":true,"href":"https:\/\/esemineu.ro\/hu\/wp-json\/wp\/v2\/product_tag?post=29115"}],"curies":[{"name":"wp","href":"https:\/\/api.w.org\/{rel}","templated":true}]}}