{"id":28913,"date":"2025-04-02T09:45:34","date_gmt":"2025-04-02T07:45:34","guid":{"rendered":"https:\/\/esemineu.ro\/?post_type=product&#038;p=28913"},"modified":"2025-04-14T14:33:32","modified_gmt":"2025-04-14T12:33:32","slug":"fem-grill-kerek-sutolappal-750-mm-atmerovel-fiesta-fefe","status":"publish","type":"product","link":"https:\/\/esemineu.ro\/hu\/termek\/fem-grill-kerek-sutolappal-750-mm-atmerovel-fiesta-fefe\/","title":{"rendered":"F\u00e9m grill kerek s\u00fct\u0151lappal, 750 mm \u00e1tm\u00e9r\u0151vel, Fiesta FEFE"},"content":{"rendered":"<h3 class=\"\" data-start=\"157\" data-end=\"226\"><strong data-start=\"161\" data-end=\"226\">F\u00e9m grill kerek s\u00fct\u0151lappal \u2013 Fiesta FEFE, szabadt\u00e9ri f\u0151z\u00e9shez<\/strong><\/h3>\n<p class=\"\" data-start=\"228\" data-end=\"385\">A <strong data-start=\"230\" data-end=\"260\">f\u00e9m grill kerek s\u00fct\u0151lappal<\/strong> t\u00f6k\u00e9letes v\u00e1laszt\u00e1s szabadt\u00e9ri s\u00fct\u00e9s-f\u0151z\u00e9shez. A Fiesta FEFE modell kiv\u00e1l\u00f3an alkalmas csal\u00e1di vagy bar\u00e1ti \u00f6sszej\u00f6vetelekhez.<\/p>\n<p class=\"\" data-start=\"387\" data-end=\"545\">A s\u00fct\u0151lap 750 mm \u00e1tm\u00e9r\u0151j\u0171, 5 mm vastag ac\u00e9lb\u00f3l k\u00e9sz\u00fcl, \u00edgy ellen\u00e1ll az intenz\u00edv haszn\u00e1latnak. K\u00f6z\u00e9pen 335 mm \u00e1tm\u00e9r\u0151j\u0171 grillr\u00e1cs tal\u00e1lhat\u00f3, h\u00e1rom stabil l\u00e1bon.<\/p>\n<p class=\"\" data-start=\"547\" data-end=\"697\">Ez a kialak\u00edt\u00e1s j\u00f3 l\u00e9g\u00e1raml\u00e1st biztos\u00edt, \u00e9s k\u00f6nny\u0171 hozz\u00e1f\u00e9r\u00e9st enged a t\u0171zh\u00f6z. Az als\u00f3 r\u00e9sz festett ac\u00e9lb\u00f3l k\u00e9sz\u00fcl, f\u00fcgg\u0151leges t\u0171zifat\u00e1rol\u00f3 rekesszel.<\/p>\n<p class=\"\" data-start=\"699\" data-end=\"833\">A k\u00fapos \u00e9g\u00e9st\u00e9r egyenletes h\u0151eloszl\u00e1st ny\u00fajt a s\u00fct\u0151fel\u00fcleten. A<strong data-start=\"763\" data-end=\"793\">\u00a0grill kerek s\u00fct\u0151lappal<\/strong> gyors \u00e9s hat\u00e9kony f\u0151z\u00e9st tesz lehet\u0151v\u00e9.<\/p>\n<p class=\"\" data-start=\"835\" data-end=\"948\">A s\u00fct\u0151lap 870 mm magas, a grill teljes magass\u00e1ga 1025 mm. Ez k\u00e9nyelmes magass\u00e1got jelent hosszabb f\u0151z\u00e9s sor\u00e1n is.<\/p>\n<p class=\"\" data-start=\"950\" data-end=\"1088\">Az alap 550 mm sz\u00e9les \u00e9s 475 mm m\u00e9ly, ami kiv\u00e1l\u00f3 stabilit\u00e1st ad. A grill s\u00falya 43 kg, ez garant\u00e1lja a tart\u00f3ss\u00e1got \u00e9s a stabil haszn\u00e1latot.<\/p>\n<p class=\"\" data-start=\"1090\" data-end=\"1240\">A Fiesta FEFE grill k\u00f6nnyen tiszt\u00edthat\u00f3, \u00edgy ide\u00e1lis v\u00e1laszt\u00e1s b\u00e1rmilyen kerti f\u0151z\u00e9shez. Haszn\u00e1lat el\u0151tt aj\u00e1nlott n\u00f6v\u00e9nyi olajjal bekenni a s\u00fct\u0151lapot.<\/p>\n<p class=\"\" data-start=\"1242\" data-end=\"1361\">A Fiesta FEFE <strong data-start=\"1256\" data-end=\"1286\">grill kerek s\u00fct\u0151lappal<\/strong> ide\u00e1lis grillez\u00e9shez, szabadt\u00e9ri f\u0151z\u00e9shez, csal\u00e1di \u00e9s bar\u00e1ti esem\u00e9nyekhez.<\/p>\n<ul>\n<li class=\"\" data-start=\"63\" data-end=\"82\">\n<p class=\"\" data-start=\"65\" data-end=\"82\"><strong data-start=\"65\" data-end=\"73\">S\u00faly<\/strong>: 43 kg<\/p>\n<\/li>\n<li class=\"\" data-start=\"83\" data-end=\"116\">\n<p class=\"\" data-start=\"85\" data-end=\"116\"><strong data-start=\"85\" data-end=\"96\">M\u00e9retek<\/strong>: 75 \u00d7 75 \u00d7 103 cm<\/p>\n<\/li>\n<li class=\"\" data-start=\"117\" data-end=\"149\">\n<p class=\"\" data-start=\"119\" data-end=\"149\"><strong data-start=\"119\" data-end=\"141\">S\u00fct\u0151lap vastags\u00e1ga<\/strong>: 5 mm<\/p>\n<\/li>\n<li class=\"\" data-start=\"150\" data-end=\"184\">\n<p class=\"\" data-start=\"152\" data-end=\"184\"><strong data-start=\"152\" data-end=\"174\">Grillr\u00e1cs \u00e1tm\u00e9r\u0151je<\/strong>: 335 mm<\/p>\n<\/li>\n<li class=\"\" data-start=\"185\" data-end=\"218\">\n<p class=\"\" data-start=\"187\" data-end=\"218\"><strong data-start=\"187\" data-end=\"208\">Talpr\u00e9sz m\u00e9lys\u00e9ge<\/strong>: 475 mm<\/p>\n<\/li>\n<li class=\"\" data-start=\"219\" data-end=\"254\">\n<p class=\"\" data-start=\"221\" data-end=\"254\"><strong data-start=\"221\" data-end=\"244\">Talpr\u00e9sz sz\u00e9less\u00e9ge<\/strong>: 550 mm<\/p>\n<\/li>\n<li class=\"\" data-start=\"255\" data-end=\"287\">\n<p class=\"\" data-start=\"257\" data-end=\"287\"><strong data-start=\"257\" data-end=\"277\">S\u00fct\u0151lap \u00e1tm\u00e9r\u0151je<\/strong>: 750 mm<\/p>\n<\/li>\n<li class=\"\" data-start=\"288\" data-end=\"306\">\n<p class=\"\" data-start=\"290\" data-end=\"306\"><strong data-start=\"290\" data-end=\"299\">Anyag<\/strong>: F\u00e9m<\/p>\n<\/li>\n<li class=\"\" data-start=\"307\" data-end=\"327\">\n<p class=\"\" data-start=\"309\" data-end=\"327\"><strong data-start=\"309\" data-end=\"321\">Garancia<\/strong>: 2 \u00e9v<\/p>\n<\/li>\n<\/ul>\n<h3 class=\"\" data-start=\"1363\" data-end=\"1389\">Sz\u00e1ll\u00edt\u00e1si inform\u00e1ci\u00f3k<\/h3>\n<p class=\"\" data-start=\"1391\" data-end=\"1588\">A term\u00e9k sz\u00e1ll\u00edt\u00e1sa 2\u20133 munkanapon bel\u00fcl t\u00f6rt\u00e9nik belf\u00f6ld\u00f6n. Eur\u00f3p\u00e1ba 5 munkanap alatt jut el, a fizet\u00e9s visszaigazol\u00e1sa ut\u00e1n. A grill kartondobozban, raklapon ker\u00fcl kisz\u00e1ll\u00edt\u00e1sra, s\u00e9r\u00fcl\u00e9smentesen.<\/p>\n<p class=\"\" data-start=\"1590\" data-end=\"1671\">Tov\u00e1bbi inform\u00e1ci\u00f3k\u00e9rt l\u00e1togass el <a href=\"https:\/\/www.youtube.com\/@esemineuromania\">YouTube<\/a>, <a href=\"https:\/\/www.facebook.com\/eSemineu\">Facebook<\/a> vagy Instagram csatorn\u00e1nkra!<\/p>\n<p class=\"\" data-start=\"1673\" data-end=\"1812\">Fedezd fel tov\u00e1bbi <strong data-start=\"1692\" data-end=\"1722\">grill<\/strong>\u00a0modelljeinket az eSemineu.ro oldalon!<br data-start=\"1760\" data-end=\"1763\" \/><strong data-start=\"1763\" data-end=\"1812\">Te gy\u00fajtod be a t\u00fczet \u2013 mi adjuk a meleget!<\/strong><\/p>\n","protected":false},"excerpt":{"rendered":"<p>F\u00e9m grill kerek s\u00fct\u0151lappal \u2013 Fiesta FEFE, szabadt\u00e9ri f\u0151z\u00e9shez A f\u00e9m grill kerek s\u00fct\u0151lappal t\u00f6k\u00e9letes v\u00e1laszt\u00e1s szabadt\u00e9ri s\u00fct\u00e9s-f\u0151z\u00e9shez. A Fiesta FEFE modell kiv\u00e1l\u00f3an alkalmas csal\u00e1di vagy bar\u00e1ti \u00f6sszej\u00f6vetelekhez. A s\u00fct\u0151lap 750 mm \u00e1tm\u00e9r\u0151j\u0171, 5 mm vastag ac\u00e9lb\u00f3l k\u00e9sz\u00fcl, \u00edgy ellen\u00e1ll az intenz\u00edv haszn\u00e1latnak. K\u00f6z\u00e9pen 335 mm \u00e1tm\u00e9r\u0151j\u0171 grillr\u00e1cs tal\u00e1lhat\u00f3, h\u00e1rom stabil l\u00e1bon. Ez a kialak\u00edt\u00e1s j\u00f3 l\u00e9g\u00e1raml\u00e1st biztos\u00edt, \u00e9s k\u00f6nny\u0171 hozz\u00e1f\u00e9r\u00e9st enged a t\u0171zh\u00f6z. Az als\u00f3 r\u00e9sz festett ac\u00e9lb\u00f3l k\u00e9sz\u00fcl, f\u00fcgg\u0151leges t\u0171zifat\u00e1rol\u00f3 rekesszel. A k\u00fapos \u00e9g\u00e9st\u00e9r egyenletes h\u0151eloszl\u00e1st ny\u00fajt a s\u00fct\u0151fel\u00fcleten. A\u00a0grill kerek s\u00fct\u0151lappal gyors \u00e9s hat\u00e9kony f\u0151z\u00e9st tesz lehet\u0151v\u00e9. A s\u00fct\u0151lap 870 mm magas, a grill teljes magass\u00e1ga 1025 mm. Ez k\u00e9nyelmes magass\u00e1got jelent hosszabb f\u0151z\u00e9s sor\u00e1n is. Az alap 550 mm sz\u00e9les \u00e9s 475 mm m\u00e9ly, ami kiv\u00e1l\u00f3 stabilit\u00e1st ad. A grill s\u00falya 43 kg, ez garant\u00e1lja a tart\u00f3ss\u00e1got \u00e9s a stabil haszn\u00e1latot. A Fiesta FEFE grill k\u00f6nnyen tiszt\u00edthat\u00f3, \u00edgy ide\u00e1lis v\u00e1laszt\u00e1s b\u00e1rmilyen kerti f\u0151z\u00e9shez. Haszn\u00e1lat el\u0151tt aj\u00e1nlott &hellip; <a href=\"https:\/\/esemineu.ro\/hu\/termek\/fem-grill-kerek-sutolappal-750-mm-atmerovel-fiesta-fefe\/\">Folytatva<\/a><\/p>\n","protected":false},"featured_media":28809,"comment_status":"open","ping_status":"closed","template":"","meta":[],"product_brand":[695],"product_cat":[1622,1037],"product_tag":[],"class_list":{"0":"post-28913","1":"product","2":"type-product","3":"status-publish","4":"has-post-thumbnail","6":"product_brand-esemineu","7":"product_cat-grillsutok","8":"product_cat-kerti-sutok","9":"product_shipping_class-grillsutok-kerti-sutok","10":"pa_material-metal-hu","12":"first","13":"instock","14":"shipping-taxable","15":"purchasable","16":"product-type-simple"},"acf":[],"yoast_head":"<!-- This site is optimized with the Yoast SEO Premium plugin v21.0 (Yoast SEO v27.3) - https:\/\/yoast.com\/product\/yoast-seo-premium-wordpress\/ -->\n<title>F\u00e9m grill kerek s\u00fct\u0151lappal, 750 mm \u00e1tm\u00e9r\u0151vel, Fiesta FEFE - eSemineu<\/title>\n<meta name=\"description\" content=\"F\u00e9m grill kerek s\u00fct\u0151lappal szabadt\u00e9ri f\u0151z\u00e9shez\/s\u00fct\u00e9shez. Tart\u00f3s, stabil, 750 mm-es ac\u00e9l s\u00fct\u0151lap, gyors \u00e9s egyenletes h\u0151eloszl\u00e1s. Ide\u00e1lis grillez\u00e9shez!\" \/>\n<meta name=\"robots\" content=\"index, follow, max-snippet:-1, max-image-preview:large, max-video-preview:-1\" \/>\n<link rel=\"canonical\" href=\"https:\/\/esemineu.ro\/hu\/termek\/fem-grill-kerek-sutolappal-750-mm-atmerovel-fiesta-fefe\/\" \/>\n<meta property=\"og:locale\" content=\"hu_HU\" \/>\n<meta property=\"og:type\" content=\"article\" \/>\n<meta property=\"og:title\" content=\"F\u00e9m grill kerek s\u00fct\u0151lappal, 750 mm \u00e1tm\u00e9r\u0151vel, Fiesta FEFE - eSemineu\" \/>\n<meta property=\"og:description\" content=\"F\u00e9m grill kerek s\u00fct\u0151lappal szabadt\u00e9ri f\u0151z\u00e9shez\/s\u00fct\u00e9shez. Tart\u00f3s, stabil, 750 mm-es ac\u00e9l s\u00fct\u0151lap, gyors \u00e9s egyenletes h\u0151eloszl\u00e1s. Ide\u00e1lis grillez\u00e9shez!\" \/>\n<meta property=\"og:url\" content=\"https:\/\/esemineu.ro\/hu\/termek\/fem-grill-kerek-sutolappal-750-mm-atmerovel-fiesta-fefe\/\" \/>\n<meta property=\"og:site_name\" content=\"eSemineu\" \/>\n<meta property=\"article:publisher\" content=\"https:\/\/web.facebook.com\/eSemineu\" \/>\n<meta property=\"article:modified_time\" content=\"2025-04-14T12:33:32+00:00\" \/>\n<meta property=\"og:image\" content=\"https:\/\/esemineu.ro\/wp-content\/uploads\/2025\/04\/grill-fiesta.jpg\" \/>\n\t<meta property=\"og:image:width\" content=\"1000\" \/>\n\t<meta property=\"og:image:height\" content=\"1000\" \/>\n\t<meta property=\"og:image:type\" content=\"image\/jpeg\" \/>\n<meta name=\"twitter:card\" content=\"summary_large_image\" \/>\n<meta name=\"twitter:label1\" content=\"Becs\u00fclt olvas\u00e1si id\u0151\" \/>\n\t<meta name=\"twitter:data1\" content=\"2 perc\" \/>\n<script type=\"application\/ld+json\" class=\"yoast-schema-graph\">{\"@context\":\"https:\\\/\\\/schema.org\",\"@graph\":[{\"@type\":\"WebPage\",\"@id\":\"https:\\\/\\\/esemineu.ro\\\/hu\\\/termek\\\/fem-grill-kerek-sutolappal-750-mm-atmerovel-fiesta-fefe\\\/\",\"url\":\"https:\\\/\\\/esemineu.ro\\\/hu\\\/termek\\\/fem-grill-kerek-sutolappal-750-mm-atmerovel-fiesta-fefe\\\/\",\"name\":\"F\u00e9m grill kerek s\u00fct\u0151lappal, 750 mm \u00e1tm\u00e9r\u0151vel, Fiesta FEFE - eSemineu\",\"isPartOf\":{\"@id\":\"https:\\\/\\\/esemineu.ro\\\/hu\\\/#website\"},\"primaryImageOfPage\":{\"@id\":\"https:\\\/\\\/esemineu.ro\\\/hu\\\/termek\\\/fem-grill-kerek-sutolappal-750-mm-atmerovel-fiesta-fefe\\\/#primaryimage\"},\"image\":{\"@id\":\"https:\\\/\\\/esemineu.ro\\\/hu\\\/termek\\\/fem-grill-kerek-sutolappal-750-mm-atmerovel-fiesta-fefe\\\/#primaryimage\"},\"thumbnailUrl\":\"https:\\\/\\\/esemineu.ro\\\/wp-content\\\/uploads\\\/2025\\\/04\\\/grill-fiesta.jpg\",\"datePublished\":\"2025-04-02T07:45:34+00:00\",\"dateModified\":\"2025-04-14T12:33:32+00:00\",\"description\":\"F\u00e9m grill kerek s\u00fct\u0151lappal szabadt\u00e9ri f\u0151z\u00e9shez\\\/s\u00fct\u00e9shez. Tart\u00f3s, stabil, 750 mm-es ac\u00e9l s\u00fct\u0151lap, gyors \u00e9s egyenletes h\u0151eloszl\u00e1s. Ide\u00e1lis grillez\u00e9shez!\",\"breadcrumb\":{\"@id\":\"https:\\\/\\\/esemineu.ro\\\/hu\\\/termek\\\/fem-grill-kerek-sutolappal-750-mm-atmerovel-fiesta-fefe\\\/#breadcrumb\"},\"inLanguage\":\"hu\",\"potentialAction\":[{\"@type\":\"ReadAction\",\"target\":[\"https:\\\/\\\/esemineu.ro\\\/hu\\\/termek\\\/fem-grill-kerek-sutolappal-750-mm-atmerovel-fiesta-fefe\\\/\"]}]},{\"@type\":\"ImageObject\",\"inLanguage\":\"hu\",\"@id\":\"https:\\\/\\\/esemineu.ro\\\/hu\\\/termek\\\/fem-grill-kerek-sutolappal-750-mm-atmerovel-fiesta-fefe\\\/#primaryimage\",\"url\":\"https:\\\/\\\/esemineu.ro\\\/wp-content\\\/uploads\\\/2025\\\/04\\\/grill-fiesta.jpg\",\"contentUrl\":\"https:\\\/\\\/esemineu.ro\\\/wp-content\\\/uploads\\\/2025\\\/04\\\/grill-fiesta.jpg\",\"width\":1000,\"height\":1000,\"caption\":\"Gratar Metalic cu Plita Rotunda\"},{\"@type\":\"BreadcrumbList\",\"@id\":\"https:\\\/\\\/esemineu.ro\\\/hu\\\/termek\\\/fem-grill-kerek-sutolappal-750-mm-atmerovel-fiesta-fefe\\\/#breadcrumb\",\"itemListElement\":[{\"@type\":\"ListItem\",\"position\":1,\"name\":\"Kezd\u0151lap\",\"item\":\"https:\\\/\\\/esemineu.ro\\\/hu\\\/\"},{\"@type\":\"ListItem\",\"position\":2,\"name\":\"\u00c1ruh\u00e1z\",\"item\":\"https:\\\/\\\/esemineu.ro\\\/hu\\\/aruhaz\\\/\"},{\"@type\":\"ListItem\",\"position\":3,\"name\":\"F\u00e9m grill kerek s\u00fct\u0151lappal, 750 mm \u00e1tm\u00e9r\u0151vel, Fiesta FEFE\"}]},{\"@type\":\"WebSite\",\"@id\":\"https:\\\/\\\/esemineu.ro\\\/hu\\\/#website\",\"url\":\"https:\\\/\\\/esemineu.ro\\\/hu\\\/\",\"name\":\"eSemineu\",\"description\":\"\u0218eminee de cea mai \u00eenalt\u0103 calitate\",\"potentialAction\":[{\"@type\":\"SearchAction\",\"target\":{\"@type\":\"EntryPoint\",\"urlTemplate\":\"https:\\\/\\\/esemineu.ro\\\/hu\\\/?s={search_term_string}\"},\"query-input\":{\"@type\":\"PropertyValueSpecification\",\"valueRequired\":true,\"valueName\":\"search_term_string\"}}],\"inLanguage\":\"hu\"}]}<\/script>\n<!-- \/ Yoast SEO Premium plugin. -->","yoast_head_json":{"title":"F\u00e9m grill kerek s\u00fct\u0151lappal, 750 mm \u00e1tm\u00e9r\u0151vel, Fiesta FEFE - eSemineu","description":"F\u00e9m grill kerek s\u00fct\u0151lappal szabadt\u00e9ri f\u0151z\u00e9shez\/s\u00fct\u00e9shez. Tart\u00f3s, stabil, 750 mm-es ac\u00e9l s\u00fct\u0151lap, gyors \u00e9s egyenletes h\u0151eloszl\u00e1s. Ide\u00e1lis grillez\u00e9shez!","robots":{"index":"index","follow":"follow","max-snippet":"max-snippet:-1","max-image-preview":"max-image-preview:large","max-video-preview":"max-video-preview:-1"},"canonical":"https:\/\/esemineu.ro\/hu\/termek\/fem-grill-kerek-sutolappal-750-mm-atmerovel-fiesta-fefe\/","og_locale":"hu_HU","og_type":"article","og_title":"F\u00e9m grill kerek s\u00fct\u0151lappal, 750 mm \u00e1tm\u00e9r\u0151vel, Fiesta FEFE - eSemineu","og_description":"F\u00e9m grill kerek s\u00fct\u0151lappal szabadt\u00e9ri f\u0151z\u00e9shez\/s\u00fct\u00e9shez. Tart\u00f3s, stabil, 750 mm-es ac\u00e9l s\u00fct\u0151lap, gyors \u00e9s egyenletes h\u0151eloszl\u00e1s. Ide\u00e1lis grillez\u00e9shez!","og_url":"https:\/\/esemineu.ro\/hu\/termek\/fem-grill-kerek-sutolappal-750-mm-atmerovel-fiesta-fefe\/","og_site_name":"eSemineu","article_publisher":"https:\/\/web.facebook.com\/eSemineu","article_modified_time":"2025-04-14T12:33:32+00:00","og_image":[{"width":1000,"height":1000,"url":"https:\/\/esemineu.ro\/wp-content\/uploads\/2025\/04\/grill-fiesta.jpg","type":"image\/jpeg"}],"twitter_card":"summary_large_image","twitter_misc":{"Becs\u00fclt olvas\u00e1si id\u0151":"2 perc"},"schema":{"@context":"https:\/\/schema.org","@graph":[{"@type":"WebPage","@id":"https:\/\/esemineu.ro\/hu\/termek\/fem-grill-kerek-sutolappal-750-mm-atmerovel-fiesta-fefe\/","url":"https:\/\/esemineu.ro\/hu\/termek\/fem-grill-kerek-sutolappal-750-mm-atmerovel-fiesta-fefe\/","name":"F\u00e9m grill kerek s\u00fct\u0151lappal, 750 mm \u00e1tm\u00e9r\u0151vel, Fiesta FEFE - eSemineu","isPartOf":{"@id":"https:\/\/esemineu.ro\/hu\/#website"},"primaryImageOfPage":{"@id":"https:\/\/esemineu.ro\/hu\/termek\/fem-grill-kerek-sutolappal-750-mm-atmerovel-fiesta-fefe\/#primaryimage"},"image":{"@id":"https:\/\/esemineu.ro\/hu\/termek\/fem-grill-kerek-sutolappal-750-mm-atmerovel-fiesta-fefe\/#primaryimage"},"thumbnailUrl":"https:\/\/esemineu.ro\/wp-content\/uploads\/2025\/04\/grill-fiesta.jpg","datePublished":"2025-04-02T07:45:34+00:00","dateModified":"2025-04-14T12:33:32+00:00","description":"F\u00e9m grill kerek s\u00fct\u0151lappal szabadt\u00e9ri f\u0151z\u00e9shez\/s\u00fct\u00e9shez. Tart\u00f3s, stabil, 750 mm-es ac\u00e9l s\u00fct\u0151lap, gyors \u00e9s egyenletes h\u0151eloszl\u00e1s. Ide\u00e1lis grillez\u00e9shez!","breadcrumb":{"@id":"https:\/\/esemineu.ro\/hu\/termek\/fem-grill-kerek-sutolappal-750-mm-atmerovel-fiesta-fefe\/#breadcrumb"},"inLanguage":"hu","potentialAction":[{"@type":"ReadAction","target":["https:\/\/esemineu.ro\/hu\/termek\/fem-grill-kerek-sutolappal-750-mm-atmerovel-fiesta-fefe\/"]}]},{"@type":"ImageObject","inLanguage":"hu","@id":"https:\/\/esemineu.ro\/hu\/termek\/fem-grill-kerek-sutolappal-750-mm-atmerovel-fiesta-fefe\/#primaryimage","url":"https:\/\/esemineu.ro\/wp-content\/uploads\/2025\/04\/grill-fiesta.jpg","contentUrl":"https:\/\/esemineu.ro\/wp-content\/uploads\/2025\/04\/grill-fiesta.jpg","width":1000,"height":1000,"caption":"Gratar Metalic cu Plita Rotunda"},{"@type":"BreadcrumbList","@id":"https:\/\/esemineu.ro\/hu\/termek\/fem-grill-kerek-sutolappal-750-mm-atmerovel-fiesta-fefe\/#breadcrumb","itemListElement":[{"@type":"ListItem","position":1,"name":"Kezd\u0151lap","item":"https:\/\/esemineu.ro\/hu\/"},{"@type":"ListItem","position":2,"name":"\u00c1ruh\u00e1z","item":"https:\/\/esemineu.ro\/hu\/aruhaz\/"},{"@type":"ListItem","position":3,"name":"F\u00e9m grill kerek s\u00fct\u0151lappal, 750 mm \u00e1tm\u00e9r\u0151vel, Fiesta FEFE"}]},{"@type":"WebSite","@id":"https:\/\/esemineu.ro\/hu\/#website","url":"https:\/\/esemineu.ro\/hu\/","name":"eSemineu","description":"\u0218eminee de cea mai \u00eenalt\u0103 calitate","potentialAction":[{"@type":"SearchAction","target":{"@type":"EntryPoint","urlTemplate":"https:\/\/esemineu.ro\/hu\/?s={search_term_string}"},"query-input":{"@type":"PropertyValueSpecification","valueRequired":true,"valueName":"search_term_string"}}],"inLanguage":"hu"}]}},"_links":{"self":[{"href":"https:\/\/esemineu.ro\/hu\/wp-json\/wp\/v2\/product\/28913","targetHints":{"allow":["GET"]}}],"collection":[{"href":"https:\/\/esemineu.ro\/hu\/wp-json\/wp\/v2\/product"}],"about":[{"href":"https:\/\/esemineu.ro\/hu\/wp-json\/wp\/v2\/types\/product"}],"replies":[{"embeddable":true,"href":"https:\/\/esemineu.ro\/hu\/wp-json\/wp\/v2\/comments?post=28913"}],"wp:featuredmedia":[{"embeddable":true,"href":"https:\/\/esemineu.ro\/hu\/wp-json\/wp\/v2\/media\/28809"}],"wp:attachment":[{"href":"https:\/\/esemineu.ro\/hu\/wp-json\/wp\/v2\/media?parent=28913"}],"wp:term":[{"taxonomy":"product_brand","embeddable":true,"href":"https:\/\/esemineu.ro\/hu\/wp-json\/wp\/v2\/product_brand?post=28913"},{"taxonomy":"product_cat","embeddable":true,"href":"https:\/\/esemineu.ro\/hu\/wp-json\/wp\/v2\/product_cat?post=28913"},{"taxonomy":"product_tag","embeddable":true,"href":"https:\/\/esemineu.ro\/hu\/wp-json\/wp\/v2\/product_tag?post=28913"}],"curies":[{"name":"wp","href":"https:\/\/api.w.org\/{rel}","templated":true}]}}