{"id":28596,"date":"2025-03-12T12:11:50","date_gmt":"2025-03-12T10:11:50","guid":{"rendered":"https:\/\/esemineu.ro\/?post_type=product&#038;p=28596"},"modified":"2025-03-12T12:17:16","modified_gmt":"2025-03-12T10:17:16","slug":"heiztech-18kw-acellemez-kazan-biomassza-tuzeleshez-msbm","status":"publish","type":"product","link":"https:\/\/esemineu.ro\/hu\/termek\/heiztech-18kw-acellemez-kazan-biomassza-tuzeleshez-msbm\/","title":{"rendered":"HeizTech 18kW Ac\u00e9llemez Kaz\u00e1n, Biomassza t\u00fczel\u00e9shez MSBM"},"content":{"rendered":"<div class=\"flex max-w-full flex-col flex-grow\">\n<div class=\"min-h-8 text-message relative flex w-full flex-col items-end gap-2 whitespace-normal break-words text-start [.text-message+&amp;]:mt-5\" dir=\"auto\" data-message-author-role=\"assistant\" data-message-id=\"fc0fbc49-172b-48c9-a90e-7ca7b6e0006f\" data-message-model-slug=\"gpt-4o\">\n<div class=\"flex w-full flex-col gap-1 empty:hidden first:pt-[3px]\">\n<div class=\"markdown prose w-full break-words dark:prose-invert light\">\n<h1 data-start=\"0\" data-end=\"67\"><strong data-start=\"2\" data-end=\"65\">HeizTech 18kW Ac\u00e9llemez Kaz\u00e1n \u2013 Hat\u00e9kony F\u0171t\u00e9s Biomassz\u00e1val<\/strong><\/h1>\n<p data-start=\"69\" data-end=\"217\">A <strong data-start=\"71\" data-end=\"104\">HeizTech 18kW ac\u00e9llemez kaz\u00e1n<\/strong> kiv\u00e1l\u00f3 v\u00e1laszt\u00e1s biomassza t\u00fczel\u00e9shez. Egyszer\u0171 m\u0171k\u00f6d\u00e9s, gazdas\u00e1gos \u00fczemeltet\u00e9s \u00e9s magas hat\u00e9konys\u00e1g jellemzi.<\/p>\n<hr data-start=\"219\" data-end=\"222\" \/>\n<h2 data-start=\"224\" data-end=\"247\"><strong data-start=\"227\" data-end=\"245\">F\u0151bb jellemz\u0151k<\/strong><\/h2>\n<ul data-start=\"249\" data-end=\"944\">\n<li data-start=\"249\" data-end=\"322\"><strong data-start=\"251\" data-end=\"278\">Maxim\u00e1lis teljes\u00edtm\u00e9ny:<\/strong> <strong data-start=\"279\" data-end=\"288\">18 kW<\/strong>, kiv\u00e1l\u00f3 hat\u00e9konys\u00e1got biztos\u00edt.<\/li>\n<li data-start=\"323\" data-end=\"393\"><strong data-start=\"325\" data-end=\"341\">Hat\u00e9konys\u00e1g:<\/strong> <strong data-start=\"342\" data-end=\"349\">77%<\/strong>, alacsony t\u00fczel\u0151anyag-fogyaszt\u00e1s mellett.<\/li>\n<li data-start=\"394\" data-end=\"466\"><strong data-start=\"396\" data-end=\"415\">\u00c9g\u00e9st\u00e9r anyaga:<\/strong> <strong data-start=\"416\" data-end=\"441\">5 mm vastag ac\u00e9llemez<\/strong>, hossz\u00fa \u00e9lettartammal.<\/li>\n<li data-start=\"467\" data-end=\"524\"><strong data-start=\"469\" data-end=\"486\">V\u00edzkapacit\u00e1s:<\/strong> <strong data-start=\"487\" data-end=\"499\">50 liter<\/strong>, optim\u00e1lis h\u0151cser\u00e9vel.<\/li>\n<li data-start=\"525\" data-end=\"591\"><strong data-start=\"527\" data-end=\"554\">Maxim\u00e1lis \u00fczemi nyom\u00e1s:<\/strong> <strong data-start=\"555\" data-end=\"564\">2 bar<\/strong>, biztons\u00e1gos m\u0171k\u00f6d\u00e9shez.<\/li>\n<li data-start=\"592\" data-end=\"664\"><strong data-start=\"594\" data-end=\"623\">Maxim\u00e1lis v\u00edzh\u0151m\u00e9rs\u00e9klet:<\/strong> <strong data-start=\"624\" data-end=\"632\">90\u00b0C<\/strong>, hat\u00e9kony f\u0171t\u00e9si rendszerhez.<\/li>\n<li data-start=\"665\" data-end=\"734\"><strong data-start=\"667\" data-end=\"681\">Ajt\u00f3m\u00e9ret:<\/strong> <strong data-start=\"682\" data-end=\"696\">320&#215;280 mm<\/strong>, k\u00e9nyelmes t\u00fczel\u0151anyag-bet\u00f6lt\u00e9shez.<\/li>\n<li data-start=\"735\" data-end=\"811\"><strong data-start=\"737\" data-end=\"765\">K\u00e9m\u00e9nycsatlakoz\u00f3 \u00e1tm\u00e9r\u0151:<\/strong> <strong data-start=\"766\" data-end=\"776\">150 mm<\/strong>, megfelel\u0151 f\u00fcstg\u00e1z-elvezet\u00e9shez.<\/li>\n<li data-start=\"812\" data-end=\"887\"><strong data-start=\"814\" data-end=\"826\">M\u00e9retek:<\/strong> <strong data-start=\"827\" data-end=\"884\">Magass\u00e1g: 1288 mm, Sz\u00e9less\u00e9g: 462 mm, M\u00e9lys\u00e9g: 520 mm<\/strong>.<\/li>\n<li data-start=\"888\" data-end=\"944\"><strong data-start=\"890\" data-end=\"900\">T\u00f6meg:<\/strong> <strong data-start=\"901\" data-end=\"911\">173 kg<\/strong>, stabil \u00e9s massz\u00edv kialak\u00edt\u00e1s.<\/li>\n<\/ul>\n<hr data-start=\"946\" data-end=\"949\" \/>\n<h2 data-start=\"951\" data-end=\"989\"><strong data-start=\"954\" data-end=\"987\">Kaz\u00e1n kialak\u00edt\u00e1sa \u00e9s m\u0171k\u00f6d\u00e9se<\/strong><\/h2>\n<p data-start=\"991\" data-end=\"1155\">A HeizTech kaz\u00e1nok <strong data-start=\"1010\" data-end=\"1050\">egykamr\u00e1s, el\u00f6lr\u0151l t\u00f6rt\u00e9n\u0151 bet\u00f6lt\u00e9s\u0171<\/strong> rendszerrel m\u0171k\u00f6dnek. Az \u00e9g\u00e9st\u00e9r <strong data-start=\"1084\" data-end=\"1129\">hajl\u00edtott, hegesztett ac\u00e9llemezb\u0151l k\u00e9sz\u00fcl<\/strong>, n\u00f6velve a tart\u00f3ss\u00e1got.<\/p>\n<ul data-start=\"1157\" data-end=\"1390\">\n<li data-start=\"1157\" data-end=\"1245\"><strong data-start=\"1159\" data-end=\"1178\">Ac\u00e9llemez ajt\u00f3k<\/strong>, biztos\u00edtj\u00e1k az egyszer\u0171 t\u00fczel\u0151anyag-bet\u00f6lt\u00e9st \u00e9s karbantart\u00e1st.<\/li>\n<li data-start=\"1246\" data-end=\"1322\"><strong data-start=\"1248\" data-end=\"1269\">Leveg\u0151szab\u00e1lyoz\u00e1s<\/strong>, optimaliz\u00e1lja az \u00e9g\u00e9st \u00e9s n\u00f6veli a hat\u00e9konys\u00e1got.<\/li>\n<li data-start=\"1323\" data-end=\"1390\"><strong data-start=\"1325\" data-end=\"1342\">Kompakt m\u00e9ret<\/strong>, k\u00f6nny\u0171 be\u00e9p\u00edt\u00e9s \u00e9s helytakar\u00e9kos kialak\u00edt\u00e1s.<\/li>\n<\/ul>\n<hr data-start=\"1392\" data-end=\"1395\" \/>\n<h2 data-start=\"1397\" data-end=\"1428\"><strong data-start=\"1400\" data-end=\"1426\">Opcion\u00e1lis kieg\u00e9sz\u00edt\u0151k<\/strong><\/h2>\n<p data-start=\"1430\" data-end=\"1522\">A HeizTech kaz\u00e1nhoz k\u00fcl\u00f6nb\u00f6z\u0151 <strong data-start=\"1460\" data-end=\"1506\">biztons\u00e1gi \u00e9s hat\u00e9konys\u00e1gn\u00f6vel\u0151 tartoz\u00e9kok<\/strong> v\u00e1s\u00e1rolhat\u00f3k.<\/p>\n<ul data-start=\"1524\" data-end=\"2264\">\n<li data-start=\"1524\" data-end=\"1579\"><strong data-start=\"1526\" data-end=\"1547\">Biztons\u00e1gi szelep<\/strong>, megakad\u00e1lyozza a t\u00falnyom\u00e1st.<\/li>\n<li data-start=\"1580\" data-end=\"1666\"><strong data-start=\"1582\" data-end=\"1628\">Szivatty\u00fas f\u0171t\u00e9si rendszerekhez termoszt\u00e1t<\/strong>, pontos h\u0151m\u00e9rs\u00e9klet-szab\u00e1lyoz\u00e1s\u00e9rt.<\/li>\n<li data-start=\"1667\" data-end=\"1734\"><strong data-start=\"1669\" data-end=\"1691\">F\u00fcstcs\u00f6vek ac\u00e9lb\u00f3l<\/strong>, a hat\u00e9kony f\u00fcstg\u00e1z-elvezet\u00e9s \u00e9rdek\u00e9ben.<\/li>\n<li data-start=\"1735\" data-end=\"1970\"><strong data-start=\"1737\" data-end=\"1773\">HeizTech kaz\u00e1n telep\u00edt\u00e9si csomag<\/strong>, tartalmaz:\n<ul data-start=\"1790\" data-end=\"1970\">\n<li data-start=\"1790\" data-end=\"1824\"><strong data-start=\"1792\" data-end=\"1821\">1 db keringet\u0151 szivatty\u00fat<\/strong>,<\/li>\n<li data-start=\"1827\" data-end=\"1863\"><strong data-start=\"1829\" data-end=\"1860\">1 db szivatty\u00fa-termoszt\u00e1tot<\/strong>,<\/li>\n<li data-start=\"1866\" data-end=\"1895\"><strong data-start=\"1868\" data-end=\"1892\">1 db huzatszab\u00e1lyz\u00f3t<\/strong>,<\/li>\n<li data-start=\"1898\" data-end=\"1970\"><strong data-start=\"1900\" data-end=\"1967\">1 db 3 j\u00e1rat\u00fa szelep a visszat\u00e9r\u0151 v\u00edz h\u0151m\u00e9rs\u00e9klet\u00e9nek emel\u00e9s\u00e9re<\/strong>.<\/li>\n<\/ul>\n<\/li>\n<li data-start=\"1971\" data-end=\"2136\"><strong data-start=\"1973\" data-end=\"1994\">Biztons\u00e1gi csomag<\/strong>, amely tartalmazza:\n<ul data-start=\"2019\" data-end=\"2136\">\n<li data-start=\"2019\" data-end=\"2061\"><strong data-start=\"2021\" data-end=\"2058\">1 db 2 bar-os biztons\u00e1gi szelepet<\/strong>,<\/li>\n<li data-start=\"2064\" data-end=\"2095\"><strong data-start=\"2066\" data-end=\"2092\">1 db h\u0151kiold\u00f3 szelepet<\/strong>,<\/li>\n<li data-start=\"2098\" data-end=\"2136\"><strong data-start=\"2100\" data-end=\"2133\">1 db nyom\u00e1scs\u00f6kkent\u0151 szelepet<\/strong>.<\/li>\n<\/ul>\n<\/li>\n<li data-start=\"2137\" data-end=\"2203\"><strong data-start=\"2139\" data-end=\"2180\">Sz\u00fcnetmentes t\u00e1pegys\u00e9g \u00e9s akkumul\u00e1tor<\/strong>, \u00e1ramsz\u00fcnet eset\u00e9re.<\/li>\n<li data-start=\"2204\" data-end=\"2264\"><strong data-start=\"2206\" data-end=\"2230\">GUDRONEX tiszt\u00edt\u00f3por<\/strong>, az \u00e9g\u00e9st\u00e9r tiszt\u00e1n tart\u00e1s\u00e1hoz.<\/li>\n<\/ul>\n<hr data-start=\"2266\" data-end=\"2269\" \/>\n<h2 data-start=\"2271\" data-end=\"2318\"><strong data-start=\"2274\" data-end=\"2316\">Mi\u00e9rt v\u00e1lassza a HeizTech 18kW kaz\u00e1nt?<\/strong><\/h2>\n<ul data-start=\"2320\" data-end=\"2654\">\n<li data-start=\"2320\" data-end=\"2390\"><strong data-start=\"2322\" data-end=\"2360\">Egyszer\u0171 \u00e9s gazdas\u00e1gos \u00fczemeltet\u00e9s<\/strong>, minim\u00e1lis karbantart\u00e1ssal.<\/li>\n<li data-start=\"2391\" data-end=\"2444\"><strong data-start=\"2393\" data-end=\"2441\">Nagy hat\u00e9konys\u00e1g \u00e9s energiatakar\u00e9kos m\u0171k\u00f6d\u00e9s<\/strong>.<\/li>\n<li data-start=\"2445\" data-end=\"2513\"><strong data-start=\"2447\" data-end=\"2491\">Massz\u00edv, 5 mm vastag ac\u00e9llemez szerkezet<\/strong>, hossz\u00fa \u00e9lettartam.<\/li>\n<li data-start=\"2514\" data-end=\"2587\"><strong data-start=\"2516\" data-end=\"2553\">K\u00f6rnyezetbar\u00e1t t\u00fczel\u00e9si lehet\u0151s\u00e9g<\/strong>, biomassza t\u00fczel\u00e9shez tervezve.<\/li>\n<li data-start=\"2588\" data-end=\"2654\"><strong data-start=\"2590\" data-end=\"2619\">Sz\u00e9lesk\u00f6r\u0171 kompatibilit\u00e1s<\/strong>, k\u00fcl\u00f6nb\u00f6z\u0151 f\u0171t\u00e9si rendszerekkel.<\/li>\n<\/ul>\n<hr data-start=\"2656\" data-end=\"2659\" \/>\n<h2 data-start=\"2661\" data-end=\"2721\"><strong data-start=\"2664\" data-end=\"2719\">F\u0171ts\u00f6n hat\u00e9konyan \u00e9s takar\u00e9kosan HeizTech kaz\u00e1nnal!<\/strong><\/h2>\n<p data-start=\"2723\" data-end=\"2899\">A HeizTech <strong data-start=\"2734\" data-end=\"2758\">18kW biomassza kaz\u00e1n<\/strong> egy <strong data-start=\"2763\" data-end=\"2806\">megb\u00edzhat\u00f3, tart\u00f3s \u00e9s hat\u00e9kony megold\u00e1s<\/strong> f\u0171t\u00e9sre. Kiv\u00e1l\u00f3 v\u00e1laszt\u00e1s csal\u00e1di h\u00e1zak, gazdas\u00e1gok \u00e9s kisebb ipari l\u00e9tes\u00edtm\u00e9nyek sz\u00e1m\u00e1ra.<\/p>\n<p data-start=\"2901\" data-end=\"2973\" data-is-last-node=\"\" data-is-only-node=\"\"><strong data-start=\"2901\" data-end=\"2973\" data-is-last-node=\"\">Rendelje meg most, \u00e9s \u00e9lvezze a hat\u00e9kony, gazdas\u00e1gos f\u0171t\u00e9s el\u0151nyeit<br \/>\n<\/strong><\/p>\n<h6>Sz\u00e1ll\u00edt\u00e1si hat\u00e1rid\u0151:<\/h6>\n<ul>\n<li><strong>Magyarorsz\u00e1g \u00e9s az eg\u00e9sz Eur\u00f3pai Uni\u00f3 ter\u00fclet\u00e9n<\/strong>\u00a0is sz\u00e1ll\u00edtjuk.<\/li>\n<li>Rom\u00e1ni\u00e1ba 2-3 munkanap alatt sz\u00e1ll\u00edtjuk<\/li>\n<li>Magyarorsz\u00e1gra \u00e9s az EU ter\u00fclet\u00e9re az \u00e1tutal\u00e1s ut\u00e1n 5 munkanapon bel\u00fcl \u00e9rkezik meg a term\u00e9k.<\/li>\n<\/ul>\n<p>Ha b\u00e1rmilyen k\u00e9rd\u00e9se van, k\u00e9rj\u00fck, l\u00e9pjen kapcsolatba vel\u00fcnk.<\/p>\n<p>Tov\u00e1bbi aj\u00e1nlatok\u00e9rt kattintson\u00a0<a href=\"https:\/\/esemineu.ro\/hu\/termek-kategoria\/acel-fatuzelesu-kazan\/\">ide<\/a><\/p>\n<p>T\u0151bb inform\u00e1ci\u00f3\u00e9rt l\u00e1togasson el\u00a0<a href=\"https:\/\/www.youtube.com\/@esemineuromania\">YouTube<\/a>-csatorn\u00e1nkra, valamint\u00a0<a href=\"https:\/\/www.facebook.com\/eSemineu\">Facebook<\/a>\u00a0\u00e9s\u00a0<a href=\"https:\/\/www.instagram.com\/esemineu\/\">Instagram<\/a>\u00a0oldalainkra.<\/p>\n<p><a href=\"https:\/\/esemineu.ro\/\">eSemineu.ro<\/a>\u00a0 \u00a0Te rakod a t\u0171zet, mi adjuk a meleget!<\/p>\n<p data-start=\"2901\" data-end=\"2973\" data-is-last-node=\"\" data-is-only-node=\"\"><strong data-start=\"2901\" data-end=\"2973\" data-is-last-node=\"\">\u00a0<\/strong><\/p>\n<\/div>\n<\/div>\n<\/div>\n<\/div>\n","protected":false},"excerpt":{"rendered":"<p>HeizTech 18kW Ac\u00e9llemez Kaz\u00e1n \u2013 Hat\u00e9kony F\u0171t\u00e9s Biomassz\u00e1val A HeizTech 18kW ac\u00e9llemez kaz\u00e1n kiv\u00e1l\u00f3 v\u00e1laszt\u00e1s biomassza t\u00fczel\u00e9shez. Egyszer\u0171 m\u0171k\u00f6d\u00e9s, gazdas\u00e1gos \u00fczemeltet\u00e9s \u00e9s magas hat\u00e9konys\u00e1g jellemzi. F\u0151bb jellemz\u0151k Maxim\u00e1lis teljes\u00edtm\u00e9ny: 18 kW, kiv\u00e1l\u00f3 hat\u00e9konys\u00e1got biztos\u00edt. Hat\u00e9konys\u00e1g: 77%, alacsony t\u00fczel\u0151anyag-fogyaszt\u00e1s mellett. \u00c9g\u00e9st\u00e9r anyaga: 5 mm vastag ac\u00e9llemez, hossz\u00fa \u00e9lettartammal. V\u00edzkapacit\u00e1s: 50 liter, optim\u00e1lis h\u0151cser\u00e9vel. Maxim\u00e1lis \u00fczemi nyom\u00e1s: 2 bar, biztons\u00e1gos m\u0171k\u00f6d\u00e9shez. Maxim\u00e1lis v\u00edzh\u0151m\u00e9rs\u00e9klet: 90\u00b0C, hat\u00e9kony f\u0171t\u00e9si rendszerhez. Ajt\u00f3m\u00e9ret: 320&#215;280 mm, k\u00e9nyelmes t\u00fczel\u0151anyag-bet\u00f6lt\u00e9shez. K\u00e9m\u00e9nycsatlakoz\u00f3 \u00e1tm\u00e9r\u0151: 150 mm, megfelel\u0151 f\u00fcstg\u00e1z-elvezet\u00e9shez. M\u00e9retek: Magass\u00e1g: 1288 mm, Sz\u00e9less\u00e9g: 462 mm, M\u00e9lys\u00e9g: 520 mm. T\u00f6meg: 173 kg, stabil \u00e9s massz\u00edv kialak\u00edt\u00e1s. Kaz\u00e1n kialak\u00edt\u00e1sa \u00e9s m\u0171k\u00f6d\u00e9se A HeizTech kaz\u00e1nok egykamr\u00e1s, el\u00f6lr\u0151l t\u00f6rt\u00e9n\u0151 bet\u00f6lt\u00e9s\u0171 rendszerrel m\u0171k\u00f6dnek. Az \u00e9g\u00e9st\u00e9r hajl\u00edtott, hegesztett ac\u00e9llemezb\u0151l k\u00e9sz\u00fcl, n\u00f6velve a tart\u00f3ss\u00e1got. Ac\u00e9llemez ajt\u00f3k, biztos\u00edtj\u00e1k az egyszer\u0171 t\u00fczel\u0151anyag-bet\u00f6lt\u00e9st \u00e9s karbantart\u00e1st. Leveg\u0151szab\u00e1lyoz\u00e1s, optimaliz\u00e1lja az \u00e9g\u00e9st \u00e9s n\u00f6veli a hat\u00e9konys\u00e1got. Kompakt m\u00e9ret, k\u00f6nny\u0171 be\u00e9p\u00edt\u00e9s \u00e9s helytakar\u00e9kos kialak\u00edt\u00e1s. Opcion\u00e1lis kieg\u00e9sz\u00edt\u0151k A HeizTech kaz\u00e1nhoz k\u00fcl\u00f6nb\u00f6z\u0151 biztons\u00e1gi \u00e9s hat\u00e9konys\u00e1gn\u00f6vel\u0151 tartoz\u00e9kok v\u00e1s\u00e1rolhat\u00f3k. Biztons\u00e1gi &hellip; <a href=\"https:\/\/esemineu.ro\/hu\/termek\/heiztech-18kw-acellemez-kazan-biomassza-tuzeleshez-msbm\/\">Folytatva<\/a><\/p>\n","protected":false},"featured_media":28589,"comment_status":"open","ping_status":"closed","template":"","meta":[],"product_brand":[2095],"product_cat":[1481,1484],"product_tag":[],"class_list":{"0":"post-28596","1":"product","2":"type-product","3":"status-publish","4":"has-post-thumbnail","6":"product_brand-heiztech","7":"product_cat-acel-kazanok-es-kiegeszitok","8":"product_cat-vegyestuzelesu-acel-kazanok","9":"product_shipping_class-acel-fatuzelesu-kazan","10":"pa_diametru-racordului-la-cos-150-mm-hu","11":"pa_presiune-maxima-de-lucru-2-bar-hu","12":"pa_putere-18-kw","13":"pa_temperatura-maxima-90-c-hu","15":"first","16":"onbackorder","17":"shipping-taxable","18":"purchasable","19":"product-type-simple"},"acf":[],"yoast_head":"<!-- This site is optimized with the Yoast SEO Premium plugin v21.0 (Yoast SEO v27.3) - https:\/\/yoast.com\/product\/yoast-seo-premium-wordpress\/ -->\n<title>HeizTech 18kW Ac\u00e9llemez Kaz\u00e1n, Biomassza t\u00fczel\u00e9shez MSBM - eSemineu<\/title>\n<meta name=\"description\" content=\"HeizTech 18kW ac\u00e9llemez kaz\u00e1n biomassza t\u00fczel\u00e9shez. Gazdas\u00e1gos, hat\u00e9kony \u00e9s tart\u00f3s f\u0171t\u00e9si megold\u00e1s. Fedezze fel a kiv\u00e1l\u00f3 teljes\u00edtm\u00e9nyt \u00e9s megb\u00edzhat\u00f3s\u00e1got!\" \/>\n<meta name=\"robots\" content=\"index, follow, max-snippet:-1, max-image-preview:large, max-video-preview:-1\" \/>\n<link rel=\"canonical\" href=\"https:\/\/esemineu.ro\/hu\/termek\/heiztech-18kw-acellemez-kazan-biomassza-tuzeleshez-msbm\/\" \/>\n<meta property=\"og:locale\" content=\"hu_HU\" \/>\n<meta property=\"og:type\" content=\"article\" \/>\n<meta property=\"og:title\" content=\"HeizTech 18kW Ac\u00e9llemez Kaz\u00e1n, Biomassza t\u00fczel\u00e9shez MSBM - eSemineu\" \/>\n<meta property=\"og:description\" content=\"HeizTech 18kW ac\u00e9llemez kaz\u00e1n biomassza t\u00fczel\u00e9shez. Gazdas\u00e1gos, hat\u00e9kony \u00e9s tart\u00f3s f\u0171t\u00e9si megold\u00e1s. Fedezze fel a kiv\u00e1l\u00f3 teljes\u00edtm\u00e9nyt \u00e9s megb\u00edzhat\u00f3s\u00e1got!\" \/>\n<meta property=\"og:url\" content=\"https:\/\/esemineu.ro\/hu\/termek\/heiztech-18kw-acellemez-kazan-biomassza-tuzeleshez-msbm\/\" \/>\n<meta property=\"og:site_name\" content=\"eSemineu\" \/>\n<meta property=\"article:publisher\" content=\"https:\/\/web.facebook.com\/eSemineu\" \/>\n<meta property=\"article:modified_time\" content=\"2025-03-12T10:17:16+00:00\" \/>\n<meta property=\"og:image\" content=\"https:\/\/esemineu.ro\/wp-content\/uploads\/2025\/03\/18kw-heiztech-cazan.jpg\" \/>\n\t<meta property=\"og:image:width\" content=\"1000\" \/>\n\t<meta property=\"og:image:height\" content=\"1000\" \/>\n\t<meta property=\"og:image:type\" content=\"image\/jpeg\" \/>\n<meta name=\"twitter:card\" content=\"summary_large_image\" \/>\n<meta name=\"twitter:label1\" content=\"Becs\u00fclt olvas\u00e1si id\u0151\" \/>\n\t<meta name=\"twitter:data1\" content=\"3 perc\" \/>\n<script type=\"application\/ld+json\" class=\"yoast-schema-graph\">{\"@context\":\"https:\\\/\\\/schema.org\",\"@graph\":[{\"@type\":\"WebPage\",\"@id\":\"https:\\\/\\\/esemineu.ro\\\/hu\\\/termek\\\/heiztech-18kw-acellemez-kazan-biomassza-tuzeleshez-msbm\\\/\",\"url\":\"https:\\\/\\\/esemineu.ro\\\/hu\\\/termek\\\/heiztech-18kw-acellemez-kazan-biomassza-tuzeleshez-msbm\\\/\",\"name\":\"HeizTech 18kW Ac\u00e9llemez Kaz\u00e1n, Biomassza t\u00fczel\u00e9shez MSBM - eSemineu\",\"isPartOf\":{\"@id\":\"https:\\\/\\\/esemineu.ro\\\/hu\\\/#website\"},\"primaryImageOfPage\":{\"@id\":\"https:\\\/\\\/esemineu.ro\\\/hu\\\/termek\\\/heiztech-18kw-acellemez-kazan-biomassza-tuzeleshez-msbm\\\/#primaryimage\"},\"image\":{\"@id\":\"https:\\\/\\\/esemineu.ro\\\/hu\\\/termek\\\/heiztech-18kw-acellemez-kazan-biomassza-tuzeleshez-msbm\\\/#primaryimage\"},\"thumbnailUrl\":\"https:\\\/\\\/esemineu.ro\\\/wp-content\\\/uploads\\\/2025\\\/03\\\/18kw-heiztech-cazan.jpg\",\"datePublished\":\"2025-03-12T10:11:50+00:00\",\"dateModified\":\"2025-03-12T10:17:16+00:00\",\"description\":\"HeizTech 18kW ac\u00e9llemez kaz\u00e1n biomassza t\u00fczel\u00e9shez. Gazdas\u00e1gos, hat\u00e9kony \u00e9s tart\u00f3s f\u0171t\u00e9si megold\u00e1s. Fedezze fel a kiv\u00e1l\u00f3 teljes\u00edtm\u00e9nyt \u00e9s megb\u00edzhat\u00f3s\u00e1got!\",\"breadcrumb\":{\"@id\":\"https:\\\/\\\/esemineu.ro\\\/hu\\\/termek\\\/heiztech-18kw-acellemez-kazan-biomassza-tuzeleshez-msbm\\\/#breadcrumb\"},\"inLanguage\":\"hu\",\"potentialAction\":[{\"@type\":\"ReadAction\",\"target\":[\"https:\\\/\\\/esemineu.ro\\\/hu\\\/termek\\\/heiztech-18kw-acellemez-kazan-biomassza-tuzeleshez-msbm\\\/\"]}]},{\"@type\":\"ImageObject\",\"inLanguage\":\"hu\",\"@id\":\"https:\\\/\\\/esemineu.ro\\\/hu\\\/termek\\\/heiztech-18kw-acellemez-kazan-biomassza-tuzeleshez-msbm\\\/#primaryimage\",\"url\":\"https:\\\/\\\/esemineu.ro\\\/wp-content\\\/uploads\\\/2025\\\/03\\\/18kw-heiztech-cazan.jpg\",\"contentUrl\":\"https:\\\/\\\/esemineu.ro\\\/wp-content\\\/uploads\\\/2025\\\/03\\\/18kw-heiztech-cazan.jpg\",\"width\":1000,\"height\":1000},{\"@type\":\"BreadcrumbList\",\"@id\":\"https:\\\/\\\/esemineu.ro\\\/hu\\\/termek\\\/heiztech-18kw-acellemez-kazan-biomassza-tuzeleshez-msbm\\\/#breadcrumb\",\"itemListElement\":[{\"@type\":\"ListItem\",\"position\":1,\"name\":\"Kezd\u0151lap\",\"item\":\"https:\\\/\\\/esemineu.ro\\\/hu\\\/\"},{\"@type\":\"ListItem\",\"position\":2,\"name\":\"\u00c1ruh\u00e1z\",\"item\":\"https:\\\/\\\/esemineu.ro\\\/hu\\\/aruhaz\\\/\"},{\"@type\":\"ListItem\",\"position\":3,\"name\":\"HeizTech 18kW Ac\u00e9llemez Kaz\u00e1n, Biomassza t\u00fczel\u00e9shez MSBM\"}]},{\"@type\":\"WebSite\",\"@id\":\"https:\\\/\\\/esemineu.ro\\\/hu\\\/#website\",\"url\":\"https:\\\/\\\/esemineu.ro\\\/hu\\\/\",\"name\":\"eSemineu\",\"description\":\"\u0218eminee de cea mai \u00eenalt\u0103 calitate\",\"potentialAction\":[{\"@type\":\"SearchAction\",\"target\":{\"@type\":\"EntryPoint\",\"urlTemplate\":\"https:\\\/\\\/esemineu.ro\\\/hu\\\/?s={search_term_string}\"},\"query-input\":{\"@type\":\"PropertyValueSpecification\",\"valueRequired\":true,\"valueName\":\"search_term_string\"}}],\"inLanguage\":\"hu\"}]}<\/script>\n<!-- \/ Yoast SEO Premium plugin. -->","yoast_head_json":{"title":"HeizTech 18kW Ac\u00e9llemez Kaz\u00e1n, Biomassza t\u00fczel\u00e9shez MSBM - eSemineu","description":"HeizTech 18kW ac\u00e9llemez kaz\u00e1n biomassza t\u00fczel\u00e9shez. Gazdas\u00e1gos, hat\u00e9kony \u00e9s tart\u00f3s f\u0171t\u00e9si megold\u00e1s. Fedezze fel a kiv\u00e1l\u00f3 teljes\u00edtm\u00e9nyt \u00e9s megb\u00edzhat\u00f3s\u00e1got!","robots":{"index":"index","follow":"follow","max-snippet":"max-snippet:-1","max-image-preview":"max-image-preview:large","max-video-preview":"max-video-preview:-1"},"canonical":"https:\/\/esemineu.ro\/hu\/termek\/heiztech-18kw-acellemez-kazan-biomassza-tuzeleshez-msbm\/","og_locale":"hu_HU","og_type":"article","og_title":"HeizTech 18kW Ac\u00e9llemez Kaz\u00e1n, Biomassza t\u00fczel\u00e9shez MSBM - eSemineu","og_description":"HeizTech 18kW ac\u00e9llemez kaz\u00e1n biomassza t\u00fczel\u00e9shez. Gazdas\u00e1gos, hat\u00e9kony \u00e9s tart\u00f3s f\u0171t\u00e9si megold\u00e1s. Fedezze fel a kiv\u00e1l\u00f3 teljes\u00edtm\u00e9nyt \u00e9s megb\u00edzhat\u00f3s\u00e1got!","og_url":"https:\/\/esemineu.ro\/hu\/termek\/heiztech-18kw-acellemez-kazan-biomassza-tuzeleshez-msbm\/","og_site_name":"eSemineu","article_publisher":"https:\/\/web.facebook.com\/eSemineu","article_modified_time":"2025-03-12T10:17:16+00:00","og_image":[{"width":1000,"height":1000,"url":"https:\/\/esemineu.ro\/wp-content\/uploads\/2025\/03\/18kw-heiztech-cazan.jpg","type":"image\/jpeg"}],"twitter_card":"summary_large_image","twitter_misc":{"Becs\u00fclt olvas\u00e1si id\u0151":"3 perc"},"schema":{"@context":"https:\/\/schema.org","@graph":[{"@type":"WebPage","@id":"https:\/\/esemineu.ro\/hu\/termek\/heiztech-18kw-acellemez-kazan-biomassza-tuzeleshez-msbm\/","url":"https:\/\/esemineu.ro\/hu\/termek\/heiztech-18kw-acellemez-kazan-biomassza-tuzeleshez-msbm\/","name":"HeizTech 18kW Ac\u00e9llemez Kaz\u00e1n, Biomassza t\u00fczel\u00e9shez MSBM - eSemineu","isPartOf":{"@id":"https:\/\/esemineu.ro\/hu\/#website"},"primaryImageOfPage":{"@id":"https:\/\/esemineu.ro\/hu\/termek\/heiztech-18kw-acellemez-kazan-biomassza-tuzeleshez-msbm\/#primaryimage"},"image":{"@id":"https:\/\/esemineu.ro\/hu\/termek\/heiztech-18kw-acellemez-kazan-biomassza-tuzeleshez-msbm\/#primaryimage"},"thumbnailUrl":"https:\/\/esemineu.ro\/wp-content\/uploads\/2025\/03\/18kw-heiztech-cazan.jpg","datePublished":"2025-03-12T10:11:50+00:00","dateModified":"2025-03-12T10:17:16+00:00","description":"HeizTech 18kW ac\u00e9llemez kaz\u00e1n biomassza t\u00fczel\u00e9shez. Gazdas\u00e1gos, hat\u00e9kony \u00e9s tart\u00f3s f\u0171t\u00e9si megold\u00e1s. Fedezze fel a kiv\u00e1l\u00f3 teljes\u00edtm\u00e9nyt \u00e9s megb\u00edzhat\u00f3s\u00e1got!","breadcrumb":{"@id":"https:\/\/esemineu.ro\/hu\/termek\/heiztech-18kw-acellemez-kazan-biomassza-tuzeleshez-msbm\/#breadcrumb"},"inLanguage":"hu","potentialAction":[{"@type":"ReadAction","target":["https:\/\/esemineu.ro\/hu\/termek\/heiztech-18kw-acellemez-kazan-biomassza-tuzeleshez-msbm\/"]}]},{"@type":"ImageObject","inLanguage":"hu","@id":"https:\/\/esemineu.ro\/hu\/termek\/heiztech-18kw-acellemez-kazan-biomassza-tuzeleshez-msbm\/#primaryimage","url":"https:\/\/esemineu.ro\/wp-content\/uploads\/2025\/03\/18kw-heiztech-cazan.jpg","contentUrl":"https:\/\/esemineu.ro\/wp-content\/uploads\/2025\/03\/18kw-heiztech-cazan.jpg","width":1000,"height":1000},{"@type":"BreadcrumbList","@id":"https:\/\/esemineu.ro\/hu\/termek\/heiztech-18kw-acellemez-kazan-biomassza-tuzeleshez-msbm\/#breadcrumb","itemListElement":[{"@type":"ListItem","position":1,"name":"Kezd\u0151lap","item":"https:\/\/esemineu.ro\/hu\/"},{"@type":"ListItem","position":2,"name":"\u00c1ruh\u00e1z","item":"https:\/\/esemineu.ro\/hu\/aruhaz\/"},{"@type":"ListItem","position":3,"name":"HeizTech 18kW Ac\u00e9llemez Kaz\u00e1n, Biomassza t\u00fczel\u00e9shez MSBM"}]},{"@type":"WebSite","@id":"https:\/\/esemineu.ro\/hu\/#website","url":"https:\/\/esemineu.ro\/hu\/","name":"eSemineu","description":"\u0218eminee de cea mai \u00eenalt\u0103 calitate","potentialAction":[{"@type":"SearchAction","target":{"@type":"EntryPoint","urlTemplate":"https:\/\/esemineu.ro\/hu\/?s={search_term_string}"},"query-input":{"@type":"PropertyValueSpecification","valueRequired":true,"valueName":"search_term_string"}}],"inLanguage":"hu"}]}},"_links":{"self":[{"href":"https:\/\/esemineu.ro\/hu\/wp-json\/wp\/v2\/product\/28596","targetHints":{"allow":["GET"]}}],"collection":[{"href":"https:\/\/esemineu.ro\/hu\/wp-json\/wp\/v2\/product"}],"about":[{"href":"https:\/\/esemineu.ro\/hu\/wp-json\/wp\/v2\/types\/product"}],"replies":[{"embeddable":true,"href":"https:\/\/esemineu.ro\/hu\/wp-json\/wp\/v2\/comments?post=28596"}],"wp:featuredmedia":[{"embeddable":true,"href":"https:\/\/esemineu.ro\/hu\/wp-json\/wp\/v2\/media\/28589"}],"wp:attachment":[{"href":"https:\/\/esemineu.ro\/hu\/wp-json\/wp\/v2\/media?parent=28596"}],"wp:term":[{"taxonomy":"product_brand","embeddable":true,"href":"https:\/\/esemineu.ro\/hu\/wp-json\/wp\/v2\/product_brand?post=28596"},{"taxonomy":"product_cat","embeddable":true,"href":"https:\/\/esemineu.ro\/hu\/wp-json\/wp\/v2\/product_cat?post=28596"},{"taxonomy":"product_tag","embeddable":true,"href":"https:\/\/esemineu.ro\/hu\/wp-json\/wp\/v2\/product_tag?post=28596"}],"curies":[{"name":"wp","href":"https:\/\/api.w.org\/{rel}","templated":true}]}}