{"id":28245,"date":"2025-02-07T13:27:04","date_gmt":"2025-02-07T11:27:04","guid":{"rendered":"https:\/\/esemineu.ro\/?post_type=product&#038;p=28245"},"modified":"2025-11-24T09:03:37","modified_gmt":"2025-11-24T07:03:37","slug":"acel-konyok-130-90mm-tisztito-jarattal-matt-fekete","status":"publish","type":"product","link":"https:\/\/esemineu.ro\/hu\/termek\/acel-konyok-130-90mm-tisztito-jarattal-matt-fekete\/","title":{"rendered":"Ac\u00e9l k\u00f6ny\u00f6k 130\/90mm, + Tiszt\u00edt\u00f3 j\u00e1rattal, matt fekete"},"content":{"rendered":"<p>Az\u00a0<strong>Ac\u00e9l k\u00f6ny\u00f6k 130\/90mm<\/strong>\u00a0egy kiv\u00e1l\u00f3 min\u0151s\u00e9g\u0171 f\u00fcstcs\u0151elem, amely a k\u00e9m\u00e9nyek \u00e9s f\u00fcstelvezet\u0151 rendszerek hat\u00e9kony m\u0171k\u00f6d\u00e9s\u00e9t \u00e9s biztons\u00e1g\u00e1t szolg\u00e1lja. Ezzel a term\u00e9kkel a modern \u00e9s megb\u00edzhat\u00f3 megold\u00e1sok egyes\u00fclnek, amelyek kiel\u00e9g\u00edtik a legmagasabb szabv\u00e1nyokat \u00e9s elv\u00e1r\u00e1sokat.<\/p>\n<p>A k\u00f6ny\u00f6k\u00f6k k\u00fcl\u00f6n\u00f6sen hasznosak olyan helyzetekben, ahol a k\u00e9m\u00e9nyrendszernek vagy f\u0171t\u00e9si rendszernek rugalmasan kell alkalmazkodnia az \u00e9p\u00fclet vagy a k\u00e9m\u00e9ny elrendez\u00e9s\u00e9hez. P\u00e9ld\u00e1ul, ha a f\u0171t\u00e9si berendez\u00e9s vagy kandall\u00f3 nem k\u00f6zvetlen\u00fcl a k\u00e9m\u00e9ny mellett van, a k\u00f6ny\u00f6k lehet\u0151v\u00e9 teszi a f\u00fcstelvezet\u0151 cs\u0151 kanyarod\u00e1s\u00e1t, hogy el\u00e9rje a k\u00e9m\u00e9nyt, an\u00e9lk\u00fcl hogy bonyolultabb \u00e9s hosszabb cs\u0151rendszerre lenne sz\u00fcks\u00e9g.<\/p>\n<p>Ez a kiv\u00e1l\u00f3 min\u0151s\u00e9g\u0171 f\u00fcstcs\u0151elem\u00a0<strong>130 mm<\/strong>-es \u00e1tm\u00e9r\u0151vel rendelkezik, ami ide\u00e1lis a hat\u00e9kony \u00e9s zavartalan f\u00fcstelvezet\u00e9shez. Az anyag, amelyb\u0151l a f\u00fcstcs\u0151 k\u00e9sz\u00fcl, magas min\u0151s\u00e9g\u0171\u00a0<strong>1,5 mm vastags\u00e1g\u00fa ac\u00e9llemez<\/strong>, amely garant\u00e1lja a hossz\u00fa \u00e9lettartamot \u00e9s a megb\u00edzhat\u00f3s\u00e1got. A f\u00fcstcs\u0151 fel\u00fclete\u00a0<strong>matt fekete<\/strong>\u00a0sz\u00edn\u0171, ami modern megjelen\u00e9st k\u00f6lcs\u00f6n\u00f6z az eg\u00e9sz rendszernek, \u00e9s harmoniz\u00e1l a k\u00f6rnyezet\u00e9vel.<\/p>\n<p>Az Ac\u00e9l k\u00f6ny\u00f6k 130\/90mm kiv\u00e1l\u00f3 v\u00e1laszt\u00e1s, ha olyan f\u00fcstelvezet\u0151 rendszert szeretne kialak\u00edtani, amely hat\u00e9konyan m\u0171k\u00f6dik \u00e9s hossz\u00fa \u00e9lettartam\u00fa. A term\u00e9k csatlakoztat\u00e1sa egyszer\u0171 \u00e9s k\u00f6nny\u0171, \u00edgy gyorsan \u00e9s probl\u00e9mamentesen telep\u00edthet\u0151.<\/p>\n<p>Ezenk\u00edv\u00fcl a f\u00fcstcs\u0151 egyik nagyszer\u0171 tulajdons\u00e1ga a\u00a0<strong>Tiszt\u00edt\u00f3 j\u00e1rat<\/strong>, amely lehet\u0151v\u00e9 teszi a k\u00f6nny\u0171 karbantart\u00e1st \u00e9s tiszt\u00edt\u00e1st. Ez n\u00f6veli a rendszer hat\u00e9konys\u00e1g\u00e1t \u00e9s hossz\u00fa \u00e9lettartam\u00e1t, mivel a rendszer tiszt\u00e1n tart\u00e1sa alapvet\u0151 fontoss\u00e1g\u00fa a zavartalan m\u0171k\u00f6d\u00e9s \u00e9s a biztons\u00e1g szempontj\u00e1b\u00f3l.<\/p>\n<p>Az Ac\u00e9l k\u00f6ny\u00f6k 130\/90mm f\u00fcstcs\u0151 kiv\u00e1l\u00f3 v\u00e1laszt\u00e1s minden olyan h\u00e1ztulajdonos vagy szakember sz\u00e1m\u00e1ra, akik hat\u00e9kony \u00e9s megb\u00edzhat\u00f3 f\u00fcstelvezet\u0151 rendszert szeretn\u00e9nek kialak\u00edtani. A term\u00e9k magas min\u0151s\u00e9ge, tart\u00f3ss\u00e1ga \u00e9s modern diz\u00e1jnja hozz\u00e1j\u00e1rul a f\u0171t\u00e9si rendszer hat\u00e9kony m\u0171k\u00f6d\u00e9s\u00e9hez \u00e9s a kellemes k\u00f6rnyezet kialak\u00edt\u00e1s\u00e1hoz. B\u00edzza mag\u00e1t a min\u0151s\u00e9gre \u00e9s v\u00e1lassza az Ac\u00e9l k\u00f6ny\u00f6k 150\/90mm f\u00fcstcs\u00f6vet a f\u00fcstelvezet\u00e9si megold\u00e1s\u00e1hoz.<\/p>\n<h6>Sz\u00e1ll\u00edt\u00e1si hat\u00e1rid\u0151:<\/h6>\n<ul>\n<li><strong>Magyarorsz\u00e1g \u00e9s az eg\u00e9sz Eur\u00f3pai Uni\u00f3 ter\u00fclet\u00e9n<\/strong>\u00a0is sz\u00e1ll\u00edtjuk.<\/li>\n<li>Rom\u00e1ni\u00e1ba 2-3 munkanap alatt sz\u00e1ll\u00edtjuk<\/li>\n<li>Magyarorsz\u00e1gra \u00e9s az EU ter\u00fclet\u00e9re az \u00e1tutal\u00e1s ut\u00e1n 5 munkanapon bel\u00fcl \u00e9rkezik meg a term\u00e9k.<\/li>\n<\/ul>\n<p>B\u00edzunk benne, hogy el\u00e9gedett lesz a term\u00e9k\u00fcnkel, ha b\u00e1rmilyen k\u00e9rd\u00e9se van, k\u00e9rj\u00fck, l\u00e9pjen kapcsolatba vel\u00fcnk.<\/p>\n<p>Tov\u00e1bbi aj\u00e1nlatok\u00e9rt kattintson\u00a0<a href=\"https:\/\/esemineu.ro\/hu\/termek-kategoria\/fustcsovek\/\">ide<\/a><\/p>\n<p>T\u0151bb inform\u00e1ci\u00f3\u00e9rt l\u00e1togasson el\u00a0<a href=\"https:\/\/www.youtube.com\/@esemineuromania\">YouTube<\/a>-csatorn\u00e1nkra, valamint\u00a0<a href=\"https:\/\/www.facebook.com\/eSemineu\">Facebook<\/a>\u00a0\u00e9s\u00a0<a href=\"https:\/\/www.instagram.com\/esemineu\/\">Instagram<\/a>\u00a0oldalainkra.<\/p>\n<p><a href=\"https:\/\/esemineu.ro\/\">eSemineu.ro<\/a>\u00a0 \u00a0Te rakod a t\u0171zet mi adjuk a meleget!<\/p>\n","protected":false},"excerpt":{"rendered":"<p>Az\u00a0Ac\u00e9l k\u00f6ny\u00f6k 130\/90mm\u00a0egy kiv\u00e1l\u00f3 min\u0151s\u00e9g\u0171 f\u00fcstcs\u0151elem, amely a k\u00e9m\u00e9nyek \u00e9s f\u00fcstelvezet\u0151 rendszerek hat\u00e9kony m\u0171k\u00f6d\u00e9s\u00e9t \u00e9s biztons\u00e1g\u00e1t szolg\u00e1lja. Ezzel a term\u00e9kkel a modern \u00e9s megb\u00edzhat\u00f3 megold\u00e1sok egyes\u00fclnek, amelyek kiel\u00e9g\u00edtik a legmagasabb szabv\u00e1nyokat \u00e9s elv\u00e1r\u00e1sokat. A k\u00f6ny\u00f6k\u00f6k k\u00fcl\u00f6n\u00f6sen hasznosak olyan helyzetekben, ahol a k\u00e9m\u00e9nyrendszernek vagy f\u0171t\u00e9si rendszernek rugalmasan kell alkalmazkodnia az \u00e9p\u00fclet vagy a k\u00e9m\u00e9ny elrendez\u00e9s\u00e9hez. P\u00e9ld\u00e1ul, ha a f\u0171t\u00e9si berendez\u00e9s vagy kandall\u00f3 nem k\u00f6zvetlen\u00fcl a k\u00e9m\u00e9ny mellett van, a k\u00f6ny\u00f6k lehet\u0151v\u00e9 teszi a f\u00fcstelvezet\u0151 cs\u0151 kanyarod\u00e1s\u00e1t, hogy el\u00e9rje a k\u00e9m\u00e9nyt, an\u00e9lk\u00fcl hogy bonyolultabb \u00e9s hosszabb cs\u0151rendszerre lenne sz\u00fcks\u00e9g. Ez a kiv\u00e1l\u00f3 min\u0151s\u00e9g\u0171 f\u00fcstcs\u0151elem\u00a0130 mm-es \u00e1tm\u00e9r\u0151vel rendelkezik, ami ide\u00e1lis a hat\u00e9kony \u00e9s zavartalan f\u00fcstelvezet\u00e9shez. Az anyag, amelyb\u0151l a f\u00fcstcs\u0151 k\u00e9sz\u00fcl, magas min\u0151s\u00e9g\u0171\u00a01,5 mm vastags\u00e1g\u00fa ac\u00e9llemez, amely garant\u00e1lja a hossz\u00fa \u00e9lettartamot \u00e9s a megb\u00edzhat\u00f3s\u00e1got. A f\u00fcstcs\u0151 fel\u00fclete\u00a0matt fekete\u00a0sz\u00edn\u0171, ami modern megjelen\u00e9st k\u00f6lcs\u00f6n\u00f6z az eg\u00e9sz rendszernek, \u00e9s harmoniz\u00e1l a k\u00f6rnyezet\u00e9vel. Az Ac\u00e9l k\u00f6ny\u00f6k 130\/90mm kiv\u00e1l\u00f3 v\u00e1laszt\u00e1s, ha olyan f\u00fcstelvezet\u0151 rendszert szeretne kialak\u00edtani, amely hat\u00e9konyan &hellip; <a href=\"https:\/\/esemineu.ro\/hu\/termek\/acel-konyok-130-90mm-tisztito-jarattal-matt-fekete\/\">Folytatva<\/a><\/p>\n","protected":false},"featured_media":20840,"comment_status":"open","ping_status":"closed","template":"","meta":[],"product_brand":[701],"product_cat":[1468,1466,779],"product_tag":[],"class_list":{"0":"post-28245","1":"product","2":"type-product","3":"status-publish","4":"has-post-thumbnail","6":"product_brand-bricosan-bt","7":"product_cat-130-acel","8":"product_cat-acel-fekete-fustcso","9":"product_cat-fustcsovek","10":"product_shipping_class-fustcsovek","11":"pa_culoare-fekete","12":"pa_diametru-130mm-hu","13":"pa_grosime-material-15mm-hu","14":"pa_material-acel-lemezbol","16":"first","17":"instock","18":"shipping-taxable","19":"purchasable","20":"product-type-simple"},"acf":[],"yoast_head":"<!-- This site is optimized with the Yoast SEO Premium plugin v21.0 (Yoast SEO v27.3) - https:\/\/yoast.com\/product\/yoast-seo-premium-wordpress\/ -->\n<title>Ac\u00e9l k\u00f6ny\u00f6k 130\/90mm, + Tiszt\u00edt\u00f3 j\u00e1rattal, matt fekete - eSemineu<\/title>\n<meta name=\"description\" content=\"F\u00fcstelvezet\u0151 k\u00f6ny\u00f6kcs\u0151, 130\/90 mm + Tiszt\u00edt\u00f3ny\u00edl\u00e1s, matt fekete \u2013 Tart\u00f3s ac\u00e9l k\u00f6ny\u00f6kcs\u0151 be\u00e9p\u00edtett tiszt\u00edt\u00f3ny\u00edl\u00e1ssal a k\u00f6nny\u0171 karbantart\u00e1s \u00e9rdek\u00e9ben.\" \/>\n<meta name=\"robots\" content=\"index, follow, max-snippet:-1, max-image-preview:large, max-video-preview:-1\" \/>\n<link rel=\"canonical\" href=\"https:\/\/esemineu.ro\/hu\/termek\/acel-konyok-130-90mm-tisztito-jarattal-matt-fekete\/\" \/>\n<meta property=\"og:locale\" content=\"hu_HU\" \/>\n<meta property=\"og:type\" content=\"article\" \/>\n<meta property=\"og:title\" content=\"Ac\u00e9l k\u00f6ny\u00f6k 130\/90mm, + Tiszt\u00edt\u00f3 j\u00e1rattal, matt fekete - eSemineu\" \/>\n<meta property=\"og:description\" content=\"F\u00fcstelvezet\u0151 k\u00f6ny\u00f6kcs\u0151, 130\/90 mm + Tiszt\u00edt\u00f3ny\u00edl\u00e1s, matt fekete \u2013 Tart\u00f3s ac\u00e9l k\u00f6ny\u00f6kcs\u0151 be\u00e9p\u00edtett tiszt\u00edt\u00f3ny\u00edl\u00e1ssal a k\u00f6nny\u0171 karbantart\u00e1s \u00e9rdek\u00e9ben.\" \/>\n<meta property=\"og:url\" content=\"https:\/\/esemineu.ro\/hu\/termek\/acel-konyok-130-90mm-tisztito-jarattal-matt-fekete\/\" \/>\n<meta property=\"og:site_name\" content=\"eSemineu\" \/>\n<meta property=\"article:publisher\" content=\"https:\/\/web.facebook.com\/eSemineu\" \/>\n<meta property=\"article:modified_time\" content=\"2025-11-24T07:03:37+00:00\" \/>\n<meta property=\"og:image\" content=\"https:\/\/esemineu.ro\/wp-content\/uploads\/2022\/05\/COT-CU-GURATARE.jpg\" \/>\n\t<meta property=\"og:image:width\" content=\"1000\" \/>\n\t<meta property=\"og:image:height\" content=\"1000\" \/>\n\t<meta property=\"og:image:type\" content=\"image\/jpeg\" \/>\n<meta name=\"twitter:card\" content=\"summary_large_image\" \/>\n<meta name=\"twitter:label1\" content=\"Becs\u00fclt olvas\u00e1si id\u0151\" \/>\n\t<meta name=\"twitter:data1\" content=\"3 perc\" \/>\n<script type=\"application\/ld+json\" class=\"yoast-schema-graph\">{\"@context\":\"https:\\\/\\\/schema.org\",\"@graph\":[{\"@type\":\"WebPage\",\"@id\":\"https:\\\/\\\/esemineu.ro\\\/hu\\\/termek\\\/acel-konyok-130-90mm-tisztito-jarattal-matt-fekete\\\/\",\"url\":\"https:\\\/\\\/esemineu.ro\\\/hu\\\/termek\\\/acel-konyok-130-90mm-tisztito-jarattal-matt-fekete\\\/\",\"name\":\"Ac\u00e9l k\u00f6ny\u00f6k 130\\\/90mm, + Tiszt\u00edt\u00f3 j\u00e1rattal, matt fekete - eSemineu\",\"isPartOf\":{\"@id\":\"https:\\\/\\\/esemineu.ro\\\/hu\\\/#website\"},\"primaryImageOfPage\":{\"@id\":\"https:\\\/\\\/esemineu.ro\\\/hu\\\/termek\\\/acel-konyok-130-90mm-tisztito-jarattal-matt-fekete\\\/#primaryimage\"},\"image\":{\"@id\":\"https:\\\/\\\/esemineu.ro\\\/hu\\\/termek\\\/acel-konyok-130-90mm-tisztito-jarattal-matt-fekete\\\/#primaryimage\"},\"thumbnailUrl\":\"https:\\\/\\\/esemineu.ro\\\/wp-content\\\/uploads\\\/2022\\\/05\\\/COT-CU-GURATARE.jpg\",\"datePublished\":\"2025-02-07T11:27:04+00:00\",\"dateModified\":\"2025-11-24T07:03:37+00:00\",\"description\":\"F\u00fcstelvezet\u0151 k\u00f6ny\u00f6kcs\u0151, 130\\\/90 mm + Tiszt\u00edt\u00f3ny\u00edl\u00e1s, matt fekete \u2013 Tart\u00f3s ac\u00e9l k\u00f6ny\u00f6kcs\u0151 be\u00e9p\u00edtett tiszt\u00edt\u00f3ny\u00edl\u00e1ssal a k\u00f6nny\u0171 karbantart\u00e1s \u00e9rdek\u00e9ben.\",\"breadcrumb\":{\"@id\":\"https:\\\/\\\/esemineu.ro\\\/hu\\\/termek\\\/acel-konyok-130-90mm-tisztito-jarattal-matt-fekete\\\/#breadcrumb\"},\"inLanguage\":\"hu\",\"potentialAction\":[{\"@type\":\"ReadAction\",\"target\":[\"https:\\\/\\\/esemineu.ro\\\/hu\\\/termek\\\/acel-konyok-130-90mm-tisztito-jarattal-matt-fekete\\\/\"]}]},{\"@type\":\"ImageObject\",\"inLanguage\":\"hu\",\"@id\":\"https:\\\/\\\/esemineu.ro\\\/hu\\\/termek\\\/acel-konyok-130-90mm-tisztito-jarattal-matt-fekete\\\/#primaryimage\",\"url\":\"https:\\\/\\\/esemineu.ro\\\/wp-content\\\/uploads\\\/2022\\\/05\\\/COT-CU-GURATARE.jpg\",\"contentUrl\":\"https:\\\/\\\/esemineu.ro\\\/wp-content\\\/uploads\\\/2022\\\/05\\\/COT-CU-GURATARE.jpg\",\"width\":1000,\"height\":1000,\"caption\":\"Cot burlan din o\u021bel 120\\\/90\"},{\"@type\":\"BreadcrumbList\",\"@id\":\"https:\\\/\\\/esemineu.ro\\\/hu\\\/termek\\\/acel-konyok-130-90mm-tisztito-jarattal-matt-fekete\\\/#breadcrumb\",\"itemListElement\":[{\"@type\":\"ListItem\",\"position\":1,\"name\":\"Kezd\u0151lap\",\"item\":\"https:\\\/\\\/esemineu.ro\\\/hu\\\/\"},{\"@type\":\"ListItem\",\"position\":2,\"name\":\"\u00c1ruh\u00e1z\",\"item\":\"https:\\\/\\\/esemineu.ro\\\/hu\\\/aruhaz\\\/\"},{\"@type\":\"ListItem\",\"position\":3,\"name\":\"Ac\u00e9l k\u00f6ny\u00f6k 130\\\/90mm, + Tiszt\u00edt\u00f3 j\u00e1rattal, matt fekete\"}]},{\"@type\":\"WebSite\",\"@id\":\"https:\\\/\\\/esemineu.ro\\\/hu\\\/#website\",\"url\":\"https:\\\/\\\/esemineu.ro\\\/hu\\\/\",\"name\":\"eSemineu\",\"description\":\"\u0218eminee de cea mai \u00eenalt\u0103 calitate\",\"potentialAction\":[{\"@type\":\"SearchAction\",\"target\":{\"@type\":\"EntryPoint\",\"urlTemplate\":\"https:\\\/\\\/esemineu.ro\\\/hu\\\/?s={search_term_string}\"},\"query-input\":{\"@type\":\"PropertyValueSpecification\",\"valueRequired\":true,\"valueName\":\"search_term_string\"}}],\"inLanguage\":\"hu\"}]}<\/script>\n<!-- \/ Yoast SEO Premium plugin. -->","yoast_head_json":{"title":"Ac\u00e9l k\u00f6ny\u00f6k 130\/90mm, + Tiszt\u00edt\u00f3 j\u00e1rattal, matt fekete - eSemineu","description":"F\u00fcstelvezet\u0151 k\u00f6ny\u00f6kcs\u0151, 130\/90 mm + Tiszt\u00edt\u00f3ny\u00edl\u00e1s, matt fekete \u2013 Tart\u00f3s ac\u00e9l k\u00f6ny\u00f6kcs\u0151 be\u00e9p\u00edtett tiszt\u00edt\u00f3ny\u00edl\u00e1ssal a k\u00f6nny\u0171 karbantart\u00e1s \u00e9rdek\u00e9ben.","robots":{"index":"index","follow":"follow","max-snippet":"max-snippet:-1","max-image-preview":"max-image-preview:large","max-video-preview":"max-video-preview:-1"},"canonical":"https:\/\/esemineu.ro\/hu\/termek\/acel-konyok-130-90mm-tisztito-jarattal-matt-fekete\/","og_locale":"hu_HU","og_type":"article","og_title":"Ac\u00e9l k\u00f6ny\u00f6k 130\/90mm, + Tiszt\u00edt\u00f3 j\u00e1rattal, matt fekete - eSemineu","og_description":"F\u00fcstelvezet\u0151 k\u00f6ny\u00f6kcs\u0151, 130\/90 mm + Tiszt\u00edt\u00f3ny\u00edl\u00e1s, matt fekete \u2013 Tart\u00f3s ac\u00e9l k\u00f6ny\u00f6kcs\u0151 be\u00e9p\u00edtett tiszt\u00edt\u00f3ny\u00edl\u00e1ssal a k\u00f6nny\u0171 karbantart\u00e1s \u00e9rdek\u00e9ben.","og_url":"https:\/\/esemineu.ro\/hu\/termek\/acel-konyok-130-90mm-tisztito-jarattal-matt-fekete\/","og_site_name":"eSemineu","article_publisher":"https:\/\/web.facebook.com\/eSemineu","article_modified_time":"2025-11-24T07:03:37+00:00","og_image":[{"width":1000,"height":1000,"url":"https:\/\/esemineu.ro\/wp-content\/uploads\/2022\/05\/COT-CU-GURATARE.jpg","type":"image\/jpeg"}],"twitter_card":"summary_large_image","twitter_misc":{"Becs\u00fclt olvas\u00e1si id\u0151":"3 perc"},"schema":{"@context":"https:\/\/schema.org","@graph":[{"@type":"WebPage","@id":"https:\/\/esemineu.ro\/hu\/termek\/acel-konyok-130-90mm-tisztito-jarattal-matt-fekete\/","url":"https:\/\/esemineu.ro\/hu\/termek\/acel-konyok-130-90mm-tisztito-jarattal-matt-fekete\/","name":"Ac\u00e9l k\u00f6ny\u00f6k 130\/90mm, + Tiszt\u00edt\u00f3 j\u00e1rattal, matt fekete - eSemineu","isPartOf":{"@id":"https:\/\/esemineu.ro\/hu\/#website"},"primaryImageOfPage":{"@id":"https:\/\/esemineu.ro\/hu\/termek\/acel-konyok-130-90mm-tisztito-jarattal-matt-fekete\/#primaryimage"},"image":{"@id":"https:\/\/esemineu.ro\/hu\/termek\/acel-konyok-130-90mm-tisztito-jarattal-matt-fekete\/#primaryimage"},"thumbnailUrl":"https:\/\/esemineu.ro\/wp-content\/uploads\/2022\/05\/COT-CU-GURATARE.jpg","datePublished":"2025-02-07T11:27:04+00:00","dateModified":"2025-11-24T07:03:37+00:00","description":"F\u00fcstelvezet\u0151 k\u00f6ny\u00f6kcs\u0151, 130\/90 mm + Tiszt\u00edt\u00f3ny\u00edl\u00e1s, matt fekete \u2013 Tart\u00f3s ac\u00e9l k\u00f6ny\u00f6kcs\u0151 be\u00e9p\u00edtett tiszt\u00edt\u00f3ny\u00edl\u00e1ssal a k\u00f6nny\u0171 karbantart\u00e1s \u00e9rdek\u00e9ben.","breadcrumb":{"@id":"https:\/\/esemineu.ro\/hu\/termek\/acel-konyok-130-90mm-tisztito-jarattal-matt-fekete\/#breadcrumb"},"inLanguage":"hu","potentialAction":[{"@type":"ReadAction","target":["https:\/\/esemineu.ro\/hu\/termek\/acel-konyok-130-90mm-tisztito-jarattal-matt-fekete\/"]}]},{"@type":"ImageObject","inLanguage":"hu","@id":"https:\/\/esemineu.ro\/hu\/termek\/acel-konyok-130-90mm-tisztito-jarattal-matt-fekete\/#primaryimage","url":"https:\/\/esemineu.ro\/wp-content\/uploads\/2022\/05\/COT-CU-GURATARE.jpg","contentUrl":"https:\/\/esemineu.ro\/wp-content\/uploads\/2022\/05\/COT-CU-GURATARE.jpg","width":1000,"height":1000,"caption":"Cot burlan din o\u021bel 120\/90"},{"@type":"BreadcrumbList","@id":"https:\/\/esemineu.ro\/hu\/termek\/acel-konyok-130-90mm-tisztito-jarattal-matt-fekete\/#breadcrumb","itemListElement":[{"@type":"ListItem","position":1,"name":"Kezd\u0151lap","item":"https:\/\/esemineu.ro\/hu\/"},{"@type":"ListItem","position":2,"name":"\u00c1ruh\u00e1z","item":"https:\/\/esemineu.ro\/hu\/aruhaz\/"},{"@type":"ListItem","position":3,"name":"Ac\u00e9l k\u00f6ny\u00f6k 130\/90mm, + Tiszt\u00edt\u00f3 j\u00e1rattal, matt fekete"}]},{"@type":"WebSite","@id":"https:\/\/esemineu.ro\/hu\/#website","url":"https:\/\/esemineu.ro\/hu\/","name":"eSemineu","description":"\u0218eminee de cea mai \u00eenalt\u0103 calitate","potentialAction":[{"@type":"SearchAction","target":{"@type":"EntryPoint","urlTemplate":"https:\/\/esemineu.ro\/hu\/?s={search_term_string}"},"query-input":{"@type":"PropertyValueSpecification","valueRequired":true,"valueName":"search_term_string"}}],"inLanguage":"hu"}]}},"_links":{"self":[{"href":"https:\/\/esemineu.ro\/hu\/wp-json\/wp\/v2\/product\/28245","targetHints":{"allow":["GET"]}}],"collection":[{"href":"https:\/\/esemineu.ro\/hu\/wp-json\/wp\/v2\/product"}],"about":[{"href":"https:\/\/esemineu.ro\/hu\/wp-json\/wp\/v2\/types\/product"}],"replies":[{"embeddable":true,"href":"https:\/\/esemineu.ro\/hu\/wp-json\/wp\/v2\/comments?post=28245"}],"wp:featuredmedia":[{"embeddable":true,"href":"https:\/\/esemineu.ro\/hu\/wp-json\/wp\/v2\/media\/20840"}],"wp:attachment":[{"href":"https:\/\/esemineu.ro\/hu\/wp-json\/wp\/v2\/media?parent=28245"}],"wp:term":[{"taxonomy":"product_brand","embeddable":true,"href":"https:\/\/esemineu.ro\/hu\/wp-json\/wp\/v2\/product_brand?post=28245"},{"taxonomy":"product_cat","embeddable":true,"href":"https:\/\/esemineu.ro\/hu\/wp-json\/wp\/v2\/product_cat?post=28245"},{"taxonomy":"product_tag","embeddable":true,"href":"https:\/\/esemineu.ro\/hu\/wp-json\/wp\/v2\/product_tag?post=28245"}],"curies":[{"name":"wp","href":"https:\/\/api.w.org\/{rel}","templated":true}]}}