{"id":27584,"date":"2024-11-15T12:30:04","date_gmt":"2024-11-15T10:30:04","guid":{"rendered":"https:\/\/esemineu.ro\/?post_type=product&#038;p=27584"},"modified":"2025-11-27T17:07:27","modified_gmt":"2025-11-27T15:07:27","slug":"fogarasi-melegito-cserepkalyha-4-soros-hordozhato-cserepkalyha-9kw","status":"publish","type":"product","link":"https:\/\/esemineu.ro\/hu\/termek\/fogarasi-melegito-cserepkalyha-4-soros-hordozhato-cserepkalyha-9kw\/","title":{"rendered":"Fogarasi Melegit\u0151 Cser\u00e9pk\u00e1lyha 4 soros, Hordozhat\u00f3 cser\u00e9pk\u00e1lyha 9kW"},"content":{"rendered":"<p>Fogarasi Melegit\u0151 Cser\u00e9pk\u00e1lyha 4 soros<\/p>\n<p>A <strong>Fogarasi Meleg\u00edt\u0151 Cser\u00e9pk\u00e1lyha 4 soros, Hordozhat\u00f3 cser\u00e9pk\u00e1lyha<\/strong> t\u00f6k\u00e9letes v\u00e1laszt\u00e1s az otthonok hat\u00e9kony \u00e9s k\u00e9nyelmes f\u0171t\u00e9s\u00e9hez. <strong>9 kW teljes\u00edtm\u00e9nye<\/strong> lehet\u0151v\u00e9 teszi, hogy ak\u00e1r <strong>45 n\u00e9gyzetm\u00e9tert<\/strong> is melegen tartson, \u00edgy ide\u00e1lis kisebb terek sz\u00e1m\u00e1ra.<\/p>\n<p>Ez a <strong>90%-os hat\u00e1sfok\u00fa k\u00e1lyha<\/strong> kiv\u00e1l\u00f3an optimaliz\u00e1lja az energiafelhaszn\u00e1l\u00e1st, cs\u00f6kkentve a t\u00fczel\u00e9si k\u00f6lts\u00e9geket. <strong>220 kg-os s\u00falya<\/strong> biztos\u00edtja a stabilit\u00e1st \u00e9s tart\u00f3ss\u00e1got, m\u00edg a <strong>45 \u00d7 45 \u00d7 124 cm<\/strong> m\u00e9retek lehet\u0151v\u00e9 teszik, hogy kisebb helyis\u00e9gekben is elf\u00e9rjen.<\/p>\n<p>A cser\u00e9pk\u00e1lyha <strong>terrakotta t\u00e9gl\u00e1b\u00f3l<\/strong>, <strong>ac\u00e9l l\u00e1bakkal<\/strong> \u00e9s <strong>h\u0151\u00e1ll\u00f3 \u00fcvegezett \u00f6nt\u00f6ttvas ajt\u00f3val<\/strong> k\u00e9sz\u00fcl, garant\u00e1lva a hossz\u00fa \u00e9lettartamot \u00e9s a biztons\u00e1gos haszn\u00e1latot. A <strong>120 mm \u00e1tm\u00e9r\u0151j\u0171 k\u00e9m\u00e9nycsatlakoz\u00f3<\/strong> seg\u00edti a hat\u00e9kony f\u00fcstg\u00e1z-elvezet\u00e9st.<\/p>\n<p>A k\u00e1lyha <strong>kem\u00e9nyfa \u00e9s brikett t\u00fczel\u00e9s\u00e9re<\/strong> alkalmas, \u00edgy k\u00f6rnyezetbar\u00e1t megold\u00e1st ny\u00fajt. A maxim\u00e1lis fahossz <strong>28 cm<\/strong>, ami k\u00e9nyelmes t\u00fczel\u00e9st biztos\u00edt.<\/p>\n<p>Ez a modell <strong>4 soros f\u0171t\u00e9si rendszerrel<\/strong> m\u0171k\u00f6dik, ami egyenletes h\u0151eloszt\u00e1st tesz lehet\u0151v\u00e9. <strong>5 \u00e9v garancia<\/strong> j\u00e1r a cser\u00e9pk\u00e1lyh\u00e1ra, biztos\u00edtva a min\u0151s\u00e9get \u00e9s a hossz\u00fa t\u00e1v\u00fa megb\u00edzhat\u00f3s\u00e1got.<\/p>\n<h4>Aj\u00e1nl\u00e1s a maxim\u00e1lis hat\u00e9konys\u00e1g el\u00e9r\u00e9s\u00e9hez:<\/h4>\n<p>Az \u00e9g\u00e9s sor\u00e1n aj\u00e1nljuk, hogy a hamut\u00e1lca ajtaj\u00e1t legal\u00e1bb egy ujjnyi r\u00e9snyire nyitva tartsa, hogy megfelel\u0151 huzatot biztos\u00edtson. Miut\u00e1n a t\u0171z kialudt, z\u00e1rja le a hamut\u00e1lc\u00e1t, hogy a leveg\u0151 ne \u00e1ramoljon tov\u00e1bb a k\u00e1lyh\u00e1ba, \u00edgy a h\u0151 min\u00e9l tov\u00e1bb megmarad. Az \u00e9g\u00e9si folyamat hat\u00e9konys\u00e1g\u00e1nak n\u00f6vel\u00e9se \u00e9s a h\u0151 megtart\u00e1sa hosszabb ideig lehets\u00e9ges. A samott b\u00e9l\u00e9s seg\u00edts\u00e9g\u00e9vel, ha sz\u00e1raz f\u00e1t haszn\u00e1l, a t\u0171zt\u00e9r ajtaj\u00e1n l\u00e9v\u0151 \u00fcveg tiszta marad. Az els\u0151 n\u00e9h\u00e1ny begy\u00fajt\u00e1skor aj\u00e1nlott a k\u00e1lyh\u00e1t fokozatosan meleg\u00edteni, elker\u00fclve az intenz\u00edv t\u00fczet. K\u00e9t begy\u00fajt\u00e1s ut\u00e1n a samott b\u00e9l\u00e9s \u00e9s a cser\u00e9pk\u00e1lyha t\u00e9gl\u00e1k elkezdenek felmelegedni, majd sug\u00e1rozni a h\u0151t.<\/p>\n<h5>Ne \u00e9gessen!<\/h5>\n<p>H\u00e1ztart\u00e1si hullad\u00e9kot, ragasztott vagy festett faanyagot, r\u00e9tegelt lemezt vagy forg\u00e1cslapokat, illetve m\u00e1s mesters\u00e9ges vegy\u00fcletet tartalmaz\u00f3 maradv\u00e1nyokat, mert ezek m\u00e9rgez\u0151 anyagokat bocs\u00e1tanak ki, amelyek nem \u00e9gnek el teljesen, csak megv\u00e1ltoztatj\u00e1k az alakjukat, \u00e9s a l\u00e9gk\u00f6rbe ker\u00fclve kisz\u00e1m\u00edthatatlan k\u00f6vetkezm\u00e9nyekkel j\u00e1rhatnak. A cser\u00e9pk\u00e1lyha f\u0151z\u0151lappal felszerelt Crem t\u00edpus\u00fa modell egy f\u0171t\u0151berendez\u00e9s. Ha hullad\u00e9kot \u00e9get a k\u00e1lyh\u00e1ban, az elt\u00f6m\u00edti a cser\u00e9pk\u00e1lyha f\u00fcstj\u00e1rat\u00e1t.<\/p>\n<h5>Figyelmeztet\u00e9s!<\/h5>\n<p>Minden cser\u00e9pk\u00e1lyh\u00e1t, kaz\u00e1nt, kandall\u00f3t \u00e9s t\u0171zhelyet a k\u00e9m\u00e9nysepr\u0151nek kell j\u00f3v\u00e1hagynia, amikor a f\u00fcstj\u00e1ratra csatlakoztatj\u00e1k. Ez t\u00f6rv\u00e9nyileg k\u00f6telez\u0151, ellenkez\u0151 esetben a term\u00e9k nem garant\u00e1lt:<br \/>\n\u2022 A 2012. \u00e9vi XC. t\u00f6rv\u00e9ny a k\u00e9m\u00e9nytiszt\u00edt\u00e1si k\u00f6zszolg\u00e1ltat\u00e1sr\u00f3l \u00e9s<br \/>\na BM rendelet (XII.11) el\u0151\u00edrja, hogy az \u00e9g\u00e9sterm\u00e9ket elvezet\u0151 k\u00e9sz\u00fcl\u00e9k csatlakoztat\u00e1s\u00e1t a k\u00e9m\u00e9nysepr\u0151nek j\u00f3v\u00e1 kell hagynia.<br \/>\n\u2022 Az ipari nyilatkozat a k\u00e9m\u00e9nyek tiszt\u00edt\u00e1s\u00e1r\u00f3l nem helyettes\u00edti a k\u00f6zszolg\u00e1ltat\u00f3 k\u00e9m\u00e9nysepr\u0151 tan\u00fas\u00edtv\u00e1ny\u00e1t.<\/p>\n<h5>Hogyan t\u00f6rt\u00e9nik a sz\u00e1ll\u00edt\u00e1s \u00e9s mit tartalmaz a csomag?<\/h5>\n<p>A Fogarasi Melegit\u0151 Cser\u00e9pk\u00e1lyha 4 soros sz\u00e1ll\u00edt\u00e1sa az orsz\u00e1g b\u00e1rmely pontj\u00e1ra 2-3 munkanapon bel\u00fcl, Eur\u00f3p\u00e1ban pedig 5 munkanapon bel\u00fcl t\u00f6rt\u00e9nik a visszaigazolt fizet\u00e9s ut\u00e1n. Annak \u00e9rdek\u00e9ben, hogy a term\u00e9k t\u00f6k\u00e9letes \u00e1llapotban \u00e9rkezzen meg, a cser\u00e9pk\u00e1lyha 16 mm-es m\u0171anyag szalaggal van r\u00f6gz\u00edtve egy raklapra, \u00e9s h\u00e1rom r\u00e9teg f\u00f3li\u00e1ba van csomagolva. \u00cdgy a term\u00e9ket t\u00f6k\u00e9letesen v\u00e9dett \u00e9s kiv\u00e1l\u00f3 \u00e1llapotban kapja meg. A csomagban a cser\u00e9pk\u00e1lyha mellett a haszn\u00e1lati \u00fatmutat\u00f3t, a megfelel\u0151s\u00e9gi nyilatkozatot \u00e9s a garanciajegyet is megtal\u00e1lja. A sz\u00e1ll\u00edt\u00e1s k\u00f6nny\u00edt\u00e9se \u00e9rdek\u00e9ben a raklapos sz\u00e1ll\u00edt\u00e1s lifttel felszerelt j\u00e1rm\u0171vel t\u00f6rt\u00e9nik, a kapuig. Teh\u00e1t a fat\u00fczel\u00e9s\u0171 cser\u00e9pk\u00e1lyha megv\u00e1s\u00e1rl\u00e1s\u00e1val egy min\u0151s\u00e9gi term\u00e9ket kap, gyorsan \u00e9s t\u00f6k\u00e9letes \u00e1llapotban sz\u00e1ll\u00edtva.<\/p>\n<p>Tov\u00e1bbi inform\u00e1ci\u00f3k\u00e9rt k\u00f6vesse\u00a0<a href=\"https:\/\/www.youtube.com\/@esemineuromania\">YouTube<\/a>-csatorn\u00e1nkat, illetve a Facebook oldalunkat.<\/p>\n<p>Tov\u00e1bbi cser\u00e9pk\u00e1lyh\u00e1k kateg\u00f3ri\u00e1ban el\u00e9rhet\u0151 term\u00e9kek\u00e9rt l\u00e1togasson el az\u00a0<a href=\"https:\/\/esemineu.ro\/hu\/termekkategoria\/hordozhato-cserepkalyhak\/\">eSemineu.ro<\/a>\u00a0oldalra<\/p>\n","protected":false},"excerpt":{"rendered":"<p>Fogarasi Melegit\u0151 Cser\u00e9pk\u00e1lyha 4 soros A Fogarasi Meleg\u00edt\u0151 Cser\u00e9pk\u00e1lyha 4 soros, Hordozhat\u00f3 cser\u00e9pk\u00e1lyha t\u00f6k\u00e9letes v\u00e1laszt\u00e1s az otthonok hat\u00e9kony \u00e9s k\u00e9nyelmes f\u0171t\u00e9s\u00e9hez. 9 kW teljes\u00edtm\u00e9nye lehet\u0151v\u00e9 teszi, hogy ak\u00e1r 45 n\u00e9gyzetm\u00e9tert is melegen tartson, \u00edgy ide\u00e1lis kisebb terek sz\u00e1m\u00e1ra. Ez a 90%-os hat\u00e1sfok\u00fa k\u00e1lyha kiv\u00e1l\u00f3an optimaliz\u00e1lja az energiafelhaszn\u00e1l\u00e1st, cs\u00f6kkentve a t\u00fczel\u00e9si k\u00f6lts\u00e9geket. 220 kg-os s\u00falya biztos\u00edtja a stabilit\u00e1st \u00e9s tart\u00f3ss\u00e1got, m\u00edg a 45 \u00d7 45 \u00d7 124 cm m\u00e9retek lehet\u0151v\u00e9 teszik, hogy kisebb helyis\u00e9gekben is elf\u00e9rjen. A cser\u00e9pk\u00e1lyha terrakotta t\u00e9gl\u00e1b\u00f3l, ac\u00e9l l\u00e1bakkal \u00e9s h\u0151\u00e1ll\u00f3 \u00fcvegezett \u00f6nt\u00f6ttvas ajt\u00f3val k\u00e9sz\u00fcl, garant\u00e1lva a hossz\u00fa \u00e9lettartamot \u00e9s a biztons\u00e1gos haszn\u00e1latot. A 120 mm \u00e1tm\u00e9r\u0151j\u0171 k\u00e9m\u00e9nycsatlakoz\u00f3 seg\u00edti a hat\u00e9kony f\u00fcstg\u00e1z-elvezet\u00e9st. A k\u00e1lyha kem\u00e9nyfa \u00e9s brikett t\u00fczel\u00e9s\u00e9re alkalmas, \u00edgy k\u00f6rnyezetbar\u00e1t megold\u00e1st ny\u00fajt. A maxim\u00e1lis fahossz 28 cm, ami k\u00e9nyelmes t\u00fczel\u00e9st biztos\u00edt. Ez a modell 4 soros f\u0171t\u00e9si rendszerrel m\u0171k\u00f6dik, ami egyenletes h\u0151eloszt\u00e1st tesz lehet\u0151v\u00e9. 5 \u00e9v garancia j\u00e1r a cser\u00e9pk\u00e1lyh\u00e1ra, biztos\u00edtva a min\u0151s\u00e9get \u00e9s a hossz\u00fa t\u00e1v\u00fa &hellip; <a href=\"https:\/\/esemineu.ro\/hu\/termek\/fogarasi-melegito-cserepkalyha-4-soros-hordozhato-cserepkalyha-9kw\/\">Folytatva<\/a><\/p>\n","protected":false},"featured_media":27486,"comment_status":"open","ping_status":"closed","template":"","meta":[],"product_brand":[2059],"product_cat":[729,1680],"product_tag":[],"class_list":{"0":"post-27584","1":"product","2":"type-product","3":"status-publish","4":"has-post-thumbnail","6":"product_brand-esemineu-limitat","7":"product_cat-hordozhato-cserepkalyhak","8":"product_cat-melegito","9":"product_shipping_class-csempekalyhak","10":"pa_combustibil-utilizat-brikett","11":"pa_combustibil-utilizat-fa","12":"pa_diametru-racordului-la-cos-120-mm-hu","13":"pa_material-acel-labak","14":"pa_material-kalyhacsempe","15":"pa_material-ontotvas-ajto-hoallo-uveggel","16":"pa_model-4-soros-melegito-hu","17":"pa_putere-9-kw-hu","18":"pa_randament-90-hu","19":"pa_suprafata-incalzita-mp-45-hu","21":"first","22":"onbackorder","23":"shipping-taxable","24":"purchasable","25":"product-type-simple"},"acf":[],"yoast_head":"<!-- This site is optimized with the Yoast SEO Premium plugin v21.0 (Yoast SEO v27.3) - https:\/\/yoast.com\/product\/yoast-seo-premium-wordpress\/ -->\n<title>Fogarasi Melegit\u0151 Cser\u00e9pk\u00e1lyha 4 soros, Hordozhat\u00f3 9kW-os<\/title>\n<meta name=\"description\" content=\"Fogarasi Meleg\u00edt\u0151 Cser\u00e9pk\u00e1lyha 4 soros, 9 kW teljes\u00edtm\u00e9ny, 90% hat\u00e1sfok, brikett \u00e9s fa t\u00fczel\u00e9s, kompakt, hordozhat\u00f3 megold\u00e1s otthona f\u0171t\u00e9s\u00e9re.\" \/>\n<meta name=\"robots\" content=\"index, follow, max-snippet:-1, max-image-preview:large, max-video-preview:-1\" \/>\n<link rel=\"canonical\" href=\"https:\/\/esemineu.ro\/hu\/termek\/fogarasi-melegito-cserepkalyha-4-soros-hordozhato-cserepkalyha-9kw\/\" \/>\n<meta property=\"og:locale\" content=\"hu_HU\" \/>\n<meta property=\"og:type\" content=\"article\" \/>\n<meta property=\"og:title\" content=\"Fogarasi Melegit\u0151 Cser\u00e9pk\u00e1lyha 4 soros, Hordozhat\u00f3 9kW-os\" \/>\n<meta property=\"og:description\" content=\"Fogarasi Meleg\u00edt\u0151 Cser\u00e9pk\u00e1lyha 4 soros, 9 kW teljes\u00edtm\u00e9ny, 90% hat\u00e1sfok, brikett \u00e9s fa t\u00fczel\u00e9s, kompakt, hordozhat\u00f3 megold\u00e1s otthona f\u0171t\u00e9s\u00e9re.\" \/>\n<meta property=\"og:url\" content=\"https:\/\/esemineu.ro\/hu\/termek\/fogarasi-melegito-cserepkalyha-4-soros-hordozhato-cserepkalyha-9kw\/\" \/>\n<meta property=\"og:site_name\" content=\"eSemineu\" \/>\n<meta property=\"article:publisher\" content=\"https:\/\/web.facebook.com\/eSemineu\" \/>\n<meta property=\"article:modified_time\" content=\"2025-11-27T15:07:27+00:00\" \/>\n<meta property=\"og:image\" content=\"https:\/\/esemineu.ro\/wp-content\/uploads\/2024\/11\/soba-teracota-fagaras-front-fr.jpg\" \/>\n\t<meta property=\"og:image:width\" content=\"1000\" \/>\n\t<meta property=\"og:image:height\" content=\"1000\" \/>\n\t<meta property=\"og:image:type\" content=\"image\/jpeg\" \/>\n<meta name=\"twitter:card\" content=\"summary_large_image\" \/>\n<meta name=\"twitter:label1\" content=\"Becs\u00fclt olvas\u00e1si id\u0151\" \/>\n\t<meta name=\"twitter:data1\" content=\"4 perc\" \/>\n<script type=\"application\/ld+json\" class=\"yoast-schema-graph\">{\"@context\":\"https:\\\/\\\/schema.org\",\"@graph\":[{\"@type\":\"WebPage\",\"@id\":\"https:\\\/\\\/esemineu.ro\\\/hu\\\/termek\\\/fogarasi-melegito-cserepkalyha-4-soros-hordozhato-cserepkalyha-9kw\\\/\",\"url\":\"https:\\\/\\\/esemineu.ro\\\/hu\\\/termek\\\/fogarasi-melegito-cserepkalyha-4-soros-hordozhato-cserepkalyha-9kw\\\/\",\"name\":\"Fogarasi Melegit\u0151 Cser\u00e9pk\u00e1lyha 4 soros, Hordozhat\u00f3 9kW-os\",\"isPartOf\":{\"@id\":\"https:\\\/\\\/esemineu.ro\\\/hu\\\/#website\"},\"primaryImageOfPage\":{\"@id\":\"https:\\\/\\\/esemineu.ro\\\/hu\\\/termek\\\/fogarasi-melegito-cserepkalyha-4-soros-hordozhato-cserepkalyha-9kw\\\/#primaryimage\"},\"image\":{\"@id\":\"https:\\\/\\\/esemineu.ro\\\/hu\\\/termek\\\/fogarasi-melegito-cserepkalyha-4-soros-hordozhato-cserepkalyha-9kw\\\/#primaryimage\"},\"thumbnailUrl\":\"https:\\\/\\\/esemineu.ro\\\/wp-content\\\/uploads\\\/2024\\\/11\\\/soba-teracota-fagaras-front-fr.jpg\",\"datePublished\":\"2024-11-15T10:30:04+00:00\",\"dateModified\":\"2025-11-27T15:07:27+00:00\",\"description\":\"Fogarasi Meleg\u00edt\u0151 Cser\u00e9pk\u00e1lyha 4 soros, 9 kW teljes\u00edtm\u00e9ny, 90% hat\u00e1sfok, brikett \u00e9s fa t\u00fczel\u00e9s, kompakt, hordozhat\u00f3 megold\u00e1s otthona f\u0171t\u00e9s\u00e9re.\",\"breadcrumb\":{\"@id\":\"https:\\\/\\\/esemineu.ro\\\/hu\\\/termek\\\/fogarasi-melegito-cserepkalyha-4-soros-hordozhato-cserepkalyha-9kw\\\/#breadcrumb\"},\"inLanguage\":\"hu\",\"potentialAction\":[{\"@type\":\"ReadAction\",\"target\":[\"https:\\\/\\\/esemineu.ro\\\/hu\\\/termek\\\/fogarasi-melegito-cserepkalyha-4-soros-hordozhato-cserepkalyha-9kw\\\/\"]}]},{\"@type\":\"ImageObject\",\"inLanguage\":\"hu\",\"@id\":\"https:\\\/\\\/esemineu.ro\\\/hu\\\/termek\\\/fogarasi-melegito-cserepkalyha-4-soros-hordozhato-cserepkalyha-9kw\\\/#primaryimage\",\"url\":\"https:\\\/\\\/esemineu.ro\\\/wp-content\\\/uploads\\\/2024\\\/11\\\/soba-teracota-fagaras-front-fr.jpg\",\"contentUrl\":\"https:\\\/\\\/esemineu.ro\\\/wp-content\\\/uploads\\\/2024\\\/11\\\/soba-teracota-fagaras-front-fr.jpg\",\"width\":1000,\"height\":1000},{\"@type\":\"BreadcrumbList\",\"@id\":\"https:\\\/\\\/esemineu.ro\\\/hu\\\/termek\\\/fogarasi-melegito-cserepkalyha-4-soros-hordozhato-cserepkalyha-9kw\\\/#breadcrumb\",\"itemListElement\":[{\"@type\":\"ListItem\",\"position\":1,\"name\":\"Kezd\u0151lap\",\"item\":\"https:\\\/\\\/esemineu.ro\\\/hu\\\/\"},{\"@type\":\"ListItem\",\"position\":2,\"name\":\"\u00c1ruh\u00e1z\",\"item\":\"https:\\\/\\\/esemineu.ro\\\/hu\\\/aruhaz\\\/\"},{\"@type\":\"ListItem\",\"position\":3,\"name\":\"Fogarasi Melegit\u0151 Cser\u00e9pk\u00e1lyha 4 soros, Hordozhat\u00f3 cser\u00e9pk\u00e1lyha 9kW\"}]},{\"@type\":\"WebSite\",\"@id\":\"https:\\\/\\\/esemineu.ro\\\/hu\\\/#website\",\"url\":\"https:\\\/\\\/esemineu.ro\\\/hu\\\/\",\"name\":\"eSemineu\",\"description\":\"\u0218eminee de cea mai \u00eenalt\u0103 calitate\",\"potentialAction\":[{\"@type\":\"SearchAction\",\"target\":{\"@type\":\"EntryPoint\",\"urlTemplate\":\"https:\\\/\\\/esemineu.ro\\\/hu\\\/?s={search_term_string}\"},\"query-input\":{\"@type\":\"PropertyValueSpecification\",\"valueRequired\":true,\"valueName\":\"search_term_string\"}}],\"inLanguage\":\"hu\"}]}<\/script>\n<!-- \/ Yoast SEO Premium plugin. -->","yoast_head_json":{"title":"Fogarasi Melegit\u0151 Cser\u00e9pk\u00e1lyha 4 soros, Hordozhat\u00f3 9kW-os","description":"Fogarasi Meleg\u00edt\u0151 Cser\u00e9pk\u00e1lyha 4 soros, 9 kW teljes\u00edtm\u00e9ny, 90% hat\u00e1sfok, brikett \u00e9s fa t\u00fczel\u00e9s, kompakt, hordozhat\u00f3 megold\u00e1s otthona f\u0171t\u00e9s\u00e9re.","robots":{"index":"index","follow":"follow","max-snippet":"max-snippet:-1","max-image-preview":"max-image-preview:large","max-video-preview":"max-video-preview:-1"},"canonical":"https:\/\/esemineu.ro\/hu\/termek\/fogarasi-melegito-cserepkalyha-4-soros-hordozhato-cserepkalyha-9kw\/","og_locale":"hu_HU","og_type":"article","og_title":"Fogarasi Melegit\u0151 Cser\u00e9pk\u00e1lyha 4 soros, Hordozhat\u00f3 9kW-os","og_description":"Fogarasi Meleg\u00edt\u0151 Cser\u00e9pk\u00e1lyha 4 soros, 9 kW teljes\u00edtm\u00e9ny, 90% hat\u00e1sfok, brikett \u00e9s fa t\u00fczel\u00e9s, kompakt, hordozhat\u00f3 megold\u00e1s otthona f\u0171t\u00e9s\u00e9re.","og_url":"https:\/\/esemineu.ro\/hu\/termek\/fogarasi-melegito-cserepkalyha-4-soros-hordozhato-cserepkalyha-9kw\/","og_site_name":"eSemineu","article_publisher":"https:\/\/web.facebook.com\/eSemineu","article_modified_time":"2025-11-27T15:07:27+00:00","og_image":[{"width":1000,"height":1000,"url":"https:\/\/esemineu.ro\/wp-content\/uploads\/2024\/11\/soba-teracota-fagaras-front-fr.jpg","type":"image\/jpeg"}],"twitter_card":"summary_large_image","twitter_misc":{"Becs\u00fclt olvas\u00e1si id\u0151":"4 perc"},"schema":{"@context":"https:\/\/schema.org","@graph":[{"@type":"WebPage","@id":"https:\/\/esemineu.ro\/hu\/termek\/fogarasi-melegito-cserepkalyha-4-soros-hordozhato-cserepkalyha-9kw\/","url":"https:\/\/esemineu.ro\/hu\/termek\/fogarasi-melegito-cserepkalyha-4-soros-hordozhato-cserepkalyha-9kw\/","name":"Fogarasi Melegit\u0151 Cser\u00e9pk\u00e1lyha 4 soros, Hordozhat\u00f3 9kW-os","isPartOf":{"@id":"https:\/\/esemineu.ro\/hu\/#website"},"primaryImageOfPage":{"@id":"https:\/\/esemineu.ro\/hu\/termek\/fogarasi-melegito-cserepkalyha-4-soros-hordozhato-cserepkalyha-9kw\/#primaryimage"},"image":{"@id":"https:\/\/esemineu.ro\/hu\/termek\/fogarasi-melegito-cserepkalyha-4-soros-hordozhato-cserepkalyha-9kw\/#primaryimage"},"thumbnailUrl":"https:\/\/esemineu.ro\/wp-content\/uploads\/2024\/11\/soba-teracota-fagaras-front-fr.jpg","datePublished":"2024-11-15T10:30:04+00:00","dateModified":"2025-11-27T15:07:27+00:00","description":"Fogarasi Meleg\u00edt\u0151 Cser\u00e9pk\u00e1lyha 4 soros, 9 kW teljes\u00edtm\u00e9ny, 90% hat\u00e1sfok, brikett \u00e9s fa t\u00fczel\u00e9s, kompakt, hordozhat\u00f3 megold\u00e1s otthona f\u0171t\u00e9s\u00e9re.","breadcrumb":{"@id":"https:\/\/esemineu.ro\/hu\/termek\/fogarasi-melegito-cserepkalyha-4-soros-hordozhato-cserepkalyha-9kw\/#breadcrumb"},"inLanguage":"hu","potentialAction":[{"@type":"ReadAction","target":["https:\/\/esemineu.ro\/hu\/termek\/fogarasi-melegito-cserepkalyha-4-soros-hordozhato-cserepkalyha-9kw\/"]}]},{"@type":"ImageObject","inLanguage":"hu","@id":"https:\/\/esemineu.ro\/hu\/termek\/fogarasi-melegito-cserepkalyha-4-soros-hordozhato-cserepkalyha-9kw\/#primaryimage","url":"https:\/\/esemineu.ro\/wp-content\/uploads\/2024\/11\/soba-teracota-fagaras-front-fr.jpg","contentUrl":"https:\/\/esemineu.ro\/wp-content\/uploads\/2024\/11\/soba-teracota-fagaras-front-fr.jpg","width":1000,"height":1000},{"@type":"BreadcrumbList","@id":"https:\/\/esemineu.ro\/hu\/termek\/fogarasi-melegito-cserepkalyha-4-soros-hordozhato-cserepkalyha-9kw\/#breadcrumb","itemListElement":[{"@type":"ListItem","position":1,"name":"Kezd\u0151lap","item":"https:\/\/esemineu.ro\/hu\/"},{"@type":"ListItem","position":2,"name":"\u00c1ruh\u00e1z","item":"https:\/\/esemineu.ro\/hu\/aruhaz\/"},{"@type":"ListItem","position":3,"name":"Fogarasi Melegit\u0151 Cser\u00e9pk\u00e1lyha 4 soros, Hordozhat\u00f3 cser\u00e9pk\u00e1lyha 9kW"}]},{"@type":"WebSite","@id":"https:\/\/esemineu.ro\/hu\/#website","url":"https:\/\/esemineu.ro\/hu\/","name":"eSemineu","description":"\u0218eminee de cea mai \u00eenalt\u0103 calitate","potentialAction":[{"@type":"SearchAction","target":{"@type":"EntryPoint","urlTemplate":"https:\/\/esemineu.ro\/hu\/?s={search_term_string}"},"query-input":{"@type":"PropertyValueSpecification","valueRequired":true,"valueName":"search_term_string"}}],"inLanguage":"hu"}]}},"_links":{"self":[{"href":"https:\/\/esemineu.ro\/hu\/wp-json\/wp\/v2\/product\/27584","targetHints":{"allow":["GET"]}}],"collection":[{"href":"https:\/\/esemineu.ro\/hu\/wp-json\/wp\/v2\/product"}],"about":[{"href":"https:\/\/esemineu.ro\/hu\/wp-json\/wp\/v2\/types\/product"}],"replies":[{"embeddable":true,"href":"https:\/\/esemineu.ro\/hu\/wp-json\/wp\/v2\/comments?post=27584"}],"wp:featuredmedia":[{"embeddable":true,"href":"https:\/\/esemineu.ro\/hu\/wp-json\/wp\/v2\/media\/27486"}],"wp:attachment":[{"href":"https:\/\/esemineu.ro\/hu\/wp-json\/wp\/v2\/media?parent=27584"}],"wp:term":[{"taxonomy":"product_brand","embeddable":true,"href":"https:\/\/esemineu.ro\/hu\/wp-json\/wp\/v2\/product_brand?post=27584"},{"taxonomy":"product_cat","embeddable":true,"href":"https:\/\/esemineu.ro\/hu\/wp-json\/wp\/v2\/product_cat?post=27584"},{"taxonomy":"product_tag","embeddable":true,"href":"https:\/\/esemineu.ro\/hu\/wp-json\/wp\/v2\/product_tag?post=27584"}],"curies":[{"name":"wp","href":"https:\/\/api.w.org\/{rel}","templated":true}]}}