{"id":26606,"date":"2024-10-07T14:55:20","date_gmt":"2024-10-07T12:55:20","guid":{"rendered":"https:\/\/esemineu.ro\/?post_type=product&#038;p=26606"},"modified":"2026-01-26T14:52:27","modified_gmt":"2026-01-26T12:52:27","slug":"evotools-duplafalu-kandallo-szabadonallo-kandallo-85kw-os","status":"publish","type":"product","link":"https:\/\/esemineu.ro\/hu\/termek\/evotools-duplafalu-kandallo-szabadonallo-kandallo-85kw-os\/","title":{"rendered":"Evotools Duplafal\u00fa kandall\u00f3, szabadon\u00e1ll\u00f3 kandall\u00f3 8,5kW-os"},"content":{"rendered":"<div class=\"flex max-w-full flex-col flex-grow\">\n<div class=\"min-h-8 text-message flex w-full flex-col items-end gap-2 whitespace-normal break-words [.text-message+&amp;]:mt-5\" dir=\"auto\" data-message-author-role=\"assistant\" data-message-id=\"7a28ed0b-91e3-4cb0-9ec0-02d9e0059934\">\n<div class=\"flex w-full flex-col gap-1 empty:hidden first:pt-[3px]\">\n<div class=\"markdown prose w-full break-words dark:prose-invert light\">\n<p>Az <strong>Evotools Duplafal\u00fa szabadon\u00e1ll\u00f3 kandall\u00f3<\/strong> ide\u00e1lis v\u00e1laszt\u00e1s nagy terek hat\u00e9kony f\u0171t\u00e9s\u00e9hez. <strong>8,5 kW teljes\u00edtm\u00e9ny\u00e9vel<\/strong> gyors \u00e9s egyenletes meleget biztos\u00edt.<\/p>\n<p>A kandall\u00f3 <strong>80%-os hat\u00e1sfoka<\/strong> garant\u00e1lja az energiahat\u00e9kony f\u0171t\u00e9st, mik\u00f6zben k\u00e9pes <strong>130-150 m\u00b3-es terek<\/strong> felmeleg\u00edt\u00e9s\u00e9re. Kompakt m\u00e9reteinek k\u00f6sz\u00f6nhet\u0151en (<strong>47 \u00d7 41 \u00d7 93 cm<\/strong>), k\u00f6nnyen elhelyezhet\u0151 b\u00e1rmilyen otthonban.<\/p>\n<p>A <strong>120 mm \u00e1tm\u00e9r\u0151j\u0171 f\u00fcstcs\u0151 csatlakoz\u00f3<\/strong> hat\u00e9konyan vezeti el a f\u00fcst\u00f6t. A kandall\u00f3 sz\u00edne <strong>sz\u00fcrke \u00e9s matt fekete<\/strong>, \u00edgy modern \u00e9s eleg\u00e1ns megjelen\u00e9st biztos\u00edt.<\/p>\n<p><strong>Ac\u00e9llemezb\u0151l k\u00e9sz\u00fclt<\/strong>, ami tart\u00f3ss\u00e1got \u00e9s hossz\u00fa \u00e9lettartamot biztos\u00edt. <strong>Brikettel \u00e9s f\u00e1val<\/strong> egyar\u00e1nt m\u0171k\u00f6dik, \u00e9s a <strong>2 \u00e9v garancia<\/strong> biztos\u00edtja a megb\u00edzhat\u00f3s\u00e1got.<\/p>\n<p>Az <strong>Evotools Duplafal\u00fa kandall\u00f3<\/strong> modellje <strong>portabil<\/strong>, k\u00f6nnyen mozgathat\u00f3, \u00edgy rugalmasan haszn\u00e1lhat\u00f3 a k\u00fcl\u00f6nb\u00f6z\u0151 helyis\u00e9gekben.<\/p>\n<\/div>\n<\/div>\n<\/div>\n<\/div>\n<h4><strong><br \/>\nFigyelem! Ne \u00e9gessen!<\/strong><\/h4>\n<p>H\u00e1ztart\u00e1si hullad\u00e9k, ragasztott vagy festett fa rostok, lapocsk\u00e1k vagy fa darabokb\u00f3l k\u00e9sz\u00fclt r\u00e9szecsk\u00e9k, illetve m\u00e1s hullad\u00e9kok, amelyek mesters\u00e9ges vegyi kever\u00e9keket tartalmaznak, val\u00f3j\u00e1ban nem \u00e9gnek el, csup\u00e1n megv\u00e1ltoztatj\u00e1k megjelen\u00e9s\u00fcket, \u00e9s amikor a l\u00e9gk\u00f6rbe ker\u00fclnek, kisz\u00e1m\u00edthatatlan k\u00f6vetkezm\u00e9nyekkel j\u00e1rnak. A kandall\u00f3 f\u0171t\u00e9si berendez\u00e9s. Ha hullad\u00e9kot \u00e9gettek a kandall\u00f3ban, az elvezet\u0151 ny\u00edl\u00e1s elt\u00f6m\u0151dhet.<\/p>\n<p><strong>Csatorn\u00e1hoz val\u00f3 csatlakoz\u00e1s:<\/strong><\/p>\n<p>Az eszk\u00f6zh\u00f6z csatlakoztatott k\u00e9m\u00e9ny megfelel\u0151nek kell lennie az eszk\u00f6z teljes\u00edtm\u00e9ny\u00e9hez. Telep\u00edt\u00e9s el\u0151tt k\u00e9rj\u00e9k meg a k\u00e9m\u00e9nyszem\u00e9ket, hogy ellen\u0151rizze a k\u00e9m\u00e9nyt, \u00e9s k\u00e9rjenek szakmai v\u00e9lem\u00e9nyt, mivel k\u00e9s\u0151bb sz\u00fcks\u00e9g lehet r\u00e1. A k\u00f6vetkez\u0151 egyszer\u0171 m\u00f3dszer nem helyettes\u00edtheti a szakember \u00e1ltal v\u00e9gzett ellen\u0151rz\u00e9st. A k\u00e9m\u00e9ny ellen\u0151rz\u00e9se gyerty\u00e1val vagy \u00f6ngy\u00fajt\u00f3val is elv\u00e9gezhet\u0151. Ha a k\u00e9m\u00e9ny l\u00e9g\u00e1rama nem vonzza a gyertya l\u00e1ngj\u00e1t, az nem elegend\u0151. Ha a l\u00e9g\u00e1ram nem megfelel\u0151, k\u00e9rjenek szakembert a jav\u00edt\u00e1shoz. Az eszk\u00f6zt csak akkor haszn\u00e1lj\u00e1k, ha a k\u00e9m\u00e9ny el\u00e9g l\u00e9g\u00e1ramot biztos\u00edt. Ez a kandall\u00f3 k\u00e9m\u00e9ny\u00e9hez val\u00f3 csatlakoz\u00e1shoz sz\u00fcks\u00e9ges minimum.<\/p>\n<p><strong>Figyelmeztet\u00e9s:<\/strong><\/p>\n<p>Minden kaz\u00e1n, kandall\u00f3 \u00e9s t\u0171zhely csatlakoztat\u00e1sakor a k\u00e9m\u00e9nyszem\u00e9nek j\u00f3v\u00e1 kell hagynia azt. Ez a t\u00f6rv\u00e9ny \u00e1ltal k\u00f6telez\u0151 \u00e9rv\u00e9ny\u0171, ellenkez\u0151 esetben a term\u00e9khez nincs garancia: \u2022 2012-es XC t\u00f6rv\u00e9ny a k\u00e9m\u00e9ny tiszt\u00edt\u00f3 k\u00f6zszolg\u00e1ltat\u00e1sokr\u00f3l \u00e9s \u2022 a XII.11 sz\u00e1m\u00fa BM rendelet kimondja, hogy az \u00e9get\u0151eszk\u00f6z k\u00e9m\u00e9nyhez val\u00f3 csatlakoztat\u00e1s\u00e1t a k\u00e9m\u00e9nyszem\u00e9 kell j\u00f3v\u00e1hagynia. \u2022 A k\u00e9m\u00e9nyek tiszt\u00edt\u00e1s\u00e1ra vonatkoz\u00f3 ipari nyilatkozat nem helyettes\u00edti a k\u00f6zszolg\u00e1lati k\u00e9m\u00e9nyszem\u00e9 igazol\u00e1s\u00e1t.<\/p>\n<h4><strong>Sz\u00e1ll\u00edt\u00e1s:<\/strong><\/h4>\n<p>Evotools Duplafal\u00fa kandall\u00f3 sz\u00e1ll\u00edt\u00e1sa: A kandall\u00f3 fa keretben \u00e9rkezik, \u00e9s m\u0171anyag f\u00f3li\u00e1val van v\u00e9dve. A kandall\u00f3 haszn\u00e1lati \u00fatmutat\u00f3val, megfelel\u0151s\u00e9gi nyilatkozattal \u00e9s garanci\u00e1lis igazol\u00e1ssal \u00e9rkezik.<\/p>\n<p>Egy\u00e9b kandall\u00f3 aj\u00e1nlatokat itt <a href=\"https:\/\/esemineu.ro\/hu\/termekkategoria\/fatuzelesu-kandallok\/\">tal\u00e1lj\u00e1k<\/a>.<\/p>\n<p>Az els\u0151 \u00e9get\u00e9sek sor\u00e1n f\u00fcst vagy kellemetlen szag szabadulhat fel a fest\u00e9k sz\u00e1rad\u00e1sa miatt; ezek nem vesz\u00e9lyesek, csak a helyis\u00e9g j\u00f3 szell\u0151ztet\u00e9s\u00e9re van sz\u00fcks\u00e9g.<\/p>\n","protected":false},"excerpt":{"rendered":"<p>Az Evotools Duplafal\u00fa szabadon\u00e1ll\u00f3 kandall\u00f3 ide\u00e1lis v\u00e1laszt\u00e1s nagy terek hat\u00e9kony f\u0171t\u00e9s\u00e9hez. 8,5 kW teljes\u00edtm\u00e9ny\u00e9vel gyors \u00e9s egyenletes meleget biztos\u00edt. A kandall\u00f3 80%-os hat\u00e1sfoka garant\u00e1lja az energiahat\u00e9kony f\u0171t\u00e9st, mik\u00f6zben k\u00e9pes 130-150 m\u00b3-es terek felmeleg\u00edt\u00e9s\u00e9re. Kompakt m\u00e9reteinek k\u00f6sz\u00f6nhet\u0151en (47 \u00d7 41 \u00d7 93 cm), k\u00f6nnyen elhelyezhet\u0151 b\u00e1rmilyen otthonban. A 120 mm \u00e1tm\u00e9r\u0151j\u0171 f\u00fcstcs\u0151 csatlakoz\u00f3 hat\u00e9konyan vezeti el a f\u00fcst\u00f6t. A kandall\u00f3 sz\u00edne sz\u00fcrke \u00e9s matt fekete, \u00edgy modern \u00e9s eleg\u00e1ns megjelen\u00e9st biztos\u00edt. Ac\u00e9llemezb\u0151l k\u00e9sz\u00fclt, ami tart\u00f3ss\u00e1got \u00e9s hossz\u00fa \u00e9lettartamot biztos\u00edt. Brikettel \u00e9s f\u00e1val egyar\u00e1nt m\u0171k\u00f6dik, \u00e9s a 2 \u00e9v garancia biztos\u00edtja a megb\u00edzhat\u00f3s\u00e1got. Az Evotools Duplafal\u00fa kandall\u00f3 modellje portabil, k\u00f6nnyen mozgathat\u00f3, \u00edgy rugalmasan haszn\u00e1lhat\u00f3 a k\u00fcl\u00f6nb\u00f6z\u0151 helyis\u00e9gekben. Figyelem! Ne \u00e9gessen! H\u00e1ztart\u00e1si hullad\u00e9k, ragasztott vagy festett fa rostok, lapocsk\u00e1k vagy fa darabokb\u00f3l k\u00e9sz\u00fclt r\u00e9szecsk\u00e9k, illetve m\u00e1s hullad\u00e9kok, amelyek mesters\u00e9ges vegyi kever\u00e9keket tartalmaznak, val\u00f3j\u00e1ban nem \u00e9gnek el, csup\u00e1n megv\u00e1ltoztatj\u00e1k megjelen\u00e9s\u00fcket, \u00e9s amikor a l\u00e9gk\u00f6rbe ker\u00fclnek, kisz\u00e1m\u00edthatatlan k\u00f6vetkezm\u00e9nyekkel j\u00e1rnak. A kandall\u00f3 f\u0171t\u00e9si berendez\u00e9s. Ha hullad\u00e9kot &hellip; <a href=\"https:\/\/esemineu.ro\/hu\/termek\/evotools-duplafalu-kandallo-szabadonallo-kandallo-85kw-os\/\">Folytatva<\/a><\/p>\n","protected":false},"featured_media":26580,"comment_status":"open","ping_status":"closed","template":"","meta":[],"product_brand":[2058],"product_cat":[2346,836],"product_tag":[],"class_list":{"0":"post-26606","1":"product","2":"type-product","3":"status-publish","4":"has-post-thumbnail","6":"product_brand-evotools","7":"product_cat-fatuzelesu-kandallok-2","8":"product_cat-mobil-hordozhato-szabadon-allo-kandallok","9":"product_shipping_class-kandallok","10":"pa_combustibil-utilizat-brikett","11":"pa_combustibil-utilizat-fa","12":"pa_culoare-gri-hu","13":"pa_culoare-matt-fekete","14":"pa_diametru-racordului-la-cos-120-mm-hu","15":"pa_material-tabla-de-otel-hu","16":"pa_model-hordozhato-hu","17":"pa_putere-85-kw-hu","18":"pa_randament-80-hu","19":"pa_spatiu-de-aer-incalzit-130-150-m3-hu","21":"first","22":"outofstock","23":"featured","24":"shipping-taxable","25":"purchasable","26":"product-type-simple"},"acf":[],"yoast_head":"<!-- This site is optimized with the Yoast SEO Premium plugin v21.0 (Yoast SEO v27.3) - https:\/\/yoast.com\/product\/yoast-seo-premium-wordpress\/ -->\n<title>Evotools Duplafal\u00fa kandall\u00f3, szabadon\u00e1ll\u00f3 kandall\u00f3 8,5kW-os - eSemineu<\/title>\n<meta name=\"description\" content=\"Evotools Duplafal\u00fa kandall\u00f3, 8,5 kW teljes\u00edtm\u00e9ny, 80% hat\u00e1sfok, brikettel \u00e9s f\u00e1val m\u0171k\u00f6dik, f\u0171thet\u0151 t\u00e9r 130-150 m\u00b3. eSemineu.ro\" \/>\n<meta name=\"robots\" content=\"index, follow, max-snippet:-1, max-image-preview:large, max-video-preview:-1\" \/>\n<link rel=\"canonical\" href=\"https:\/\/esemineu.ro\/hu\/termek\/evotools-duplafalu-kandallo-szabadonallo-kandallo-85kw-os\/\" \/>\n<meta property=\"og:locale\" content=\"hu_HU\" \/>\n<meta property=\"og:type\" content=\"article\" \/>\n<meta property=\"og:title\" content=\"Evotools Duplafal\u00fa kandall\u00f3, szabadon\u00e1ll\u00f3 kandall\u00f3 8,5kW-os - eSemineu\" \/>\n<meta property=\"og:description\" content=\"Evotools Duplafal\u00fa kandall\u00f3, 8,5 kW teljes\u00edtm\u00e9ny, 80% hat\u00e1sfok, brikettel \u00e9s f\u00e1val m\u0171k\u00f6dik, f\u0171thet\u0151 t\u00e9r 130-150 m\u00b3. eSemineu.ro\" \/>\n<meta property=\"og:url\" content=\"https:\/\/esemineu.ro\/hu\/termek\/evotools-duplafalu-kandallo-szabadonallo-kandallo-85kw-os\/\" \/>\n<meta property=\"og:site_name\" content=\"eSemineu\" \/>\n<meta property=\"article:publisher\" content=\"https:\/\/web.facebook.com\/eSemineu\" \/>\n<meta property=\"article:modified_time\" content=\"2026-01-26T12:52:27+00:00\" \/>\n<meta property=\"og:image\" content=\"https:\/\/esemineu.ro\/wp-content\/uploads\/2024\/10\/SEMINEU-PLACI-EVOTOOLS-LANDING-FR.jpg\" \/>\n\t<meta property=\"og:image:width\" content=\"1000\" \/>\n\t<meta property=\"og:image:height\" content=\"1000\" \/>\n\t<meta property=\"og:image:type\" content=\"image\/jpeg\" \/>\n<meta name=\"twitter:card\" content=\"summary_large_image\" \/>\n<meta name=\"twitter:label1\" content=\"Becs\u00fclt olvas\u00e1si id\u0151\" \/>\n\t<meta name=\"twitter:data1\" content=\"3 perc\" \/>\n<script type=\"application\/ld+json\" class=\"yoast-schema-graph\">{\"@context\":\"https:\\\/\\\/schema.org\",\"@graph\":[{\"@type\":\"WebPage\",\"@id\":\"https:\\\/\\\/esemineu.ro\\\/hu\\\/termek\\\/evotools-duplafalu-kandallo-szabadonallo-kandallo-85kw-os\\\/\",\"url\":\"https:\\\/\\\/esemineu.ro\\\/hu\\\/termek\\\/evotools-duplafalu-kandallo-szabadonallo-kandallo-85kw-os\\\/\",\"name\":\"Evotools Duplafal\u00fa kandall\u00f3, szabadon\u00e1ll\u00f3 kandall\u00f3 8,5kW-os - eSemineu\",\"isPartOf\":{\"@id\":\"https:\\\/\\\/esemineu.ro\\\/hu\\\/#website\"},\"primaryImageOfPage\":{\"@id\":\"https:\\\/\\\/esemineu.ro\\\/hu\\\/termek\\\/evotools-duplafalu-kandallo-szabadonallo-kandallo-85kw-os\\\/#primaryimage\"},\"image\":{\"@id\":\"https:\\\/\\\/esemineu.ro\\\/hu\\\/termek\\\/evotools-duplafalu-kandallo-szabadonallo-kandallo-85kw-os\\\/#primaryimage\"},\"thumbnailUrl\":\"https:\\\/\\\/esemineu.ro\\\/wp-content\\\/uploads\\\/2024\\\/10\\\/SEMINEU-PLACI-EVOTOOLS-LANDING-FR.jpg\",\"datePublished\":\"2024-10-07T12:55:20+00:00\",\"dateModified\":\"2026-01-26T12:52:27+00:00\",\"description\":\"Evotools Duplafal\u00fa kandall\u00f3, 8,5 kW teljes\u00edtm\u00e9ny, 80% hat\u00e1sfok, brikettel \u00e9s f\u00e1val m\u0171k\u00f6dik, f\u0171thet\u0151 t\u00e9r 130-150 m\u00b3. eSemineu.ro\",\"breadcrumb\":{\"@id\":\"https:\\\/\\\/esemineu.ro\\\/hu\\\/termek\\\/evotools-duplafalu-kandallo-szabadonallo-kandallo-85kw-os\\\/#breadcrumb\"},\"inLanguage\":\"hu\",\"potentialAction\":[{\"@type\":\"ReadAction\",\"target\":[\"https:\\\/\\\/esemineu.ro\\\/hu\\\/termek\\\/evotools-duplafalu-kandallo-szabadonallo-kandallo-85kw-os\\\/\"]}]},{\"@type\":\"ImageObject\",\"inLanguage\":\"hu\",\"@id\":\"https:\\\/\\\/esemineu.ro\\\/hu\\\/termek\\\/evotools-duplafalu-kandallo-szabadonallo-kandallo-85kw-os\\\/#primaryimage\",\"url\":\"https:\\\/\\\/esemineu.ro\\\/wp-content\\\/uploads\\\/2024\\\/10\\\/SEMINEU-PLACI-EVOTOOLS-LANDING-FR.jpg\",\"contentUrl\":\"https:\\\/\\\/esemineu.ro\\\/wp-content\\\/uploads\\\/2024\\\/10\\\/SEMINEU-PLACI-EVOTOOLS-LANDING-FR.jpg\",\"width\":1000,\"height\":1000,\"caption\":\"Evotools Duplafal\u00fa kandall\u00f3\"},{\"@type\":\"BreadcrumbList\",\"@id\":\"https:\\\/\\\/esemineu.ro\\\/hu\\\/termek\\\/evotools-duplafalu-kandallo-szabadonallo-kandallo-85kw-os\\\/#breadcrumb\",\"itemListElement\":[{\"@type\":\"ListItem\",\"position\":1,\"name\":\"Kezd\u0151lap\",\"item\":\"https:\\\/\\\/esemineu.ro\\\/hu\\\/\"},{\"@type\":\"ListItem\",\"position\":2,\"name\":\"\u00c1ruh\u00e1z\",\"item\":\"https:\\\/\\\/esemineu.ro\\\/hu\\\/aruhaz\\\/\"},{\"@type\":\"ListItem\",\"position\":3,\"name\":\"Evotools Duplafal\u00fa kandall\u00f3, szabadon\u00e1ll\u00f3 kandall\u00f3 8,5kW-os\"}]},{\"@type\":\"WebSite\",\"@id\":\"https:\\\/\\\/esemineu.ro\\\/hu\\\/#website\",\"url\":\"https:\\\/\\\/esemineu.ro\\\/hu\\\/\",\"name\":\"eSemineu\",\"description\":\"\u0218eminee de cea mai \u00eenalt\u0103 calitate\",\"potentialAction\":[{\"@type\":\"SearchAction\",\"target\":{\"@type\":\"EntryPoint\",\"urlTemplate\":\"https:\\\/\\\/esemineu.ro\\\/hu\\\/?s={search_term_string}\"},\"query-input\":{\"@type\":\"PropertyValueSpecification\",\"valueRequired\":true,\"valueName\":\"search_term_string\"}}],\"inLanguage\":\"hu\"}]}<\/script>\n<!-- \/ Yoast SEO Premium plugin. -->","yoast_head_json":{"title":"Evotools Duplafal\u00fa kandall\u00f3, szabadon\u00e1ll\u00f3 kandall\u00f3 8,5kW-os - eSemineu","description":"Evotools Duplafal\u00fa kandall\u00f3, 8,5 kW teljes\u00edtm\u00e9ny, 80% hat\u00e1sfok, brikettel \u00e9s f\u00e1val m\u0171k\u00f6dik, f\u0171thet\u0151 t\u00e9r 130-150 m\u00b3. eSemineu.ro","robots":{"index":"index","follow":"follow","max-snippet":"max-snippet:-1","max-image-preview":"max-image-preview:large","max-video-preview":"max-video-preview:-1"},"canonical":"https:\/\/esemineu.ro\/hu\/termek\/evotools-duplafalu-kandallo-szabadonallo-kandallo-85kw-os\/","og_locale":"hu_HU","og_type":"article","og_title":"Evotools Duplafal\u00fa kandall\u00f3, szabadon\u00e1ll\u00f3 kandall\u00f3 8,5kW-os - eSemineu","og_description":"Evotools Duplafal\u00fa kandall\u00f3, 8,5 kW teljes\u00edtm\u00e9ny, 80% hat\u00e1sfok, brikettel \u00e9s f\u00e1val m\u0171k\u00f6dik, f\u0171thet\u0151 t\u00e9r 130-150 m\u00b3. eSemineu.ro","og_url":"https:\/\/esemineu.ro\/hu\/termek\/evotools-duplafalu-kandallo-szabadonallo-kandallo-85kw-os\/","og_site_name":"eSemineu","article_publisher":"https:\/\/web.facebook.com\/eSemineu","article_modified_time":"2026-01-26T12:52:27+00:00","og_image":[{"width":1000,"height":1000,"url":"https:\/\/esemineu.ro\/wp-content\/uploads\/2024\/10\/SEMINEU-PLACI-EVOTOOLS-LANDING-FR.jpg","type":"image\/jpeg"}],"twitter_card":"summary_large_image","twitter_misc":{"Becs\u00fclt olvas\u00e1si id\u0151":"3 perc"},"schema":{"@context":"https:\/\/schema.org","@graph":[{"@type":"WebPage","@id":"https:\/\/esemineu.ro\/hu\/termek\/evotools-duplafalu-kandallo-szabadonallo-kandallo-85kw-os\/","url":"https:\/\/esemineu.ro\/hu\/termek\/evotools-duplafalu-kandallo-szabadonallo-kandallo-85kw-os\/","name":"Evotools Duplafal\u00fa kandall\u00f3, szabadon\u00e1ll\u00f3 kandall\u00f3 8,5kW-os - eSemineu","isPartOf":{"@id":"https:\/\/esemineu.ro\/hu\/#website"},"primaryImageOfPage":{"@id":"https:\/\/esemineu.ro\/hu\/termek\/evotools-duplafalu-kandallo-szabadonallo-kandallo-85kw-os\/#primaryimage"},"image":{"@id":"https:\/\/esemineu.ro\/hu\/termek\/evotools-duplafalu-kandallo-szabadonallo-kandallo-85kw-os\/#primaryimage"},"thumbnailUrl":"https:\/\/esemineu.ro\/wp-content\/uploads\/2024\/10\/SEMINEU-PLACI-EVOTOOLS-LANDING-FR.jpg","datePublished":"2024-10-07T12:55:20+00:00","dateModified":"2026-01-26T12:52:27+00:00","description":"Evotools Duplafal\u00fa kandall\u00f3, 8,5 kW teljes\u00edtm\u00e9ny, 80% hat\u00e1sfok, brikettel \u00e9s f\u00e1val m\u0171k\u00f6dik, f\u0171thet\u0151 t\u00e9r 130-150 m\u00b3. eSemineu.ro","breadcrumb":{"@id":"https:\/\/esemineu.ro\/hu\/termek\/evotools-duplafalu-kandallo-szabadonallo-kandallo-85kw-os\/#breadcrumb"},"inLanguage":"hu","potentialAction":[{"@type":"ReadAction","target":["https:\/\/esemineu.ro\/hu\/termek\/evotools-duplafalu-kandallo-szabadonallo-kandallo-85kw-os\/"]}]},{"@type":"ImageObject","inLanguage":"hu","@id":"https:\/\/esemineu.ro\/hu\/termek\/evotools-duplafalu-kandallo-szabadonallo-kandallo-85kw-os\/#primaryimage","url":"https:\/\/esemineu.ro\/wp-content\/uploads\/2024\/10\/SEMINEU-PLACI-EVOTOOLS-LANDING-FR.jpg","contentUrl":"https:\/\/esemineu.ro\/wp-content\/uploads\/2024\/10\/SEMINEU-PLACI-EVOTOOLS-LANDING-FR.jpg","width":1000,"height":1000,"caption":"Evotools Duplafal\u00fa kandall\u00f3"},{"@type":"BreadcrumbList","@id":"https:\/\/esemineu.ro\/hu\/termek\/evotools-duplafalu-kandallo-szabadonallo-kandallo-85kw-os\/#breadcrumb","itemListElement":[{"@type":"ListItem","position":1,"name":"Kezd\u0151lap","item":"https:\/\/esemineu.ro\/hu\/"},{"@type":"ListItem","position":2,"name":"\u00c1ruh\u00e1z","item":"https:\/\/esemineu.ro\/hu\/aruhaz\/"},{"@type":"ListItem","position":3,"name":"Evotools Duplafal\u00fa kandall\u00f3, szabadon\u00e1ll\u00f3 kandall\u00f3 8,5kW-os"}]},{"@type":"WebSite","@id":"https:\/\/esemineu.ro\/hu\/#website","url":"https:\/\/esemineu.ro\/hu\/","name":"eSemineu","description":"\u0218eminee de cea mai \u00eenalt\u0103 calitate","potentialAction":[{"@type":"SearchAction","target":{"@type":"EntryPoint","urlTemplate":"https:\/\/esemineu.ro\/hu\/?s={search_term_string}"},"query-input":{"@type":"PropertyValueSpecification","valueRequired":true,"valueName":"search_term_string"}}],"inLanguage":"hu"}]}},"_links":{"self":[{"href":"https:\/\/esemineu.ro\/hu\/wp-json\/wp\/v2\/product\/26606","targetHints":{"allow":["GET"]}}],"collection":[{"href":"https:\/\/esemineu.ro\/hu\/wp-json\/wp\/v2\/product"}],"about":[{"href":"https:\/\/esemineu.ro\/hu\/wp-json\/wp\/v2\/types\/product"}],"replies":[{"embeddable":true,"href":"https:\/\/esemineu.ro\/hu\/wp-json\/wp\/v2\/comments?post=26606"}],"wp:featuredmedia":[{"embeddable":true,"href":"https:\/\/esemineu.ro\/hu\/wp-json\/wp\/v2\/media\/26580"}],"wp:attachment":[{"href":"https:\/\/esemineu.ro\/hu\/wp-json\/wp\/v2\/media?parent=26606"}],"wp:term":[{"taxonomy":"product_brand","embeddable":true,"href":"https:\/\/esemineu.ro\/hu\/wp-json\/wp\/v2\/product_brand?post=26606"},{"taxonomy":"product_cat","embeddable":true,"href":"https:\/\/esemineu.ro\/hu\/wp-json\/wp\/v2\/product_cat?post=26606"},{"taxonomy":"product_tag","embeddable":true,"href":"https:\/\/esemineu.ro\/hu\/wp-json\/wp\/v2\/product_tag?post=26606"}],"curies":[{"name":"wp","href":"https:\/\/api.w.org\/{rel}","templated":true}]}}