{"id":26078,"date":"2024-09-16T15:43:04","date_gmt":"2024-09-16T13:43:04","guid":{"rendered":"https:\/\/esemineu.ro\/?post_type=product&#038;p=26078"},"modified":"2025-06-19T13:46:02","modified_gmt":"2025-06-19T11:46:02","slug":"semineu-electric-larsen-gri-led-3d-1500w","status":"publish","type":"product","link":"https:\/\/esemineu.ro\/hu\/termek\/semineu-electric-larsen-gri-led-3d-1500w\/","title":{"rendered":"\u0218emineu Electric Larsen Gri, LED 3D 1500W"},"content":{"rendered":"<p>\u0218emineu Electric Larsen Gri<\/p>\n<p>\u0218emineu Electric\u00a0<strong>Larsen Gri<\/strong>\u00a0ofer\u0103 un design elegant \u0219i modern, ideal pentru orice locuin\u021b\u0103. Fabricat din\u00a0<strong>MDF<\/strong> \u0219i metal, acesta are o ram\u0103\u00a0<strong>gri<\/strong>\u00a0ce adaug\u0103 un plus de rafinament oric\u0103rui spa\u021biu.<\/p>\n<p>Cu o \u00een\u0103l\u021bime de\u00a0<strong>94.5 cm<\/strong>, l\u0103\u021bime de\u00a0<strong>110 cm<\/strong>\u00a0\u0219i ad\u00e2ncime de\u00a0<strong>23 cm<\/strong>, \u0219emineul este u\u0219or de amplasat \u0219i perfect pentru \u00eenc\u0103peri diverse. Greutatea de\u00a0<strong>32 kg<\/strong>\u00a0garanteaz\u0103 durabilitate \u0219i stabilitate.<\/p>\n<p>Tehnologia\u00a0<strong>LED 3D<\/strong>\u00a0cu flac\u0103r\u0103 decorativ\u0103 \u0219i bu\u0219teni ilumina\u021bi creeaz\u0103 o ambian\u021b\u0103 cald\u0103 \u0219i relaxant\u0103. Acesta este dotat cu func\u021bii de\u00a0<strong>\u00eenc\u0103lzire<\/strong>,\u00a0<strong>timer<\/strong>,\u00a0<strong>afi\u0219aj digital<\/strong>\u00a0\u0219i\u00a0<strong>telecomand\u0103<\/strong>, oferind un control simplu \u0219i eficient.<\/p>\n<p>\u0218emineu\u00a0<strong>Larsen Gri<\/strong>\u00a0are o putere de\u00a0<strong>1500 W<\/strong>\u00a0\u0219i dou\u0103 trepte de putere, asigur\u00e2nd o \u00eenc\u0103lzire eficient\u0103 a unei suprafe\u021be de p\u00e2n\u0103 la\u00a0<strong>37 mp<\/strong>.\u00a0<strong>Tensiunea de alimentare<\/strong>\u00a0este de\u00a0<strong>220 V<\/strong>, oferind un consum redus de energie.[<\/p>\n<p>Tehnologia avansat\u0103\u00a0<strong>3D PowerFlame<\/strong>\u00a0include 5 trepte de luminozitate, ajustabile \u00een func\u021bie de preferin\u021be. \u0218emineul este u\u0219or de asamblat \u0219i ofer\u0103 o solu\u021bie practic\u0103 \u0219i estetic\u0103 pentru confort termic.<\/p>\n<p>Produsul vine cu\u00a0<strong>garan\u021bie de 2 ani<\/strong>, asigur\u00e2ndu-\u021bi lini\u0219tea pe termen lung.\u00a0<strong>\u0218emineu Electric Larsen Gri<\/strong>\u00a0combin\u0103 eficien\u021ba cu un design modern, economisind energie \u0219i oferind un plus de stil oric\u0103rei \u00eenc\u0103peri.<\/p>\n<h6>Cum se face transportul \u0219i ce con\u021bine coletul?<\/h6>\n<p>Transportul produsului se face oriunde \u00een \u021bar\u0103 \u00een 2-3 zile lucr\u0103toare. \u00cen Europa \u00een 5 zile lucr\u0103toare dup\u0103 efectuarea pl\u0103\u021bii confirmate. Pentru a v\u0103 asigura c\u0103 ve\u021bi primi produsul \u00eentr-o stare perfect\u0103.<\/p>\n<p>Mai multe informa\u021bii urm\u0103ri\u021bi canalul nostru de pe\u00a0<a href=\"https:\/\/www.youtube.com\/@esemineuromania\">YouTube<\/a>\u00a0sau de pe\u00a0<a href=\"https:\/\/www.facebook.com\/eSemineu\">Facebook<\/a>\u00a0\u0219i\u00a0<a href=\"https:\/\/www.instagram.com\/esemineu\/\">Instagram<\/a><\/p>\n<p>Alte oferte de seminee g\u0103si\u021bi clic\u00a0<a href=\"https:\/\/esemineu.ro\/categorie-produs\/seminee-mobile-de-sine-statatoare\/\">aici<\/a><\/p>\n<p><em>Pe durata primelor arderi se poate elibera fum sau miros nepl\u0103cut din cauza usc\u0103rii vopselei; acestea nu sunt periculoase, este nevoie doar de o bun\u0103 aerisire a inc\u0103perii.<\/em><\/p>\n<p><a title=\"eSemineu\" href=\"https:\/\/esemineu.ro\/\">eSemineu.ro<\/a>\u00a0 \u00a0 Tu faci focul noi d\u0103m confortul!<\/p>\n","protected":false},"excerpt":{"rendered":"<p>\u0218emineu Electric Larsen Gri \u0218emineu Electric\u00a0Larsen Gri\u00a0ofer\u0103 un design elegant \u0219i modern, ideal pentru orice locuin\u021b\u0103. Fabricat din\u00a0MDF \u0219i metal, acesta are o ram\u0103\u00a0gri\u00a0ce adaug\u0103 un plus de rafinament oric\u0103rui spa\u021biu. Cu o \u00een\u0103l\u021bime de\u00a094.5 cm, l\u0103\u021bime de\u00a0110 cm\u00a0\u0219i ad\u00e2ncime de\u00a023 cm, \u0219emineul este u\u0219or de amplasat \u0219i perfect pentru \u00eenc\u0103peri diverse. Greutatea de\u00a032 kg\u00a0garanteaz\u0103 durabilitate \u0219i stabilitate. Tehnologia\u00a0LED 3D\u00a0cu flac\u0103r\u0103 decorativ\u0103 \u0219i bu\u0219teni ilumina\u021bi creeaz\u0103 o ambian\u021b\u0103 cald\u0103 \u0219i relaxant\u0103. Acesta este dotat cu func\u021bii de\u00a0\u00eenc\u0103lzire,\u00a0timer,\u00a0afi\u0219aj digital\u00a0\u0219i\u00a0telecomand\u0103, oferind un control simplu \u0219i eficient. \u0218emineu\u00a0Larsen Gri\u00a0are o putere de\u00a01500 W\u00a0\u0219i dou\u0103 trepte de putere, asigur\u00e2nd o \u00eenc\u0103lzire eficient\u0103 a unei suprafe\u021be de p\u00e2n\u0103 la\u00a037 mp.\u00a0Tensiunea de alimentare\u00a0este de\u00a0220 V, oferind un consum redus de energie.[ Tehnologia avansat\u0103\u00a03D PowerFlame\u00a0include 5 trepte de luminozitate, ajustabile \u00een func\u021bie de preferin\u021be. \u0218emineul este u\u0219or de asamblat \u0219i ofer\u0103 o solu\u021bie practic\u0103 \u0219i estetic\u0103 pentru confort termic. Produsul vine cu\u00a0garan\u021bie de 2 ani, asigur\u00e2ndu-\u021bi lini\u0219tea &hellip; <a href=\"https:\/\/esemineu.ro\/hu\/termek\/semineu-electric-larsen-gri-led-3d-1500w\/\">Folytatva<\/a><\/p>\n","protected":false},"featured_media":26080,"comment_status":"open","ping_status":"closed","template":"","meta":[],"product_brand":[],"product_cat":[24],"product_tag":[],"class_list":{"0":"post-26078","1":"product","2":"type-product","3":"status-publish","4":"has-post-thumbnail","6":"product_cat-kategoria-nelkul","7":"pa_culoare-gri-hu","8":"pa_putere-1500w-hu","10":"first","11":"outofstock","12":"shipping-taxable","13":"purchasable","14":"product-type-simple"},"acf":[],"yoast_head":"<!-- This site is optimized with the Yoast SEO Premium plugin v21.0 (Yoast SEO v27.3) - https:\/\/yoast.com\/product\/yoast-seo-premium-wordpress\/ -->\n<title>\u0218emineu Electric Larsen Gri, LED 3D 1500W - eSemineu<\/title>\n<meta name=\"description\" content=\"\u0218emineu Electric Larsen Gri - o solu\u021bie modern\u0103 \u0219i elegant\u0103, dotat\u0103 cu tehnologie LED \u0219i func\u021bii eficiente de \u00eenc\u0103lzire, perfect\u0103 pentru orice interior.\" \/>\n<meta name=\"robots\" content=\"index, follow, max-snippet:-1, max-image-preview:large, max-video-preview:-1\" \/>\n<link rel=\"canonical\" href=\"https:\/\/esemineu.ro\/hu\/termek\/semineu-electric-larsen-gri-led-3d-1500w\/\" \/>\n<meta property=\"og:locale\" content=\"hu_HU\" \/>\n<meta property=\"og:type\" content=\"article\" \/>\n<meta property=\"og:title\" content=\"\u0218emineu Electric Larsen Gri, LED 3D 1500W - eSemineu\" \/>\n<meta property=\"og:description\" content=\"\u0218emineu Electric Larsen Gri - o solu\u021bie modern\u0103 \u0219i elegant\u0103, dotat\u0103 cu tehnologie LED \u0219i func\u021bii eficiente de \u00eenc\u0103lzire, perfect\u0103 pentru orice interior.\" \/>\n<meta property=\"og:url\" content=\"https:\/\/esemineu.ro\/hu\/termek\/semineu-electric-larsen-gri-led-3d-1500w\/\" \/>\n<meta property=\"og:site_name\" content=\"eSemineu\" \/>\n<meta property=\"article:publisher\" content=\"https:\/\/web.facebook.com\/eSemineu\" \/>\n<meta property=\"article:modified_time\" content=\"2025-06-19T11:46:02+00:00\" \/>\n<meta property=\"og:image\" content=\"https:\/\/esemineu.ro\/wp-content\/uploads\/2024\/09\/DECOR-SEMINEU-LARSEN-GRI.jpg\" \/>\n\t<meta property=\"og:image:width\" content=\"1000\" \/>\n\t<meta property=\"og:image:height\" content=\"1000\" \/>\n\t<meta property=\"og:image:type\" content=\"image\/jpeg\" \/>\n<meta name=\"twitter:card\" content=\"summary_large_image\" \/>\n<meta name=\"twitter:label1\" content=\"Becs\u00fclt olvas\u00e1si id\u0151\" \/>\n\t<meta name=\"twitter:data1\" content=\"2 perc\" \/>\n<script type=\"application\/ld+json\" class=\"yoast-schema-graph\">{\"@context\":\"https:\\\/\\\/schema.org\",\"@graph\":[{\"@type\":\"WebPage\",\"@id\":\"https:\\\/\\\/esemineu.ro\\\/hu\\\/termek\\\/semineu-electric-larsen-gri-led-3d-1500w\\\/\",\"url\":\"https:\\\/\\\/esemineu.ro\\\/hu\\\/termek\\\/semineu-electric-larsen-gri-led-3d-1500w\\\/\",\"name\":\"\u0218emineu Electric Larsen Gri, LED 3D 1500W - eSemineu\",\"isPartOf\":{\"@id\":\"https:\\\/\\\/esemineu.ro\\\/hu\\\/#website\"},\"primaryImageOfPage\":{\"@id\":\"https:\\\/\\\/esemineu.ro\\\/hu\\\/termek\\\/semineu-electric-larsen-gri-led-3d-1500w\\\/#primaryimage\"},\"image\":{\"@id\":\"https:\\\/\\\/esemineu.ro\\\/hu\\\/termek\\\/semineu-electric-larsen-gri-led-3d-1500w\\\/#primaryimage\"},\"thumbnailUrl\":\"https:\\\/\\\/esemineu.ro\\\/wp-content\\\/uploads\\\/2024\\\/09\\\/DECOR-SEMINEU-LARSEN-GRI.jpg\",\"datePublished\":\"2024-09-16T13:43:04+00:00\",\"dateModified\":\"2025-06-19T11:46:02+00:00\",\"description\":\"\u0218emineu Electric Larsen Gri - o solu\u021bie modern\u0103 \u0219i elegant\u0103, dotat\u0103 cu tehnologie LED \u0219i func\u021bii eficiente de \u00eenc\u0103lzire, perfect\u0103 pentru orice interior.\",\"breadcrumb\":{\"@id\":\"https:\\\/\\\/esemineu.ro\\\/hu\\\/termek\\\/semineu-electric-larsen-gri-led-3d-1500w\\\/#breadcrumb\"},\"inLanguage\":\"hu\",\"potentialAction\":[{\"@type\":\"ReadAction\",\"target\":[\"https:\\\/\\\/esemineu.ro\\\/hu\\\/termek\\\/semineu-electric-larsen-gri-led-3d-1500w\\\/\"]}]},{\"@type\":\"ImageObject\",\"inLanguage\":\"hu\",\"@id\":\"https:\\\/\\\/esemineu.ro\\\/hu\\\/termek\\\/semineu-electric-larsen-gri-led-3d-1500w\\\/#primaryimage\",\"url\":\"https:\\\/\\\/esemineu.ro\\\/wp-content\\\/uploads\\\/2024\\\/09\\\/DECOR-SEMINEU-LARSEN-GRI.jpg\",\"contentUrl\":\"https:\\\/\\\/esemineu.ro\\\/wp-content\\\/uploads\\\/2024\\\/09\\\/DECOR-SEMINEU-LARSEN-GRI.jpg\",\"width\":1000,\"height\":1000},{\"@type\":\"BreadcrumbList\",\"@id\":\"https:\\\/\\\/esemineu.ro\\\/hu\\\/termek\\\/semineu-electric-larsen-gri-led-3d-1500w\\\/#breadcrumb\",\"itemListElement\":[{\"@type\":\"ListItem\",\"position\":1,\"name\":\"Kezd\u0151lap\",\"item\":\"https:\\\/\\\/esemineu.ro\\\/hu\\\/\"},{\"@type\":\"ListItem\",\"position\":2,\"name\":\"\u00c1ruh\u00e1z\",\"item\":\"https:\\\/\\\/esemineu.ro\\\/hu\\\/aruhaz\\\/\"},{\"@type\":\"ListItem\",\"position\":3,\"name\":\"\u0218emineu Electric Larsen Gri, LED 3D 1500W\"}]},{\"@type\":\"WebSite\",\"@id\":\"https:\\\/\\\/esemineu.ro\\\/hu\\\/#website\",\"url\":\"https:\\\/\\\/esemineu.ro\\\/hu\\\/\",\"name\":\"eSemineu\",\"description\":\"\u0218eminee de cea mai \u00eenalt\u0103 calitate\",\"potentialAction\":[{\"@type\":\"SearchAction\",\"target\":{\"@type\":\"EntryPoint\",\"urlTemplate\":\"https:\\\/\\\/esemineu.ro\\\/hu\\\/?s={search_term_string}\"},\"query-input\":{\"@type\":\"PropertyValueSpecification\",\"valueRequired\":true,\"valueName\":\"search_term_string\"}}],\"inLanguage\":\"hu\"}]}<\/script>\n<!-- \/ Yoast SEO Premium plugin. -->","yoast_head_json":{"title":"\u0218emineu Electric Larsen Gri, LED 3D 1500W - eSemineu","description":"\u0218emineu Electric Larsen Gri - o solu\u021bie modern\u0103 \u0219i elegant\u0103, dotat\u0103 cu tehnologie LED \u0219i func\u021bii eficiente de \u00eenc\u0103lzire, perfect\u0103 pentru orice interior.","robots":{"index":"index","follow":"follow","max-snippet":"max-snippet:-1","max-image-preview":"max-image-preview:large","max-video-preview":"max-video-preview:-1"},"canonical":"https:\/\/esemineu.ro\/hu\/termek\/semineu-electric-larsen-gri-led-3d-1500w\/","og_locale":"hu_HU","og_type":"article","og_title":"\u0218emineu Electric Larsen Gri, LED 3D 1500W - eSemineu","og_description":"\u0218emineu Electric Larsen Gri - o solu\u021bie modern\u0103 \u0219i elegant\u0103, dotat\u0103 cu tehnologie LED \u0219i func\u021bii eficiente de \u00eenc\u0103lzire, perfect\u0103 pentru orice interior.","og_url":"https:\/\/esemineu.ro\/hu\/termek\/semineu-electric-larsen-gri-led-3d-1500w\/","og_site_name":"eSemineu","article_publisher":"https:\/\/web.facebook.com\/eSemineu","article_modified_time":"2025-06-19T11:46:02+00:00","og_image":[{"width":1000,"height":1000,"url":"https:\/\/esemineu.ro\/wp-content\/uploads\/2024\/09\/DECOR-SEMINEU-LARSEN-GRI.jpg","type":"image\/jpeg"}],"twitter_card":"summary_large_image","twitter_misc":{"Becs\u00fclt olvas\u00e1si id\u0151":"2 perc"},"schema":{"@context":"https:\/\/schema.org","@graph":[{"@type":"WebPage","@id":"https:\/\/esemineu.ro\/hu\/termek\/semineu-electric-larsen-gri-led-3d-1500w\/","url":"https:\/\/esemineu.ro\/hu\/termek\/semineu-electric-larsen-gri-led-3d-1500w\/","name":"\u0218emineu Electric Larsen Gri, LED 3D 1500W - eSemineu","isPartOf":{"@id":"https:\/\/esemineu.ro\/hu\/#website"},"primaryImageOfPage":{"@id":"https:\/\/esemineu.ro\/hu\/termek\/semineu-electric-larsen-gri-led-3d-1500w\/#primaryimage"},"image":{"@id":"https:\/\/esemineu.ro\/hu\/termek\/semineu-electric-larsen-gri-led-3d-1500w\/#primaryimage"},"thumbnailUrl":"https:\/\/esemineu.ro\/wp-content\/uploads\/2024\/09\/DECOR-SEMINEU-LARSEN-GRI.jpg","datePublished":"2024-09-16T13:43:04+00:00","dateModified":"2025-06-19T11:46:02+00:00","description":"\u0218emineu Electric Larsen Gri - o solu\u021bie modern\u0103 \u0219i elegant\u0103, dotat\u0103 cu tehnologie LED \u0219i func\u021bii eficiente de \u00eenc\u0103lzire, perfect\u0103 pentru orice interior.","breadcrumb":{"@id":"https:\/\/esemineu.ro\/hu\/termek\/semineu-electric-larsen-gri-led-3d-1500w\/#breadcrumb"},"inLanguage":"hu","potentialAction":[{"@type":"ReadAction","target":["https:\/\/esemineu.ro\/hu\/termek\/semineu-electric-larsen-gri-led-3d-1500w\/"]}]},{"@type":"ImageObject","inLanguage":"hu","@id":"https:\/\/esemineu.ro\/hu\/termek\/semineu-electric-larsen-gri-led-3d-1500w\/#primaryimage","url":"https:\/\/esemineu.ro\/wp-content\/uploads\/2024\/09\/DECOR-SEMINEU-LARSEN-GRI.jpg","contentUrl":"https:\/\/esemineu.ro\/wp-content\/uploads\/2024\/09\/DECOR-SEMINEU-LARSEN-GRI.jpg","width":1000,"height":1000},{"@type":"BreadcrumbList","@id":"https:\/\/esemineu.ro\/hu\/termek\/semineu-electric-larsen-gri-led-3d-1500w\/#breadcrumb","itemListElement":[{"@type":"ListItem","position":1,"name":"Kezd\u0151lap","item":"https:\/\/esemineu.ro\/hu\/"},{"@type":"ListItem","position":2,"name":"\u00c1ruh\u00e1z","item":"https:\/\/esemineu.ro\/hu\/aruhaz\/"},{"@type":"ListItem","position":3,"name":"\u0218emineu Electric Larsen Gri, LED 3D 1500W"}]},{"@type":"WebSite","@id":"https:\/\/esemineu.ro\/hu\/#website","url":"https:\/\/esemineu.ro\/hu\/","name":"eSemineu","description":"\u0218eminee de cea mai \u00eenalt\u0103 calitate","potentialAction":[{"@type":"SearchAction","target":{"@type":"EntryPoint","urlTemplate":"https:\/\/esemineu.ro\/hu\/?s={search_term_string}"},"query-input":{"@type":"PropertyValueSpecification","valueRequired":true,"valueName":"search_term_string"}}],"inLanguage":"hu"}]}},"_links":{"self":[{"href":"https:\/\/esemineu.ro\/hu\/wp-json\/wp\/v2\/product\/26078","targetHints":{"allow":["GET"]}}],"collection":[{"href":"https:\/\/esemineu.ro\/hu\/wp-json\/wp\/v2\/product"}],"about":[{"href":"https:\/\/esemineu.ro\/hu\/wp-json\/wp\/v2\/types\/product"}],"replies":[{"embeddable":true,"href":"https:\/\/esemineu.ro\/hu\/wp-json\/wp\/v2\/comments?post=26078"}],"wp:featuredmedia":[{"embeddable":true,"href":"https:\/\/esemineu.ro\/hu\/wp-json\/wp\/v2\/media\/26080"}],"wp:attachment":[{"href":"https:\/\/esemineu.ro\/hu\/wp-json\/wp\/v2\/media?parent=26078"}],"wp:term":[{"taxonomy":"product_brand","embeddable":true,"href":"https:\/\/esemineu.ro\/hu\/wp-json\/wp\/v2\/product_brand?post=26078"},{"taxonomy":"product_cat","embeddable":true,"href":"https:\/\/esemineu.ro\/hu\/wp-json\/wp\/v2\/product_cat?post=26078"},{"taxonomy":"product_tag","embeddable":true,"href":"https:\/\/esemineu.ro\/hu\/wp-json\/wp\/v2\/product_tag?post=26078"}],"curies":[{"name":"wp","href":"https:\/\/api.w.org\/{rel}","templated":true}]}}