{"id":25916,"date":"2024-09-11T14:01:21","date_gmt":"2024-09-11T12:01:21","guid":{"rendered":"https:\/\/esemineu.ro\/?post_type=product&#038;p=25916"},"modified":"2026-04-18T15:08:05","modified_gmt":"2026-04-18T12:08:05","slug":"hordozhato-4-soros-cserepkalyha-marvanylappal-7-kw-toszkana","status":"publish","type":"product","link":"https:\/\/esemineu.ro\/hu\/termek\/hordozhato-4-soros-cserepkalyha-marvanylappal-7-kw-toszkana\/","title":{"rendered":"Hordozhat\u00f3 4 soros cser\u00e9pk\u00e1lyha, m\u00e1rv\u00e1nylappal, 7 kW, Toszk\u00e1na"},"content":{"rendered":"<p>A Toszk\u00e1na hordozhat\u00f3 4 soros cser\u00e9pk\u00e1lyha egy csod\u00e1latos \u00e9s praktikus f\u0171t\u00e9si megold\u00e1s az otthon\u00e1ban. Ez a k\u00e1lyha a klasszikus \u00e9s modern st\u00edlus t\u00f6k\u00e9letes \u00f6tv\u00f6zete, amely nem csak melegen tartja az otthon\u00e1t, hanem kifinomult megjelen\u00e9st is k\u00f6lcs\u00f6n\u00f6z neki.<\/p>\n<p>A k\u00e1lyha er\u0151teljes 7 kW-os teljes\u00edtm\u00e9nnyel rendelkezik, \u00edgy k\u00f6nnyed\u00e9n k\u00e9pes felmeleg\u00edteni egy 10-25 m\u00b2-es fel\u00fcletet. A hat\u00e9kony f\u0171t\u00e9s \u00e9s a praktikus m\u00e9ret ide\u00e1lis v\u00e1laszt\u00e1ss\u00e1 teszi a k\u00f6zepes m\u00e9ret\u0171 helyis\u00e9gek f\u0171t\u00e9s\u00e9re.<\/p>\n<p>A 7kW-os teljes\u00edtm\u00e9ny azt jelenti, hogy a cser\u00e9pk\u00e1lyha maxim\u00e1lis h\u0151termel\u0151 k\u00e9pess\u00e9ge 7 kilowatt (kW). Ez a teljes\u00edtm\u00e9ny megmutatja, hogy a k\u00e1lyha mennyi h\u0151t k\u00e9pes leadni egy adott id\u0151 alatt, \u00e9s ez\u00e1ltal mekkora ter\u00fcletet tud hat\u00e9konyan f\u0171teni.<\/p>\n<p>Az \u00f6ntv\u00e9ny ajt\u00f3k \u00e9s l\u00e1bak magas min\u0151s\u00e9g\u0171 anyagokb\u00f3l k\u00e9sz\u00fclnek, amelyek tart\u00f3ss\u00e1got \u00e9s hossz\u00fa \u00e9lettartamot biztos\u00edtanak a k\u00e1lyh\u00e1nak. A k\u00e1lyha eleg\u00e1ns Bej sz\u00edn\u0171, ami t\u00f6k\u00e9letesen illeszkedik b\u00e1rmilyen enteri\u0151rh\u00f6z, \u00e9s kellemes \u00e9s meghitt l\u00e9gk\u00f6rt teremt a szob\u00e1j\u00e1ban.<\/p>\n<p>A f\u00fcstcs\u0151 m\u00e9rete 120 mm, amely lehet\u0151v\u00e9 teszi az egyszer\u0171 \u00e9s hat\u00e9kony f\u00fcstelvezet\u00e9st. A k\u00e1lyha t\u00fczel\u0151anyaga lehet brikett vagy fa, \u00edgy \u00d6n szabadon v\u00e1laszthatja meg a prefer\u00e1lt t\u00fczel\u0151anyagot.<\/p>\n<p>A k\u00e1lyha m\u00e9retei ide\u00e1lisak a k\u00f6nny\u0171 elhelyez\u00e9shez. Hossz\u00fas\u00e1ga \u00e9s sz\u00e9less\u00e9ge mind\u00f6ssze 470 mm, a magass\u00e1ga pedig 1100 mm. A 200 kg-os s\u00falya lehet\u0151v\u00e9 teszi, hogy k\u00f6nnyed\u00e9n \u00e1thelyezze azt b\u00e1rmelyik helyis\u00e9gek k\u00f6z\u00f6tt, \u00edgy mindig ott tudja elhelyezni, ahol \u00e9ppen sz\u00fcks\u00e9ge van r\u00e1.<\/p>\n<p>A Toszk\u00e1na hordozhat\u00f3 4 soros cser\u00e9pk\u00e1lyha nem csak hat\u00e9kony f\u0171t\u00e9st biztos\u00edt, hanem egy igazi d\u00edsze is lehet otthon\u00e1nak. Pr\u00f3b\u00e1lja ki \u00d6n is \u00e9s \u00e9lvezze a melegs\u00e9get \u00e9s a hangulatot, amit ez a csod\u00e1latos k\u00e1lyha ny\u00fajt!<\/p>\n<p>Fontos megjegyezni, hogy a t\u0171zhely hullad\u00e9k \u00e9get\u00e9s\u00e9re nem alkalmas, kiz\u00e1r\u00f3lag f\u0171t\u00e9sre \u00e9s f\u0151z\u00e9sre haszn\u00e1lhat\u00f3. Az ilyen hullad\u00e9k \u00e9get\u00e9sekor a cser\u00e9pk\u00e1lyha f\u00fcstkivezet\u0151 ny\u00edl\u00e1sa k\u00f6nnyen elt\u00f6m\u0151dhet, ez\u00e9rt aj\u00e1nlott kiz\u00e1r\u00f3lag megfelel\u0151 anyagokat \u00e9getni benne.<\/p>\n<h6>Sz\u00e1ll\u00edt\u00e1si hat\u00e1rid\u0151:<\/h6>\n<ul>\n<li><strong>Magyarorsz\u00e1g \u00e9s az eg\u00e9sz Eur\u00f3pai Uni\u00f3 ter\u00fclet\u00e9n<\/strong>\u00a0is sz\u00e1ll\u00edtjuk.<\/li>\n<li>Rom\u00e1ni\u00e1ba 2-3 munkanap alatt sz\u00e1ll\u00edtjuk<\/li>\n<li>Magyarorsz\u00e1gra \u00e9s az EU ter\u00fclet\u00e9re az \u00e1tutal\u00e1s ut\u00e1n 5 munkanapon bel\u00fcl \u00e9rkezik meg a term\u00e9k.<\/li>\n<\/ul>\n<p>Ha b\u00e1rmilyen k\u00e9rd\u00e9se van, k\u00e9rj\u00fck, l\u00e9pjen kapcsolatba vel\u00fcnk.<\/p>\n<p>Tov\u00e1bbi aj\u00e1nlatok\u00e9rt kattintson\u00a0<a href=\"https:\/\/esemineu.ro\/hu\/termek-kategoria\/hordozhato-cserepkalyhak\/\">ide<\/a><\/p>\n<p>T\u0151bb inform\u00e1ci\u00f3\u00e9rt l\u00e1togasson el\u00a0<a href=\"https:\/\/www.youtube.com\/@esemineuromania\">YouTube<\/a>-csatorn\u00e1nkra, valamint\u00a0<a href=\"https:\/\/www.facebook.com\/eSemineu\">Facebook<\/a>\u00a0\u00e9s\u00a0<a href=\"https:\/\/www.instagram.com\/esemineu\/\">Instagram<\/a>\u00a0oldalainkra.<\/p>\n<p><a href=\"https:\/\/esemineu.ro\/\">eSemineu.ro<\/a>\u00a0 \u00a0Te rakod a t\u0171zet mi adjuk a meleget!<\/p>\n","protected":false},"excerpt":{"rendered":"<p>A Toszk\u00e1na hordozhat\u00f3 4 soros cser\u00e9pk\u00e1lyha egy csod\u00e1latos \u00e9s praktikus f\u0171t\u00e9si megold\u00e1s az otthon\u00e1ban. Ez a k\u00e1lyha a klasszikus \u00e9s modern st\u00edlus t\u00f6k\u00e9letes \u00f6tv\u00f6zete, amely nem csak melegen tartja az otthon\u00e1t, hanem kifinomult megjelen\u00e9st is k\u00f6lcs\u00f6n\u00f6z neki. A k\u00e1lyha er\u0151teljes 7 kW-os teljes\u00edtm\u00e9nnyel rendelkezik, \u00edgy k\u00f6nnyed\u00e9n k\u00e9pes felmeleg\u00edteni egy 10-25 m\u00b2-es fel\u00fcletet. A hat\u00e9kony f\u0171t\u00e9s \u00e9s a praktikus m\u00e9ret ide\u00e1lis v\u00e1laszt\u00e1ss\u00e1 teszi a k\u00f6zepes m\u00e9ret\u0171 helyis\u00e9gek f\u0171t\u00e9s\u00e9re. A 7kW-os teljes\u00edtm\u00e9ny azt jelenti, hogy a cser\u00e9pk\u00e1lyha maxim\u00e1lis h\u0151termel\u0151 k\u00e9pess\u00e9ge 7 kilowatt (kW). Ez a teljes\u00edtm\u00e9ny megmutatja, hogy a k\u00e1lyha mennyi h\u0151t k\u00e9pes leadni egy adott id\u0151 alatt, \u00e9s ez\u00e1ltal mekkora ter\u00fcletet tud hat\u00e9konyan f\u0171teni. Az \u00f6ntv\u00e9ny ajt\u00f3k \u00e9s l\u00e1bak magas min\u0151s\u00e9g\u0171 anyagokb\u00f3l k\u00e9sz\u00fclnek, amelyek tart\u00f3ss\u00e1got \u00e9s hossz\u00fa \u00e9lettartamot biztos\u00edtanak a k\u00e1lyh\u00e1nak. A k\u00e1lyha eleg\u00e1ns Bej sz\u00edn\u0171, ami t\u00f6k\u00e9letesen illeszkedik b\u00e1rmilyen enteri\u0151rh\u00f6z, \u00e9s kellemes \u00e9s meghitt l\u00e9gk\u00f6rt teremt a szob\u00e1j\u00e1ban. A f\u00fcstcs\u0151 m\u00e9rete 120 mm, amely lehet\u0151v\u00e9 teszi az egyszer\u0171 \u00e9s hat\u00e9kony &hellip; <a href=\"https:\/\/esemineu.ro\/hu\/termek\/hordozhato-4-soros-cserepkalyha-marvanylappal-7-kw-toszkana\/\">Folytatva<\/a><\/p>\n","protected":false},"featured_media":25899,"comment_status":"open","ping_status":"closed","template":"","meta":[],"product_brand":[695],"product_cat":[729,1680],"product_tag":[],"class_list":{"0":"post-25916","1":"product","2":"type-product","3":"status-publish","4":"has-post-thumbnail","6":"product_brand-esemineu","7":"product_cat-hordozhato-cserepkalyhak","8":"product_cat-melegito","9":"product_shipping_class-csempekalyhak","10":"pa_combustibil-utilizat-brikett","11":"pa_combustibil-utilizat-fa","12":"pa_culoare-krem-bezs","13":"pa_diametru-racordului-la-cos-120-mm-hu","14":"pa_material-csempe-tegla-marvany","15":"pa_material-ontotvas-ajto-hoallo-uveggel","16":"pa_material-ontveny-labak","17":"pa_model-4-soros-melegito-hu","18":"pa_putere-7-kw-hu","19":"pa_suprafata-incalzita-mp-26-37-hu","21":"first","22":"onbackorder","23":"shipping-taxable","24":"purchasable","25":"product-type-simple"},"acf":[],"yoast_head":"<!-- This site is optimized with the Yoast SEO Premium plugin v21.0 (Yoast SEO v27.3) - https:\/\/yoast.com\/product\/yoast-seo-premium-wordpress\/ -->\n<title>Hordozhat\u00f3 4 soros cser\u00e9pk\u00e1lyha, m\u00e1rv\u00e1nylappal, 7 kW, Toszk\u00e1na - eSemineu<\/title>\n<meta name=\"description\" content=\"A Hordozhat\u00f3 4 soros cser\u00e9pk\u00e1lyha k\u00f6nnyen mozgathat\u00f3, hat\u00e9kony \u00e9s st\u00edlusos f\u0171t\u00e9si megold\u00e1s, amely megjelen\u00e9s\u00e9vel b\u00e1rmely helyis\u00e9ghez illeszkedik.\" \/>\n<meta name=\"robots\" content=\"index, follow, max-snippet:-1, max-image-preview:large, max-video-preview:-1\" \/>\n<link rel=\"canonical\" href=\"https:\/\/esemineu.ro\/hu\/termek\/hordozhato-4-soros-cserepkalyha-marvanylappal-7-kw-toszkana\/\" \/>\n<meta property=\"og:locale\" content=\"hu_HU\" \/>\n<meta property=\"og:type\" content=\"article\" \/>\n<meta property=\"og:title\" content=\"Hordozhat\u00f3 4 soros cser\u00e9pk\u00e1lyha, m\u00e1rv\u00e1nylappal, 7 kW, Toszk\u00e1na - eSemineu\" \/>\n<meta property=\"og:description\" content=\"A Hordozhat\u00f3 4 soros cser\u00e9pk\u00e1lyha k\u00f6nnyen mozgathat\u00f3, hat\u00e9kony \u00e9s st\u00edlusos f\u0171t\u00e9si megold\u00e1s, amely megjelen\u00e9s\u00e9vel b\u00e1rmely helyis\u00e9ghez illeszkedik.\" \/>\n<meta property=\"og:url\" content=\"https:\/\/esemineu.ro\/hu\/termek\/hordozhato-4-soros-cserepkalyha-marvanylappal-7-kw-toszkana\/\" \/>\n<meta property=\"og:site_name\" content=\"eSemineu\" \/>\n<meta property=\"article:publisher\" content=\"https:\/\/web.facebook.com\/eSemineu\" \/>\n<meta property=\"article:modified_time\" content=\"2026-04-18T12:08:05+00:00\" \/>\n<meta property=\"og:image\" content=\"https:\/\/esemineu.ro\/wp-content\/uploads\/2024\/09\/4R-TOSCANA-MARMURA-LANDING-FR.jpg\" \/>\n\t<meta property=\"og:image:width\" content=\"1000\" \/>\n\t<meta property=\"og:image:height\" content=\"1000\" \/>\n\t<meta property=\"og:image:type\" content=\"image\/jpeg\" \/>\n<meta name=\"twitter:card\" content=\"summary_large_image\" \/>\n<meta name=\"twitter:label1\" content=\"Becs\u00fclt olvas\u00e1si id\u0151\" \/>\n\t<meta name=\"twitter:data1\" content=\"3 perc\" \/>\n<script type=\"application\/ld+json\" class=\"yoast-schema-graph\">{\"@context\":\"https:\\\/\\\/schema.org\",\"@graph\":[{\"@type\":\"WebPage\",\"@id\":\"https:\\\/\\\/esemineu.ro\\\/hu\\\/termek\\\/hordozhato-4-soros-cserepkalyha-marvanylappal-7-kw-toszkana\\\/\",\"url\":\"https:\\\/\\\/esemineu.ro\\\/hu\\\/termek\\\/hordozhato-4-soros-cserepkalyha-marvanylappal-7-kw-toszkana\\\/\",\"name\":\"Hordozhat\u00f3 4 soros cser\u00e9pk\u00e1lyha, m\u00e1rv\u00e1nylappal, 7 kW, Toszk\u00e1na - eSemineu\",\"isPartOf\":{\"@id\":\"https:\\\/\\\/esemineu.ro\\\/hu\\\/#website\"},\"primaryImageOfPage\":{\"@id\":\"https:\\\/\\\/esemineu.ro\\\/hu\\\/termek\\\/hordozhato-4-soros-cserepkalyha-marvanylappal-7-kw-toszkana\\\/#primaryimage\"},\"image\":{\"@id\":\"https:\\\/\\\/esemineu.ro\\\/hu\\\/termek\\\/hordozhato-4-soros-cserepkalyha-marvanylappal-7-kw-toszkana\\\/#primaryimage\"},\"thumbnailUrl\":\"https:\\\/\\\/esemineu.ro\\\/wp-content\\\/uploads\\\/2024\\\/09\\\/4R-TOSCANA-MARMURA-LANDING-FR.jpg\",\"datePublished\":\"2024-09-11T12:01:21+00:00\",\"dateModified\":\"2026-04-18T12:08:05+00:00\",\"description\":\"A Hordozhat\u00f3 4 soros cser\u00e9pk\u00e1lyha k\u00f6nnyen mozgathat\u00f3, hat\u00e9kony \u00e9s st\u00edlusos f\u0171t\u00e9si megold\u00e1s, amely megjelen\u00e9s\u00e9vel b\u00e1rmely helyis\u00e9ghez illeszkedik.\",\"breadcrumb\":{\"@id\":\"https:\\\/\\\/esemineu.ro\\\/hu\\\/termek\\\/hordozhato-4-soros-cserepkalyha-marvanylappal-7-kw-toszkana\\\/#breadcrumb\"},\"inLanguage\":\"hu\",\"potentialAction\":[{\"@type\":\"ReadAction\",\"target\":[\"https:\\\/\\\/esemineu.ro\\\/hu\\\/termek\\\/hordozhato-4-soros-cserepkalyha-marvanylappal-7-kw-toszkana\\\/\"]}]},{\"@type\":\"ImageObject\",\"inLanguage\":\"hu\",\"@id\":\"https:\\\/\\\/esemineu.ro\\\/hu\\\/termek\\\/hordozhato-4-soros-cserepkalyha-marvanylappal-7-kw-toszkana\\\/#primaryimage\",\"url\":\"https:\\\/\\\/esemineu.ro\\\/wp-content\\\/uploads\\\/2024\\\/09\\\/4R-TOSCANA-MARMURA-LANDING-FR.jpg\",\"contentUrl\":\"https:\\\/\\\/esemineu.ro\\\/wp-content\\\/uploads\\\/2024\\\/09\\\/4R-TOSCANA-MARMURA-LANDING-FR.jpg\",\"width\":1000,\"height\":1000},{\"@type\":\"BreadcrumbList\",\"@id\":\"https:\\\/\\\/esemineu.ro\\\/hu\\\/termek\\\/hordozhato-4-soros-cserepkalyha-marvanylappal-7-kw-toszkana\\\/#breadcrumb\",\"itemListElement\":[{\"@type\":\"ListItem\",\"position\":1,\"name\":\"Kezd\u0151lap\",\"item\":\"https:\\\/\\\/esemineu.ro\\\/hu\\\/\"},{\"@type\":\"ListItem\",\"position\":2,\"name\":\"\u00c1ruh\u00e1z\",\"item\":\"https:\\\/\\\/esemineu.ro\\\/hu\\\/aruhaz\\\/\"},{\"@type\":\"ListItem\",\"position\":3,\"name\":\"Hordozhat\u00f3 4 soros cser\u00e9pk\u00e1lyha, m\u00e1rv\u00e1nylappal, 7 kW, Toszk\u00e1na\"}]},{\"@type\":\"WebSite\",\"@id\":\"https:\\\/\\\/esemineu.ro\\\/hu\\\/#website\",\"url\":\"https:\\\/\\\/esemineu.ro\\\/hu\\\/\",\"name\":\"eSemineu\",\"description\":\"\u0218eminee de cea mai \u00eenalt\u0103 calitate\",\"potentialAction\":[{\"@type\":\"SearchAction\",\"target\":{\"@type\":\"EntryPoint\",\"urlTemplate\":\"https:\\\/\\\/esemineu.ro\\\/hu\\\/?s={search_term_string}\"},\"query-input\":{\"@type\":\"PropertyValueSpecification\",\"valueRequired\":true,\"valueName\":\"search_term_string\"}}],\"inLanguage\":\"hu\"}]}<\/script>\n<!-- \/ Yoast SEO Premium plugin. -->","yoast_head_json":{"title":"Hordozhat\u00f3 4 soros cser\u00e9pk\u00e1lyha, m\u00e1rv\u00e1nylappal, 7 kW, Toszk\u00e1na - eSemineu","description":"A Hordozhat\u00f3 4 soros cser\u00e9pk\u00e1lyha k\u00f6nnyen mozgathat\u00f3, hat\u00e9kony \u00e9s st\u00edlusos f\u0171t\u00e9si megold\u00e1s, amely megjelen\u00e9s\u00e9vel b\u00e1rmely helyis\u00e9ghez illeszkedik.","robots":{"index":"index","follow":"follow","max-snippet":"max-snippet:-1","max-image-preview":"max-image-preview:large","max-video-preview":"max-video-preview:-1"},"canonical":"https:\/\/esemineu.ro\/hu\/termek\/hordozhato-4-soros-cserepkalyha-marvanylappal-7-kw-toszkana\/","og_locale":"hu_HU","og_type":"article","og_title":"Hordozhat\u00f3 4 soros cser\u00e9pk\u00e1lyha, m\u00e1rv\u00e1nylappal, 7 kW, Toszk\u00e1na - eSemineu","og_description":"A Hordozhat\u00f3 4 soros cser\u00e9pk\u00e1lyha k\u00f6nnyen mozgathat\u00f3, hat\u00e9kony \u00e9s st\u00edlusos f\u0171t\u00e9si megold\u00e1s, amely megjelen\u00e9s\u00e9vel b\u00e1rmely helyis\u00e9ghez illeszkedik.","og_url":"https:\/\/esemineu.ro\/hu\/termek\/hordozhato-4-soros-cserepkalyha-marvanylappal-7-kw-toszkana\/","og_site_name":"eSemineu","article_publisher":"https:\/\/web.facebook.com\/eSemineu","article_modified_time":"2026-04-18T12:08:05+00:00","og_image":[{"width":1000,"height":1000,"url":"https:\/\/esemineu.ro\/wp-content\/uploads\/2024\/09\/4R-TOSCANA-MARMURA-LANDING-FR.jpg","type":"image\/jpeg"}],"twitter_card":"summary_large_image","twitter_misc":{"Becs\u00fclt olvas\u00e1si id\u0151":"3 perc"},"schema":{"@context":"https:\/\/schema.org","@graph":[{"@type":"WebPage","@id":"https:\/\/esemineu.ro\/hu\/termek\/hordozhato-4-soros-cserepkalyha-marvanylappal-7-kw-toszkana\/","url":"https:\/\/esemineu.ro\/hu\/termek\/hordozhato-4-soros-cserepkalyha-marvanylappal-7-kw-toszkana\/","name":"Hordozhat\u00f3 4 soros cser\u00e9pk\u00e1lyha, m\u00e1rv\u00e1nylappal, 7 kW, Toszk\u00e1na - eSemineu","isPartOf":{"@id":"https:\/\/esemineu.ro\/hu\/#website"},"primaryImageOfPage":{"@id":"https:\/\/esemineu.ro\/hu\/termek\/hordozhato-4-soros-cserepkalyha-marvanylappal-7-kw-toszkana\/#primaryimage"},"image":{"@id":"https:\/\/esemineu.ro\/hu\/termek\/hordozhato-4-soros-cserepkalyha-marvanylappal-7-kw-toszkana\/#primaryimage"},"thumbnailUrl":"https:\/\/esemineu.ro\/wp-content\/uploads\/2024\/09\/4R-TOSCANA-MARMURA-LANDING-FR.jpg","datePublished":"2024-09-11T12:01:21+00:00","dateModified":"2026-04-18T12:08:05+00:00","description":"A Hordozhat\u00f3 4 soros cser\u00e9pk\u00e1lyha k\u00f6nnyen mozgathat\u00f3, hat\u00e9kony \u00e9s st\u00edlusos f\u0171t\u00e9si megold\u00e1s, amely megjelen\u00e9s\u00e9vel b\u00e1rmely helyis\u00e9ghez illeszkedik.","breadcrumb":{"@id":"https:\/\/esemineu.ro\/hu\/termek\/hordozhato-4-soros-cserepkalyha-marvanylappal-7-kw-toszkana\/#breadcrumb"},"inLanguage":"hu","potentialAction":[{"@type":"ReadAction","target":["https:\/\/esemineu.ro\/hu\/termek\/hordozhato-4-soros-cserepkalyha-marvanylappal-7-kw-toszkana\/"]}]},{"@type":"ImageObject","inLanguage":"hu","@id":"https:\/\/esemineu.ro\/hu\/termek\/hordozhato-4-soros-cserepkalyha-marvanylappal-7-kw-toszkana\/#primaryimage","url":"https:\/\/esemineu.ro\/wp-content\/uploads\/2024\/09\/4R-TOSCANA-MARMURA-LANDING-FR.jpg","contentUrl":"https:\/\/esemineu.ro\/wp-content\/uploads\/2024\/09\/4R-TOSCANA-MARMURA-LANDING-FR.jpg","width":1000,"height":1000},{"@type":"BreadcrumbList","@id":"https:\/\/esemineu.ro\/hu\/termek\/hordozhato-4-soros-cserepkalyha-marvanylappal-7-kw-toszkana\/#breadcrumb","itemListElement":[{"@type":"ListItem","position":1,"name":"Kezd\u0151lap","item":"https:\/\/esemineu.ro\/hu\/"},{"@type":"ListItem","position":2,"name":"\u00c1ruh\u00e1z","item":"https:\/\/esemineu.ro\/hu\/aruhaz\/"},{"@type":"ListItem","position":3,"name":"Hordozhat\u00f3 4 soros cser\u00e9pk\u00e1lyha, m\u00e1rv\u00e1nylappal, 7 kW, Toszk\u00e1na"}]},{"@type":"WebSite","@id":"https:\/\/esemineu.ro\/hu\/#website","url":"https:\/\/esemineu.ro\/hu\/","name":"eSemineu","description":"\u0218eminee de cea mai \u00eenalt\u0103 calitate","potentialAction":[{"@type":"SearchAction","target":{"@type":"EntryPoint","urlTemplate":"https:\/\/esemineu.ro\/hu\/?s={search_term_string}"},"query-input":{"@type":"PropertyValueSpecification","valueRequired":true,"valueName":"search_term_string"}}],"inLanguage":"hu"}]}},"_links":{"self":[{"href":"https:\/\/esemineu.ro\/hu\/wp-json\/wp\/v2\/product\/25916","targetHints":{"allow":["GET"]}}],"collection":[{"href":"https:\/\/esemineu.ro\/hu\/wp-json\/wp\/v2\/product"}],"about":[{"href":"https:\/\/esemineu.ro\/hu\/wp-json\/wp\/v2\/types\/product"}],"replies":[{"embeddable":true,"href":"https:\/\/esemineu.ro\/hu\/wp-json\/wp\/v2\/comments?post=25916"}],"wp:featuredmedia":[{"embeddable":true,"href":"https:\/\/esemineu.ro\/hu\/wp-json\/wp\/v2\/media\/25899"}],"wp:attachment":[{"href":"https:\/\/esemineu.ro\/hu\/wp-json\/wp\/v2\/media?parent=25916"}],"wp:term":[{"taxonomy":"product_brand","embeddable":true,"href":"https:\/\/esemineu.ro\/hu\/wp-json\/wp\/v2\/product_brand?post=25916"},{"taxonomy":"product_cat","embeddable":true,"href":"https:\/\/esemineu.ro\/hu\/wp-json\/wp\/v2\/product_cat?post=25916"},{"taxonomy":"product_tag","embeddable":true,"href":"https:\/\/esemineu.ro\/hu\/wp-json\/wp\/v2\/product_tag?post=25916"}],"curies":[{"name":"wp","href":"https:\/\/api.w.org\/{rel}","templated":true}]}}