{"id":25273,"date":"2024-07-26T10:06:54","date_gmt":"2024-07-26T08:06:54","guid":{"rendered":"https:\/\/esemineu.ro\/?post_type=product&#038;p=25273"},"modified":"2024-07-29T08:27:14","modified_gmt":"2024-07-29T06:27:14","slug":"cube-premium-szauna-8kwh-mss-spa-kalyhaval","status":"publish","type":"product","link":"https:\/\/esemineu.ro\/hu\/termek\/cube-premium-szauna-8kwh-mss-spa-kalyhaval\/","title":{"rendered":"Cube Pr\u00e9mium Szauna, 8kWh MSS SPA k\u00e1lyh\u00e1val"},"content":{"rendered":"<div class=\"flex flex-grow flex-col max-w-full\">\n<div class=\"min-h-[20px] text-message flex w-full flex-col items-end gap-2 whitespace-pre-wrap break-words [.text-message+&amp;]:mt-5 overflow-x-auto\" dir=\"auto\" data-message-author-role=\"assistant\" data-message-id=\"7a9de0d0-f90e-4a1c-8a48-dd5e7d1e6970\">\n<div class=\"flex w-full flex-col gap-1 empty:hidden first:pt-[3px]\">\n<div class=\"markdown prose w-full break-words dark:prose-invert light\">\n<h3>Term\u00e9kle\u00edr\u00e1s<\/h3>\n<p>A Cube Pr\u00e9mium szauna kiv\u00e1l\u00f3 v\u00e1laszt\u00e1s azoknak, akik otthonukban szeretn\u00e9nek pihenni \u00e9s meg\u00fajulni. Ide\u00e1lis 5-6 f\u0151 sz\u00e1m\u00e1ra, \u00e9s n\u00f6veli a k\u00e9nyelmet \u00e9s eleganci\u00e1t b\u00e1rmelyik t\u00e9rben. K\u00fcls\u0151 m\u00e9retei: 200 cm hossz\u00fa, 205 cm sz\u00e9les \u00e9s 220 cm magas. Bels\u0151 m\u00e9retei: 140 cm hossz\u00fa, 190 cm sz\u00e9les \u00e9s 200 cm magas, elegend\u0151 helyet biztos\u00edtva a felhaszn\u00e1l\u00f3knak.<\/p>\n<p>A Cube Pr\u00e9mium szauna 8 kWh teljes\u00edtm\u00e9ny\u0171 elektromos k\u00e1lyh\u00e1val van felszerelve, amely 220\/380 V fesz\u00fclts\u00e9gen m\u0171k\u00f6dik. Kaphat\u00f3 fat\u00fczel\u00e9s\u0171 k\u00e1lyha opci\u00f3val is, rugalmas v\u00e1laszt\u00e1si lehet\u0151s\u00e9get k\u00edn\u00e1lva a f\u0171t\u00e9si rendszer kiv\u00e1laszt\u00e1s\u00e1ban. A k\u00e9tszintes \u00fcl\u00e9srendszer maxim\u00e1lis k\u00e9nyelmet biztos\u00edt a felhaszn\u00e1l\u00f3knak, m\u00edg az RGB LED vil\u00e1g\u00edt\u00e1s t\u00e1vir\u00e1ny\u00edt\u00f3val kellemes \u00e9s szem\u00e9lyre szabott hangulatot teremt.<\/p>\n<p>Az ajt\u00f3 \u00e9s az ablak edzett \u00fcvegb\u0151l k\u00e9sz\u00fclt, 8 mm vastag, biztos\u00edtva a maxim\u00e1lis biztons\u00e1got. A szauna falainak vastags\u00e1ga 45 mm, kiv\u00e1l\u00f3 h\u0151szigetel\u00e9st biztos\u00edtva. A term\u00e9k teljes s\u00falya 500 kg, t\u00fckr\u00f6zve annak er\u0151s \u00e9s tart\u00f3s konstrukci\u00f3j\u00e1t.<\/p>\n<p>A szauna teljesen felszerelt elektromos h\u00e1l\u00f3zattal \u00e9s pr\u00e9mium kieg\u00e9sz\u00edt\u0151kkel, v\u00e1logatott \u00e9s sz\u00e1r\u00edtott lucfeny\u0151f\u00e1b\u00f3l k\u00e9sz\u00fclt, ami biztos\u00edtja a tart\u00f3ss\u00e1got \u00e9s eszt\u00e9tik\u00e1t.<\/p>\n<h3>El\u0151ny\u00f6k<\/h3>\n<ol>\n<li><strong>Nagy Kapacit\u00e1s<\/strong>: A szauna k\u00e9nyelmesen befogad 5-6 f\u0151t.<\/li>\n<li><strong>F\u0171t\u00e9si Opci\u00f3k<\/strong>: El\u00e9rhet\u0151 elektromos \u00e9s fat\u00fczel\u00e9s\u0171 k\u00e1lyh\u00e1val, k\u00fcl\u00f6nb\u00f6z\u0151 preferenci\u00e1khoz.<\/li>\n<li><strong>Fejlett Vil\u00e1g\u00edt\u00e1s<\/strong>: RGB LED vil\u00e1g\u00edt\u00e1s t\u00e1vir\u00e1ny\u00edt\u00f3val, szem\u00e9lyre szabott hangulat\u00e9rt.<\/li>\n<li><strong>Biztons\u00e1g \u00e9s Tart\u00f3ss\u00e1g<\/strong>: Edzett \u00fcveg ajt\u00f3k \u00e9s ablakok, 45 mm vastag falak.<\/li>\n<li><strong>Pr\u00e9mium Kieg\u00e9sz\u00edt\u0151k<\/strong>: Kiv\u00e1l\u00f3 min\u0151s\u00e9g\u0171 kieg\u00e9sz\u00edt\u0151k a t\u00f6k\u00e9letes szauna \u00e9lm\u00e9nyhez.<\/li>\n<\/ol>\n<p>A szauna karbantart\u00e1sa egyszer\u0171, k\u00f6sz\u00f6nhet\u0151en a min\u0151s\u00e9gi anyagoknak. Javasolt az bels\u0151 t\u00e9r id\u0151szakos tiszt\u00edt\u00e1sa \u00e9s a k\u00e1lyha ellen\u0151rz\u00e9se a zavartalan m\u0171k\u00f6d\u00e9s \u00e9rdek\u00e9ben.<\/p>\n<p>A Cube Pr\u00e9mium szauna elektromos vagy fat\u00fczel\u00e9s\u0171 8 kWh k\u00e1lyh\u00e1val t\u00f6k\u00e9letes megold\u00e1s a pihen\u00e9shez \u00e9s a j\u00f3 k\u00f6z\u00e9rzet jav\u00edt\u00e1s\u00e1hoz. Modern diz\u00e1jnt \u00e9s nagy teret k\u00edn\u00e1l, kiv\u00e1l\u00f3 befektet\u00e9s a mindennapi k\u00e9nyelem\u00e9rt.<\/p>\n<h3>Sz\u00e1ll\u00edt\u00e1si Inform\u00e1ci\u00f3k<\/h3>\n<ul>\n<li><strong>Magyarorsz\u00e1g \u00e9s az eg\u00e9sz Eur\u00f3pai Uni\u00f3 ter\u00fclet\u00e9n<\/strong>\u00a0is sz\u00e1ll\u00edtjuk.<\/li>\n<li>Rom\u00e1ni\u00e1ba 3-5 munkanap alatt sz\u00e1ll\u00edtjuk<\/li>\n<li>Magyarorsz\u00e1gra \u00e9s az EU ter\u00fclet\u00e9re az \u00e1tutal\u00e1s ut\u00e1n 10 munkanapon bel\u00fcl \u00e9rkezik meg a term\u00e9k.<\/li>\n<\/ul>\n<p>Ha b\u00e1rmilyen k\u00e9rd\u00e9se van, k\u00e9rj\u00fck, l\u00e9pjen kapcsolatba vel\u00fcnk.<\/p>\n<p>Fedezd fel az innov\u00e1ci\u00f3t \u00e9s a st\u00edlust az MSS Spa rozsdamentes t\u0171zt\u00e9rrel rendelkez\u0151 szaun\u00e1nkkal, t\u00f6k\u00e9letes v\u00e1laszt\u00e1s a fels\u0151fok\u00fa relax\u00e1ci\u00f3\u00e9rt \u00e9s k\u00e9nyelem\u00e9rt. <a href=\"https:\/\/esemineu.ro\/hu\/termekkategoria\/dezsafurdo\/\">Kattints a r\u00e9szletek\u00e9rt!<\/a><\/p>\n<p>T\u0151bb inform\u00e1ci\u00f3\u00e9rt l\u00e1togasson el\u00a0<a href=\"https:\/\/www.youtube.com\/@esemineuromania\">YouTube<\/a>-csatorn\u00e1nkra, valamint\u00a0<a href=\"https:\/\/www.facebook.com\/eSemineu\">Facebook<\/a>\u00a0\u00e9s\u00a0<a href=\"https:\/\/www.instagram.com\/esemineu\/\">Instagram<\/a>\u00a0oldalainkra.<\/p>\n<p><a href=\"https:\/\/esemineu.ro\/\">eSemineu.ro<\/a>\u00a0 \u00a0Te rakod a t\u0171zet, mi adjuk a meleget!<\/p>\n<\/div>\n<\/div>\n<\/div>\n<\/div>\n","protected":false},"excerpt":{"rendered":"<p>Term\u00e9kle\u00edr\u00e1s A Cube Pr\u00e9mium szauna kiv\u00e1l\u00f3 v\u00e1laszt\u00e1s azoknak, akik otthonukban szeretn\u00e9nek pihenni \u00e9s meg\u00fajulni. Ide\u00e1lis 5-6 f\u0151 sz\u00e1m\u00e1ra, \u00e9s n\u00f6veli a k\u00e9nyelmet \u00e9s eleganci\u00e1t b\u00e1rmelyik t\u00e9rben. K\u00fcls\u0151 m\u00e9retei: 200 cm hossz\u00fa, 205 cm sz\u00e9les \u00e9s 220 cm magas. Bels\u0151 m\u00e9retei: 140 cm hossz\u00fa, 190 cm sz\u00e9les \u00e9s 200 cm magas, elegend\u0151 helyet biztos\u00edtva a felhaszn\u00e1l\u00f3knak. A Cube Pr\u00e9mium szauna 8 kWh teljes\u00edtm\u00e9ny\u0171 elektromos k\u00e1lyh\u00e1val van felszerelve, amely 220\/380 V fesz\u00fclts\u00e9gen m\u0171k\u00f6dik. Kaphat\u00f3 fat\u00fczel\u00e9s\u0171 k\u00e1lyha opci\u00f3val is, rugalmas v\u00e1laszt\u00e1si lehet\u0151s\u00e9get k\u00edn\u00e1lva a f\u0171t\u00e9si rendszer kiv\u00e1laszt\u00e1s\u00e1ban. A k\u00e9tszintes \u00fcl\u00e9srendszer maxim\u00e1lis k\u00e9nyelmet biztos\u00edt a felhaszn\u00e1l\u00f3knak, m\u00edg az RGB LED vil\u00e1g\u00edt\u00e1s t\u00e1vir\u00e1ny\u00edt\u00f3val kellemes \u00e9s szem\u00e9lyre szabott hangulatot teremt. Az ajt\u00f3 \u00e9s az ablak edzett \u00fcvegb\u0151l k\u00e9sz\u00fclt, 8 mm vastag, biztos\u00edtva a maxim\u00e1lis biztons\u00e1got. A szauna falainak vastags\u00e1ga 45 mm, kiv\u00e1l\u00f3 h\u0151szigetel\u00e9st biztos\u00edtva. A term\u00e9k teljes s\u00falya 500 kg, t\u00fckr\u00f6zve annak er\u0151s \u00e9s tart\u00f3s konstrukci\u00f3j\u00e1t. A szauna teljesen felszerelt elektromos h\u00e1l\u00f3zattal \u00e9s pr\u00e9mium kieg\u00e9sz\u00edt\u0151kkel, v\u00e1logatott &hellip; <a href=\"https:\/\/esemineu.ro\/hu\/termek\/cube-premium-szauna-8kwh-mss-spa-kalyhaval\/\">Folytatva<\/a><\/p>\n","protected":false},"featured_media":25256,"comment_status":"open","ping_status":"closed","template":"","meta":[],"product_brand":[690],"product_cat":[1778,2009],"product_tag":[],"class_list":{"0":"post-25273","1":"product","2":"type-product","3":"status-publish","4":"has-post-thumbnail","6":"product_brand-fm-group","7":"product_cat-dezsafurdok-es-szaunak","8":"product_cat-szaunak","9":"pa_combustibil-elektromos-hu","10":"pa_culoare-gri-hu","11":"pa_culoare-mahon-hu","12":"pa_model-hordozhato-hu","14":"first","15":"onbackorder","16":"shipping-taxable","17":"purchasable","18":"product-type-simple"},"acf":[],"yoast_head":"<!-- This site is optimized with the Yoast SEO Premium plugin v21.0 (Yoast SEO v27.3) - https:\/\/yoast.com\/product\/yoast-seo-premium-wordpress\/ -->\n<title>Cube Pr\u00e9mium Szauna, 8kWh MSS SPA k\u00e1lyh\u00e1val - eSemineu<\/title>\n<meta name=\"description\" content=\"A Cube Pr\u00e9mium Szauna 8 kWh k\u00e1lyh\u00e1val kiv\u00e1l\u00f3 megold\u00e1s 5-6 f\u0151 sz\u00e1m\u00e1ra, modern diz\u00e1jnnal \u00e9s teljes felszerel\u00e9ssel a t\u00f6k\u00e9letes pihen\u00e9s\u00e9rt.\" \/>\n<meta name=\"robots\" content=\"index, follow, max-snippet:-1, max-image-preview:large, max-video-preview:-1\" \/>\n<link rel=\"canonical\" href=\"https:\/\/esemineu.ro\/hu\/termek\/cube-premium-szauna-8kwh-mss-spa-kalyhaval\/\" \/>\n<meta property=\"og:locale\" content=\"hu_HU\" \/>\n<meta property=\"og:type\" content=\"article\" \/>\n<meta property=\"og:title\" content=\"Cube Pr\u00e9mium Szauna, 8kWh MSS SPA k\u00e1lyh\u00e1val - eSemineu\" \/>\n<meta property=\"og:description\" content=\"A Cube Pr\u00e9mium Szauna 8 kWh k\u00e1lyh\u00e1val kiv\u00e1l\u00f3 megold\u00e1s 5-6 f\u0151 sz\u00e1m\u00e1ra, modern diz\u00e1jnnal \u00e9s teljes felszerel\u00e9ssel a t\u00f6k\u00e9letes pihen\u00e9s\u00e9rt.\" \/>\n<meta property=\"og:url\" content=\"https:\/\/esemineu.ro\/hu\/termek\/cube-premium-szauna-8kwh-mss-spa-kalyhaval\/\" \/>\n<meta property=\"og:site_name\" content=\"eSemineu\" \/>\n<meta property=\"article:publisher\" content=\"https:\/\/web.facebook.com\/eSemineu\" \/>\n<meta property=\"article:modified_time\" content=\"2024-07-29T06:27:14+00:00\" \/>\n<meta property=\"og:image\" content=\"https:\/\/esemineu.ro\/wp-content\/uploads\/2024\/07\/MSS-CUBE.jpg\" \/>\n\t<meta property=\"og:image:width\" content=\"1000\" \/>\n\t<meta property=\"og:image:height\" content=\"1000\" \/>\n\t<meta property=\"og:image:type\" content=\"image\/jpeg\" \/>\n<meta name=\"twitter:card\" content=\"summary_large_image\" \/>\n<meta name=\"twitter:label1\" content=\"Becs\u00fclt olvas\u00e1si id\u0151\" \/>\n\t<meta name=\"twitter:data1\" content=\"3 perc\" \/>\n<script type=\"application\/ld+json\" class=\"yoast-schema-graph\">{\"@context\":\"https:\\\/\\\/schema.org\",\"@graph\":[{\"@type\":\"WebPage\",\"@id\":\"https:\\\/\\\/esemineu.ro\\\/hu\\\/termek\\\/cube-premium-szauna-8kwh-mss-spa-kalyhaval\\\/\",\"url\":\"https:\\\/\\\/esemineu.ro\\\/hu\\\/termek\\\/cube-premium-szauna-8kwh-mss-spa-kalyhaval\\\/\",\"name\":\"Cube Pr\u00e9mium Szauna, 8kWh MSS SPA k\u00e1lyh\u00e1val - eSemineu\",\"isPartOf\":{\"@id\":\"https:\\\/\\\/esemineu.ro\\\/hu\\\/#website\"},\"primaryImageOfPage\":{\"@id\":\"https:\\\/\\\/esemineu.ro\\\/hu\\\/termek\\\/cube-premium-szauna-8kwh-mss-spa-kalyhaval\\\/#primaryimage\"},\"image\":{\"@id\":\"https:\\\/\\\/esemineu.ro\\\/hu\\\/termek\\\/cube-premium-szauna-8kwh-mss-spa-kalyhaval\\\/#primaryimage\"},\"thumbnailUrl\":\"https:\\\/\\\/esemineu.ro\\\/wp-content\\\/uploads\\\/2024\\\/07\\\/MSS-CUBE.jpg\",\"datePublished\":\"2024-07-26T08:06:54+00:00\",\"dateModified\":\"2024-07-29T06:27:14+00:00\",\"description\":\"A Cube Pr\u00e9mium Szauna 8 kWh k\u00e1lyh\u00e1val kiv\u00e1l\u00f3 megold\u00e1s 5-6 f\u0151 sz\u00e1m\u00e1ra, modern diz\u00e1jnnal \u00e9s teljes felszerel\u00e9ssel a t\u00f6k\u00e9letes pihen\u00e9s\u00e9rt.\",\"breadcrumb\":{\"@id\":\"https:\\\/\\\/esemineu.ro\\\/hu\\\/termek\\\/cube-premium-szauna-8kwh-mss-spa-kalyhaval\\\/#breadcrumb\"},\"inLanguage\":\"hu\",\"potentialAction\":[{\"@type\":\"ReadAction\",\"target\":[\"https:\\\/\\\/esemineu.ro\\\/hu\\\/termek\\\/cube-premium-szauna-8kwh-mss-spa-kalyhaval\\\/\"]}]},{\"@type\":\"ImageObject\",\"inLanguage\":\"hu\",\"@id\":\"https:\\\/\\\/esemineu.ro\\\/hu\\\/termek\\\/cube-premium-szauna-8kwh-mss-spa-kalyhaval\\\/#primaryimage\",\"url\":\"https:\\\/\\\/esemineu.ro\\\/wp-content\\\/uploads\\\/2024\\\/07\\\/MSS-CUBE.jpg\",\"contentUrl\":\"https:\\\/\\\/esemineu.ro\\\/wp-content\\\/uploads\\\/2024\\\/07\\\/MSS-CUBE.jpg\",\"width\":1000,\"height\":1000,\"caption\":\"Cube Pr\u00e9mium Szauna\"},{\"@type\":\"BreadcrumbList\",\"@id\":\"https:\\\/\\\/esemineu.ro\\\/hu\\\/termek\\\/cube-premium-szauna-8kwh-mss-spa-kalyhaval\\\/#breadcrumb\",\"itemListElement\":[{\"@type\":\"ListItem\",\"position\":1,\"name\":\"Kezd\u0151lap\",\"item\":\"https:\\\/\\\/esemineu.ro\\\/hu\\\/\"},{\"@type\":\"ListItem\",\"position\":2,\"name\":\"\u00c1ruh\u00e1z\",\"item\":\"https:\\\/\\\/esemineu.ro\\\/hu\\\/aruhaz\\\/\"},{\"@type\":\"ListItem\",\"position\":3,\"name\":\"Cube Pr\u00e9mium Szauna, 8kWh MSS SPA k\u00e1lyh\u00e1val\"}]},{\"@type\":\"WebSite\",\"@id\":\"https:\\\/\\\/esemineu.ro\\\/hu\\\/#website\",\"url\":\"https:\\\/\\\/esemineu.ro\\\/hu\\\/\",\"name\":\"eSemineu\",\"description\":\"\u0218eminee de cea mai \u00eenalt\u0103 calitate\",\"potentialAction\":[{\"@type\":\"SearchAction\",\"target\":{\"@type\":\"EntryPoint\",\"urlTemplate\":\"https:\\\/\\\/esemineu.ro\\\/hu\\\/?s={search_term_string}\"},\"query-input\":{\"@type\":\"PropertyValueSpecification\",\"valueRequired\":true,\"valueName\":\"search_term_string\"}}],\"inLanguage\":\"hu\"}]}<\/script>\n<!-- \/ Yoast SEO Premium plugin. -->","yoast_head_json":{"title":"Cube Pr\u00e9mium Szauna, 8kWh MSS SPA k\u00e1lyh\u00e1val - eSemineu","description":"A Cube Pr\u00e9mium Szauna 8 kWh k\u00e1lyh\u00e1val kiv\u00e1l\u00f3 megold\u00e1s 5-6 f\u0151 sz\u00e1m\u00e1ra, modern diz\u00e1jnnal \u00e9s teljes felszerel\u00e9ssel a t\u00f6k\u00e9letes pihen\u00e9s\u00e9rt.","robots":{"index":"index","follow":"follow","max-snippet":"max-snippet:-1","max-image-preview":"max-image-preview:large","max-video-preview":"max-video-preview:-1"},"canonical":"https:\/\/esemineu.ro\/hu\/termek\/cube-premium-szauna-8kwh-mss-spa-kalyhaval\/","og_locale":"hu_HU","og_type":"article","og_title":"Cube Pr\u00e9mium Szauna, 8kWh MSS SPA k\u00e1lyh\u00e1val - eSemineu","og_description":"A Cube Pr\u00e9mium Szauna 8 kWh k\u00e1lyh\u00e1val kiv\u00e1l\u00f3 megold\u00e1s 5-6 f\u0151 sz\u00e1m\u00e1ra, modern diz\u00e1jnnal \u00e9s teljes felszerel\u00e9ssel a t\u00f6k\u00e9letes pihen\u00e9s\u00e9rt.","og_url":"https:\/\/esemineu.ro\/hu\/termek\/cube-premium-szauna-8kwh-mss-spa-kalyhaval\/","og_site_name":"eSemineu","article_publisher":"https:\/\/web.facebook.com\/eSemineu","article_modified_time":"2024-07-29T06:27:14+00:00","og_image":[{"width":1000,"height":1000,"url":"https:\/\/esemineu.ro\/wp-content\/uploads\/2024\/07\/MSS-CUBE.jpg","type":"image\/jpeg"}],"twitter_card":"summary_large_image","twitter_misc":{"Becs\u00fclt olvas\u00e1si id\u0151":"3 perc"},"schema":{"@context":"https:\/\/schema.org","@graph":[{"@type":"WebPage","@id":"https:\/\/esemineu.ro\/hu\/termek\/cube-premium-szauna-8kwh-mss-spa-kalyhaval\/","url":"https:\/\/esemineu.ro\/hu\/termek\/cube-premium-szauna-8kwh-mss-spa-kalyhaval\/","name":"Cube Pr\u00e9mium Szauna, 8kWh MSS SPA k\u00e1lyh\u00e1val - eSemineu","isPartOf":{"@id":"https:\/\/esemineu.ro\/hu\/#website"},"primaryImageOfPage":{"@id":"https:\/\/esemineu.ro\/hu\/termek\/cube-premium-szauna-8kwh-mss-spa-kalyhaval\/#primaryimage"},"image":{"@id":"https:\/\/esemineu.ro\/hu\/termek\/cube-premium-szauna-8kwh-mss-spa-kalyhaval\/#primaryimage"},"thumbnailUrl":"https:\/\/esemineu.ro\/wp-content\/uploads\/2024\/07\/MSS-CUBE.jpg","datePublished":"2024-07-26T08:06:54+00:00","dateModified":"2024-07-29T06:27:14+00:00","description":"A Cube Pr\u00e9mium Szauna 8 kWh k\u00e1lyh\u00e1val kiv\u00e1l\u00f3 megold\u00e1s 5-6 f\u0151 sz\u00e1m\u00e1ra, modern diz\u00e1jnnal \u00e9s teljes felszerel\u00e9ssel a t\u00f6k\u00e9letes pihen\u00e9s\u00e9rt.","breadcrumb":{"@id":"https:\/\/esemineu.ro\/hu\/termek\/cube-premium-szauna-8kwh-mss-spa-kalyhaval\/#breadcrumb"},"inLanguage":"hu","potentialAction":[{"@type":"ReadAction","target":["https:\/\/esemineu.ro\/hu\/termek\/cube-premium-szauna-8kwh-mss-spa-kalyhaval\/"]}]},{"@type":"ImageObject","inLanguage":"hu","@id":"https:\/\/esemineu.ro\/hu\/termek\/cube-premium-szauna-8kwh-mss-spa-kalyhaval\/#primaryimage","url":"https:\/\/esemineu.ro\/wp-content\/uploads\/2024\/07\/MSS-CUBE.jpg","contentUrl":"https:\/\/esemineu.ro\/wp-content\/uploads\/2024\/07\/MSS-CUBE.jpg","width":1000,"height":1000,"caption":"Cube Pr\u00e9mium Szauna"},{"@type":"BreadcrumbList","@id":"https:\/\/esemineu.ro\/hu\/termek\/cube-premium-szauna-8kwh-mss-spa-kalyhaval\/#breadcrumb","itemListElement":[{"@type":"ListItem","position":1,"name":"Kezd\u0151lap","item":"https:\/\/esemineu.ro\/hu\/"},{"@type":"ListItem","position":2,"name":"\u00c1ruh\u00e1z","item":"https:\/\/esemineu.ro\/hu\/aruhaz\/"},{"@type":"ListItem","position":3,"name":"Cube Pr\u00e9mium Szauna, 8kWh MSS SPA k\u00e1lyh\u00e1val"}]},{"@type":"WebSite","@id":"https:\/\/esemineu.ro\/hu\/#website","url":"https:\/\/esemineu.ro\/hu\/","name":"eSemineu","description":"\u0218eminee de cea mai \u00eenalt\u0103 calitate","potentialAction":[{"@type":"SearchAction","target":{"@type":"EntryPoint","urlTemplate":"https:\/\/esemineu.ro\/hu\/?s={search_term_string}"},"query-input":{"@type":"PropertyValueSpecification","valueRequired":true,"valueName":"search_term_string"}}],"inLanguage":"hu"}]}},"_links":{"self":[{"href":"https:\/\/esemineu.ro\/hu\/wp-json\/wp\/v2\/product\/25273","targetHints":{"allow":["GET"]}}],"collection":[{"href":"https:\/\/esemineu.ro\/hu\/wp-json\/wp\/v2\/product"}],"about":[{"href":"https:\/\/esemineu.ro\/hu\/wp-json\/wp\/v2\/types\/product"}],"replies":[{"embeddable":true,"href":"https:\/\/esemineu.ro\/hu\/wp-json\/wp\/v2\/comments?post=25273"}],"wp:featuredmedia":[{"embeddable":true,"href":"https:\/\/esemineu.ro\/hu\/wp-json\/wp\/v2\/media\/25256"}],"wp:attachment":[{"href":"https:\/\/esemineu.ro\/hu\/wp-json\/wp\/v2\/media?parent=25273"}],"wp:term":[{"taxonomy":"product_brand","embeddable":true,"href":"https:\/\/esemineu.ro\/hu\/wp-json\/wp\/v2\/product_brand?post=25273"},{"taxonomy":"product_cat","embeddable":true,"href":"https:\/\/esemineu.ro\/hu\/wp-json\/wp\/v2\/product_cat?post=25273"},{"taxonomy":"product_tag","embeddable":true,"href":"https:\/\/esemineu.ro\/hu\/wp-json\/wp\/v2\/product_tag?post=25273"}],"curies":[{"name":"wp","href":"https:\/\/api.w.org\/{rel}","templated":true}]}}