{"id":24017,"date":"2024-05-09T09:54:08","date_gmt":"2024-05-09T07:54:08","guid":{"rendered":"https:\/\/esemineu.ro\/?post_type=product&#038;p=24017"},"modified":"2024-12-23T17:40:40","modified_gmt":"2024-12-23T15:40:40","slug":"muanyag-pp-betetes-naturpin-szinu-dezsa-rozsdamentes-tuzterrel-5-szemelyes-dezsafurdo-mss-spa","status":"publish","type":"product","link":"https:\/\/esemineu.ro\/hu\/termek\/muanyag-pp-betetes-naturpin-szinu-dezsa-rozsdamentes-tuzterrel-5-szemelyes-dezsafurdo-mss-spa\/","title":{"rendered":"M\u0171anyag PP bet\u00e9tes Nat\u00farPin szin\u0171 d\u00e9zsa, rozsdamentes t\u0171zt\u00e9rrel, 5 szem\u00e9lyes d\u00e9zsaf\u00fcrd\u0151 MSS SPA"},"content":{"rendered":"<p>M\u0171anyag PP bet\u00e9tes Nat\u00farPin szin\u0171 d\u00e9zsa<\/p>\n<h4>Mi\u00e9r vas\u00e1roljon d\u00e9zsaf\u00fcrd\u0151t?<\/h4>\n<p>K\u00e9nyeztesse mag\u00e1t \u00e9s szeretteit az <strong>eSemineu.ro<\/strong> weboldalon kaphat\u00f3 <strong>M\u0171anyag PP bet\u00e9tes Nat\u00farPin sz\u00edn\u0171 d\u00e9zsa, rozsdamentes t\u0171zt\u00e9rrel<\/strong>. Ez a <strong>5 szem\u00e9lyes d\u00e9zsaf\u00fcrd\u0151 MSS SPA<\/strong> t\u00f6k\u00e9letes v\u00e1laszt\u00e1s azok sz\u00e1m\u00e1ra, akik a term\u00e9szetess\u00e9g \u00e9s a modern k\u00e9nyelem harmonikus egyes\u00edt\u00e9s\u00e9t keresik k\u00fclt\u00e9ri f\u00fcrd\u0151z\u00e9shez.<\/p>\n<p>A <strong>150 kg<\/strong> s\u00faly\u00fa \u00e9s <strong>160 \u00d7 160 \u00d7 105 cm<\/strong> m\u00e9ret\u0171 d\u00e9zsa k\u00e9nyelmesen elf\u00e9r kertj\u00e9ben vagy terasz\u00e1n. Az eleg\u00e1ns <strong>nat\u00far (pin)<\/strong> sz\u00edn\u0171 kivitel term\u00e9szetes hangulatot \u00e1raszt, m\u00edg a <strong>160 cm<\/strong> hossz\u00fas\u00e1g, <strong>160 cm<\/strong> sz\u00e9less\u00e9g, \u00e9s <strong>105 cm<\/strong> magass\u00e1g biztos\u00edtja, hogy elegend\u0151 hely \u00e1lljon rendelkez\u00e9sre a felhaszn\u00e1l\u00f3k sz\u00e1m\u00e1ra.<\/p>\n<p>Ez a modell <strong>2100 liter<\/strong> v\u00edzkapacit\u00e1ssal rendelkezik, ami ide\u00e1lis m\u00e9ret az ak\u00e1r <strong>5 szem\u00e9ly<\/strong> sz\u00e1m\u00e1ra. A <strong>450 kg<\/strong> t\u00e1mogatott s\u00faly maxim\u00e1lis biztons\u00e1got garant\u00e1l a haszn\u00e1lata sor\u00e1n. A csomag tartalma a <strong>rozsdamentes ac\u00e9l k\u00e1lyha<\/strong>, a f\u00fcstelvezet\u0151, a <strong>K\u00e1lyhacsatlakoz\u00e1sok r\u00f6gz\u00edt\u00e9se a d\u00e9zs\u00e1hoz<\/strong>, l\u00e9tra, valamint a <strong>Medence takar\u00f3f\u00f3lia (huzat)<\/strong>, ami seg\u00edt meg\u0151rizni a v\u00edz tisztas\u00e1g\u00e1t \u00e9s h\u0151m\u00e9rs\u00e9klet\u00e9t.<\/p>\n<p>\u00c9lvezze a <strong>2 \u00e9v<\/strong> garanci\u00e1t, ami biztos\u00edtja a term\u00e9k hossz\u00fa t\u00e1v\u00fa megb\u00edzhat\u00f3s\u00e1g\u00e1t \u00e9s min\u0151s\u00e9g\u00e9t. Az <strong>eSemineu.ro<\/strong> k\u00edn\u00e1lata k\u00f6z\u00f6tt a <strong>M\u0171anyag PP bet\u00e9tes Nat\u00farPin sz\u00edn\u0171 d\u00e9zsa, rozsdamentes t\u0171zt\u00e9rrel<\/strong> kiemelkedik mint a k\u00e9nyelem \u00e9s term\u00e9szetess\u00e9g z\u00e1loga. Ne v\u00e1rjon tov\u00e1bb, fedezze fel a pr\u00e9mium pihen\u00e9s \u00e9lm\u00e9ny\u00e9t ezzel a st\u00edlusos \u00e9s funkcion\u00e1lis d\u00e9zsaf\u00fcrd\u0151vel!<\/p>\n<p>Fedezd fel a fels\u0151fok\u00fa relax\u00e1ci\u00f3 \u00e9lm\u00e9ny\u00e9t az MSS Spa rozsdamentes t\u0171zt\u00e9rrel rendelkez\u0151 f\u00fcrd\u0151d\u00e9zs\u00e1val, term\u00e9szetes sz\u00edn\u0171 (feny\u0151) kivitelben. Ez t\u00f6k\u00e9letes v\u00e1laszt\u00e1s minden pillanatot nyugalom \u00e9s k\u00e9nyelem o\u00e1zis\u00e1v\u00e1 alak\u00edtani, \u00e9s elb\u0171v\u00f6l majd a ter\u00e1pi\u00e1s el\u0151nyeivel \u00e9s kiv\u00e1l\u00f3 min\u0151s\u00e9g\u00e9vel.<\/p>\n<h4>Ter\u00e1pi\u00e1s el\u0151ny\u00f6k:<\/h4>\n<ul>\n<li>M\u00e9ly relax\u00e1ci\u00f3t ny\u00fajt: A meleg f\u00fcrd\u0151k a d\u00e9zs\u00e1ban ismertek arr\u00f3l, hogy k\u00e9pesek ellaz\u00edtani a fesz\u00fclt izmokat \u00e9s megnyugtatni az elm\u00e9t.<\/li>\n<li>Cs\u00f6kkenti a fesz\u00fclts\u00e9get: A v\u00edz \u00e1ltal ny\u00fajtott felhajt\u00f3er\u0151 90%-kal cs\u00f6kkenti a test s\u00faly\u00e1t, \u00edgy enyh\u00edti az \u00edz\u00fcletekre \u00e9s idegekre nehezed\u0151 nyom\u00e1st.<\/li>\n<li>Jelent\u0151s eg\u00e9szs\u00e9g\u00fcgyi el\u0151ny\u00f6k: A d\u00e9zsaf\u00fcrd\u0151 ter\u00e1pi\u00e1ja seg\u00edthet enyh\u00edteni olyan betegs\u00e9gek t\u00fcneteit, mint az arthritis vagy a reum\u00e1s \u00edz\u00fcleti gyullad\u00e1s.<\/li>\n<\/ul>\n<h4>F\u0151bb jellemz\u0151k a M\u0171anyag pp bet\u00e9tes Nat\u00farPin szin\u0171 d\u00e9zsa:<\/h4>\n<ul>\n<li>Tart\u00f3s anyag: A d\u00e9zsa kiv\u00e1l\u00f3 min\u0151s\u00e9g\u0171 PP m\u0171anyagb\u00f3l k\u00e9sz\u00fclt, biztos\u00edtva a tart\u00f3ss\u00e1got \u00e9s az id\u0151t\u00e1ll\u00f3s\u00e1got.<\/li>\n<li>Eleg\u00e1ns design: A k\u00fcls\u0151 oldal\u00e1t 12,5 mm vastags\u00e1g\u00fa term\u00e9szetes feny\u0151 lamb\u00e9ri\u00e1z\u00e1s bor\u00edtja, amely eleganci\u00e1t \u00e9s finoms\u00e1got \u00e1raszt.<\/li>\n<li>T\u00f6k\u00e9letes kapacit\u00e1s \u00e9s m\u00e9retek: Legfeljebb 5 szem\u00e9ly sz\u00e1m\u00e1ra aj\u00e1nlott, m\u00e9retei 160 x 105 cm (\u00e1tm\u00e9r\u0151 x magass\u00e1g), \u00e9s 2100 literes kapacit\u00e1sa van.<\/li>\n<li>T\u00e1mogatott s\u00faly: Ak\u00e1r 450 kg s\u00falyt is k\u00e9pes elb\u00edrni, biztons\u00e1got \u00e9s k\u00e9nyelmet ny\u00fajtva minden felhaszn\u00e1l\u00f3 sz\u00e1m\u00e1ra.<\/li>\n<\/ul>\n<h4>Teljes k\u00e9szlet:<\/h4>\n<ul>\n<li>Rozsdamentes ac\u00e9l k\u00e1lyha: Hat\u00e9kony \u00e9s egyenletes v\u00edzmeleg\u00edt\u00e9st biztos\u00edt, kellemes \u00e9lm\u00e9nyt ny\u00fajtva minden alkalommal.<\/li>\n<li>Tartoz\u00e9kok: A k\u00e9szlet tartalmazza a f\u00fcstcs\u00f6vet, a k\u00e1lyha csatlakoz\u00f3it a d\u00e9zs\u00e1hoz, l\u00e9tr\u00e1t \u00e9s fed\u0151t (huzatot), \u00edgy egyszer\u0171 \u00e9s k\u00e9nyelmes haszn\u00e1latot biztos\u00edt.<\/li>\n<\/ul>\n<h4>Term\u00e9k el\u0151nyei:<\/h4>\n<ul>\n<li>Eleg\u00e1ns megjelen\u00e9s: Finom designja eleganci\u00e1t k\u00f6lcs\u00f6n\u00f6z b\u00e1rmely kertnek vagy pihen\u0151helynek.<\/li>\n<li>Tart\u00f3ss\u00e1g: A kiv\u00e1l\u00f3 min\u0151s\u00e9g\u0171 anyagokb\u00f3l k\u00e9sz\u00fclt d\u00e9zsa hossz\u00fa t\u00e1von \u00edg\u00e9r tart\u00f3ss\u00e1got.<\/li>\n<li>Relax\u00e1ci\u00f3 \u00e9s eg\u00e9szs\u00e9g: A ter\u00e1pi\u00e1s \u00e9s relax\u00e1l\u00f3 el\u0151ny\u00f6k friss\u00edt\u0151nek \u00e9s pihentet\u0151nek bizonyulnak minden f\u00fcrd\u0151z\u00e9s ut\u00e1n.<\/li>\n<\/ul>\n<p>\u00c9ld \u00e1t a luxust \u00e9s a finoms\u00e1got az MSS Spa rozsdamentes t\u0171zt\u00e9rrel rendelkez\u0151 f\u00fcrd\u0151d\u00e9zs\u00e1val, \u00e9s v\u00e1ltoztass minden pillanatot felejthetetlen relax\u00e1ci\u00f3s \u00e9s eg\u00e9szs\u00e9g\u00fcgyi \u00e9lm\u00e9nny\u00e9.<\/p>\n<h4>M\u0171anyag PP bet\u00e9tes Nat\u00farPin szin\u0171 d\u00e9zsa Sz\u00e1ll\u00edt\u00e1si hat\u00e1rideje:<\/h4>\n<ul>\n<li><strong>Magyarorsz\u00e1g \u00e9s az eg\u00e9sz Eur\u00f3pai Uni\u00f3 ter\u00fclet\u00e9n<\/strong>\u00a0is sz\u00e1ll\u00edtjuk.<\/li>\n<li>Rom\u00e1ni\u00e1ba 3-5 munkanap alatt sz\u00e1ll\u00edtjuk<\/li>\n<li>Magyarorsz\u00e1gra \u00e9s az EU ter\u00fclet\u00e9re az \u00e1tutal\u00e1s ut\u00e1n 10 munkanapon bel\u00fcl \u00e9rkezik meg a term\u00e9k.<\/li>\n<\/ul>\n<p>Ha b\u00e1rmilyen k\u00e9rd\u00e9se van, k\u00e9rj\u00fck, l\u00e9pjen kapcsolatba vel\u00fcnk.<\/p>\n<p>Fedezd fel az innov\u00e1ci\u00f3t \u00e9s a st\u00edlust az MSS Spa rozsdamentes t\u0171zt\u00e9rrel rendelkez\u0151 f\u00fcrd\u0151d\u00e9zs\u00e1nkkal, t\u00f6k\u00e9letes v\u00e1laszt\u00e1s a fels\u0151fok\u00fa relax\u00e1ci\u00f3\u00e9rt \u00e9s k\u00e9nyelem\u00e9rt. <a href=\"https:\/\/esemineu.ro\/hu\/termekkategoria\/dezsafurdo\/\">Kattints a r\u00e9szletek\u00e9rt!<\/a><\/p>\n<p>T\u0151bb inform\u00e1ci\u00f3\u00e9rt l\u00e1togasson el\u00a0<a href=\"https:\/\/www.youtube.com\/@esemineuromania\">YouTube<\/a>-csatorn\u00e1nkra, valamint\u00a0<a href=\"https:\/\/www.facebook.com\/eSemineu\">Facebook<\/a>\u00a0\u00e9s\u00a0<a href=\"https:\/\/www.instagram.com\/esemineu\/\">Instagram<\/a>\u00a0oldalainkra.<\/p>\n<p><a href=\"https:\/\/esemineu.ro\/\">eSemineu.ro<\/a>\u00a0 \u00a0Te rakod a t\u0171zet, mi adjuk a meleget!<\/p>\n","protected":false},"excerpt":{"rendered":"<p>M\u0171anyag PP bet\u00e9tes Nat\u00farPin szin\u0171 d\u00e9zsa Mi\u00e9r vas\u00e1roljon d\u00e9zsaf\u00fcrd\u0151t? K\u00e9nyeztesse mag\u00e1t \u00e9s szeretteit az eSemineu.ro weboldalon kaphat\u00f3 M\u0171anyag PP bet\u00e9tes Nat\u00farPin sz\u00edn\u0171 d\u00e9zsa, rozsdamentes t\u0171zt\u00e9rrel. Ez a 5 szem\u00e9lyes d\u00e9zsaf\u00fcrd\u0151 MSS SPA t\u00f6k\u00e9letes v\u00e1laszt\u00e1s azok sz\u00e1m\u00e1ra, akik a term\u00e9szetess\u00e9g \u00e9s a modern k\u00e9nyelem harmonikus egyes\u00edt\u00e9s\u00e9t keresik k\u00fclt\u00e9ri f\u00fcrd\u0151z\u00e9shez. A 150 kg s\u00faly\u00fa \u00e9s 160 \u00d7 160 \u00d7 105 cm m\u00e9ret\u0171 d\u00e9zsa k\u00e9nyelmesen elf\u00e9r kertj\u00e9ben vagy terasz\u00e1n. Az eleg\u00e1ns nat\u00far (pin) sz\u00edn\u0171 kivitel term\u00e9szetes hangulatot \u00e1raszt, m\u00edg a 160 cm hossz\u00fas\u00e1g, 160 cm sz\u00e9less\u00e9g, \u00e9s 105 cm magass\u00e1g biztos\u00edtja, hogy elegend\u0151 hely \u00e1lljon rendelkez\u00e9sre a felhaszn\u00e1l\u00f3k sz\u00e1m\u00e1ra. Ez a modell 2100 liter v\u00edzkapacit\u00e1ssal rendelkezik, ami ide\u00e1lis m\u00e9ret az ak\u00e1r 5 szem\u00e9ly sz\u00e1m\u00e1ra. A 450 kg t\u00e1mogatott s\u00faly maxim\u00e1lis biztons\u00e1got garant\u00e1l a haszn\u00e1lata sor\u00e1n. A csomag tartalma a rozsdamentes ac\u00e9l k\u00e1lyha, a f\u00fcstelvezet\u0151, a K\u00e1lyhacsatlakoz\u00e1sok r\u00f6gz\u00edt\u00e9se a d\u00e9zs\u00e1hoz, l\u00e9tra, valamint a Medence takar\u00f3f\u00f3lia (huzat), ami seg\u00edt meg\u0151rizni a v\u00edz tisztas\u00e1g\u00e1t \u00e9s h\u0151m\u00e9rs\u00e9klet\u00e9t. &hellip; <a href=\"https:\/\/esemineu.ro\/hu\/termek\/muanyag-pp-betetes-naturpin-szinu-dezsa-rozsdamentes-tuzterrel-5-szemelyes-dezsafurdo-mss-spa\/\">Folytatva<\/a><\/p>\n","protected":false},"featured_media":24007,"comment_status":"open","ping_status":"closed","template":"","meta":[],"product_brand":[706],"product_cat":[2011,1778],"product_tag":[],"class_list":{"0":"post-24017","1":"product","2":"type-product","3":"status-publish","4":"has-post-thumbnail","6":"product_brand-esemineu-premium","7":"product_cat-dezsafurdok","8":"product_cat-dezsafurdok-es-szaunak","9":"pa_culoare-natur-pin-hu","11":"first","12":"onbackorder","13":"shipping-taxable","14":"purchasable","15":"product-type-simple"},"acf":[],"yoast_head":"<!-- This site is optimized with the Yoast SEO Premium plugin v21.0 (Yoast SEO v27.3) - https:\/\/yoast.com\/product\/yoast-seo-premium-wordpress\/ -->\n<title>M\u0171anyag PP bet\u00e9tes Nat\u00farPin szin\u0171 d\u00e9zsa | Nat\u00farPin d\u00e9zsaf\u00fcrd\u0151<\/title>\n<meta name=\"description\" content=\"Fedezze fel a term\u00e9szetes st\u00edlust \u00e9s a k\u00e9nyelmet az eSemineu.ro M\u0171anyag PP bet\u00e9tes Nat\u00farPin szin\u0171 d\u00e9zs\u00e1-val, 5 szem\u00e9lyes, rozsdamentes t\u0171zt\u00e9rrel.\" \/>\n<meta name=\"robots\" content=\"index, follow, max-snippet:-1, max-image-preview:large, max-video-preview:-1\" \/>\n<link rel=\"canonical\" href=\"https:\/\/esemineu.ro\/hu\/termek\/muanyag-pp-betetes-naturpin-szinu-dezsa-rozsdamentes-tuzterrel-5-szemelyes-dezsafurdo-mss-spa\/\" \/>\n<meta property=\"og:locale\" content=\"hu_HU\" \/>\n<meta property=\"og:type\" content=\"article\" \/>\n<meta property=\"og:title\" content=\"M\u0171anyag PP bet\u00e9tes Nat\u00farPin szin\u0171 d\u00e9zsa | Nat\u00farPin d\u00e9zsaf\u00fcrd\u0151\" \/>\n<meta property=\"og:description\" content=\"Fedezze fel a term\u00e9szetes st\u00edlust \u00e9s a k\u00e9nyelmet az eSemineu.ro M\u0171anyag PP bet\u00e9tes Nat\u00farPin szin\u0171 d\u00e9zs\u00e1-val, 5 szem\u00e9lyes, rozsdamentes t\u0171zt\u00e9rrel.\" \/>\n<meta property=\"og:url\" content=\"https:\/\/esemineu.ro\/hu\/termek\/muanyag-pp-betetes-naturpin-szinu-dezsa-rozsdamentes-tuzterrel-5-szemelyes-dezsafurdo-mss-spa\/\" \/>\n<meta property=\"og:site_name\" content=\"eSemineu\" \/>\n<meta property=\"article:publisher\" content=\"https:\/\/web.facebook.com\/eSemineu\" \/>\n<meta property=\"article:modified_time\" content=\"2024-12-23T15:40:40+00:00\" \/>\n<meta property=\"og:image\" content=\"https:\/\/esemineu.ro\/wp-content\/uploads\/2024\/05\/Pin.jpg\" \/>\n\t<meta property=\"og:image:width\" content=\"1000\" \/>\n\t<meta property=\"og:image:height\" content=\"1000\" \/>\n\t<meta property=\"og:image:type\" content=\"image\/jpeg\" \/>\n<meta name=\"twitter:card\" content=\"summary_large_image\" \/>\n<meta name=\"twitter:label1\" content=\"Becs\u00fclt olvas\u00e1si id\u0151\" \/>\n\t<meta name=\"twitter:data1\" content=\"5 perc\" \/>\n<script type=\"application\/ld+json\" class=\"yoast-schema-graph\">{\"@context\":\"https:\\\/\\\/schema.org\",\"@graph\":[{\"@type\":\"WebPage\",\"@id\":\"https:\\\/\\\/esemineu.ro\\\/hu\\\/termek\\\/muanyag-pp-betetes-naturpin-szinu-dezsa-rozsdamentes-tuzterrel-5-szemelyes-dezsafurdo-mss-spa\\\/\",\"url\":\"https:\\\/\\\/esemineu.ro\\\/hu\\\/termek\\\/muanyag-pp-betetes-naturpin-szinu-dezsa-rozsdamentes-tuzterrel-5-szemelyes-dezsafurdo-mss-spa\\\/\",\"name\":\"M\u0171anyag PP bet\u00e9tes Nat\u00farPin szin\u0171 d\u00e9zsa | Nat\u00farPin d\u00e9zsaf\u00fcrd\u0151\",\"isPartOf\":{\"@id\":\"https:\\\/\\\/esemineu.ro\\\/hu\\\/#website\"},\"primaryImageOfPage\":{\"@id\":\"https:\\\/\\\/esemineu.ro\\\/hu\\\/termek\\\/muanyag-pp-betetes-naturpin-szinu-dezsa-rozsdamentes-tuzterrel-5-szemelyes-dezsafurdo-mss-spa\\\/#primaryimage\"},\"image\":{\"@id\":\"https:\\\/\\\/esemineu.ro\\\/hu\\\/termek\\\/muanyag-pp-betetes-naturpin-szinu-dezsa-rozsdamentes-tuzterrel-5-szemelyes-dezsafurdo-mss-spa\\\/#primaryimage\"},\"thumbnailUrl\":\"https:\\\/\\\/esemineu.ro\\\/wp-content\\\/uploads\\\/2024\\\/05\\\/Pin.jpg\",\"datePublished\":\"2024-05-09T07:54:08+00:00\",\"dateModified\":\"2024-12-23T15:40:40+00:00\",\"description\":\"Fedezze fel a term\u00e9szetes st\u00edlust \u00e9s a k\u00e9nyelmet az eSemineu.ro M\u0171anyag PP bet\u00e9tes Nat\u00farPin szin\u0171 d\u00e9zs\u00e1-val, 5 szem\u00e9lyes, rozsdamentes t\u0171zt\u00e9rrel.\",\"breadcrumb\":{\"@id\":\"https:\\\/\\\/esemineu.ro\\\/hu\\\/termek\\\/muanyag-pp-betetes-naturpin-szinu-dezsa-rozsdamentes-tuzterrel-5-szemelyes-dezsafurdo-mss-spa\\\/#breadcrumb\"},\"inLanguage\":\"hu\",\"potentialAction\":[{\"@type\":\"ReadAction\",\"target\":[\"https:\\\/\\\/esemineu.ro\\\/hu\\\/termek\\\/muanyag-pp-betetes-naturpin-szinu-dezsa-rozsdamentes-tuzterrel-5-szemelyes-dezsafurdo-mss-spa\\\/\"]}]},{\"@type\":\"ImageObject\",\"inLanguage\":\"hu\",\"@id\":\"https:\\\/\\\/esemineu.ro\\\/hu\\\/termek\\\/muanyag-pp-betetes-naturpin-szinu-dezsa-rozsdamentes-tuzterrel-5-szemelyes-dezsafurdo-mss-spa\\\/#primaryimage\",\"url\":\"https:\\\/\\\/esemineu.ro\\\/wp-content\\\/uploads\\\/2024\\\/05\\\/Pin.jpg\",\"contentUrl\":\"https:\\\/\\\/esemineu.ro\\\/wp-content\\\/uploads\\\/2024\\\/05\\\/Pin.jpg\",\"width\":1000,\"height\":1000,\"caption\":\"M\u0171anyag pp bet\u00e9tes Nat\u00farPin szin\u0171 d\u00e9zsa\"},{\"@type\":\"BreadcrumbList\",\"@id\":\"https:\\\/\\\/esemineu.ro\\\/hu\\\/termek\\\/muanyag-pp-betetes-naturpin-szinu-dezsa-rozsdamentes-tuzterrel-5-szemelyes-dezsafurdo-mss-spa\\\/#breadcrumb\",\"itemListElement\":[{\"@type\":\"ListItem\",\"position\":1,\"name\":\"Kezd\u0151lap\",\"item\":\"https:\\\/\\\/esemineu.ro\\\/hu\\\/\"},{\"@type\":\"ListItem\",\"position\":2,\"name\":\"\u00c1ruh\u00e1z\",\"item\":\"https:\\\/\\\/esemineu.ro\\\/hu\\\/aruhaz\\\/\"},{\"@type\":\"ListItem\",\"position\":3,\"name\":\"M\u0171anyag PP bet\u00e9tes Nat\u00farPin szin\u0171 d\u00e9zsa, rozsdamentes t\u0171zt\u00e9rrel, 5 szem\u00e9lyes d\u00e9zsaf\u00fcrd\u0151 MSS SPA\"}]},{\"@type\":\"WebSite\",\"@id\":\"https:\\\/\\\/esemineu.ro\\\/hu\\\/#website\",\"url\":\"https:\\\/\\\/esemineu.ro\\\/hu\\\/\",\"name\":\"eSemineu\",\"description\":\"\u0218eminee de cea mai \u00eenalt\u0103 calitate\",\"potentialAction\":[{\"@type\":\"SearchAction\",\"target\":{\"@type\":\"EntryPoint\",\"urlTemplate\":\"https:\\\/\\\/esemineu.ro\\\/hu\\\/?s={search_term_string}\"},\"query-input\":{\"@type\":\"PropertyValueSpecification\",\"valueRequired\":true,\"valueName\":\"search_term_string\"}}],\"inLanguage\":\"hu\"}]}<\/script>\n<!-- \/ Yoast SEO Premium plugin. -->","yoast_head_json":{"title":"M\u0171anyag PP bet\u00e9tes Nat\u00farPin szin\u0171 d\u00e9zsa | Nat\u00farPin d\u00e9zsaf\u00fcrd\u0151","description":"Fedezze fel a term\u00e9szetes st\u00edlust \u00e9s a k\u00e9nyelmet az eSemineu.ro M\u0171anyag PP bet\u00e9tes Nat\u00farPin szin\u0171 d\u00e9zs\u00e1-val, 5 szem\u00e9lyes, rozsdamentes t\u0171zt\u00e9rrel.","robots":{"index":"index","follow":"follow","max-snippet":"max-snippet:-1","max-image-preview":"max-image-preview:large","max-video-preview":"max-video-preview:-1"},"canonical":"https:\/\/esemineu.ro\/hu\/termek\/muanyag-pp-betetes-naturpin-szinu-dezsa-rozsdamentes-tuzterrel-5-szemelyes-dezsafurdo-mss-spa\/","og_locale":"hu_HU","og_type":"article","og_title":"M\u0171anyag PP bet\u00e9tes Nat\u00farPin szin\u0171 d\u00e9zsa | Nat\u00farPin d\u00e9zsaf\u00fcrd\u0151","og_description":"Fedezze fel a term\u00e9szetes st\u00edlust \u00e9s a k\u00e9nyelmet az eSemineu.ro M\u0171anyag PP bet\u00e9tes Nat\u00farPin szin\u0171 d\u00e9zs\u00e1-val, 5 szem\u00e9lyes, rozsdamentes t\u0171zt\u00e9rrel.","og_url":"https:\/\/esemineu.ro\/hu\/termek\/muanyag-pp-betetes-naturpin-szinu-dezsa-rozsdamentes-tuzterrel-5-szemelyes-dezsafurdo-mss-spa\/","og_site_name":"eSemineu","article_publisher":"https:\/\/web.facebook.com\/eSemineu","article_modified_time":"2024-12-23T15:40:40+00:00","og_image":[{"width":1000,"height":1000,"url":"https:\/\/esemineu.ro\/wp-content\/uploads\/2024\/05\/Pin.jpg","type":"image\/jpeg"}],"twitter_card":"summary_large_image","twitter_misc":{"Becs\u00fclt olvas\u00e1si id\u0151":"5 perc"},"schema":{"@context":"https:\/\/schema.org","@graph":[{"@type":"WebPage","@id":"https:\/\/esemineu.ro\/hu\/termek\/muanyag-pp-betetes-naturpin-szinu-dezsa-rozsdamentes-tuzterrel-5-szemelyes-dezsafurdo-mss-spa\/","url":"https:\/\/esemineu.ro\/hu\/termek\/muanyag-pp-betetes-naturpin-szinu-dezsa-rozsdamentes-tuzterrel-5-szemelyes-dezsafurdo-mss-spa\/","name":"M\u0171anyag PP bet\u00e9tes Nat\u00farPin szin\u0171 d\u00e9zsa | Nat\u00farPin d\u00e9zsaf\u00fcrd\u0151","isPartOf":{"@id":"https:\/\/esemineu.ro\/hu\/#website"},"primaryImageOfPage":{"@id":"https:\/\/esemineu.ro\/hu\/termek\/muanyag-pp-betetes-naturpin-szinu-dezsa-rozsdamentes-tuzterrel-5-szemelyes-dezsafurdo-mss-spa\/#primaryimage"},"image":{"@id":"https:\/\/esemineu.ro\/hu\/termek\/muanyag-pp-betetes-naturpin-szinu-dezsa-rozsdamentes-tuzterrel-5-szemelyes-dezsafurdo-mss-spa\/#primaryimage"},"thumbnailUrl":"https:\/\/esemineu.ro\/wp-content\/uploads\/2024\/05\/Pin.jpg","datePublished":"2024-05-09T07:54:08+00:00","dateModified":"2024-12-23T15:40:40+00:00","description":"Fedezze fel a term\u00e9szetes st\u00edlust \u00e9s a k\u00e9nyelmet az eSemineu.ro M\u0171anyag PP bet\u00e9tes Nat\u00farPin szin\u0171 d\u00e9zs\u00e1-val, 5 szem\u00e9lyes, rozsdamentes t\u0171zt\u00e9rrel.","breadcrumb":{"@id":"https:\/\/esemineu.ro\/hu\/termek\/muanyag-pp-betetes-naturpin-szinu-dezsa-rozsdamentes-tuzterrel-5-szemelyes-dezsafurdo-mss-spa\/#breadcrumb"},"inLanguage":"hu","potentialAction":[{"@type":"ReadAction","target":["https:\/\/esemineu.ro\/hu\/termek\/muanyag-pp-betetes-naturpin-szinu-dezsa-rozsdamentes-tuzterrel-5-szemelyes-dezsafurdo-mss-spa\/"]}]},{"@type":"ImageObject","inLanguage":"hu","@id":"https:\/\/esemineu.ro\/hu\/termek\/muanyag-pp-betetes-naturpin-szinu-dezsa-rozsdamentes-tuzterrel-5-szemelyes-dezsafurdo-mss-spa\/#primaryimage","url":"https:\/\/esemineu.ro\/wp-content\/uploads\/2024\/05\/Pin.jpg","contentUrl":"https:\/\/esemineu.ro\/wp-content\/uploads\/2024\/05\/Pin.jpg","width":1000,"height":1000,"caption":"M\u0171anyag pp bet\u00e9tes Nat\u00farPin szin\u0171 d\u00e9zsa"},{"@type":"BreadcrumbList","@id":"https:\/\/esemineu.ro\/hu\/termek\/muanyag-pp-betetes-naturpin-szinu-dezsa-rozsdamentes-tuzterrel-5-szemelyes-dezsafurdo-mss-spa\/#breadcrumb","itemListElement":[{"@type":"ListItem","position":1,"name":"Kezd\u0151lap","item":"https:\/\/esemineu.ro\/hu\/"},{"@type":"ListItem","position":2,"name":"\u00c1ruh\u00e1z","item":"https:\/\/esemineu.ro\/hu\/aruhaz\/"},{"@type":"ListItem","position":3,"name":"M\u0171anyag PP bet\u00e9tes Nat\u00farPin szin\u0171 d\u00e9zsa, rozsdamentes t\u0171zt\u00e9rrel, 5 szem\u00e9lyes d\u00e9zsaf\u00fcrd\u0151 MSS SPA"}]},{"@type":"WebSite","@id":"https:\/\/esemineu.ro\/hu\/#website","url":"https:\/\/esemineu.ro\/hu\/","name":"eSemineu","description":"\u0218eminee de cea mai \u00eenalt\u0103 calitate","potentialAction":[{"@type":"SearchAction","target":{"@type":"EntryPoint","urlTemplate":"https:\/\/esemineu.ro\/hu\/?s={search_term_string}"},"query-input":{"@type":"PropertyValueSpecification","valueRequired":true,"valueName":"search_term_string"}}],"inLanguage":"hu"}]}},"_links":{"self":[{"href":"https:\/\/esemineu.ro\/hu\/wp-json\/wp\/v2\/product\/24017","targetHints":{"allow":["GET"]}}],"collection":[{"href":"https:\/\/esemineu.ro\/hu\/wp-json\/wp\/v2\/product"}],"about":[{"href":"https:\/\/esemineu.ro\/hu\/wp-json\/wp\/v2\/types\/product"}],"replies":[{"embeddable":true,"href":"https:\/\/esemineu.ro\/hu\/wp-json\/wp\/v2\/comments?post=24017"}],"wp:featuredmedia":[{"embeddable":true,"href":"https:\/\/esemineu.ro\/hu\/wp-json\/wp\/v2\/media\/24007"}],"wp:attachment":[{"href":"https:\/\/esemineu.ro\/hu\/wp-json\/wp\/v2\/media?parent=24017"}],"wp:term":[{"taxonomy":"product_brand","embeddable":true,"href":"https:\/\/esemineu.ro\/hu\/wp-json\/wp\/v2\/product_brand?post=24017"},{"taxonomy":"product_cat","embeddable":true,"href":"https:\/\/esemineu.ro\/hu\/wp-json\/wp\/v2\/product_cat?post=24017"},{"taxonomy":"product_tag","embeddable":true,"href":"https:\/\/esemineu.ro\/hu\/wp-json\/wp\/v2\/product_tag?post=24017"}],"curies":[{"name":"wp","href":"https:\/\/api.w.org\/{rel}","templated":true}]}}