{"id":24016,"date":"2024-05-09T11:19:12","date_gmt":"2024-05-09T09:19:12","guid":{"rendered":"https:\/\/esemineu.ro\/?post_type=product&#038;p=24016"},"modified":"2024-07-29T14:32:22","modified_gmt":"2024-07-29T12:32:22","slug":"muanyag-pp-betetes-mahon-szinu-dezsa-rozsdamentes-tuzterrel-5-szemelyes-dezsafurdo-mss-spa","status":"publish","type":"product","link":"https:\/\/esemineu.ro\/hu\/termek\/muanyag-pp-betetes-mahon-szinu-dezsa-rozsdamentes-tuzterrel-5-szemelyes-dezsafurdo-mss-spa\/","title":{"rendered":"M\u0171anyag PP bet\u00e9tes Mahon szin\u0171 d\u00e9zsa, rozsdamentes t\u0171zt\u00e9rrel, 5 szem\u00e9lyes d\u00e9zsaf\u00fcrd\u0151 MSS SPA"},"content":{"rendered":"<p>M\u0171anyag PP bet\u00e9tes Mahon szin\u0171 d\u00e9zsa<\/p>\n<h4>Mi\u00e9r vas\u00e1roljon d\u00e9zsaf\u00fcrd\u0151t?<\/h4>\n<div class=\"flex-1 overflow-hidden\">\n<div class=\"react-scroll-to-bottom--css-afgnq-79elbk h-full\">\n<div class=\"react-scroll-to-bottom--css-afgnq-1n7m0yu\">\n<div class=\"flex flex-col text-sm pb-9\">\n<div class=\"w-full text-token-text-primary\" dir=\"auto\" data-testid=\"conversation-turn-13\" data-scroll-anchor=\"true\">\n<div class=\"py-2 px-3 text-base md:px-4 m-auto md:px-5 lg:px-1 xl:px-5\">\n<div class=\"mx-auto flex flex-1 gap-3 text-base juice:gap-4 juice:md:gap-6 md:max-w-3xl lg:max-w-[40rem] xl:max-w-[48rem]\">\n<div class=\"relative flex w-full min-w-0 flex-col agent-turn\">\n<div class=\"flex-col gap-1 md:gap-3\">\n<div class=\"flex flex-grow flex-col max-w-full\">\n<div class=\"min-h-[20px] text-message flex flex-col items-start whitespace-pre-wrap break-words [.text-message+&amp;]:mt-5 overflow-x-auto gap-3\" dir=\"auto\" data-message-author-role=\"assistant\" data-message-id=\"ff2fb855-4e90-48f1-a2d7-50e792b8bf76\">\n<div class=\"markdown prose w-full break-words dark:prose-invert light\">\n<p>Fedezze fel a k\u00e9nyelem \u00e9s a st\u00edlus t\u00f6k\u00e9letes kombin\u00e1ci\u00f3j\u00e1t az <strong>eSemineu.ro<\/strong> weboldal\u00e1n k\u00edn\u00e1lt <strong>M\u0171anyag PP bet\u00e9tes Mahon sz\u00edn\u0171 d\u00e9zsa, rozsdamentes t\u0171zt\u00e9rrel<\/strong>. Ez az eleg\u00e1ns <strong>5 szem\u00e9lyes d\u00e9zsaf\u00fcrd\u0151 MSS SPA<\/strong> t\u00f6k\u00e9letes v\u00e1laszt\u00e1s azok sz\u00e1m\u00e1ra, akik min\u0151s\u00e9gi id\u0151t szeretn\u00e9nek elt\u00f6lteni szeretteikkel.<\/p>\n<p>A d\u00e9zsaf\u00fcrd\u0151 <strong>150 kg<\/strong> t\u00f6meg\u0171, <strong>160 \u00d7 160 \u00d7 105 cm<\/strong> m\u00e9reteivel ide\u00e1lis m\u00e9retet biztos\u00edt ak\u00e1r \u00f6t f\u0151 r\u00e9sz\u00e9re. A <strong>Mahon<\/strong> sz\u00edn\u0171 kivitel eleganci\u00e1t k\u00f6lcs\u00f6n\u00f6z, m\u00edg a <strong>160 cm<\/strong> hossz\u00fas\u00e1g \u00e9s <strong>160 cm<\/strong> sz\u00e9less\u00e9g b\u0151ven elegend\u0151 teret biztos\u00edt a k\u00e9nyelmes f\u00fcrd\u0151z\u00e9shez. A <strong>105 cm<\/strong> magass\u00e1g lehet\u0151v\u00e9 teszi, hogy k\u00e9nyelmesen be- \u00e9s ki lehessen sz\u00e1llni.<\/p>\n<p>A <strong>2100 literes<\/strong> kapacit\u00e1sa ide\u00e1lis k\u00f6zepes m\u00e9ret\u0171 csoportok sz\u00e1m\u00e1ra, \u00e9s a <strong>450 kg<\/strong> t\u00e1mogatott s\u00faly biztos\u00edtja a biztons\u00e1gos haszn\u00e1latot. A csomagban tal\u00e1lhat\u00f3 <strong>rozsdamentes ac\u00e9l k\u00e1lyha<\/strong> hat\u00e9konyan meleg\u00edti a vizet, a <strong>f\u00fcstelvezet\u0151<\/strong> \u00e9s a <strong>K\u00e1lyhacsatlakoz\u00e1sok r\u00f6gz\u00edt\u00e9se a d\u00e9zs\u00e1hoz<\/strong> pedig egyszer\u0171s\u00edti a haszn\u00e1latot. A <strong>l\u00e9tra<\/strong> \u00e9s a <strong>Medence takar\u00f3f\u00f3lia (huzat)<\/strong> megk\u00f6nny\u00edti a hozz\u00e1f\u00e9r\u00e9st \u00e9s v\u00e9delmet ny\u00fajt a v\u00edznek.<\/p>\n<p>A <strong>2 \u00e9v<\/strong> garancia biztos\u00edtja a hossz\u00fa t\u00e1v\u00fa el\u00e9gedetts\u00e9get \u00e9s nyugalmat minden v\u00e1s\u00e1rl\u00f3nk sz\u00e1m\u00e1ra. Legyen sz\u00f3 csal\u00e1di kikapcsol\u00f3d\u00e1sr\u00f3l vagy bar\u00e1ti \u00f6sszej\u00f6vetelekr\u0151l, az <strong>eSemineu.ro<\/strong> \u00e1ltal k\u00edn\u00e1lt <strong>5 szem\u00e9lyes d\u00e9zsaf\u00fcrd\u0151 MSS SPA<\/strong> garant\u00e1ltan emeli a hangulatot \u00e9s hozz\u00e1j\u00e1rul a pihentet\u0151 \u00e9lm\u00e9nyhez. Ne hagyja ki ezt a kiv\u00e1l\u00f3 lehet\u0151s\u00e9get, v\u00e1lassza az <strong>eSemineu.ro<\/strong> k\u00edn\u00e1lat\u00e1t a min\u0151s\u00e9gi pihen\u00e9s\u00e9rt!<\/p>\n<\/div>\n<\/div>\n<\/div>\n<div class=\"mt-1 flex gap-3 empty:hidden juice:-ml-3\">\n<div class=\"-ml-1 mt-0 h-7 items-center justify-center gap-[2px] self-end text-gray-400 lg:justify-start lg:self-center visible flex\">\n<div class=\"flex\">Ter\u00e1pi\u00e1s el\u0151ny\u00f6k:<\/div>\n<\/div>\n<\/div>\n<\/div>\n<\/div>\n<\/div>\n<\/div>\n<\/div>\n<\/div>\n<\/div>\n<\/div>\n<\/div>\n<ul>\n<li>M\u00e9ly relax\u00e1ci\u00f3t ny\u00fajt: A meleg f\u00fcrd\u0151k a d\u00e9zs\u00e1ban ismertek arr\u00f3l, hogy k\u00e9pesek ellaz\u00edtani a fesz\u00fclt izmokat \u00e9s megnyugtatni az elm\u00e9t.<\/li>\n<li>Cs\u00f6kkenti a fesz\u00fclts\u00e9get: A v\u00edz \u00e1ltal ny\u00fajtott felhajt\u00f3er\u0151 90%-kal cs\u00f6kkenti a test s\u00faly\u00e1t, \u00edgy enyh\u00edti az \u00edz\u00fcletekre \u00e9s idegekre nehezed\u0151 nyom\u00e1st.<\/li>\n<li>Jelent\u0151s eg\u00e9szs\u00e9g\u00fcgyi el\u0151ny\u00f6k: A d\u00e9zsaf\u00fcrd\u0151 ter\u00e1pi\u00e1ja seg\u00edthet enyh\u00edteni olyan betegs\u00e9gek t\u00fcneteit, mint az arthritis vagy a reum\u00e1s \u00edz\u00fcleti gyullad\u00e1s.<\/li>\n<\/ul>\n<h4>F\u0151bb jellemz\u0151k a M\u0171anyag PP bet\u00e9tes Mahon szin\u0171 d\u00e9zsa:<\/h4>\n<ul>\n<li>Tart\u00f3s anyag: A d\u00e9zsa kiv\u00e1l\u00f3 min\u0151s\u00e9g\u0171 PP m\u0171anyagb\u00f3l k\u00e9sz\u00fclt, biztos\u00edtva a tart\u00f3ss\u00e1got \u00e9s az id\u0151t\u00e1ll\u00f3s\u00e1got.<\/li>\n<li>Eleg\u00e1ns design: A k\u00fcls\u0151 oldal\u00e1t 12,5 mm vastags\u00e1g\u00fa term\u00e9szetes feny\u0151 lamb\u00e9ri\u00e1z\u00e1s bor\u00edtja, amely eleganci\u00e1t \u00e9s finoms\u00e1got \u00e1raszt.<\/li>\n<li>T\u00f6k\u00e9letes kapacit\u00e1s \u00e9s m\u00e9retek: Legfeljebb 5 szem\u00e9ly sz\u00e1m\u00e1ra aj\u00e1nlott, m\u00e9retei 160 x 105 cm (\u00e1tm\u00e9r\u0151 x magass\u00e1g), \u00e9s 2100 literes kapacit\u00e1sa van.<\/li>\n<li>T\u00e1mogatott s\u00faly: Ak\u00e1r 450 kg s\u00falyt is k\u00e9pes elb\u00edrni, biztons\u00e1got \u00e9s k\u00e9nyelmet ny\u00fajtva minden felhaszn\u00e1l\u00f3 sz\u00e1m\u00e1ra.<\/li>\n<\/ul>\n<h4>Teljes k\u00e9szlet:<\/h4>\n<ul>\n<li>Rozsdamentes ac\u00e9l k\u00e1lyha: Hat\u00e9kony \u00e9s egyenletes v\u00edzmeleg\u00edt\u00e9st biztos\u00edt, kellemes \u00e9lm\u00e9nyt ny\u00fajtva minden alkalommal.<\/li>\n<li>Tartoz\u00e9kok: A k\u00e9szlet tartalmazza a f\u00fcstcs\u00f6vet, a k\u00e1lyha csatlakoz\u00f3it a d\u00e9zs\u00e1hoz, l\u00e9tr\u00e1t \u00e9s fed\u0151t (huzatot), \u00edgy egyszer\u0171 \u00e9s k\u00e9nyelmes haszn\u00e1latot biztos\u00edt.<\/li>\n<\/ul>\n<h4>Term\u00e9k el\u0151nyei:<\/h4>\n<ul>\n<li>Eleg\u00e1ns megjelen\u00e9s: Finom designja eleganci\u00e1t k\u00f6lcs\u00f6n\u00f6z b\u00e1rmely kertnek vagy pihen\u0151helynek.<\/li>\n<li>Tart\u00f3ss\u00e1g: A kiv\u00e1l\u00f3 min\u0151s\u00e9g\u0171 anyagokb\u00f3l k\u00e9sz\u00fclt d\u00e9zsa hossz\u00fa t\u00e1von \u00edg\u00e9r tart\u00f3ss\u00e1got.<\/li>\n<li>Relax\u00e1ci\u00f3 \u00e9s eg\u00e9szs\u00e9g: A ter\u00e1pi\u00e1s \u00e9s relax\u00e1l\u00f3 el\u0151ny\u00f6k friss\u00edt\u0151nek \u00e9s pihentet\u0151nek bizonyulnak minden f\u00fcrd\u0151z\u00e9s ut\u00e1n.<\/li>\n<\/ul>\n<p>\u00c9ld \u00e1t a luxust \u00e9s a finoms\u00e1got az MSS Spa rozsdamentes t\u0171zt\u00e9rrel rendelkez\u0151 f\u00fcrd\u0151d\u00e9zs\u00e1val, \u00e9s v\u00e1ltoztass minden pillanatot felejthetetlen relax\u00e1ci\u00f3s \u00e9s eg\u00e9szs\u00e9g\u00fcgyi \u00e9lm\u00e9nny\u00e9.<\/p>\n<h4>M\u0171anyag PP bet\u00e9tes Mahon szin\u0171 d\u00e9zsa Sz\u00e1ll\u00edt\u00e1si hat\u00e1rideje:<\/h4>\n<ul>\n<li><strong>Magyarorsz\u00e1g \u00e9s az eg\u00e9sz Eur\u00f3pai Uni\u00f3 ter\u00fclet\u00e9n<\/strong>\u00a0is sz\u00e1ll\u00edtjuk.<\/li>\n<li>Rom\u00e1ni\u00e1ba 3-5 munkanap alatt sz\u00e1ll\u00edtjuk<\/li>\n<li>Magyarorsz\u00e1gra \u00e9s az EU ter\u00fclet\u00e9re az \u00e1tutal\u00e1s ut\u00e1n 10 munkanapon bel\u00fcl \u00e9rkezik meg a term\u00e9k.<\/li>\n<\/ul>\n<p>Ha b\u00e1rmilyen k\u00e9rd\u00e9se van, k\u00e9rj\u00fck, l\u00e9pjen kapcsolatba vel\u00fcnk.<\/p>\n<p>Fedezd fel az innov\u00e1ci\u00f3t \u00e9s a st\u00edlust az MSS Spa rozsdamentes t\u0171zt\u00e9rrel rendelkez\u0151 f\u00fcrd\u0151d\u00e9zs\u00e1nkkal, t\u00f6k\u00e9letes v\u00e1laszt\u00e1s a fels\u0151fok\u00fa relax\u00e1ci\u00f3\u00e9rt \u00e9s k\u00e9nyelem\u00e9rt. <a href=\"https:\/\/esemineu.ro\/hu\/termekkategoria\/dezsafurdo\/\">Kattints a r\u00e9szletek\u00e9rt!<\/a><\/p>\n<p>T\u0151bb inform\u00e1ci\u00f3\u00e9rt l\u00e1togasson el\u00a0<a href=\"https:\/\/www.youtube.com\/@esemineuromania\">YouTube<\/a>-csatorn\u00e1nkra, valamint\u00a0<a href=\"https:\/\/www.facebook.com\/eSemineu\">Facebook<\/a>\u00a0\u00e9s\u00a0<a href=\"https:\/\/www.instagram.com\/esemineu\/\">Instagram<\/a>\u00a0oldalainkra.<\/p>\n<p><a href=\"https:\/\/esemineu.ro\/\">eSemineu.ro<\/a>\u00a0 \u00a0Te rakod a t\u0171zet, mi adjuk a meleget!<\/p>\n","protected":false},"excerpt":{"rendered":"<p>M\u0171anyag PP bet\u00e9tes Mahon szin\u0171 d\u00e9zsa Mi\u00e9r vas\u00e1roljon d\u00e9zsaf\u00fcrd\u0151t? Fedezze fel a k\u00e9nyelem \u00e9s a st\u00edlus t\u00f6k\u00e9letes kombin\u00e1ci\u00f3j\u00e1t az eSemineu.ro weboldal\u00e1n k\u00edn\u00e1lt M\u0171anyag PP bet\u00e9tes Mahon sz\u00edn\u0171 d\u00e9zsa, rozsdamentes t\u0171zt\u00e9rrel. Ez az eleg\u00e1ns 5 szem\u00e9lyes d\u00e9zsaf\u00fcrd\u0151 MSS SPA t\u00f6k\u00e9letes v\u00e1laszt\u00e1s azok sz\u00e1m\u00e1ra, akik min\u0151s\u00e9gi id\u0151t szeretn\u00e9nek elt\u00f6lteni szeretteikkel. A d\u00e9zsaf\u00fcrd\u0151 150 kg t\u00f6meg\u0171, 160 \u00d7 160 \u00d7 105 cm m\u00e9reteivel ide\u00e1lis m\u00e9retet biztos\u00edt ak\u00e1r \u00f6t f\u0151 r\u00e9sz\u00e9re. A Mahon sz\u00edn\u0171 kivitel eleganci\u00e1t k\u00f6lcs\u00f6n\u00f6z, m\u00edg a 160 cm hossz\u00fas\u00e1g \u00e9s 160 cm sz\u00e9less\u00e9g b\u0151ven elegend\u0151 teret biztos\u00edt a k\u00e9nyelmes f\u00fcrd\u0151z\u00e9shez. A 105 cm magass\u00e1g lehet\u0151v\u00e9 teszi, hogy k\u00e9nyelmesen be- \u00e9s ki lehessen sz\u00e1llni. A 2100 literes kapacit\u00e1sa ide\u00e1lis k\u00f6zepes m\u00e9ret\u0171 csoportok sz\u00e1m\u00e1ra, \u00e9s a 450 kg t\u00e1mogatott s\u00faly biztos\u00edtja a biztons\u00e1gos haszn\u00e1latot. A csomagban tal\u00e1lhat\u00f3 rozsdamentes ac\u00e9l k\u00e1lyha hat\u00e9konyan meleg\u00edti a vizet, a f\u00fcstelvezet\u0151 \u00e9s a K\u00e1lyhacsatlakoz\u00e1sok r\u00f6gz\u00edt\u00e9se a d\u00e9zs\u00e1hoz pedig egyszer\u0171s\u00edti a haszn\u00e1latot. A l\u00e9tra \u00e9s a Medence takar\u00f3f\u00f3lia (huzat) &hellip; <a href=\"https:\/\/esemineu.ro\/hu\/termek\/muanyag-pp-betetes-mahon-szinu-dezsa-rozsdamentes-tuzterrel-5-szemelyes-dezsafurdo-mss-spa\/\">Folytatva<\/a><\/p>\n","protected":false},"featured_media":24010,"comment_status":"open","ping_status":"closed","template":"","meta":[],"product_brand":[706],"product_cat":[2011,1778],"product_tag":[],"class_list":{"0":"post-24016","1":"product","2":"type-product","3":"status-publish","4":"has-post-thumbnail","6":"product_brand-esemineu-premium","7":"product_cat-dezsafurdok","8":"product_cat-dezsafurdok-es-szaunak","9":"pa_culoare-mahon-hu","11":"first","12":"onbackorder","13":"shipping-taxable","14":"purchasable","15":"product-type-simple"},"acf":[],"yoast_head":"<!-- This site is optimized with the Yoast SEO Premium plugin v21.0 (Yoast SEO v27.3) - https:\/\/yoast.com\/product\/yoast-seo-premium-wordpress\/ -->\n<title>M\u0171anyag PP bet\u00e9tes Mahon szin\u0171 d\u00e9zsa | 5 szem\u00e9lyes d\u00e9zsaf\u00fcrd\u0151<\/title>\n<meta name=\"description\" content=\"Fedezze fel az eSemineu.ro-n a M\u0171anyag PP bet\u00e9tes Mahon szin\u0171 d\u00e9zs\u00e1-t, 5 szem\u00e9lyes, rozsdamentes t\u0171zt\u00e9rrel. K\u00e9nyelem, elegancia, \u00e9s 2 \u00e9v garancia.\" \/>\n<meta name=\"robots\" content=\"index, follow, max-snippet:-1, max-image-preview:large, max-video-preview:-1\" \/>\n<link rel=\"canonical\" href=\"https:\/\/esemineu.ro\/hu\/termek\/muanyag-pp-betetes-mahon-szinu-dezsa-rozsdamentes-tuzterrel-5-szemelyes-dezsafurdo-mss-spa\/\" \/>\n<meta property=\"og:locale\" content=\"hu_HU\" \/>\n<meta property=\"og:type\" content=\"article\" \/>\n<meta property=\"og:title\" content=\"M\u0171anyag PP bet\u00e9tes Mahon szin\u0171 d\u00e9zsa | 5 szem\u00e9lyes d\u00e9zsaf\u00fcrd\u0151\" \/>\n<meta property=\"og:description\" content=\"Fedezze fel az eSemineu.ro-n a M\u0171anyag PP bet\u00e9tes Mahon szin\u0171 d\u00e9zs\u00e1-t, 5 szem\u00e9lyes, rozsdamentes t\u0171zt\u00e9rrel. K\u00e9nyelem, elegancia, \u00e9s 2 \u00e9v garancia.\" \/>\n<meta property=\"og:url\" content=\"https:\/\/esemineu.ro\/hu\/termek\/muanyag-pp-betetes-mahon-szinu-dezsa-rozsdamentes-tuzterrel-5-szemelyes-dezsafurdo-mss-spa\/\" \/>\n<meta property=\"og:site_name\" content=\"eSemineu\" \/>\n<meta property=\"article:publisher\" content=\"https:\/\/web.facebook.com\/eSemineu\" \/>\n<meta property=\"article:modified_time\" content=\"2024-07-29T12:32:22+00:00\" \/>\n<meta property=\"og:image\" content=\"https:\/\/esemineu.ro\/wp-content\/uploads\/2024\/05\/Mahon.jpg\" \/>\n\t<meta property=\"og:image:width\" content=\"1000\" \/>\n\t<meta property=\"og:image:height\" content=\"1000\" \/>\n\t<meta property=\"og:image:type\" content=\"image\/jpeg\" \/>\n<meta name=\"twitter:card\" content=\"summary_large_image\" \/>\n<meta name=\"twitter:label1\" content=\"Becs\u00fclt olvas\u00e1si id\u0151\" \/>\n\t<meta name=\"twitter:data1\" content=\"4 perc\" \/>\n<script type=\"application\/ld+json\" class=\"yoast-schema-graph\">{\"@context\":\"https:\\\/\\\/schema.org\",\"@graph\":[{\"@type\":\"WebPage\",\"@id\":\"https:\\\/\\\/esemineu.ro\\\/hu\\\/termek\\\/muanyag-pp-betetes-mahon-szinu-dezsa-rozsdamentes-tuzterrel-5-szemelyes-dezsafurdo-mss-spa\\\/\",\"url\":\"https:\\\/\\\/esemineu.ro\\\/hu\\\/termek\\\/muanyag-pp-betetes-mahon-szinu-dezsa-rozsdamentes-tuzterrel-5-szemelyes-dezsafurdo-mss-spa\\\/\",\"name\":\"M\u0171anyag PP bet\u00e9tes Mahon szin\u0171 d\u00e9zsa | 5 szem\u00e9lyes d\u00e9zsaf\u00fcrd\u0151\",\"isPartOf\":{\"@id\":\"https:\\\/\\\/esemineu.ro\\\/hu\\\/#website\"},\"primaryImageOfPage\":{\"@id\":\"https:\\\/\\\/esemineu.ro\\\/hu\\\/termek\\\/muanyag-pp-betetes-mahon-szinu-dezsa-rozsdamentes-tuzterrel-5-szemelyes-dezsafurdo-mss-spa\\\/#primaryimage\"},\"image\":{\"@id\":\"https:\\\/\\\/esemineu.ro\\\/hu\\\/termek\\\/muanyag-pp-betetes-mahon-szinu-dezsa-rozsdamentes-tuzterrel-5-szemelyes-dezsafurdo-mss-spa\\\/#primaryimage\"},\"thumbnailUrl\":\"https:\\\/\\\/esemineu.ro\\\/wp-content\\\/uploads\\\/2024\\\/05\\\/Mahon.jpg\",\"datePublished\":\"2024-05-09T09:19:12+00:00\",\"dateModified\":\"2024-07-29T12:32:22+00:00\",\"description\":\"Fedezze fel az eSemineu.ro-n a M\u0171anyag PP bet\u00e9tes Mahon szin\u0171 d\u00e9zs\u00e1-t, 5 szem\u00e9lyes, rozsdamentes t\u0171zt\u00e9rrel. K\u00e9nyelem, elegancia, \u00e9s 2 \u00e9v garancia.\",\"breadcrumb\":{\"@id\":\"https:\\\/\\\/esemineu.ro\\\/hu\\\/termek\\\/muanyag-pp-betetes-mahon-szinu-dezsa-rozsdamentes-tuzterrel-5-szemelyes-dezsafurdo-mss-spa\\\/#breadcrumb\"},\"inLanguage\":\"hu\",\"potentialAction\":[{\"@type\":\"ReadAction\",\"target\":[\"https:\\\/\\\/esemineu.ro\\\/hu\\\/termek\\\/muanyag-pp-betetes-mahon-szinu-dezsa-rozsdamentes-tuzterrel-5-szemelyes-dezsafurdo-mss-spa\\\/\"]}]},{\"@type\":\"ImageObject\",\"inLanguage\":\"hu\",\"@id\":\"https:\\\/\\\/esemineu.ro\\\/hu\\\/termek\\\/muanyag-pp-betetes-mahon-szinu-dezsa-rozsdamentes-tuzterrel-5-szemelyes-dezsafurdo-mss-spa\\\/#primaryimage\",\"url\":\"https:\\\/\\\/esemineu.ro\\\/wp-content\\\/uploads\\\/2024\\\/05\\\/Mahon.jpg\",\"contentUrl\":\"https:\\\/\\\/esemineu.ro\\\/wp-content\\\/uploads\\\/2024\\\/05\\\/Mahon.jpg\",\"width\":1000,\"height\":1000,\"caption\":\"M\u0171anyag pp bet\u00e9tes Mahon szin\u0171 d\u00e9zsa\"},{\"@type\":\"BreadcrumbList\",\"@id\":\"https:\\\/\\\/esemineu.ro\\\/hu\\\/termek\\\/muanyag-pp-betetes-mahon-szinu-dezsa-rozsdamentes-tuzterrel-5-szemelyes-dezsafurdo-mss-spa\\\/#breadcrumb\",\"itemListElement\":[{\"@type\":\"ListItem\",\"position\":1,\"name\":\"Kezd\u0151lap\",\"item\":\"https:\\\/\\\/esemineu.ro\\\/hu\\\/\"},{\"@type\":\"ListItem\",\"position\":2,\"name\":\"\u00c1ruh\u00e1z\",\"item\":\"https:\\\/\\\/esemineu.ro\\\/hu\\\/aruhaz\\\/\"},{\"@type\":\"ListItem\",\"position\":3,\"name\":\"M\u0171anyag PP bet\u00e9tes Mahon szin\u0171 d\u00e9zsa, rozsdamentes t\u0171zt\u00e9rrel, 5 szem\u00e9lyes d\u00e9zsaf\u00fcrd\u0151 MSS SPA\"}]},{\"@type\":\"WebSite\",\"@id\":\"https:\\\/\\\/esemineu.ro\\\/hu\\\/#website\",\"url\":\"https:\\\/\\\/esemineu.ro\\\/hu\\\/\",\"name\":\"eSemineu\",\"description\":\"\u0218eminee de cea mai \u00eenalt\u0103 calitate\",\"potentialAction\":[{\"@type\":\"SearchAction\",\"target\":{\"@type\":\"EntryPoint\",\"urlTemplate\":\"https:\\\/\\\/esemineu.ro\\\/hu\\\/?s={search_term_string}\"},\"query-input\":{\"@type\":\"PropertyValueSpecification\",\"valueRequired\":true,\"valueName\":\"search_term_string\"}}],\"inLanguage\":\"hu\"}]}<\/script>\n<!-- \/ Yoast SEO Premium plugin. -->","yoast_head_json":{"title":"M\u0171anyag PP bet\u00e9tes Mahon szin\u0171 d\u00e9zsa | 5 szem\u00e9lyes d\u00e9zsaf\u00fcrd\u0151","description":"Fedezze fel az eSemineu.ro-n a M\u0171anyag PP bet\u00e9tes Mahon szin\u0171 d\u00e9zs\u00e1-t, 5 szem\u00e9lyes, rozsdamentes t\u0171zt\u00e9rrel. K\u00e9nyelem, elegancia, \u00e9s 2 \u00e9v garancia.","robots":{"index":"index","follow":"follow","max-snippet":"max-snippet:-1","max-image-preview":"max-image-preview:large","max-video-preview":"max-video-preview:-1"},"canonical":"https:\/\/esemineu.ro\/hu\/termek\/muanyag-pp-betetes-mahon-szinu-dezsa-rozsdamentes-tuzterrel-5-szemelyes-dezsafurdo-mss-spa\/","og_locale":"hu_HU","og_type":"article","og_title":"M\u0171anyag PP bet\u00e9tes Mahon szin\u0171 d\u00e9zsa | 5 szem\u00e9lyes d\u00e9zsaf\u00fcrd\u0151","og_description":"Fedezze fel az eSemineu.ro-n a M\u0171anyag PP bet\u00e9tes Mahon szin\u0171 d\u00e9zs\u00e1-t, 5 szem\u00e9lyes, rozsdamentes t\u0171zt\u00e9rrel. K\u00e9nyelem, elegancia, \u00e9s 2 \u00e9v garancia.","og_url":"https:\/\/esemineu.ro\/hu\/termek\/muanyag-pp-betetes-mahon-szinu-dezsa-rozsdamentes-tuzterrel-5-szemelyes-dezsafurdo-mss-spa\/","og_site_name":"eSemineu","article_publisher":"https:\/\/web.facebook.com\/eSemineu","article_modified_time":"2024-07-29T12:32:22+00:00","og_image":[{"width":1000,"height":1000,"url":"https:\/\/esemineu.ro\/wp-content\/uploads\/2024\/05\/Mahon.jpg","type":"image\/jpeg"}],"twitter_card":"summary_large_image","twitter_misc":{"Becs\u00fclt olvas\u00e1si id\u0151":"4 perc"},"schema":{"@context":"https:\/\/schema.org","@graph":[{"@type":"WebPage","@id":"https:\/\/esemineu.ro\/hu\/termek\/muanyag-pp-betetes-mahon-szinu-dezsa-rozsdamentes-tuzterrel-5-szemelyes-dezsafurdo-mss-spa\/","url":"https:\/\/esemineu.ro\/hu\/termek\/muanyag-pp-betetes-mahon-szinu-dezsa-rozsdamentes-tuzterrel-5-szemelyes-dezsafurdo-mss-spa\/","name":"M\u0171anyag PP bet\u00e9tes Mahon szin\u0171 d\u00e9zsa | 5 szem\u00e9lyes d\u00e9zsaf\u00fcrd\u0151","isPartOf":{"@id":"https:\/\/esemineu.ro\/hu\/#website"},"primaryImageOfPage":{"@id":"https:\/\/esemineu.ro\/hu\/termek\/muanyag-pp-betetes-mahon-szinu-dezsa-rozsdamentes-tuzterrel-5-szemelyes-dezsafurdo-mss-spa\/#primaryimage"},"image":{"@id":"https:\/\/esemineu.ro\/hu\/termek\/muanyag-pp-betetes-mahon-szinu-dezsa-rozsdamentes-tuzterrel-5-szemelyes-dezsafurdo-mss-spa\/#primaryimage"},"thumbnailUrl":"https:\/\/esemineu.ro\/wp-content\/uploads\/2024\/05\/Mahon.jpg","datePublished":"2024-05-09T09:19:12+00:00","dateModified":"2024-07-29T12:32:22+00:00","description":"Fedezze fel az eSemineu.ro-n a M\u0171anyag PP bet\u00e9tes Mahon szin\u0171 d\u00e9zs\u00e1-t, 5 szem\u00e9lyes, rozsdamentes t\u0171zt\u00e9rrel. K\u00e9nyelem, elegancia, \u00e9s 2 \u00e9v garancia.","breadcrumb":{"@id":"https:\/\/esemineu.ro\/hu\/termek\/muanyag-pp-betetes-mahon-szinu-dezsa-rozsdamentes-tuzterrel-5-szemelyes-dezsafurdo-mss-spa\/#breadcrumb"},"inLanguage":"hu","potentialAction":[{"@type":"ReadAction","target":["https:\/\/esemineu.ro\/hu\/termek\/muanyag-pp-betetes-mahon-szinu-dezsa-rozsdamentes-tuzterrel-5-szemelyes-dezsafurdo-mss-spa\/"]}]},{"@type":"ImageObject","inLanguage":"hu","@id":"https:\/\/esemineu.ro\/hu\/termek\/muanyag-pp-betetes-mahon-szinu-dezsa-rozsdamentes-tuzterrel-5-szemelyes-dezsafurdo-mss-spa\/#primaryimage","url":"https:\/\/esemineu.ro\/wp-content\/uploads\/2024\/05\/Mahon.jpg","contentUrl":"https:\/\/esemineu.ro\/wp-content\/uploads\/2024\/05\/Mahon.jpg","width":1000,"height":1000,"caption":"M\u0171anyag pp bet\u00e9tes Mahon szin\u0171 d\u00e9zsa"},{"@type":"BreadcrumbList","@id":"https:\/\/esemineu.ro\/hu\/termek\/muanyag-pp-betetes-mahon-szinu-dezsa-rozsdamentes-tuzterrel-5-szemelyes-dezsafurdo-mss-spa\/#breadcrumb","itemListElement":[{"@type":"ListItem","position":1,"name":"Kezd\u0151lap","item":"https:\/\/esemineu.ro\/hu\/"},{"@type":"ListItem","position":2,"name":"\u00c1ruh\u00e1z","item":"https:\/\/esemineu.ro\/hu\/aruhaz\/"},{"@type":"ListItem","position":3,"name":"M\u0171anyag PP bet\u00e9tes Mahon szin\u0171 d\u00e9zsa, rozsdamentes t\u0171zt\u00e9rrel, 5 szem\u00e9lyes d\u00e9zsaf\u00fcrd\u0151 MSS SPA"}]},{"@type":"WebSite","@id":"https:\/\/esemineu.ro\/hu\/#website","url":"https:\/\/esemineu.ro\/hu\/","name":"eSemineu","description":"\u0218eminee de cea mai \u00eenalt\u0103 calitate","potentialAction":[{"@type":"SearchAction","target":{"@type":"EntryPoint","urlTemplate":"https:\/\/esemineu.ro\/hu\/?s={search_term_string}"},"query-input":{"@type":"PropertyValueSpecification","valueRequired":true,"valueName":"search_term_string"}}],"inLanguage":"hu"}]}},"_links":{"self":[{"href":"https:\/\/esemineu.ro\/hu\/wp-json\/wp\/v2\/product\/24016","targetHints":{"allow":["GET"]}}],"collection":[{"href":"https:\/\/esemineu.ro\/hu\/wp-json\/wp\/v2\/product"}],"about":[{"href":"https:\/\/esemineu.ro\/hu\/wp-json\/wp\/v2\/types\/product"}],"replies":[{"embeddable":true,"href":"https:\/\/esemineu.ro\/hu\/wp-json\/wp\/v2\/comments?post=24016"}],"wp:featuredmedia":[{"embeddable":true,"href":"https:\/\/esemineu.ro\/hu\/wp-json\/wp\/v2\/media\/24010"}],"wp:attachment":[{"href":"https:\/\/esemineu.ro\/hu\/wp-json\/wp\/v2\/media?parent=24016"}],"wp:term":[{"taxonomy":"product_brand","embeddable":true,"href":"https:\/\/esemineu.ro\/hu\/wp-json\/wp\/v2\/product_brand?post=24016"},{"taxonomy":"product_cat","embeddable":true,"href":"https:\/\/esemineu.ro\/hu\/wp-json\/wp\/v2\/product_cat?post=24016"},{"taxonomy":"product_tag","embeddable":true,"href":"https:\/\/esemineu.ro\/hu\/wp-json\/wp\/v2\/product_tag?post=24016"}],"curies":[{"name":"wp","href":"https:\/\/api.w.org\/{rel}","templated":true}]}}