{"id":23257,"date":"2024-04-03T07:10:45","date_gmt":"2024-04-03T05:10:45","guid":{"rendered":"https:\/\/esemineu.ro\/?post_type=product&#038;p=23257"},"modified":"2024-04-03T13:55:57","modified_gmt":"2024-04-03T11:55:57","slug":"ontottvas-labas-mrfk2-2-3l-22-5-cm","status":"publish","type":"product","link":"https:\/\/esemineu.ro\/hu\/termek\/ontottvas-labas-mrfk2-2-3l-22-5-cm\/","title":{"rendered":"\u00d6nt\u00f6ttvas l\u00e1bas MRFK2 2.3L, 22.5 cm"},"content":{"rendered":"<p>\u00d6nt\u00f6ttvas l\u00e1bas MRFK2 2.3L<\/p>\n<p>Haszn\u00e1lhat\u00f3 minden t\u00edpus\u00fa t\u0171zhelyen, bele\u00e9rtve a g\u00e1zt\u0171zhelyet \u00e9s az indukci\u00f3s f\u0151z\u0151lapot is. Ezenfel\u00fcl haszn\u00e1lhat\u00f3 ny\u00edlt l\u00e1ngon, elektromos s\u00fct\u0151ben \u00e9s fa t\u00fczel\u00e9s\u0171 k\u00e1lyh\u00e1n is. Keszty\u0171 haszn\u00e1lata aj\u00e1nlott! Az Eur\u00f3pai Uni\u00f3ban gy\u00e1rtott term\u00e9k.<\/p>\n<h4>Mi\u00e9rt j\u00f3 az \u00f6nt\u00f6ttvas ed\u00e9nyekben f\u0151zni\/s\u00fctni?<\/h4>\n<ol>\n<li>Egy \u00e9leten \u00e1t tart. Sz\u00f3 szerint el\u0151fordulhat, hogy a konyh\u00e1dban van egy ilyen serpeny\u0151 vagy l\u00e1bas, ami gener\u00e1ci\u00f3r\u00f3l gener\u00e1ci\u00f3ra sz\u00e1llt.<\/li>\n<li>Jobban megtartja a h\u0151t. B\u00e1r lehet, hogy nem melegszik fel olyan egyenletesen, mint a modern serpeny\u0151k, de amikor felmelegszik, akkor t\u00e9nyleg forr\u00f3 lesz! \u00c9s el\u00e9g vastag ahhoz, hogy megv\u00e9dje az \u00e9telt az \u00e9g\u00e9st\u0151l, mik\u00f6zben f\u0151z\u00f6d.<\/li>\n<li>T\u00f6k\u00e9letes v\u00e1laszt\u00e1s, ha h\u00fast k\u00e9sz\u00edtesz. Szeretn\u00e9l egy steaket s\u00fctni, de nincs grills\u00fct\u0151d, vagy lak\u00e1sban \u00e9lsz, \u00e9s nincs hol grillezni? Egy vas serpeny\u0151 a legjobb v\u00e1laszt\u00e1s. Egy\u00e9bk\u00e9nt is ez\u00e9rt h\u00edresek. Term\u00e9szetesen ez nem jelenti azt, hogy nem tudsz benne palacsint\u00e1t is s\u00fctni, persze hogy tudsz.<\/li>\n<li>Rendk\u00edv\u00fcl sokoldal\u00fa. Szeretn\u00e9l egy szaftos steaket k\u00e9sz\u00edteni, de el\u0151sz\u00f6r szeretn\u00e9d, ha a h\u00fas sz\u00e9p barna lenne? Semmi k\u00f6nnyebb: haszn\u00e1lhatod a t\u0171zhelyen, hogy a steak sz\u00e9p ropog\u00f3s k\u00e9rg\u00e9t kapjon, majd a s\u00fct\u0151ben, hogy j\u00f3l \u00e1ts\u00fclj\u00f6n \u00e9s megf\u0151zz\u00f6n, esetleg egy k\u00f6rettel vagy finom m\u00e1rt\u00e1ssal egy\u00fctt.<\/li>\n<li>Nagyon fontos: ez a legaj\u00e1nlottabb ed\u00e9ny az eg\u00e9szs\u00e9ges f\u0151z\u00e9shez! Term\u00e9szetes anyagb\u00f3l k\u00e9sz\u00fcl, nem tartalmaz teflont, PFOA-t, alum\u00edniumot (amely egy\u00e9bk\u00e9nt is m\u00e9rgez\u0151), valamint m\u00e1s m\u00e9rgez\u0151 anyagokat.<\/li>\n<\/ol>\n<h4>HASZNOS INFORM\u00c1CI\u00d3K az \u00f6ntt\u00f6tvasb\u00f3l k\u00e9sz\u00fclt term\u00e9kekr\u0151l (gy\u00e1rt\u00f3t\u00f3l, m\u00e9rett\u0151l, t\u00edpust\u00f3l f\u00fcggetlen\u00fcl):<\/h4>\n<p>A term\u00e9k tiszta \u00f6nt\u00f6ttvasb\u00f3l k\u00e9sz\u00fclt (NEM alum\u00edniumb\u00f3l!!!), amelynek fel\u00fclet\u00e9t p\u00e1lmazs\u00edrral vont\u00e1k be a rozsd\u00e1sod\u00e1s elker\u00fcl\u00e9se \u00e9rdek\u00e9ben. A p\u00e1lmazs\u00edr egy els\u0151 oszt\u00e1ly\u00fa t\u00e1pl\u00e1l\u00e9kalapanyag, amely nem \u00e1rtalmas az eg\u00e9szs\u00e9gre. Az els\u0151 haszn\u00e1lat el\u0151tt a term\u00e9ket meleg v\u00edzzel \u00e9s mos\u00f3szerrel kell mosni. Minden mos\u00e1s ut\u00e1n aj\u00e1nlott a term\u00e9ket zs\u00edrral vagy sert\u00e9szs\u00edrral bekenni a rozsd\u00e1sod\u00e1s elker\u00fcl\u00e9se \u00e9rdek\u00e9ben. Ezut\u00e1n biztons\u00e1ggal haszn\u00e1lhatjuk a term\u00e9ket az \u00e9telek elk\u00e9sz\u00edt\u00e9s\u00e9hez. Nem aj\u00e1nljuk, hogy minden haszn\u00e1lat ut\u00e1n mossuk meg a vas ed\u00e9nyt, csak s\u00f3val tiszt\u00edtsuk, ahogy az a k\u00f6vetkez\u0151 vide\u00f3ban is l\u00e1that\u00f3:\u00a0<a href=\"https:\/\/www.youtube.com\/watch?v=OXK750fhh8Q\">KATTINTS IDE<\/a>. A legjobb, ha az ed\u00e9nyt k\u00f6zvetlen\u00fcl a f\u0151z\u00e9s ut\u00e1n, am\u00edg m\u00e9g meleg, tiszt\u00edtjuk meg, \u00edgy a marad\u00e9kok k\u00f6nnyen elt\u00e1vol\u00edthat\u00f3k. Miut\u00e1n s\u00f3val megtiszt\u00edtottuk a vas ed\u00e9nyt, kev\u00e9s olajjal kenj\u00fck be a f\u0151z\u0151fel\u00fcletet \u00e9s hagyjuk t\u0171zhelyen 8-10 percig (egyszer\u0171en sz\u00f3lva: \u00e9getj\u00fck az olajat a f\u0151z\u0151fel\u00fcleten, hogy term\u00e9szetes nem tapad\u00f3 hat\u00e1st \u00e9rj\u00fcnk el) \u2013 ez nem k\u00f6telez\u0151, csak aj\u00e1nlott! Ha v\u00edzzel mosod az ed\u00e9nyt, akkor a mos\u00e1s ut\u00e1n t\u00f6r\u00f6ld sz\u00e1razra a vas ed\u00e9nyt egy t\u00f6r\u00f6lk\u00f6z\u0151vel, \u00e9s kezeld a term\u00e9ket (teljes fel\u00fclet\u00e9t) kev\u00e9s olajjal (p\u00e9ld\u00e1ul ol\u00edvaolaj, lenmagolaj, napraforg\u00f3olaj, vaj).<\/p>\n<p>Miut\u00e1n megtiszt\u00edtottuk vagy megmostuk a term\u00e9ket, nem aj\u00e1nlott a vas term\u00e9kek \u00f6nmagukban val\u00f3 haszn\u00e1lata a v\u00edz forral\u00e1s\u00e1ra vagy meleg\u00edt\u00e9s\u00e9re a rozsd\u00e1sod\u00e1s elker\u00fcl\u00e9se v\u00e9gett! Nem alum\u00edniumb\u00f3l k\u00e9sz\u00fclt (ami egy\u00e9bk\u00e9nt is m\u00e9rgez\u0151) \u00e9s nem van bevonva! Nem aj\u00e1nljuk a nat\u00far (nem bevonatolt) vas ed\u00e9nyek haszn\u00e1lat\u00e1t bizonyos \u00e9telek, mint a lekv\u00e1r vagy dzsem k\u00e9sz\u00edt\u00e9s\u00e9hez. Ezekhez az \u00e9telekhez bevonatolt vas ed\u00e9nyeket vagy rozsdamentes ac\u00e9l ed\u00e9nyeket aj\u00e1nlunk! Ne \u00f6nts hideg vizet az ed\u00e9nybe, amikor az m\u00e9g meleg (k\u00fcl\u00f6n\u00f6sen, ha \u00fcres)! Fenn\u00e1ll a reped\u00e9s vagy a t\u00f6r\u00e9s vesz\u00e9lye!<\/p>\n<h4>Mit tegy\u00fcnk?<\/h4>\n<p>Mit tegy\u00fcnk, ha rozsda jelent meg a vas ed\u00e9nyen (p\u00e9ld\u00e1ul ha vizet hagytunk benne vagy mostuk, de elfelejtett\u00fck olajozni)? A vas ed\u00e9nyek k\u00f6nnyen \u00e9s gyorsan rozsd\u00e1sodnak, ha nem karbantartjuk \u0151ket megfelel\u0151en. Aj\u00e1nlom, hogy haszn\u00e1lj egy f\u00e9lbev\u00e1gott krumplit \u00e9s sz\u00f3dabikarb\u00f3n\u00e1t a frissen v\u00e1gott krumplira, \u00e9s d\u00f6rzs\u00f6ld \u00e1t alaposan az ed\u00e9nyt, am\u00edg a rozsda elt\u0171nik. Miut\u00e1n a rozsda elt\u0171nt, mosd meg alaposan az ed\u00e9nyt, \u00e9s t\u00f6r\u00f6ld sz\u00e1razra egy tiszta t\u00f6r\u00f6lk\u00f6z\u0151vel, am\u00edg teljesen meg nem sz\u00e1rad. Amint az ed\u00e9ny megsz\u00e1radt, kenj r\u00e1 egy kev\u00e9s n\u00f6v\u00e9nyi olajat (p\u00e9ld\u00e1ul ol\u00edvaolaj, lenmagolaj, napraforg\u00f3olaj, vaj) vagy egyszer\u0171en haszn\u00e1ld a kezed \u00e9s kend be az ed\u00e9nyt olajjal. Ne felejtsd el, hogy a vas ed\u00e9nyeket sz\u00e1raz helyen t\u00e1rold!<\/p>\n<p>J\u00d3 \u00c9TV\u00c1GYAT!<\/p>\n<h4>Sz\u00e1ll\u00edt\u00e1si hat\u00e1rid\u0151:<\/h4>\n<ul>\n<li><strong>Magyarorsz\u00e1g \u00e9s az eg\u00e9sz Eur\u00f3pai Uni\u00f3 ter\u00fclet\u00e9n<\/strong>\u00a0is sz\u00e1ll\u00edtjuk.<\/li>\n<li>Rom\u00e1ni\u00e1ba 2-3 munkanap alatt sz\u00e1ll\u00edtjuk<\/li>\n<li>Magyarorsz\u00e1gra es az EU ter\u00fclet\u00e9re az \u00e1tutal\u00e1s ut\u00e1n 5 munkanapon bel\u00fcl \u00e9rkezik meg a term\u00e9k.<\/li>\n<\/ul>\n<p>B\u00edzunk benne, hogy el\u00e9gedett lesz a \u00d6nt\u00f6ttvas l\u00e1bas MRFK2 2.3L -el. Ha b\u00e1rmilyen k\u00e9rd\u00e9se van, k\u00e9rj\u00fck, l\u00e9pjen kapcsolatba vel\u00fcnk.<\/p>\n<p>Tov\u00e1bbi aj\u00e1nlatok\u00e9rt kattintson\u00a0<a href=\"https:\/\/esemineu.ro\/hu\/termekkategoria\/kerti-sutok\/\">ide<\/a><\/p>\n<p>T\u0151bb inform\u00e1ci\u00f3\u00e9rt l\u00e1togasson el\u00a0<a href=\"https:\/\/www.youtube.com\/@esemineuromania\">YouTube<\/a>-csatorn\u00e1nkra, valamint\u00a0<a href=\"https:\/\/www.facebook.com\/eSemineu\">Facebook<\/a>\u00a0\u00e9s\u00a0<a href=\"https:\/\/www.instagram.com\/esemineu\/\">Instagram<\/a>\u00a0oldalainkra.<\/p>\n<p><a href=\"https:\/\/esemineu.ro\/\">eSemineu.ro<\/a>\u00a0 \u00a0Te adod a t\u0171zet mi adjuk a meleget!<\/p>\n","protected":false},"excerpt":{"rendered":"<p>\u00d6nt\u00f6ttvas l\u00e1bas MRFK2 2.3L Haszn\u00e1lhat\u00f3 minden t\u00edpus\u00fa t\u0171zhelyen, bele\u00e9rtve a g\u00e1zt\u0171zhelyet \u00e9s az indukci\u00f3s f\u0151z\u0151lapot is. Ezenfel\u00fcl haszn\u00e1lhat\u00f3 ny\u00edlt l\u00e1ngon, elektromos s\u00fct\u0151ben \u00e9s fa t\u00fczel\u00e9s\u0171 k\u00e1lyh\u00e1n is. Keszty\u0171 haszn\u00e1lata aj\u00e1nlott! Az Eur\u00f3pai Uni\u00f3ban gy\u00e1rtott term\u00e9k. Mi\u00e9rt j\u00f3 az \u00f6nt\u00f6ttvas ed\u00e9nyekben f\u0151zni\/s\u00fctni? Egy \u00e9leten \u00e1t tart. Sz\u00f3 szerint el\u0151fordulhat, hogy a konyh\u00e1dban van egy ilyen serpeny\u0151 vagy l\u00e1bas, ami gener\u00e1ci\u00f3r\u00f3l gener\u00e1ci\u00f3ra sz\u00e1llt. Jobban megtartja a h\u0151t. B\u00e1r lehet, hogy nem melegszik fel olyan egyenletesen, mint a modern serpeny\u0151k, de amikor felmelegszik, akkor t\u00e9nyleg forr\u00f3 lesz! \u00c9s el\u00e9g vastag ahhoz, hogy megv\u00e9dje az \u00e9telt az \u00e9g\u00e9st\u0151l, mik\u00f6zben f\u0151z\u00f6d. T\u00f6k\u00e9letes v\u00e1laszt\u00e1s, ha h\u00fast k\u00e9sz\u00edtesz. Szeretn\u00e9l egy steaket s\u00fctni, de nincs grills\u00fct\u0151d, vagy lak\u00e1sban \u00e9lsz, \u00e9s nincs hol grillezni? Egy vas serpeny\u0151 a legjobb v\u00e1laszt\u00e1s. Egy\u00e9bk\u00e9nt is ez\u00e9rt h\u00edresek. Term\u00e9szetesen ez nem jelenti azt, hogy nem tudsz benne palacsint\u00e1t is s\u00fctni, persze hogy tudsz. Rendk\u00edv\u00fcl sokoldal\u00fa. Szeretn\u00e9l egy szaftos steaket k\u00e9sz\u00edteni, de el\u0151sz\u00f6r szeretn\u00e9d, &hellip; <a href=\"https:\/\/esemineu.ro\/hu\/termek\/ontottvas-labas-mrfk2-2-3l-22-5-cm\/\">Folytatva<\/a><\/p>\n","protected":false},"featured_media":23186,"comment_status":"open","ping_status":"closed","template":"","meta":[],"product_brand":[695],"product_cat":[1037,1624],"product_tag":[],"class_list":{"0":"post-23257","1":"product","2":"type-product","3":"status-publish","4":"has-post-thumbnail","6":"product_brand-esemineu","7":"product_cat-kerti-sutok","8":"product_cat-ontottvas-edenyek","9":"product_shipping_class-fustcsovek","10":"pa_capacitate-23l-hu","11":"pa_material-ontottvas-hu","12":"producer-mr-foc","14":"first","15":"outofstock","16":"featured","17":"shipping-taxable","18":"purchasable","19":"product-type-simple"},"acf":[],"yoast_head":"<!-- This site is optimized with the Yoast SEO Premium plugin v21.0 (Yoast SEO v27.3) - https:\/\/yoast.com\/product\/yoast-seo-premium-wordpress\/ -->\n<title>\u00d6nt\u00f6ttvas l\u00e1bas MRFK2 2.3L | \u00d6nt\u00f6ttvas ed\u00e9nyek | eSemineu.ro<\/title>\n<meta name=\"description\" content=\"Ismerje meg az \u00d6nt\u00f6ttvas l\u00e1bas MRFK2 2.3L - 22.5 cm \u00e1tm\u00e9r\u0151. Ide\u00e1lis lass\u00fa f\u0151z\u00e9shez, egyenletes h\u0151eloszt\u00e1ssal. Tart\u00f3s, sokoldal\u00fa konyhai eszk\u00f6z.\" \/>\n<meta name=\"robots\" content=\"index, follow, max-snippet:-1, max-image-preview:large, max-video-preview:-1\" \/>\n<link rel=\"canonical\" href=\"https:\/\/esemineu.ro\/hu\/termek\/ontottvas-labas-mrfk2-2-3l-22-5-cm\/\" \/>\n<meta property=\"og:locale\" content=\"hu_HU\" \/>\n<meta property=\"og:type\" content=\"article\" \/>\n<meta property=\"og:title\" content=\"\u00d6nt\u00f6ttvas l\u00e1bas MRFK2 2.3L | \u00d6nt\u00f6ttvas ed\u00e9nyek | eSemineu.ro\" \/>\n<meta property=\"og:description\" content=\"Ismerje meg az \u00d6nt\u00f6ttvas l\u00e1bas MRFK2 2.3L - 22.5 cm \u00e1tm\u00e9r\u0151. Ide\u00e1lis lass\u00fa f\u0151z\u00e9shez, egyenletes h\u0151eloszt\u00e1ssal. Tart\u00f3s, sokoldal\u00fa konyhai eszk\u00f6z.\" \/>\n<meta property=\"og:url\" content=\"https:\/\/esemineu.ro\/hu\/termek\/ontottvas-labas-mrfk2-2-3l-22-5-cm\/\" \/>\n<meta property=\"og:site_name\" content=\"eSemineu\" \/>\n<meta property=\"article:publisher\" content=\"https:\/\/web.facebook.com\/eSemineu\" \/>\n<meta property=\"article:modified_time\" content=\"2024-04-03T11:55:57+00:00\" \/>\n<meta property=\"og:image\" content=\"https:\/\/esemineu.ro\/wp-content\/uploads\/2024\/04\/Front-5.jpg\" \/>\n\t<meta property=\"og:image:width\" content=\"1000\" \/>\n\t<meta property=\"og:image:height\" content=\"1000\" \/>\n\t<meta property=\"og:image:type\" content=\"image\/jpeg\" \/>\n<meta name=\"twitter:card\" content=\"summary_large_image\" \/>\n<meta name=\"twitter:label1\" content=\"Becs\u00fclt olvas\u00e1si id\u0151\" \/>\n\t<meta name=\"twitter:data1\" content=\"5 perc\" \/>\n<script type=\"application\/ld+json\" class=\"yoast-schema-graph\">{\"@context\":\"https:\\\/\\\/schema.org\",\"@graph\":[{\"@type\":\"WebPage\",\"@id\":\"https:\\\/\\\/esemineu.ro\\\/hu\\\/termek\\\/ontottvas-labas-mrfk2-2-3l-22-5-cm\\\/\",\"url\":\"https:\\\/\\\/esemineu.ro\\\/hu\\\/termek\\\/ontottvas-labas-mrfk2-2-3l-22-5-cm\\\/\",\"name\":\"\u00d6nt\u00f6ttvas l\u00e1bas MRFK2 2.3L | \u00d6nt\u00f6ttvas ed\u00e9nyek | eSemineu.ro\",\"isPartOf\":{\"@id\":\"https:\\\/\\\/esemineu.ro\\\/hu\\\/#website\"},\"primaryImageOfPage\":{\"@id\":\"https:\\\/\\\/esemineu.ro\\\/hu\\\/termek\\\/ontottvas-labas-mrfk2-2-3l-22-5-cm\\\/#primaryimage\"},\"image\":{\"@id\":\"https:\\\/\\\/esemineu.ro\\\/hu\\\/termek\\\/ontottvas-labas-mrfk2-2-3l-22-5-cm\\\/#primaryimage\"},\"thumbnailUrl\":\"https:\\\/\\\/esemineu.ro\\\/wp-content\\\/uploads\\\/2024\\\/04\\\/Front-5.jpg\",\"datePublished\":\"2024-04-03T05:10:45+00:00\",\"dateModified\":\"2024-04-03T11:55:57+00:00\",\"description\":\"Ismerje meg az \u00d6nt\u00f6ttvas l\u00e1bas MRFK2 2.3L - 22.5 cm \u00e1tm\u00e9r\u0151. Ide\u00e1lis lass\u00fa f\u0151z\u00e9shez, egyenletes h\u0151eloszt\u00e1ssal. Tart\u00f3s, sokoldal\u00fa konyhai eszk\u00f6z.\",\"breadcrumb\":{\"@id\":\"https:\\\/\\\/esemineu.ro\\\/hu\\\/termek\\\/ontottvas-labas-mrfk2-2-3l-22-5-cm\\\/#breadcrumb\"},\"inLanguage\":\"hu\",\"potentialAction\":[{\"@type\":\"ReadAction\",\"target\":[\"https:\\\/\\\/esemineu.ro\\\/hu\\\/termek\\\/ontottvas-labas-mrfk2-2-3l-22-5-cm\\\/\"]}]},{\"@type\":\"ImageObject\",\"inLanguage\":\"hu\",\"@id\":\"https:\\\/\\\/esemineu.ro\\\/hu\\\/termek\\\/ontottvas-labas-mrfk2-2-3l-22-5-cm\\\/#primaryimage\",\"url\":\"https:\\\/\\\/esemineu.ro\\\/wp-content\\\/uploads\\\/2024\\\/04\\\/Front-5.jpg\",\"contentUrl\":\"https:\\\/\\\/esemineu.ro\\\/wp-content\\\/uploads\\\/2024\\\/04\\\/Front-5.jpg\",\"width\":1000,\"height\":1000,\"caption\":\"\u00d6nt\u00f6ttvas l\u00e1bas MRFK2 2.3L\"},{\"@type\":\"BreadcrumbList\",\"@id\":\"https:\\\/\\\/esemineu.ro\\\/hu\\\/termek\\\/ontottvas-labas-mrfk2-2-3l-22-5-cm\\\/#breadcrumb\",\"itemListElement\":[{\"@type\":\"ListItem\",\"position\":1,\"name\":\"Kezd\u0151lap\",\"item\":\"https:\\\/\\\/esemineu.ro\\\/hu\\\/\"},{\"@type\":\"ListItem\",\"position\":2,\"name\":\"\u00c1ruh\u00e1z\",\"item\":\"https:\\\/\\\/esemineu.ro\\\/hu\\\/aruhaz\\\/\"},{\"@type\":\"ListItem\",\"position\":3,\"name\":\"\u00d6nt\u00f6ttvas l\u00e1bas MRFK2 2.3L, 22.5 cm\"}]},{\"@type\":\"WebSite\",\"@id\":\"https:\\\/\\\/esemineu.ro\\\/hu\\\/#website\",\"url\":\"https:\\\/\\\/esemineu.ro\\\/hu\\\/\",\"name\":\"eSemineu\",\"description\":\"\u0218eminee de cea mai \u00eenalt\u0103 calitate\",\"potentialAction\":[{\"@type\":\"SearchAction\",\"target\":{\"@type\":\"EntryPoint\",\"urlTemplate\":\"https:\\\/\\\/esemineu.ro\\\/hu\\\/?s={search_term_string}\"},\"query-input\":{\"@type\":\"PropertyValueSpecification\",\"valueRequired\":true,\"valueName\":\"search_term_string\"}}],\"inLanguage\":\"hu\"}]}<\/script>\n<!-- \/ Yoast SEO Premium plugin. -->","yoast_head_json":{"title":"\u00d6nt\u00f6ttvas l\u00e1bas MRFK2 2.3L | \u00d6nt\u00f6ttvas ed\u00e9nyek | eSemineu.ro","description":"Ismerje meg az \u00d6nt\u00f6ttvas l\u00e1bas MRFK2 2.3L - 22.5 cm \u00e1tm\u00e9r\u0151. Ide\u00e1lis lass\u00fa f\u0151z\u00e9shez, egyenletes h\u0151eloszt\u00e1ssal. Tart\u00f3s, sokoldal\u00fa konyhai eszk\u00f6z.","robots":{"index":"index","follow":"follow","max-snippet":"max-snippet:-1","max-image-preview":"max-image-preview:large","max-video-preview":"max-video-preview:-1"},"canonical":"https:\/\/esemineu.ro\/hu\/termek\/ontottvas-labas-mrfk2-2-3l-22-5-cm\/","og_locale":"hu_HU","og_type":"article","og_title":"\u00d6nt\u00f6ttvas l\u00e1bas MRFK2 2.3L | \u00d6nt\u00f6ttvas ed\u00e9nyek | eSemineu.ro","og_description":"Ismerje meg az \u00d6nt\u00f6ttvas l\u00e1bas MRFK2 2.3L - 22.5 cm \u00e1tm\u00e9r\u0151. Ide\u00e1lis lass\u00fa f\u0151z\u00e9shez, egyenletes h\u0151eloszt\u00e1ssal. Tart\u00f3s, sokoldal\u00fa konyhai eszk\u00f6z.","og_url":"https:\/\/esemineu.ro\/hu\/termek\/ontottvas-labas-mrfk2-2-3l-22-5-cm\/","og_site_name":"eSemineu","article_publisher":"https:\/\/web.facebook.com\/eSemineu","article_modified_time":"2024-04-03T11:55:57+00:00","og_image":[{"width":1000,"height":1000,"url":"https:\/\/esemineu.ro\/wp-content\/uploads\/2024\/04\/Front-5.jpg","type":"image\/jpeg"}],"twitter_card":"summary_large_image","twitter_misc":{"Becs\u00fclt olvas\u00e1si id\u0151":"5 perc"},"schema":{"@context":"https:\/\/schema.org","@graph":[{"@type":"WebPage","@id":"https:\/\/esemineu.ro\/hu\/termek\/ontottvas-labas-mrfk2-2-3l-22-5-cm\/","url":"https:\/\/esemineu.ro\/hu\/termek\/ontottvas-labas-mrfk2-2-3l-22-5-cm\/","name":"\u00d6nt\u00f6ttvas l\u00e1bas MRFK2 2.3L | \u00d6nt\u00f6ttvas ed\u00e9nyek | eSemineu.ro","isPartOf":{"@id":"https:\/\/esemineu.ro\/hu\/#website"},"primaryImageOfPage":{"@id":"https:\/\/esemineu.ro\/hu\/termek\/ontottvas-labas-mrfk2-2-3l-22-5-cm\/#primaryimage"},"image":{"@id":"https:\/\/esemineu.ro\/hu\/termek\/ontottvas-labas-mrfk2-2-3l-22-5-cm\/#primaryimage"},"thumbnailUrl":"https:\/\/esemineu.ro\/wp-content\/uploads\/2024\/04\/Front-5.jpg","datePublished":"2024-04-03T05:10:45+00:00","dateModified":"2024-04-03T11:55:57+00:00","description":"Ismerje meg az \u00d6nt\u00f6ttvas l\u00e1bas MRFK2 2.3L - 22.5 cm \u00e1tm\u00e9r\u0151. Ide\u00e1lis lass\u00fa f\u0151z\u00e9shez, egyenletes h\u0151eloszt\u00e1ssal. Tart\u00f3s, sokoldal\u00fa konyhai eszk\u00f6z.","breadcrumb":{"@id":"https:\/\/esemineu.ro\/hu\/termek\/ontottvas-labas-mrfk2-2-3l-22-5-cm\/#breadcrumb"},"inLanguage":"hu","potentialAction":[{"@type":"ReadAction","target":["https:\/\/esemineu.ro\/hu\/termek\/ontottvas-labas-mrfk2-2-3l-22-5-cm\/"]}]},{"@type":"ImageObject","inLanguage":"hu","@id":"https:\/\/esemineu.ro\/hu\/termek\/ontottvas-labas-mrfk2-2-3l-22-5-cm\/#primaryimage","url":"https:\/\/esemineu.ro\/wp-content\/uploads\/2024\/04\/Front-5.jpg","contentUrl":"https:\/\/esemineu.ro\/wp-content\/uploads\/2024\/04\/Front-5.jpg","width":1000,"height":1000,"caption":"\u00d6nt\u00f6ttvas l\u00e1bas MRFK2 2.3L"},{"@type":"BreadcrumbList","@id":"https:\/\/esemineu.ro\/hu\/termek\/ontottvas-labas-mrfk2-2-3l-22-5-cm\/#breadcrumb","itemListElement":[{"@type":"ListItem","position":1,"name":"Kezd\u0151lap","item":"https:\/\/esemineu.ro\/hu\/"},{"@type":"ListItem","position":2,"name":"\u00c1ruh\u00e1z","item":"https:\/\/esemineu.ro\/hu\/aruhaz\/"},{"@type":"ListItem","position":3,"name":"\u00d6nt\u00f6ttvas l\u00e1bas MRFK2 2.3L, 22.5 cm"}]},{"@type":"WebSite","@id":"https:\/\/esemineu.ro\/hu\/#website","url":"https:\/\/esemineu.ro\/hu\/","name":"eSemineu","description":"\u0218eminee de cea mai \u00eenalt\u0103 calitate","potentialAction":[{"@type":"SearchAction","target":{"@type":"EntryPoint","urlTemplate":"https:\/\/esemineu.ro\/hu\/?s={search_term_string}"},"query-input":{"@type":"PropertyValueSpecification","valueRequired":true,"valueName":"search_term_string"}}],"inLanguage":"hu"}]}},"_links":{"self":[{"href":"https:\/\/esemineu.ro\/hu\/wp-json\/wp\/v2\/product\/23257","targetHints":{"allow":["GET"]}}],"collection":[{"href":"https:\/\/esemineu.ro\/hu\/wp-json\/wp\/v2\/product"}],"about":[{"href":"https:\/\/esemineu.ro\/hu\/wp-json\/wp\/v2\/types\/product"}],"replies":[{"embeddable":true,"href":"https:\/\/esemineu.ro\/hu\/wp-json\/wp\/v2\/comments?post=23257"}],"wp:featuredmedia":[{"embeddable":true,"href":"https:\/\/esemineu.ro\/hu\/wp-json\/wp\/v2\/media\/23186"}],"wp:attachment":[{"href":"https:\/\/esemineu.ro\/hu\/wp-json\/wp\/v2\/media?parent=23257"}],"wp:term":[{"taxonomy":"product_brand","embeddable":true,"href":"https:\/\/esemineu.ro\/hu\/wp-json\/wp\/v2\/product_brand?post=23257"},{"taxonomy":"product_cat","embeddable":true,"href":"https:\/\/esemineu.ro\/hu\/wp-json\/wp\/v2\/product_cat?post=23257"},{"taxonomy":"product_tag","embeddable":true,"href":"https:\/\/esemineu.ro\/hu\/wp-json\/wp\/v2\/product_tag?post=23257"}],"curies":[{"name":"wp","href":"https:\/\/api.w.org\/{rel}","templated":true}]}}