{"id":21092,"date":"2024-01-18T07:06:01","date_gmt":"2024-01-18T05:06:01","guid":{"rendered":"https:\/\/esemineu.ro\/?post_type=product&#038;p=21092"},"modified":"2024-03-19T10:00:09","modified_gmt":"2024-03-19T08:00:09","slug":"rozsdamentes-fustcso-kalap-d150-220-eco-0-5mm","status":"publish","type":"product","link":"https:\/\/esemineu.ro\/hu\/termek\/rozsdamentes-fustcso-kalap-d150-220-eco-0-5mm\/","title":{"rendered":"Rozsdamentes f\u00fcstcs\u0151 kalap D150\/220, ECO 0.5MM"},"content":{"rendered":"<p>Rozsdamentes f\u00fcstcs\u0151 kalap D150\/220<\/p>\n<p>Ez egy m\u00e9retdimenzi\u00f3s elem, amely hozz\u00e1j\u00e1rul a sz\u00fcks\u00e9ges k\u00e9m\u00e9nymagass\u00e1g el\u00e9r\u00e9s\u00e9hez a huzat megval\u00f3s\u00edt\u00e1sa \u00e9rdek\u00e9ben.<\/p>\n<p>A kapcsolat m\u00e1s elemekkel biztons\u00e1gos illeszt\u00e9si rendszeren kereszt\u00fcl val\u00f3sul meg a csatlakoz\u00f3 bilincs seg\u00edts\u00e9g\u00e9vel.<\/p>\n<p>A PRO INVEST a min\u0151s\u00e9get v\u00e1lasztotta az \u00d6n sz\u00e1m\u00e1ra. Elhat\u00e1rozt\u00e1k, hogy a legmagasabb min\u0151s\u00e9gi szint\u0171 term\u00e9keket hozz\u00e1k el \u00d6nnek, hogy biztons\u00e1gban \u00e9rezhesse mag\u00e1t a PRO INVEST mellett. A gy\u00e1rtott term\u00e9kek az \u00e9rv\u00e9nyben l\u00e9v\u0151 eur\u00f3pai \u00e9s nemzetk\u00f6zi szabv\u00e1nyoknak megfelel\u0151en vannak tan\u00fas\u00edtva. Az inoxb\u00f3l k\u00e9sz\u00fclt szigetelt k\u00e9m\u00e9nyek, a csatlakoz\u00f3 elemek \u00e9s a k\u00edn\u00e1latukban l\u00e9v\u0151 kieg\u00e9sz\u00edt\u0151k \u00fagy vannak kialak\u00edtva, hogy biztons\u00e1got \u00e9s k\u00e9nyelmet hozzanak az \u00d6n otthon\u00e1ba. A k\u00e9m\u00e9nytervez\u00e9sben \u00d6n mellett \u00e1ll\u00f3 szak\u00e9rt\u0151i csapatokkal egy\u00fctt a PRO INVEST az \u00d6n \u00e9s csal\u00e1dja nyugalm\u00e1t szolg\u00e1lja.<\/p>\n<p>Az ECO sorozat\u00fa k\u00e9m\u00e9nyrendszerek az SR EN 1856-1 T450-N1-W-Vm-L20-050-G-30 szerint tan\u00fas\u00edtott term\u00e9kek. Szil\u00e1rd, foly\u00e9kony vagy g\u00e1z halmaz\u00e1llapot\u00fa t\u00fczel\u0151anyagokkal m\u0171k\u00f6d\u0151 t\u00fczel\u0151berendez\u00e9sekb\u0151l sz\u00e1rmaz\u00f3 \u00e9g\u00e9sterm\u00e9kek elvezet\u00e9s\u00e9re szolg\u00e1lnak. Az elemek \u00f6sszekapcsol\u00e1sa az \u201eanya-apa\u201d t\u00edpus\u00fa cs\u0151illeszt\u00e9ssel t\u00f6rt\u00e9nik.<\/p>\n<h4>Term\u00e9kle\u00edr\u00e1s:<\/h4>\n<p><strong>Esemineu.ro<\/strong> b\u00fcszk\u00e9n k\u00edn\u00e1l egy kiv\u00e1l\u00f3 min\u0151s\u00e9g\u0171, <strong>inox<\/strong> anyagb\u00f3l k\u00e9sz\u00fclt term\u00e9ket, amely a legmagasabb szabv\u00e1nyoknak megfelel\u0151en van tervezve \u00e9s gy\u00e1rtva. A term\u00e9k <strong>bels\u0151 \u00e1tm\u00e9r\u0151je 150 mm<\/strong>, m\u00edg a <strong>k\u00fcls\u0151 \u00e1tm\u00e9r\u0151 220 mm<\/strong>, t\u00f6k\u00e9letes m\u00e9retekkel rendelkezik, hogy illeszkedjen a legt\u00f6bb szabv\u00e1nyos k\u00e9m\u00e9nyrendszerhez vagy f\u0171t\u00e9si rendszerhez.<\/p>\n<p>Az anyag, <strong>inox<\/strong>, azaz rozsdamentes ac\u00e9l, nemcsak hogy er\u0151s \u00e9s tart\u00f3s, hanem a <strong>0,5mm-es anyagvastags\u00e1g<\/strong> r\u00e9v\u00e9n optim\u00e1lis s\u00faly- \u00e9s er\u0151ss\u00e9g ar\u00e1nyt is biztos\u00edt. Ez az anyag kiv\u00e1l\u00f3an ellen\u00e1ll a korr\u00f3zi\u00f3val szemben, \u00edgy biztos\u00edtva a term\u00e9k hossz\u00fa \u00e9lettartam\u00e1t.<\/p>\n<p>A <strong>f\u00e9nyes inox sz\u00edn<\/strong> eleganci\u00e1t \u00e9s modern megjelen\u00e9st k\u00f6lcs\u00f6n\u00f6z a term\u00e9knek, ami t\u00f6k\u00e9letesen illeszkedik b\u00e1rmely otthoni vagy ipari k\u00f6rnyezetbe, hozz\u00e1adva egy modern \u00e9s tiszta \u00e9rz\u00e9st.<\/p>\n<p><strong>Esemineu.ro<\/strong> <strong>2 \u00e9v garanci\u00e1t<\/strong> k\u00edn\u00e1l erre a term\u00e9kre, ami a gy\u00e1rt\u00f3 megb\u00edzhat\u00f3s\u00e1g\u00e1t \u00e9s elk\u00f6telezetts\u00e9g\u00e9t jelzi a min\u0151s\u00e9g ir\u00e1nt. Ez a garancia a v\u00e1s\u00e1rl\u00f3knak biztons\u00e1got ny\u00fajt, tudva, hogy term\u00e9k\u00fck hossz\u00fa t\u00e1von meg\u0151rzi min\u0151s\u00e9g\u00e9t \u00e9s funkci\u00f3j\u00e1t.<\/p>\n<p>Ez a term\u00e9k t\u00f6k\u00e9letes v\u00e1laszt\u00e1s azok sz\u00e1m\u00e1ra, akik egy megb\u00edzhat\u00f3, hossz\u00fa t\u00e1v\u00fa megold\u00e1st keresnek k\u00e9m\u00e9nyrendszereikhez vagy f\u0171t\u00e9si rendszereikhez. A magas min\u0151s\u00e9g\u0171 anyagok, a prec\u00edz tervez\u00e9s \u00e9s a hossz\u00fa t\u00e1v\u00fa garancia egy\u00fcttesen biztos\u00edtj\u00e1k, hogy ez a term\u00e9k kiemelkedik a piacon, \u00e9s \u00e9rt\u00e9ket ad a v\u00e1s\u00e1rl\u00f3k sz\u00e1m\u00e1ra.<\/p>\n<p>\u00d6sszefoglalva, ha egy magas min\u0151s\u00e9g\u0171, tart\u00f3s \u00e9s eszt\u00e9tikusan vonz\u00f3 megold\u00e1st keres a f\u0171t\u00e9si vagy k\u00e9m\u00e9nyrendszer\u00e9hez, akkor az <strong>esemineu.ro<\/strong> \u00e1ltal k\u00edn\u00e1lt inox term\u00e9k ide\u00e1lis v\u00e1laszt\u00e1s, garant\u00e1lva a teljes\u00edtm\u00e9nyt, tart\u00f3ss\u00e1got \u00e9s a st\u00edlust.<\/p>\n<h4>Sz\u00e1ll\u00edt\u00e1si hat\u00e1rid\u0151:<\/h4>\n<ul>\n<li><strong>Magyarorsz\u00e1g \u00e9s az eg\u00e9sz Eur\u00f3pai Uni\u00f3 ter\u00fclet\u00e9n<\/strong>\u00a0is sz\u00e1ll\u00edtjuk.<\/li>\n<li>Rom\u00e1ni\u00e1ba 2-3 munkanap alatt sz\u00e1ll\u00edtjuk<\/li>\n<li>Magyarorsz\u00e1gra es az EU ter\u00fclet\u00e9re az \u00e1tutal\u00e1s ut\u00e1n 5 munkanapon bel\u00fcl \u00e9rkezik meg a term\u00e9k.<\/li>\n<\/ul>\n<p>B\u00edzunk benne, hogy el\u00e9gedett lesz a Rozsdamentes f\u00fcstcs\u0151 kalap D150\/220. Ha b\u00e1rmilyen k\u00e9rd\u00e9se van, k\u00e9rj\u00fck, l\u00e9pjen kapcsolatba vel\u00fcnk.<\/p>\n<p>Tov\u00e1bbi aj\u00e1nlatok\u00e9rt kattintson <a href=\"https:\/\/esemineu.ro\/hu\/termek-kategoria\/fustcsovek\/\">ide<\/a><\/p>\n<p>T\u0151bb inform\u00e1ci\u00f3\u00e9rt l\u00e1togasson el <a href=\"https:\/\/www.youtube.com\/@esemineuromania\">YouTube<\/a>-csatorn\u00e1nkra, valamint\u00a0<a href=\"https:\/\/www.facebook.com\/eSemineu\">Facebook<\/a>\u00a0\u00e9s\u00a0<a href=\"https:\/\/www.instagram.com\/esemineu\/\">Instagram<\/a>\u00a0oldalainkra.<\/p>\n<p><a href=\"https:\/\/esemineu.ro\/\">eSemineu.ro<\/a>\u00a0 \u00a0Te adod a t\u0171zet mi adjuk a meleget!<\/p>\n","protected":false},"excerpt":{"rendered":"<p>Rozsdamentes f\u00fcstcs\u0151 kalap D150\/220 Ez egy m\u00e9retdimenzi\u00f3s elem, amely hozz\u00e1j\u00e1rul a sz\u00fcks\u00e9ges k\u00e9m\u00e9nymagass\u00e1g el\u00e9r\u00e9s\u00e9hez a huzat megval\u00f3s\u00edt\u00e1sa \u00e9rdek\u00e9ben. A kapcsolat m\u00e1s elemekkel biztons\u00e1gos illeszt\u00e9si rendszeren kereszt\u00fcl val\u00f3sul meg a csatlakoz\u00f3 bilincs seg\u00edts\u00e9g\u00e9vel. A PRO INVEST a min\u0151s\u00e9get v\u00e1lasztotta az \u00d6n sz\u00e1m\u00e1ra. Elhat\u00e1rozt\u00e1k, hogy a legmagasabb min\u0151s\u00e9gi szint\u0171 term\u00e9keket hozz\u00e1k el \u00d6nnek, hogy biztons\u00e1gban \u00e9rezhesse mag\u00e1t a PRO INVEST mellett. A gy\u00e1rtott term\u00e9kek az \u00e9rv\u00e9nyben l\u00e9v\u0151 eur\u00f3pai \u00e9s nemzetk\u00f6zi szabv\u00e1nyoknak megfelel\u0151en vannak tan\u00fas\u00edtva. Az inoxb\u00f3l k\u00e9sz\u00fclt szigetelt k\u00e9m\u00e9nyek, a csatlakoz\u00f3 elemek \u00e9s a k\u00edn\u00e1latukban l\u00e9v\u0151 kieg\u00e9sz\u00edt\u0151k \u00fagy vannak kialak\u00edtva, hogy biztons\u00e1got \u00e9s k\u00e9nyelmet hozzanak az \u00d6n otthon\u00e1ba. A k\u00e9m\u00e9nytervez\u00e9sben \u00d6n mellett \u00e1ll\u00f3 szak\u00e9rt\u0151i csapatokkal egy\u00fctt a PRO INVEST az \u00d6n \u00e9s csal\u00e1dja nyugalm\u00e1t szolg\u00e1lja. Az ECO sorozat\u00fa k\u00e9m\u00e9nyrendszerek az SR EN 1856-1 T450-N1-W-Vm-L20-050-G-30 szerint tan\u00fas\u00edtott term\u00e9kek. Szil\u00e1rd, foly\u00e9kony vagy g\u00e1z halmaz\u00e1llapot\u00fa t\u00fczel\u0151anyagokkal m\u0171k\u00f6d\u0151 t\u00fczel\u0151berendez\u00e9sekb\u0151l sz\u00e1rmaz\u00f3 \u00e9g\u00e9sterm\u00e9kek elvezet\u00e9s\u00e9re szolg\u00e1lnak. Az elemek \u00f6sszekapcsol\u00e1sa az \u201eanya-apa\u201d t\u00edpus\u00fa cs\u0151illeszt\u00e9ssel t\u00f6rt\u00e9nik. Term\u00e9kle\u00edr\u00e1s: Esemineu.ro b\u00fcszk\u00e9n k\u00edn\u00e1l egy &hellip; <a href=\"https:\/\/esemineu.ro\/hu\/termek\/rozsdamentes-fustcso-kalap-d150-220-eco-0-5mm\/\">Folytatva<\/a><\/p>\n","protected":false},"featured_media":21948,"comment_status":"open","ping_status":"closed","template":"","meta":[],"product_brand":[1572],"product_cat":[1475,779,1472],"product_tag":[],"class_list":{"0":"post-21092","1":"product","2":"type-product","3":"status-publish","4":"has-post-thumbnail","6":"product_brand-pro-invest","7":"product_cat-150-szigetelt","8":"product_cat-fustcsovek","9":"product_cat-rozsdamentes-szigetelt-kemeny","10":"product_shipping_class-fustcsovek","11":"pa_culoare-fenyes-rozsdamentes-acel-hu","12":"pa_grosime-material-05mm-hu","13":"pa_material-rozsdamentes-acel-hu","14":"producer-pro-invest","16":"first","17":"onbackorder","18":"shipping-taxable","19":"purchasable","20":"product-type-simple"},"acf":[],"yoast_head":"<!-- This site is optimized with the Yoast SEO Premium plugin v21.0 (Yoast SEO v27.3) - https:\/\/yoast.com\/product\/yoast-seo-premium-wordpress\/ -->\n<title>Rozsdamentes f\u00fcstcs\u0151 kalap D150\/220 I eSemineu.ro<\/title>\n<meta name=\"description\" content=\"Ismerd meg az esemineu.ro Rozsdamentes f\u00fcstcs\u0151 kalap D150\/220 k\u00fcls\u0151 \u00e1tm\u00e9r\u0151vel, 0,5 mm anyagvastags\u00e1ggal, f\u00e9nyes inox sz\u00ednben, 2 \u00e9v garanci\u00e1val.\" \/>\n<meta name=\"robots\" content=\"index, follow, max-snippet:-1, max-image-preview:large, max-video-preview:-1\" \/>\n<link rel=\"canonical\" href=\"https:\/\/esemineu.ro\/hu\/termek\/rozsdamentes-fustcso-kalap-d150-220-eco-0-5mm\/\" \/>\n<meta property=\"og:locale\" content=\"hu_HU\" \/>\n<meta property=\"og:type\" content=\"article\" \/>\n<meta property=\"og:title\" content=\"Rozsdamentes f\u00fcstcs\u0151 kalap D150\/220 I eSemineu.ro\" \/>\n<meta property=\"og:description\" content=\"Ismerd meg az esemineu.ro Rozsdamentes f\u00fcstcs\u0151 kalap D150\/220 k\u00fcls\u0151 \u00e1tm\u00e9r\u0151vel, 0,5 mm anyagvastags\u00e1ggal, f\u00e9nyes inox sz\u00ednben, 2 \u00e9v garanci\u00e1val.\" \/>\n<meta property=\"og:url\" content=\"https:\/\/esemineu.ro\/hu\/termek\/rozsdamentes-fustcso-kalap-d150-220-eco-0-5mm\/\" \/>\n<meta property=\"og:site_name\" content=\"eSemineu\" \/>\n<meta property=\"article:publisher\" content=\"https:\/\/web.facebook.com\/eSemineu\" \/>\n<meta property=\"article:modified_time\" content=\"2024-03-19T08:00:09+00:00\" \/>\n<meta property=\"og:image\" content=\"https:\/\/esemineu.ro\/wp-content\/uploads\/2024\/02\/Palarie-anti-ploaie.jpg\" \/>\n\t<meta property=\"og:image:width\" content=\"1000\" \/>\n\t<meta property=\"og:image:height\" content=\"1000\" \/>\n\t<meta property=\"og:image:type\" content=\"image\/jpeg\" \/>\n<meta name=\"twitter:card\" content=\"summary_large_image\" \/>\n<meta name=\"twitter:label1\" content=\"Becs\u00fclt olvas\u00e1si id\u0151\" \/>\n\t<meta name=\"twitter:data1\" content=\"1 perc\" \/>\n<script type=\"application\/ld+json\" class=\"yoast-schema-graph\">{\"@context\":\"https:\\\/\\\/schema.org\",\"@graph\":[{\"@type\":\"WebPage\",\"@id\":\"https:\\\/\\\/esemineu.ro\\\/hu\\\/termek\\\/rozsdamentes-fustcso-kalap-d150-220-eco-0-5mm\\\/\",\"url\":\"https:\\\/\\\/esemineu.ro\\\/hu\\\/termek\\\/rozsdamentes-fustcso-kalap-d150-220-eco-0-5mm\\\/\",\"name\":\"Rozsdamentes f\u00fcstcs\u0151 kalap D150\\\/220 I eSemineu.ro\",\"isPartOf\":{\"@id\":\"https:\\\/\\\/esemineu.ro\\\/hu\\\/#website\"},\"primaryImageOfPage\":{\"@id\":\"https:\\\/\\\/esemineu.ro\\\/hu\\\/termek\\\/rozsdamentes-fustcso-kalap-d150-220-eco-0-5mm\\\/#primaryimage\"},\"image\":{\"@id\":\"https:\\\/\\\/esemineu.ro\\\/hu\\\/termek\\\/rozsdamentes-fustcso-kalap-d150-220-eco-0-5mm\\\/#primaryimage\"},\"thumbnailUrl\":\"https:\\\/\\\/esemineu.ro\\\/wp-content\\\/uploads\\\/2024\\\/02\\\/Palarie-anti-ploaie.jpg\",\"datePublished\":\"2024-01-18T05:06:01+00:00\",\"dateModified\":\"2024-03-19T08:00:09+00:00\",\"description\":\"Ismerd meg az esemineu.ro Rozsdamentes f\u00fcstcs\u0151 kalap D150\\\/220 k\u00fcls\u0151 \u00e1tm\u00e9r\u0151vel, 0,5 mm anyagvastags\u00e1ggal, f\u00e9nyes inox sz\u00ednben, 2 \u00e9v garanci\u00e1val.\",\"breadcrumb\":{\"@id\":\"https:\\\/\\\/esemineu.ro\\\/hu\\\/termek\\\/rozsdamentes-fustcso-kalap-d150-220-eco-0-5mm\\\/#breadcrumb\"},\"inLanguage\":\"hu\",\"potentialAction\":[{\"@type\":\"ReadAction\",\"target\":[\"https:\\\/\\\/esemineu.ro\\\/hu\\\/termek\\\/rozsdamentes-fustcso-kalap-d150-220-eco-0-5mm\\\/\"]}]},{\"@type\":\"ImageObject\",\"inLanguage\":\"hu\",\"@id\":\"https:\\\/\\\/esemineu.ro\\\/hu\\\/termek\\\/rozsdamentes-fustcso-kalap-d150-220-eco-0-5mm\\\/#primaryimage\",\"url\":\"https:\\\/\\\/esemineu.ro\\\/wp-content\\\/uploads\\\/2024\\\/02\\\/Palarie-anti-ploaie.jpg\",\"contentUrl\":\"https:\\\/\\\/esemineu.ro\\\/wp-content\\\/uploads\\\/2024\\\/02\\\/Palarie-anti-ploaie.jpg\",\"width\":1000,\"height\":1000,\"caption\":\"Rozsdamentes f\u00fcstcs\u0151 kalap D150\\\/220\"},{\"@type\":\"BreadcrumbList\",\"@id\":\"https:\\\/\\\/esemineu.ro\\\/hu\\\/termek\\\/rozsdamentes-fustcso-kalap-d150-220-eco-0-5mm\\\/#breadcrumb\",\"itemListElement\":[{\"@type\":\"ListItem\",\"position\":1,\"name\":\"Kezd\u0151lap\",\"item\":\"https:\\\/\\\/esemineu.ro\\\/hu\\\/\"},{\"@type\":\"ListItem\",\"position\":2,\"name\":\"\u00c1ruh\u00e1z\",\"item\":\"https:\\\/\\\/esemineu.ro\\\/hu\\\/aruhaz\\\/\"},{\"@type\":\"ListItem\",\"position\":3,\"name\":\"Rozsdamentes f\u00fcstcs\u0151 kalap D150\\\/220, ECO 0.5MM\"}]},{\"@type\":\"WebSite\",\"@id\":\"https:\\\/\\\/esemineu.ro\\\/hu\\\/#website\",\"url\":\"https:\\\/\\\/esemineu.ro\\\/hu\\\/\",\"name\":\"eSemineu\",\"description\":\"\u0218eminee de cea mai \u00eenalt\u0103 calitate\",\"potentialAction\":[{\"@type\":\"SearchAction\",\"target\":{\"@type\":\"EntryPoint\",\"urlTemplate\":\"https:\\\/\\\/esemineu.ro\\\/hu\\\/?s={search_term_string}\"},\"query-input\":{\"@type\":\"PropertyValueSpecification\",\"valueRequired\":true,\"valueName\":\"search_term_string\"}}],\"inLanguage\":\"hu\"}]}<\/script>\n<!-- \/ Yoast SEO Premium plugin. -->","yoast_head_json":{"title":"Rozsdamentes f\u00fcstcs\u0151 kalap D150\/220 I eSemineu.ro","description":"Ismerd meg az esemineu.ro Rozsdamentes f\u00fcstcs\u0151 kalap D150\/220 k\u00fcls\u0151 \u00e1tm\u00e9r\u0151vel, 0,5 mm anyagvastags\u00e1ggal, f\u00e9nyes inox sz\u00ednben, 2 \u00e9v garanci\u00e1val.","robots":{"index":"index","follow":"follow","max-snippet":"max-snippet:-1","max-image-preview":"max-image-preview:large","max-video-preview":"max-video-preview:-1"},"canonical":"https:\/\/esemineu.ro\/hu\/termek\/rozsdamentes-fustcso-kalap-d150-220-eco-0-5mm\/","og_locale":"hu_HU","og_type":"article","og_title":"Rozsdamentes f\u00fcstcs\u0151 kalap D150\/220 I eSemineu.ro","og_description":"Ismerd meg az esemineu.ro Rozsdamentes f\u00fcstcs\u0151 kalap D150\/220 k\u00fcls\u0151 \u00e1tm\u00e9r\u0151vel, 0,5 mm anyagvastags\u00e1ggal, f\u00e9nyes inox sz\u00ednben, 2 \u00e9v garanci\u00e1val.","og_url":"https:\/\/esemineu.ro\/hu\/termek\/rozsdamentes-fustcso-kalap-d150-220-eco-0-5mm\/","og_site_name":"eSemineu","article_publisher":"https:\/\/web.facebook.com\/eSemineu","article_modified_time":"2024-03-19T08:00:09+00:00","og_image":[{"width":1000,"height":1000,"url":"https:\/\/esemineu.ro\/wp-content\/uploads\/2024\/02\/Palarie-anti-ploaie.jpg","type":"image\/jpeg"}],"twitter_card":"summary_large_image","twitter_misc":{"Becs\u00fclt olvas\u00e1si id\u0151":"1 perc"},"schema":{"@context":"https:\/\/schema.org","@graph":[{"@type":"WebPage","@id":"https:\/\/esemineu.ro\/hu\/termek\/rozsdamentes-fustcso-kalap-d150-220-eco-0-5mm\/","url":"https:\/\/esemineu.ro\/hu\/termek\/rozsdamentes-fustcso-kalap-d150-220-eco-0-5mm\/","name":"Rozsdamentes f\u00fcstcs\u0151 kalap D150\/220 I eSemineu.ro","isPartOf":{"@id":"https:\/\/esemineu.ro\/hu\/#website"},"primaryImageOfPage":{"@id":"https:\/\/esemineu.ro\/hu\/termek\/rozsdamentes-fustcso-kalap-d150-220-eco-0-5mm\/#primaryimage"},"image":{"@id":"https:\/\/esemineu.ro\/hu\/termek\/rozsdamentes-fustcso-kalap-d150-220-eco-0-5mm\/#primaryimage"},"thumbnailUrl":"https:\/\/esemineu.ro\/wp-content\/uploads\/2024\/02\/Palarie-anti-ploaie.jpg","datePublished":"2024-01-18T05:06:01+00:00","dateModified":"2024-03-19T08:00:09+00:00","description":"Ismerd meg az esemineu.ro Rozsdamentes f\u00fcstcs\u0151 kalap D150\/220 k\u00fcls\u0151 \u00e1tm\u00e9r\u0151vel, 0,5 mm anyagvastags\u00e1ggal, f\u00e9nyes inox sz\u00ednben, 2 \u00e9v garanci\u00e1val.","breadcrumb":{"@id":"https:\/\/esemineu.ro\/hu\/termek\/rozsdamentes-fustcso-kalap-d150-220-eco-0-5mm\/#breadcrumb"},"inLanguage":"hu","potentialAction":[{"@type":"ReadAction","target":["https:\/\/esemineu.ro\/hu\/termek\/rozsdamentes-fustcso-kalap-d150-220-eco-0-5mm\/"]}]},{"@type":"ImageObject","inLanguage":"hu","@id":"https:\/\/esemineu.ro\/hu\/termek\/rozsdamentes-fustcso-kalap-d150-220-eco-0-5mm\/#primaryimage","url":"https:\/\/esemineu.ro\/wp-content\/uploads\/2024\/02\/Palarie-anti-ploaie.jpg","contentUrl":"https:\/\/esemineu.ro\/wp-content\/uploads\/2024\/02\/Palarie-anti-ploaie.jpg","width":1000,"height":1000,"caption":"Rozsdamentes f\u00fcstcs\u0151 kalap D150\/220"},{"@type":"BreadcrumbList","@id":"https:\/\/esemineu.ro\/hu\/termek\/rozsdamentes-fustcso-kalap-d150-220-eco-0-5mm\/#breadcrumb","itemListElement":[{"@type":"ListItem","position":1,"name":"Kezd\u0151lap","item":"https:\/\/esemineu.ro\/hu\/"},{"@type":"ListItem","position":2,"name":"\u00c1ruh\u00e1z","item":"https:\/\/esemineu.ro\/hu\/aruhaz\/"},{"@type":"ListItem","position":3,"name":"Rozsdamentes f\u00fcstcs\u0151 kalap D150\/220, ECO 0.5MM"}]},{"@type":"WebSite","@id":"https:\/\/esemineu.ro\/hu\/#website","url":"https:\/\/esemineu.ro\/hu\/","name":"eSemineu","description":"\u0218eminee de cea mai \u00eenalt\u0103 calitate","potentialAction":[{"@type":"SearchAction","target":{"@type":"EntryPoint","urlTemplate":"https:\/\/esemineu.ro\/hu\/?s={search_term_string}"},"query-input":{"@type":"PropertyValueSpecification","valueRequired":true,"valueName":"search_term_string"}}],"inLanguage":"hu"}]}},"_links":{"self":[{"href":"https:\/\/esemineu.ro\/hu\/wp-json\/wp\/v2\/product\/21092","targetHints":{"allow":["GET"]}}],"collection":[{"href":"https:\/\/esemineu.ro\/hu\/wp-json\/wp\/v2\/product"}],"about":[{"href":"https:\/\/esemineu.ro\/hu\/wp-json\/wp\/v2\/types\/product"}],"replies":[{"embeddable":true,"href":"https:\/\/esemineu.ro\/hu\/wp-json\/wp\/v2\/comments?post=21092"}],"wp:featuredmedia":[{"embeddable":true,"href":"https:\/\/esemineu.ro\/hu\/wp-json\/wp\/v2\/media\/21948"}],"wp:attachment":[{"href":"https:\/\/esemineu.ro\/hu\/wp-json\/wp\/v2\/media?parent=21092"}],"wp:term":[{"taxonomy":"product_brand","embeddable":true,"href":"https:\/\/esemineu.ro\/hu\/wp-json\/wp\/v2\/product_brand?post=21092"},{"taxonomy":"product_cat","embeddable":true,"href":"https:\/\/esemineu.ro\/hu\/wp-json\/wp\/v2\/product_cat?post=21092"},{"taxonomy":"product_tag","embeddable":true,"href":"https:\/\/esemineu.ro\/hu\/wp-json\/wp\/v2\/product_tag?post=21092"}],"curies":[{"name":"wp","href":"https:\/\/api.w.org\/{rel}","templated":true}]}}