{"id":20249,"date":"2023-11-24T13:48:27","date_gmt":"2023-11-24T11:48:27","guid":{"rendered":"https:\/\/esemineu.ro\/?post_type=product&#038;p=20249"},"modified":"2024-04-15T08:10:42","modified_gmt":"2024-04-15T06:10:42","slug":"vizmelegito-termosztat-6kw-tessy","status":"publish","type":"product","link":"https:\/\/esemineu.ro\/hu\/termek\/vizmelegito-termosztat-6kw-tessy\/","title":{"rendered":"V\u00edzmeleg\u00edt\u0151 Termoszt\u00e1t 6kW Tessy"},"content":{"rendered":"<p>Dupla szerpentines termoelektromos 500L v\u00edzmeleg\u00edt\u0151<\/p>\n<p><iframe title=\"TESY BiLight - Individuals Lifestyle video 30 sec - Romanian\" width=\"500\" height=\"281\" src=\"https:\/\/www.youtube.com\/embed\/INt2-VFA_FE?start=9&#038;feature=oembed&#038;enablejsapi=1&#038;origin=https:\/\/esemineu.ro\" frameborder=\"0\" allow=\"accelerometer; autoplay; clipboard-write; encrypted-media; gyroscope; picture-in-picture; web-share\" referrerpolicy=\"strict-origin-when-cross-origin\" allowfullscreen><\/iframe><\/p>\n<p>A Dupla szerpentines 500L v\u00edzmeleg\u00edt\u0151 &#8211; megb\u00edzhat\u00f3 \u00e9s hat\u00e9kony megold\u00e1s nagyobb v\u00edzig\u00e9nyek kiel\u00e9g\u00edt\u00e9s\u00e9re. A f\u0151ld\u00f6n t\u00f6rt\u00e9n\u0151 felszerel\u00e9snek k\u00f6sz\u00f6nhet\u0151en k\u00f6nnyen telep\u00edthet\u0151 \u00e9s haszn\u00e1lhat\u00f3. A nagy kapacit\u00e1s\u00fa 500 literes tart\u00e1ly lehet\u0151v\u00e9 teszi a b\u0151s\u00e9ges melegv\u00edz ell\u00e1t\u00e1st, ide\u00e1lis nagyobb h\u00e1ztart\u00e1sokban vagy kereskedelmi k\u00f6rnyezetekben.<\/p>\n<p>A v\u00edzmeleg\u00edt\u0151 megb\u00edzhat\u00f3 melegv\u00edz biztos\u00edt\u00e1st ny\u00fajt, melyet a dupla szerpentines rendszer tesz lehet\u0151v\u00e9. Ennek eredm\u00e9nyek\u00e9nt a v\u00edzmeleg\u00edt\u0151 hat\u00e9konyan m\u0171k\u00f6dik, a melegv\u00edz felmeleged\u00e9si ideje minim\u00e1lis, biztos\u00edtva a gyors \u00e9s folyamatos melegv\u00edz ell\u00e1t\u00e1st.<\/p>\n<p>A mekanikus vez\u00e9rl\u00e9s egyszer\u0171 \u00e9s k\u00f6nnyen kezelhet\u0151, lehet\u0151v\u00e9 t\u00e9ve a felhaszn\u00e1l\u00f3k sz\u00e1m\u00e1ra a k\u00edv\u00e1nt h\u0151m\u00e9rs\u00e9klet \u00e9s be\u00e1ll\u00edt\u00e1sok k\u00f6nny\u0171 m\u00f3dos\u00edt\u00e1s\u00e1t. Az energiaoszt\u00e1ly B kateg\u00f3ri\u00e1j\u00e1ba tartozik, ami azt jelenti, hogy energiatakar\u00e9kos \u00e9s k\u00f6lts\u00e9ghat\u00e9kony m\u0171k\u00f6d\u00e9st biztos\u00edt.<\/p>\n<p>A Dupla szerpentines termoelektromos 500L v\u00edzmeleg\u00edt\u0151 tart\u00e1j\u00e1nak maxim\u00e1lis nyom\u00e1sa 8 bar, amely biztons\u00e1gos \u00e9s megb\u00edzhat\u00f3 m\u0171k\u00f6d\u00e9st garant\u00e1l. A poliuret\u00e1n hab \u00e9s a zom\u00e1ncozott v\u00e9delem v\u00e9di a tart\u00e1lyt a korr\u00f3zi\u00f3t\u00f3l \u00e9s h\u0151vesztes\u00e9gt\u0151l, ez\u00e1ltal hozz\u00e1j\u00e1rulva a v\u00edzmeleg\u00edt\u0151 hossz\u00fa \u00e9lettartam\u00e1hoz \u00e9s megb\u00edzhat\u00f3s\u00e1g\u00e1hoz.<\/p>\n<p>A v\u00edzmeleg\u00edt\u0151 massz\u00edv kivitele, 158 kg-os s\u00falya \u00e9s 750 mm \u00e1tm\u00e9r\u0151je biztos\u00edtja a stabilit\u00e1st \u00e9s tart\u00f3ss\u00e1got. A magass\u00e1gban pedig 1674 mm-es m\u00e9ret\u00e9vel ide\u00e1lis helyet biztos\u00edt a v\u00edzmeleg\u00edt\u0151nek, minimaliz\u00e1lva a helyig\u00e9nyt.<\/p>\n<p>A 500 literes bojler kapacit\u00e1s\u00fa v\u00edzmeleg\u00edt\u0151 ide\u00e1lis megold\u00e1s olyan helyzetekben, ahol nagyobb melegv\u00edz ig\u00e9ny van. A nagy kapacit\u00e1s lehet\u0151v\u00e9 teszi a b\u0151s\u00e9ges melegv\u00edz ell\u00e1t\u00e1st, \u00edgy kiv\u00e1l\u00f3an alkalmas nagy csal\u00e1di h\u00e1zakban, t\u00f6bb lak\u00e1sos \u00e9p\u00fcletekben, sz\u00e1llod\u00e1kban, \u00e9ttermekben vagy egy\u00e9b kereskedelmi k\u00f6rnyezetekben.<\/p>\n<p>Ez a nagy kapacit\u00e1s\u00fa bojler lehet\u0151v\u00e9 teszi, hogy egyszerre t\u00f6bb v\u00edzfelhaszn\u00e1l\u00f3 helyre elegend\u0151 melegv\u00edz \u00e1lljon rendelkez\u00e9sre an\u00e9lk\u00fcl, hogy cs\u00f6kkenne a v\u00edz h\u0151m\u00e9rs\u00e9klete vagy a v\u00edznyom\u00e1s. Ez k\u00e9nyelmet \u00e9s kiel\u00e9g\u00edt\u0151 melegv\u00edzell\u00e1t\u00e1st biztos\u00edt mindennapi felhaszn\u00e1l\u00e1sra, p\u00e9ld\u00e1ul zuhanyoz\u00e1shoz, mosogat\u00e1shoz vagy mos\u00e1shoz.<\/p>\n<h6>Sz\u00e1ll\u00edt\u00e1si hat\u00e1rid\u0151:<\/h6>\n<ul>\n<li><strong>Magyarorsz\u00e1g \u00e9s az eg\u00e9sz Eur\u00f3pai Uni\u00f3 ter\u00fclet\u00e9n<\/strong>\u00a0is sz\u00e1ll\u00edtjuk.<\/li>\n<li>Rom\u00e1ni\u00e1ba 2-3 munkanap alatt sz\u00e1ll\u00edtjuk<\/li>\n<li>Magyarorsz\u00e1gra \u00e9s az EU ter\u00fclet\u00e9re az \u00e1tutal\u00e1s ut\u00e1n 5 munkanapon bel\u00fcl \u00e9rkezik meg a term\u00e9k.<\/li>\n<\/ul>\n<p>Ha b\u00e1rmilyen k\u00e9rd\u00e9se van, k\u00e9rj\u00fck, l\u00e9pjen kapcsolatba vel\u00fcnk.<\/p>\n<p>Tov\u00e1bbi aj\u00e1nlatok\u00e9rt kattintson\u00a0<a href=\"https:\/\/esemineu.ro\/hu\/termek-kategoria\/elektromos-vizmelegito-bojler\/\">ide<\/a><\/p>\n<p>T\u00f6bb inform\u00e1ci\u00f3\u00e9rt l\u00e1togasson el <a href=\"https:\/\/www.youtube.com\/@esemineuromania\">YouTube<\/a>-csatorn\u00e1nkra, valamint\u00a0<a href=\"https:\/\/www.facebook.com\/eSemineu\">Facebook<\/a>\u00a0\u00e9s\u00a0<a href=\"https:\/\/www.instagram.com\/esemineu\/\">Instagram<\/a>\u00a0oldalainkra.<\/p>\n<p><a href=\"https:\/\/esemineu.ro\/\">eSemineu.ro<\/a>\u00a0 \u00a0Te rakod a t\u00fczet, mi adjuk a meleget!<\/p>\n","protected":false},"excerpt":{"rendered":"<p>Dupla szerpentines termoelektromos 500L v\u00edzmeleg\u00edt\u0151 A Dupla szerpentines 500L v\u00edzmeleg\u00edt\u0151 &#8211; megb\u00edzhat\u00f3 \u00e9s hat\u00e9kony megold\u00e1s nagyobb v\u00edzig\u00e9nyek kiel\u00e9g\u00edt\u00e9s\u00e9re. A f\u0151ld\u00f6n t\u00f6rt\u00e9n\u0151 felszerel\u00e9snek k\u00f6sz\u00f6nhet\u0151en k\u00f6nnyen telep\u00edthet\u0151 \u00e9s haszn\u00e1lhat\u00f3. A nagy kapacit\u00e1s\u00fa 500 literes tart\u00e1ly lehet\u0151v\u00e9 teszi a b\u0151s\u00e9ges melegv\u00edz ell\u00e1t\u00e1st, ide\u00e1lis nagyobb h\u00e1ztart\u00e1sokban vagy kereskedelmi k\u00f6rnyezetekben. A v\u00edzmeleg\u00edt\u0151 megb\u00edzhat\u00f3 melegv\u00edz biztos\u00edt\u00e1st ny\u00fajt, melyet a dupla szerpentines rendszer tesz lehet\u0151v\u00e9. Ennek eredm\u00e9nyek\u00e9nt a v\u00edzmeleg\u00edt\u0151 hat\u00e9konyan m\u0171k\u00f6dik, a melegv\u00edz felmeleged\u00e9si ideje minim\u00e1lis, biztos\u00edtva a gyors \u00e9s folyamatos melegv\u00edz ell\u00e1t\u00e1st. A mekanikus vez\u00e9rl\u00e9s egyszer\u0171 \u00e9s k\u00f6nnyen kezelhet\u0151, lehet\u0151v\u00e9 t\u00e9ve a felhaszn\u00e1l\u00f3k sz\u00e1m\u00e1ra a k\u00edv\u00e1nt h\u0151m\u00e9rs\u00e9klet \u00e9s be\u00e1ll\u00edt\u00e1sok k\u00f6nny\u0171 m\u00f3dos\u00edt\u00e1s\u00e1t. Az energiaoszt\u00e1ly B kateg\u00f3ri\u00e1j\u00e1ba tartozik, ami azt jelenti, hogy energiatakar\u00e9kos \u00e9s k\u00f6lts\u00e9ghat\u00e9kony m\u0171k\u00f6d\u00e9st biztos\u00edt. A Dupla szerpentines termoelektromos 500L v\u00edzmeleg\u00edt\u0151 tart\u00e1j\u00e1nak maxim\u00e1lis nyom\u00e1sa 8 bar, amely biztons\u00e1gos \u00e9s megb\u00edzhat\u00f3 m\u0171k\u00f6d\u00e9st garant\u00e1l. A poliuret\u00e1n hab \u00e9s a zom\u00e1ncozott v\u00e9delem v\u00e9di a tart\u00e1lyt a korr\u00f3zi\u00f3t\u00f3l \u00e9s h\u0151vesztes\u00e9gt\u0151l, ez\u00e1ltal hozz\u00e1j\u00e1rulva a v\u00edzmeleg\u00edt\u0151 hossz\u00fa \u00e9lettartam\u00e1hoz \u00e9s megb\u00edzhat\u00f3s\u00e1g\u00e1hoz. A v\u00edzmeleg\u00edt\u0151 &hellip; <a href=\"https:\/\/esemineu.ro\/hu\/termek\/vizmelegito-termosztat-6kw-tessy\/\">Folytatva<\/a><\/p>\n","protected":false},"featured_media":20673,"comment_status":"open","ping_status":"closed","template":"","meta":[],"product_brand":[711],"product_cat":[962],"product_tag":[],"class_list":{"0":"post-20249","1":"product","2":"type-product","3":"status-publish","4":"has-post-thumbnail","6":"product_brand-tesy","7":"product_cat-villanybojlerek","8":"product_shipping_class-hoallo-szigetelesek","9":"pa_putere-6kw-hu","11":"first","12":"onbackorder","13":"shipping-taxable","14":"purchasable","15":"product-type-simple"},"acf":[],"yoast_head":"<!-- This site is optimized with the Yoast SEO Premium plugin v21.0 (Yoast SEO v27.3) - https:\/\/yoast.com\/product\/yoast-seo-premium-wordpress\/ -->\n<title>Dupla szerpentines termoelektromos 500L v\u00edzmeleg\u00edt\u0151 | eSemineu<\/title>\n<meta name=\"description\" content=\"Fedezze fel a k\u00e9nyelmet \u00e9s megb\u00edzhat\u00f3s\u00e1got egy term\u00e9kben. - Dupla szerpentines termoelektromos 500L v\u00edzmeleg\u00edt\u0151 | eSemineu.ro\" \/>\n<meta name=\"robots\" content=\"index, follow, max-snippet:-1, max-image-preview:large, max-video-preview:-1\" \/>\n<link rel=\"canonical\" href=\"https:\/\/esemineu.ro\/hu\/termek\/vizmelegito-termosztat-6kw-tessy\/\" \/>\n<meta property=\"og:locale\" content=\"hu_HU\" \/>\n<meta property=\"og:type\" content=\"article\" \/>\n<meta property=\"og:title\" content=\"Dupla szerpentines termoelektromos 500L v\u00edzmeleg\u00edt\u0151 | eSemineu\" \/>\n<meta property=\"og:description\" content=\"Fedezze fel a k\u00e9nyelmet \u00e9s megb\u00edzhat\u00f3s\u00e1got egy term\u00e9kben. - Dupla szerpentines termoelektromos 500L v\u00edzmeleg\u00edt\u0151 | eSemineu.ro\" \/>\n<meta property=\"og:url\" content=\"https:\/\/esemineu.ro\/hu\/termek\/vizmelegito-termosztat-6kw-tessy\/\" \/>\n<meta property=\"og:site_name\" content=\"eSemineu\" \/>\n<meta property=\"article:publisher\" content=\"https:\/\/web.facebook.com\/eSemineu\" \/>\n<meta property=\"article:modified_time\" content=\"2024-04-15T06:10:42+00:00\" \/>\n<meta property=\"og:image\" content=\"https:\/\/esemineu.ro\/wp-content\/uploads\/2023\/12\/Front.jpg\" \/>\n\t<meta property=\"og:image:width\" content=\"1000\" \/>\n\t<meta property=\"og:image:height\" content=\"1000\" \/>\n\t<meta property=\"og:image:type\" content=\"image\/jpeg\" \/>\n<meta name=\"twitter:card\" content=\"summary_large_image\" \/>\n<meta name=\"twitter:label1\" content=\"Becs\u00fclt olvas\u00e1si id\u0151\" \/>\n\t<meta name=\"twitter:data1\" content=\"2 perc\" \/>\n<script type=\"application\/ld+json\" class=\"yoast-schema-graph\">{\"@context\":\"https:\\\/\\\/schema.org\",\"@graph\":[{\"@type\":\"WebPage\",\"@id\":\"https:\\\/\\\/esemineu.ro\\\/hu\\\/termek\\\/vizmelegito-termosztat-6kw-tessy\\\/\",\"url\":\"https:\\\/\\\/esemineu.ro\\\/hu\\\/termek\\\/vizmelegito-termosztat-6kw-tessy\\\/\",\"name\":\"Dupla szerpentines termoelektromos 500L v\u00edzmeleg\u00edt\u0151 | eSemineu\",\"isPartOf\":{\"@id\":\"https:\\\/\\\/esemineu.ro\\\/hu\\\/#website\"},\"primaryImageOfPage\":{\"@id\":\"https:\\\/\\\/esemineu.ro\\\/hu\\\/termek\\\/vizmelegito-termosztat-6kw-tessy\\\/#primaryimage\"},\"image\":{\"@id\":\"https:\\\/\\\/esemineu.ro\\\/hu\\\/termek\\\/vizmelegito-termosztat-6kw-tessy\\\/#primaryimage\"},\"thumbnailUrl\":\"https:\\\/\\\/esemineu.ro\\\/wp-content\\\/uploads\\\/2023\\\/12\\\/Front.jpg\",\"datePublished\":\"2023-11-24T11:48:27+00:00\",\"dateModified\":\"2024-04-15T06:10:42+00:00\",\"description\":\"Fedezze fel a k\u00e9nyelmet \u00e9s megb\u00edzhat\u00f3s\u00e1got egy term\u00e9kben. - Dupla szerpentines termoelektromos 500L v\u00edzmeleg\u00edt\u0151 | eSemineu.ro\",\"breadcrumb\":{\"@id\":\"https:\\\/\\\/esemineu.ro\\\/hu\\\/termek\\\/vizmelegito-termosztat-6kw-tessy\\\/#breadcrumb\"},\"inLanguage\":\"hu\",\"potentialAction\":[{\"@type\":\"ReadAction\",\"target\":[\"https:\\\/\\\/esemineu.ro\\\/hu\\\/termek\\\/vizmelegito-termosztat-6kw-tessy\\\/\"]}]},{\"@type\":\"ImageObject\",\"inLanguage\":\"hu\",\"@id\":\"https:\\\/\\\/esemineu.ro\\\/hu\\\/termek\\\/vizmelegito-termosztat-6kw-tessy\\\/#primaryimage\",\"url\":\"https:\\\/\\\/esemineu.ro\\\/wp-content\\\/uploads\\\/2023\\\/12\\\/Front.jpg\",\"contentUrl\":\"https:\\\/\\\/esemineu.ro\\\/wp-content\\\/uploads\\\/2023\\\/12\\\/Front.jpg\",\"width\":1000,\"height\":1000,\"caption\":\"V\u00edzmeleg\u00edt\u0151 termoszt\u00e1t 3kW Tessy\"},{\"@type\":\"BreadcrumbList\",\"@id\":\"https:\\\/\\\/esemineu.ro\\\/hu\\\/termek\\\/vizmelegito-termosztat-6kw-tessy\\\/#breadcrumb\",\"itemListElement\":[{\"@type\":\"ListItem\",\"position\":1,\"name\":\"Kezd\u0151lap\",\"item\":\"https:\\\/\\\/esemineu.ro\\\/hu\\\/\"},{\"@type\":\"ListItem\",\"position\":2,\"name\":\"\u00c1ruh\u00e1z\",\"item\":\"https:\\\/\\\/esemineu.ro\\\/hu\\\/aruhaz\\\/\"},{\"@type\":\"ListItem\",\"position\":3,\"name\":\"V\u00edzmeleg\u00edt\u0151 Termoszt\u00e1t 6kW Tessy\"}]},{\"@type\":\"WebSite\",\"@id\":\"https:\\\/\\\/esemineu.ro\\\/hu\\\/#website\",\"url\":\"https:\\\/\\\/esemineu.ro\\\/hu\\\/\",\"name\":\"eSemineu\",\"description\":\"\u0218eminee de cea mai \u00eenalt\u0103 calitate\",\"potentialAction\":[{\"@type\":\"SearchAction\",\"target\":{\"@type\":\"EntryPoint\",\"urlTemplate\":\"https:\\\/\\\/esemineu.ro\\\/hu\\\/?s={search_term_string}\"},\"query-input\":{\"@type\":\"PropertyValueSpecification\",\"valueRequired\":true,\"valueName\":\"search_term_string\"}}],\"inLanguage\":\"hu\"}]}<\/script>\n<!-- \/ Yoast SEO Premium plugin. -->","yoast_head_json":{"title":"Dupla szerpentines termoelektromos 500L v\u00edzmeleg\u00edt\u0151 | eSemineu","description":"Fedezze fel a k\u00e9nyelmet \u00e9s megb\u00edzhat\u00f3s\u00e1got egy term\u00e9kben. - Dupla szerpentines termoelektromos 500L v\u00edzmeleg\u00edt\u0151 | eSemineu.ro","robots":{"index":"index","follow":"follow","max-snippet":"max-snippet:-1","max-image-preview":"max-image-preview:large","max-video-preview":"max-video-preview:-1"},"canonical":"https:\/\/esemineu.ro\/hu\/termek\/vizmelegito-termosztat-6kw-tessy\/","og_locale":"hu_HU","og_type":"article","og_title":"Dupla szerpentines termoelektromos 500L v\u00edzmeleg\u00edt\u0151 | eSemineu","og_description":"Fedezze fel a k\u00e9nyelmet \u00e9s megb\u00edzhat\u00f3s\u00e1got egy term\u00e9kben. - Dupla szerpentines termoelektromos 500L v\u00edzmeleg\u00edt\u0151 | eSemineu.ro","og_url":"https:\/\/esemineu.ro\/hu\/termek\/vizmelegito-termosztat-6kw-tessy\/","og_site_name":"eSemineu","article_publisher":"https:\/\/web.facebook.com\/eSemineu","article_modified_time":"2024-04-15T06:10:42+00:00","og_image":[{"width":1000,"height":1000,"url":"https:\/\/esemineu.ro\/wp-content\/uploads\/2023\/12\/Front.jpg","type":"image\/jpeg"}],"twitter_card":"summary_large_image","twitter_misc":{"Becs\u00fclt olvas\u00e1si id\u0151":"2 perc"},"schema":{"@context":"https:\/\/schema.org","@graph":[{"@type":"WebPage","@id":"https:\/\/esemineu.ro\/hu\/termek\/vizmelegito-termosztat-6kw-tessy\/","url":"https:\/\/esemineu.ro\/hu\/termek\/vizmelegito-termosztat-6kw-tessy\/","name":"Dupla szerpentines termoelektromos 500L v\u00edzmeleg\u00edt\u0151 | eSemineu","isPartOf":{"@id":"https:\/\/esemineu.ro\/hu\/#website"},"primaryImageOfPage":{"@id":"https:\/\/esemineu.ro\/hu\/termek\/vizmelegito-termosztat-6kw-tessy\/#primaryimage"},"image":{"@id":"https:\/\/esemineu.ro\/hu\/termek\/vizmelegito-termosztat-6kw-tessy\/#primaryimage"},"thumbnailUrl":"https:\/\/esemineu.ro\/wp-content\/uploads\/2023\/12\/Front.jpg","datePublished":"2023-11-24T11:48:27+00:00","dateModified":"2024-04-15T06:10:42+00:00","description":"Fedezze fel a k\u00e9nyelmet \u00e9s megb\u00edzhat\u00f3s\u00e1got egy term\u00e9kben. - Dupla szerpentines termoelektromos 500L v\u00edzmeleg\u00edt\u0151 | eSemineu.ro","breadcrumb":{"@id":"https:\/\/esemineu.ro\/hu\/termek\/vizmelegito-termosztat-6kw-tessy\/#breadcrumb"},"inLanguage":"hu","potentialAction":[{"@type":"ReadAction","target":["https:\/\/esemineu.ro\/hu\/termek\/vizmelegito-termosztat-6kw-tessy\/"]}]},{"@type":"ImageObject","inLanguage":"hu","@id":"https:\/\/esemineu.ro\/hu\/termek\/vizmelegito-termosztat-6kw-tessy\/#primaryimage","url":"https:\/\/esemineu.ro\/wp-content\/uploads\/2023\/12\/Front.jpg","contentUrl":"https:\/\/esemineu.ro\/wp-content\/uploads\/2023\/12\/Front.jpg","width":1000,"height":1000,"caption":"V\u00edzmeleg\u00edt\u0151 termoszt\u00e1t 3kW Tessy"},{"@type":"BreadcrumbList","@id":"https:\/\/esemineu.ro\/hu\/termek\/vizmelegito-termosztat-6kw-tessy\/#breadcrumb","itemListElement":[{"@type":"ListItem","position":1,"name":"Kezd\u0151lap","item":"https:\/\/esemineu.ro\/hu\/"},{"@type":"ListItem","position":2,"name":"\u00c1ruh\u00e1z","item":"https:\/\/esemineu.ro\/hu\/aruhaz\/"},{"@type":"ListItem","position":3,"name":"V\u00edzmeleg\u00edt\u0151 Termoszt\u00e1t 6kW Tessy"}]},{"@type":"WebSite","@id":"https:\/\/esemineu.ro\/hu\/#website","url":"https:\/\/esemineu.ro\/hu\/","name":"eSemineu","description":"\u0218eminee de cea mai \u00eenalt\u0103 calitate","potentialAction":[{"@type":"SearchAction","target":{"@type":"EntryPoint","urlTemplate":"https:\/\/esemineu.ro\/hu\/?s={search_term_string}"},"query-input":{"@type":"PropertyValueSpecification","valueRequired":true,"valueName":"search_term_string"}}],"inLanguage":"hu"}]}},"_links":{"self":[{"href":"https:\/\/esemineu.ro\/hu\/wp-json\/wp\/v2\/product\/20249","targetHints":{"allow":["GET"]}}],"collection":[{"href":"https:\/\/esemineu.ro\/hu\/wp-json\/wp\/v2\/product"}],"about":[{"href":"https:\/\/esemineu.ro\/hu\/wp-json\/wp\/v2\/types\/product"}],"replies":[{"embeddable":true,"href":"https:\/\/esemineu.ro\/hu\/wp-json\/wp\/v2\/comments?post=20249"}],"wp:featuredmedia":[{"embeddable":true,"href":"https:\/\/esemineu.ro\/hu\/wp-json\/wp\/v2\/media\/20673"}],"wp:attachment":[{"href":"https:\/\/esemineu.ro\/hu\/wp-json\/wp\/v2\/media?parent=20249"}],"wp:term":[{"taxonomy":"product_brand","embeddable":true,"href":"https:\/\/esemineu.ro\/hu\/wp-json\/wp\/v2\/product_brand?post=20249"},{"taxonomy":"product_cat","embeddable":true,"href":"https:\/\/esemineu.ro\/hu\/wp-json\/wp\/v2\/product_cat?post=20249"},{"taxonomy":"product_tag","embeddable":true,"href":"https:\/\/esemineu.ro\/hu\/wp-json\/wp\/v2\/product_tag?post=20249"}],"curies":[{"name":"wp","href":"https:\/\/api.w.org\/{rel}","templated":true}]}}