{"id":18883,"date":"2023-11-08T17:04:30","date_gmt":"2023-11-08T14:04:30","guid":{"rendered":"https:\/\/esemineu.ro\/?post_type=product&#038;p=18883"},"modified":"2025-12-03T19:25:46","modified_gmt":"2025-12-03T17:25:46","slug":"designo-kandallo-fm-premium-8kw","status":"publish","type":"product","link":"https:\/\/esemineu.ro\/hu\/termek\/designo-kandallo-fm-premium-8kw\/","title":{"rendered":"Designo Kandall\u00f3 FM Pr\u00e9mium 8kW"},"content":{"rendered":"<p>Designo Kandall\u00f3 FM Pr\u00e9mium 8kW<\/p>\n<p>Fedezd fel a <strong>Designo Kandall\u00f3 FM Pr\u00e9mium<\/strong> modellt, egy 8kW teljes\u00edtm\u00e9ny\u0171, <strong>Miklos Steel<\/strong> \u00e1ltal gy\u00e1rtott kandall\u00f3t, amelyet most az <strong>esemineu.ro<\/strong> k\u00edn\u00e1lat\u00e1ban tal\u00e1lhatsz. Ez a <strong>pr\u00e9mium kateg\u00f3ri\u00e1s<\/strong> kandall\u00f3 nem csup\u00e1n a meleget biztos\u00edtja otthonodban, hanem a st\u00edlusos megjelen\u00e9s\u00e9vel is hozz\u00e1j\u00e1rul otthonod hangulat\u00e1hoz.<\/p>\n<p>A <strong>Designo Kandall\u00f3<\/strong> egyed\u00fcl\u00e1ll\u00f3 tulajdons\u00e1ga a <strong>samottal b\u00e9lelt t\u0171zt\u00e9r<\/strong>, ami garant\u00e1lja a h\u0151 hat\u00e9kony eloszl\u00e1s\u00e1t \u00e9s a t\u00fczel\u0151anyag takar\u00e9kos felhaszn\u00e1l\u00e1s\u00e1t. A <strong>150 mm-es f\u00fcstelvezet\u00e9se<\/strong> felfel\u00e9 ir\u00e1nyul, \u00edgy biztos\u00edtva a f\u00fcst hat\u00e9kony elvezet\u00e9s\u00e9t \u00e9s a tiszta leveg\u0151t a helyis\u00e9gben.<\/p>\n<p>Az <strong>FM kandall\u00f3<\/strong> egyik k\u00fcl\u00f6nlegess\u00e9ge a <strong>h\u0151\u00e1ll\u00f3 \u00fcvegajt\u00f3<\/strong>, amely nem csup\u00e1n biztons\u00e1got ny\u00fajt, hanem lehet\u0151v\u00e9 teszi a l\u00e1ngra pillant\u00e1st, \u00edgy teremtve meg a kandall\u00f3z\u00e1s hangulat\u00e1t. A <strong>Designo<\/strong> sz\u00e9ria a <strong>Miklos Steel<\/strong> min\u0151s\u00e9g\u00e9t \u00e9s megb\u00edzhat\u00f3s\u00e1g\u00e1t hordozza, amit az <strong>esemineu.ro<\/strong> oldal\u00e1n megtal\u00e1lhatsz.<\/p>\n<p>Legyen sz\u00f3 csal\u00e1di h\u00e1zr\u00f3l vagy kisebb lak\u00e1sr\u00f3l, ez a <strong>modern design<\/strong> \u00e9s <strong>funkcionalit\u00e1s<\/strong> t\u00f6k\u00e9letes kombin\u00e1ci\u00f3j\u00e1t k\u00edn\u00e1lja. A <strong>Designo Kandall\u00f3 FM Pr\u00e9mium<\/strong> nem csup\u00e1n f\u0171t\u0151eszk\u00f6z, hanem otthonod d\u00edsze is lesz, hozz\u00e1j\u00e1rulva az eleg\u00e1ns \u00e9s meghitt l\u00e9gk\u00f6r megteremt\u00e9s\u00e9hez. Az <strong>esemineu pr\u00e9mium<\/strong> k\u00edn\u00e1lata garant\u00e1lja, hogy mindenki megtal\u00e1lja a sz\u00e1m\u00e1ra legmegfelel\u0151bb kandall\u00f3t.<\/p>\n<h4>Peletes Kandall\u00f3 FM Pr\u00e9mium 10kW Sz\u00e1ll\u00edt\u00e1si hat\u00e1rideje:<\/h4>\n<ul>\n<li><strong>Magyarorsz\u00e1g \u00e9s az eg\u00e9sz Eur\u00f3pai Uni\u00f3 ter\u00fclet\u00e9n<\/strong>\u00a0is sz\u00e1ll\u00edtjuk.<\/li>\n<li>Rom\u00e1ni\u00e1ba 2-3 munkanap alatt sz\u00e1ll\u00edtjuk<\/li>\n<li>Magyarorsz\u00e1gra \u00e9s az EU ter\u00fclet\u00e9re az \u00e1tutal\u00e1s ut\u00e1n 5 munkanapon bel\u00fcl \u00e9rkezik meg a term\u00e9k.<\/li>\n<\/ul>\n<p>Ha b\u00e1rmilyen k\u00e9rd\u00e9se van, k\u00e9rj\u00fck, l\u00e9pjen kapcsolatba vel\u00fcnk.<\/p>\n<p>Tov\u00e1bbi aj\u00e1nlatok\u00e9rt kattintson\u00a0<a href=\"https:\/\/esemineu.ro\/hu\/termek-kategoria\/mobil-hordozhato-szabadon-allo-kandallok\/\">ide<\/a><\/p>\n<p>T\u0151bb inform\u00e1ci\u00f3\u00e9rt l\u00e1togasson el\u00a0<a href=\"https:\/\/www.youtube.com\/@esemineuromania\">YouTube<\/a>-csatorn\u00e1nkra, valamint\u00a0<a href=\"https:\/\/www.facebook.com\/eSemineu\">Facebook<\/a>\u00a0\u00e9s\u00a0<a href=\"https:\/\/www.instagram.com\/esemineu\/\">Instagram<\/a>\u00a0oldalainkra.<\/p>\n<p><a href=\"https:\/\/esemineu.ro\/\">eSemineu.ro<\/a>\u00a0 \u00a0Te rakod a t\u0171zet mi adjuk a meleget!<\/p>\n","protected":false},"excerpt":{"rendered":"<p>Designo Kandall\u00f3 FM Pr\u00e9mium 8kW Fedezd fel a Designo Kandall\u00f3 FM Pr\u00e9mium modellt, egy 8kW teljes\u00edtm\u00e9ny\u0171, Miklos Steel \u00e1ltal gy\u00e1rtott kandall\u00f3t, amelyet most az esemineu.ro k\u00edn\u00e1lat\u00e1ban tal\u00e1lhatsz. Ez a pr\u00e9mium kateg\u00f3ri\u00e1s kandall\u00f3 nem csup\u00e1n a meleget biztos\u00edtja otthonodban, hanem a st\u00edlusos megjelen\u00e9s\u00e9vel is hozz\u00e1j\u00e1rul otthonod hangulat\u00e1hoz. A Designo Kandall\u00f3 egyed\u00fcl\u00e1ll\u00f3 tulajdons\u00e1ga a samottal b\u00e9lelt t\u0171zt\u00e9r, ami garant\u00e1lja a h\u0151 hat\u00e9kony eloszl\u00e1s\u00e1t \u00e9s a t\u00fczel\u0151anyag takar\u00e9kos felhaszn\u00e1l\u00e1s\u00e1t. A 150 mm-es f\u00fcstelvezet\u00e9se felfel\u00e9 ir\u00e1nyul, \u00edgy biztos\u00edtva a f\u00fcst hat\u00e9kony elvezet\u00e9s\u00e9t \u00e9s a tiszta leveg\u0151t a helyis\u00e9gben. Az FM kandall\u00f3 egyik k\u00fcl\u00f6nlegess\u00e9ge a h\u0151\u00e1ll\u00f3 \u00fcvegajt\u00f3, amely nem csup\u00e1n biztons\u00e1got ny\u00fajt, hanem lehet\u0151v\u00e9 teszi a l\u00e1ngra pillant\u00e1st, \u00edgy teremtve meg a kandall\u00f3z\u00e1s hangulat\u00e1t. A Designo sz\u00e9ria a Miklos Steel min\u0151s\u00e9g\u00e9t \u00e9s megb\u00edzhat\u00f3s\u00e1g\u00e1t hordozza, amit az esemineu.ro oldal\u00e1n megtal\u00e1lhatsz. Legyen sz\u00f3 csal\u00e1di h\u00e1zr\u00f3l vagy kisebb lak\u00e1sr\u00f3l, ez a modern design \u00e9s funkcionalit\u00e1s t\u00f6k\u00e9letes kombin\u00e1ci\u00f3j\u00e1t k\u00edn\u00e1lja. A Designo Kandall\u00f3 FM Pr\u00e9mium nem csup\u00e1n f\u0171t\u0151eszk\u00f6z, hanem otthonod &hellip; <a href=\"https:\/\/esemineu.ro\/hu\/termek\/designo-kandallo-fm-premium-8kw\/\">Folytatva<\/a><\/p>\n","protected":false},"featured_media":20126,"comment_status":"open","ping_status":"closed","template":"","meta":[],"product_brand":[],"product_cat":[2346,836],"product_tag":[],"class_list":{"0":"post-18883","1":"product","2":"type-product","3":"status-publish","4":"has-post-thumbnail","6":"product_cat-fatuzelesu-kandallok-2","7":"product_cat-mobil-hordozhato-szabadon-allo-kandallok","8":"product_shipping_class-kandallok","9":"pa_combustibil-utilizat-brikett","10":"pa_combustibil-utilizat-fa","11":"pa_culoare-matt-fekete","12":"pa_diametru-racordului-la-cos-150-mm-hu","13":"pa_material-acel","14":"pa_model-hordozhato-hu","15":"pa_putere-8-kw-hu","16":"pa_randament-81-hu","17":"pa_spatiu-de-aer-incalzit-140-160-m3-hu","18":"producer-miklos-steel","20":"first","21":"onbackorder","22":"sale","23":"shipping-taxable","24":"purchasable","25":"product-type-simple"},"acf":[],"yoast_head":"<!-- This site is optimized with the Yoast SEO Premium plugin v21.0 (Yoast SEO v27.3) - https:\/\/yoast.com\/product\/yoast-seo-premium-wordpress\/ -->\n<title>Designo Kandall\u00f3 FM Pr\u00e9mium 8kW | Kandall\u00f3k | eSemineu.ro<\/title>\n<meta name=\"description\" content=\"Designo Kandall\u00f3 FM Pr\u00e9mium 8kW modellt az esemineu.ro-n\u00e1l: eleg\u00e1ns, samottal b\u00e9lelt, h\u0151\u00e1ll\u00f3 \u00fcvegajt\u00f3val ell\u00e1tott, amely t\u00f6k\u00e9letesen illik minden otthonba.\" \/>\n<meta name=\"robots\" content=\"index, follow, max-snippet:-1, max-image-preview:large, max-video-preview:-1\" \/>\n<link rel=\"canonical\" href=\"https:\/\/esemineu.ro\/hu\/termek\/designo-kandallo-fm-premium-8kw\/\" \/>\n<meta property=\"og:locale\" content=\"hu_HU\" \/>\n<meta property=\"og:type\" content=\"article\" \/>\n<meta property=\"og:title\" content=\"Designo Kandall\u00f3 FM Pr\u00e9mium 8kW | Kandall\u00f3k | eSemineu.ro\" \/>\n<meta property=\"og:description\" content=\"Designo Kandall\u00f3 FM Pr\u00e9mium 8kW modellt az esemineu.ro-n\u00e1l: eleg\u00e1ns, samottal b\u00e9lelt, h\u0151\u00e1ll\u00f3 \u00fcvegajt\u00f3val ell\u00e1tott, amely t\u00f6k\u00e9letesen illik minden otthonba.\" \/>\n<meta property=\"og:url\" content=\"https:\/\/esemineu.ro\/hu\/termek\/designo-kandallo-fm-premium-8kw\/\" \/>\n<meta property=\"og:site_name\" content=\"eSemineu\" \/>\n<meta property=\"article:publisher\" content=\"https:\/\/web.facebook.com\/eSemineu\" \/>\n<meta property=\"article:modified_time\" content=\"2025-12-03T17:25:46+00:00\" \/>\n<meta property=\"og:image\" content=\"https:\/\/esemineu.ro\/wp-content\/uploads\/2023\/11\/DESIGNO-FRONT-FR.jpg\" \/>\n\t<meta property=\"og:image:width\" content=\"1000\" \/>\n\t<meta property=\"og:image:height\" content=\"1000\" \/>\n\t<meta property=\"og:image:type\" content=\"image\/jpeg\" \/>\n<meta name=\"twitter:card\" content=\"summary_large_image\" \/>\n<meta name=\"twitter:label1\" content=\"Becs\u00fclt olvas\u00e1si id\u0151\" \/>\n\t<meta name=\"twitter:data1\" content=\"4 perc\" \/>\n<script type=\"application\/ld+json\" class=\"yoast-schema-graph\">{\"@context\":\"https:\\\/\\\/schema.org\",\"@graph\":[{\"@type\":\"WebPage\",\"@id\":\"https:\\\/\\\/esemineu.ro\\\/hu\\\/termek\\\/designo-kandallo-fm-premium-8kw\\\/\",\"url\":\"https:\\\/\\\/esemineu.ro\\\/hu\\\/termek\\\/designo-kandallo-fm-premium-8kw\\\/\",\"name\":\"Designo Kandall\u00f3 FM Pr\u00e9mium 8kW | Kandall\u00f3k | eSemineu.ro\",\"isPartOf\":{\"@id\":\"https:\\\/\\\/esemineu.ro\\\/hu\\\/#website\"},\"primaryImageOfPage\":{\"@id\":\"https:\\\/\\\/esemineu.ro\\\/hu\\\/termek\\\/designo-kandallo-fm-premium-8kw\\\/#primaryimage\"},\"image\":{\"@id\":\"https:\\\/\\\/esemineu.ro\\\/hu\\\/termek\\\/designo-kandallo-fm-premium-8kw\\\/#primaryimage\"},\"thumbnailUrl\":\"https:\\\/\\\/esemineu.ro\\\/wp-content\\\/uploads\\\/2023\\\/11\\\/DESIGNO-FRONT-FR.jpg\",\"datePublished\":\"2023-11-08T14:04:30+00:00\",\"dateModified\":\"2025-12-03T17:25:46+00:00\",\"description\":\"Designo Kandall\u00f3 FM Pr\u00e9mium 8kW modellt az esemineu.ro-n\u00e1l: eleg\u00e1ns, samottal b\u00e9lelt, h\u0151\u00e1ll\u00f3 \u00fcvegajt\u00f3val ell\u00e1tott, amely t\u00f6k\u00e9letesen illik minden otthonba.\",\"breadcrumb\":{\"@id\":\"https:\\\/\\\/esemineu.ro\\\/hu\\\/termek\\\/designo-kandallo-fm-premium-8kw\\\/#breadcrumb\"},\"inLanguage\":\"hu\",\"potentialAction\":[{\"@type\":\"ReadAction\",\"target\":[\"https:\\\/\\\/esemineu.ro\\\/hu\\\/termek\\\/designo-kandallo-fm-premium-8kw\\\/\"]}]},{\"@type\":\"ImageObject\",\"inLanguage\":\"hu\",\"@id\":\"https:\\\/\\\/esemineu.ro\\\/hu\\\/termek\\\/designo-kandallo-fm-premium-8kw\\\/#primaryimage\",\"url\":\"https:\\\/\\\/esemineu.ro\\\/wp-content\\\/uploads\\\/2023\\\/11\\\/DESIGNO-FRONT-FR.jpg\",\"contentUrl\":\"https:\\\/\\\/esemineu.ro\\\/wp-content\\\/uploads\\\/2023\\\/11\\\/DESIGNO-FRONT-FR.jpg\",\"width\":1000,\"height\":1000,\"caption\":\"Designo Kandall\u00f3 FM Premium 8kW\"},{\"@type\":\"BreadcrumbList\",\"@id\":\"https:\\\/\\\/esemineu.ro\\\/hu\\\/termek\\\/designo-kandallo-fm-premium-8kw\\\/#breadcrumb\",\"itemListElement\":[{\"@type\":\"ListItem\",\"position\":1,\"name\":\"Kezd\u0151lap\",\"item\":\"https:\\\/\\\/esemineu.ro\\\/hu\\\/\"},{\"@type\":\"ListItem\",\"position\":2,\"name\":\"\u00c1ruh\u00e1z\",\"item\":\"https:\\\/\\\/esemineu.ro\\\/hu\\\/aruhaz\\\/\"},{\"@type\":\"ListItem\",\"position\":3,\"name\":\"Designo Kandall\u00f3 FM Pr\u00e9mium 8kW\"}]},{\"@type\":\"WebSite\",\"@id\":\"https:\\\/\\\/esemineu.ro\\\/hu\\\/#website\",\"url\":\"https:\\\/\\\/esemineu.ro\\\/hu\\\/\",\"name\":\"eSemineu\",\"description\":\"\u0218eminee de cea mai \u00eenalt\u0103 calitate\",\"potentialAction\":[{\"@type\":\"SearchAction\",\"target\":{\"@type\":\"EntryPoint\",\"urlTemplate\":\"https:\\\/\\\/esemineu.ro\\\/hu\\\/?s={search_term_string}\"},\"query-input\":{\"@type\":\"PropertyValueSpecification\",\"valueRequired\":true,\"valueName\":\"search_term_string\"}}],\"inLanguage\":\"hu\"}]}<\/script>\n<!-- \/ Yoast SEO Premium plugin. -->","yoast_head_json":{"title":"Designo Kandall\u00f3 FM Pr\u00e9mium 8kW | Kandall\u00f3k | eSemineu.ro","description":"Designo Kandall\u00f3 FM Pr\u00e9mium 8kW modellt az esemineu.ro-n\u00e1l: eleg\u00e1ns, samottal b\u00e9lelt, h\u0151\u00e1ll\u00f3 \u00fcvegajt\u00f3val ell\u00e1tott, amely t\u00f6k\u00e9letesen illik minden otthonba.","robots":{"index":"index","follow":"follow","max-snippet":"max-snippet:-1","max-image-preview":"max-image-preview:large","max-video-preview":"max-video-preview:-1"},"canonical":"https:\/\/esemineu.ro\/hu\/termek\/designo-kandallo-fm-premium-8kw\/","og_locale":"hu_HU","og_type":"article","og_title":"Designo Kandall\u00f3 FM Pr\u00e9mium 8kW | Kandall\u00f3k | eSemineu.ro","og_description":"Designo Kandall\u00f3 FM Pr\u00e9mium 8kW modellt az esemineu.ro-n\u00e1l: eleg\u00e1ns, samottal b\u00e9lelt, h\u0151\u00e1ll\u00f3 \u00fcvegajt\u00f3val ell\u00e1tott, amely t\u00f6k\u00e9letesen illik minden otthonba.","og_url":"https:\/\/esemineu.ro\/hu\/termek\/designo-kandallo-fm-premium-8kw\/","og_site_name":"eSemineu","article_publisher":"https:\/\/web.facebook.com\/eSemineu","article_modified_time":"2025-12-03T17:25:46+00:00","og_image":[{"width":1000,"height":1000,"url":"https:\/\/esemineu.ro\/wp-content\/uploads\/2023\/11\/DESIGNO-FRONT-FR.jpg","type":"image\/jpeg"}],"twitter_card":"summary_large_image","twitter_misc":{"Becs\u00fclt olvas\u00e1si id\u0151":"4 perc"},"schema":{"@context":"https:\/\/schema.org","@graph":[{"@type":"WebPage","@id":"https:\/\/esemineu.ro\/hu\/termek\/designo-kandallo-fm-premium-8kw\/","url":"https:\/\/esemineu.ro\/hu\/termek\/designo-kandallo-fm-premium-8kw\/","name":"Designo Kandall\u00f3 FM Pr\u00e9mium 8kW | Kandall\u00f3k | eSemineu.ro","isPartOf":{"@id":"https:\/\/esemineu.ro\/hu\/#website"},"primaryImageOfPage":{"@id":"https:\/\/esemineu.ro\/hu\/termek\/designo-kandallo-fm-premium-8kw\/#primaryimage"},"image":{"@id":"https:\/\/esemineu.ro\/hu\/termek\/designo-kandallo-fm-premium-8kw\/#primaryimage"},"thumbnailUrl":"https:\/\/esemineu.ro\/wp-content\/uploads\/2023\/11\/DESIGNO-FRONT-FR.jpg","datePublished":"2023-11-08T14:04:30+00:00","dateModified":"2025-12-03T17:25:46+00:00","description":"Designo Kandall\u00f3 FM Pr\u00e9mium 8kW modellt az esemineu.ro-n\u00e1l: eleg\u00e1ns, samottal b\u00e9lelt, h\u0151\u00e1ll\u00f3 \u00fcvegajt\u00f3val ell\u00e1tott, amely t\u00f6k\u00e9letesen illik minden otthonba.","breadcrumb":{"@id":"https:\/\/esemineu.ro\/hu\/termek\/designo-kandallo-fm-premium-8kw\/#breadcrumb"},"inLanguage":"hu","potentialAction":[{"@type":"ReadAction","target":["https:\/\/esemineu.ro\/hu\/termek\/designo-kandallo-fm-premium-8kw\/"]}]},{"@type":"ImageObject","inLanguage":"hu","@id":"https:\/\/esemineu.ro\/hu\/termek\/designo-kandallo-fm-premium-8kw\/#primaryimage","url":"https:\/\/esemineu.ro\/wp-content\/uploads\/2023\/11\/DESIGNO-FRONT-FR.jpg","contentUrl":"https:\/\/esemineu.ro\/wp-content\/uploads\/2023\/11\/DESIGNO-FRONT-FR.jpg","width":1000,"height":1000,"caption":"Designo Kandall\u00f3 FM Premium 8kW"},{"@type":"BreadcrumbList","@id":"https:\/\/esemineu.ro\/hu\/termek\/designo-kandallo-fm-premium-8kw\/#breadcrumb","itemListElement":[{"@type":"ListItem","position":1,"name":"Kezd\u0151lap","item":"https:\/\/esemineu.ro\/hu\/"},{"@type":"ListItem","position":2,"name":"\u00c1ruh\u00e1z","item":"https:\/\/esemineu.ro\/hu\/aruhaz\/"},{"@type":"ListItem","position":3,"name":"Designo Kandall\u00f3 FM Pr\u00e9mium 8kW"}]},{"@type":"WebSite","@id":"https:\/\/esemineu.ro\/hu\/#website","url":"https:\/\/esemineu.ro\/hu\/","name":"eSemineu","description":"\u0218eminee de cea mai \u00eenalt\u0103 calitate","potentialAction":[{"@type":"SearchAction","target":{"@type":"EntryPoint","urlTemplate":"https:\/\/esemineu.ro\/hu\/?s={search_term_string}"},"query-input":{"@type":"PropertyValueSpecification","valueRequired":true,"valueName":"search_term_string"}}],"inLanguage":"hu"}]}},"_links":{"self":[{"href":"https:\/\/esemineu.ro\/hu\/wp-json\/wp\/v2\/product\/18883","targetHints":{"allow":["GET"]}}],"collection":[{"href":"https:\/\/esemineu.ro\/hu\/wp-json\/wp\/v2\/product"}],"about":[{"href":"https:\/\/esemineu.ro\/hu\/wp-json\/wp\/v2\/types\/product"}],"replies":[{"embeddable":true,"href":"https:\/\/esemineu.ro\/hu\/wp-json\/wp\/v2\/comments?post=18883"}],"wp:featuredmedia":[{"embeddable":true,"href":"https:\/\/esemineu.ro\/hu\/wp-json\/wp\/v2\/media\/20126"}],"wp:attachment":[{"href":"https:\/\/esemineu.ro\/hu\/wp-json\/wp\/v2\/media?parent=18883"}],"wp:term":[{"taxonomy":"product_brand","embeddable":true,"href":"https:\/\/esemineu.ro\/hu\/wp-json\/wp\/v2\/product_brand?post=18883"},{"taxonomy":"product_cat","embeddable":true,"href":"https:\/\/esemineu.ro\/hu\/wp-json\/wp\/v2\/product_cat?post=18883"},{"taxonomy":"product_tag","embeddable":true,"href":"https:\/\/esemineu.ro\/hu\/wp-json\/wp\/v2\/product_tag?post=18883"}],"curies":[{"name":"wp","href":"https:\/\/api.w.org\/{rel}","templated":true}]}}