{"id":18225,"date":"2023-10-25T10:12:15","date_gmt":"2023-10-25T07:12:15","guid":{"rendered":"https:\/\/esemineu.ro\/?post_type=product&#038;p=18225"},"modified":"2024-05-29T09:06:58","modified_gmt":"2024-05-29T07:06:58","slug":"peletes-kandallo-fm-premium-10kw-szabadonallo-peletes-kandallo","status":"publish","type":"product","link":"https:\/\/esemineu.ro\/hu\/termek\/peletes-kandallo-fm-premium-10kw-szabadonallo-peletes-kandallo\/","title":{"rendered":"Peletes Kandall\u00f3 FM Pr\u00e9mium 10kW, Szabadon\u00e1ll\u00f3 peletes kandall\u00f3"},"content":{"rendered":"<p>Peletes Kandall\u00f3 FM Pr\u00e9mium 10kW<\/p>\n<p><strong>Peletes Kandall\u00f3 FM Pr\u00e9mium 10kW<\/strong> \u2013 nem csak egy \u00e1tlagos t\u0171zhely, hanem egy pr\u00e9mium min\u0151s\u00e9g\u0171, st\u00edlusos \u00e9s hat\u00e9kony f\u0171t\u00e9si megold\u00e1s. A <strong>szabadon\u00e1ll\u00f3 peletes kandall\u00f3<\/strong> kit\u0171n\u0151 v\u00e1laszt\u00e1s minden otthon sz\u00e1m\u00e1ra, amely modern, k\u00f6rnyezetbar\u00e1t \u00e9s gazdas\u00e1gos f\u0171t\u00e9si megold\u00e1st keres.<\/p>\n<p>A kandall\u00f3 piros sz\u00edne nemcsak karaktert ad a bels\u0151 t\u00e9rnek, hanem a <strong>pr\u00e9mium min\u0151s\u00e9g\u0171 peletes kandall\u00f3<\/strong> var\u00e1zsa is nyilv\u00e1nval\u00f3v\u00e1 v\u00e1lik. A kandall\u00f3 belsej\u00e9ben a <strong>samottal<\/strong> belelt \u00e9g\u00e9st\u00e9r garant\u00e1lja a hosszantart\u00f3 h\u0151lead\u00e1st \u00e9s az optimaliz\u00e1lt \u00e9g\u00e9st. Emellett a <strong>h\u0151\u00e1ll\u00f3 \u00fcveg<\/strong> biztos\u00edtja, hogy a l\u00e1tv\u00e1nyos l\u00e1ngok mindig megcsod\u00e1lhat\u00f3ak legyenek, mik\u00f6zben a kandall\u00f3 teljes biztons\u00e1ggal \u00fczemel.<\/p>\n<p>A <strong>Miklos steel gy\u00e1rtm\u00e1ny\u00fa<\/strong> peletes kandall\u00f3 magas min\u0151s\u00e9g\u00e9nek k\u00f6sz\u00f6nhet\u0151en nem csak hossz\u00fa \u00e9lettartam\u00fa, de rendk\u00edv\u00fcl megb\u00edzhat\u00f3 is. A <strong>t\u00e1vir\u00e1ny\u00edt\u00f3<\/strong> seg\u00edts\u00e9g\u00e9vel a kandall\u00f3 k\u00f6nnyed\u00e9n kezelhet\u0151, \u00edgy a f\u0171t\u00e9si ig\u00e9nyeknek megfelel\u0151en \u00e1ll\u00edthat\u00f3 be a h\u0151m\u00e9rs\u00e9klet.<\/p>\n<p>Ez a kandall\u00f3 a <strong>peletes technol\u00f3gia<\/strong> el\u0151nyeit egyes\u00edti a diz\u00e1jn \u00e9s funkcionalit\u00e1s harmonikus \u00f6sszhangj\u00e1val. Ide\u00e1lis v\u00e1laszt\u00e1s mindazok sz\u00e1m\u00e1ra, akik nem szeretn\u00e9nek kompromisszumot k\u00f6tni a k\u00e9nyelem, a hat\u00e9konys\u00e1g \u00e9s a st\u00edlus k\u00f6z\u00f6tt.<\/p>\n<p>Az <strong>esemineu.ro<\/strong> web\u00e1ruh\u00e1zban el\u00e9rhet\u0151 ez a k\u00fcl\u00f6nleges peletes kandall\u00f3, \u00edgy nem sz\u00fcks\u00e9ges tov\u00e1bb keresg\u00e9lni. \u00d6n is megtapasztalhatja a pr\u00e9mium min\u0151s\u00e9g \u00e9s a kiv\u00e1l\u00f3 f\u0171t\u00e9si teljes\u00edtm\u00e9ny kombin\u00e1ci\u00f3j\u00e1t! V\u00e1lassza az FM Pr\u00e9mium 10kW peletes kandall\u00f3t \u00e9s \u00e9lvezze a k\u00e9nyelmet \u00e9s a meleget!<\/p>\n<h4>Peletes Kandall\u00f3 FM Pr\u00e9mium 10kW Sz\u00e1ll\u00edt\u00e1si hat\u00e1rideje:<\/h4>\n<ul>\n<li><strong>Magyarorsz\u00e1g \u00e9s az eg\u00e9sz Eur\u00f3pai Uni\u00f3 ter\u00fclet\u00e9n<\/strong>\u00a0is sz\u00e1ll\u00edtjuk.<\/li>\n<li>Rom\u00e1ni\u00e1ba 2-3 munkanap alatt sz\u00e1ll\u00edtjuk<\/li>\n<li>Magyarorsz\u00e1gra \u00e9s az EU ter\u00fclet\u00e9re az \u00e1tutal\u00e1s ut\u00e1n 5 munkanapon bel\u00fcl \u00e9rkezik meg a term\u00e9k.<\/li>\n<\/ul>\n<p>Ha b\u00e1rmilyen k\u00e9rd\u00e9se van, k\u00e9rj\u00fck, l\u00e9pjen kapcsolatba vel\u00fcnk.<\/p>\n<p>Tov\u00e1bbi aj\u00e1nlatok\u00e9rt kattintson\u00a0<a href=\"https:\/\/esemineu.ro\/hu\/termek-kategoria\/mobil-hordozhato-szabadon-allo-kandallok\/\">ide<\/a><\/p>\n<p>T\u0151bb inform\u00e1ci\u00f3\u00e9rt l\u00e1togasson el\u00a0<a href=\"https:\/\/www.youtube.com\/@esemineuromania\">YouTube<\/a>-csatorn\u00e1nkra, valamint\u00a0<a href=\"https:\/\/www.facebook.com\/eSemineu\">Facebook<\/a>\u00a0\u00e9s\u00a0<a href=\"https:\/\/www.instagram.com\/esemineu\/\">Instagram<\/a>\u00a0oldalainkra.<\/p>\n<p><a href=\"https:\/\/esemineu.ro\/\">eSemineu.ro<\/a>\u00a0 \u00a0Te rakod a t\u0171zet mi adjuk a meleget!<\/p>\n","protected":false},"excerpt":{"rendered":"<p>Peletes Kandall\u00f3 FM Pr\u00e9mium 10kW Peletes Kandall\u00f3 FM Pr\u00e9mium 10kW \u2013 nem csak egy \u00e1tlagos t\u0171zhely, hanem egy pr\u00e9mium min\u0151s\u00e9g\u0171, st\u00edlusos \u00e9s hat\u00e9kony f\u0171t\u00e9si megold\u00e1s. A szabadon\u00e1ll\u00f3 peletes kandall\u00f3 kit\u0171n\u0151 v\u00e1laszt\u00e1s minden otthon sz\u00e1m\u00e1ra, amely modern, k\u00f6rnyezetbar\u00e1t \u00e9s gazdas\u00e1gos f\u0171t\u00e9si megold\u00e1st keres. A kandall\u00f3 piros sz\u00edne nemcsak karaktert ad a bels\u0151 t\u00e9rnek, hanem a pr\u00e9mium min\u0151s\u00e9g\u0171 peletes kandall\u00f3 var\u00e1zsa is nyilv\u00e1nval\u00f3v\u00e1 v\u00e1lik. A kandall\u00f3 belsej\u00e9ben a samottal belelt \u00e9g\u00e9st\u00e9r garant\u00e1lja a hosszantart\u00f3 h\u0151lead\u00e1st \u00e9s az optimaliz\u00e1lt \u00e9g\u00e9st. Emellett a h\u0151\u00e1ll\u00f3 \u00fcveg biztos\u00edtja, hogy a l\u00e1tv\u00e1nyos l\u00e1ngok mindig megcsod\u00e1lhat\u00f3ak legyenek, mik\u00f6zben a kandall\u00f3 teljes biztons\u00e1ggal \u00fczemel. A Miklos steel gy\u00e1rtm\u00e1ny\u00fa peletes kandall\u00f3 magas min\u0151s\u00e9g\u00e9nek k\u00f6sz\u00f6nhet\u0151en nem csak hossz\u00fa \u00e9lettartam\u00fa, de rendk\u00edv\u00fcl megb\u00edzhat\u00f3 is. A t\u00e1vir\u00e1ny\u00edt\u00f3 seg\u00edts\u00e9g\u00e9vel a kandall\u00f3 k\u00f6nnyed\u00e9n kezelhet\u0151, \u00edgy a f\u0171t\u00e9si ig\u00e9nyeknek megfelel\u0151en \u00e1ll\u00edthat\u00f3 be a h\u0151m\u00e9rs\u00e9klet. Ez a kandall\u00f3 a peletes technol\u00f3gia el\u0151nyeit egyes\u00edti a diz\u00e1jn \u00e9s funkcionalit\u00e1s harmonikus \u00f6sszhangj\u00e1val. Ide\u00e1lis v\u00e1laszt\u00e1s mindazok sz\u00e1m\u00e1ra, akik nem szeretn\u00e9nek kompromisszumot &hellip; <a href=\"https:\/\/esemineu.ro\/hu\/termek\/peletes-kandallo-fm-premium-10kw-szabadonallo-peletes-kandallo\/\">Folytatva<\/a><\/p>\n","protected":false},"featured_media":18363,"comment_status":"open","ping_status":"closed","template":"","meta":[],"product_brand":[690],"product_cat":[836,2345],"product_tag":[],"class_list":{"0":"post-18225","1":"product","2":"type-product","3":"status-publish","4":"has-post-thumbnail","6":"product_brand-fm-group","7":"product_cat-mobil-hordozhato-szabadon-allo-kandallok","8":"product_cat-peletes-kandallok","9":"product_shipping_class-kandallok","10":"pa_combustibil-utilizat-pelet-hu","11":"pa_culoare-matt-fekete","12":"pa_culoare-piros","13":"pa_diametru-racordului-la-cos-80-mm-hu","14":"pa_material-acel","15":"pa_model-hordozhato-hu","16":"pa_putere-10-kw-hu","17":"pa_randament-92-hu-2","18":"pa_spatiu-de-aer-incalzit-180-200-m3-hu","19":"producer-miklos-steel","21":"first","22":"outofstock","23":"shipping-taxable","24":"purchasable","25":"product-type-simple"},"acf":[],"yoast_head":"<!-- This site is optimized with the Yoast SEO Premium plugin v21.0 (Yoast SEO v27.3) - https:\/\/yoast.com\/product\/yoast-seo-premium-wordpress\/ -->\n<title>Peletes Kandall\u00f3 FM Pr\u00e9mium 10kW | Kandall\u00f3k | eSemineu.ro<\/title>\n<meta name=\"description\" content=\"Pr\u00e9mium min\u0151s\u00e9g\u0171 Peletes Kandall\u00f3 FM Pr\u00e9mium 10kW - St\u00edlusos piros sz\u00edn, samottal b\u00e9lelt \u00e9g\u00e9st\u00e9r \u00e9s t\u00e1vir\u00e1ny\u00edt\u00f3s kezel\u00e9s. Az esemineu.ro-n!\" \/>\n<meta name=\"robots\" content=\"index, follow, max-snippet:-1, max-image-preview:large, max-video-preview:-1\" \/>\n<link rel=\"canonical\" href=\"https:\/\/esemineu.ro\/hu\/termek\/peletes-kandallo-fm-premium-10kw-szabadonallo-peletes-kandallo\/\" \/>\n<meta property=\"og:locale\" content=\"hu_HU\" \/>\n<meta property=\"og:type\" content=\"article\" \/>\n<meta property=\"og:title\" content=\"Peletes Kandall\u00f3 FM Pr\u00e9mium 10kW | Kandall\u00f3k | eSemineu.ro\" \/>\n<meta property=\"og:description\" content=\"Pr\u00e9mium min\u0151s\u00e9g\u0171 Peletes Kandall\u00f3 FM Pr\u00e9mium 10kW - St\u00edlusos piros sz\u00edn, samottal b\u00e9lelt \u00e9g\u00e9st\u00e9r \u00e9s t\u00e1vir\u00e1ny\u00edt\u00f3s kezel\u00e9s. Az esemineu.ro-n!\" \/>\n<meta property=\"og:url\" content=\"https:\/\/esemineu.ro\/hu\/termek\/peletes-kandallo-fm-premium-10kw-szabadonallo-peletes-kandallo\/\" \/>\n<meta property=\"og:site_name\" content=\"eSemineu\" \/>\n<meta property=\"article:publisher\" content=\"https:\/\/web.facebook.com\/eSemineu\" \/>\n<meta property=\"article:modified_time\" content=\"2024-05-29T07:06:58+00:00\" \/>\n<meta property=\"og:image\" content=\"https:\/\/esemineu.ro\/wp-content\/uploads\/2023\/10\/FM-PELET.jpg\" \/>\n\t<meta property=\"og:image:width\" content=\"1000\" \/>\n\t<meta property=\"og:image:height\" content=\"1000\" \/>\n\t<meta property=\"og:image:type\" content=\"image\/jpeg\" \/>\n<meta name=\"twitter:card\" content=\"summary_large_image\" \/>\n<meta name=\"twitter:label1\" content=\"Becs\u00fclt olvas\u00e1si id\u0151\" \/>\n\t<meta name=\"twitter:data1\" content=\"4 perc\" \/>\n<script type=\"application\/ld+json\" class=\"yoast-schema-graph\">{\"@context\":\"https:\\\/\\\/schema.org\",\"@graph\":[{\"@type\":\"WebPage\",\"@id\":\"https:\\\/\\\/esemineu.ro\\\/hu\\\/termek\\\/peletes-kandallo-fm-premium-10kw-szabadonallo-peletes-kandallo\\\/\",\"url\":\"https:\\\/\\\/esemineu.ro\\\/hu\\\/termek\\\/peletes-kandallo-fm-premium-10kw-szabadonallo-peletes-kandallo\\\/\",\"name\":\"Peletes Kandall\u00f3 FM Pr\u00e9mium 10kW | Kandall\u00f3k | eSemineu.ro\",\"isPartOf\":{\"@id\":\"https:\\\/\\\/esemineu.ro\\\/hu\\\/#website\"},\"primaryImageOfPage\":{\"@id\":\"https:\\\/\\\/esemineu.ro\\\/hu\\\/termek\\\/peletes-kandallo-fm-premium-10kw-szabadonallo-peletes-kandallo\\\/#primaryimage\"},\"image\":{\"@id\":\"https:\\\/\\\/esemineu.ro\\\/hu\\\/termek\\\/peletes-kandallo-fm-premium-10kw-szabadonallo-peletes-kandallo\\\/#primaryimage\"},\"thumbnailUrl\":\"https:\\\/\\\/esemineu.ro\\\/wp-content\\\/uploads\\\/2023\\\/10\\\/FM-PELET.jpg\",\"datePublished\":\"2023-10-25T07:12:15+00:00\",\"dateModified\":\"2024-05-29T07:06:58+00:00\",\"description\":\"Pr\u00e9mium min\u0151s\u00e9g\u0171 Peletes Kandall\u00f3 FM Pr\u00e9mium 10kW - St\u00edlusos piros sz\u00edn, samottal b\u00e9lelt \u00e9g\u00e9st\u00e9r \u00e9s t\u00e1vir\u00e1ny\u00edt\u00f3s kezel\u00e9s. Az esemineu.ro-n!\",\"breadcrumb\":{\"@id\":\"https:\\\/\\\/esemineu.ro\\\/hu\\\/termek\\\/peletes-kandallo-fm-premium-10kw-szabadonallo-peletes-kandallo\\\/#breadcrumb\"},\"inLanguage\":\"hu\",\"potentialAction\":[{\"@type\":\"ReadAction\",\"target\":[\"https:\\\/\\\/esemineu.ro\\\/hu\\\/termek\\\/peletes-kandallo-fm-premium-10kw-szabadonallo-peletes-kandallo\\\/\"]}]},{\"@type\":\"ImageObject\",\"inLanguage\":\"hu\",\"@id\":\"https:\\\/\\\/esemineu.ro\\\/hu\\\/termek\\\/peletes-kandallo-fm-premium-10kw-szabadonallo-peletes-kandallo\\\/#primaryimage\",\"url\":\"https:\\\/\\\/esemineu.ro\\\/wp-content\\\/uploads\\\/2023\\\/10\\\/FM-PELET.jpg\",\"contentUrl\":\"https:\\\/\\\/esemineu.ro\\\/wp-content\\\/uploads\\\/2023\\\/10\\\/FM-PELET.jpg\",\"width\":1000,\"height\":1000,\"caption\":\"Peletes Kandall\u00f3 FM Premium 10kW\"},{\"@type\":\"BreadcrumbList\",\"@id\":\"https:\\\/\\\/esemineu.ro\\\/hu\\\/termek\\\/peletes-kandallo-fm-premium-10kw-szabadonallo-peletes-kandallo\\\/#breadcrumb\",\"itemListElement\":[{\"@type\":\"ListItem\",\"position\":1,\"name\":\"Kezd\u0151lap\",\"item\":\"https:\\\/\\\/esemineu.ro\\\/hu\\\/\"},{\"@type\":\"ListItem\",\"position\":2,\"name\":\"\u00c1ruh\u00e1z\",\"item\":\"https:\\\/\\\/esemineu.ro\\\/hu\\\/aruhaz\\\/\"},{\"@type\":\"ListItem\",\"position\":3,\"name\":\"Peletes Kandall\u00f3 FM Pr\u00e9mium 10kW, Szabadon\u00e1ll\u00f3 peletes kandall\u00f3\"}]},{\"@type\":\"WebSite\",\"@id\":\"https:\\\/\\\/esemineu.ro\\\/hu\\\/#website\",\"url\":\"https:\\\/\\\/esemineu.ro\\\/hu\\\/\",\"name\":\"eSemineu\",\"description\":\"\u0218eminee de cea mai \u00eenalt\u0103 calitate\",\"potentialAction\":[{\"@type\":\"SearchAction\",\"target\":{\"@type\":\"EntryPoint\",\"urlTemplate\":\"https:\\\/\\\/esemineu.ro\\\/hu\\\/?s={search_term_string}\"},\"query-input\":{\"@type\":\"PropertyValueSpecification\",\"valueRequired\":true,\"valueName\":\"search_term_string\"}}],\"inLanguage\":\"hu\"}]}<\/script>\n<!-- \/ Yoast SEO Premium plugin. -->","yoast_head_json":{"title":"Peletes Kandall\u00f3 FM Pr\u00e9mium 10kW | Kandall\u00f3k | eSemineu.ro","description":"Pr\u00e9mium min\u0151s\u00e9g\u0171 Peletes Kandall\u00f3 FM Pr\u00e9mium 10kW - St\u00edlusos piros sz\u00edn, samottal b\u00e9lelt \u00e9g\u00e9st\u00e9r \u00e9s t\u00e1vir\u00e1ny\u00edt\u00f3s kezel\u00e9s. Az esemineu.ro-n!","robots":{"index":"index","follow":"follow","max-snippet":"max-snippet:-1","max-image-preview":"max-image-preview:large","max-video-preview":"max-video-preview:-1"},"canonical":"https:\/\/esemineu.ro\/hu\/termek\/peletes-kandallo-fm-premium-10kw-szabadonallo-peletes-kandallo\/","og_locale":"hu_HU","og_type":"article","og_title":"Peletes Kandall\u00f3 FM Pr\u00e9mium 10kW | Kandall\u00f3k | eSemineu.ro","og_description":"Pr\u00e9mium min\u0151s\u00e9g\u0171 Peletes Kandall\u00f3 FM Pr\u00e9mium 10kW - St\u00edlusos piros sz\u00edn, samottal b\u00e9lelt \u00e9g\u00e9st\u00e9r \u00e9s t\u00e1vir\u00e1ny\u00edt\u00f3s kezel\u00e9s. Az esemineu.ro-n!","og_url":"https:\/\/esemineu.ro\/hu\/termek\/peletes-kandallo-fm-premium-10kw-szabadonallo-peletes-kandallo\/","og_site_name":"eSemineu","article_publisher":"https:\/\/web.facebook.com\/eSemineu","article_modified_time":"2024-05-29T07:06:58+00:00","og_image":[{"width":1000,"height":1000,"url":"https:\/\/esemineu.ro\/wp-content\/uploads\/2023\/10\/FM-PELET.jpg","type":"image\/jpeg"}],"twitter_card":"summary_large_image","twitter_misc":{"Becs\u00fclt olvas\u00e1si id\u0151":"4 perc"},"schema":{"@context":"https:\/\/schema.org","@graph":[{"@type":"WebPage","@id":"https:\/\/esemineu.ro\/hu\/termek\/peletes-kandallo-fm-premium-10kw-szabadonallo-peletes-kandallo\/","url":"https:\/\/esemineu.ro\/hu\/termek\/peletes-kandallo-fm-premium-10kw-szabadonallo-peletes-kandallo\/","name":"Peletes Kandall\u00f3 FM Pr\u00e9mium 10kW | Kandall\u00f3k | eSemineu.ro","isPartOf":{"@id":"https:\/\/esemineu.ro\/hu\/#website"},"primaryImageOfPage":{"@id":"https:\/\/esemineu.ro\/hu\/termek\/peletes-kandallo-fm-premium-10kw-szabadonallo-peletes-kandallo\/#primaryimage"},"image":{"@id":"https:\/\/esemineu.ro\/hu\/termek\/peletes-kandallo-fm-premium-10kw-szabadonallo-peletes-kandallo\/#primaryimage"},"thumbnailUrl":"https:\/\/esemineu.ro\/wp-content\/uploads\/2023\/10\/FM-PELET.jpg","datePublished":"2023-10-25T07:12:15+00:00","dateModified":"2024-05-29T07:06:58+00:00","description":"Pr\u00e9mium min\u0151s\u00e9g\u0171 Peletes Kandall\u00f3 FM Pr\u00e9mium 10kW - St\u00edlusos piros sz\u00edn, samottal b\u00e9lelt \u00e9g\u00e9st\u00e9r \u00e9s t\u00e1vir\u00e1ny\u00edt\u00f3s kezel\u00e9s. Az esemineu.ro-n!","breadcrumb":{"@id":"https:\/\/esemineu.ro\/hu\/termek\/peletes-kandallo-fm-premium-10kw-szabadonallo-peletes-kandallo\/#breadcrumb"},"inLanguage":"hu","potentialAction":[{"@type":"ReadAction","target":["https:\/\/esemineu.ro\/hu\/termek\/peletes-kandallo-fm-premium-10kw-szabadonallo-peletes-kandallo\/"]}]},{"@type":"ImageObject","inLanguage":"hu","@id":"https:\/\/esemineu.ro\/hu\/termek\/peletes-kandallo-fm-premium-10kw-szabadonallo-peletes-kandallo\/#primaryimage","url":"https:\/\/esemineu.ro\/wp-content\/uploads\/2023\/10\/FM-PELET.jpg","contentUrl":"https:\/\/esemineu.ro\/wp-content\/uploads\/2023\/10\/FM-PELET.jpg","width":1000,"height":1000,"caption":"Peletes Kandall\u00f3 FM Premium 10kW"},{"@type":"BreadcrumbList","@id":"https:\/\/esemineu.ro\/hu\/termek\/peletes-kandallo-fm-premium-10kw-szabadonallo-peletes-kandallo\/#breadcrumb","itemListElement":[{"@type":"ListItem","position":1,"name":"Kezd\u0151lap","item":"https:\/\/esemineu.ro\/hu\/"},{"@type":"ListItem","position":2,"name":"\u00c1ruh\u00e1z","item":"https:\/\/esemineu.ro\/hu\/aruhaz\/"},{"@type":"ListItem","position":3,"name":"Peletes Kandall\u00f3 FM Pr\u00e9mium 10kW, Szabadon\u00e1ll\u00f3 peletes kandall\u00f3"}]},{"@type":"WebSite","@id":"https:\/\/esemineu.ro\/hu\/#website","url":"https:\/\/esemineu.ro\/hu\/","name":"eSemineu","description":"\u0218eminee de cea mai \u00eenalt\u0103 calitate","potentialAction":[{"@type":"SearchAction","target":{"@type":"EntryPoint","urlTemplate":"https:\/\/esemineu.ro\/hu\/?s={search_term_string}"},"query-input":{"@type":"PropertyValueSpecification","valueRequired":true,"valueName":"search_term_string"}}],"inLanguage":"hu"}]}},"_links":{"self":[{"href":"https:\/\/esemineu.ro\/hu\/wp-json\/wp\/v2\/product\/18225","targetHints":{"allow":["GET"]}}],"collection":[{"href":"https:\/\/esemineu.ro\/hu\/wp-json\/wp\/v2\/product"}],"about":[{"href":"https:\/\/esemineu.ro\/hu\/wp-json\/wp\/v2\/types\/product"}],"replies":[{"embeddable":true,"href":"https:\/\/esemineu.ro\/hu\/wp-json\/wp\/v2\/comments?post=18225"}],"wp:featuredmedia":[{"embeddable":true,"href":"https:\/\/esemineu.ro\/hu\/wp-json\/wp\/v2\/media\/18363"}],"wp:attachment":[{"href":"https:\/\/esemineu.ro\/hu\/wp-json\/wp\/v2\/media?parent=18225"}],"wp:term":[{"taxonomy":"product_brand","embeddable":true,"href":"https:\/\/esemineu.ro\/hu\/wp-json\/wp\/v2\/product_brand?post=18225"},{"taxonomy":"product_cat","embeddable":true,"href":"https:\/\/esemineu.ro\/hu\/wp-json\/wp\/v2\/product_cat?post=18225"},{"taxonomy":"product_tag","embeddable":true,"href":"https:\/\/esemineu.ro\/hu\/wp-json\/wp\/v2\/product_tag?post=18225"}],"curies":[{"name":"wp","href":"https:\/\/api.w.org\/{rel}","templated":true}]}}