{"id":18222,"date":"2023-10-25T09:51:41","date_gmt":"2023-10-25T06:51:41","guid":{"rendered":"https:\/\/esemineu.ro\/?post_type=product&#038;p=18222"},"modified":"2025-09-22T10:12:17","modified_gmt":"2025-09-22T08:12:17","slug":"fm-premium-peletes-vizteres-kandallo-25kw","status":"publish","type":"product","link":"https:\/\/esemineu.ro\/hu\/termek\/fm-premium-peletes-vizteres-kandallo-25kw\/","title":{"rendered":"FM Pr\u00e9mium peletes v\u00edzteres kandall\u00f3, 25kW"},"content":{"rendered":"<p>FM Pr\u00e9mium peletes v\u00edzteres kandall\u00f3 &#8211; A pelettel val\u00f3 t\u00fczel\u00e9s \u00e9lm\u00e9nye \u00e9s melege!<\/p>\n<p>Az <strong>FM Pr\u00e9mium peletes v\u00edzteres kandall\u00f3<\/strong>\u00a0az esemineu.ro k\u00edn\u00e1lat\u00e1ban nem csak a <strong>piros sz\u00edn\u00e9vel<\/strong> t\u0171nik ki, hanem leny\u0171g\u00f6z\u0151 technikai tulajdons\u00e1gaival is. Ez a v\u00edzteres kandall\u00f3 a <strong>pelettel t\u00f6rt\u00e9n\u0151 f\u0171t\u00e9s<\/strong> el\u0151nyeit k\u00edn\u00e1lja, mely a 25kW-os teljes\u00edtm\u00e9nnyel garant\u00e1lja, hogy a hideg t\u00e9li napokon is meleget adjon otthon\u00e1nak.<\/p>\n<p>S\u00faly\u00e1t tekintve <strong>178 kg<\/strong>, \u00edgy stabil \u00e9s megb\u00edzhat\u00f3. A kandall\u00f3 <strong>maxim\u00e1lis \u00fczemi nyom\u00e1sa 2 b\u00e1r<\/strong>, ami kiv\u00e1l\u00f3 biztons\u00e1got \u00e9s hossz\u00fa \u00e9lettartamot garant\u00e1l. A <strong>Hidraulikus pr\u00f3banyom\u00e1s<\/strong> biztos\u00edtja a k\u00e9sz\u00fcl\u00e9k hib\u00e1tlan m\u0171k\u00f6d\u00e9s\u00e9t \u00e9s tart\u00f3ss\u00e1g\u00e1t. Az <strong>elektromos m\u0171k\u00f6d\u00e9s\u0171<\/strong> kandall\u00f3 gondoskodik arr\u00f3l, hogy a haszn\u00e1lat sor\u00e1n a legoptim\u00e1lisabb h\u0151m\u00e9rs\u00e9kletet \u00e9s energiatakar\u00e9koss\u00e1got biztos\u00edtsa.<\/p>\n<p>Az FM Pr\u00e9mium peletes v\u00edzteres kandall\u00f3sz\u00e1mos el\u0151nyt k\u00edn\u00e1l, amelyek kiemelik m\u00e1s f\u0171t\u00e9si megold\u00e1sok k\u00f6z\u00fcl. N\u00e9zz\u00fck meg, hogy melyek ezek az el\u0151ny\u00f6k:<\/p>\n<ol>\n<li><strong>Hat\u00e9konys\u00e1g:<\/strong> A v\u00edzteres kandall\u00f3k az \u00e9g\u00e9stermel\u00e9k h\u0151j\u00e9t hasznos\u00edtj\u00e1k a v\u00edz meleg\u00edt\u00e9s\u00e9re, amely azt\u00e1n a radi\u00e1torokon vagy padl\u00f3f\u0171t\u00e9sen kereszt\u00fcl meleg\u00edti a lak\u00e1st. \u00cdgy a t\u00fczel\u0151anyagb\u00f3l kinyert energia nagyobb r\u00e9sze hasznosul, mint egy hagyom\u00e1nyos l\u00e9gt\u00e9r f\u0171t\u0151 kandall\u00f3n\u00e1l.<\/li>\n<li><strong>K\u00f6lts\u00e9ghat\u00e9konys\u00e1g:<\/strong> A v\u00edzteres kandall\u00f3 lehet\u0151v\u00e9 teszi a t\u00fczel\u0151anyag (pellet) optim\u00e1lis felhaszn\u00e1l\u00e1s\u00e1t, amely hossz\u00fa t\u00e1von p\u00e9nz\u00fcgyi megtakar\u00edt\u00e1st eredm\u00e9nyez.<\/li>\n<li><strong>Energiatakar\u00e9koss\u00e1g:<\/strong> A v\u00edzteres rendszer lehet\u0151v\u00e9 teszi az eg\u00e9sz h\u00e1z egyenletes f\u0171t\u00e9s\u00e9t, cs\u00f6kkentve a h\u0151vesztes\u00e9get \u00e9s az energiasz\u00e1ml\u00e1kat.<\/li>\n<li><strong>Kett\u0151s funkci\u00f3:<\/strong> Egy v\u00edzteres kandall\u00f3 nem csak a helyis\u00e9get meleg\u00edti, hanem a meleg vizet is el\u0151\u00e1ll\u00edtja, \u00edgy egy kombin\u00e1lt megold\u00e1st k\u00edn\u00e1l a h\u00e1ztart\u00e1sban.<\/li>\n<li><strong>K\u00f6rnyezetbar\u00e1t:<\/strong> A megfelel\u0151 \u00e9g\u00e9si technol\u00f3gi\u00e1val a v\u00edzteres kandall\u00f3k kevesebb k\u00e1ros anyagot bocs\u00e1tanak ki a l\u00e9gk\u00f6rbe, hozz\u00e1j\u00e1rulva egy tiszt\u00e1bb k\u00f6rnyezethez.<\/li>\n<\/ol>\n<p>Ami pedig a vez\u00e9rl\u00e9st illeti, a <strong>t\u00e1vir\u00e1ny\u00edt\u00f3 vez\u00e9rl\u00e9s<\/strong> megk\u00f6nny\u00edti a haszn\u00e1latot, \u00e9s lehet\u0151v\u00e9 teszi a k\u00e9nyelmes be\u00e1ll\u00edt\u00e1sokat an\u00e9lk\u00fcl, hogy k\u00f6zel kellene menni a kandall\u00f3hoz. A helyis\u00e9g f\u0171t\u00e9s\u00e9hez a teljes\u00edtm\u00e9nye <strong>3,5kW<\/strong>, m\u00edg a hidraulikus k\u00f6rben a <strong>H\u0151teljes\u00edtm\u00e9ny 21.5kW<\/strong>.<\/p>\n<p>A term\u00e9k kiv\u00e1l\u00f3 v\u00e1laszt\u00e1s mindazok sz\u00e1m\u00e1ra, akik keresnek egy <strong>kiv\u00e1l\u00f3 min\u0151s\u00e9g\u0171, v\u00edzteres kandall\u00f3t<\/strong>. Az FM Peletes v\u00edzteres kandall\u00f3 egyed\u00fcl\u00e1ll\u00f3an kombin\u00e1lja az eszt\u00e9tikai sz\u00e9ps\u00e9get a funkcionalit\u00e1ssal, garant\u00e1lva a kiv\u00e1l\u00f3 h\u0151lead\u00e1st \u00e9s a hossz\u00fa \u00e9lettartamot.<\/p>\n<div class=\"flex flex-grow flex-col max-w-full\">\n<div class=\"min-h-[20px] text-message flex flex-col items-start whitespace-pre-wrap break-words [.text-message+&amp;]:mt-5 juice:w-full juice:items-end overflow-x-auto gap-2\" dir=\"auto\" data-message-author-role=\"assistant\" data-message-id=\"3adc6329-abb7-49e7-87c8-7cf773136014\">\n<div class=\"flex w-full flex-col gap-1 juice:empty:hidden juice:first:pt-[3px]\">\n<div class=\"markdown prose w-full break-words dark:prose-invert light\">\n<h3>Figyelmeztet\u00e9s!<\/h3>\n<p>Minden v\u00edzteres kandall\u00f3t, kandall\u00f3t, kaz\u00e1nt \u00e9s t\u0171zhelyet a k\u00e9m\u00e9nysepr\u0151nek kell j\u00f3v\u00e1hagynia, amikor csatlakoztatva vannak. Ez t\u00f6rv\u00e9ny \u00e1ltal el\u0151\u00edrt k\u00f6telezetts\u00e9g, en\u00e9lk\u00fcl nincs garancia a term\u00e9kre:<\/p>\n<ul>\n<li>A 2012-es XC. t\u00f6rv\u00e9ny a k\u00e9m\u00e9nytiszt\u00edt\u00e1s k\u00f6zszolg\u00e1ltat\u00e1s\u00e1r\u00f3l \u00e9s a BM rendelet (XII.11) el\u0151\u00edrja, hogy az \u00e9g\u0151berendez\u00e9s k\u00e9m\u00e9nyhez val\u00f3 csatlakoztat\u00e1s\u00e1t a k\u00e9m\u00e9nysepr\u0151nek kell j\u00f3v\u00e1hagynia.<\/li>\n<li>Az ipari k\u00e9m\u00e9nytiszt\u00edt\u00e1si nyilatkozat nem helyettes\u00edti a k\u00f6zszolg\u00e1lati k\u00e9m\u00e9nysepr\u0151 tan\u00fas\u00edtv\u00e1ny\u00e1t.<\/li>\n<\/ul>\n<h3>Hogyan t\u00f6rt\u00e9nik a sz\u00e1ll\u00edt\u00e1s \u00e9s mit tartalmaz a csomag?<\/h3>\n<ul>\n<li><strong>Magyarorsz\u00e1g \u00e9s az eg\u00e9sz Eur\u00f3pai Uni\u00f3 ter\u00fclet\u00e9n<\/strong>\u00a0is sz\u00e1ll\u00edtjuk.<\/li>\n<\/ul>\n<p>FM Pr\u00e9mium peletes v\u00edzteres kandall\u00f3 sz\u00e1ll\u00edt\u00e1sa Rom\u00e1ni\u00e1ban 3-5 munkanapon bel\u00fcl, Magyarorsz\u00e1gra \u00e9s Eur\u00f3p\u00e1ba pedig 7-10 munkanapon bel\u00fcl t\u00f6rt\u00e9nik a fizet\u00e9s meger\u0151s\u00edt\u00e9se ut\u00e1n. Annak \u00e9rdek\u00e9ben, hogy a term\u00e9ket t\u00f6k\u00e9letes \u00e1llapotban kapja meg, a kandall\u00f3t 16 mm-es m\u0171anyag szalagokkal r\u00f6gz\u00edtik egy raklapra, \u00e9s h\u00e1rom r\u00e9teg f\u00f3li\u00e1val bor\u00edtjuk. \u00cdgy a term\u00e9ket t\u00f6k\u00e9letesen v\u00e9dve \u00e9s ide\u00e1lis \u00e1llapotban kapja meg. A csomagban a v\u00edzteres kandall\u00f3 mellett megtal\u00e1lja a haszn\u00e1lati \u00fatmutat\u00f3t, a megfelel\u0151s\u00e9gi nyilatkozatot \u00e9s a garancialevet. A k\u00f6nnyebb sz\u00e1ll\u00edt\u00e1s \u00e9rdek\u00e9ben a kisz\u00e1ll\u00edt\u00e1s emel\u0151vel felszerelt j\u00e1rm\u0171vel t\u00f6rt\u00e9nik, eg\u00e9szen a kapuig. Teh\u00e1t, ha fat\u00fczel\u00e9s\u0171 v\u00edzteres kandall\u00f3, egy min\u0151s\u00e9gi term\u00e9ket kap, gyorsan \u00e9s t\u00f6k\u00e9letes \u00e1llapotban sz\u00e1ll\u00edtva.<\/p>\n<\/div>\n<\/div>\n<\/div>\n<\/div>\n<p>Ha b\u00e1rmilyen k\u00e9rd\u00e9se van, k\u00e9rj\u00fck, l\u00e9pjen kapcsolatba vel\u00fcnk.<\/p>\n<p>Tov\u00e1bbi aj\u00e1nlatok\u00e9rt kattintson\u00a0<a href=\"https:\/\/esemineu.ro\/hu\/termek-kategoria\/vizteres-kandallok\/\">ide<\/a><\/p>\n<p>T\u0151bb inform\u00e1ci\u00f3\u00e9rt l\u00e1togasson el\u00a0<a href=\"https:\/\/www.youtube.com\/@esemineuromania\">YouTube<\/a>-csatorn\u00e1nkra, valamint\u00a0<a href=\"https:\/\/www.facebook.com\/eSemineu\">Facebook<\/a>\u00a0\u00e9s\u00a0<a href=\"https:\/\/www.instagram.com\/esemineu\/\">Instagram<\/a>\u00a0oldalainkra.<\/p>\n<p><a href=\"https:\/\/esemineu.ro\/\">eSemineu.ro<\/a>\u00a0 \u00a0Te rakod a t\u0171zet, mi adjuk a meleget!<\/p>\n","protected":false},"excerpt":{"rendered":"<p>FM Pr\u00e9mium peletes v\u00edzteres kandall\u00f3 &#8211; A pelettel val\u00f3 t\u00fczel\u00e9s \u00e9lm\u00e9nye \u00e9s melege! Az FM Pr\u00e9mium peletes v\u00edzteres kandall\u00f3\u00a0az esemineu.ro k\u00edn\u00e1lat\u00e1ban nem csak a piros sz\u00edn\u00e9vel t\u0171nik ki, hanem leny\u0171g\u00f6z\u0151 technikai tulajdons\u00e1gaival is. Ez a v\u00edzteres kandall\u00f3 a pelettel t\u00f6rt\u00e9n\u0151 f\u0171t\u00e9s el\u0151nyeit k\u00edn\u00e1lja, mely a 25kW-os teljes\u00edtm\u00e9nnyel garant\u00e1lja, hogy a hideg t\u00e9li napokon is meleget adjon otthon\u00e1nak. S\u00faly\u00e1t tekintve 178 kg, \u00edgy stabil \u00e9s megb\u00edzhat\u00f3. A kandall\u00f3 maxim\u00e1lis \u00fczemi nyom\u00e1sa 2 b\u00e1r, ami kiv\u00e1l\u00f3 biztons\u00e1got \u00e9s hossz\u00fa \u00e9lettartamot garant\u00e1l. A Hidraulikus pr\u00f3banyom\u00e1s biztos\u00edtja a k\u00e9sz\u00fcl\u00e9k hib\u00e1tlan m\u0171k\u00f6d\u00e9s\u00e9t \u00e9s tart\u00f3ss\u00e1g\u00e1t. Az elektromos m\u0171k\u00f6d\u00e9s\u0171 kandall\u00f3 gondoskodik arr\u00f3l, hogy a haszn\u00e1lat sor\u00e1n a legoptim\u00e1lisabb h\u0151m\u00e9rs\u00e9kletet \u00e9s energiatakar\u00e9koss\u00e1got biztos\u00edtsa. Az FM Pr\u00e9mium peletes v\u00edzteres kandall\u00f3sz\u00e1mos el\u0151nyt k\u00edn\u00e1l, amelyek kiemelik m\u00e1s f\u0171t\u00e9si megold\u00e1sok k\u00f6z\u00fcl. N\u00e9zz\u00fck meg, hogy melyek ezek az el\u0151ny\u00f6k: Hat\u00e9konys\u00e1g: A v\u00edzteres kandall\u00f3k az \u00e9g\u00e9stermel\u00e9k h\u0151j\u00e9t hasznos\u00edtj\u00e1k a v\u00edz meleg\u00edt\u00e9s\u00e9re, amely azt\u00e1n a radi\u00e1torokon vagy padl\u00f3f\u0171t\u00e9sen kereszt\u00fcl meleg\u00edti a lak\u00e1st. \u00cdgy a t\u00fczel\u0151anyagb\u00f3l &hellip; <a href=\"https:\/\/esemineu.ro\/hu\/termek\/fm-premium-peletes-vizteres-kandallo-25kw\/\">Folytatva<\/a><\/p>\n","protected":false},"featured_media":32035,"comment_status":"open","ping_status":"closed","template":"","meta":[],"product_brand":[690],"product_cat":[825],"product_tag":[],"class_list":{"0":"post-18222","1":"product","2":"type-product","3":"status-publish","4":"has-post-thumbnail","6":"product_brand-fm-group","7":"product_cat-vizteres-kandallok","8":"product_shipping_class-vizteres-kandallok","9":"pa_combustibil-utilizat-pelet-hu","10":"pa_culoare-feher","11":"pa_culoare-matt-fekete","12":"pa_presiune-maxima-de-lucru-2-bar-hu","13":"pa_putere-25kw-hu","14":"pa_utere-termica-in-circuit-hi-18-2kw-hu","15":"producer-miklos-steel","17":"first","18":"instock","19":"shipping-taxable","20":"purchasable","21":"product-type-simple"},"acf":[],"yoast_head":"<!-- This site is optimized with the Yoast SEO Premium plugin v21.0 (Yoast SEO v27.3) - https:\/\/yoast.com\/product\/yoast-seo-premium-wordpress\/ -->\n<title>FM Pr\u00e9mium peletes v\u00edzteres kandall\u00f3, 25kW | eSemineu.ro<\/title>\n<meta name=\"description\" content=\"FM Pr\u00e9mium peletes v\u00edzteres kandall\u00f3, a kitermelt h\u0151 hat\u00e9kony kihaszn\u00e1l\u00e1s\u00e1ra. Otthona f\u0171t\u00e9s\u00e9nek \u00e9s meleg v\u00edz ell\u00e1t\u00e1s\u00e1nak forr\u00e1sa. | eSemineu.ro\" \/>\n<meta name=\"robots\" content=\"index, follow, max-snippet:-1, max-image-preview:large, max-video-preview:-1\" \/>\n<link rel=\"canonical\" href=\"https:\/\/esemineu.ro\/hu\/termek\/fm-premium-peletes-vizteres-kandallo-25kw\/\" \/>\n<meta property=\"og:locale\" content=\"hu_HU\" \/>\n<meta property=\"og:type\" content=\"article\" \/>\n<meta property=\"og:title\" content=\"FM Pr\u00e9mium peletes v\u00edzteres kandall\u00f3, 25kW | eSemineu.ro\" \/>\n<meta property=\"og:description\" content=\"FM Pr\u00e9mium peletes v\u00edzteres kandall\u00f3, a kitermelt h\u0151 hat\u00e9kony kihaszn\u00e1l\u00e1s\u00e1ra. Otthona f\u0171t\u00e9s\u00e9nek \u00e9s meleg v\u00edz ell\u00e1t\u00e1s\u00e1nak forr\u00e1sa. | eSemineu.ro\" \/>\n<meta property=\"og:url\" content=\"https:\/\/esemineu.ro\/hu\/termek\/fm-premium-peletes-vizteres-kandallo-25kw\/\" \/>\n<meta property=\"og:site_name\" content=\"eSemineu\" \/>\n<meta property=\"article:publisher\" content=\"https:\/\/web.facebook.com\/eSemineu\" \/>\n<meta property=\"article:modified_time\" content=\"2025-09-22T08:12:17+00:00\" \/>\n<meta property=\"og:image\" content=\"https:\/\/esemineu.ro\/wp-content\/uploads\/2023\/10\/FM-PREMIUM-25-PE-PELET.jpg\" \/>\n\t<meta property=\"og:image:width\" content=\"1000\" \/>\n\t<meta property=\"og:image:height\" content=\"1000\" \/>\n\t<meta property=\"og:image:type\" content=\"image\/jpeg\" \/>\n<meta name=\"twitter:card\" content=\"summary_large_image\" \/>\n<meta name=\"twitter:label1\" content=\"Becs\u00fclt olvas\u00e1si id\u0151\" \/>\n\t<meta name=\"twitter:data1\" content=\"2 perc\" \/>\n<script type=\"application\/ld+json\" class=\"yoast-schema-graph\">{\"@context\":\"https:\\\/\\\/schema.org\",\"@graph\":[{\"@type\":\"WebPage\",\"@id\":\"https:\\\/\\\/esemineu.ro\\\/hu\\\/termek\\\/fm-premium-peletes-vizteres-kandallo-25kw\\\/\",\"url\":\"https:\\\/\\\/esemineu.ro\\\/hu\\\/termek\\\/fm-premium-peletes-vizteres-kandallo-25kw\\\/\",\"name\":\"FM Pr\u00e9mium peletes v\u00edzteres kandall\u00f3, 25kW | eSemineu.ro\",\"isPartOf\":{\"@id\":\"https:\\\/\\\/esemineu.ro\\\/hu\\\/#website\"},\"primaryImageOfPage\":{\"@id\":\"https:\\\/\\\/esemineu.ro\\\/hu\\\/termek\\\/fm-premium-peletes-vizteres-kandallo-25kw\\\/#primaryimage\"},\"image\":{\"@id\":\"https:\\\/\\\/esemineu.ro\\\/hu\\\/termek\\\/fm-premium-peletes-vizteres-kandallo-25kw\\\/#primaryimage\"},\"thumbnailUrl\":\"https:\\\/\\\/esemineu.ro\\\/wp-content\\\/uploads\\\/2023\\\/10\\\/FM-PREMIUM-PE-PELETI.jpg\",\"datePublished\":\"2023-10-25T06:51:41+00:00\",\"dateModified\":\"2025-09-22T08:12:17+00:00\",\"description\":\"FM Pr\u00e9mium peletes v\u00edzteres kandall\u00f3, a kitermelt h\u0151 hat\u00e9kony kihaszn\u00e1l\u00e1s\u00e1ra. Otthona f\u0171t\u00e9s\u00e9nek \u00e9s meleg v\u00edz ell\u00e1t\u00e1s\u00e1nak forr\u00e1sa. | eSemineu.ro\",\"breadcrumb\":{\"@id\":\"https:\\\/\\\/esemineu.ro\\\/hu\\\/termek\\\/fm-premium-peletes-vizteres-kandallo-25kw\\\/#breadcrumb\"},\"inLanguage\":\"hu\",\"potentialAction\":[{\"@type\":\"ReadAction\",\"target\":[\"https:\\\/\\\/esemineu.ro\\\/hu\\\/termek\\\/fm-premium-peletes-vizteres-kandallo-25kw\\\/\"]}]},{\"@type\":\"ImageObject\",\"inLanguage\":\"hu\",\"@id\":\"https:\\\/\\\/esemineu.ro\\\/hu\\\/termek\\\/fm-premium-peletes-vizteres-kandallo-25kw\\\/#primaryimage\",\"url\":\"https:\\\/\\\/esemineu.ro\\\/wp-content\\\/uploads\\\/2023\\\/10\\\/FM-PREMIUM-PE-PELETI.jpg\",\"contentUrl\":\"https:\\\/\\\/esemineu.ro\\\/wp-content\\\/uploads\\\/2023\\\/10\\\/FM-PREMIUM-PE-PELETI.jpg\",\"width\":1000,\"height\":1000},{\"@type\":\"BreadcrumbList\",\"@id\":\"https:\\\/\\\/esemineu.ro\\\/hu\\\/termek\\\/fm-premium-peletes-vizteres-kandallo-25kw\\\/#breadcrumb\",\"itemListElement\":[{\"@type\":\"ListItem\",\"position\":1,\"name\":\"Kezd\u0151lap\",\"item\":\"https:\\\/\\\/esemineu.ro\\\/hu\\\/\"},{\"@type\":\"ListItem\",\"position\":2,\"name\":\"\u00c1ruh\u00e1z\",\"item\":\"https:\\\/\\\/esemineu.ro\\\/hu\\\/aruhaz\\\/\"},{\"@type\":\"ListItem\",\"position\":3,\"name\":\"FM Pr\u00e9mium peletes v\u00edzteres kandall\u00f3, 25kW\"}]},{\"@type\":\"WebSite\",\"@id\":\"https:\\\/\\\/esemineu.ro\\\/hu\\\/#website\",\"url\":\"https:\\\/\\\/esemineu.ro\\\/hu\\\/\",\"name\":\"eSemineu\",\"description\":\"\u0218eminee de cea mai \u00eenalt\u0103 calitate\",\"potentialAction\":[{\"@type\":\"SearchAction\",\"target\":{\"@type\":\"EntryPoint\",\"urlTemplate\":\"https:\\\/\\\/esemineu.ro\\\/hu\\\/?s={search_term_string}\"},\"query-input\":{\"@type\":\"PropertyValueSpecification\",\"valueRequired\":true,\"valueName\":\"search_term_string\"}}],\"inLanguage\":\"hu\"}]}<\/script>\n<!-- \/ Yoast SEO Premium plugin. -->","yoast_head_json":{"title":"FM Pr\u00e9mium peletes v\u00edzteres kandall\u00f3, 25kW | eSemineu.ro","description":"FM Pr\u00e9mium peletes v\u00edzteres kandall\u00f3, a kitermelt h\u0151 hat\u00e9kony kihaszn\u00e1l\u00e1s\u00e1ra. Otthona f\u0171t\u00e9s\u00e9nek \u00e9s meleg v\u00edz ell\u00e1t\u00e1s\u00e1nak forr\u00e1sa. | eSemineu.ro","robots":{"index":"index","follow":"follow","max-snippet":"max-snippet:-1","max-image-preview":"max-image-preview:large","max-video-preview":"max-video-preview:-1"},"canonical":"https:\/\/esemineu.ro\/hu\/termek\/fm-premium-peletes-vizteres-kandallo-25kw\/","og_locale":"hu_HU","og_type":"article","og_title":"FM Pr\u00e9mium peletes v\u00edzteres kandall\u00f3, 25kW | eSemineu.ro","og_description":"FM Pr\u00e9mium peletes v\u00edzteres kandall\u00f3, a kitermelt h\u0151 hat\u00e9kony kihaszn\u00e1l\u00e1s\u00e1ra. Otthona f\u0171t\u00e9s\u00e9nek \u00e9s meleg v\u00edz ell\u00e1t\u00e1s\u00e1nak forr\u00e1sa. | eSemineu.ro","og_url":"https:\/\/esemineu.ro\/hu\/termek\/fm-premium-peletes-vizteres-kandallo-25kw\/","og_site_name":"eSemineu","article_publisher":"https:\/\/web.facebook.com\/eSemineu","article_modified_time":"2025-09-22T08:12:17+00:00","og_image":[{"width":1000,"height":1000,"url":"https:\/\/esemineu.ro\/wp-content\/uploads\/2023\/10\/FM-PREMIUM-25-PE-PELET.jpg","type":"image\/jpeg"}],"twitter_card":"summary_large_image","twitter_misc":{"Becs\u00fclt olvas\u00e1si id\u0151":"2 perc"},"schema":{"@context":"https:\/\/schema.org","@graph":[{"@type":"WebPage","@id":"https:\/\/esemineu.ro\/hu\/termek\/fm-premium-peletes-vizteres-kandallo-25kw\/","url":"https:\/\/esemineu.ro\/hu\/termek\/fm-premium-peletes-vizteres-kandallo-25kw\/","name":"FM Pr\u00e9mium peletes v\u00edzteres kandall\u00f3, 25kW | eSemineu.ro","isPartOf":{"@id":"https:\/\/esemineu.ro\/hu\/#website"},"primaryImageOfPage":{"@id":"https:\/\/esemineu.ro\/hu\/termek\/fm-premium-peletes-vizteres-kandallo-25kw\/#primaryimage"},"image":{"@id":"https:\/\/esemineu.ro\/hu\/termek\/fm-premium-peletes-vizteres-kandallo-25kw\/#primaryimage"},"thumbnailUrl":"https:\/\/esemineu.ro\/wp-content\/uploads\/2023\/10\/FM-PREMIUM-PE-PELETI.jpg","datePublished":"2023-10-25T06:51:41+00:00","dateModified":"2025-09-22T08:12:17+00:00","description":"FM Pr\u00e9mium peletes v\u00edzteres kandall\u00f3, a kitermelt h\u0151 hat\u00e9kony kihaszn\u00e1l\u00e1s\u00e1ra. Otthona f\u0171t\u00e9s\u00e9nek \u00e9s meleg v\u00edz ell\u00e1t\u00e1s\u00e1nak forr\u00e1sa. | eSemineu.ro","breadcrumb":{"@id":"https:\/\/esemineu.ro\/hu\/termek\/fm-premium-peletes-vizteres-kandallo-25kw\/#breadcrumb"},"inLanguage":"hu","potentialAction":[{"@type":"ReadAction","target":["https:\/\/esemineu.ro\/hu\/termek\/fm-premium-peletes-vizteres-kandallo-25kw\/"]}]},{"@type":"ImageObject","inLanguage":"hu","@id":"https:\/\/esemineu.ro\/hu\/termek\/fm-premium-peletes-vizteres-kandallo-25kw\/#primaryimage","url":"https:\/\/esemineu.ro\/wp-content\/uploads\/2023\/10\/FM-PREMIUM-PE-PELETI.jpg","contentUrl":"https:\/\/esemineu.ro\/wp-content\/uploads\/2023\/10\/FM-PREMIUM-PE-PELETI.jpg","width":1000,"height":1000},{"@type":"BreadcrumbList","@id":"https:\/\/esemineu.ro\/hu\/termek\/fm-premium-peletes-vizteres-kandallo-25kw\/#breadcrumb","itemListElement":[{"@type":"ListItem","position":1,"name":"Kezd\u0151lap","item":"https:\/\/esemineu.ro\/hu\/"},{"@type":"ListItem","position":2,"name":"\u00c1ruh\u00e1z","item":"https:\/\/esemineu.ro\/hu\/aruhaz\/"},{"@type":"ListItem","position":3,"name":"FM Pr\u00e9mium peletes v\u00edzteres kandall\u00f3, 25kW"}]},{"@type":"WebSite","@id":"https:\/\/esemineu.ro\/hu\/#website","url":"https:\/\/esemineu.ro\/hu\/","name":"eSemineu","description":"\u0218eminee de cea mai \u00eenalt\u0103 calitate","potentialAction":[{"@type":"SearchAction","target":{"@type":"EntryPoint","urlTemplate":"https:\/\/esemineu.ro\/hu\/?s={search_term_string}"},"query-input":{"@type":"PropertyValueSpecification","valueRequired":true,"valueName":"search_term_string"}}],"inLanguage":"hu"}]}},"_links":{"self":[{"href":"https:\/\/esemineu.ro\/hu\/wp-json\/wp\/v2\/product\/18222","targetHints":{"allow":["GET"]}}],"collection":[{"href":"https:\/\/esemineu.ro\/hu\/wp-json\/wp\/v2\/product"}],"about":[{"href":"https:\/\/esemineu.ro\/hu\/wp-json\/wp\/v2\/types\/product"}],"replies":[{"embeddable":true,"href":"https:\/\/esemineu.ro\/hu\/wp-json\/wp\/v2\/comments?post=18222"}],"wp:featuredmedia":[{"embeddable":true,"href":"https:\/\/esemineu.ro\/hu\/wp-json\/wp\/v2\/media\/32035"}],"wp:attachment":[{"href":"https:\/\/esemineu.ro\/hu\/wp-json\/wp\/v2\/media?parent=18222"}],"wp:term":[{"taxonomy":"product_brand","embeddable":true,"href":"https:\/\/esemineu.ro\/hu\/wp-json\/wp\/v2\/product_brand?post=18222"},{"taxonomy":"product_cat","embeddable":true,"href":"https:\/\/esemineu.ro\/hu\/wp-json\/wp\/v2\/product_cat?post=18222"},{"taxonomy":"product_tag","embeddable":true,"href":"https:\/\/esemineu.ro\/hu\/wp-json\/wp\/v2\/product_tag?post=18222"}],"curies":[{"name":"wp","href":"https:\/\/api.w.org\/{rel}","templated":true}]}}