{"id":5101,"date":"2021-06-29T06:39:55","date_gmt":"2021-06-29T04:39:55","guid":{"rendered":"https:\/\/esemineu.ro\/fizetes-es-szallitas\/"},"modified":"2025-05-30T09:35:18","modified_gmt":"2025-05-30T07:35:18","slug":"fizetes-es-szallitas","status":"publish","type":"page","link":"https:\/\/esemineu.ro\/hu\/fizetes-es-szallitas\/","title":{"rendered":"Fizet\u00e9s \u00e9s sz\u00e1ll\u00edt\u00e1s"},"content":{"rendered":"<p>A v\u00e1s\u00e1rl\u00e1si folyamat k\u00f6nnyebb meg\u00e9rt\u00e9se \u00e9s \u00e1tl\u00e1that\u00f3bb\u00e1 t\u00e9tele \u00e9rdek\u00e9ben egyszer\u0171s\u00edtett\u00fck \u00e9s struktur\u00e1ltuk a t\u00e1j\u00e9koztat\u00e1st:<\/p>\n<p><b>Hogyan v\u00e1s\u00e1roljon egyszer\u0171en \u00e9s biztons\u00e1gosan?<br \/>\n<\/b><\/p>\n<ol>\n<li><strong>A term\u00e9k megtal\u00e1l\u00e1sa<\/strong><br \/>\nHaszn\u00e1lja a keres\u0151mez\u0151t a k\u00edv\u00e1nt term\u00e9k gyors megtal\u00e1l\u00e1s\u00e1hoz vagy b\u00f6ng\u00e9sszen a term\u00e9kkateg\u00f3ri\u00e1k k\u00f6z\u00f6tt.<\/li>\n<li><strong>Kos\u00e1rba helyez\u00e9s<\/strong><br \/>\nMiut\u00e1n megtal\u00e1lta \u00e9s kiv\u00e1lasztotta a k\u00edv\u00e1nt term\u00e9ket, kattintson a &#8222;Kos\u00e1rba teszem&#8221; gombra, hogy hozz\u00e1adja a kosar\u00e1hoz. T\u00f6bb term\u00e9ket is hozz\u00e1adhat k\u00fcl\u00f6nb\u00f6z\u0151 kateg\u00f3ri\u00e1kb\u00f3l.<\/li>\n<li><strong>Kos\u00e1r ellen\u0151rz\u00e9se<\/strong><br \/>\nA kos\u00e1rban lehet\u0151s\u00e9ge van \u00e1ttekinteni a hozz\u00e1adott term\u00e9keket, m\u00f3dos\u00edtani a mennyis\u00e9geket, vagy elt\u00e1vol\u00edtani term\u00e9keket, ha sz\u00fcks\u00e9ges.<\/li>\n<li><strong>A rendel\u00e9s v\u00e9gleges\u00edt\u00e9se<\/strong><br \/>\nT\u00f6ltse ki a sz\u00e1ml\u00e1z\u00e1si, illetve sz\u00e1ll\u00edt\u00e1si adatokat, \u00e9s v\u00e1lassza ki a prefer\u00e1lt fizet\u00e9si m\u00f3dot (Bankk\u00e1rtya, Banki \u00c1tutal\u00e1s).<br \/>\nOlvassa el \u00e9s fogadja el a felt\u00e9teleket a megfelel\u0151 jel\u00f6l\u0151n\u00e9gyzet bejel\u00f6l\u00e9s\u00e9vel.<br \/>\nK\u00fcldje el a rendel\u00e9st a &#8222;Megrendel\u00e9s&#8221; gomb haszn\u00e1lat\u00e1val. E-mailben visszaigazol\u00e1st fog kapni.<\/li>\n<li><strong>Fizet\u00e9si lehet\u0151s\u00e9gek<\/strong><br \/>\nAz online fizet\u00e9shez adja meg a k\u00e1rtya adatait a hiteles\u00edtett oldalon, amely maxim\u00e1lis biztons\u00e1got ny\u00fajt a \u201c3-D Secure\u201d rendszerrel. Elfogadunk Visa, Visa Electron, MasterCard \u00e9s Maestro k\u00e1rty\u00e1kat.<\/li>\n<\/ol>\n<h4>Hogyan fizethet?<\/h4>\n<p>Az \u00e1ltalunk elfogadott fizet\u00e9si m\u00f3dok:<\/p>\n<ol>\n<li>Fizet\u00e9s banki \u00e1tutal\u00e1ssal. Teljes \u00f6sszeg\u0171 \u00e1tutal\u00e1s a ki\u00e1ll\u00edtott sz\u00e1mla alapj\u00e1n. A megrendelt term\u00e9kek kisz\u00e1ll\u00edt\u00e1sa a fizet\u00e9s visszaigazol\u00e1sa ut\u00e1n t\u00f6rt\u00e9nik. A fizet\u00e9seket az al\u00e1bbi banksz\u00e1ml\u00e1kra lehet teljes\u00edteni:<br \/>\n<strong>HUF: RO34RNCB0154181334030004<\/strong><br \/>\n<strong>RON: RO18RNCB0154181334030001<\/strong><br \/>\n<strong><strong>EUR: RO61RNCB0154181334030003<\/strong><\/strong><\/li>\n<li>Bankk\u00e1rty\u00e1s fizet\u00e9s: Az online bankk\u00e1rty\u00e1s fizet\u00e9s teljes biztons\u00e1gban t\u00f6rt\u00e9nik, a rendszer \u00e1ltal k\u00e9rt adatok megad\u00e1s\u00e1val. Az ilyen m\u0171veletek\u00e9rt nem sz\u00e1m\u00edtunk fel jutal\u00e9kot. Az Esemineu.ro SRL nem k\u00e9r \u00e9s nem t\u00e1rol a bankk\u00e1rty\u00e1j\u00e1val kapcsolatos adatokat.<\/li>\n<\/ol>\n<p>Ha a bankk\u00e1rty\u00e1s\u00a0 lehet\u0151s\u00e9get v\u00e1lasztotta, egy \u0171rlapot kell kit\u00f6ltenie a bankk\u00e1rty\u00e1j\u00e1val kapcsolatos adatokkal a fizet\u00e9si feldolgoz\u00f3 biztons\u00e1gos oldal\u00e1n. A Visa \u00e9s MasterCard log\u00f3val ell\u00e1tott hitel- \u00e9s bet\u00e9ti k\u00e1rty\u00e1k (Visa\/Visa Electron \u00e9s MasterCard\/Maestro) \u00e1ltali fizet\u00e9s a \u201c3-D Secure\u201d rendszeren kereszt\u00fcl t\u00f6rt\u00e9nik, amely biztos\u00edtja, hogy az online tranzakci\u00f3k ugyanolyan biztons\u00e1gi szinttel rendelkeznek, mint az ATM-ekn\u00e9l vagy a fizikai keresked\u0151kn\u00e9l v\u00e9gzett tranzakci\u00f3k. A \u201c3-D Secure\u201d biztos\u00edtja, hogy a bankk\u00e1rty\u00e1j\u00e1val kapcsolatos inform\u00e1ci\u00f3k semmikor sem ker\u00fclnek tov\u00e1bb\u00edt\u00e1sra vagy t\u00e1rol\u00e1sra sem a bolt, sem a fizet\u00e9si feldolgoz\u00f3 szerverein, ezek az adatok k\u00f6zvetlen\u00fcl a Visa \u00e9s MasterCard rendszerekbe ker\u00fclnek be\u00edr\u00e1sra.<\/p>\n<p><b>Sz\u00e1ll\u00edt\u00e1si felt\u00e9telek<\/b><\/p>\n<p>A term\u00e9keket a rendel\u00e9sben megadott c\u00edmre sz\u00e1ll\u00edtjuk ki, internacion\u00e1lis sz\u00e1ll\u00edtm\u00e1nyoz\u00f3k \u00e1ltal. A rendel\u00e9seket legfeljebb 5-8 munkanapon bel\u00fcl dolgozzuk fel \u00e9s k\u00fcldj\u00fck el, ha rakt\u00e1ron vannak.<\/p>\n<p><strong>Visszak\u00fcld\u00e9si szolg\u00e1ltat\u00e1s:<\/strong><\/p>\n<p>A fogyaszt\u00f3nak, a term\u00e9k k\u00e9zhezv\u00e9tel\u00e9t k\u00f6vet\u0151 <b>14 napon<\/b> bel\u00fcl \u00a0joga van el\u00e1llni a v\u00e1s\u00e1rl\u00e1st\u00f3l. <strong>FONTOS:<\/strong> A term\u00e9kek csak eredeti csomagol\u00e1sban \u00e9s minden tartoz\u00e9kkal egy\u00fctt k\u00fcldhet\u0151ek vissza. Haszn\u00e1lt vagy s\u00e9r\u00fclt term\u00e9keket nem fogadunk el.<\/p>\n<p>A visszat\u00e9r\u00edt\u00e9si folyamat els\u0151 l\u00e9p\u00e9sek\u00e9nt a &#8222;Visszat\u00e9r\u00edt\u00e9si politika&#8221; f\u00fcl\u00f6n tal\u00e1lhat\u00f3 \u0171rlapot kell kit\u00f6lteni. Ezt k\u00f6vet\u0151en felvessz\u00fck \u00d6nnel a kapcsolatot \u00e9s t\u00e1j\u00e9koztatjuk a visszak\u00fcld\u00e9s tov\u00e1bbi folyamatair\u00f3l. A visszat\u00e9r\u00edt\u00e9sek banki \u00e1tutal\u00e1ssal t\u00f6rt\u00e9nnek.<\/p>\n<p>Aj\u00e1nd\u00e9kutalv\u00e1nnyal v\u00e1s\u00e1rolt term\u00e9kek eset\u00e9n a visszak\u00fcld\u00e9st csak egy \u00faj term\u00e9k v\u00e1s\u00e1rl\u00e1sakor fogadjuk el, amely \u00e9rt\u00e9ke egyenl\u0151 vagy nagyobb a visszak\u00fcld\u00f6tt term\u00e9k \u00e9rt\u00e9k\u00e9n\u00e9l.<\/p>\n","protected":false},"excerpt":{"rendered":"<p>A v\u00e1s\u00e1rl\u00e1si folyamat k\u00f6nnyebb meg\u00e9rt\u00e9se \u00e9s \u00e1tl\u00e1that\u00f3bb\u00e1 t\u00e9tele \u00e9rdek\u00e9ben egyszer\u0171s\u00edtett\u00fck \u00e9s struktur\u00e1ltuk a t\u00e1j\u00e9koztat\u00e1st: Hogyan v\u00e1s\u00e1roljon egyszer\u0171en \u00e9s biztons\u00e1gosan? A term\u00e9k megtal\u00e1l\u00e1sa Haszn\u00e1lja a keres\u0151mez\u0151t a k\u00edv\u00e1nt term\u00e9k gyors megtal\u00e1l\u00e1s\u00e1hoz vagy b\u00f6ng\u00e9sszen a term\u00e9kkateg\u00f3ri\u00e1k k\u00f6z\u00f6tt. Kos\u00e1rba helyez\u00e9s Miut\u00e1n megtal\u00e1lta \u00e9s kiv\u00e1lasztotta a k\u00edv\u00e1nt term\u00e9ket, kattintson a &#8222;Kos\u00e1rba teszem&#8221; gombra, hogy hozz\u00e1adja a kosar\u00e1hoz. T\u00f6bb term\u00e9ket is hozz\u00e1adhat k\u00fcl\u00f6nb\u00f6z\u0151 kateg\u00f3ri\u00e1kb\u00f3l. Kos\u00e1r ellen\u0151rz\u00e9se A kos\u00e1rban lehet\u0151s\u00e9ge van \u00e1ttekinteni a hozz\u00e1adott term\u00e9keket, m\u00f3dos\u00edtani a mennyis\u00e9geket, vagy elt\u00e1vol\u00edtani term\u00e9keket, ha sz\u00fcks\u00e9ges. A rendel\u00e9s v\u00e9gleges\u00edt\u00e9se T\u00f6ltse ki a sz\u00e1ml\u00e1z\u00e1si, illetve sz\u00e1ll\u00edt\u00e1si adatokat, \u00e9s v\u00e1lassza ki a prefer\u00e1lt fizet\u00e9si m\u00f3dot (Bankk\u00e1rtya, Banki \u00c1tutal\u00e1s). Olvassa el \u00e9s fogadja el a felt\u00e9teleket a megfelel\u0151 jel\u00f6l\u0151n\u00e9gyzet bejel\u00f6l\u00e9s\u00e9vel. K\u00fcldje el a rendel\u00e9st a &#8222;Megrendel\u00e9s&#8221; gomb haszn\u00e1lat\u00e1val. E-mailben visszaigazol\u00e1st fog kapni. Fizet\u00e9si lehet\u0151s\u00e9gek Az online fizet\u00e9shez adja meg a k\u00e1rtya adatait a hiteles\u00edtett oldalon, amely maxim\u00e1lis biztons\u00e1got ny\u00fajt a \u201c3-D Secure\u201d rendszerrel. Elfogadunk Visa, Visa Electron, MasterCard \u00e9s Maestro k\u00e1rty\u00e1kat. Hogyan &hellip; <a href=\"https:\/\/esemineu.ro\/hu\/fizetes-es-szallitas\/\">Folytatva<\/a><\/p>\n","protected":false},"author":380,"featured_media":0,"parent":0,"menu_order":0,"comment_status":"closed","ping_status":"closed","template":"","meta":{"footnotes":""},"class_list":["post-5101","page","type-page","status-publish","hentry"],"acf":[],"yoast_head":"<!-- This site is optimized with the Yoast SEO Premium plugin v21.0 (Yoast SEO v27.3) - https:\/\/yoast.com\/product\/yoast-seo-premium-wordpress\/ -->\n<title>Fizet\u00e9s \u00e9s sz\u00e1ll\u00edt\u00e1s - eSemineu<\/title>\n<meta name=\"robots\" content=\"index, follow, max-snippet:-1, max-image-preview:large, max-video-preview:-1\" \/>\n<link rel=\"canonical\" href=\"https:\/\/esemineu.ro\/hu\/fizetes-es-szallitas\/\" \/>\n<meta property=\"og:locale\" content=\"hu_HU\" \/>\n<meta property=\"og:type\" content=\"article\" \/>\n<meta property=\"og:title\" content=\"Fizet\u00e9s \u00e9s sz\u00e1ll\u00edt\u00e1s - eSemineu\" \/>\n<meta property=\"og:description\" content=\"A v\u00e1s\u00e1rl\u00e1si folyamat k\u00f6nnyebb meg\u00e9rt\u00e9se \u00e9s \u00e1tl\u00e1that\u00f3bb\u00e1 t\u00e9tele \u00e9rdek\u00e9ben egyszer\u0171s\u00edtett\u00fck \u00e9s struktur\u00e1ltuk a t\u00e1j\u00e9koztat\u00e1st: Hogyan v\u00e1s\u00e1roljon egyszer\u0171en \u00e9s biztons\u00e1gosan? A term\u00e9k megtal\u00e1l\u00e1sa Haszn\u00e1lja a keres\u0151mez\u0151t a k\u00edv\u00e1nt term\u00e9k gyors megtal\u00e1l\u00e1s\u00e1hoz vagy b\u00f6ng\u00e9sszen a term\u00e9kkateg\u00f3ri\u00e1k k\u00f6z\u00f6tt. Kos\u00e1rba helyez\u00e9s Miut\u00e1n megtal\u00e1lta \u00e9s kiv\u00e1lasztotta a k\u00edv\u00e1nt term\u00e9ket, kattintson a &#8222;Kos\u00e1rba teszem&#8221; gombra, hogy hozz\u00e1adja a kosar\u00e1hoz. T\u00f6bb term\u00e9ket is hozz\u00e1adhat k\u00fcl\u00f6nb\u00f6z\u0151 kateg\u00f3ri\u00e1kb\u00f3l. Kos\u00e1r ellen\u0151rz\u00e9se A kos\u00e1rban lehet\u0151s\u00e9ge van \u00e1ttekinteni a hozz\u00e1adott term\u00e9keket, m\u00f3dos\u00edtani a mennyis\u00e9geket, vagy elt\u00e1vol\u00edtani term\u00e9keket, ha sz\u00fcks\u00e9ges. A rendel\u00e9s v\u00e9gleges\u00edt\u00e9se T\u00f6ltse ki a sz\u00e1ml\u00e1z\u00e1si, illetve sz\u00e1ll\u00edt\u00e1si adatokat, \u00e9s v\u00e1lassza ki a prefer\u00e1lt fizet\u00e9si m\u00f3dot (Bankk\u00e1rtya, Banki \u00c1tutal\u00e1s). Olvassa el \u00e9s fogadja el a felt\u00e9teleket a megfelel\u0151 jel\u00f6l\u0151n\u00e9gyzet bejel\u00f6l\u00e9s\u00e9vel. K\u00fcldje el a rendel\u00e9st a &#8222;Megrendel\u00e9s&#8221; gomb haszn\u00e1lat\u00e1val. E-mailben visszaigazol\u00e1st fog kapni. Fizet\u00e9si lehet\u0151s\u00e9gek Az online fizet\u00e9shez adja meg a k\u00e1rtya adatait a hiteles\u00edtett oldalon, amely maxim\u00e1lis biztons\u00e1got ny\u00fajt a \u201c3-D Secure\u201d rendszerrel. Elfogadunk Visa, Visa Electron, MasterCard \u00e9s Maestro k\u00e1rty\u00e1kat. Hogyan &hellip; Folytatva\" \/>\n<meta property=\"og:url\" content=\"https:\/\/esemineu.ro\/hu\/fizetes-es-szallitas\/\" \/>\n<meta property=\"og:site_name\" content=\"eSemineu\" \/>\n<meta property=\"article:publisher\" content=\"https:\/\/web.facebook.com\/eSemineu\" \/>\n<meta property=\"article:modified_time\" content=\"2025-05-30T07:35:18+00:00\" \/>\n<meta name=\"twitter:card\" content=\"summary_large_image\" \/>\n<meta name=\"twitter:label1\" content=\"Becs\u00fclt olvas\u00e1si id\u0151\" \/>\n\t<meta name=\"twitter:data1\" content=\"6 perc\" \/>\n<script type=\"application\/ld+json\" class=\"yoast-schema-graph\">{\"@context\":\"https:\\\/\\\/schema.org\",\"@graph\":[{\"@type\":\"WebPage\",\"@id\":\"https:\\\/\\\/esemineu.ro\\\/hu\\\/fizetes-es-szallitas\\\/\",\"url\":\"https:\\\/\\\/esemineu.ro\\\/hu\\\/fizetes-es-szallitas\\\/\",\"name\":\"Fizet\u00e9s \u00e9s sz\u00e1ll\u00edt\u00e1s - eSemineu\",\"isPartOf\":{\"@id\":\"https:\\\/\\\/esemineu.ro\\\/hu\\\/#website\"},\"datePublished\":\"2021-06-29T04:39:55+00:00\",\"dateModified\":\"2025-05-30T07:35:18+00:00\",\"breadcrumb\":{\"@id\":\"https:\\\/\\\/esemineu.ro\\\/hu\\\/fizetes-es-szallitas\\\/#breadcrumb\"},\"inLanguage\":\"hu\",\"potentialAction\":[{\"@type\":\"ReadAction\",\"target\":[\"https:\\\/\\\/esemineu.ro\\\/hu\\\/fizetes-es-szallitas\\\/\"]}]},{\"@type\":\"BreadcrumbList\",\"@id\":\"https:\\\/\\\/esemineu.ro\\\/hu\\\/fizetes-es-szallitas\\\/#breadcrumb\",\"itemListElement\":[{\"@type\":\"ListItem\",\"position\":1,\"name\":\"Kezd\u0151lap\",\"item\":\"https:\\\/\\\/esemineu.ro\\\/hu\\\/\"},{\"@type\":\"ListItem\",\"position\":2,\"name\":\"Fizet\u00e9s \u00e9s sz\u00e1ll\u00edt\u00e1s\"}]},{\"@type\":\"WebSite\",\"@id\":\"https:\\\/\\\/esemineu.ro\\\/hu\\\/#website\",\"url\":\"https:\\\/\\\/esemineu.ro\\\/hu\\\/\",\"name\":\"eSemineu\",\"description\":\"\u0218eminee de cea mai \u00eenalt\u0103 calitate\",\"potentialAction\":[{\"@type\":\"SearchAction\",\"target\":{\"@type\":\"EntryPoint\",\"urlTemplate\":\"https:\\\/\\\/esemineu.ro\\\/hu\\\/?s={search_term_string}\"},\"query-input\":{\"@type\":\"PropertyValueSpecification\",\"valueRequired\":true,\"valueName\":\"search_term_string\"}}],\"inLanguage\":\"hu\"}]}<\/script>\n<!-- \/ Yoast SEO Premium plugin. -->","yoast_head_json":{"title":"Fizet\u00e9s \u00e9s sz\u00e1ll\u00edt\u00e1s - eSemineu","robots":{"index":"index","follow":"follow","max-snippet":"max-snippet:-1","max-image-preview":"max-image-preview:large","max-video-preview":"max-video-preview:-1"},"canonical":"https:\/\/esemineu.ro\/hu\/fizetes-es-szallitas\/","og_locale":"hu_HU","og_type":"article","og_title":"Fizet\u00e9s \u00e9s sz\u00e1ll\u00edt\u00e1s - eSemineu","og_description":"A v\u00e1s\u00e1rl\u00e1si folyamat k\u00f6nnyebb meg\u00e9rt\u00e9se \u00e9s \u00e1tl\u00e1that\u00f3bb\u00e1 t\u00e9tele \u00e9rdek\u00e9ben egyszer\u0171s\u00edtett\u00fck \u00e9s struktur\u00e1ltuk a t\u00e1j\u00e9koztat\u00e1st: Hogyan v\u00e1s\u00e1roljon egyszer\u0171en \u00e9s biztons\u00e1gosan? A term\u00e9k megtal\u00e1l\u00e1sa Haszn\u00e1lja a keres\u0151mez\u0151t a k\u00edv\u00e1nt term\u00e9k gyors megtal\u00e1l\u00e1s\u00e1hoz vagy b\u00f6ng\u00e9sszen a term\u00e9kkateg\u00f3ri\u00e1k k\u00f6z\u00f6tt. Kos\u00e1rba helyez\u00e9s Miut\u00e1n megtal\u00e1lta \u00e9s kiv\u00e1lasztotta a k\u00edv\u00e1nt term\u00e9ket, kattintson a &#8222;Kos\u00e1rba teszem&#8221; gombra, hogy hozz\u00e1adja a kosar\u00e1hoz. T\u00f6bb term\u00e9ket is hozz\u00e1adhat k\u00fcl\u00f6nb\u00f6z\u0151 kateg\u00f3ri\u00e1kb\u00f3l. Kos\u00e1r ellen\u0151rz\u00e9se A kos\u00e1rban lehet\u0151s\u00e9ge van \u00e1ttekinteni a hozz\u00e1adott term\u00e9keket, m\u00f3dos\u00edtani a mennyis\u00e9geket, vagy elt\u00e1vol\u00edtani term\u00e9keket, ha sz\u00fcks\u00e9ges. A rendel\u00e9s v\u00e9gleges\u00edt\u00e9se T\u00f6ltse ki a sz\u00e1ml\u00e1z\u00e1si, illetve sz\u00e1ll\u00edt\u00e1si adatokat, \u00e9s v\u00e1lassza ki a prefer\u00e1lt fizet\u00e9si m\u00f3dot (Bankk\u00e1rtya, Banki \u00c1tutal\u00e1s). Olvassa el \u00e9s fogadja el a felt\u00e9teleket a megfelel\u0151 jel\u00f6l\u0151n\u00e9gyzet bejel\u00f6l\u00e9s\u00e9vel. K\u00fcldje el a rendel\u00e9st a &#8222;Megrendel\u00e9s&#8221; gomb haszn\u00e1lat\u00e1val. E-mailben visszaigazol\u00e1st fog kapni. Fizet\u00e9si lehet\u0151s\u00e9gek Az online fizet\u00e9shez adja meg a k\u00e1rtya adatait a hiteles\u00edtett oldalon, amely maxim\u00e1lis biztons\u00e1got ny\u00fajt a \u201c3-D Secure\u201d rendszerrel. Elfogadunk Visa, Visa Electron, MasterCard \u00e9s Maestro k\u00e1rty\u00e1kat. Hogyan &hellip; Folytatva","og_url":"https:\/\/esemineu.ro\/hu\/fizetes-es-szallitas\/","og_site_name":"eSemineu","article_publisher":"https:\/\/web.facebook.com\/eSemineu","article_modified_time":"2025-05-30T07:35:18+00:00","twitter_card":"summary_large_image","twitter_misc":{"Becs\u00fclt olvas\u00e1si id\u0151":"6 perc"},"schema":{"@context":"https:\/\/schema.org","@graph":[{"@type":"WebPage","@id":"https:\/\/esemineu.ro\/hu\/fizetes-es-szallitas\/","url":"https:\/\/esemineu.ro\/hu\/fizetes-es-szallitas\/","name":"Fizet\u00e9s \u00e9s sz\u00e1ll\u00edt\u00e1s - eSemineu","isPartOf":{"@id":"https:\/\/esemineu.ro\/hu\/#website"},"datePublished":"2021-06-29T04:39:55+00:00","dateModified":"2025-05-30T07:35:18+00:00","breadcrumb":{"@id":"https:\/\/esemineu.ro\/hu\/fizetes-es-szallitas\/#breadcrumb"},"inLanguage":"hu","potentialAction":[{"@type":"ReadAction","target":["https:\/\/esemineu.ro\/hu\/fizetes-es-szallitas\/"]}]},{"@type":"BreadcrumbList","@id":"https:\/\/esemineu.ro\/hu\/fizetes-es-szallitas\/#breadcrumb","itemListElement":[{"@type":"ListItem","position":1,"name":"Kezd\u0151lap","item":"https:\/\/esemineu.ro\/hu\/"},{"@type":"ListItem","position":2,"name":"Fizet\u00e9s \u00e9s sz\u00e1ll\u00edt\u00e1s"}]},{"@type":"WebSite","@id":"https:\/\/esemineu.ro\/hu\/#website","url":"https:\/\/esemineu.ro\/hu\/","name":"eSemineu","description":"\u0218eminee de cea mai \u00eenalt\u0103 calitate","potentialAction":[{"@type":"SearchAction","target":{"@type":"EntryPoint","urlTemplate":"https:\/\/esemineu.ro\/hu\/?s={search_term_string}"},"query-input":{"@type":"PropertyValueSpecification","valueRequired":true,"valueName":"search_term_string"}}],"inLanguage":"hu"}]}},"_links":{"self":[{"href":"https:\/\/esemineu.ro\/hu\/wp-json\/wp\/v2\/pages\/5101","targetHints":{"allow":["GET"]}}],"collection":[{"href":"https:\/\/esemineu.ro\/hu\/wp-json\/wp\/v2\/pages"}],"about":[{"href":"https:\/\/esemineu.ro\/hu\/wp-json\/wp\/v2\/types\/page"}],"author":[{"embeddable":true,"href":"https:\/\/esemineu.ro\/hu\/wp-json\/wp\/v2\/users\/380"}],"replies":[{"embeddable":true,"href":"https:\/\/esemineu.ro\/hu\/wp-json\/wp\/v2\/comments?post=5101"}],"version-history":[{"count":0,"href":"https:\/\/esemineu.ro\/hu\/wp-json\/wp\/v2\/pages\/5101\/revisions"}],"wp:attachment":[{"href":"https:\/\/esemineu.ro\/hu\/wp-json\/wp\/v2\/media?parent=5101"}],"curies":[{"name":"wp","href":"https:\/\/api.w.org\/{rel}","templated":true}]}}