{"id":5100,"date":"2021-03-22T05:03:18","date_gmt":"2021-03-22T02:03:18","guid":{"rendered":"https:\/\/esemineu.ro\/adatvedelmi-nyilatkozat\/"},"modified":"2023-08-28T11:42:10","modified_gmt":"2023-08-28T08:42:10","slug":"adatvedelmi-nyilatkozat","status":"publish","type":"page","link":"https:\/\/esemineu.ro\/hu\/adatvedelmi-nyilatkozat\/","title":{"rendered":"Adatv\u00e9delmi nyilatkozat"},"content":{"rendered":"<h1>Adatv\u00e9delmi ir\u00e1nyelvek<\/h1>\n<h2>Mi a GDPR \u00e9s mit jelent \u00d6nnek?<\/h2>\n<p>A GDPR (\u00e1ltal\u00e1nos adatv\u00e9delmi rendelet) \u00e9lesen vitatott t\u00e9ma a v\u00e1llalatokn\u00e1l, mert 2018. m\u00e1jus 25-t\u0151l kezd\u0151d\u0151en hat\u00e1lyba l\u00e9p az egy\u00e9nek szem\u00e9lyes adatok feldolgoz\u00e1sa v\u00e9delm\u00e9r\u0151l sz\u00f3l\u00f3 2016\/679 \/ EU rendelet, \u00e9s a szabad mozg\u00e1s ezen adatoknak az Eur\u00f3pai Uni\u00f3 valamennyi \u00e1llama fogja alkalmazni.<\/p>\n<p>Minden szervezetnek &#8211; korm\u00e1nyzati, nonprofit, \u00e1rukat \u00e9s szolg\u00e1ltat\u00e1st ny\u00fajt\u00f3 vagy az EU-ban m\u0171k\u00f6d\u0151, illetve az EU lak\u00f3ira vonatkoz\u00f3 adatokat gy\u0171jt\u0151 \u00e9s elemz\u0151 &#8211; szervezetnek v\u00e9denie kell a szem\u00e9lyes adatokat, b\u00e1rhol tov\u00e1bb\u00edtj\u00e1k, feldolgozz\u00e1k vagy t\u00e1rolj\u00e1k \u0151ket.<\/p>\n<p>Az SC Electro-pont Group SRL megfelel a 2016\/679 \/ EU rendelet rendelkez\u00e9seinek, amely sz\u00e1mos el\u0151nyt \u00e9s jogot k\u00edn\u00e1l \u00d6nnek:<\/p>\n<h2>Milyen jogaim vannak?<\/h2>\n<p>A rendelet t\u00f6bb jogot ad azoknak a szem\u00e9lyeknek, akiknek a szem\u00e9lyes adatait feldolgozz\u00e1k, p\u00e9ld\u00e1ul a hordozhat\u00f3s\u00e1ghoz vagy a szem\u00e9lyes adatok t\u00f6rl\u00e9s\u00e9hez val\u00f3 jogot. Itt van egy r\u00f6vid \u00e1ttekint\u00e9s a jogair\u00f3l:<\/p>\n<p>Az adatfeldolgoz\u00e1ssal kapcsolatos inform\u00e1ci\u00f3k \u00e9s a feldolgozott adatok m\u00e1solat\u00e1nak megszerz\u00e9s\u00e9nek joga (hozz\u00e1f\u00e9r\u00e9si jog, GDPR 15. cikk).<\/p>\n<p>A pontatlan adatok helyesb\u00edt\u00e9s\u00e9nek vagy hi\u00e1nyos adatok kit\u00f6lt\u00e9s\u00e9nek k\u00e9relmez\u00e9s\u00e9nek joga (hozz\u00e1f\u00e9r\u00e9si jog, GDPR 16. cikk).<\/p>\n<p>A szem\u00e9lyes adatok t\u00f6rl\u00e9s\u00e9nek k\u00e9relmez\u00e9s\u00e9nek joga e-mailben az electropont1@gmail.com c\u00edmre t\u00f6rt\u00e9n\u0151 megkeres\u00e9ssel \u00e9s ha a szem\u00e9lyes adatokat nyilv\u00e1noss\u00e1gra hozt\u00e1k, a t\u00f6rl\u00e9s ir\u00e1nti k\u00e9relemmel kapcsolatos inform\u00e1ci\u00f3kat tov\u00e1bb\u00edtsa m\u00e1s \u00fczemeltet\u0151knek (t\u00f6rl\u00e9s joga, 17. cikk GDPR),<\/p>\n<p>Az adatkezel\u00e9s korl\u00e1toz\u00e1s\u00e1nak k\u00e9relmez\u00e9s\u00e9nek joga (a feldolgoz\u00e1s korl\u00e1toz\u00e1s\u00e1hoz val\u00f3 jog, GDPR 18. cikk)<\/p>\n<p>Az \u00e9rintettre vonatkoz\u00f3 szem\u00e9lyes adatok struktur\u00e1lt, \u00e1ltal\u00e1nosan haszn\u00e1lt \u00e9s g\u00e9ppel olvashat\u00f3 form\u00e1tumban t\u00f6rt\u00e9n\u0151 fogad\u00e1s\u00e1nak joga, valamint az ilyen adatok tov\u00e1bb\u00edt\u00e1s\u00e1nak k\u00e9r\u00e9se egy m\u00e1sik adatkezel\u0151h\u00f6z (adat\u00e1tviteli jog, GDPR 20. cikk)<\/p>\n<p>Az adatkezel\u00e9snek a feldolgoz\u00e1s le\u00e1ll\u00edt\u00e1sa c\u00e9lj\u00e1b\u00f3l t\u00f6rt\u00e9n\u0151 tiltakoz\u00e1s\u00e1nak joga (tiltakoz\u00e1si jog, GDPR 21. cikk).<\/p>\n<p>A hozz\u00e1j\u00e1rul\u00e1s alapj\u00e1n b\u00e1rmikor visszavonhatja az adatkezel\u00e9s le\u00e1ll\u00edt\u00e1sa \u00e9rdek\u00e9ben adott beleegyez\u00e9s\u00e9t. A visszavon\u00e1s nem \u00e9rinti a visszavon\u00e1s el\u0151tt adott hozz\u00e1j\u00e1rul\u00e1son alapul\u00f3 adatkezel\u00e9s jogszer\u0171s\u00e9g\u00e9t (a hozz\u00e1j\u00e1rul\u00e1s visszavon\u00e1s\u00e1nak joga, GDPR 7. cikk).<\/p>\n<p>Panasz beny\u00fajt\u00e1s\u00e1nak joga a fel\u00fcgyeleti hat\u00f3s\u00e1ghoz, ha \u00fagy \u00edt\u00e9li meg, hogy az adatok feldolgoz\u00e1sa s\u00e9rti a GDPR-t (panasz beny\u00fajt\u00e1s\u00e1nak joga a fel\u00fcgyeleti hat\u00f3s\u00e1ghoz, GDPR 77. cikk).<\/p>\n<h2>Az SC Electro-pont Group SRL a k\u00f6vetkez\u0151 adatokat haszn\u00e1lja fel:<\/h2>\n<p>&#8211; a titoktart\u00e1s tiszteletben tart\u00e1sa a feldolgoz\u00e1sukkal kapcsolatban (a titoktart\u00e1si k\u00f6telezetts\u00e9g akkor is fennmarad, ha az \u00fcgyf\u00e9l b\u00e1rmilyen \u00fczleti kapcsolatot megk\u00f6t a t\u00e1rsas\u00e1gunkkal);<\/p>\n<p>&#8211; kiz\u00e1r\u00f3lag az \u00fcgyf\u00e9llel szemben fenn\u00e1ll\u00f3 k\u00f6telezetts\u00e9gek teljes\u00edt\u00e9s\u00e9re, kiz\u00e1rva marketing c\u00e9lokra vagy a v\u00e1llalat term\u00e9keinek vagy szolg\u00e1ltat\u00e1sainak prom\u00f3ci\u00f3j\u00e1ra, kiv\u00e9ve, ha az ut\u00f3bbiaknak erre jogi k\u00f6telezetts\u00e9ge van (pl. jelent\u00e9si k\u00f6telezetts\u00e9g a k\u00fcl\u00f6nb\u00f6z\u0151 hat\u00f3s\u00e1gok fel\u00e9);<\/p>\n<p>&#8211; fut\u00e1rc\u00e9gekkel val\u00f3 kapcsolatokban csak a term\u00e9kek v\u00e9gs\u0151 fogyaszt\u00f3hoz t\u00f6rt\u00e9n\u0151 eljuttat\u00e1s\u00e1hoz sz\u00fcks\u00e9ges szem\u00e9lyes adatok megad\u00e1sa;<\/p>\n<p>&#8211; a hat\u00e1lyos nemzeti jogszab\u00e1lyoknak, valamint a 2016\/679 \/ EU rendeletnek megfelel\u0151en.<\/p>\n","protected":false},"excerpt":{"rendered":"<p>Adatv\u00e9delmi ir\u00e1nyelvek Mi a GDPR \u00e9s mit jelent \u00d6nnek? A GDPR (\u00e1ltal\u00e1nos adatv\u00e9delmi rendelet) \u00e9lesen vitatott t\u00e9ma a v\u00e1llalatokn\u00e1l, mert 2018. m\u00e1jus 25-t\u0151l kezd\u0151d\u0151en hat\u00e1lyba l\u00e9p az egy\u00e9nek szem\u00e9lyes adatok feldolgoz\u00e1sa v\u00e9delm\u00e9r\u0151l sz\u00f3l\u00f3 2016\/679 \/ EU rendelet, \u00e9s a szabad mozg\u00e1s ezen adatoknak az Eur\u00f3pai Uni\u00f3 valamennyi \u00e1llama fogja alkalmazni. Minden szervezetnek &#8211; korm\u00e1nyzati, nonprofit, \u00e1rukat \u00e9s szolg\u00e1ltat\u00e1st ny\u00fajt\u00f3 vagy az EU-ban m\u0171k\u00f6d\u0151, illetve az EU lak\u00f3ira vonatkoz\u00f3 adatokat gy\u0171jt\u0151 \u00e9s elemz\u0151 &#8211; szervezetnek v\u00e9denie kell a szem\u00e9lyes adatokat, b\u00e1rhol tov\u00e1bb\u00edtj\u00e1k, feldolgozz\u00e1k vagy t\u00e1rolj\u00e1k \u0151ket. Az SC Electro-pont Group SRL megfelel a 2016\/679 \/ EU rendelet rendelkez\u00e9seinek, amely sz\u00e1mos el\u0151nyt \u00e9s jogot k\u00edn\u00e1l \u00d6nnek: Milyen jogaim vannak? A rendelet t\u00f6bb jogot ad azoknak a szem\u00e9lyeknek, akiknek a szem\u00e9lyes adatait feldolgozz\u00e1k, p\u00e9ld\u00e1ul a hordozhat\u00f3s\u00e1ghoz vagy a szem\u00e9lyes adatok t\u00f6rl\u00e9s\u00e9hez val\u00f3 jogot. Itt van egy r\u00f6vid \u00e1ttekint\u00e9s a jogair\u00f3l: Az adatfeldolgoz\u00e1ssal kapcsolatos inform\u00e1ci\u00f3k \u00e9s a feldolgozott adatok m\u00e1solat\u00e1nak megszerz\u00e9s\u00e9nek joga (hozz\u00e1f\u00e9r\u00e9si jog, &hellip; <a href=\"https:\/\/esemineu.ro\/hu\/adatvedelmi-nyilatkozat\/\">Folytatva<\/a><\/p>\n","protected":false},"author":1,"featured_media":4363,"parent":0,"menu_order":0,"comment_status":"closed","ping_status":"closed","template":"","meta":{"footnotes":""},"class_list":["post-5100","page","type-page","status-publish","has-post-thumbnail","hentry"],"acf":[],"yoast_head":"<!-- This site is optimized with the Yoast SEO Premium plugin v21.0 (Yoast SEO v27.3) - https:\/\/yoast.com\/product\/yoast-seo-premium-wordpress\/ -->\n<title>Adatv\u00e9delmi nyilatkozat - eSemineu<\/title>\n<meta name=\"robots\" content=\"index, follow, max-snippet:-1, max-image-preview:large, max-video-preview:-1\" \/>\n<link rel=\"canonical\" href=\"https:\/\/esemineu.ro\/hu\/adatvedelmi-nyilatkozat\/\" \/>\n<meta property=\"og:locale\" content=\"hu_HU\" \/>\n<meta property=\"og:type\" content=\"article\" \/>\n<meta property=\"og:title\" content=\"Adatv\u00e9delmi nyilatkozat - eSemineu\" \/>\n<meta property=\"og:description\" content=\"Adatv\u00e9delmi ir\u00e1nyelvek Mi a GDPR \u00e9s mit jelent \u00d6nnek? A GDPR (\u00e1ltal\u00e1nos adatv\u00e9delmi rendelet) \u00e9lesen vitatott t\u00e9ma a v\u00e1llalatokn\u00e1l, mert 2018. m\u00e1jus 25-t\u0151l kezd\u0151d\u0151en hat\u00e1lyba l\u00e9p az egy\u00e9nek szem\u00e9lyes adatok feldolgoz\u00e1sa v\u00e9delm\u00e9r\u0151l sz\u00f3l\u00f3 2016\/679 \/ EU rendelet, \u00e9s a szabad mozg\u00e1s ezen adatoknak az Eur\u00f3pai Uni\u00f3 valamennyi \u00e1llama fogja alkalmazni. Minden szervezetnek &#8211; korm\u00e1nyzati, nonprofit, \u00e1rukat \u00e9s szolg\u00e1ltat\u00e1st ny\u00fajt\u00f3 vagy az EU-ban m\u0171k\u00f6d\u0151, illetve az EU lak\u00f3ira vonatkoz\u00f3 adatokat gy\u0171jt\u0151 \u00e9s elemz\u0151 &#8211; szervezetnek v\u00e9denie kell a szem\u00e9lyes adatokat, b\u00e1rhol tov\u00e1bb\u00edtj\u00e1k, feldolgozz\u00e1k vagy t\u00e1rolj\u00e1k \u0151ket. Az SC Electro-pont Group SRL megfelel a 2016\/679 \/ EU rendelet rendelkez\u00e9seinek, amely sz\u00e1mos el\u0151nyt \u00e9s jogot k\u00edn\u00e1l \u00d6nnek: Milyen jogaim vannak? A rendelet t\u00f6bb jogot ad azoknak a szem\u00e9lyeknek, akiknek a szem\u00e9lyes adatait feldolgozz\u00e1k, p\u00e9ld\u00e1ul a hordozhat\u00f3s\u00e1ghoz vagy a szem\u00e9lyes adatok t\u00f6rl\u00e9s\u00e9hez val\u00f3 jogot. Itt van egy r\u00f6vid \u00e1ttekint\u00e9s a jogair\u00f3l: Az adatfeldolgoz\u00e1ssal kapcsolatos inform\u00e1ci\u00f3k \u00e9s a feldolgozott adatok m\u00e1solat\u00e1nak megszerz\u00e9s\u00e9nek joga (hozz\u00e1f\u00e9r\u00e9si jog, &hellip; Folytatva\" \/>\n<meta property=\"og:url\" content=\"https:\/\/esemineu.ro\/hu\/adatvedelmi-nyilatkozat\/\" \/>\n<meta property=\"og:site_name\" content=\"eSemineu\" \/>\n<meta property=\"article:publisher\" content=\"https:\/\/web.facebook.com\/eSemineu\" \/>\n<meta property=\"article:modified_time\" content=\"2023-08-28T08:42:10+00:00\" \/>\n<meta property=\"og:image\" content=\"https:\/\/esemineu.ro\/wp-content\/uploads\/2023\/08\/esemineu-seo-featured-image.jpg\" \/>\n\t<meta property=\"og:image:width\" content=\"846\" \/>\n\t<meta property=\"og:image:height\" content=\"441\" \/>\n\t<meta property=\"og:image:type\" content=\"image\/jpeg\" \/>\n<meta name=\"twitter:card\" content=\"summary_large_image\" \/>\n<meta name=\"twitter:label1\" content=\"Becs\u00fclt olvas\u00e1si id\u0151\" \/>\n\t<meta name=\"twitter:data1\" content=\"3 perc\" \/>\n<script type=\"application\/ld+json\" class=\"yoast-schema-graph\">{\"@context\":\"https:\\\/\\\/schema.org\",\"@graph\":[{\"@type\":\"WebPage\",\"@id\":\"https:\\\/\\\/esemineu.ro\\\/hu\\\/adatvedelmi-nyilatkozat\\\/\",\"url\":\"https:\\\/\\\/esemineu.ro\\\/hu\\\/adatvedelmi-nyilatkozat\\\/\",\"name\":\"Adatv\u00e9delmi nyilatkozat - eSemineu\",\"isPartOf\":{\"@id\":\"https:\\\/\\\/esemineu.ro\\\/hu\\\/#website\"},\"primaryImageOfPage\":{\"@id\":\"https:\\\/\\\/esemineu.ro\\\/hu\\\/adatvedelmi-nyilatkozat\\\/#primaryimage\"},\"image\":{\"@id\":\"https:\\\/\\\/esemineu.ro\\\/hu\\\/adatvedelmi-nyilatkozat\\\/#primaryimage\"},\"thumbnailUrl\":\"https:\\\/\\\/esemineu.ro\\\/wp-content\\\/uploads\\\/2023\\\/08\\\/esemineu-seo-featured-image.jpg\",\"datePublished\":\"2021-03-22T02:03:18+00:00\",\"dateModified\":\"2023-08-28T08:42:10+00:00\",\"breadcrumb\":{\"@id\":\"https:\\\/\\\/esemineu.ro\\\/hu\\\/adatvedelmi-nyilatkozat\\\/#breadcrumb\"},\"inLanguage\":\"hu\",\"potentialAction\":[{\"@type\":\"ReadAction\",\"target\":[\"https:\\\/\\\/esemineu.ro\\\/hu\\\/adatvedelmi-nyilatkozat\\\/\"]}]},{\"@type\":\"ImageObject\",\"inLanguage\":\"hu\",\"@id\":\"https:\\\/\\\/esemineu.ro\\\/hu\\\/adatvedelmi-nyilatkozat\\\/#primaryimage\",\"url\":\"https:\\\/\\\/esemineu.ro\\\/wp-content\\\/uploads\\\/2023\\\/08\\\/esemineu-seo-featured-image.jpg\",\"contentUrl\":\"https:\\\/\\\/esemineu.ro\\\/wp-content\\\/uploads\\\/2023\\\/08\\\/esemineu-seo-featured-image.jpg\",\"width\":846,\"height\":441},{\"@type\":\"BreadcrumbList\",\"@id\":\"https:\\\/\\\/esemineu.ro\\\/hu\\\/adatvedelmi-nyilatkozat\\\/#breadcrumb\",\"itemListElement\":[{\"@type\":\"ListItem\",\"position\":1,\"name\":\"Kezd\u0151lap\",\"item\":\"https:\\\/\\\/esemineu.ro\\\/hu\\\/\"},{\"@type\":\"ListItem\",\"position\":2,\"name\":\"Adatv\u00e9delmi nyilatkozat\"}]},{\"@type\":\"WebSite\",\"@id\":\"https:\\\/\\\/esemineu.ro\\\/hu\\\/#website\",\"url\":\"https:\\\/\\\/esemineu.ro\\\/hu\\\/\",\"name\":\"eSemineu\",\"description\":\"\u0218eminee de cea mai \u00eenalt\u0103 calitate\",\"potentialAction\":[{\"@type\":\"SearchAction\",\"target\":{\"@type\":\"EntryPoint\",\"urlTemplate\":\"https:\\\/\\\/esemineu.ro\\\/hu\\\/?s={search_term_string}\"},\"query-input\":{\"@type\":\"PropertyValueSpecification\",\"valueRequired\":true,\"valueName\":\"search_term_string\"}}],\"inLanguage\":\"hu\"}]}<\/script>\n<!-- \/ Yoast SEO Premium plugin. -->","yoast_head_json":{"title":"Adatv\u00e9delmi nyilatkozat - eSemineu","robots":{"index":"index","follow":"follow","max-snippet":"max-snippet:-1","max-image-preview":"max-image-preview:large","max-video-preview":"max-video-preview:-1"},"canonical":"https:\/\/esemineu.ro\/hu\/adatvedelmi-nyilatkozat\/","og_locale":"hu_HU","og_type":"article","og_title":"Adatv\u00e9delmi nyilatkozat - eSemineu","og_description":"Adatv\u00e9delmi ir\u00e1nyelvek Mi a GDPR \u00e9s mit jelent \u00d6nnek? A GDPR (\u00e1ltal\u00e1nos adatv\u00e9delmi rendelet) \u00e9lesen vitatott t\u00e9ma a v\u00e1llalatokn\u00e1l, mert 2018. m\u00e1jus 25-t\u0151l kezd\u0151d\u0151en hat\u00e1lyba l\u00e9p az egy\u00e9nek szem\u00e9lyes adatok feldolgoz\u00e1sa v\u00e9delm\u00e9r\u0151l sz\u00f3l\u00f3 2016\/679 \/ EU rendelet, \u00e9s a szabad mozg\u00e1s ezen adatoknak az Eur\u00f3pai Uni\u00f3 valamennyi \u00e1llama fogja alkalmazni. Minden szervezetnek &#8211; korm\u00e1nyzati, nonprofit, \u00e1rukat \u00e9s szolg\u00e1ltat\u00e1st ny\u00fajt\u00f3 vagy az EU-ban m\u0171k\u00f6d\u0151, illetve az EU lak\u00f3ira vonatkoz\u00f3 adatokat gy\u0171jt\u0151 \u00e9s elemz\u0151 &#8211; szervezetnek v\u00e9denie kell a szem\u00e9lyes adatokat, b\u00e1rhol tov\u00e1bb\u00edtj\u00e1k, feldolgozz\u00e1k vagy t\u00e1rolj\u00e1k \u0151ket. Az SC Electro-pont Group SRL megfelel a 2016\/679 \/ EU rendelet rendelkez\u00e9seinek, amely sz\u00e1mos el\u0151nyt \u00e9s jogot k\u00edn\u00e1l \u00d6nnek: Milyen jogaim vannak? A rendelet t\u00f6bb jogot ad azoknak a szem\u00e9lyeknek, akiknek a szem\u00e9lyes adatait feldolgozz\u00e1k, p\u00e9ld\u00e1ul a hordozhat\u00f3s\u00e1ghoz vagy a szem\u00e9lyes adatok t\u00f6rl\u00e9s\u00e9hez val\u00f3 jogot. Itt van egy r\u00f6vid \u00e1ttekint\u00e9s a jogair\u00f3l: Az adatfeldolgoz\u00e1ssal kapcsolatos inform\u00e1ci\u00f3k \u00e9s a feldolgozott adatok m\u00e1solat\u00e1nak megszerz\u00e9s\u00e9nek joga (hozz\u00e1f\u00e9r\u00e9si jog, &hellip; Folytatva","og_url":"https:\/\/esemineu.ro\/hu\/adatvedelmi-nyilatkozat\/","og_site_name":"eSemineu","article_publisher":"https:\/\/web.facebook.com\/eSemineu","article_modified_time":"2023-08-28T08:42:10+00:00","og_image":[{"width":846,"height":441,"url":"https:\/\/esemineu.ro\/wp-content\/uploads\/2023\/08\/esemineu-seo-featured-image.jpg","type":"image\/jpeg"}],"twitter_card":"summary_large_image","twitter_misc":{"Becs\u00fclt olvas\u00e1si id\u0151":"3 perc"},"schema":{"@context":"https:\/\/schema.org","@graph":[{"@type":"WebPage","@id":"https:\/\/esemineu.ro\/hu\/adatvedelmi-nyilatkozat\/","url":"https:\/\/esemineu.ro\/hu\/adatvedelmi-nyilatkozat\/","name":"Adatv\u00e9delmi nyilatkozat - eSemineu","isPartOf":{"@id":"https:\/\/esemineu.ro\/hu\/#website"},"primaryImageOfPage":{"@id":"https:\/\/esemineu.ro\/hu\/adatvedelmi-nyilatkozat\/#primaryimage"},"image":{"@id":"https:\/\/esemineu.ro\/hu\/adatvedelmi-nyilatkozat\/#primaryimage"},"thumbnailUrl":"https:\/\/esemineu.ro\/wp-content\/uploads\/2023\/08\/esemineu-seo-featured-image.jpg","datePublished":"2021-03-22T02:03:18+00:00","dateModified":"2023-08-28T08:42:10+00:00","breadcrumb":{"@id":"https:\/\/esemineu.ro\/hu\/adatvedelmi-nyilatkozat\/#breadcrumb"},"inLanguage":"hu","potentialAction":[{"@type":"ReadAction","target":["https:\/\/esemineu.ro\/hu\/adatvedelmi-nyilatkozat\/"]}]},{"@type":"ImageObject","inLanguage":"hu","@id":"https:\/\/esemineu.ro\/hu\/adatvedelmi-nyilatkozat\/#primaryimage","url":"https:\/\/esemineu.ro\/wp-content\/uploads\/2023\/08\/esemineu-seo-featured-image.jpg","contentUrl":"https:\/\/esemineu.ro\/wp-content\/uploads\/2023\/08\/esemineu-seo-featured-image.jpg","width":846,"height":441},{"@type":"BreadcrumbList","@id":"https:\/\/esemineu.ro\/hu\/adatvedelmi-nyilatkozat\/#breadcrumb","itemListElement":[{"@type":"ListItem","position":1,"name":"Kezd\u0151lap","item":"https:\/\/esemineu.ro\/hu\/"},{"@type":"ListItem","position":2,"name":"Adatv\u00e9delmi nyilatkozat"}]},{"@type":"WebSite","@id":"https:\/\/esemineu.ro\/hu\/#website","url":"https:\/\/esemineu.ro\/hu\/","name":"eSemineu","description":"\u0218eminee de cea mai \u00eenalt\u0103 calitate","potentialAction":[{"@type":"SearchAction","target":{"@type":"EntryPoint","urlTemplate":"https:\/\/esemineu.ro\/hu\/?s={search_term_string}"},"query-input":{"@type":"PropertyValueSpecification","valueRequired":true,"valueName":"search_term_string"}}],"inLanguage":"hu"}]}},"_links":{"self":[{"href":"https:\/\/esemineu.ro\/hu\/wp-json\/wp\/v2\/pages\/5100","targetHints":{"allow":["GET"]}}],"collection":[{"href":"https:\/\/esemineu.ro\/hu\/wp-json\/wp\/v2\/pages"}],"about":[{"href":"https:\/\/esemineu.ro\/hu\/wp-json\/wp\/v2\/types\/page"}],"author":[{"embeddable":true,"href":"https:\/\/esemineu.ro\/hu\/wp-json\/wp\/v2\/users\/1"}],"replies":[{"embeddable":true,"href":"https:\/\/esemineu.ro\/hu\/wp-json\/wp\/v2\/comments?post=5100"}],"version-history":[{"count":0,"href":"https:\/\/esemineu.ro\/hu\/wp-json\/wp\/v2\/pages\/5100\/revisions"}],"wp:featuredmedia":[{"embeddable":true,"href":"https:\/\/esemineu.ro\/hu\/wp-json\/wp\/v2\/media\/4363"}],"wp:attachment":[{"href":"https:\/\/esemineu.ro\/hu\/wp-json\/wp\/v2\/media?parent=5100"}],"curies":[{"name":"wp","href":"https:\/\/api.w.org\/{rel}","templated":true}]}}